{"id":3,"date":"2024-08-30T12:40:37","date_gmt":"2024-08-30T12:40:37","guid":{"rendered":"https:\/\/motormind.ee\/?page_id=3"},"modified":"2025-08-17T16:43:49","modified_gmt":"2025-08-17T16:43:49","slug":"privacy-policy","status":"publish","type":"page","link":"https:\/\/motormind.ee\/ru\/privacy-policy\/","title":{"rendered":"Privacy Policy"},"content":{"rendered":"<div data-elementor-type=\"wp-page\" data-elementor-id=\"3\" class=\"elementor elementor-3\" data-elementor-post-type=\"page\">\n\t\t\t\t<div class=\"elementor-element elementor-element-1db0a43d e-flex e-con-boxed e-con e-parent\" data-id=\"1db0a43d\" data-element_type=\"container\" data-e-type=\"container\">\n\t\t\t\t\t<div class=\"e-con-inner\">\n\t\t\t\t<div class=\"elementor-element elementor-element-2944a9e5 elementor-widget elementor-widget-text-editor\" data-id=\"2944a9e5\" data-element_type=\"widget\" data-e-type=\"widget\" data-widget_type=\"text-editor.default\">\n\t\t\t\t<div class=\"elementor-widget-container\">\n\t\t\t\t\t\t\t\t\t\n<h1 class=\"wp-block-heading\" data-start=\"259\" data-end=\"300\">Privaatsustingimused \u2013 Motormind e-pood<\/h1>\n<h2 data-start=\"302\" data-end=\"319\">1. \u00dclds\u00e4tted<\/h2>\n<p data-start=\"320\" data-end=\"653\">1.1. K\u00e4esolevad privaatsustingimused selgitavad, kuidas O\u00dc Motormind (registrikood: XXXXXXXX, aadress: XXXXXXXX, e-post: <a class=\"cursor-pointer\" rel=\"noopener\" data-start=\"441\" data-end=\"458\">info@motormind.ee<\/a>, edaspidi <strong data-start=\"469\" data-end=\"478\">M\u00fc\u00fcja<\/strong>) t\u00f6\u00f6tleb ja kaitseb Kliendi isikuandmeid.<br data-start=\"520\" data-end=\"523\" \/>1.2. Tingimused kehtivad k\u00f5igi Kliendi isikuandmete t\u00f6\u00f6tlemisel, mis on seotud ostude ja teenuste kasutamisega Motormind e-poes.<\/p>\n<h2 data-start=\"655\" data-end=\"681\">2. T\u00f6\u00f6deldavad andmed<\/h2>\n<p data-start=\"682\" data-end=\"721\">M\u00fc\u00fcja v\u00f5ib t\u00f6\u00f6delda j\u00e4rgmisi andmeid:<\/p>\n<ul data-start=\"722\" data-end=\"929\">\n<li data-start=\"722\" data-end=\"748\">\n<p data-start=\"724\" data-end=\"748\">ees- ja perekonnanimi;<\/p>\n<\/li>\n<li data-start=\"749\" data-end=\"808\">\n<p data-start=\"751\" data-end=\"808\">kontaktandmed (telefon, e-posti aadress, tarneaadress);<\/p>\n<\/li>\n<li data-start=\"809\" data-end=\"868\">\n<p data-start=\"811\" data-end=\"868\">ostude ajalugu ja makseandmed (arve number, makseviis);<\/p>\n<\/li>\n<li data-start=\"869\" data-end=\"929\">\n<p data-start=\"871\" data-end=\"929\">kliendisuhtluse andmed (p\u00e4ringud, kaebused, tagasiside).<\/p>\n<\/li>\n<\/ul>\n<h2 data-start=\"931\" data-end=\"959\">3. T\u00f6\u00f6tlemise eesm\u00e4rgid<\/h2>\n<p data-start=\"960\" data-end=\"987\">Isikuandmeid kasutatakse:<\/p>\n<ul data-start=\"988\" data-end=\"1231\">\n<li data-start=\"988\" data-end=\"1039\">\n<p data-start=\"990\" data-end=\"1039\">tellimuste t\u00f6\u00f6tlemiseks ja kohaletoimetamiseks;<\/p>\n<\/li>\n<li data-start=\"1040\" data-end=\"1111\">\n<p data-start=\"1042\" data-end=\"1111\">kliendisuhtluse haldamiseks (p\u00e4ringutele vastamine, pretensioonid);<\/p>\n<\/li>\n<li data-start=\"1112\" data-end=\"1152\">\n<p data-start=\"1114\" data-end=\"1152\">raamatupidamiskohustuste t\u00e4itmiseks;<\/p>\n<\/li>\n<li data-start=\"1153\" data-end=\"1231\">\n<p data-start=\"1155\" data-end=\"1231\">turunduslikel eesm\u00e4rkidel vaid Kliendi eelneval n\u00f5usolekul (nt uudiskiri).<\/p>\n<\/li>\n<\/ul>\n<h2 data-start=\"1233\" data-end=\"1254\">4. \u00d5iguslik alus<\/h2>\n<p data-start=\"1255\" data-end=\"1289\">Isikuandmete t\u00f6\u00f6tlemine p\u00f5hineb:<\/p>\n<ul data-start=\"1290\" data-end=\"1429\">\n<li data-start=\"1290\" data-end=\"1333\">\n<p data-start=\"1292\" data-end=\"1333\">lepingul (ostu-m\u00fc\u00fcgi tehingu t\u00e4itmine);<\/p>\n<\/li>\n<li data-start=\"1334\" data-end=\"1394\">\n<p data-start=\"1336\" data-end=\"1394\">seadusest tuleneval kohustusel (raamatupidamise seadus);<\/p>\n<\/li>\n<li data-start=\"1395\" data-end=\"1429\">\n<p data-start=\"1397\" data-end=\"1429\">Kliendi n\u00f5usolekul (turundus).<\/p>\n<\/li>\n<\/ul>\n<h2 data-start=\"1431\" data-end=\"1482\">5. Andmete edastamine kolmandatele osapooltele<\/h2>\n<p data-start=\"1483\" data-end=\"1560\">5.1. M\u00fc\u00fcja ei edasta Kliendi andmeid kolmandatele isikutele, v\u00e4lja arvatud:<\/p>\n<ul data-start=\"1561\" data-end=\"1750\">\n<li data-start=\"1561\" data-end=\"1641\">\n<p data-start=\"1563\" data-end=\"1641\">tarneteenuse pakkujatele (nt Omniva, Itella, DPD) kauba kohaletoimetamiseks;<\/p>\n<\/li>\n<li data-start=\"1642\" data-end=\"1697\">\n<p data-start=\"1644\" data-end=\"1697\">makseteenuse pakkujatele (pangad, makselahendused);<\/p>\n<\/li>\n<li data-start=\"1698\" data-end=\"1750\">\n<p data-start=\"1700\" data-end=\"1750\">seadusest tulenevatel juhtudel (nt maksuhaldur).<\/p>\n<\/li>\n<\/ul>\n<h2 data-start=\"1752\" data-end=\"1779\">6. Andmete s\u00e4ilitamine<\/h2>\n<p data-start=\"1780\" data-end=\"1964\">6.1. Isikuandmeid s\u00e4ilitatakse seni, kuni see on vajalik t\u00f6\u00f6tlemise eesm\u00e4rkide t\u00e4itmiseks v\u00f5i seadusega etten\u00e4htud t\u00e4htaja l\u00f5puni.<br data-start=\"1910\" data-end=\"1913\" \/>6.2. Raamatupidamisandmeid s\u00e4ilitatakse 7 aastat.<\/p>\n<h2 data-start=\"1966\" data-end=\"1989\">7. Kliendi \u00f5igused<\/h2>\n<p data-start=\"1990\" data-end=\"2010\">Kliendil on \u00f5igus:<\/p>\n<ul data-start=\"2011\" data-end=\"2342\">\n<li data-start=\"2011\" data-end=\"2062\">\n<p data-start=\"2013\" data-end=\"2062\">saada teavet oma isikuandmete t\u00f6\u00f6tlemise kohta;<\/p>\n<\/li>\n<li data-start=\"2063\" data-end=\"2103\">\n<p data-start=\"2065\" data-end=\"2103\">n\u00f5uda eba\u00f5igete andmete parandamist;<\/p>\n<\/li>\n<li data-start=\"2104\" data-end=\"2182\">\n<p data-start=\"2106\" data-end=\"2182\">n\u00f5uda andmete kustutamist (\u201e\u00f5igus olla unustatud\u201c), kui seadus seda lubab;<\/p>\n<\/li>\n<li data-start=\"2183\" data-end=\"2239\">\n<p data-start=\"2185\" data-end=\"2239\">piirata andmete t\u00f6\u00f6tlemist v\u00f5i esitada vastuv\u00e4iteid;<\/p>\n<\/li>\n<li data-start=\"2240\" data-end=\"2286\">\n<p data-start=\"2242\" data-end=\"2286\">v\u00f5tta tagasi antud n\u00f5usolek (nt turundus);<\/p>\n<\/li>\n<li data-start=\"2287\" data-end=\"2342\">\n<p data-start=\"2289\" data-end=\"2342\">p\u00f6\u00f6rduda Andmekaitse Inspektsiooni v\u00f5i kohtu poole.<\/p>\n<\/li>\n<\/ul>\n<h2 data-start=\"2344\" data-end=\"2362\">8. Turvalisus<\/h2>\n<p data-start=\"2363\" data-end=\"2495\">M\u00fc\u00fcja rakendab k\u00f5iki m\u00f5istlikke meetmeid Kliendi isikuandmete kaitseks volitamata juurdep\u00e4\u00e4su, kaotsimineku v\u00f5i v\u00e4\u00e4rkasutuse eest.<\/p>\n<h2 data-start=\"2497\" data-end=\"2523\">9. K\u00fcpsised (Cookies)<\/h2>\n<p data-start=\"2524\" data-end=\"2732\">9.1. E-pood kasutab k\u00fcpsiseid kasutajakogemuse parandamiseks ja veebiliikluse anal\u00fc\u00fcsimiseks.<br data-start=\"2617\" data-end=\"2620\" \/>9.2. Klient v\u00f5ib oma veebibrauseris k\u00fcpsiste kasutamise keelata, kuid see v\u00f5ib piirata e-poe funktsionaalsust.<\/p>\n<h2 data-start=\"2734\" data-end=\"2750\">10. Kontakt<\/h2>\n<p data-start=\"2751\" data-end=\"2836\">Isikuandmete t\u00f6\u00f6tlemisega seotud k\u00fcsimustes palume p\u00f6\u00f6rduda:<br data-start=\"2811\" data-end=\"2814\" \/>\ud83d\udce7 <a class=\"cursor-pointer\" rel=\"noopener\" data-start=\"2817\" data-end=\"2834\">info@motormind.ee<\/a><\/p>\t\t\t\t\t\t\t\t<\/div>\n\t\t\t\t<\/div>\n\t\t\t\t\t<\/div>\n\t\t\t\t<\/div>\n\t\t\t\t<\/div>","protected":false},"excerpt":{"rendered":"<p>Privaatsustingimused \u2013 Motormind e-pood 1. \u00dclds\u00e4tted 1.1. K\u00e4esolevad privaatsustingimused selgitavad, kuidas O\u00dc Motormind (registrikood: XXXXXXXX, aadress: XXXXXXXX, e-post: info@motormind.ee, edaspidi M\u00fc\u00fcja) t\u00f6\u00f6tleb ja kaitseb Kliendi isikuandmeid.1.2. Tingimused kehtivad k\u00f5igi Kliendi isikuandmete t\u00f6\u00f6tlemisel, mis on seotud ostude ja teenuste kasutamisega Motormind e-poes. 2. T\u00f6\u00f6deldavad andmed M\u00fc\u00fcja v\u00f5ib t\u00f6\u00f6delda j\u00e4rgmisi andmeid: ees- ja perekonnanimi; kontaktandmed (telefon, e-posti [&hellip;]<\/p>\n","protected":false},"author":1,"featured_media":0,"parent":0,"menu_order":0,"comment_status":"closed","ping_status":"open","template":"elementor_header_footer","meta":{"footnotes":""},"class_list":["post-3","page","type-page","status-publish","hentry"],"yoast_head":"<!-- This site is optimized with the Yoast SEO plugin v27.4 - https:\/\/yoast.com\/product\/yoast-seo-wordpress\/ -->\n<title>Privacy Policy - Motormind<\/title>\n<meta name=\"robots\" content=\"index, follow, max-snippet:-1, max-image-preview:large, max-video-preview:-1\" \/>\n<link rel=\"canonical\" href=\"https:\/\/motormind.ee\/ru\/privacy-policy\/\" \/>\n<meta property=\"og:locale\" content=\"ru_RU\" \/>\n<meta property=\"og:type\" content=\"article\" \/>\n<meta property=\"og:title\" content=\"Privacy Policy - Motormind\" \/>\n<meta property=\"og:description\" content=\"Privaatsustingimused \u2013 Motormind e-pood 1. \u00dclds\u00e4tted 1.1. K\u00e4esolevad privaatsustingimused selgitavad, kuidas O\u00dc Motormind (registrikood: XXXXXXXX, aadress: XXXXXXXX, e-post: info@motormind.ee, edaspidi M\u00fc\u00fcja) t\u00f6\u00f6tleb ja kaitseb Kliendi isikuandmeid.1.2. Tingimused kehtivad k\u00f5igi Kliendi isikuandmete t\u00f6\u00f6tlemisel, mis on seotud ostude ja teenuste kasutamisega Motormind e-poes. 2. T\u00f6\u00f6deldavad andmed M\u00fc\u00fcja v\u00f5ib t\u00f6\u00f6delda j\u00e4rgmisi andmeid: ees- ja perekonnanimi; kontaktandmed (telefon, e-posti [&hellip;]\" \/>\n<meta property=\"og:url\" content=\"https:\/\/motormind.ee\/ru\/privacy-policy\/\" \/>\n<meta property=\"og:site_name\" content=\"Motormind\" \/>\n<meta property=\"article:modified_time\" content=\"2025-08-17T16:43:49+00:00\" \/>\n<meta name=\"twitter:card\" content=\"summary_large_image\" \/>\n<meta name=\"twitter:label1\" content=\"\u041f\u0440\u0438\u043c\u0435\u0440\u043d\u043e\u0435 \u0432\u0440\u0435\u043c\u044f \u0434\u043b\u044f \u0447\u0442\u0435\u043d\u0438\u044f\" \/>\n\t<meta name=\"twitter:data1\" content=\"2 \u043c\u0438\u043d\u0443\u0442\u044b\" \/>\n<script type=\"application\/ld+json\" class=\"yoast-schema-graph\">{\"@context\":\"https:\\\/\\\/schema.org\",\"@graph\":[{\"@type\":\"WebPage\",\"@id\":\"https:\\\/\\\/motormind.ee\\\/privacy-policy\\\/\",\"url\":\"https:\\\/\\\/motormind.ee\\\/privacy-policy\\\/\",\"name\":\"Privacy Policy - Motormind\",\"isPartOf\":{\"@id\":\"https:\\\/\\\/motormind.ee\\\/#website\"},\"datePublished\":\"2024-08-30T12:40:37+00:00\",\"dateModified\":\"2025-08-17T16:43:49+00:00\",\"breadcrumb\":{\"@id\":\"https:\\\/\\\/motormind.ee\\\/privacy-policy\\\/#breadcrumb\"},\"inLanguage\":\"ru-RU\",\"potentialAction\":[{\"@type\":\"ReadAction\",\"target\":[\"https:\\\/\\\/motormind.ee\\\/privacy-policy\\\/\"]}]},{\"@type\":\"BreadcrumbList\",\"@id\":\"https:\\\/\\\/motormind.ee\\\/privacy-policy\\\/#breadcrumb\",\"itemListElement\":[{\"@type\":\"ListItem\",\"position\":1,\"name\":\"\u0413\u043b\u0430\u0432\u043d\u0430\u044f \u0441\u0442\u0440\u0430\u043d\u0438\u0446\u0430\",\"item\":\"https:\\\/\\\/motormind.ee\\\/\"},{\"@type\":\"ListItem\",\"position\":2,\"name\":\"Privacy Policy\"}]},{\"@type\":\"WebSite\",\"@id\":\"https:\\\/\\\/motormind.ee\\\/#website\",\"url\":\"https:\\\/\\\/motormind.ee\\\/\",\"name\":\"Motormind\",\"description\":\"&Otilde;pi r&otilde;&otilde;muga, &otilde;pi m&auml;ngides!\",\"potentialAction\":[{\"@type\":\"SearchAction\",\"target\":{\"@type\":\"EntryPoint\",\"urlTemplate\":\"https:\\\/\\\/motormind.ee\\\/?s={search_term_string}\"},\"query-input\":{\"@type\":\"PropertyValueSpecification\",\"valueRequired\":true,\"valueName\":\"search_term_string\"}}],\"inLanguage\":\"ru-RU\"}]}<\/script>\n<!-- \/ Yoast SEO plugin. -->","yoast_head_json":{"title":"Privacy Policy - Motormind","robots":{"index":"index","follow":"follow","max-snippet":"max-snippet:-1","max-image-preview":"max-image-preview:large","max-video-preview":"max-video-preview:-1"},"canonical":"https:\/\/motormind.ee\/ru\/privacy-policy\/","og_locale":"ru_RU","og_type":"article","og_title":"Privacy Policy - Motormind","og_description":"Privaatsustingimused \u2013 Motormind e-pood 1. \u00dclds\u00e4tted 1.1. K\u00e4esolevad privaatsustingimused selgitavad, kuidas O\u00dc Motormind (registrikood: XXXXXXXX, aadress: XXXXXXXX, e-post: info@motormind.ee, edaspidi M\u00fc\u00fcja) t\u00f6\u00f6tleb ja kaitseb Kliendi isikuandmeid.1.2. Tingimused kehtivad k\u00f5igi Kliendi isikuandmete t\u00f6\u00f6tlemisel, mis on seotud ostude ja teenuste kasutamisega Motormind e-poes. 2. T\u00f6\u00f6deldavad andmed M\u00fc\u00fcja v\u00f5ib t\u00f6\u00f6delda j\u00e4rgmisi andmeid: ees- ja perekonnanimi; kontaktandmed (telefon, e-posti [&hellip;]","og_url":"https:\/\/motormind.ee\/ru\/privacy-policy\/","og_site_name":"Motormind","article_modified_time":"2025-08-17T16:43:49+00:00","twitter_card":"summary_large_image","twitter_misc":{"\u041f\u0440\u0438\u043c\u0435\u0440\u043d\u043e\u0435 \u0432\u0440\u0435\u043c\u044f \u0434\u043b\u044f \u0447\u0442\u0435\u043d\u0438\u044f":"2 \u043c\u0438\u043d\u0443\u0442\u044b"},"schema":{"@context":"https:\/\/schema.org","@graph":[{"@type":"WebPage","@id":"https:\/\/motormind.ee\/privacy-policy\/","url":"https:\/\/motormind.ee\/privacy-policy\/","name":"Privacy Policy - Motormind","isPartOf":{"@id":"https:\/\/motormind.ee\/#website"},"datePublished":"2024-08-30T12:40:37+00:00","dateModified":"2025-08-17T16:43:49+00:00","breadcrumb":{"@id":"https:\/\/motormind.ee\/privacy-policy\/#breadcrumb"},"inLanguage":"ru-RU","potentialAction":[{"@type":"ReadAction","target":["https:\/\/motormind.ee\/privacy-policy\/"]}]},{"@type":"BreadcrumbList","@id":"https:\/\/motormind.ee\/privacy-policy\/#breadcrumb","itemListElement":[{"@type":"ListItem","position":1,"name":"\u0413\u043b\u0430\u0432\u043d\u0430\u044f \u0441\u0442\u0440\u0430\u043d\u0438\u0446\u0430","item":"https:\/\/motormind.ee\/"},{"@type":"ListItem","position":2,"name":"Privacy Policy"}]},{"@type":"WebSite","@id":"https:\/\/motormind.ee\/#website","url":"https:\/\/motormind.ee\/","name":"Motormind","description":"&Otilde;pi r&otilde;&otilde;muga, &otilde;pi m&auml;ngides!","potentialAction":[{"@type":"SearchAction","target":{"@type":"EntryPoint","urlTemplate":"https:\/\/motormind.ee\/?s={search_term_string}"},"query-input":{"@type":"PropertyValueSpecification","valueRequired":true,"valueName":"search_term_string"}}],"inLanguage":"ru-RU"}]}},"_links":{"self":[{"href":"https:\/\/motormind.ee\/ru\/wp-json\/wp\/v2\/pages\/3","targetHints":{"allow":["GET"]}}],"collection":[{"href":"https:\/\/motormind.ee\/ru\/wp-json\/wp\/v2\/pages"}],"about":[{"href":"https:\/\/motormind.ee\/ru\/wp-json\/wp\/v2\/types\/page"}],"author":[{"embeddable":true,"href":"https:\/\/motormind.ee\/ru\/wp-json\/wp\/v2\/users\/1"}],"replies":[{"embeddable":true,"href":"https:\/\/motormind.ee\/ru\/wp-json\/wp\/v2\/comments?post=3"}],"version-history":[{"count":4,"href":"https:\/\/motormind.ee\/ru\/wp-json\/wp\/v2\/pages\/3\/revisions"}],"predecessor-version":[{"id":3150,"href":"https:\/\/motormind.ee\/ru\/wp-json\/wp\/v2\/pages\/3\/revisions\/3150"}],"wp:attachment":[{"href":"https:\/\/motormind.ee\/ru\/wp-json\/wp\/v2\/media?parent=3"}],"curies":[{"name":"wp","href":"https:\/\/api.w.org\/{rel}","templated":true}]}}