{"id":3141,"date":"2025-08-17T16:40:57","date_gmt":"2025-08-17T16:40:57","guid":{"rendered":"https:\/\/motormind.ee\/?page_id=3141"},"modified":"2025-08-17T16:41:58","modified_gmt":"2025-08-17T16:41:58","slug":"tarne-ja-tagastus","status":"publish","type":"page","link":"https:\/\/motormind.ee\/ru\/tarne-ja-tagastus\/","title":{"rendered":"\u0414\u043e\u0441\u0442\u0430\u0432\u043a\u0430 \u0438 \u0432\u043e\u0437\u0432\u0440\u0430\u0442\u044b"},"content":{"rendered":"<div data-elementor-type=\"wp-page\" data-elementor-id=\"3141\" class=\"elementor elementor-3141\" data-elementor-post-type=\"page\">\n\t\t\t\t<div class=\"elementor-element elementor-element-05d2e52 e-flex e-con-boxed e-con e-parent\" data-id=\"05d2e52\" data-element_type=\"container\" data-e-type=\"container\">\n\t\t\t\t\t<div class=\"e-con-inner\">\n\t\t\t\t<div class=\"elementor-element elementor-element-72ad996 elementor-widget elementor-widget-text-editor\" data-id=\"72ad996\" data-element_type=\"widget\" data-e-type=\"widget\" data-widget_type=\"text-editor.default\">\n\t\t\t\t<div class=\"elementor-widget-container\">\n\t\t\t\t\t\t\t\t\t<h1 data-start=\"255\" data-end=\"274\">\u0414\u043e\u0441\u0442\u0430\u0432\u043a\u0430 \u0438 \u0432\u043e\u0437\u0432\u0440\u0430\u0442\u044b<\/h1><h2 data-start=\"276\" data-end=\"284\">Tarne<\/h2><ul data-start=\"285\" data-end=\"793\"><li data-start=\"285\" data-end=\"383\"><p data-start=\"287\" data-end=\"383\">Kaupu tarnime Eesti piires pakiautomaatide (Omniva, Itella SmartPOST, DPD) ja kullerteenusega.<\/p><\/li><li data-start=\"384\" data-end=\"513\"><p data-start=\"386\" data-end=\"513\">Tellimused t\u00e4idetakse \u00fcldjuhul 1\u20133 t\u00f6\u00f6p\u00e4eva jooksul p\u00e4rast makse laekumist. Kui kaup ei ole laos, teavitame sellest koheselt.<\/p><\/li><li data-start=\"514\" data-end=\"591\"><p data-start=\"516\" data-end=\"591\">Tarneaeg s\u00f5ltub sihtkohast ja transpordiviisist, tavaliselt 2\u20135 t\u00f6\u00f6p\u00e4eva.<\/p><\/li><li data-start=\"592\" data-end=\"713\"><p data-start=\"594\" data-end=\"713\">Kohaletoimetamise tasu lisandub ostusummale vastavalt valitud tarnemeetodile ja kuvatakse enne tellimuse kinnitamist.<\/p><\/li><li data-start=\"714\" data-end=\"793\"><p data-start=\"716\" data-end=\"793\">\u00dcle 100 \u20ac tellimused toimetame kohale tasuta (kui ei ole m\u00e4rgitud teisiti).<\/p><\/li><\/ul><h2 data-start=\"795\" data-end=\"806\">Tagastus<\/h2><ul data-start=\"807\" data-end=\"1459\"><li data-start=\"807\" data-end=\"934\"><p data-start=\"809\" data-end=\"934\">Vastavalt v\u00f5la\u00f5igusseadusele on tarbijal \u00f5igus lepingust taganeda ja kaup 14 p\u00e4eva jooksul alates k\u00e4ttesaamisest tagastada.<\/p><\/li><li data-start=\"935\" data-end=\"1048\"><p data-start=\"937\" data-end=\"1048\">Tagastamiseks peab kaup olema kasutamata, originaalpakendis ja samas seisukorras, nagu see oli k\u00e4ttesaamisel.<\/p><\/li><li data-start=\"1049\" data-end=\"1156\"><p data-start=\"1051\" data-end=\"1156\">Tagastamise kulud kannab Klient, v\u00e4lja arvatud juhul, kui tagastamise p\u00f5hjus on defektne v\u00f5i vale kaup.<\/p><\/li><li data-start=\"1157\" data-end=\"1234\"><p data-start=\"1159\" data-end=\"1234\">Taganemisavalduse palume saata e-posti aadressile: <strong data-start=\"1210\" data-end=\"1231\"><a class=\"cursor-pointer\" rel=\"noopener\" data-start=\"1212\" data-end=\"1229\">info@motormind.ee<\/a><\/strong>.<\/p><\/li><li data-start=\"1235\" data-end=\"1313\"><p data-start=\"1237\" data-end=\"1313\">Raha tagastatakse 14 p\u00e4eva jooksul alates tagastatud kauba k\u00e4ttesaamisest.<\/p><\/li><li data-start=\"1314\" data-end=\"1459\"><p data-start=\"1316\" data-end=\"1459\">Kui tagastatud kaup on kahjustatud v\u00f5i kasutusj\u00e4lgedega, on M\u00fc\u00fcjal \u00f5igus v\u00e4hendada tagastatavat summat vastavalt kauba v\u00e4\u00e4rtuse v\u00e4henemisele.<\/p><\/li><\/ul>\t\t\t\t\t\t\t\t<\/div>\n\t\t\t\t<\/div>\n\t\t\t\t\t<\/div>\n\t\t\t\t<\/div>\n\t\t\t\t<\/div>","protected":false},"excerpt":{"rendered":"<p>Tarne ja tagastus Tarne Kaupu tarnime Eesti piires pakiautomaatide (Omniva, Itella SmartPOST, DPD) ja kullerteenusega. Tellimused t\u00e4idetakse \u00fcldjuhul 1\u20133 t\u00f6\u00f6p\u00e4eva jooksul p\u00e4rast makse laekumist. Kui kaup ei ole laos, teavitame sellest koheselt. Tarneaeg s\u00f5ltub sihtkohast ja transpordiviisist, tavaliselt 2\u20135 t\u00f6\u00f6p\u00e4eva. Kohaletoimetamise tasu lisandub ostusummale vastavalt valitud tarnemeetodile ja kuvatakse enne tellimuse kinnitamist. \u00dcle 100 \u20ac [&hellip;]<\/p>\n","protected":false},"author":1,"featured_media":0,"parent":0,"menu_order":0,"comment_status":"closed","ping_status":"closed","template":"elementor_header_footer","meta":{"footnotes":""},"class_list":["post-3141","page","type-page","status-publish","hentry"],"yoast_head":"<!-- This site is optimized with the Yoast SEO plugin v27.4 - https:\/\/yoast.com\/product\/yoast-seo-wordpress\/ -->\n<title>Tarne ja tagastus - Motormind<\/title>\n<meta name=\"robots\" content=\"noindex, nofollow\" \/>\n<meta property=\"og:locale\" content=\"ru_RU\" \/>\n<meta property=\"og:type\" content=\"article\" \/>\n<meta property=\"og:title\" content=\"Tarne ja tagastus - Motormind\" \/>\n<meta property=\"og:description\" content=\"Tarne ja tagastus Tarne Kaupu tarnime Eesti piires pakiautomaatide (Omniva, Itella SmartPOST, DPD) ja kullerteenusega. Tellimused t\u00e4idetakse \u00fcldjuhul 1\u20133 t\u00f6\u00f6p\u00e4eva jooksul p\u00e4rast makse laekumist. Kui kaup ei ole laos, teavitame sellest koheselt. Tarneaeg s\u00f5ltub sihtkohast ja transpordiviisist, tavaliselt 2\u20135 t\u00f6\u00f6p\u00e4eva. Kohaletoimetamise tasu lisandub ostusummale vastavalt valitud tarnemeetodile ja kuvatakse enne tellimuse kinnitamist. \u00dcle 100 \u20ac [&hellip;]\" \/>\n<meta property=\"og:url\" content=\"https:\/\/motormind.ee\/ru\/tarne-ja-tagastus\/\" \/>\n<meta property=\"og:site_name\" content=\"Motormind\" \/>\n<meta property=\"article:modified_time\" content=\"2025-08-17T16:41:58+00:00\" \/>\n<meta name=\"twitter:card\" content=\"summary_large_image\" \/>\n<meta name=\"twitter:label1\" content=\"\u041f\u0440\u0438\u043c\u0435\u0440\u043d\u043e\u0435 \u0432\u0440\u0435\u043c\u044f \u0434\u043b\u044f \u0447\u0442\u0435\u043d\u0438\u044f\" \/>\n\t<meta name=\"twitter:data1\" content=\"1 \u043c\u0438\u043d\u0443\u0442\u0430\" \/>\n<script type=\"application\/ld+json\" class=\"yoast-schema-graph\">{\"@context\":\"https:\\\/\\\/schema.org\",\"@graph\":[{\"@type\":\"WebPage\",\"@id\":\"https:\\\/\\\/motormind.ee\\\/tarne-ja-tagastus\\\/\",\"url\":\"https:\\\/\\\/motormind.ee\\\/tarne-ja-tagastus\\\/\",\"name\":\"Tarne ja tagastus - Motormind\",\"isPartOf\":{\"@id\":\"https:\\\/\\\/motormind.ee\\\/#website\"},\"datePublished\":\"2025-08-17T16:40:57+00:00\",\"dateModified\":\"2025-08-17T16:41:58+00:00\",\"breadcrumb\":{\"@id\":\"https:\\\/\\\/motormind.ee\\\/tarne-ja-tagastus\\\/#breadcrumb\"},\"inLanguage\":\"ru-RU\",\"potentialAction\":[{\"@type\":\"ReadAction\",\"target\":[\"https:\\\/\\\/motormind.ee\\\/tarne-ja-tagastus\\\/\"]}]},{\"@type\":\"BreadcrumbList\",\"@id\":\"https:\\\/\\\/motormind.ee\\\/tarne-ja-tagastus\\\/#breadcrumb\",\"itemListElement\":[{\"@type\":\"ListItem\",\"position\":1,\"name\":\"\u0413\u043b\u0430\u0432\u043d\u0430\u044f \u0441\u0442\u0440\u0430\u043d\u0438\u0446\u0430\",\"item\":\"https:\\\/\\\/motormind.ee\\\/\"},{\"@type\":\"ListItem\",\"position\":2,\"name\":\"Tarne ja tagastus\"}]},{\"@type\":\"WebSite\",\"@id\":\"https:\\\/\\\/motormind.ee\\\/#website\",\"url\":\"https:\\\/\\\/motormind.ee\\\/\",\"name\":\"Motormind\",\"description\":\"&Otilde;pi r&otilde;&otilde;muga, &otilde;pi m&auml;ngides!\",\"potentialAction\":[{\"@type\":\"SearchAction\",\"target\":{\"@type\":\"EntryPoint\",\"urlTemplate\":\"https:\\\/\\\/motormind.ee\\\/?s={search_term_string}\"},\"query-input\":{\"@type\":\"PropertyValueSpecification\",\"valueRequired\":true,\"valueName\":\"search_term_string\"}}],\"inLanguage\":\"ru-RU\"}]}<\/script>\n<!-- \/ Yoast SEO plugin. -->","yoast_head_json":{"title":"Tarne ja tagastus - Motormind","robots":{"index":"noindex","follow":"nofollow"},"og_locale":"ru_RU","og_type":"article","og_title":"Tarne ja tagastus - Motormind","og_description":"Tarne ja tagastus Tarne Kaupu tarnime Eesti piires pakiautomaatide (Omniva, Itella SmartPOST, DPD) ja kullerteenusega. Tellimused t\u00e4idetakse \u00fcldjuhul 1\u20133 t\u00f6\u00f6p\u00e4eva jooksul p\u00e4rast makse laekumist. Kui kaup ei ole laos, teavitame sellest koheselt. Tarneaeg s\u00f5ltub sihtkohast ja transpordiviisist, tavaliselt 2\u20135 t\u00f6\u00f6p\u00e4eva. Kohaletoimetamise tasu lisandub ostusummale vastavalt valitud tarnemeetodile ja kuvatakse enne tellimuse kinnitamist. \u00dcle 100 \u20ac [&hellip;]","og_url":"https:\/\/motormind.ee\/ru\/tarne-ja-tagastus\/","og_site_name":"Motormind","article_modified_time":"2025-08-17T16:41:58+00:00","twitter_card":"summary_large_image","twitter_misc":{"\u041f\u0440\u0438\u043c\u0435\u0440\u043d\u043e\u0435 \u0432\u0440\u0435\u043c\u044f \u0434\u043b\u044f \u0447\u0442\u0435\u043d\u0438\u044f":"1 \u043c\u0438\u043d\u0443\u0442\u0430"},"schema":{"@context":"https:\/\/schema.org","@graph":[{"@type":"WebPage","@id":"https:\/\/motormind.ee\/tarne-ja-tagastus\/","url":"https:\/\/motormind.ee\/tarne-ja-tagastus\/","name":"Tarne ja tagastus - Motormind","isPartOf":{"@id":"https:\/\/motormind.ee\/#website"},"datePublished":"2025-08-17T16:40:57+00:00","dateModified":"2025-08-17T16:41:58+00:00","breadcrumb":{"@id":"https:\/\/motormind.ee\/tarne-ja-tagastus\/#breadcrumb"},"inLanguage":"ru-RU","potentialAction":[{"@type":"ReadAction","target":["https:\/\/motormind.ee\/tarne-ja-tagastus\/"]}]},{"@type":"BreadcrumbList","@id":"https:\/\/motormind.ee\/tarne-ja-tagastus\/#breadcrumb","itemListElement":[{"@type":"ListItem","position":1,"name":"\u0413\u043b\u0430\u0432\u043d\u0430\u044f \u0441\u0442\u0440\u0430\u043d\u0438\u0446\u0430","item":"https:\/\/motormind.ee\/"},{"@type":"ListItem","position":2,"name":"Tarne ja tagastus"}]},{"@type":"WebSite","@id":"https:\/\/motormind.ee\/#website","url":"https:\/\/motormind.ee\/","name":"Motormind","description":"&Otilde;pi r&otilde;&otilde;muga, &otilde;pi m&auml;ngides!","potentialAction":[{"@type":"SearchAction","target":{"@type":"EntryPoint","urlTemplate":"https:\/\/motormind.ee\/?s={search_term_string}"},"query-input":{"@type":"PropertyValueSpecification","valueRequired":true,"valueName":"search_term_string"}}],"inLanguage":"ru-RU"}]}},"_links":{"self":[{"href":"https:\/\/motormind.ee\/ru\/wp-json\/wp\/v2\/pages\/3141","targetHints":{"allow":["GET"]}}],"collection":[{"href":"https:\/\/motormind.ee\/ru\/wp-json\/wp\/v2\/pages"}],"about":[{"href":"https:\/\/motormind.ee\/ru\/wp-json\/wp\/v2\/types\/page"}],"author":[{"embeddable":true,"href":"https:\/\/motormind.ee\/ru\/wp-json\/wp\/v2\/users\/1"}],"replies":[{"embeddable":true,"href":"https:\/\/motormind.ee\/ru\/wp-json\/wp\/v2\/comments?post=3141"}],"version-history":[{"count":4,"href":"https:\/\/motormind.ee\/ru\/wp-json\/wp\/v2\/pages\/3141\/revisions"}],"predecessor-version":[{"id":3145,"href":"https:\/\/motormind.ee\/ru\/wp-json\/wp\/v2\/pages\/3141\/revisions\/3145"}],"wp:attachment":[{"href":"https:\/\/motormind.ee\/ru\/wp-json\/wp\/v2\/media?parent=3141"}],"curies":[{"name":"wp","href":"https:\/\/api.w.org\/{rel}","templated":true}]}}