{"id":32,"date":"2024-08-31T14:26:31","date_gmt":"2024-08-31T14:26:31","guid":{"rendered":"https:\/\/motormind.ee\/?page_id=32"},"modified":"2025-01-07T19:54:29","modified_gmt":"2025-01-07T19:54:29","slug":"meist","status":"publish","type":"page","link":"https:\/\/motormind.ee\/ru\/meist\/","title":{"rendered":"\u041e \u043d\u0430\u0441"},"content":{"rendered":"<div data-elementor-type=\"wp-page\" data-elementor-id=\"32\" class=\"elementor elementor-32\" data-elementor-post-type=\"page\">\n\t\t\t\t<div class=\"elementor-element elementor-element-8d1158f e-flex e-con-boxed e-con e-parent\" data-id=\"8d1158f\" data-element_type=\"container\" data-e-type=\"container\">\n\t\t\t\t\t<div class=\"e-con-inner\">\n\t\t\t\t<div class=\"elementor-element elementor-element-5155ba5 elementor-widget elementor-widget-image\" data-id=\"5155ba5\" data-element_type=\"widget\" data-e-type=\"widget\" data-widget_type=\"image.default\">\n\t\t\t\t<div class=\"elementor-widget-container\">\n\t\t\t\t\t\t\t\t\t\t\t\t\t\t\t<img fetchpriority=\"high\" decoding=\"async\" width=\"1893\" height=\"2048\" src=\"https:\/\/motormind.ee\/wp-content\/uploads\/2025\/01\/IMG_8886-1893x2048.jpg\" class=\"attachment-2048x2048 size-2048x2048 wp-image-1624\" alt=\"\" srcset=\"https:\/\/motormind.ee\/wp-content\/uploads\/2025\/01\/IMG_8886-1893x2048.jpg 1893w, https:\/\/motormind.ee\/wp-content\/uploads\/2025\/01\/IMG_8886-277x300.jpg 277w, https:\/\/motormind.ee\/wp-content\/uploads\/2025\/01\/IMG_8886-946x1024.jpg 946w, https:\/\/motormind.ee\/wp-content\/uploads\/2025\/01\/IMG_8886-768x831.jpg 768w, https:\/\/motormind.ee\/wp-content\/uploads\/2025\/01\/IMG_8886-1420x1536.jpg 1420w, https:\/\/motormind.ee\/wp-content\/uploads\/2025\/01\/IMG_8886-11x12.jpg 11w, https:\/\/motormind.ee\/wp-content\/uploads\/2025\/01\/IMG_8886-600x649.jpg 600w\" sizes=\"(max-width: 1893px) 100vw, 1893px\" \/>\t\t\t\t\t\t\t\t\t\t\t\t\t\t\t<\/div>\n\t\t\t\t<\/div>\n\t\t\t\t\t<\/div>\n\t\t\t\t<\/div>\n\t\t<div class=\"elementor-element elementor-element-7ff87f9 e-flex e-con-boxed e-con e-parent\" data-id=\"7ff87f9\" data-element_type=\"container\" data-e-type=\"container\">\n\t\t\t\t\t<div class=\"e-con-inner\">\n\t\t\t\t<div class=\"elementor-element elementor-element-c5df4ab elementor-widget elementor-widget-heading\" data-id=\"c5df4ab\" data-element_type=\"widget\" data-e-type=\"widget\" data-widget_type=\"heading.default\">\n\t\t\t\t<div class=\"elementor-widget-container\">\n\t\t\t\t\t<h2 class=\"elementor-heading-title elementor-size-default\"><p style=\"margin: 0px;font-weight: 400;font-size: 23px;line-height: normal\"><span style=\"font-family: UICTFontTextStyleBody\">&nbsp; &nbsp; &nbsp;<\/span><\/p><p style=\"margin: 0px;font-weight: 400;font-size: 23px;line-height: normal\"><span style=\"font-family: UICTFontTextStyleBody\">MOTORMIND on ideede ja lahenduste laboratoorium. Siin lapsed kasvavad l\u00e4bi m\u00e4ngu, vanemad leiavad tuge ja teadmisi ning spetsialistid viivad ellu oma ideid ja arenevad professionaalselt. Me ei \u00f5peta lihtsalt \u2013 me loome keskkonna, kus iga laps saab oma potentsiaali loomulikult, kergelt ja r\u00f5\u00f5msalt avada.<\/span><\/p><br><p style=\"margin: 0px;font-weight: 400;font-size: 23px;line-height: normal\"><span style=\"font-family: UICTFontTextStyleBody\">Meie tunnid ei ole formaalne \u00f5petamine, vaid kaasahaarav m\u00e4nguline protsess, mis v\u00f5imaldab lastel kasvada ja areneda mugavas ning inspireerivas \u00f5hkkonnas.&nbsp;<\/span><span style=\"font-family: UICTFontTextStyleBody;text-indent: -13px;text-align: var(--text-align)\">Laps tunneb end vabalt, avastades maailma tundide kaudu, mis on loodud tema vajadusi arvestades.&nbsp;<\/span><span style=\"font-family: UICTFontTextStyleBody;text-indent: -13px;text-align: var(--text-align)\">Loome ja pakume ainulaadseid raamatuid, t\u00f6\u00f6vihikuid ja materjale, mis aitavad kodus arengut j\u00e4tkata pereringis.<\/span><\/p><\/h2>\t\t\t\t<\/div>\n\t\t\t\t<\/div>\n\t\t\t\t\t<\/div>\n\t\t\t\t<\/div>\n\t\t<div class=\"elementor-element elementor-element-c62610c e-flex e-con-boxed e-con e-parent\" data-id=\"c62610c\" data-element_type=\"container\" data-e-type=\"container\">\n\t\t\t\t\t<div class=\"e-con-inner\">\n\t\t\t\t<div class=\"elementor-element elementor-element-2255a5e elementor-widget elementor-widget-image\" data-id=\"2255a5e\" data-element_type=\"widget\" data-e-type=\"widget\" data-widget_type=\"image.default\">\n\t\t\t\t<div class=\"elementor-widget-container\">\n\t\t\t\t\t\t\t\t\t\t\t\t\t\t\t<img decoding=\"async\" width=\"1536\" height=\"2048\" src=\"https:\/\/motormind.ee\/wp-content\/uploads\/2025\/01\/IMG_8898-2-1536x2048.jpg\" class=\"attachment-2048x2048 size-2048x2048 wp-image-1639\" alt=\"\" srcset=\"https:\/\/motormind.ee\/wp-content\/uploads\/2025\/01\/IMG_8898-2-1536x2048.jpg 1536w, https:\/\/motormind.ee\/wp-content\/uploads\/2025\/01\/IMG_8898-2-225x300.jpg 225w, https:\/\/motormind.ee\/wp-content\/uploads\/2025\/01\/IMG_8898-2-768x1024.jpg 768w, https:\/\/motormind.ee\/wp-content\/uploads\/2025\/01\/IMG_8898-2-1152x1536.jpg 1152w, https:\/\/motormind.ee\/wp-content\/uploads\/2025\/01\/IMG_8898-2-9x12.jpg 9w, https:\/\/motormind.ee\/wp-content\/uploads\/2025\/01\/IMG_8898-2-600x800.jpg 600w, https:\/\/motormind.ee\/wp-content\/uploads\/2025\/01\/IMG_8898-2-scaled.jpg 1920w\" sizes=\"(max-width: 1536px) 100vw, 1536px\" \/>\t\t\t\t\t\t\t\t\t\t\t\t\t\t\t<\/div>\n\t\t\t\t<\/div>\n\t\t\t\t\t<\/div>\n\t\t\t\t<\/div>\n\t\t<div class=\"elementor-element elementor-element-2baa1e9 e-flex e-con-boxed e-con e-parent\" data-id=\"2baa1e9\" data-element_type=\"container\" data-e-type=\"container\">\n\t\t\t\t\t<div class=\"e-con-inner\">\n\t\t\t\t<div class=\"elementor-element elementor-element-12f38b4 elementor-widget elementor-widget-heading\" data-id=\"12f38b4\" data-element_type=\"widget\" data-e-type=\"widget\" data-widget_type=\"heading.default\">\n\t\t\t\t<div class=\"elementor-widget-container\">\n\t\t\t\t\t<h2 class=\"elementor-heading-title elementor-size-default\"><p style=\"margin: 0px;font-size: 23px;line-height: normal\"><span style=\"font-family: UICTFontTextStyleBody\">MotorMind aitab vanematel oma lapsi, nende vajadusi ja arenguetappe paremini m\u00f5ista.&nbsp;<\/span><span style=\"font-family: UICTFontTextStyleBody;text-indent: -13px;text-align: var(--text-align)\">Pakume praktilisi t\u00f6\u00f6riistu ja teadmisi, mis lihtsustavad kasvatust ja aitavad luua lapsele sobiva keskkonna kodus.&nbsp;<\/span><span style=\"font-family: UICTFontTextStyleBody;text-indent: -13px;text-align: var(--text-align)\">Meie materjalid ja l\u00e4henemised muudavad suhtluse lapsega huvitavaks ning tulemused on m\u00e4rgatavad.<\/span><\/p><\/h2>\t\t\t\t<\/div>\n\t\t\t\t<\/div>\n\t\t\t\t\t<\/div>\n\t\t\t\t<\/div>\n\t\t<div class=\"elementor-element elementor-element-7e995a0 e-flex e-con-boxed e-con e-parent\" data-id=\"7e995a0\" data-element_type=\"container\" data-e-type=\"container\">\n\t\t\t\t\t<div class=\"e-con-inner\">\n\t\t\t\t<div class=\"elementor-element elementor-element-189a52d elementor-widget elementor-widget-image\" data-id=\"189a52d\" data-element_type=\"widget\" data-e-type=\"widget\" data-widget_type=\"image.default\">\n\t\t\t\t<div class=\"elementor-widget-container\">\n\t\t\t\t\t\t\t\t\t\t\t\t\t\t\t<img decoding=\"async\" width=\"997\" height=\"1536\" src=\"https:\/\/motormind.ee\/wp-content\/uploads\/2025\/01\/IMG_1782-997x1536.jpg\" class=\"attachment-1536x1536 size-1536x1536 wp-image-1651\" alt=\"\" srcset=\"https:\/\/motormind.ee\/wp-content\/uploads\/2025\/01\/IMG_1782-997x1536.jpg 997w, https:\/\/motormind.ee\/wp-content\/uploads\/2025\/01\/IMG_1782-195x300.jpg 195w, https:\/\/motormind.ee\/wp-content\/uploads\/2025\/01\/IMG_1782-665x1024.jpg 665w, https:\/\/motormind.ee\/wp-content\/uploads\/2025\/01\/IMG_1782-768x1183.jpg 768w, https:\/\/motormind.ee\/wp-content\/uploads\/2025\/01\/IMG_1782-1330x2048.jpg 1330w, https:\/\/motormind.ee\/wp-content\/uploads\/2025\/01\/IMG_1782-8x12.jpg 8w, https:\/\/motormind.ee\/wp-content\/uploads\/2025\/01\/IMG_1782-600x924.jpg 600w, https:\/\/motormind.ee\/wp-content\/uploads\/2025\/01\/IMG_1782-scaled.jpg 1662w\" sizes=\"(max-width: 997px) 100vw, 997px\" \/>\t\t\t\t\t\t\t\t\t\t\t\t\t\t\t<\/div>\n\t\t\t\t<\/div>\n\t\t\t\t\t<\/div>\n\t\t\t\t<\/div>\n\t\t<div class=\"elementor-element elementor-element-d12ae7c e-flex e-con-boxed e-con e-parent\" data-id=\"d12ae7c\" data-element_type=\"container\" data-e-type=\"container\">\n\t\t\t\t\t<div class=\"e-con-inner\">\n\t\t\t\t<div class=\"elementor-element elementor-element-ca5e5d1 elementor-widget elementor-widget-heading\" data-id=\"ca5e5d1\" data-element_type=\"widget\" data-e-type=\"widget\" data-widget_type=\"heading.default\">\n\t\t\t\t<div class=\"elementor-widget-container\">\n\t\t\t\t\t<h2 class=\"elementor-heading-title elementor-size-default\"><p style=\"margin: 0px;font-weight: 400;font-size: 23px;line-height: normal\"><span style=\"font-family: UICTFontTextStyleBody\">MOTORMIND on platvorm ideede ja projektide elluviimiseks. Siin leiavad \u00f5petajad ja spetsialistid tuge, inspiratsiooni ja t\u00f6\u00f6tavad koos teiste oma v\u00e4\u00e4rtusi jagavate professionaalidega.&nbsp;<\/span><span style=\"font-family: UICTFontTextStyleBody;text-indent: -13px;text-align: var(--text-align)\">Loome tingimused, kus iga tiimiliige saab kasvada, \u00f5ppida ja oma kogemusi jagada.<\/span><\/p><p style=\"margin: 0px;font-weight: 400;font-size: 23px;line-height: normal;min-height: 29px\"><span style=\"font-family: UICTFontTextStyleBody\"><\/span><br><\/p><p style=\"margin: 0px;font-weight: 400;font-size: 23px;line-height: normal\"><span style=\"font-family: UICTFontTextStyleBody;font-weight: bold\">Kaasaegsed tehnoloogiad \u2013 meie tee osa<\/span><\/p><p style=\"margin: 0px;font-weight: 400;font-size: 23px;line-height: normal\"><span style=\"font-family: UICTFontTextStyleBody\">Oleme uhked, et liigume ajaga kaasas. Meie online-tooted h\u00f5lmavad videotreeninguid, allalaaditavaid t\u00f6\u00f6lehti ning temaatilisi veebimaratoone, mida lapsed r\u00f5\u00f5muga osalevad. Need innovatsioonid v\u00f5imaldavad meil olla peredele l\u00e4hemal ja aidata lastel areneda s\u00f5ltumata nende asukohast.<\/span><\/p><br><span style=\"font-family: UICTFontTextStyleBody;font-size: 23px;text-align: var(--text-align)\">MOTORMIND on Kids Education Laboratory, mis aitab lastel, vanematel ja spetsialistidel elada harmoonilisemalt, inspireerivamalt ja \u00f5nnelikumalt. Liitu meiega, et kinkida oma lapsele ja perele t\u00fckk meie laborist ning rikastada oma elu!<\/span><\/h2>\t\t\t\t<\/div>\n\t\t\t\t<\/div>\n\t\t\t\t\t<\/div>\n\t\t\t\t<\/div>\n\t\t<div class=\"elementor-element elementor-element-99b8594 e-flex e-con-boxed e-con e-parent\" data-id=\"99b8594\" data-element_type=\"container\" data-e-type=\"container\">\n\t\t\t\t\t<div class=\"e-con-inner\">\n\t\t\t\t<div class=\"elementor-element elementor-element-b13d996 elementor-widget elementor-widget-image\" data-id=\"b13d996\" data-element_type=\"widget\" data-e-type=\"widget\" data-widget_type=\"image.default\">\n\t\t\t\t<div class=\"elementor-widget-container\">\n\t\t\t\t\t\t\t\t\t\t\t\t\t\t\t<img loading=\"lazy\" decoding=\"async\" width=\"300\" height=\"300\" src=\"https:\/\/motormind.ee\/wp-content\/uploads\/2025\/01\/IMG_8861-300x300.jpg\" class=\"attachment-medium size-medium wp-image-1561\" alt=\"\" srcset=\"https:\/\/motormind.ee\/wp-content\/uploads\/2025\/01\/IMG_8861-300x300.jpg 300w, https:\/\/motormind.ee\/wp-content\/uploads\/2025\/01\/IMG_8861-1024x1024.jpg 1024w, https:\/\/motormind.ee\/wp-content\/uploads\/2025\/01\/IMG_8861-150x150.jpg 150w, https:\/\/motormind.ee\/wp-content\/uploads\/2025\/01\/IMG_8861-768x768.jpg 768w, https:\/\/motormind.ee\/wp-content\/uploads\/2025\/01\/IMG_8861-1536x1536.jpg 1536w, https:\/\/motormind.ee\/wp-content\/uploads\/2025\/01\/IMG_8861-12x12.jpg 12w, https:\/\/motormind.ee\/wp-content\/uploads\/2025\/01\/IMG_8861-600x600.jpg 600w, https:\/\/motormind.ee\/wp-content\/uploads\/2025\/01\/IMG_8861-100x100.jpg 100w, https:\/\/motormind.ee\/wp-content\/uploads\/2025\/01\/IMG_8861-50x50.jpg 50w, https:\/\/motormind.ee\/wp-content\/uploads\/2025\/01\/IMG_8861.jpg 2048w\" sizes=\"(max-width: 300px) 100vw, 300px\" \/>\t\t\t\t\t\t\t\t\t\t\t\t\t\t\t<\/div>\n\t\t\t\t<\/div>\n\t\t\t\t\t<\/div>\n\t\t\t\t<\/div>\n\t\t\t\t<\/div>","protected":false},"excerpt":{"rendered":"<p>&nbsp; &nbsp; &nbsp; MOTORMIND on ideede ja lahenduste laboratoorium. Siin lapsed kasvavad l\u00e4bi m\u00e4ngu, vanemad leiavad tuge ja teadmisi ning spetsialistid viivad ellu oma ideid ja arenevad professionaalselt. Me ei \u00f5peta lihtsalt \u2013 me loome keskkonna, kus iga laps saab oma potentsiaali loomulikult, kergelt ja r\u00f5\u00f5msalt avada. Meie tunnid ei ole formaalne \u00f5petamine, vaid kaasahaarav [&hellip;]<\/p>\n","protected":false},"author":1,"featured_media":0,"parent":0,"menu_order":0,"comment_status":"closed","ping_status":"closed","template":"elementor_header_footer","meta":{"footnotes":""},"class_list":["post-32","page","type-page","status-publish","hentry"],"yoast_head":"<!-- This site is optimized with the Yoast SEO plugin v27.4 - https:\/\/yoast.com\/product\/yoast-seo-wordpress\/ -->\n<title>Meist - Motormind<\/title>\n<meta name=\"robots\" content=\"index, follow, max-snippet:-1, max-image-preview:large, max-video-preview:-1\" \/>\n<link rel=\"canonical\" href=\"https:\/\/motormind.ee\/ru\/meist\/\" \/>\n<meta property=\"og:locale\" content=\"ru_RU\" \/>\n<meta property=\"og:type\" content=\"article\" \/>\n<meta property=\"og:title\" content=\"Meist - Motormind\" \/>\n<meta property=\"og:description\" content=\"&nbsp; &nbsp; &nbsp; MOTORMIND on ideede ja lahenduste laboratoorium. Siin lapsed kasvavad l\u00e4bi m\u00e4ngu, vanemad leiavad tuge ja teadmisi ning spetsialistid viivad ellu oma ideid ja arenevad professionaalselt. Me ei \u00f5peta lihtsalt \u2013 me loome keskkonna, kus iga laps saab oma potentsiaali loomulikult, kergelt ja r\u00f5\u00f5msalt avada. Meie tunnid ei ole formaalne \u00f5petamine, vaid kaasahaarav [&hellip;]\" \/>\n<meta property=\"og:url\" content=\"https:\/\/motormind.ee\/ru\/meist\/\" \/>\n<meta property=\"og:site_name\" content=\"Motormind\" \/>\n<meta property=\"article:modified_time\" content=\"2025-01-07T19:54:29+00:00\" \/>\n<meta property=\"og:image\" content=\"https:\/\/motormind.ee\/wp-content\/uploads\/2025\/01\/IMG_8886-scaled.jpg\" \/>\n\t<meta property=\"og:image:width\" content=\"2366\" \/>\n\t<meta property=\"og:image:height\" content=\"2560\" \/>\n\t<meta property=\"og:image:type\" content=\"image\/jpeg\" \/>\n<meta name=\"twitter:card\" content=\"summary_large_image\" \/>\n<meta name=\"twitter:label1\" content=\"\u041f\u0440\u0438\u043c\u0435\u0440\u043d\u043e\u0435 \u0432\u0440\u0435\u043c\u044f \u0434\u043b\u044f \u0447\u0442\u0435\u043d\u0438\u044f\" \/>\n\t<meta name=\"twitter:data1\" content=\"3 \u043c\u0438\u043d\u0443\u0442\u044b\" \/>\n<script type=\"application\/ld+json\" class=\"yoast-schema-graph\">{\"@context\":\"https:\\\/\\\/schema.org\",\"@graph\":[{\"@type\":\"WebPage\",\"@id\":\"https:\\\/\\\/motormind.ee\\\/meist\\\/\",\"url\":\"https:\\\/\\\/motormind.ee\\\/meist\\\/\",\"name\":\"Meist - Motormind\",\"isPartOf\":{\"@id\":\"https:\\\/\\\/motormind.ee\\\/#website\"},\"primaryImageOfPage\":{\"@id\":\"https:\\\/\\\/motormind.ee\\\/meist\\\/#primaryimage\"},\"image\":{\"@id\":\"https:\\\/\\\/motormind.ee\\\/meist\\\/#primaryimage\"},\"thumbnailUrl\":\"https:\\\/\\\/motormind.ee\\\/wp-content\\\/uploads\\\/2025\\\/01\\\/IMG_8886-1893x2048.jpg\",\"datePublished\":\"2024-08-31T14:26:31+00:00\",\"dateModified\":\"2025-01-07T19:54:29+00:00\",\"breadcrumb\":{\"@id\":\"https:\\\/\\\/motormind.ee\\\/meist\\\/#breadcrumb\"},\"inLanguage\":\"ru-RU\",\"potentialAction\":[{\"@type\":\"ReadAction\",\"target\":[\"https:\\\/\\\/motormind.ee\\\/meist\\\/\"]}]},{\"@type\":\"ImageObject\",\"inLanguage\":\"ru-RU\",\"@id\":\"https:\\\/\\\/motormind.ee\\\/meist\\\/#primaryimage\",\"url\":\"https:\\\/\\\/motormind.ee\\\/wp-content\\\/uploads\\\/2025\\\/01\\\/IMG_8886-1893x2048.jpg\",\"contentUrl\":\"https:\\\/\\\/motormind.ee\\\/wp-content\\\/uploads\\\/2025\\\/01\\\/IMG_8886-1893x2048.jpg\"},{\"@type\":\"BreadcrumbList\",\"@id\":\"https:\\\/\\\/motormind.ee\\\/meist\\\/#breadcrumb\",\"itemListElement\":[{\"@type\":\"ListItem\",\"position\":1,\"name\":\"\u0413\u043b\u0430\u0432\u043d\u0430\u044f \u0441\u0442\u0440\u0430\u043d\u0438\u0446\u0430\",\"item\":\"https:\\\/\\\/motormind.ee\\\/\"},{\"@type\":\"ListItem\",\"position\":2,\"name\":\"Meist\"}]},{\"@type\":\"WebSite\",\"@id\":\"https:\\\/\\\/motormind.ee\\\/#website\",\"url\":\"https:\\\/\\\/motormind.ee\\\/\",\"name\":\"Motormind\",\"description\":\"&Otilde;pi r&otilde;&otilde;muga, &otilde;pi m&auml;ngides!\",\"potentialAction\":[{\"@type\":\"SearchAction\",\"target\":{\"@type\":\"EntryPoint\",\"urlTemplate\":\"https:\\\/\\\/motormind.ee\\\/?s={search_term_string}\"},\"query-input\":{\"@type\":\"PropertyValueSpecification\",\"valueRequired\":true,\"valueName\":\"search_term_string\"}}],\"inLanguage\":\"ru-RU\"}]}<\/script>\n<!-- \/ Yoast SEO plugin. -->","yoast_head_json":{"title":"Meist - Motormind","robots":{"index":"index","follow":"follow","max-snippet":"max-snippet:-1","max-image-preview":"max-image-preview:large","max-video-preview":"max-video-preview:-1"},"canonical":"https:\/\/motormind.ee\/ru\/meist\/","og_locale":"ru_RU","og_type":"article","og_title":"Meist - Motormind","og_description":"&nbsp; &nbsp; &nbsp; MOTORMIND on ideede ja lahenduste laboratoorium. Siin lapsed kasvavad l\u00e4bi m\u00e4ngu, vanemad leiavad tuge ja teadmisi ning spetsialistid viivad ellu oma ideid ja arenevad professionaalselt. Me ei \u00f5peta lihtsalt \u2013 me loome keskkonna, kus iga laps saab oma potentsiaali loomulikult, kergelt ja r\u00f5\u00f5msalt avada. Meie tunnid ei ole formaalne \u00f5petamine, vaid kaasahaarav [&hellip;]","og_url":"https:\/\/motormind.ee\/ru\/meist\/","og_site_name":"Motormind","article_modified_time":"2025-01-07T19:54:29+00:00","og_image":[{"width":2366,"height":2560,"url":"https:\/\/motormind.ee\/wp-content\/uploads\/2025\/01\/IMG_8886-scaled.jpg","type":"image\/jpeg"}],"twitter_card":"summary_large_image","twitter_misc":{"\u041f\u0440\u0438\u043c\u0435\u0440\u043d\u043e\u0435 \u0432\u0440\u0435\u043c\u044f \u0434\u043b\u044f \u0447\u0442\u0435\u043d\u0438\u044f":"3 \u043c\u0438\u043d\u0443\u0442\u044b"},"schema":{"@context":"https:\/\/schema.org","@graph":[{"@type":"WebPage","@id":"https:\/\/motormind.ee\/meist\/","url":"https:\/\/motormind.ee\/meist\/","name":"Meist - Motormind","isPartOf":{"@id":"https:\/\/motormind.ee\/#website"},"primaryImageOfPage":{"@id":"https:\/\/motormind.ee\/meist\/#primaryimage"},"image":{"@id":"https:\/\/motormind.ee\/meist\/#primaryimage"},"thumbnailUrl":"https:\/\/motormind.ee\/wp-content\/uploads\/2025\/01\/IMG_8886-1893x2048.jpg","datePublished":"2024-08-31T14:26:31+00:00","dateModified":"2025-01-07T19:54:29+00:00","breadcrumb":{"@id":"https:\/\/motormind.ee\/meist\/#breadcrumb"},"inLanguage":"ru-RU","potentialAction":[{"@type":"ReadAction","target":["https:\/\/motormind.ee\/meist\/"]}]},{"@type":"ImageObject","inLanguage":"ru-RU","@id":"https:\/\/motormind.ee\/meist\/#primaryimage","url":"https:\/\/motormind.ee\/wp-content\/uploads\/2025\/01\/IMG_8886-1893x2048.jpg","contentUrl":"https:\/\/motormind.ee\/wp-content\/uploads\/2025\/01\/IMG_8886-1893x2048.jpg"},{"@type":"BreadcrumbList","@id":"https:\/\/motormind.ee\/meist\/#breadcrumb","itemListElement":[{"@type":"ListItem","position":1,"name":"\u0413\u043b\u0430\u0432\u043d\u0430\u044f \u0441\u0442\u0440\u0430\u043d\u0438\u0446\u0430","item":"https:\/\/motormind.ee\/"},{"@type":"ListItem","position":2,"name":"Meist"}]},{"@type":"WebSite","@id":"https:\/\/motormind.ee\/#website","url":"https:\/\/motormind.ee\/","name":"Motormind","description":"&Otilde;pi r&otilde;&otilde;muga, &otilde;pi m&auml;ngides!","potentialAction":[{"@type":"SearchAction","target":{"@type":"EntryPoint","urlTemplate":"https:\/\/motormind.ee\/?s={search_term_string}"},"query-input":{"@type":"PropertyValueSpecification","valueRequired":true,"valueName":"search_term_string"}}],"inLanguage":"ru-RU"}]}},"_links":{"self":[{"href":"https:\/\/motormind.ee\/ru\/wp-json\/wp\/v2\/pages\/32","targetHints":{"allow":["GET"]}}],"collection":[{"href":"https:\/\/motormind.ee\/ru\/wp-json\/wp\/v2\/pages"}],"about":[{"href":"https:\/\/motormind.ee\/ru\/wp-json\/wp\/v2\/types\/page"}],"author":[{"embeddable":true,"href":"https:\/\/motormind.ee\/ru\/wp-json\/wp\/v2\/users\/1"}],"replies":[{"embeddable":true,"href":"https:\/\/motormind.ee\/ru\/wp-json\/wp\/v2\/comments?post=32"}],"version-history":[{"count":34,"href":"https:\/\/motormind.ee\/ru\/wp-json\/wp\/v2\/pages\/32\/revisions"}],"predecessor-version":[{"id":1666,"href":"https:\/\/motormind.ee\/ru\/wp-json\/wp\/v2\/pages\/32\/revisions\/1666"}],"wp:attachment":[{"href":"https:\/\/motormind.ee\/ru\/wp-json\/wp\/v2\/media?parent=32"}],"curies":[{"name":"wp","href":"https:\/\/api.w.org\/{rel}","templated":true}]}}