{"id":3480,"date":"2025-10-07T16:24:20","date_gmt":"2025-10-07T16:24:20","guid":{"rendered":"https:\/\/motormind.ee\/?page_id=3480"},"modified":"2025-10-07T16:44:29","modified_gmt":"2025-10-07T16:44:29","slug":"blogi","status":"publish","type":"page","link":"https:\/\/motormind.ee\/ru\/blogi\/","title":{"rendered":"blogi"},"content":{"rendered":"<div data-elementor-type=\"wp-page\" data-elementor-id=\"3480\" class=\"elementor elementor-3480\" data-elementor-post-type=\"page\">\n\t\t\t\t<div class=\"elementor-element elementor-element-c1f977a e-flex e-con-boxed e-con e-parent\" data-id=\"c1f977a\" data-element_type=\"container\" data-e-type=\"container\">\n\t\t\t\t\t<div class=\"e-con-inner\">\n\t\t\t\t<div class=\"elementor-element elementor-element-6402ed5 elementor-widget elementor-widget-heading\" data-id=\"6402ed5\" data-element_type=\"widget\" data-e-type=\"widget\" data-widget_type=\"heading.default\">\n\t\t\t\t<div class=\"elementor-widget-container\">\n\t\t\t\t\t<h1 class=\"elementor-heading-title elementor-size-default\">Blogi<\/h1>\t\t\t\t<\/div>\n\t\t\t\t<\/div>\n\t\t\t\t<div class=\"elementor-element elementor-element-251ad59 elementor-grid-3 elementor-grid-tablet-2 elementor-grid-mobile-1 elementor-posts--thumbnail-top elementor-card-shadow-yes elementor-posts__hover-gradient elementor-widget elementor-widget-posts\" data-id=\"251ad59\" data-element_type=\"widget\" data-e-type=\"widget\" data-settings=\"{&quot;cards_columns&quot;:&quot;3&quot;,&quot;cards_columns_tablet&quot;:&quot;2&quot;,&quot;cards_columns_mobile&quot;:&quot;1&quot;,&quot;cards_row_gap&quot;:{&quot;unit&quot;:&quot;px&quot;,&quot;size&quot;:35,&quot;sizes&quot;:[]},&quot;cards_row_gap_tablet&quot;:{&quot;unit&quot;:&quot;px&quot;,&quot;size&quot;:&quot;&quot;,&quot;sizes&quot;:[]},&quot;cards_row_gap_mobile&quot;:{&quot;unit&quot;:&quot;px&quot;,&quot;size&quot;:&quot;&quot;,&quot;sizes&quot;:[]}}\" data-widget_type=\"posts.cards\">\n\t\t\t\t<div class=\"elementor-widget-container\">\n\t\t\t\t\t\t\t<div class=\"elementor-posts-container elementor-posts elementor-posts--skin-cards elementor-grid\">\n\t\t\t\t<article class=\"elementor-post elementor-grid-item post-3510 post type-post status-publish format-standard has-post-thumbnail hentry category-uncategorized\">\n\t\t\t<div class=\"elementor-post__card\">\n\t\t\t\t<a class=\"elementor-post__thumbnail__link\" href=\"https:\/\/motormind.ee\/ru\/uncategorized\/opime-aastaid-tundma-varvide-ja-roomsate-seoste-abil\/\" tabindex=\"-1\" ><div class=\"elementor-post__thumbnail\"><img fetchpriority=\"high\" decoding=\"async\" width=\"768\" height=\"584\" src=\"https:\/\/motormind.ee\/wp-content\/uploads\/2025\/10\/476561820_1331554714645997_9180678567268784674_n-768x584.jpg\" class=\"attachment-medium_large size-medium_large wp-image-3511\" alt=\"\" srcset=\"https:\/\/motormind.ee\/wp-content\/uploads\/2025\/10\/476561820_1331554714645997_9180678567268784674_n-768x584.jpg 768w, https:\/\/motormind.ee\/wp-content\/uploads\/2025\/10\/476561820_1331554714645997_9180678567268784674_n-300x228.jpg 300w, https:\/\/motormind.ee\/wp-content\/uploads\/2025\/10\/476561820_1331554714645997_9180678567268784674_n-1024x779.jpg 1024w, https:\/\/motormind.ee\/wp-content\/uploads\/2025\/10\/476561820_1331554714645997_9180678567268784674_n-1536x1168.jpg 1536w, https:\/\/motormind.ee\/wp-content\/uploads\/2025\/10\/476561820_1331554714645997_9180678567268784674_n-16x12.jpg 16w, https:\/\/motormind.ee\/wp-content\/uploads\/2025\/10\/476561820_1331554714645997_9180678567268784674_n-600x456.jpg 600w, https:\/\/motormind.ee\/wp-content\/uploads\/2025\/10\/476561820_1331554714645997_9180678567268784674_n.jpg 2048w\" sizes=\"(max-width: 768px) 100vw, 768px\" \/><\/div><\/a>\n\t\t\t\t<div class=\"elementor-post__text\">\n\t\t\t\t<h3 class=\"elementor-post__title\">\n\t\t\t<a href=\"https:\/\/motormind.ee\/ru\/uncategorized\/opime-aastaid-tundma-varvide-ja-roomsate-seoste-abil\/\" >\n\t\t\t\t\u00d5pime aastaid tundma v\u00e4rvide ja r\u00f5\u00f5msate seoste abil\t\t\t<\/a>\n\t\t<\/h3>\n\t\t\t\t<div class=\"elementor-post__excerpt\">\n\t\t\t<p>Siin kujutatu abil aitan lastel m\u00f5ista aasta struktuuri ja seda, mis on aastaajad ja kuud. Minu eesm\u00e4rk on anda lastele mitte ainult teadmisi, vaid ka selge skeem ja visuaalne kujutis, kuidas aasta on \u00fcles ehitatud.<\/p>\n\t\t<\/div>\n\t\t\n\t\t<a class=\"elementor-post__read-more\" href=\"https:\/\/motormind.ee\/ru\/uncategorized\/opime-aastaid-tundma-varvide-ja-roomsate-seoste-abil\/\" aria-label=\"Read more about \u00d5pime aastaid tundma v\u00e4rvide ja r\u00f5\u00f5msate seoste abil\" tabindex=\"-1\" >\n\t\t\tLoe l\u00e4hemalt \u00bb\t\t<\/a>\n\n\t\t\t\t<\/div>\n\t\t\t\t<div class=\"elementor-post__meta-data\">\n\t\t\t\t\t<span class=\"elementor-post-date\">\n\t\t\t7 \u043e\u043a\u0442\u044f\u0431\u0440\u044f, 2025\t\t<\/span>\n\t\t\t\t<span class=\"elementor-post-avatar\">\n\t\t\t\u041a\u043e\u043c\u043c\u0435\u043d\u0442\u0430\u0440\u0438\u0435\u0432 \u043d\u0435\u0442\t\t<\/span>\n\t\t\t\t<\/div>\n\t\t\t\t\t<\/div>\n\t\t<\/article>\n\t\t\t\t<article class=\"elementor-post elementor-grid-item post-3488 post type-post status-publish format-standard has-post-thumbnail hentry category-uncategorized\">\n\t\t\t<div class=\"elementor-post__card\">\n\t\t\t\t<a class=\"elementor-post__thumbnail__link\" href=\"https:\/\/motormind.ee\/ru\/uncategorized\/uus-lemmikraamatupood-tallinnas-leidsin-selle\/\" tabindex=\"-1\" ><div class=\"elementor-post__thumbnail\"><img decoding=\"async\" width=\"768\" height=\"1024\" src=\"https:\/\/motormind.ee\/wp-content\/uploads\/2025\/10\/477283529_1331552514646217_6531153763395205746_n-768x1024.jpg\" class=\"attachment-medium_large size-medium_large wp-image-3489\" alt=\"\" srcset=\"https:\/\/motormind.ee\/wp-content\/uploads\/2025\/10\/477283529_1331552514646217_6531153763395205746_n-768x1024.jpg 768w, https:\/\/motormind.ee\/wp-content\/uploads\/2025\/10\/477283529_1331552514646217_6531153763395205746_n-225x300.jpg 225w, https:\/\/motormind.ee\/wp-content\/uploads\/2025\/10\/477283529_1331552514646217_6531153763395205746_n-1152x1536.jpg 1152w, https:\/\/motormind.ee\/wp-content\/uploads\/2025\/10\/477283529_1331552514646217_6531153763395205746_n-9x12.jpg 9w, https:\/\/motormind.ee\/wp-content\/uploads\/2025\/10\/477283529_1331552514646217_6531153763395205746_n-600x800.jpg 600w, https:\/\/motormind.ee\/wp-content\/uploads\/2025\/10\/477283529_1331552514646217_6531153763395205746_n.jpg 1536w\" sizes=\"(max-width: 768px) 100vw, 768px\" \/><\/div><\/a>\n\t\t\t\t<div class=\"elementor-post__text\">\n\t\t\t\t<h3 class=\"elementor-post__title\">\n\t\t\t<a href=\"https:\/\/motormind.ee\/ru\/uncategorized\/uus-lemmikraamatupood-tallinnas-leidsin-selle\/\" >\n\t\t\t\tUus lemmikraamatupood Tallinnas? Leidsin selle!\t\t\t<\/a>\n\t\t<\/h3>\n\t\t\t\t<div class=\"elementor-post__excerpt\">\n\t\t\t<p>Mul oli v\u00f5imalus osaleda Tallinna uue raamatupoe Mnogoknig avamisel kaubanduskeskuses T1, kuhu mind kutsuti kui blogijat ja m\u00f5jutajat. Soovin teiega oma muljeid jagada! Mnogoknig ei ole lihtsalt raamatupood \u2014 see on t\u00f5eline paradiis raamatu- ja<\/p>\n\t\t<\/div>\n\t\t\n\t\t<a class=\"elementor-post__read-more\" href=\"https:\/\/motormind.ee\/ru\/uncategorized\/uus-lemmikraamatupood-tallinnas-leidsin-selle\/\" aria-label=\"Read more about Uus lemmikraamatupood Tallinnas? Leidsin selle!\" tabindex=\"-1\" >\n\t\t\tLoe l\u00e4hemalt \u00bb\t\t<\/a>\n\n\t\t\t\t<\/div>\n\t\t\t\t<div class=\"elementor-post__meta-data\">\n\t\t\t\t\t<span class=\"elementor-post-date\">\n\t\t\t7 \u043e\u043a\u0442\u044f\u0431\u0440\u044f, 2025\t\t<\/span>\n\t\t\t\t<span class=\"elementor-post-avatar\">\n\t\t\t\u041a\u043e\u043c\u043c\u0435\u043d\u0442\u0430\u0440\u0438\u0435\u0432 \u043d\u0435\u0442\t\t<\/span>\n\t\t\t\t<\/div>\n\t\t\t\t\t<\/div>\n\t\t<\/article>\n\t\t\t\t<\/div>\n\t\t\n\t\t\t\t\t\t<\/div>\n\t\t\t\t<\/div>\n\t\t\t\t\t<\/div>\n\t\t\t\t<\/div>\n\t\t\t\t<\/div>","protected":false},"excerpt":{"rendered":"<p>Blogi<\/p>","protected":false},"author":1,"featured_media":0,"parent":0,"menu_order":0,"comment_status":"closed","ping_status":"closed","template":"elementor_header_footer","meta":{"footnotes":""},"class_list":["post-3480","page","type-page","status-publish","hentry"],"yoast_head":"<!-- This site is optimized with the Yoast SEO plugin v27.4 - https:\/\/yoast.com\/product\/yoast-seo-wordpress\/ -->\n<title>blogi - Motormind<\/title>\n<meta name=\"robots\" content=\"index, follow, max-snippet:-1, max-image-preview:large, max-video-preview:-1\" \/>\n<link rel=\"canonical\" href=\"https:\/\/motormind.ee\/ru\/blogi\/\" \/>\n<meta property=\"og:locale\" content=\"ru_RU\" \/>\n<meta property=\"og:type\" content=\"article\" \/>\n<meta property=\"og:title\" content=\"blogi - Motormind\" \/>\n<meta property=\"og:description\" content=\"Blogi\" \/>\n<meta property=\"og:url\" content=\"https:\/\/motormind.ee\/ru\/blogi\/\" \/>\n<meta property=\"og:site_name\" content=\"Motormind\" \/>\n<meta property=\"article:modified_time\" content=\"2025-10-07T16:44:29+00:00\" \/>\n<meta name=\"twitter:card\" content=\"summary_large_image\" \/>\n<meta name=\"twitter:label1\" content=\"\u041f\u0440\u0438\u043c\u0435\u0440\u043d\u043e\u0435 \u0432\u0440\u0435\u043c\u044f \u0434\u043b\u044f \u0447\u0442\u0435\u043d\u0438\u044f\" \/>\n\t<meta name=\"twitter:data1\" content=\"1 \u043c\u0438\u043d\u0443\u0442\u0430\" \/>\n<script type=\"application\/ld+json\" class=\"yoast-schema-graph\">{\"@context\":\"https:\\\/\\\/schema.org\",\"@graph\":[{\"@type\":\"WebPage\",\"@id\":\"https:\\\/\\\/motormind.ee\\\/blogi\\\/\",\"url\":\"https:\\\/\\\/motormind.ee\\\/blogi\\\/\",\"name\":\"blogi - Motormind\",\"isPartOf\":{\"@id\":\"https:\\\/\\\/motormind.ee\\\/#website\"},\"datePublished\":\"2025-10-07T16:24:20+00:00\",\"dateModified\":\"2025-10-07T16:44:29+00:00\",\"breadcrumb\":{\"@id\":\"https:\\\/\\\/motormind.ee\\\/blogi\\\/#breadcrumb\"},\"inLanguage\":\"ru-RU\",\"potentialAction\":[{\"@type\":\"ReadAction\",\"target\":[\"https:\\\/\\\/motormind.ee\\\/blogi\\\/\"]}]},{\"@type\":\"BreadcrumbList\",\"@id\":\"https:\\\/\\\/motormind.ee\\\/blogi\\\/#breadcrumb\",\"itemListElement\":[{\"@type\":\"ListItem\",\"position\":1,\"name\":\"\u0413\u043b\u0430\u0432\u043d\u0430\u044f \u0441\u0442\u0440\u0430\u043d\u0438\u0446\u0430\",\"item\":\"https:\\\/\\\/motormind.ee\\\/\"},{\"@type\":\"ListItem\",\"position\":2,\"name\":\"blogi\"}]},{\"@type\":\"WebSite\",\"@id\":\"https:\\\/\\\/motormind.ee\\\/#website\",\"url\":\"https:\\\/\\\/motormind.ee\\\/\",\"name\":\"Motormind\",\"description\":\"&Otilde;pi r&otilde;&otilde;muga, &otilde;pi m&auml;ngides!\",\"potentialAction\":[{\"@type\":\"SearchAction\",\"target\":{\"@type\":\"EntryPoint\",\"urlTemplate\":\"https:\\\/\\\/motormind.ee\\\/?s={search_term_string}\"},\"query-input\":{\"@type\":\"PropertyValueSpecification\",\"valueRequired\":true,\"valueName\":\"search_term_string\"}}],\"inLanguage\":\"ru-RU\"}]}<\/script>\n<!-- \/ Yoast SEO plugin. -->","yoast_head_json":{"title":"blogi - Motormind","robots":{"index":"index","follow":"follow","max-snippet":"max-snippet:-1","max-image-preview":"max-image-preview:large","max-video-preview":"max-video-preview:-1"},"canonical":"https:\/\/motormind.ee\/ru\/blogi\/","og_locale":"ru_RU","og_type":"article","og_title":"blogi - Motormind","og_description":"Blogi","og_url":"https:\/\/motormind.ee\/ru\/blogi\/","og_site_name":"Motormind","article_modified_time":"2025-10-07T16:44:29+00:00","twitter_card":"summary_large_image","twitter_misc":{"\u041f\u0440\u0438\u043c\u0435\u0440\u043d\u043e\u0435 \u0432\u0440\u0435\u043c\u044f \u0434\u043b\u044f \u0447\u0442\u0435\u043d\u0438\u044f":"1 \u043c\u0438\u043d\u0443\u0442\u0430"},"schema":{"@context":"https:\/\/schema.org","@graph":[{"@type":"WebPage","@id":"https:\/\/motormind.ee\/blogi\/","url":"https:\/\/motormind.ee\/blogi\/","name":"blogi - Motormind","isPartOf":{"@id":"https:\/\/motormind.ee\/#website"},"datePublished":"2025-10-07T16:24:20+00:00","dateModified":"2025-10-07T16:44:29+00:00","breadcrumb":{"@id":"https:\/\/motormind.ee\/blogi\/#breadcrumb"},"inLanguage":"ru-RU","potentialAction":[{"@type":"ReadAction","target":["https:\/\/motormind.ee\/blogi\/"]}]},{"@type":"BreadcrumbList","@id":"https:\/\/motormind.ee\/blogi\/#breadcrumb","itemListElement":[{"@type":"ListItem","position":1,"name":"\u0413\u043b\u0430\u0432\u043d\u0430\u044f \u0441\u0442\u0440\u0430\u043d\u0438\u0446\u0430","item":"https:\/\/motormind.ee\/"},{"@type":"ListItem","position":2,"name":"blogi"}]},{"@type":"WebSite","@id":"https:\/\/motormind.ee\/#website","url":"https:\/\/motormind.ee\/","name":"Motormind","description":"&Otilde;pi r&otilde;&otilde;muga, &otilde;pi m&auml;ngides!","potentialAction":[{"@type":"SearchAction","target":{"@type":"EntryPoint","urlTemplate":"https:\/\/motormind.ee\/?s={search_term_string}"},"query-input":{"@type":"PropertyValueSpecification","valueRequired":true,"valueName":"search_term_string"}}],"inLanguage":"ru-RU"}]}},"_links":{"self":[{"href":"https:\/\/motormind.ee\/ru\/wp-json\/wp\/v2\/pages\/3480","targetHints":{"allow":["GET"]}}],"collection":[{"href":"https:\/\/motormind.ee\/ru\/wp-json\/wp\/v2\/pages"}],"about":[{"href":"https:\/\/motormind.ee\/ru\/wp-json\/wp\/v2\/types\/page"}],"author":[{"embeddable":true,"href":"https:\/\/motormind.ee\/ru\/wp-json\/wp\/v2\/users\/1"}],"replies":[{"embeddable":true,"href":"https:\/\/motormind.ee\/ru\/wp-json\/wp\/v2\/comments?post=3480"}],"version-history":[{"count":19,"href":"https:\/\/motormind.ee\/ru\/wp-json\/wp\/v2\/pages\/3480\/revisions"}],"predecessor-version":[{"id":3508,"href":"https:\/\/motormind.ee\/ru\/wp-json\/wp\/v2\/pages\/3480\/revisions\/3508"}],"wp:attachment":[{"href":"https:\/\/motormind.ee\/ru\/wp-json\/wp\/v2\/media?parent=3480"}],"curies":[{"name":"wp","href":"https:\/\/api.w.org\/{rel}","templated":true}]}}