{"id":1248,"date":"2024-12-13T11:23:54","date_gmt":"2024-12-13T11:23:54","guid":{"rendered":"https:\/\/motormind.ee\/?post_type=product&#038;p=1248"},"modified":"2025-09-01T01:12:23","modified_gmt":"2025-09-01T01:12:23","slug":"oppekaardid-putukad-ja-selgrootud","status":"publish","type":"product","link":"https:\/\/motormind.ee\/ru\/product\/oppekaardid-putukad-ja-selgrootud\/","title":{"rendered":"\u00d5ppekaardid &#8220;PUTUKAD JA SELGROOTUD&#8221;"},"content":{"rendered":"<p class=\"p1\"><span class=\"s1\">See \u00f5ppekaartide komplekt aitab lastel \u00f5ppida uusi s\u00f5nu, laiendada s\u00f5navara ja tutvuda \u00fcmbritseva maailmaga. <\/span><span class=\"s2\">A7<\/span><span class=\"s1\"> formaadis kaardid realistlike piltidega ja suurte tr\u00fckit\u00e4htedega sobivad ideaalselt v\u00e4ikestele lastele. Mugav r\u00f5ngaskinnitus v\u00f5imaldab kaarte koos hoida ja kasutada neid kodus, reisil v\u00f5i jalutusk\u00e4ikudel.<\/span><\/p>\n<p class=\"p1\"><strong><span class=\"s1\">Komplekti omadused:<\/span><\/strong><\/p>\n<p class=\"p2\"><span class=\"s2\"> \u2022 <\/span><span class=\"s1\">Kaartide arv \u00fches komplektis:<\/span><span class=\"s2\"> 15 s\u00f5na.<\/span><\/p>\n<p class=\"p2\"><span class=\"s2\"> \u2022 <\/span><span class=\"s1\">Kaartide suurus:<\/span><span class=\"s2\"> kompaktne <\/span><span class=\"s1\">A7 formaat<\/span><span class=\"s2\">, sobib h\u00e4sti laste k\u00e4tele.<\/span><\/p>\n<p class=\"p2\"><span class=\"s2\"> \u2022 <\/span><span class=\"s1\">Kinnitus:<\/span><span class=\"s2\"> metallist r\u00f5ngas kaartide mugavaks hoidmiseks ja kasutamiseks.<\/span><\/p>\n<p class=\"p2\"><span class=\"s2\"> \u2022 <\/span><span class=\"s1\">Pildid:<\/span><span class=\"s2\"> realistlikud illustratsioonid esemetest, loomadest ja n\u00e4htustest.<\/span><\/p>\n<p class=\"p2\"><span class=\"s2\"> \u2022 <\/span><span class=\"s1\">S\u00f5nad:<\/span><span class=\"s2\"> iga kaardi peal on s\u00f5nad suurt\u00e4htedega, et lapsel oleks lihtsam neid lugeda ja meelde j\u00e4tta.<\/span><\/p>","protected":false},"excerpt":{"rendered":"<p>See \u00f5ppekaartide komplekt aitab lastel \u00f5ppida uusi s\u00f5nu, laiendada s\u00f5navara ja tutvuda \u00fcmbritseva maailmaga. A7 formaadis kaardid realistlike piltidega ja suurte tr\u00fckit\u00e4htedega sobivad ideaalselt v\u00e4ikestele lastele. Mugav r\u00f5ngaskinnitus v\u00f5imaldab kaarte koos hoida ja kasutada neid kodus, reisil v\u00f5i jalutusk\u00e4ikudel. Komplekti omadused: \u2022 Kaartide arv \u00fches komplektis: 15 s\u00f5na. \u2022 Kaartide suurus: kompaktne A7 formaat, sobib [&hellip;]<\/p>\n","protected":false},"featured_media":1249,"comment_status":"open","ping_status":"closed","template":"","meta":[],"product_brand":[],"product_cat":[111],"product_tag":[],"class_list":{"0":"post-1248","1":"product","2":"type-product","3":"status-publish","4":"has-post-thumbnail","6":"product_cat-oppekaardid","8":"first","9":"instock","10":"shipping-taxable","11":"purchasable","12":"product-type-simple"},"yoast_head":"<!-- This site is optimized with the Yoast SEO plugin v27.4 - https:\/\/yoast.com\/product\/yoast-seo-wordpress\/ -->\n<title>\u00d5ppekaardid &quot;PUTUKAD JA SELGROOTUD&quot; - Motormind<\/title>\n<meta name=\"robots\" content=\"index, follow, max-snippet:-1, max-image-preview:large, max-video-preview:-1\" \/>\n<link rel=\"canonical\" href=\"https:\/\/motormind.ee\/ru\/product\/oppekaardid-putukad-ja-selgrootud\/\" \/>\n<meta property=\"og:locale\" content=\"ru_RU\" \/>\n<meta property=\"og:type\" content=\"article\" \/>\n<meta property=\"og:title\" content=\"\u00d5ppekaardid &quot;PUTUKAD JA SELGROOTUD&quot; - Motormind\" \/>\n<meta property=\"og:description\" content=\"See \u00f5ppekaartide komplekt aitab lastel \u00f5ppida uusi s\u00f5nu, laiendada s\u00f5navara ja tutvuda \u00fcmbritseva maailmaga. A7 formaadis kaardid realistlike piltidega ja suurte tr\u00fckit\u00e4htedega sobivad ideaalselt v\u00e4ikestele lastele. Mugav r\u00f5ngaskinnitus v\u00f5imaldab kaarte koos hoida ja kasutada neid kodus, reisil v\u00f5i jalutusk\u00e4ikudel. Komplekti omadused: \u2022 Kaartide arv \u00fches komplektis: 15 s\u00f5na. \u2022 Kaartide suurus: kompaktne A7 formaat, sobib [&hellip;]\" \/>\n<meta property=\"og:url\" content=\"https:\/\/motormind.ee\/ru\/product\/oppekaardid-putukad-ja-selgrootud\/\" \/>\n<meta property=\"og:site_name\" content=\"Motormind\" \/>\n<meta property=\"article:modified_time\" content=\"2025-09-01T01:12:23+00:00\" \/>\n<meta property=\"og:image\" content=\"https:\/\/motormind.ee\/wp-content\/uploads\/2024\/12\/IMG_0640.jpeg\" \/>\n\t<meta property=\"og:image:width\" content=\"1536\" \/>\n\t<meta property=\"og:image:height\" content=\"2048\" \/>\n\t<meta property=\"og:image:type\" content=\"image\/jpeg\" \/>\n<meta name=\"twitter:card\" content=\"summary_large_image\" \/>\n<meta name=\"twitter:label1\" content=\"\u041f\u0440\u0438\u043c\u0435\u0440\u043d\u043e\u0435 \u0432\u0440\u0435\u043c\u044f \u0434\u043b\u044f \u0447\u0442\u0435\u043d\u0438\u044f\" \/>\n\t<meta name=\"twitter:data1\" content=\"1 \u043c\u0438\u043d\u0443\u0442\u0430\" \/>\n<script type=\"application\/ld+json\" class=\"yoast-schema-graph\">{\"@context\":\"https:\\\/\\\/schema.org\",\"@graph\":[{\"@type\":\"WebPage\",\"@id\":\"https:\\\/\\\/motormind.ee\\\/product\\\/oppekaardid-putukad-ja-selgrootud\\\/\",\"url\":\"https:\\\/\\\/motormind.ee\\\/product\\\/oppekaardid-putukad-ja-selgrootud\\\/\",\"name\":\"\u00d5ppekaardid \\\"PUTUKAD JA SELGROOTUD\\\" - Motormind\",\"isPartOf\":{\"@id\":\"https:\\\/\\\/motormind.ee\\\/#website\"},\"primaryImageOfPage\":{\"@id\":\"https:\\\/\\\/motormind.ee\\\/product\\\/oppekaardid-putukad-ja-selgrootud\\\/#primaryimage\"},\"image\":{\"@id\":\"https:\\\/\\\/motormind.ee\\\/product\\\/oppekaardid-putukad-ja-selgrootud\\\/#primaryimage\"},\"thumbnailUrl\":\"https:\\\/\\\/motormind.ee\\\/wp-content\\\/uploads\\\/2024\\\/12\\\/IMG_0640.jpeg\",\"datePublished\":\"2024-12-13T11:23:54+00:00\",\"dateModified\":\"2025-09-01T01:12:23+00:00\",\"breadcrumb\":{\"@id\":\"https:\\\/\\\/motormind.ee\\\/product\\\/oppekaardid-putukad-ja-selgrootud\\\/#breadcrumb\"},\"inLanguage\":\"ru-RU\",\"potentialAction\":[{\"@type\":\"ReadAction\",\"target\":[\"https:\\\/\\\/motormind.ee\\\/product\\\/oppekaardid-putukad-ja-selgrootud\\\/\"]}]},{\"@type\":\"ImageObject\",\"inLanguage\":\"ru-RU\",\"@id\":\"https:\\\/\\\/motormind.ee\\\/product\\\/oppekaardid-putukad-ja-selgrootud\\\/#primaryimage\",\"url\":\"https:\\\/\\\/motormind.ee\\\/wp-content\\\/uploads\\\/2024\\\/12\\\/IMG_0640.jpeg\",\"contentUrl\":\"https:\\\/\\\/motormind.ee\\\/wp-content\\\/uploads\\\/2024\\\/12\\\/IMG_0640.jpeg\",\"width\":1536,\"height\":2048},{\"@type\":\"BreadcrumbList\",\"@id\":\"https:\\\/\\\/motormind.ee\\\/product\\\/oppekaardid-putukad-ja-selgrootud\\\/#breadcrumb\",\"itemListElement\":[{\"@type\":\"ListItem\",\"position\":1,\"name\":\"\u0413\u043b\u0430\u0432\u043d\u0430\u044f \u0441\u0442\u0440\u0430\u043d\u0438\u0446\u0430\",\"item\":\"https:\\\/\\\/motormind.ee\\\/\"},{\"@type\":\"ListItem\",\"position\":2,\"name\":\"E-pood\",\"item\":\"https:\\\/\\\/motormind.ee\\\/shop\\\/\"},{\"@type\":\"ListItem\",\"position\":3,\"name\":\"\u00d5ppekaardid &#8220;PUTUKAD JA SELGROOTUD&#8221;\"}]},{\"@type\":\"WebSite\",\"@id\":\"https:\\\/\\\/motormind.ee\\\/#website\",\"url\":\"https:\\\/\\\/motormind.ee\\\/\",\"name\":\"Motormind\",\"description\":\"&Otilde;pi r&otilde;&otilde;muga, &otilde;pi m&auml;ngides!\",\"potentialAction\":[{\"@type\":\"SearchAction\",\"target\":{\"@type\":\"EntryPoint\",\"urlTemplate\":\"https:\\\/\\\/motormind.ee\\\/?s={search_term_string}\"},\"query-input\":{\"@type\":\"PropertyValueSpecification\",\"valueRequired\":true,\"valueName\":\"search_term_string\"}}],\"inLanguage\":\"ru-RU\"}]}<\/script>\n<!-- \/ Yoast SEO plugin. -->","yoast_head_json":{"title":"\u00d5ppekaardid \"PUTUKAD JA SELGROOTUD\" - Motormind","robots":{"index":"index","follow":"follow","max-snippet":"max-snippet:-1","max-image-preview":"max-image-preview:large","max-video-preview":"max-video-preview:-1"},"canonical":"https:\/\/motormind.ee\/ru\/product\/oppekaardid-putukad-ja-selgrootud\/","og_locale":"ru_RU","og_type":"article","og_title":"\u00d5ppekaardid \"PUTUKAD JA SELGROOTUD\" - Motormind","og_description":"See \u00f5ppekaartide komplekt aitab lastel \u00f5ppida uusi s\u00f5nu, laiendada s\u00f5navara ja tutvuda \u00fcmbritseva maailmaga. A7 formaadis kaardid realistlike piltidega ja suurte tr\u00fckit\u00e4htedega sobivad ideaalselt v\u00e4ikestele lastele. Mugav r\u00f5ngaskinnitus v\u00f5imaldab kaarte koos hoida ja kasutada neid kodus, reisil v\u00f5i jalutusk\u00e4ikudel. Komplekti omadused: \u2022 Kaartide arv \u00fches komplektis: 15 s\u00f5na. \u2022 Kaartide suurus: kompaktne A7 formaat, sobib [&hellip;]","og_url":"https:\/\/motormind.ee\/ru\/product\/oppekaardid-putukad-ja-selgrootud\/","og_site_name":"Motormind","article_modified_time":"2025-09-01T01:12:23+00:00","og_image":[{"width":1536,"height":2048,"url":"https:\/\/motormind.ee\/wp-content\/uploads\/2024\/12\/IMG_0640.jpeg","type":"image\/jpeg"}],"twitter_card":"summary_large_image","twitter_misc":{"\u041f\u0440\u0438\u043c\u0435\u0440\u043d\u043e\u0435 \u0432\u0440\u0435\u043c\u044f \u0434\u043b\u044f \u0447\u0442\u0435\u043d\u0438\u044f":"1 \u043c\u0438\u043d\u0443\u0442\u0430"},"schema":{"@context":"https:\/\/schema.org","@graph":[{"@type":"WebPage","@id":"https:\/\/motormind.ee\/product\/oppekaardid-putukad-ja-selgrootud\/","url":"https:\/\/motormind.ee\/product\/oppekaardid-putukad-ja-selgrootud\/","name":"\u00d5ppekaardid \"PUTUKAD JA SELGROOTUD\" - Motormind","isPartOf":{"@id":"https:\/\/motormind.ee\/#website"},"primaryImageOfPage":{"@id":"https:\/\/motormind.ee\/product\/oppekaardid-putukad-ja-selgrootud\/#primaryimage"},"image":{"@id":"https:\/\/motormind.ee\/product\/oppekaardid-putukad-ja-selgrootud\/#primaryimage"},"thumbnailUrl":"https:\/\/motormind.ee\/wp-content\/uploads\/2024\/12\/IMG_0640.jpeg","datePublished":"2024-12-13T11:23:54+00:00","dateModified":"2025-09-01T01:12:23+00:00","breadcrumb":{"@id":"https:\/\/motormind.ee\/product\/oppekaardid-putukad-ja-selgrootud\/#breadcrumb"},"inLanguage":"ru-RU","potentialAction":[{"@type":"ReadAction","target":["https:\/\/motormind.ee\/product\/oppekaardid-putukad-ja-selgrootud\/"]}]},{"@type":"ImageObject","inLanguage":"ru-RU","@id":"https:\/\/motormind.ee\/product\/oppekaardid-putukad-ja-selgrootud\/#primaryimage","url":"https:\/\/motormind.ee\/wp-content\/uploads\/2024\/12\/IMG_0640.jpeg","contentUrl":"https:\/\/motormind.ee\/wp-content\/uploads\/2024\/12\/IMG_0640.jpeg","width":1536,"height":2048},{"@type":"BreadcrumbList","@id":"https:\/\/motormind.ee\/product\/oppekaardid-putukad-ja-selgrootud\/#breadcrumb","itemListElement":[{"@type":"ListItem","position":1,"name":"\u0413\u043b\u0430\u0432\u043d\u0430\u044f \u0441\u0442\u0440\u0430\u043d\u0438\u0446\u0430","item":"https:\/\/motormind.ee\/"},{"@type":"ListItem","position":2,"name":"E-pood","item":"https:\/\/motormind.ee\/shop\/"},{"@type":"ListItem","position":3,"name":"\u00d5ppekaardid &#8220;PUTUKAD JA SELGROOTUD&#8221;"}]},{"@type":"WebSite","@id":"https:\/\/motormind.ee\/#website","url":"https:\/\/motormind.ee\/","name":"Motormind","description":"&Otilde;pi r&otilde;&otilde;muga, &otilde;pi m&auml;ngides!","potentialAction":[{"@type":"SearchAction","target":{"@type":"EntryPoint","urlTemplate":"https:\/\/motormind.ee\/?s={search_term_string}"},"query-input":{"@type":"PropertyValueSpecification","valueRequired":true,"valueName":"search_term_string"}}],"inLanguage":"ru-RU"}]}},"_links":{"self":[{"href":"https:\/\/motormind.ee\/ru\/wp-json\/wp\/v2\/product\/1248","targetHints":{"allow":["GET"]}}],"collection":[{"href":"https:\/\/motormind.ee\/ru\/wp-json\/wp\/v2\/product"}],"about":[{"href":"https:\/\/motormind.ee\/ru\/wp-json\/wp\/v2\/types\/product"}],"replies":[{"embeddable":true,"href":"https:\/\/motormind.ee\/ru\/wp-json\/wp\/v2\/comments?post=1248"}],"version-history":[{"count":1,"href":"https:\/\/motormind.ee\/ru\/wp-json\/wp\/v2\/product\/1248\/revisions"}],"predecessor-version":[{"id":1252,"href":"https:\/\/motormind.ee\/ru\/wp-json\/wp\/v2\/product\/1248\/revisions\/1252"}],"wp:featuredmedia":[{"embeddable":true,"href":"https:\/\/motormind.ee\/ru\/wp-json\/wp\/v2\/media\/1249"}],"wp:attachment":[{"href":"https:\/\/motormind.ee\/ru\/wp-json\/wp\/v2\/media?parent=1248"}],"wp:term":[{"taxonomy":"product_brand","embeddable":true,"href":"https:\/\/motormind.ee\/ru\/wp-json\/wp\/v2\/product_brand?post=1248"},{"taxonomy":"product_cat","embeddable":true,"href":"https:\/\/motormind.ee\/ru\/wp-json\/wp\/v2\/product_cat?post=1248"},{"taxonomy":"product_tag","embeddable":true,"href":"https:\/\/motormind.ee\/ru\/wp-json\/wp\/v2\/product_tag?post=1248"}],"curies":[{"name":"wp","href":"https:\/\/api.w.org\/{rel}","templated":true}]}}