{"id":1291,"date":"2024-12-16T11:05:46","date_gmt":"2024-12-16T11:05:46","guid":{"rendered":"https:\/\/motormind.ee\/?post_type=product&#038;p=1291"},"modified":"2025-09-01T01:12:22","modified_gmt":"2025-09-01T01:12:22","slug":"motivatsioonikalender-paev-ja-oo-a3","status":"publish","type":"product","link":"https:\/\/motormind.ee\/ru\/product\/motivatsioonikalender-paev-ja-oo-a3\/","title":{"rendered":"Motivatsioonikalender: p\u00e4ev ja \u00f6\u00f6 (A3)"},"content":{"rendered":"<p class=\"p1\"><span class=\"s2\">See <\/span><span class=\"s1\">A3 formaadis motivatsioonikalender<\/span><span class=\"s2\"> on loodud lastele, et aidata neil m\u00e4ngulisel viisil oma p\u00e4evakava korraldada. V\u00e4rviline ja selge kujundus jagab \u00fclesanded p\u00e4evaseks ja \u00f5htuseks ajaks, kus iga t\u00e4idetud tegevuse eest saab laps kinnitada t\u00e4hekese.<\/span><\/p>\n<p class=\"p1\"><strong><span class=\"s1\">Omadused:<\/span><\/strong><\/p>\n<p class=\"p3\"><span class=\"s1\">Formaat:<\/span><span class=\"s2\"> A3 (suur ja mugav kasutada).<\/span><\/p>\n<p class=\"p3\"><strong><span class=\"s1\">Kaks tsooni:<\/span><\/strong><\/p>\n<p class=\"p4\"><span class=\"s2\"> \u2022 P\u00e4evased tegevused (p\u00e4ike)<\/span><\/p>\n<p class=\"p4\"><span class=\"s2\"> \u2022 \u00d5htused tegevused (kuu)<\/span><\/p>\n<p class=\"p3\"><strong><span class=\"s1\">Motivatsioonimehhanism:<\/span><\/strong><\/p>\n<p class=\"p4\"><span class=\"s2\"> \u2022 Iga t\u00e4idetud \u00fclesande eest saab laps t\u00e4hekese kinnitada.<\/span><\/p>\n<p class=\"p4\"><span class=\"s2\"> \u2022 Erinevat v\u00e4rvi t\u00e4hed muudavad protsessi l\u00f5busamaks ja kaasahaaravamaks.<\/span><\/p>\n<p class=\"p1\"><strong><span class=\"s1\">Kasu lapsele:<\/span><\/strong><\/p>\n<p class=\"p3\"><span class=\"s2\"> \u2022 Arendab iseseisvust ja korraharjumust.<\/span><\/p>\n<p class=\"p3\"><span class=\"s2\"> \u2022 Aitab p\u00e4evakava organiseerida.<\/span><\/p>","protected":false},"excerpt":{"rendered":"<p>See A3 formaadis motivatsioonikalender on loodud lastele, et aidata neil m\u00e4ngulisel viisil oma p\u00e4evakava korraldada. V\u00e4rviline ja selge kujundus jagab \u00fclesanded p\u00e4evaseks ja \u00f5htuseks ajaks, kus iga t\u00e4idetud tegevuse eest saab laps kinnitada t\u00e4hekese. Omadused: Formaat: A3 (suur ja mugav kasutada). Kaks tsooni: \u2022 P\u00e4evased tegevused (p\u00e4ike) \u2022 \u00d5htused tegevused (kuu) Motivatsioonimehhanism: \u2022 Iga t\u00e4idetud [&hellip;]<\/p>\n","protected":false},"featured_media":1292,"comment_status":"open","ping_status":"closed","template":"","meta":[],"product_brand":[],"product_cat":[112],"product_tag":[],"class_list":{"0":"post-1291","1":"product","2":"type-product","3":"status-publish","4":"has-post-thumbnail","6":"product_cat-plakatid","8":"first","9":"instock","10":"shipping-taxable","11":"purchasable","12":"product-type-simple"},"yoast_head":"<!-- This site is optimized with the Yoast SEO plugin v27.4 - https:\/\/yoast.com\/product\/yoast-seo-wordpress\/ -->\n<title>Motivatsioonikalender: p\u00e4ev ja \u00f6\u00f6 (A3) - Motormind<\/title>\n<meta name=\"robots\" content=\"index, follow, max-snippet:-1, max-image-preview:large, max-video-preview:-1\" \/>\n<link rel=\"canonical\" href=\"https:\/\/motormind.ee\/ru\/product\/motivatsioonikalender-paev-ja-oo-a3\/\" \/>\n<meta property=\"og:locale\" content=\"ru_RU\" \/>\n<meta property=\"og:type\" content=\"article\" \/>\n<meta property=\"og:title\" content=\"Motivatsioonikalender: p\u00e4ev ja \u00f6\u00f6 (A3) - Motormind\" \/>\n<meta property=\"og:description\" content=\"See A3 formaadis motivatsioonikalender on loodud lastele, et aidata neil m\u00e4ngulisel viisil oma p\u00e4evakava korraldada. V\u00e4rviline ja selge kujundus jagab \u00fclesanded p\u00e4evaseks ja \u00f5htuseks ajaks, kus iga t\u00e4idetud tegevuse eest saab laps kinnitada t\u00e4hekese. Omadused: Formaat: A3 (suur ja mugav kasutada). Kaks tsooni: \u2022 P\u00e4evased tegevused (p\u00e4ike) \u2022 \u00d5htused tegevused (kuu) Motivatsioonimehhanism: \u2022 Iga t\u00e4idetud [&hellip;]\" \/>\n<meta property=\"og:url\" content=\"https:\/\/motormind.ee\/ru\/product\/motivatsioonikalender-paev-ja-oo-a3\/\" \/>\n<meta property=\"og:site_name\" content=\"Motormind\" \/>\n<meta property=\"article:modified_time\" content=\"2025-09-01T01:12:22+00:00\" \/>\n<meta property=\"og:image\" content=\"https:\/\/motormind.ee\/wp-content\/uploads\/2024\/12\/IMG_0723.jpeg\" \/>\n\t<meta property=\"og:image:width\" content=\"1536\" \/>\n\t<meta property=\"og:image:height\" content=\"2048\" \/>\n\t<meta property=\"og:image:type\" content=\"image\/jpeg\" \/>\n<meta name=\"twitter:card\" content=\"summary_large_image\" \/>\n<meta name=\"twitter:label1\" content=\"\u041f\u0440\u0438\u043c\u0435\u0440\u043d\u043e\u0435 \u0432\u0440\u0435\u043c\u044f \u0434\u043b\u044f \u0447\u0442\u0435\u043d\u0438\u044f\" \/>\n\t<meta name=\"twitter:data1\" content=\"1 \u043c\u0438\u043d\u0443\u0442\u0430\" \/>\n<script type=\"application\/ld+json\" class=\"yoast-schema-graph\">{\"@context\":\"https:\\\/\\\/schema.org\",\"@graph\":[{\"@type\":\"WebPage\",\"@id\":\"https:\\\/\\\/motormind.ee\\\/product\\\/motivatsioonikalender-paev-ja-oo-a3\\\/\",\"url\":\"https:\\\/\\\/motormind.ee\\\/product\\\/motivatsioonikalender-paev-ja-oo-a3\\\/\",\"name\":\"Motivatsioonikalender: p\u00e4ev ja \u00f6\u00f6 (A3) - Motormind\",\"isPartOf\":{\"@id\":\"https:\\\/\\\/motormind.ee\\\/#website\"},\"primaryImageOfPage\":{\"@id\":\"https:\\\/\\\/motormind.ee\\\/product\\\/motivatsioonikalender-paev-ja-oo-a3\\\/#primaryimage\"},\"image\":{\"@id\":\"https:\\\/\\\/motormind.ee\\\/product\\\/motivatsioonikalender-paev-ja-oo-a3\\\/#primaryimage\"},\"thumbnailUrl\":\"https:\\\/\\\/motormind.ee\\\/wp-content\\\/uploads\\\/2024\\\/12\\\/IMG_0723.jpeg\",\"datePublished\":\"2024-12-16T11:05:46+00:00\",\"dateModified\":\"2025-09-01T01:12:22+00:00\",\"breadcrumb\":{\"@id\":\"https:\\\/\\\/motormind.ee\\\/product\\\/motivatsioonikalender-paev-ja-oo-a3\\\/#breadcrumb\"},\"inLanguage\":\"ru-RU\",\"potentialAction\":[{\"@type\":\"ReadAction\",\"target\":[\"https:\\\/\\\/motormind.ee\\\/product\\\/motivatsioonikalender-paev-ja-oo-a3\\\/\"]}]},{\"@type\":\"ImageObject\",\"inLanguage\":\"ru-RU\",\"@id\":\"https:\\\/\\\/motormind.ee\\\/product\\\/motivatsioonikalender-paev-ja-oo-a3\\\/#primaryimage\",\"url\":\"https:\\\/\\\/motormind.ee\\\/wp-content\\\/uploads\\\/2024\\\/12\\\/IMG_0723.jpeg\",\"contentUrl\":\"https:\\\/\\\/motormind.ee\\\/wp-content\\\/uploads\\\/2024\\\/12\\\/IMG_0723.jpeg\",\"width\":1536,\"height\":2048},{\"@type\":\"BreadcrumbList\",\"@id\":\"https:\\\/\\\/motormind.ee\\\/product\\\/motivatsioonikalender-paev-ja-oo-a3\\\/#breadcrumb\",\"itemListElement\":[{\"@type\":\"ListItem\",\"position\":1,\"name\":\"\u0413\u043b\u0430\u0432\u043d\u0430\u044f \u0441\u0442\u0440\u0430\u043d\u0438\u0446\u0430\",\"item\":\"https:\\\/\\\/motormind.ee\\\/\"},{\"@type\":\"ListItem\",\"position\":2,\"name\":\"E-pood\",\"item\":\"https:\\\/\\\/motormind.ee\\\/shop\\\/\"},{\"@type\":\"ListItem\",\"position\":3,\"name\":\"Motivatsioonikalender: p\u00e4ev ja \u00f6\u00f6 (A3)\"}]},{\"@type\":\"WebSite\",\"@id\":\"https:\\\/\\\/motormind.ee\\\/#website\",\"url\":\"https:\\\/\\\/motormind.ee\\\/\",\"name\":\"Motormind\",\"description\":\"&Otilde;pi r&otilde;&otilde;muga, &otilde;pi m&auml;ngides!\",\"potentialAction\":[{\"@type\":\"SearchAction\",\"target\":{\"@type\":\"EntryPoint\",\"urlTemplate\":\"https:\\\/\\\/motormind.ee\\\/?s={search_term_string}\"},\"query-input\":{\"@type\":\"PropertyValueSpecification\",\"valueRequired\":true,\"valueName\":\"search_term_string\"}}],\"inLanguage\":\"ru-RU\"}]}<\/script>\n<!-- \/ Yoast SEO plugin. -->","yoast_head_json":{"title":"Motivatsioonikalender: p\u00e4ev ja \u00f6\u00f6 (A3) - Motormind","robots":{"index":"index","follow":"follow","max-snippet":"max-snippet:-1","max-image-preview":"max-image-preview:large","max-video-preview":"max-video-preview:-1"},"canonical":"https:\/\/motormind.ee\/ru\/product\/motivatsioonikalender-paev-ja-oo-a3\/","og_locale":"ru_RU","og_type":"article","og_title":"Motivatsioonikalender: p\u00e4ev ja \u00f6\u00f6 (A3) - Motormind","og_description":"See A3 formaadis motivatsioonikalender on loodud lastele, et aidata neil m\u00e4ngulisel viisil oma p\u00e4evakava korraldada. V\u00e4rviline ja selge kujundus jagab \u00fclesanded p\u00e4evaseks ja \u00f5htuseks ajaks, kus iga t\u00e4idetud tegevuse eest saab laps kinnitada t\u00e4hekese. Omadused: Formaat: A3 (suur ja mugav kasutada). Kaks tsooni: \u2022 P\u00e4evased tegevused (p\u00e4ike) \u2022 \u00d5htused tegevused (kuu) Motivatsioonimehhanism: \u2022 Iga t\u00e4idetud [&hellip;]","og_url":"https:\/\/motormind.ee\/ru\/product\/motivatsioonikalender-paev-ja-oo-a3\/","og_site_name":"Motormind","article_modified_time":"2025-09-01T01:12:22+00:00","og_image":[{"width":1536,"height":2048,"url":"https:\/\/motormind.ee\/wp-content\/uploads\/2024\/12\/IMG_0723.jpeg","type":"image\/jpeg"}],"twitter_card":"summary_large_image","twitter_misc":{"\u041f\u0440\u0438\u043c\u0435\u0440\u043d\u043e\u0435 \u0432\u0440\u0435\u043c\u044f \u0434\u043b\u044f \u0447\u0442\u0435\u043d\u0438\u044f":"1 \u043c\u0438\u043d\u0443\u0442\u0430"},"schema":{"@context":"https:\/\/schema.org","@graph":[{"@type":"WebPage","@id":"https:\/\/motormind.ee\/product\/motivatsioonikalender-paev-ja-oo-a3\/","url":"https:\/\/motormind.ee\/product\/motivatsioonikalender-paev-ja-oo-a3\/","name":"Motivatsioonikalender: p\u00e4ev ja \u00f6\u00f6 (A3) - Motormind","isPartOf":{"@id":"https:\/\/motormind.ee\/#website"},"primaryImageOfPage":{"@id":"https:\/\/motormind.ee\/product\/motivatsioonikalender-paev-ja-oo-a3\/#primaryimage"},"image":{"@id":"https:\/\/motormind.ee\/product\/motivatsioonikalender-paev-ja-oo-a3\/#primaryimage"},"thumbnailUrl":"https:\/\/motormind.ee\/wp-content\/uploads\/2024\/12\/IMG_0723.jpeg","datePublished":"2024-12-16T11:05:46+00:00","dateModified":"2025-09-01T01:12:22+00:00","breadcrumb":{"@id":"https:\/\/motormind.ee\/product\/motivatsioonikalender-paev-ja-oo-a3\/#breadcrumb"},"inLanguage":"ru-RU","potentialAction":[{"@type":"ReadAction","target":["https:\/\/motormind.ee\/product\/motivatsioonikalender-paev-ja-oo-a3\/"]}]},{"@type":"ImageObject","inLanguage":"ru-RU","@id":"https:\/\/motormind.ee\/product\/motivatsioonikalender-paev-ja-oo-a3\/#primaryimage","url":"https:\/\/motormind.ee\/wp-content\/uploads\/2024\/12\/IMG_0723.jpeg","contentUrl":"https:\/\/motormind.ee\/wp-content\/uploads\/2024\/12\/IMG_0723.jpeg","width":1536,"height":2048},{"@type":"BreadcrumbList","@id":"https:\/\/motormind.ee\/product\/motivatsioonikalender-paev-ja-oo-a3\/#breadcrumb","itemListElement":[{"@type":"ListItem","position":1,"name":"\u0413\u043b\u0430\u0432\u043d\u0430\u044f \u0441\u0442\u0440\u0430\u043d\u0438\u0446\u0430","item":"https:\/\/motormind.ee\/"},{"@type":"ListItem","position":2,"name":"E-pood","item":"https:\/\/motormind.ee\/shop\/"},{"@type":"ListItem","position":3,"name":"Motivatsioonikalender: p\u00e4ev ja \u00f6\u00f6 (A3)"}]},{"@type":"WebSite","@id":"https:\/\/motormind.ee\/#website","url":"https:\/\/motormind.ee\/","name":"Motormind","description":"&Otilde;pi r&otilde;&otilde;muga, &otilde;pi m&auml;ngides!","potentialAction":[{"@type":"SearchAction","target":{"@type":"EntryPoint","urlTemplate":"https:\/\/motormind.ee\/?s={search_term_string}"},"query-input":{"@type":"PropertyValueSpecification","valueRequired":true,"valueName":"search_term_string"}}],"inLanguage":"ru-RU"}]}},"_links":{"self":[{"href":"https:\/\/motormind.ee\/ru\/wp-json\/wp\/v2\/product\/1291","targetHints":{"allow":["GET"]}}],"collection":[{"href":"https:\/\/motormind.ee\/ru\/wp-json\/wp\/v2\/product"}],"about":[{"href":"https:\/\/motormind.ee\/ru\/wp-json\/wp\/v2\/types\/product"}],"replies":[{"embeddable":true,"href":"https:\/\/motormind.ee\/ru\/wp-json\/wp\/v2\/comments?post=1291"}],"version-history":[{"count":1,"href":"https:\/\/motormind.ee\/ru\/wp-json\/wp\/v2\/product\/1291\/revisions"}],"predecessor-version":[{"id":1294,"href":"https:\/\/motormind.ee\/ru\/wp-json\/wp\/v2\/product\/1291\/revisions\/1294"}],"wp:featuredmedia":[{"embeddable":true,"href":"https:\/\/motormind.ee\/ru\/wp-json\/wp\/v2\/media\/1292"}],"wp:attachment":[{"href":"https:\/\/motormind.ee\/ru\/wp-json\/wp\/v2\/media?parent=1291"}],"wp:term":[{"taxonomy":"product_brand","embeddable":true,"href":"https:\/\/motormind.ee\/ru\/wp-json\/wp\/v2\/product_brand?post=1291"},{"taxonomy":"product_cat","embeddable":true,"href":"https:\/\/motormind.ee\/ru\/wp-json\/wp\/v2\/product_cat?post=1291"},{"taxonomy":"product_tag","embeddable":true,"href":"https:\/\/motormind.ee\/ru\/wp-json\/wp\/v2\/product_tag?post=1291"}],"curies":[{"name":"wp","href":"https:\/\/api.w.org\/{rel}","templated":true}]}}