{"id":1675,"date":"2025-01-07T21:27:26","date_gmt":"2025-01-07T21:27:26","guid":{"rendered":"https:\/\/motormind.ee\/?post_type=product&#038;p=1675"},"modified":"2026-03-23T11:06:30","modified_gmt":"2026-03-23T11:06:30","slug":"toolehed-%f0%9f%90%bf-sugiseteemaliste-ulesannete-komplekt-%f0%9f%90%bf","status":"publish","type":"product","link":"https:\/\/motormind.ee\/ru\/product\/toolehed-%f0%9f%90%bf-sugiseteemaliste-ulesannete-komplekt-%f0%9f%90%bf\/","title":{"rendered":"T\u00f6\u00f6lehed: &#8220;S\u00fcgiseteemaliste \u00fclesannete komplekt&#8221;"},"content":{"rendered":"<div class=\"html-div xdj266r x11i5rnm x1mh8g0r xexx8yu x4uap5 x18d9i69 xkhd6sd x1e56ztr\"><span class=\"x193iq5w xeuugli x13faqbe x1vvkbs xlh3980 xvmahel x1n0sxbx x6prxxf xvq8zen xo1l8bm xzsf02u\"><span class=\"html-span xdj266r x11i5rnm xat24cr x1mh8g0r xexx8yu x4uap5 x18d9i69 xkhd6sd x1hl2dhg x16tdsg8 x1vvkbs\"><strong class=\"html-strong xdj266r x11i5rnm xat24cr x1mh8g0r xexx8yu x4uap5 x18d9i69 xkhd6sd x1hl2dhg x16tdsg8 x1vvkbs x1s688f\">Puude ja lehtede tundma\u00f5ppimine:<\/strong><\/span><\/span><\/div>\n<div class=\"html-div xdj266r x11i5rnm x1mh8g0r xexx8yu x4uap5 x18d9i69 xkhd6sd x1e56ztr\"><span class=\"x193iq5w xeuugli x13faqbe x1vvkbs xlh3980 xvmahel x1n0sxbx x6prxxf xvq8zen xo1l8bm xzsf02u\">\u2022 Laps tutvub erinevate puuliikidega (hobukastan, vaher, tamm jne).<\/span><\/div>\n<div class=\"html-div xdj266r x11i5rnm x1mh8g0r xexx8yu x4uap5 x18d9i69 xkhd6sd x1e56ztr\"><span class=\"x193iq5w xeuugli x13faqbe x1vvkbs xlh3980 xvmahel x1n0sxbx x6prxxf xvq8zen xo1l8bm xzsf02u\">\u2022 Harjutused lehtede ja viljade \u00e4ratundmiseks ja nende vastavusse viimiseks \u00f5ige puuga.<\/span><\/div>\n<div class=\"html-div xdj266r x11i5rnm x1mh8g0r xexx8yu x4uap5 x18d9i69 xkhd6sd x1e56ztr\"><span class=\"x193iq5w xeuugli x13faqbe x1vvkbs xlh3980 xvmahel x1n0sxbx x6prxxf xvq8zen xo1l8bm xzsf02u\"><span class=\"html-span xdj266r x11i5rnm xat24cr x1mh8g0r xexx8yu x4uap5 x18d9i69 xkhd6sd x1hl2dhg x16tdsg8 x1vvkbs\"><strong class=\"html-strong xdj266r x11i5rnm xat24cr x1mh8g0r xexx8yu x4uap5 x18d9i69 xkhd6sd x1hl2dhg x16tdsg8 x1vvkbs x1s688f\">Puu \u00fclesehitus:<\/strong><\/span><\/span><\/div>\n<div class=\"html-div xdj266r x11i5rnm x1mh8g0r xexx8yu x4uap5 x18d9i69 xkhd6sd x1e56ztr\"><span class=\"x193iq5w xeuugli x13faqbe x1vvkbs xlh3980 xvmahel x1n0sxbx x6prxxf xvq8zen xo1l8bm xzsf02u\">\u2022 \u00dclesanne puu osade m\u00e4rkimiseks: juured, t\u00fcvi, oksad, lehed, \u00f5ied.<\/span><\/div>\n<div class=\"html-div xdj266r x11i5rnm x1mh8g0r xexx8yu x4uap5 x18d9i69 xkhd6sd x1e56ztr\"><span class=\"x193iq5w xeuugli x13faqbe x1vvkbs xlh3980 xvmahel x1n0sxbx x6prxxf xvq8zen xo1l8bm xzsf02u\">\u2022 Osade \u00e4ratundmise ja meeldej\u00e4tmise oskuse arendamine.<\/span><\/div>\n<div class=\"html-div xdj266r x11i5rnm x1mh8g0r xexx8yu x4uap5 x18d9i69 xkhd6sd x1e56ztr\"><span class=\"x193iq5w xeuugli x13faqbe x1vvkbs xlh3980 xvmahel x1n0sxbx x6prxxf xvq8zen xo1l8bm xzsf02u\"><span class=\"html-span xdj266r x11i5rnm xat24cr x1mh8g0r xexx8yu x4uap5 x18d9i69 xkhd6sd x1hl2dhg x16tdsg8 x1vvkbs\"><strong class=\"html-strong xdj266r x11i5rnm xat24cr x1mh8g0r xexx8yu x4uap5 x18d9i69 xkhd6sd x1hl2dhg x16tdsg8 x1vvkbs x1s688f\">S\u00fcgislehed:<\/strong><\/span><\/span><\/div>\n<div class=\"html-div xdj266r x11i5rnm x1mh8g0r xexx8yu x4uap5 x18d9i69 xkhd6sd x1e56ztr\"><span class=\"x193iq5w xeuugli x13faqbe x1vvkbs xlh3980 xvmahel x1n0sxbx x6prxxf xvq8zen xo1l8bm xzsf02u\">\u2022 M\u00e4ng, kus tuleb leida kahest reast \u00fchesugused lehed ja \u00fchendada need joonteg<\/span><\/div>\n<div class=\"html-div xdj266r x11i5rnm x1mh8g0r xexx8yu x4uap5 x18d9i69 xkhd6sd x1e56ztr\"><span class=\"x193iq5w xeuugli x13faqbe x1vvkbs xlh3980 xvmahel x1n0sxbx x6prxxf xvq8zen xo1l8bm xzsf02u\">\u2022 Klassifitseerimise ja detailide m\u00e4rkamise oskuse arendamine.<\/span><\/div>\n<div class=\"html-div xdj266r x11i5rnm x1mh8g0r xexx8yu x4uap5 x18d9i69 xkhd6sd x1e56ztr\"><span class=\"x193iq5w xeuugli x13faqbe x1vvkbs xlh3980 xvmahel x1n0sxbx x6prxxf xvq8zen xo1l8bm xzsf02u\"><span class=\"html-span xdj266r x11i5rnm xat24cr x1mh8g0r xexx8yu x4uap5 x18d9i69 xkhd6sd x1hl2dhg x16tdsg8 x1vvkbs\"><strong class=\"html-strong xdj266r x11i5rnm xat24cr x1mh8g0r xexx8yu x4uap5 x18d9i69 xkhd6sd x1hl2dhg x16tdsg8 x1vvkbs x1s688f\">Geomeetrilised kujundid ja looduslikud elemendid:<\/strong><\/span><\/span><\/div>\n<div class=\"html-div xdj266r x11i5rnm x1mh8g0r xexx8yu x4uap5 x18d9i69 xkhd6sd x1e56ztr\"><span class=\"x193iq5w xeuugli x13faqbe x1vvkbs xlh3980 xvmahel x1n0sxbx x6prxxf xvq8zen xo1l8bm xzsf02u\">\u2022 Piltide (lehed, seened) vastavusse viimine sobivate geomeetriliste kujunditega.<\/span><\/div>\n<div class=\"html-div xdj266r x11i5rnm x1mh8g0r xexx8yu x4uap5 x18d9i69 xkhd6sd x1e56ztr\"><span class=\"x193iq5w xeuugli x13faqbe x1vvkbs xlh3980 xvmahel x1n0sxbx x6prxxf xvq8zen xo1l8bm xzsf02u\">\u2022 Loogilise m\u00f5tlemise ja klassifitseerimisoskuste arendamine.<\/span><\/div>\n<div class=\"html-div xdj266r x11i5rnm x1mh8g0r xexx8yu x4uap5 x18d9i69 xkhd6sd x1e56ztr\"><span class=\"x193iq5w xeuugli x13faqbe x1vvkbs xlh3980 xvmahel x1n0sxbx x6prxxf xvq8zen xo1l8bm xzsf02u\"><span class=\"html-span xdj266r x11i5rnm xat24cr x1mh8g0r xexx8yu x4uap5 x18d9i69 xkhd6sd x1hl2dhg x16tdsg8 x1vvkbs\"><strong class=\"html-strong xdj266r x11i5rnm xat24cr x1mh8g0r xexx8yu x4uap5 x18d9i69 xkhd6sd x1hl2dhg x16tdsg8 x1vvkbs x1s688f\">Loendus ja t\u00f5rud:<\/strong><\/span><\/span><\/div>\n<div class=\"html-div xdj266r x11i5rnm x1mh8g0r xexx8yu x4uap5 x18d9i69 xkhd6sd x1e56ztr\"><span class=\"x193iq5w xeuugli x13faqbe x1vvkbs xlh3980 xvmahel x1n0sxbx x6prxxf xvq8zen xo1l8bm xzsf02u\">\u2022 Loendamise \u00fclesanne: joonistada t\u00f5rude alla niipalju ruute, kui t\u00f5rul on kirjas number.<\/span><\/div>\n<div class=\"html-div xdj266r x11i5rnm x1mh8g0r xexx8yu x4uap5 x18d9i69 xkhd6sd x1e56ztr\"><span class=\"x193iq5w xeuugli x13faqbe x1vvkbs xlh3980 xvmahel x1n0sxbx x6prxxf xvq8zen xo1l8bm xzsf02u\">\u2022 Loendamisoskuse ja visuaalse tajumise arendamine.<\/span><\/div>\n<div class=\"html-div xdj266r x11i5rnm x1mh8g0r xexx8yu x4uap5 x18d9i69 xkhd6sd x1e56ztr\"><span class=\"x193iq5w xeuugli x13faqbe x1vvkbs xlh3980 xvmahel x1n0sxbx x6prxxf xvq8zen xo1l8bm xzsf02u\"><span class=\"html-span xdj266r x11i5rnm xat24cr x1mh8g0r xexx8yu x4uap5 x18d9i69 xkhd6sd x1hl2dhg x16tdsg8 x1vvkbs\"><strong class=\"html-strong xdj266r x11i5rnm xat24cr x1mh8g0r xexx8yu x4uap5 x18d9i69 xkhd6sd x1hl2dhg x16tdsg8 x1vvkbs x1s688f\">L\u00f5bus m\u00e4ng oravaga:<\/strong><\/span><\/span><\/div>\n<div class=\"html-div xdj266r x11i5rnm x1mh8g0r xexx8yu x4uap5 x18d9i69 xkhd6sd x1e56ztr\"><span class=\"x193iq5w xeuugli x13faqbe x1vvkbs xlh3980 xvmahel x1n0sxbx x6prxxf xvq8zen xo1l8bm xzsf02u\">\u2022 M\u00e4ng, kus orav kogub korvi vilju.<\/span><\/div>\n<div class=\"html-div xdj266r x11i5rnm x1mh8g0r xexx8yu x4uap5 x18d9i69 xkhd6sd x1e56ztr\"><span class=\"x193iq5w xeuugli x13faqbe x1vvkbs xlh3980 xvmahel x1n0sxbx x6prxxf xvq8zen xo1l8bm xzsf02u\">\u2022 M\u00e4nguelement muudab \u00f5ppimise p\u00f5nevamaks, aidates teadmisi kinnistada suhtluse kaudu.<\/span><\/div>\n<div class=\"html-div xdj266r x11i5rnm x1mh8g0r xexx8yu x4uap5 x18d9i69 xkhd6sd x1e56ztr\"><span class=\"x193iq5w xeuugli x13faqbe x1vvkbs xlh3980 xvmahel x1n0sxbx x6prxxf xvq8zen xo1l8bm xzsf02u\"><span class=\"html-span xdj266r x11i5rnm xat24cr x1mh8g0r xexx8yu x4uap5 x18d9i69 xkhd6sd x1hl2dhg x16tdsg8 x1vvkbs\"><strong class=\"html-strong xdj266r x11i5rnm xat24cr x1mh8g0r xexx8yu x4uap5 x18d9i69 xkhd6sd x1hl2dhg x16tdsg8 x1vvkbs x1s688f\">S\u00fcgisene atmosf\u00e4\u00e4r:<\/strong><\/span><\/span><\/div>\n<div class=\"html-div xdj266r x11i5rnm x1mh8g0r xexx8yu x4uap5 x18d9i69 xkhd6sd x1e56ztr\"><span class=\"x193iq5w xeuugli x13faqbe x1vvkbs xlh3980 xvmahel x1n0sxbx x6prxxf xvq8zen xo1l8bm xzsf02u\">\u2022 Kompleks on kujundatud s\u00fcgiselementidega (lehed, viljad, marjad), mis loovad teemakohase atmosf\u00e4\u00e4ri.<\/span><\/div>\n<div class=\"html-div xdj266r x11i5rnm x1mh8g0r xexx8yu x4uap5 x18d9i69 xkhd6sd x1e56ztr\"><\/div>\n<div class=\"html-div xdj266r x11i5rnm x1mh8g0r xexx8yu x4uap5 x18d9i69 xkhd6sd x1e56ztr\"><span class=\"x193iq5w xeuugli x13faqbe x1vvkbs xlh3980 xvmahel x1n0sxbx x6prxxf xvq8zen xo1l8bm xzsf02u\">See komplekt \u00fchendab \u00f5ppimise ja m\u00e4ngu, aidates looduse ja hooajaliste muutuste tundma\u00f5ppimist praktilise tegevuse ja interaktiivsete \u00fclesannete kaudu.<\/span><\/div>\n<div><\/div>\n<div>15 lk<\/div>\n<div><\/div>\n<div>Tegemist on digitaalse tootega (PDF). P\u00e4rast makset saadetakse allalaadimislink teie e-mailile.<\/div>","protected":false},"excerpt":{"rendered":"<p>Puude ja lehtede tundma\u00f5ppimine: \u2022 Laps tutvub erinevate puuliikidega (hobukastan, vaher, tamm jne). \u2022 Harjutused lehtede ja viljade \u00e4ratundmiseks ja nende vastavusse viimiseks \u00f5ige puuga. Puu \u00fclesehitus: \u2022 \u00dclesanne puu osade m\u00e4rkimiseks: juured, t\u00fcvi, oksad, lehed, \u00f5ied. \u2022 Osade \u00e4ratundmise ja meeldej\u00e4tmise oskuse arendamine. S\u00fcgislehed: \u2022 M\u00e4ng, kus tuleb leida kahest reast \u00fchesugused lehed ja [&hellip;]<\/p>\n","protected":false},"featured_media":1742,"comment_status":"open","ping_status":"closed","template":"","meta":[],"product_brand":[],"product_cat":[22,157],"product_tag":[],"class_list":{"0":"post-1675","1":"product","2":"type-product","3":"status-publish","4":"has-post-thumbnail","6":"product_cat-toolehed","7":"product_cat-temaatilised-ja-hooajalised-toolehed","9":"first","10":"instock","11":"shipping-taxable","12":"purchasable","13":"product-type-variable"},"yoast_head":"<!-- This site is optimized with the Yoast SEO plugin v27.4 - https:\/\/yoast.com\/product\/yoast-seo-wordpress\/ -->\n<title>T\u00f6\u00f6lehed: &quot;S\u00fcgiseteemaliste \u00fclesannete komplekt&quot; - Motormind<\/title>\n<meta name=\"robots\" content=\"index, follow, max-snippet:-1, max-image-preview:large, max-video-preview:-1\" \/>\n<link rel=\"canonical\" href=\"https:\/\/motormind.ee\/ru\/product\/toolehed-\ud83d\udc3f-sugiseteemaliste-ulesannete-komplekt-\ud83d\udc3f\/\" \/>\n<meta property=\"og:locale\" content=\"ru_RU\" \/>\n<meta property=\"og:type\" content=\"article\" \/>\n<meta property=\"og:title\" content=\"T\u00f6\u00f6lehed: &quot;S\u00fcgiseteemaliste \u00fclesannete komplekt&quot; - Motormind\" \/>\n<meta property=\"og:description\" content=\"Puude ja lehtede tundma\u00f5ppimine: \u2022 Laps tutvub erinevate puuliikidega (hobukastan, vaher, tamm jne). \u2022 Harjutused lehtede ja viljade \u00e4ratundmiseks ja nende vastavusse viimiseks \u00f5ige puuga. Puu \u00fclesehitus: \u2022 \u00dclesanne puu osade m\u00e4rkimiseks: juured, t\u00fcvi, oksad, lehed, \u00f5ied. \u2022 Osade \u00e4ratundmise ja meeldej\u00e4tmise oskuse arendamine. S\u00fcgislehed: \u2022 M\u00e4ng, kus tuleb leida kahest reast \u00fchesugused lehed ja [&hellip;]\" \/>\n<meta property=\"og:url\" content=\"https:\/\/motormind.ee\/ru\/product\/toolehed-\ud83d\udc3f-sugiseteemaliste-ulesannete-komplekt-\ud83d\udc3f\/\" \/>\n<meta property=\"og:site_name\" content=\"Motormind\" \/>\n<meta property=\"article:modified_time\" content=\"2026-03-23T11:06:30+00:00\" \/>\n<meta property=\"og:image\" content=\"https:\/\/motormind.ee\/wp-content\/uploads\/2025\/01\/IMG_8928.jpg\" \/>\n\t<meta property=\"og:image:width\" content=\"2048\" \/>\n\t<meta property=\"og:image:height\" content=\"2048\" \/>\n\t<meta property=\"og:image:type\" content=\"image\/jpeg\" \/>\n<meta name=\"twitter:card\" content=\"summary_large_image\" \/>\n<meta name=\"twitter:label1\" content=\"\u041f\u0440\u0438\u043c\u0435\u0440\u043d\u043e\u0435 \u0432\u0440\u0435\u043c\u044f \u0434\u043b\u044f \u0447\u0442\u0435\u043d\u0438\u044f\" \/>\n\t<meta name=\"twitter:data1\" content=\"2 \u043c\u0438\u043d\u0443\u0442\u044b\" \/>\n<script type=\"application\/ld+json\" class=\"yoast-schema-graph\">{\"@context\":\"https:\\\/\\\/schema.org\",\"@graph\":[{\"@type\":\"WebPage\",\"@id\":\"https:\\\/\\\/motormind.ee\\\/product\\\/toolehed-%f0%9f%90%bf-sugiseteemaliste-ulesannete-komplekt-%f0%9f%90%bf\\\/\",\"url\":\"https:\\\/\\\/motormind.ee\\\/product\\\/toolehed-%f0%9f%90%bf-sugiseteemaliste-ulesannete-komplekt-%f0%9f%90%bf\\\/\",\"name\":\"T\u00f6\u00f6lehed: \\\"S\u00fcgiseteemaliste \u00fclesannete komplekt\\\" - Motormind\",\"isPartOf\":{\"@id\":\"https:\\\/\\\/motormind.ee\\\/#website\"},\"primaryImageOfPage\":{\"@id\":\"https:\\\/\\\/motormind.ee\\\/product\\\/toolehed-%f0%9f%90%bf-sugiseteemaliste-ulesannete-komplekt-%f0%9f%90%bf\\\/#primaryimage\"},\"image\":{\"@id\":\"https:\\\/\\\/motormind.ee\\\/product\\\/toolehed-%f0%9f%90%bf-sugiseteemaliste-ulesannete-komplekt-%f0%9f%90%bf\\\/#primaryimage\"},\"thumbnailUrl\":\"https:\\\/\\\/motormind.ee\\\/wp-content\\\/uploads\\\/2025\\\/01\\\/IMG_8928.jpg\",\"datePublished\":\"2025-01-07T21:27:26+00:00\",\"dateModified\":\"2026-03-23T11:06:30+00:00\",\"breadcrumb\":{\"@id\":\"https:\\\/\\\/motormind.ee\\\/product\\\/toolehed-%f0%9f%90%bf-sugiseteemaliste-ulesannete-komplekt-%f0%9f%90%bf\\\/#breadcrumb\"},\"inLanguage\":\"ru-RU\",\"potentialAction\":[{\"@type\":\"ReadAction\",\"target\":[\"https:\\\/\\\/motormind.ee\\\/product\\\/toolehed-%f0%9f%90%bf-sugiseteemaliste-ulesannete-komplekt-%f0%9f%90%bf\\\/\"]}]},{\"@type\":\"ImageObject\",\"inLanguage\":\"ru-RU\",\"@id\":\"https:\\\/\\\/motormind.ee\\\/product\\\/toolehed-%f0%9f%90%bf-sugiseteemaliste-ulesannete-komplekt-%f0%9f%90%bf\\\/#primaryimage\",\"url\":\"https:\\\/\\\/motormind.ee\\\/wp-content\\\/uploads\\\/2025\\\/01\\\/IMG_8928.jpg\",\"contentUrl\":\"https:\\\/\\\/motormind.ee\\\/wp-content\\\/uploads\\\/2025\\\/01\\\/IMG_8928.jpg\",\"width\":2048,\"height\":2048},{\"@type\":\"BreadcrumbList\",\"@id\":\"https:\\\/\\\/motormind.ee\\\/product\\\/toolehed-%f0%9f%90%bf-sugiseteemaliste-ulesannete-komplekt-%f0%9f%90%bf\\\/#breadcrumb\",\"itemListElement\":[{\"@type\":\"ListItem\",\"position\":1,\"name\":\"\u0413\u043b\u0430\u0432\u043d\u0430\u044f \u0441\u0442\u0440\u0430\u043d\u0438\u0446\u0430\",\"item\":\"https:\\\/\\\/motormind.ee\\\/\"},{\"@type\":\"ListItem\",\"position\":2,\"name\":\"E-pood\",\"item\":\"https:\\\/\\\/motormind.ee\\\/shop\\\/\"},{\"@type\":\"ListItem\",\"position\":3,\"name\":\"T\u00f6\u00f6lehed: &#8220;S\u00fcgiseteemaliste \u00fclesannete komplekt&#8221;\"}]},{\"@type\":\"WebSite\",\"@id\":\"https:\\\/\\\/motormind.ee\\\/#website\",\"url\":\"https:\\\/\\\/motormind.ee\\\/\",\"name\":\"Motormind\",\"description\":\"&Otilde;pi r&otilde;&otilde;muga, &otilde;pi m&auml;ngides!\",\"potentialAction\":[{\"@type\":\"SearchAction\",\"target\":{\"@type\":\"EntryPoint\",\"urlTemplate\":\"https:\\\/\\\/motormind.ee\\\/?s={search_term_string}\"},\"query-input\":{\"@type\":\"PropertyValueSpecification\",\"valueRequired\":true,\"valueName\":\"search_term_string\"}}],\"inLanguage\":\"ru-RU\"}]}<\/script>\n<!-- \/ Yoast SEO plugin. -->","yoast_head_json":{"title":"T\u00f6\u00f6lehed: \"S\u00fcgiseteemaliste \u00fclesannete komplekt\" - Motormind","robots":{"index":"index","follow":"follow","max-snippet":"max-snippet:-1","max-image-preview":"max-image-preview:large","max-video-preview":"max-video-preview:-1"},"canonical":"https:\/\/motormind.ee\/ru\/product\/toolehed-\ud83d\udc3f-sugiseteemaliste-ulesannete-komplekt-\ud83d\udc3f\/","og_locale":"ru_RU","og_type":"article","og_title":"T\u00f6\u00f6lehed: \"S\u00fcgiseteemaliste \u00fclesannete komplekt\" - Motormind","og_description":"Puude ja lehtede tundma\u00f5ppimine: \u2022 Laps tutvub erinevate puuliikidega (hobukastan, vaher, tamm jne). \u2022 Harjutused lehtede ja viljade \u00e4ratundmiseks ja nende vastavusse viimiseks \u00f5ige puuga. Puu \u00fclesehitus: \u2022 \u00dclesanne puu osade m\u00e4rkimiseks: juured, t\u00fcvi, oksad, lehed, \u00f5ied. \u2022 Osade \u00e4ratundmise ja meeldej\u00e4tmise oskuse arendamine. S\u00fcgislehed: \u2022 M\u00e4ng, kus tuleb leida kahest reast \u00fchesugused lehed ja [&hellip;]","og_url":"https:\/\/motormind.ee\/ru\/product\/toolehed-\ud83d\udc3f-sugiseteemaliste-ulesannete-komplekt-\ud83d\udc3f\/","og_site_name":"Motormind","article_modified_time":"2026-03-23T11:06:30+00:00","og_image":[{"width":2048,"height":2048,"url":"https:\/\/motormind.ee\/wp-content\/uploads\/2025\/01\/IMG_8928.jpg","type":"image\/jpeg"}],"twitter_card":"summary_large_image","twitter_misc":{"\u041f\u0440\u0438\u043c\u0435\u0440\u043d\u043e\u0435 \u0432\u0440\u0435\u043c\u044f \u0434\u043b\u044f \u0447\u0442\u0435\u043d\u0438\u044f":"2 \u043c\u0438\u043d\u0443\u0442\u044b"},"schema":{"@context":"https:\/\/schema.org","@graph":[{"@type":"WebPage","@id":"https:\/\/motormind.ee\/product\/toolehed-%f0%9f%90%bf-sugiseteemaliste-ulesannete-komplekt-%f0%9f%90%bf\/","url":"https:\/\/motormind.ee\/product\/toolehed-%f0%9f%90%bf-sugiseteemaliste-ulesannete-komplekt-%f0%9f%90%bf\/","name":"T\u00f6\u00f6lehed: \"S\u00fcgiseteemaliste \u00fclesannete komplekt\" - Motormind","isPartOf":{"@id":"https:\/\/motormind.ee\/#website"},"primaryImageOfPage":{"@id":"https:\/\/motormind.ee\/product\/toolehed-%f0%9f%90%bf-sugiseteemaliste-ulesannete-komplekt-%f0%9f%90%bf\/#primaryimage"},"image":{"@id":"https:\/\/motormind.ee\/product\/toolehed-%f0%9f%90%bf-sugiseteemaliste-ulesannete-komplekt-%f0%9f%90%bf\/#primaryimage"},"thumbnailUrl":"https:\/\/motormind.ee\/wp-content\/uploads\/2025\/01\/IMG_8928.jpg","datePublished":"2025-01-07T21:27:26+00:00","dateModified":"2026-03-23T11:06:30+00:00","breadcrumb":{"@id":"https:\/\/motormind.ee\/product\/toolehed-%f0%9f%90%bf-sugiseteemaliste-ulesannete-komplekt-%f0%9f%90%bf\/#breadcrumb"},"inLanguage":"ru-RU","potentialAction":[{"@type":"ReadAction","target":["https:\/\/motormind.ee\/product\/toolehed-%f0%9f%90%bf-sugiseteemaliste-ulesannete-komplekt-%f0%9f%90%bf\/"]}]},{"@type":"ImageObject","inLanguage":"ru-RU","@id":"https:\/\/motormind.ee\/product\/toolehed-%f0%9f%90%bf-sugiseteemaliste-ulesannete-komplekt-%f0%9f%90%bf\/#primaryimage","url":"https:\/\/motormind.ee\/wp-content\/uploads\/2025\/01\/IMG_8928.jpg","contentUrl":"https:\/\/motormind.ee\/wp-content\/uploads\/2025\/01\/IMG_8928.jpg","width":2048,"height":2048},{"@type":"BreadcrumbList","@id":"https:\/\/motormind.ee\/product\/toolehed-%f0%9f%90%bf-sugiseteemaliste-ulesannete-komplekt-%f0%9f%90%bf\/#breadcrumb","itemListElement":[{"@type":"ListItem","position":1,"name":"\u0413\u043b\u0430\u0432\u043d\u0430\u044f \u0441\u0442\u0440\u0430\u043d\u0438\u0446\u0430","item":"https:\/\/motormind.ee\/"},{"@type":"ListItem","position":2,"name":"E-pood","item":"https:\/\/motormind.ee\/shop\/"},{"@type":"ListItem","position":3,"name":"T\u00f6\u00f6lehed: &#8220;S\u00fcgiseteemaliste \u00fclesannete komplekt&#8221;"}]},{"@type":"WebSite","@id":"https:\/\/motormind.ee\/#website","url":"https:\/\/motormind.ee\/","name":"Motormind","description":"&Otilde;pi r&otilde;&otilde;muga, &otilde;pi m&auml;ngides!","potentialAction":[{"@type":"SearchAction","target":{"@type":"EntryPoint","urlTemplate":"https:\/\/motormind.ee\/?s={search_term_string}"},"query-input":{"@type":"PropertyValueSpecification","valueRequired":true,"valueName":"search_term_string"}}],"inLanguage":"ru-RU"}]}},"_links":{"self":[{"href":"https:\/\/motormind.ee\/ru\/wp-json\/wp\/v2\/product\/1675","targetHints":{"allow":["GET"]}}],"collection":[{"href":"https:\/\/motormind.ee\/ru\/wp-json\/wp\/v2\/product"}],"about":[{"href":"https:\/\/motormind.ee\/ru\/wp-json\/wp\/v2\/types\/product"}],"replies":[{"embeddable":true,"href":"https:\/\/motormind.ee\/ru\/wp-json\/wp\/v2\/comments?post=1675"}],"version-history":[{"count":6,"href":"https:\/\/motormind.ee\/ru\/wp-json\/wp\/v2\/product\/1675\/revisions"}],"predecessor-version":[{"id":4322,"href":"https:\/\/motormind.ee\/ru\/wp-json\/wp\/v2\/product\/1675\/revisions\/4322"}],"wp:featuredmedia":[{"embeddable":true,"href":"https:\/\/motormind.ee\/ru\/wp-json\/wp\/v2\/media\/1742"}],"wp:attachment":[{"href":"https:\/\/motormind.ee\/ru\/wp-json\/wp\/v2\/media?parent=1675"}],"wp:term":[{"taxonomy":"product_brand","embeddable":true,"href":"https:\/\/motormind.ee\/ru\/wp-json\/wp\/v2\/product_brand?post=1675"},{"taxonomy":"product_cat","embeddable":true,"href":"https:\/\/motormind.ee\/ru\/wp-json\/wp\/v2\/product_cat?post=1675"},{"taxonomy":"product_tag","embeddable":true,"href":"https:\/\/motormind.ee\/ru\/wp-json\/wp\/v2\/product_tag?post=1675"}],"curies":[{"name":"wp","href":"https:\/\/api.w.org\/{rel}","templated":true}]}}