{"id":1720,"date":"2025-01-07T22:03:21","date_gmt":"2025-01-07T22:03:21","guid":{"rendered":"https:\/\/motormind.ee\/?post_type=product&#038;p=1720"},"modified":"2026-03-18T12:19:11","modified_gmt":"2026-03-18T12:19:11","slug":"toolehed-matemaatika-monuga","status":"publish","type":"product","link":"https:\/\/motormind.ee\/ru\/product\/toolehed-matemaatika-monuga\/","title":{"rendered":"T\u00f6\u00f6lehed: &#8220;Matemaatika m\u00f5nuga&#8221;"},"content":{"rendered":"<p>See PDF-fail sisaldab<span class=\"html-span xdj266r x11i5rnm xat24cr x1mh8g0r xexx8yu x4uap5 x18d9i69 xkhd6sd x1hl2dhg x16tdsg8 x1vvkbs\"><strong class=\"html-strong xdj266r x11i5rnm xat24cr x1mh8g0r xexx8yu x4uap5 x18d9i69 xkhd6sd x1hl2dhg x16tdsg8 x1vvkbs x1s688f\"> 11 lehek\u00fclge<\/strong><\/span> v\u00e4rvilisi ja l\u00f5busaid matemaatika\u00fclesandeid, mis aitavad lastel harjutada arvutamist, m\u00f5tlemist ja loogikat. \u00dclesannetes on kasutatud erinevaid m\u00e4ngulisi meetodeid, et \u00f5ppimine oleks nauditav ja huvitav. <span class=\"html-span xdj266r x11i5rnm xat24cr x1mh8g0r xexx8yu x4uap5 x18d9i69 xkhd6sd x1hl2dhg x16tdsg8 x1vvkbs\"><strong class=\"html-strong xdj266r x11i5rnm xat24cr x1mh8g0r xexx8yu x4uap5 x18d9i69 xkhd6sd x1hl2dhg x16tdsg8 x1vvkbs x1s688f\">Sobib algklasside \u00f5pilastele.<\/strong><\/span><\/p>\n<p>&nbsp;<\/p>\n<p>Tegemist on digitaalse tootega (PDF). P\u00e4rast makset saadetakse allalaadimislink teie e-mailile.<\/p>","protected":false},"excerpt":{"rendered":"<p>See PDF-fail sisaldab 11 lehek\u00fclge v\u00e4rvilisi ja l\u00f5busaid matemaatika\u00fclesandeid, mis aitavad lastel harjutada arvutamist, m\u00f5tlemist ja loogikat. \u00dclesannetes on kasutatud erinevaid m\u00e4ngulisi meetodeid, et \u00f5ppimine oleks nauditav ja huvitav. Sobib algklasside \u00f5pilastele. &nbsp; Tegemist on digitaalse tootega (PDF). P\u00e4rast makset saadetakse allalaadimislink teie e-mailile.<\/p>","protected":false},"featured_media":1740,"comment_status":"open","ping_status":"closed","template":"","meta":[],"product_brand":[],"product_cat":[152,22],"product_tag":[],"class_list":{"0":"post-1720","1":"product","2":"type-product","3":"status-publish","4":"has-post-thumbnail","6":"product_cat-matemaatika-ja-loogika","7":"product_cat-toolehed","9":"first","10":"instock","11":"shipping-taxable","12":"purchasable","13":"product-type-variable"},"yoast_head":"<!-- This site is optimized with the Yoast SEO plugin v27.4 - https:\/\/yoast.com\/product\/yoast-seo-wordpress\/ -->\n<title>T\u00f6\u00f6lehed: &quot;Matemaatika m\u00f5nuga&quot; - Motormind<\/title>\n<meta name=\"robots\" content=\"index, follow, max-snippet:-1, max-image-preview:large, max-video-preview:-1\" \/>\n<link rel=\"canonical\" href=\"https:\/\/motormind.ee\/ru\/product\/toolehed-matemaatika-monuga\/\" \/>\n<meta property=\"og:locale\" content=\"ru_RU\" \/>\n<meta property=\"og:type\" content=\"article\" \/>\n<meta property=\"og:title\" content=\"T\u00f6\u00f6lehed: &quot;Matemaatika m\u00f5nuga&quot; - Motormind\" \/>\n<meta property=\"og:description\" content=\"See PDF-fail sisaldab 11 lehek\u00fclge v\u00e4rvilisi ja l\u00f5busaid matemaatika\u00fclesandeid, mis aitavad lastel harjutada arvutamist, m\u00f5tlemist ja loogikat. \u00dclesannetes on kasutatud erinevaid m\u00e4ngulisi meetodeid, et \u00f5ppimine oleks nauditav ja huvitav. Sobib algklasside \u00f5pilastele. &nbsp; Tegemist on digitaalse tootega (PDF). P\u00e4rast makset saadetakse allalaadimislink teie e-mailile.\" \/>\n<meta property=\"og:url\" content=\"https:\/\/motormind.ee\/ru\/product\/toolehed-matemaatika-monuga\/\" \/>\n<meta property=\"og:site_name\" content=\"Motormind\" \/>\n<meta property=\"article:modified_time\" content=\"2026-03-18T12:19:11+00:00\" \/>\n<meta property=\"og:image\" content=\"https:\/\/motormind.ee\/wp-content\/uploads\/2025\/01\/IMG_8929.jpg\" \/>\n\t<meta property=\"og:image:width\" content=\"2048\" \/>\n\t<meta property=\"og:image:height\" content=\"2048\" \/>\n\t<meta property=\"og:image:type\" content=\"image\/jpeg\" \/>\n<meta name=\"twitter:card\" content=\"summary_large_image\" \/>\n<meta name=\"twitter:label1\" content=\"\u041f\u0440\u0438\u043c\u0435\u0440\u043d\u043e\u0435 \u0432\u0440\u0435\u043c\u044f \u0434\u043b\u044f \u0447\u0442\u0435\u043d\u0438\u044f\" \/>\n\t<meta name=\"twitter:data1\" content=\"1 \u043c\u0438\u043d\u0443\u0442\u0430\" \/>\n<script type=\"application\/ld+json\" class=\"yoast-schema-graph\">{\"@context\":\"https:\\\/\\\/schema.org\",\"@graph\":[{\"@type\":\"WebPage\",\"@id\":\"https:\\\/\\\/motormind.ee\\\/product\\\/toolehed-matemaatika-monuga\\\/\",\"url\":\"https:\\\/\\\/motormind.ee\\\/product\\\/toolehed-matemaatika-monuga\\\/\",\"name\":\"T\u00f6\u00f6lehed: \\\"Matemaatika m\u00f5nuga\\\" - Motormind\",\"isPartOf\":{\"@id\":\"https:\\\/\\\/motormind.ee\\\/#website\"},\"primaryImageOfPage\":{\"@id\":\"https:\\\/\\\/motormind.ee\\\/product\\\/toolehed-matemaatika-monuga\\\/#primaryimage\"},\"image\":{\"@id\":\"https:\\\/\\\/motormind.ee\\\/product\\\/toolehed-matemaatika-monuga\\\/#primaryimage\"},\"thumbnailUrl\":\"https:\\\/\\\/motormind.ee\\\/wp-content\\\/uploads\\\/2025\\\/01\\\/IMG_8929.jpg\",\"datePublished\":\"2025-01-07T22:03:21+00:00\",\"dateModified\":\"2026-03-18T12:19:11+00:00\",\"breadcrumb\":{\"@id\":\"https:\\\/\\\/motormind.ee\\\/product\\\/toolehed-matemaatika-monuga\\\/#breadcrumb\"},\"inLanguage\":\"ru-RU\",\"potentialAction\":[{\"@type\":\"ReadAction\",\"target\":[\"https:\\\/\\\/motormind.ee\\\/product\\\/toolehed-matemaatika-monuga\\\/\"]}]},{\"@type\":\"ImageObject\",\"inLanguage\":\"ru-RU\",\"@id\":\"https:\\\/\\\/motormind.ee\\\/product\\\/toolehed-matemaatika-monuga\\\/#primaryimage\",\"url\":\"https:\\\/\\\/motormind.ee\\\/wp-content\\\/uploads\\\/2025\\\/01\\\/IMG_8929.jpg\",\"contentUrl\":\"https:\\\/\\\/motormind.ee\\\/wp-content\\\/uploads\\\/2025\\\/01\\\/IMG_8929.jpg\",\"width\":2048,\"height\":2048},{\"@type\":\"BreadcrumbList\",\"@id\":\"https:\\\/\\\/motormind.ee\\\/product\\\/toolehed-matemaatika-monuga\\\/#breadcrumb\",\"itemListElement\":[{\"@type\":\"ListItem\",\"position\":1,\"name\":\"\u0413\u043b\u0430\u0432\u043d\u0430\u044f \u0441\u0442\u0440\u0430\u043d\u0438\u0446\u0430\",\"item\":\"https:\\\/\\\/motormind.ee\\\/\"},{\"@type\":\"ListItem\",\"position\":2,\"name\":\"E-pood\",\"item\":\"https:\\\/\\\/motormind.ee\\\/shop\\\/\"},{\"@type\":\"ListItem\",\"position\":3,\"name\":\"T\u00f6\u00f6lehed: &#8220;Matemaatika m\u00f5nuga&#8221;\"}]},{\"@type\":\"WebSite\",\"@id\":\"https:\\\/\\\/motormind.ee\\\/#website\",\"url\":\"https:\\\/\\\/motormind.ee\\\/\",\"name\":\"Motormind\",\"description\":\"&Otilde;pi r&otilde;&otilde;muga, &otilde;pi m&auml;ngides!\",\"potentialAction\":[{\"@type\":\"SearchAction\",\"target\":{\"@type\":\"EntryPoint\",\"urlTemplate\":\"https:\\\/\\\/motormind.ee\\\/?s={search_term_string}\"},\"query-input\":{\"@type\":\"PropertyValueSpecification\",\"valueRequired\":true,\"valueName\":\"search_term_string\"}}],\"inLanguage\":\"ru-RU\"}]}<\/script>\n<!-- \/ Yoast SEO plugin. -->","yoast_head_json":{"title":"T\u00f6\u00f6lehed: \"Matemaatika m\u00f5nuga\" - Motormind","robots":{"index":"index","follow":"follow","max-snippet":"max-snippet:-1","max-image-preview":"max-image-preview:large","max-video-preview":"max-video-preview:-1"},"canonical":"https:\/\/motormind.ee\/ru\/product\/toolehed-matemaatika-monuga\/","og_locale":"ru_RU","og_type":"article","og_title":"T\u00f6\u00f6lehed: \"Matemaatika m\u00f5nuga\" - Motormind","og_description":"See PDF-fail sisaldab 11 lehek\u00fclge v\u00e4rvilisi ja l\u00f5busaid matemaatika\u00fclesandeid, mis aitavad lastel harjutada arvutamist, m\u00f5tlemist ja loogikat. \u00dclesannetes on kasutatud erinevaid m\u00e4ngulisi meetodeid, et \u00f5ppimine oleks nauditav ja huvitav. Sobib algklasside \u00f5pilastele. &nbsp; Tegemist on digitaalse tootega (PDF). P\u00e4rast makset saadetakse allalaadimislink teie e-mailile.","og_url":"https:\/\/motormind.ee\/ru\/product\/toolehed-matemaatika-monuga\/","og_site_name":"Motormind","article_modified_time":"2026-03-18T12:19:11+00:00","og_image":[{"width":2048,"height":2048,"url":"https:\/\/motormind.ee\/wp-content\/uploads\/2025\/01\/IMG_8929.jpg","type":"image\/jpeg"}],"twitter_card":"summary_large_image","twitter_misc":{"\u041f\u0440\u0438\u043c\u0435\u0440\u043d\u043e\u0435 \u0432\u0440\u0435\u043c\u044f \u0434\u043b\u044f \u0447\u0442\u0435\u043d\u0438\u044f":"1 \u043c\u0438\u043d\u0443\u0442\u0430"},"schema":{"@context":"https:\/\/schema.org","@graph":[{"@type":"WebPage","@id":"https:\/\/motormind.ee\/product\/toolehed-matemaatika-monuga\/","url":"https:\/\/motormind.ee\/product\/toolehed-matemaatika-monuga\/","name":"T\u00f6\u00f6lehed: \"Matemaatika m\u00f5nuga\" - Motormind","isPartOf":{"@id":"https:\/\/motormind.ee\/#website"},"primaryImageOfPage":{"@id":"https:\/\/motormind.ee\/product\/toolehed-matemaatika-monuga\/#primaryimage"},"image":{"@id":"https:\/\/motormind.ee\/product\/toolehed-matemaatika-monuga\/#primaryimage"},"thumbnailUrl":"https:\/\/motormind.ee\/wp-content\/uploads\/2025\/01\/IMG_8929.jpg","datePublished":"2025-01-07T22:03:21+00:00","dateModified":"2026-03-18T12:19:11+00:00","breadcrumb":{"@id":"https:\/\/motormind.ee\/product\/toolehed-matemaatika-monuga\/#breadcrumb"},"inLanguage":"ru-RU","potentialAction":[{"@type":"ReadAction","target":["https:\/\/motormind.ee\/product\/toolehed-matemaatika-monuga\/"]}]},{"@type":"ImageObject","inLanguage":"ru-RU","@id":"https:\/\/motormind.ee\/product\/toolehed-matemaatika-monuga\/#primaryimage","url":"https:\/\/motormind.ee\/wp-content\/uploads\/2025\/01\/IMG_8929.jpg","contentUrl":"https:\/\/motormind.ee\/wp-content\/uploads\/2025\/01\/IMG_8929.jpg","width":2048,"height":2048},{"@type":"BreadcrumbList","@id":"https:\/\/motormind.ee\/product\/toolehed-matemaatika-monuga\/#breadcrumb","itemListElement":[{"@type":"ListItem","position":1,"name":"\u0413\u043b\u0430\u0432\u043d\u0430\u044f \u0441\u0442\u0440\u0430\u043d\u0438\u0446\u0430","item":"https:\/\/motormind.ee\/"},{"@type":"ListItem","position":2,"name":"E-pood","item":"https:\/\/motormind.ee\/shop\/"},{"@type":"ListItem","position":3,"name":"T\u00f6\u00f6lehed: &#8220;Matemaatika m\u00f5nuga&#8221;"}]},{"@type":"WebSite","@id":"https:\/\/motormind.ee\/#website","url":"https:\/\/motormind.ee\/","name":"Motormind","description":"&Otilde;pi r&otilde;&otilde;muga, &otilde;pi m&auml;ngides!","potentialAction":[{"@type":"SearchAction","target":{"@type":"EntryPoint","urlTemplate":"https:\/\/motormind.ee\/?s={search_term_string}"},"query-input":{"@type":"PropertyValueSpecification","valueRequired":true,"valueName":"search_term_string"}}],"inLanguage":"ru-RU"}]}},"_links":{"self":[{"href":"https:\/\/motormind.ee\/ru\/wp-json\/wp\/v2\/product\/1720","targetHints":{"allow":["GET"]}}],"collection":[{"href":"https:\/\/motormind.ee\/ru\/wp-json\/wp\/v2\/product"}],"about":[{"href":"https:\/\/motormind.ee\/ru\/wp-json\/wp\/v2\/types\/product"}],"replies":[{"embeddable":true,"href":"https:\/\/motormind.ee\/ru\/wp-json\/wp\/v2\/comments?post=1720"}],"version-history":[{"count":4,"href":"https:\/\/motormind.ee\/ru\/wp-json\/wp\/v2\/product\/1720\/revisions"}],"predecessor-version":[{"id":4060,"href":"https:\/\/motormind.ee\/ru\/wp-json\/wp\/v2\/product\/1720\/revisions\/4060"}],"wp:featuredmedia":[{"embeddable":true,"href":"https:\/\/motormind.ee\/ru\/wp-json\/wp\/v2\/media\/1740"}],"wp:attachment":[{"href":"https:\/\/motormind.ee\/ru\/wp-json\/wp\/v2\/media?parent=1720"}],"wp:term":[{"taxonomy":"product_brand","embeddable":true,"href":"https:\/\/motormind.ee\/ru\/wp-json\/wp\/v2\/product_brand?post=1720"},{"taxonomy":"product_cat","embeddable":true,"href":"https:\/\/motormind.ee\/ru\/wp-json\/wp\/v2\/product_cat?post=1720"},{"taxonomy":"product_tag","embeddable":true,"href":"https:\/\/motormind.ee\/ru\/wp-json\/wp\/v2\/product_tag?post=1720"}],"curies":[{"name":"wp","href":"https:\/\/api.w.org\/{rel}","templated":true}]}}