{"id":1753,"date":"2025-01-08T17:30:48","date_gmt":"2025-01-08T17:30:48","guid":{"rendered":"https:\/\/motormind.ee\/?post_type=product&#038;p=1753"},"modified":"2026-03-18T12:05:25","modified_gmt":"2026-03-18T12:05:25","slug":"toolehed-sugis-suur-kogumik","status":"publish","type":"product","link":"https:\/\/motormind.ee\/ru\/product\/toolehed-sugis-suur-kogumik\/","title":{"rendered":"T\u00f6\u00f6lehed: S\u00dcGIS. Suur kogumik"},"content":{"rendered":"<p>S\u00dcGISKOMPLEKT (pdf), 95 lk<br class=\"html-br\" \/><br class=\"html-br\" \/>Erinevat s\u00fcgisteemalised harjutused<br class=\"html-br\" \/>Sobivad 2-8a<br class=\"html-br\" \/><br class=\"html-br\" \/>Lugemise ja kirjutamise \u00f5ppimiseks<br class=\"html-br\" \/>Bee-bot kaardid <br class=\"html-br\" \/>Kunst<br class=\"html-br\" \/>M\u00f5tlemise, t\u00e4helepanu, m\u00e4lu, loogika arendamine<br class=\"html-br\" \/>Areneb lapse keelekasutusoskus ja laieneb tema s\u00f5navara<\/p>\n<p>&nbsp;<\/p>\n<p>Tegemist on digitaalse tootega (PDF). P\u00e4rast makset saadetakse allalaadimislink teie e-mailile.<\/p>","protected":false},"excerpt":{"rendered":"<p>S\u00dcGISKOMPLEKT (pdf), 95 lkErinevat s\u00fcgisteemalised harjutusedSobivad 2-8aLugemise ja kirjutamise \u00f5ppimiseksBee-bot kaardid KunstM\u00f5tlemise, t\u00e4helepanu, m\u00e4lu, loogika arendamineAreneb lapse keelekasutusoskus ja laieneb tema s\u00f5navara &nbsp; Tegemist on digitaalse tootega (PDF). P\u00e4rast makset saadetakse allalaadimislink teie e-mailile.<\/p>","protected":false},"featured_media":1756,"comment_status":"open","ping_status":"closed","template":"","meta":[],"product_brand":[],"product_cat":[22,157],"product_tag":[],"class_list":{"0":"post-1753","1":"product","2":"type-product","3":"status-publish","4":"has-post-thumbnail","6":"product_cat-toolehed","7":"product_cat-temaatilised-ja-hooajalised-toolehed","9":"first","10":"instock","11":"shipping-taxable","12":"purchasable","13":"product-type-variable"},"yoast_head":"<!-- This site is optimized with the Yoast SEO plugin v27.4 - https:\/\/yoast.com\/product\/yoast-seo-wordpress\/ -->\n<title>T\u00f6\u00f6lehed: S\u00dcGIS. Suur kogumik - Motormind<\/title>\n<meta name=\"robots\" content=\"index, follow, max-snippet:-1, max-image-preview:large, max-video-preview:-1\" \/>\n<link rel=\"canonical\" href=\"https:\/\/motormind.ee\/ru\/product\/toolehed-sugis-suur-kogumik\/\" \/>\n<meta property=\"og:locale\" content=\"ru_RU\" \/>\n<meta property=\"og:type\" content=\"article\" \/>\n<meta property=\"og:title\" content=\"T\u00f6\u00f6lehed: S\u00dcGIS. Suur kogumik - Motormind\" \/>\n<meta property=\"og:description\" content=\"S\u00dcGISKOMPLEKT (pdf), 95 lkErinevat s\u00fcgisteemalised harjutusedSobivad 2-8aLugemise ja kirjutamise \u00f5ppimiseksBee-bot kaardid KunstM\u00f5tlemise, t\u00e4helepanu, m\u00e4lu, loogika arendamineAreneb lapse keelekasutusoskus ja laieneb tema s\u00f5navara &nbsp; Tegemist on digitaalse tootega (PDF). P\u00e4rast makset saadetakse allalaadimislink teie e-mailile.\" \/>\n<meta property=\"og:url\" content=\"https:\/\/motormind.ee\/ru\/product\/toolehed-sugis-suur-kogumik\/\" \/>\n<meta property=\"og:site_name\" content=\"Motormind\" \/>\n<meta property=\"article:modified_time\" content=\"2026-03-18T12:05:25+00:00\" \/>\n<meta property=\"og:image\" content=\"https:\/\/motormind.ee\/wp-content\/uploads\/2025\/01\/sugis-1.jpg\" \/>\n\t<meta property=\"og:image:width\" content=\"2048\" \/>\n\t<meta property=\"og:image:height\" content=\"2048\" \/>\n\t<meta property=\"og:image:type\" content=\"image\/jpeg\" \/>\n<meta name=\"twitter:card\" content=\"summary_large_image\" \/>\n<meta name=\"twitter:label1\" content=\"\u041f\u0440\u0438\u043c\u0435\u0440\u043d\u043e\u0435 \u0432\u0440\u0435\u043c\u044f \u0434\u043b\u044f \u0447\u0442\u0435\u043d\u0438\u044f\" \/>\n\t<meta name=\"twitter:data1\" content=\"1 \u043c\u0438\u043d\u0443\u0442\u0430\" \/>\n<script type=\"application\/ld+json\" class=\"yoast-schema-graph\">{\"@context\":\"https:\\\/\\\/schema.org\",\"@graph\":[{\"@type\":\"WebPage\",\"@id\":\"https:\\\/\\\/motormind.ee\\\/product\\\/toolehed-sugis-suur-kogumik\\\/\",\"url\":\"https:\\\/\\\/motormind.ee\\\/product\\\/toolehed-sugis-suur-kogumik\\\/\",\"name\":\"T\u00f6\u00f6lehed: S\u00dcGIS. Suur kogumik - Motormind\",\"isPartOf\":{\"@id\":\"https:\\\/\\\/motormind.ee\\\/#website\"},\"primaryImageOfPage\":{\"@id\":\"https:\\\/\\\/motormind.ee\\\/product\\\/toolehed-sugis-suur-kogumik\\\/#primaryimage\"},\"image\":{\"@id\":\"https:\\\/\\\/motormind.ee\\\/product\\\/toolehed-sugis-suur-kogumik\\\/#primaryimage\"},\"thumbnailUrl\":\"https:\\\/\\\/motormind.ee\\\/wp-content\\\/uploads\\\/2025\\\/01\\\/sugis-1.jpg\",\"datePublished\":\"2025-01-08T17:30:48+00:00\",\"dateModified\":\"2026-03-18T12:05:25+00:00\",\"breadcrumb\":{\"@id\":\"https:\\\/\\\/motormind.ee\\\/product\\\/toolehed-sugis-suur-kogumik\\\/#breadcrumb\"},\"inLanguage\":\"ru-RU\",\"potentialAction\":[{\"@type\":\"ReadAction\",\"target\":[\"https:\\\/\\\/motormind.ee\\\/product\\\/toolehed-sugis-suur-kogumik\\\/\"]}]},{\"@type\":\"ImageObject\",\"inLanguage\":\"ru-RU\",\"@id\":\"https:\\\/\\\/motormind.ee\\\/product\\\/toolehed-sugis-suur-kogumik\\\/#primaryimage\",\"url\":\"https:\\\/\\\/motormind.ee\\\/wp-content\\\/uploads\\\/2025\\\/01\\\/sugis-1.jpg\",\"contentUrl\":\"https:\\\/\\\/motormind.ee\\\/wp-content\\\/uploads\\\/2025\\\/01\\\/sugis-1.jpg\",\"width\":2048,\"height\":2048},{\"@type\":\"BreadcrumbList\",\"@id\":\"https:\\\/\\\/motormind.ee\\\/product\\\/toolehed-sugis-suur-kogumik\\\/#breadcrumb\",\"itemListElement\":[{\"@type\":\"ListItem\",\"position\":1,\"name\":\"\u0413\u043b\u0430\u0432\u043d\u0430\u044f \u0441\u0442\u0440\u0430\u043d\u0438\u0446\u0430\",\"item\":\"https:\\\/\\\/motormind.ee\\\/\"},{\"@type\":\"ListItem\",\"position\":2,\"name\":\"E-pood\",\"item\":\"https:\\\/\\\/motormind.ee\\\/shop\\\/\"},{\"@type\":\"ListItem\",\"position\":3,\"name\":\"T\u00f6\u00f6lehed: S\u00dcGIS. Suur kogumik\"}]},{\"@type\":\"WebSite\",\"@id\":\"https:\\\/\\\/motormind.ee\\\/#website\",\"url\":\"https:\\\/\\\/motormind.ee\\\/\",\"name\":\"Motormind\",\"description\":\"&Otilde;pi r&otilde;&otilde;muga, &otilde;pi m&auml;ngides!\",\"potentialAction\":[{\"@type\":\"SearchAction\",\"target\":{\"@type\":\"EntryPoint\",\"urlTemplate\":\"https:\\\/\\\/motormind.ee\\\/?s={search_term_string}\"},\"query-input\":{\"@type\":\"PropertyValueSpecification\",\"valueRequired\":true,\"valueName\":\"search_term_string\"}}],\"inLanguage\":\"ru-RU\"}]}<\/script>\n<!-- \/ Yoast SEO plugin. -->","yoast_head_json":{"title":"T\u00f6\u00f6lehed: S\u00dcGIS. Suur kogumik - Motormind","robots":{"index":"index","follow":"follow","max-snippet":"max-snippet:-1","max-image-preview":"max-image-preview:large","max-video-preview":"max-video-preview:-1"},"canonical":"https:\/\/motormind.ee\/ru\/product\/toolehed-sugis-suur-kogumik\/","og_locale":"ru_RU","og_type":"article","og_title":"T\u00f6\u00f6lehed: S\u00dcGIS. Suur kogumik - Motormind","og_description":"S\u00dcGISKOMPLEKT (pdf), 95 lkErinevat s\u00fcgisteemalised harjutusedSobivad 2-8aLugemise ja kirjutamise \u00f5ppimiseksBee-bot kaardid KunstM\u00f5tlemise, t\u00e4helepanu, m\u00e4lu, loogika arendamineAreneb lapse keelekasutusoskus ja laieneb tema s\u00f5navara &nbsp; Tegemist on digitaalse tootega (PDF). P\u00e4rast makset saadetakse allalaadimislink teie e-mailile.","og_url":"https:\/\/motormind.ee\/ru\/product\/toolehed-sugis-suur-kogumik\/","og_site_name":"Motormind","article_modified_time":"2026-03-18T12:05:25+00:00","og_image":[{"width":2048,"height":2048,"url":"https:\/\/motormind.ee\/wp-content\/uploads\/2025\/01\/sugis-1.jpg","type":"image\/jpeg"}],"twitter_card":"summary_large_image","twitter_misc":{"\u041f\u0440\u0438\u043c\u0435\u0440\u043d\u043e\u0435 \u0432\u0440\u0435\u043c\u044f \u0434\u043b\u044f \u0447\u0442\u0435\u043d\u0438\u044f":"1 \u043c\u0438\u043d\u0443\u0442\u0430"},"schema":{"@context":"https:\/\/schema.org","@graph":[{"@type":"WebPage","@id":"https:\/\/motormind.ee\/product\/toolehed-sugis-suur-kogumik\/","url":"https:\/\/motormind.ee\/product\/toolehed-sugis-suur-kogumik\/","name":"T\u00f6\u00f6lehed: S\u00dcGIS. Suur kogumik - Motormind","isPartOf":{"@id":"https:\/\/motormind.ee\/#website"},"primaryImageOfPage":{"@id":"https:\/\/motormind.ee\/product\/toolehed-sugis-suur-kogumik\/#primaryimage"},"image":{"@id":"https:\/\/motormind.ee\/product\/toolehed-sugis-suur-kogumik\/#primaryimage"},"thumbnailUrl":"https:\/\/motormind.ee\/wp-content\/uploads\/2025\/01\/sugis-1.jpg","datePublished":"2025-01-08T17:30:48+00:00","dateModified":"2026-03-18T12:05:25+00:00","breadcrumb":{"@id":"https:\/\/motormind.ee\/product\/toolehed-sugis-suur-kogumik\/#breadcrumb"},"inLanguage":"ru-RU","potentialAction":[{"@type":"ReadAction","target":["https:\/\/motormind.ee\/product\/toolehed-sugis-suur-kogumik\/"]}]},{"@type":"ImageObject","inLanguage":"ru-RU","@id":"https:\/\/motormind.ee\/product\/toolehed-sugis-suur-kogumik\/#primaryimage","url":"https:\/\/motormind.ee\/wp-content\/uploads\/2025\/01\/sugis-1.jpg","contentUrl":"https:\/\/motormind.ee\/wp-content\/uploads\/2025\/01\/sugis-1.jpg","width":2048,"height":2048},{"@type":"BreadcrumbList","@id":"https:\/\/motormind.ee\/product\/toolehed-sugis-suur-kogumik\/#breadcrumb","itemListElement":[{"@type":"ListItem","position":1,"name":"\u0413\u043b\u0430\u0432\u043d\u0430\u044f \u0441\u0442\u0440\u0430\u043d\u0438\u0446\u0430","item":"https:\/\/motormind.ee\/"},{"@type":"ListItem","position":2,"name":"E-pood","item":"https:\/\/motormind.ee\/shop\/"},{"@type":"ListItem","position":3,"name":"T\u00f6\u00f6lehed: S\u00dcGIS. Suur kogumik"}]},{"@type":"WebSite","@id":"https:\/\/motormind.ee\/#website","url":"https:\/\/motormind.ee\/","name":"Motormind","description":"&Otilde;pi r&otilde;&otilde;muga, &otilde;pi m&auml;ngides!","potentialAction":[{"@type":"SearchAction","target":{"@type":"EntryPoint","urlTemplate":"https:\/\/motormind.ee\/?s={search_term_string}"},"query-input":{"@type":"PropertyValueSpecification","valueRequired":true,"valueName":"search_term_string"}}],"inLanguage":"ru-RU"}]}},"_links":{"self":[{"href":"https:\/\/motormind.ee\/ru\/wp-json\/wp\/v2\/product\/1753","targetHints":{"allow":["GET"]}}],"collection":[{"href":"https:\/\/motormind.ee\/ru\/wp-json\/wp\/v2\/product"}],"about":[{"href":"https:\/\/motormind.ee\/ru\/wp-json\/wp\/v2\/types\/product"}],"replies":[{"embeddable":true,"href":"https:\/\/motormind.ee\/ru\/wp-json\/wp\/v2\/comments?post=1753"}],"version-history":[{"count":3,"href":"https:\/\/motormind.ee\/ru\/wp-json\/wp\/v2\/product\/1753\/revisions"}],"predecessor-version":[{"id":3336,"href":"https:\/\/motormind.ee\/ru\/wp-json\/wp\/v2\/product\/1753\/revisions\/3336"}],"wp:featuredmedia":[{"embeddable":true,"href":"https:\/\/motormind.ee\/ru\/wp-json\/wp\/v2\/media\/1756"}],"wp:attachment":[{"href":"https:\/\/motormind.ee\/ru\/wp-json\/wp\/v2\/media?parent=1753"}],"wp:term":[{"taxonomy":"product_brand","embeddable":true,"href":"https:\/\/motormind.ee\/ru\/wp-json\/wp\/v2\/product_brand?post=1753"},{"taxonomy":"product_cat","embeddable":true,"href":"https:\/\/motormind.ee\/ru\/wp-json\/wp\/v2\/product_cat?post=1753"},{"taxonomy":"product_tag","embeddable":true,"href":"https:\/\/motormind.ee\/ru\/wp-json\/wp\/v2\/product_tag?post=1753"}],"curies":[{"name":"wp","href":"https:\/\/api.w.org\/{rel}","templated":true}]}}