{"id":1762,"date":"2025-01-08T17:38:06","date_gmt":"2025-01-08T17:38:06","guid":{"rendered":"https:\/\/motormind.ee\/?post_type=product&#038;p=1762"},"modified":"2026-03-09T06:06:30","modified_gmt":"2026-03-09T06:06:30","slug":"toolehed-kogumik-linnud","status":"publish","type":"product","link":"https:\/\/motormind.ee\/ru\/product\/toolehed-kogumik-linnud\/","title":{"rendered":"T\u00f6\u00f6lehed: Kogumik &#8220;Linnud&#8221;"},"content":{"rendered":"<div class=\"x11i5rnm xat24cr x1mh8g0r x1vvkbs xtlvy1s x126k92a\">\n<div dir=\"auto\">Selle komplektiga saad luua tegevusi laste erinevate oskuste arendamiseks: modelleerimine, joonistamine, r\u00e4\u00e4kimine, sorteerimine, loendamine, suurused.<\/div>\n<\/div>\n<div class=\"x11i5rnm xat24cr x1mh8g0r x1vvkbs xtlvy1s x126k92a\">\n<div dir=\"auto\">Samuti j\u00e4\u00e4vad lapsele linnud v\u00e4rvi j\u00e4rgi suurep\u00e4raselt meelde, sest fotod on kvaliteetsed ja sulestiku erinevus on selgelt n\u00e4ha.<\/div>\n<\/div>\n<div class=\"x11i5rnm xat24cr x1mh8g0r x1vvkbs xtlvy1s x126k92a\">\n<div dir=\"auto\">N\u00e4iteks v\u00f5ite v\u00f5tta suled (mis on kaasas) ja paluda oma lapsel konkreetse linnu suled v\u00e4rvida. Laps saab vaadata sulekaarte.<\/div>\n<\/div>\n<div class=\"x11i5rnm xat24cr x1mh8g0r x1vvkbs xtlvy1s x126k92a\">\n<div dir=\"auto\">R\u00e4\u00e4kige lapsele, mis on pesa ja liimige sellesse linnud vastavalt suurusele (suur, v\u00e4ike, keskmine)<\/div>\n<\/div>\n<div class=\"x11i5rnm xat24cr x1mh8g0r x1vvkbs xtlvy1s x126k92a\">\n<div dir=\"auto\">Lisaks on komplektis m\u00e4ng, t\u00e4nu millele saab laps linde sorteerida r\u00fchmadesse: linna-, troopika-, vee-, talulinnud.<\/div>\n<\/div>\n<div class=\"x11i5rnm xat24cr x1mh8g0r x1vvkbs xtlvy1s x126k92a\">\n<div dir=\"auto\">Komplekt on universaalne ja sobib lastele vanuses 2 kuni 6 aastat.<\/div>\n<\/div>\n<div class=\"x11i5rnm xat24cr x1mh8g0r x1vvkbs xtlvy1s x126k92a\">\n<div dir=\"auto\">Olen kindel, et leiate ja tulete v\u00e4lja palju m\u00e4nguvariante.<\/div>\n<\/div>\n<div dir=\"auto\"><\/div>\n<div dir=\"auto\">Tegemist on digitaalse tootega (PDF). P\u00e4rast makset saadetakse allalaadimislink teie e-mailile.<\/div>","protected":false},"excerpt":{"rendered":"<p>Selle komplektiga saad luua tegevusi laste erinevate oskuste arendamiseks: modelleerimine, joonistamine, r\u00e4\u00e4kimine, sorteerimine, loendamine, suurused. Samuti j\u00e4\u00e4vad lapsele linnud v\u00e4rvi j\u00e4rgi suurep\u00e4raselt meelde, sest fotod on kvaliteetsed ja sulestiku erinevus on selgelt n\u00e4ha. N\u00e4iteks v\u00f5ite v\u00f5tta suled (mis on kaasas) ja paluda oma lapsel konkreetse linnu suled v\u00e4rvida. Laps saab vaadata sulekaarte. R\u00e4\u00e4kige lapsele, mis [&hellip;]<\/p>\n","protected":false},"featured_media":1764,"comment_status":"open","ping_status":"closed","template":"","meta":[],"product_brand":[],"product_cat":[158,22],"product_tag":[],"class_list":{"0":"post-1762","1":"product","2":"type-product","3":"status-publish","4":"has-post-thumbnail","6":"product_cat-maailma-avastamine-ja-loodusteadmised","7":"product_cat-toolehed","9":"first","10":"instock","11":"downloadable","12":"virtual","13":"purchasable","14":"product-type-simple"},"yoast_head":"<!-- This site is optimized with the Yoast SEO plugin v27.4 - https:\/\/yoast.com\/product\/yoast-seo-wordpress\/ -->\n<title>T\u00f6\u00f6lehed: Kogumik &quot;Linnud&quot; - Motormind<\/title>\n<meta name=\"robots\" content=\"index, follow, max-snippet:-1, max-image-preview:large, max-video-preview:-1\" \/>\n<link rel=\"canonical\" href=\"https:\/\/motormind.ee\/ru\/product\/toolehed-kogumik-linnud\/\" \/>\n<meta property=\"og:locale\" content=\"ru_RU\" \/>\n<meta property=\"og:type\" content=\"article\" \/>\n<meta property=\"og:title\" content=\"T\u00f6\u00f6lehed: Kogumik &quot;Linnud&quot; - Motormind\" \/>\n<meta property=\"og:description\" content=\"Selle komplektiga saad luua tegevusi laste erinevate oskuste arendamiseks: modelleerimine, joonistamine, r\u00e4\u00e4kimine, sorteerimine, loendamine, suurused. Samuti j\u00e4\u00e4vad lapsele linnud v\u00e4rvi j\u00e4rgi suurep\u00e4raselt meelde, sest fotod on kvaliteetsed ja sulestiku erinevus on selgelt n\u00e4ha. N\u00e4iteks v\u00f5ite v\u00f5tta suled (mis on kaasas) ja paluda oma lapsel konkreetse linnu suled v\u00e4rvida. Laps saab vaadata sulekaarte. R\u00e4\u00e4kige lapsele, mis [&hellip;]\" \/>\n<meta property=\"og:url\" content=\"https:\/\/motormind.ee\/ru\/product\/toolehed-kogumik-linnud\/\" \/>\n<meta property=\"og:site_name\" content=\"Motormind\" \/>\n<meta property=\"article:modified_time\" content=\"2026-03-09T06:06:30+00:00\" \/>\n<meta property=\"og:image\" content=\"https:\/\/motormind.ee\/wp-content\/uploads\/2025\/01\/IMG_6520.jpg\" \/>\n\t<meta property=\"og:image:width\" content=\"2048\" \/>\n\t<meta property=\"og:image:height\" content=\"2048\" \/>\n\t<meta property=\"og:image:type\" content=\"image\/jpeg\" \/>\n<meta name=\"twitter:card\" content=\"summary_large_image\" \/>\n<meta name=\"twitter:label1\" content=\"\u041f\u0440\u0438\u043c\u0435\u0440\u043d\u043e\u0435 \u0432\u0440\u0435\u043c\u044f \u0434\u043b\u044f \u0447\u0442\u0435\u043d\u0438\u044f\" \/>\n\t<meta name=\"twitter:data1\" content=\"1 \u043c\u0438\u043d\u0443\u0442\u0430\" \/>\n<script type=\"application\/ld+json\" class=\"yoast-schema-graph\">{\"@context\":\"https:\\\/\\\/schema.org\",\"@graph\":[{\"@type\":\"WebPage\",\"@id\":\"https:\\\/\\\/motormind.ee\\\/product\\\/toolehed-kogumik-linnud\\\/\",\"url\":\"https:\\\/\\\/motormind.ee\\\/product\\\/toolehed-kogumik-linnud\\\/\",\"name\":\"T\u00f6\u00f6lehed: Kogumik \\\"Linnud\\\" - Motormind\",\"isPartOf\":{\"@id\":\"https:\\\/\\\/motormind.ee\\\/#website\"},\"primaryImageOfPage\":{\"@id\":\"https:\\\/\\\/motormind.ee\\\/product\\\/toolehed-kogumik-linnud\\\/#primaryimage\"},\"image\":{\"@id\":\"https:\\\/\\\/motormind.ee\\\/product\\\/toolehed-kogumik-linnud\\\/#primaryimage\"},\"thumbnailUrl\":\"https:\\\/\\\/motormind.ee\\\/wp-content\\\/uploads\\\/2025\\\/01\\\/IMG_6520.jpg\",\"datePublished\":\"2025-01-08T17:38:06+00:00\",\"dateModified\":\"2026-03-09T06:06:30+00:00\",\"breadcrumb\":{\"@id\":\"https:\\\/\\\/motormind.ee\\\/product\\\/toolehed-kogumik-linnud\\\/#breadcrumb\"},\"inLanguage\":\"ru-RU\",\"potentialAction\":[{\"@type\":\"ReadAction\",\"target\":[\"https:\\\/\\\/motormind.ee\\\/product\\\/toolehed-kogumik-linnud\\\/\"]}]},{\"@type\":\"ImageObject\",\"inLanguage\":\"ru-RU\",\"@id\":\"https:\\\/\\\/motormind.ee\\\/product\\\/toolehed-kogumik-linnud\\\/#primaryimage\",\"url\":\"https:\\\/\\\/motormind.ee\\\/wp-content\\\/uploads\\\/2025\\\/01\\\/IMG_6520.jpg\",\"contentUrl\":\"https:\\\/\\\/motormind.ee\\\/wp-content\\\/uploads\\\/2025\\\/01\\\/IMG_6520.jpg\",\"width\":2048,\"height\":2048},{\"@type\":\"BreadcrumbList\",\"@id\":\"https:\\\/\\\/motormind.ee\\\/product\\\/toolehed-kogumik-linnud\\\/#breadcrumb\",\"itemListElement\":[{\"@type\":\"ListItem\",\"position\":1,\"name\":\"\u0413\u043b\u0430\u0432\u043d\u0430\u044f \u0441\u0442\u0440\u0430\u043d\u0438\u0446\u0430\",\"item\":\"https:\\\/\\\/motormind.ee\\\/\"},{\"@type\":\"ListItem\",\"position\":2,\"name\":\"E-pood\",\"item\":\"https:\\\/\\\/motormind.ee\\\/shop\\\/\"},{\"@type\":\"ListItem\",\"position\":3,\"name\":\"T\u00f6\u00f6lehed: Kogumik &#8220;Linnud&#8221;\"}]},{\"@type\":\"WebSite\",\"@id\":\"https:\\\/\\\/motormind.ee\\\/#website\",\"url\":\"https:\\\/\\\/motormind.ee\\\/\",\"name\":\"Motormind\",\"description\":\"&Otilde;pi r&otilde;&otilde;muga, &otilde;pi m&auml;ngides!\",\"potentialAction\":[{\"@type\":\"SearchAction\",\"target\":{\"@type\":\"EntryPoint\",\"urlTemplate\":\"https:\\\/\\\/motormind.ee\\\/?s={search_term_string}\"},\"query-input\":{\"@type\":\"PropertyValueSpecification\",\"valueRequired\":true,\"valueName\":\"search_term_string\"}}],\"inLanguage\":\"ru-RU\"}]}<\/script>\n<!-- \/ Yoast SEO plugin. -->","yoast_head_json":{"title":"T\u00f6\u00f6lehed: Kogumik \"Linnud\" - Motormind","robots":{"index":"index","follow":"follow","max-snippet":"max-snippet:-1","max-image-preview":"max-image-preview:large","max-video-preview":"max-video-preview:-1"},"canonical":"https:\/\/motormind.ee\/ru\/product\/toolehed-kogumik-linnud\/","og_locale":"ru_RU","og_type":"article","og_title":"T\u00f6\u00f6lehed: Kogumik \"Linnud\" - Motormind","og_description":"Selle komplektiga saad luua tegevusi laste erinevate oskuste arendamiseks: modelleerimine, joonistamine, r\u00e4\u00e4kimine, sorteerimine, loendamine, suurused. Samuti j\u00e4\u00e4vad lapsele linnud v\u00e4rvi j\u00e4rgi suurep\u00e4raselt meelde, sest fotod on kvaliteetsed ja sulestiku erinevus on selgelt n\u00e4ha. N\u00e4iteks v\u00f5ite v\u00f5tta suled (mis on kaasas) ja paluda oma lapsel konkreetse linnu suled v\u00e4rvida. Laps saab vaadata sulekaarte. R\u00e4\u00e4kige lapsele, mis [&hellip;]","og_url":"https:\/\/motormind.ee\/ru\/product\/toolehed-kogumik-linnud\/","og_site_name":"Motormind","article_modified_time":"2026-03-09T06:06:30+00:00","og_image":[{"width":2048,"height":2048,"url":"https:\/\/motormind.ee\/wp-content\/uploads\/2025\/01\/IMG_6520.jpg","type":"image\/jpeg"}],"twitter_card":"summary_large_image","twitter_misc":{"\u041f\u0440\u0438\u043c\u0435\u0440\u043d\u043e\u0435 \u0432\u0440\u0435\u043c\u044f \u0434\u043b\u044f \u0447\u0442\u0435\u043d\u0438\u044f":"1 \u043c\u0438\u043d\u0443\u0442\u0430"},"schema":{"@context":"https:\/\/schema.org","@graph":[{"@type":"WebPage","@id":"https:\/\/motormind.ee\/product\/toolehed-kogumik-linnud\/","url":"https:\/\/motormind.ee\/product\/toolehed-kogumik-linnud\/","name":"T\u00f6\u00f6lehed: Kogumik \"Linnud\" - Motormind","isPartOf":{"@id":"https:\/\/motormind.ee\/#website"},"primaryImageOfPage":{"@id":"https:\/\/motormind.ee\/product\/toolehed-kogumik-linnud\/#primaryimage"},"image":{"@id":"https:\/\/motormind.ee\/product\/toolehed-kogumik-linnud\/#primaryimage"},"thumbnailUrl":"https:\/\/motormind.ee\/wp-content\/uploads\/2025\/01\/IMG_6520.jpg","datePublished":"2025-01-08T17:38:06+00:00","dateModified":"2026-03-09T06:06:30+00:00","breadcrumb":{"@id":"https:\/\/motormind.ee\/product\/toolehed-kogumik-linnud\/#breadcrumb"},"inLanguage":"ru-RU","potentialAction":[{"@type":"ReadAction","target":["https:\/\/motormind.ee\/product\/toolehed-kogumik-linnud\/"]}]},{"@type":"ImageObject","inLanguage":"ru-RU","@id":"https:\/\/motormind.ee\/product\/toolehed-kogumik-linnud\/#primaryimage","url":"https:\/\/motormind.ee\/wp-content\/uploads\/2025\/01\/IMG_6520.jpg","contentUrl":"https:\/\/motormind.ee\/wp-content\/uploads\/2025\/01\/IMG_6520.jpg","width":2048,"height":2048},{"@type":"BreadcrumbList","@id":"https:\/\/motormind.ee\/product\/toolehed-kogumik-linnud\/#breadcrumb","itemListElement":[{"@type":"ListItem","position":1,"name":"\u0413\u043b\u0430\u0432\u043d\u0430\u044f \u0441\u0442\u0440\u0430\u043d\u0438\u0446\u0430","item":"https:\/\/motormind.ee\/"},{"@type":"ListItem","position":2,"name":"E-pood","item":"https:\/\/motormind.ee\/shop\/"},{"@type":"ListItem","position":3,"name":"T\u00f6\u00f6lehed: Kogumik &#8220;Linnud&#8221;"}]},{"@type":"WebSite","@id":"https:\/\/motormind.ee\/#website","url":"https:\/\/motormind.ee\/","name":"Motormind","description":"&Otilde;pi r&otilde;&otilde;muga, &otilde;pi m&auml;ngides!","potentialAction":[{"@type":"SearchAction","target":{"@type":"EntryPoint","urlTemplate":"https:\/\/motormind.ee\/?s={search_term_string}"},"query-input":{"@type":"PropertyValueSpecification","valueRequired":true,"valueName":"search_term_string"}}],"inLanguage":"ru-RU"}]}},"_links":{"self":[{"href":"https:\/\/motormind.ee\/ru\/wp-json\/wp\/v2\/product\/1762","targetHints":{"allow":["GET"]}}],"collection":[{"href":"https:\/\/motormind.ee\/ru\/wp-json\/wp\/v2\/product"}],"about":[{"href":"https:\/\/motormind.ee\/ru\/wp-json\/wp\/v2\/types\/product"}],"replies":[{"embeddable":true,"href":"https:\/\/motormind.ee\/ru\/wp-json\/wp\/v2\/comments?post=1762"}],"version-history":[{"count":4,"href":"https:\/\/motormind.ee\/ru\/wp-json\/wp\/v2\/product\/1762\/revisions"}],"predecessor-version":[{"id":1843,"href":"https:\/\/motormind.ee\/ru\/wp-json\/wp\/v2\/product\/1762\/revisions\/1843"}],"wp:featuredmedia":[{"embeddable":true,"href":"https:\/\/motormind.ee\/ru\/wp-json\/wp\/v2\/media\/1764"}],"wp:attachment":[{"href":"https:\/\/motormind.ee\/ru\/wp-json\/wp\/v2\/media?parent=1762"}],"wp:term":[{"taxonomy":"product_brand","embeddable":true,"href":"https:\/\/motormind.ee\/ru\/wp-json\/wp\/v2\/product_brand?post=1762"},{"taxonomy":"product_cat","embeddable":true,"href":"https:\/\/motormind.ee\/ru\/wp-json\/wp\/v2\/product_cat?post=1762"},{"taxonomy":"product_tag","embeddable":true,"href":"https:\/\/motormind.ee\/ru\/wp-json\/wp\/v2\/product_tag?post=1762"}],"curies":[{"name":"wp","href":"https:\/\/api.w.org\/{rel}","templated":true}]}}