{"id":1997,"date":"2025-02-14T09:49:30","date_gmt":"2025-02-14T09:49:30","guid":{"rendered":"https:\/\/motormind.ee\/?post_type=product&#038;p=1997"},"modified":"2025-11-10T07:49:10","modified_gmt":"2025-11-10T07:49:10","slug":"tegelusvihik-leia-ja-naita-pildid-hariv-toovihik-lastele","status":"publish","type":"product","link":"https:\/\/motormind.ee\/ru\/product\/tegelusvihik-leia-ja-naita-pildid-hariv-toovihik-lastele\/","title":{"rendered":"Tegelusvihik: Leia ja N\u00e4ita Pildid"},"content":{"rendered":"<p>See v\u00e4rvikas ja kaasahaarav tegelusvihik aitab teie lapsel m\u00e4nguliselt t\u00e4iendada oma s\u00f5navara ja<br \/>\n\u00f5ppida eesti keelt. See on loodud spetsiaalselt selleks, et arendada klassifitseerimisoskusi, loogilist<br \/>\nm\u00f5tlemist ja suhtlemisv\u00f5imet.<br \/>\nMis teeb selle tegelusvihiku eriliseks?<\/p>\n<p>\u2705 Lai teemade valik \u2013 geomeetrilised kujundid, jalan\u00f5ud, loomad, aastaajad, putukad, tehnika,<br \/>\ntegus\u00f5nad ja palju muud. See aitab lastel \u00f5ppida uusi s\u00f5nu ja m\u00f5ista nende t\u00e4hendust.<br \/>\n\u2705 A4-formaat \u2013 suured pildid ja selged pealkirjad muudavad \u00f5ppimise mugavaks.<br \/>\n\u2705 Lamineeritud lehed \u2013 vastupidav ja mugav kasutada, v\u00f5imalik kirjutada veebaasil markeritega.<br \/>\n\u2705 Ilma takjakinnitusteta \u2013 lihtne ja mugav formaat, sobib kasutamiseks kodus, koolis v\u00f5i<br \/>\nlasteaias.<br \/>\n\u2705 K\u00f5ne ja m\u00f5tlemise arendamine \u2013 saab esitada lapsele k\u00fcsimusi, liigitada esemeid, arutada<br \/>\nneid, luua seoseid ja treenida m\u00e4lu.<br \/>\nSee ei ole lihtsalt tegelusvihik \u2013 see on terviklik komplekt k\u00f5ne, m\u00f5tlemise ja keele\u00f5ppe<br \/>\narendamiseks. Paku oma lapsele v\u00f5imalus \u00f5ppida r\u00f5\u00f5muga ja m\u00e4ngida kasulikult!<\/p>","protected":false},"excerpt":{"rendered":"<p>See v\u00e4rvikas ja kaasahaarav tegelusvihik aitab teie lapsel m\u00e4nguliselt t\u00e4iendada oma s\u00f5navara ja \u00f5ppida eesti keelt. See on loodud spetsiaalselt selleks, et arendada klassifitseerimisoskusi, loogilist m\u00f5tlemist ja suhtlemisv\u00f5imet. Mis teeb selle tegelusvihiku eriliseks? \u2705 Lai teemade valik \u2013 geomeetrilised kujundid, jalan\u00f5ud, loomad, aastaajad, putukad, tehnika, tegus\u00f5nad ja palju muud. See aitab lastel \u00f5ppida uusi s\u00f5nu [&hellip;]<\/p>\n","protected":false},"featured_media":1998,"comment_status":"open","ping_status":"closed","template":"","meta":[],"product_brand":[],"product_cat":[113],"product_tag":[],"class_list":{"0":"post-1997","1":"product","2":"type-product","3":"status-publish","4":"has-post-thumbnail","6":"product_cat-vihikud","8":"first","9":"instock","10":"shipping-taxable","11":"purchasable","12":"product-type-simple"},"yoast_head":"<!-- This site is optimized with the Yoast SEO plugin v27.4 - https:\/\/yoast.com\/product\/yoast-seo-wordpress\/ -->\n<title>Tegelusvihik: Leia ja N\u00e4ita Pildid - Motormind<\/title>\n<meta name=\"robots\" content=\"index, follow, max-snippet:-1, max-image-preview:large, max-video-preview:-1\" \/>\n<link rel=\"canonical\" href=\"https:\/\/motormind.ee\/ru\/product\/tegelusvihik-leia-ja-naita-pildid-hariv-toovihik-lastele\/\" \/>\n<meta property=\"og:locale\" content=\"ru_RU\" \/>\n<meta property=\"og:type\" content=\"article\" \/>\n<meta property=\"og:title\" content=\"Tegelusvihik: Leia ja N\u00e4ita Pildid - Motormind\" \/>\n<meta property=\"og:description\" content=\"See v\u00e4rvikas ja kaasahaarav tegelusvihik aitab teie lapsel m\u00e4nguliselt t\u00e4iendada oma s\u00f5navara ja \u00f5ppida eesti keelt. See on loodud spetsiaalselt selleks, et arendada klassifitseerimisoskusi, loogilist m\u00f5tlemist ja suhtlemisv\u00f5imet. Mis teeb selle tegelusvihiku eriliseks? \u2705 Lai teemade valik \u2013 geomeetrilised kujundid, jalan\u00f5ud, loomad, aastaajad, putukad, tehnika, tegus\u00f5nad ja palju muud. See aitab lastel \u00f5ppida uusi s\u00f5nu [&hellip;]\" \/>\n<meta property=\"og:url\" content=\"https:\/\/motormind.ee\/ru\/product\/tegelusvihik-leia-ja-naita-pildid-hariv-toovihik-lastele\/\" \/>\n<meta property=\"og:site_name\" content=\"Motormind\" \/>\n<meta property=\"article:modified_time\" content=\"2025-11-10T07:49:10+00:00\" \/>\n<meta property=\"og:image\" content=\"https:\/\/motormind.ee\/wp-content\/uploads\/2025\/02\/IMG_0608.jpeg\" \/>\n\t<meta property=\"og:image:width\" content=\"1536\" \/>\n\t<meta property=\"og:image:height\" content=\"2048\" \/>\n\t<meta property=\"og:image:type\" content=\"image\/jpeg\" \/>\n<meta name=\"twitter:card\" content=\"summary_large_image\" \/>\n<meta name=\"twitter:label1\" content=\"\u041f\u0440\u0438\u043c\u0435\u0440\u043d\u043e\u0435 \u0432\u0440\u0435\u043c\u044f \u0434\u043b\u044f \u0447\u0442\u0435\u043d\u0438\u044f\" \/>\n\t<meta name=\"twitter:data1\" content=\"1 \u043c\u0438\u043d\u0443\u0442\u0430\" \/>\n<script type=\"application\/ld+json\" class=\"yoast-schema-graph\">{\"@context\":\"https:\\\/\\\/schema.org\",\"@graph\":[{\"@type\":\"WebPage\",\"@id\":\"https:\\\/\\\/motormind.ee\\\/product\\\/tegelusvihik-leia-ja-naita-pildid-hariv-toovihik-lastele\\\/\",\"url\":\"https:\\\/\\\/motormind.ee\\\/product\\\/tegelusvihik-leia-ja-naita-pildid-hariv-toovihik-lastele\\\/\",\"name\":\"Tegelusvihik: Leia ja N\u00e4ita Pildid - Motormind\",\"isPartOf\":{\"@id\":\"https:\\\/\\\/motormind.ee\\\/#website\"},\"primaryImageOfPage\":{\"@id\":\"https:\\\/\\\/motormind.ee\\\/product\\\/tegelusvihik-leia-ja-naita-pildid-hariv-toovihik-lastele\\\/#primaryimage\"},\"image\":{\"@id\":\"https:\\\/\\\/motormind.ee\\\/product\\\/tegelusvihik-leia-ja-naita-pildid-hariv-toovihik-lastele\\\/#primaryimage\"},\"thumbnailUrl\":\"https:\\\/\\\/motormind.ee\\\/wp-content\\\/uploads\\\/2025\\\/02\\\/IMG_0608.jpeg\",\"datePublished\":\"2025-02-14T09:49:30+00:00\",\"dateModified\":\"2025-11-10T07:49:10+00:00\",\"breadcrumb\":{\"@id\":\"https:\\\/\\\/motormind.ee\\\/product\\\/tegelusvihik-leia-ja-naita-pildid-hariv-toovihik-lastele\\\/#breadcrumb\"},\"inLanguage\":\"ru-RU\",\"potentialAction\":[{\"@type\":\"ReadAction\",\"target\":[\"https:\\\/\\\/motormind.ee\\\/product\\\/tegelusvihik-leia-ja-naita-pildid-hariv-toovihik-lastele\\\/\"]}]},{\"@type\":\"ImageObject\",\"inLanguage\":\"ru-RU\",\"@id\":\"https:\\\/\\\/motormind.ee\\\/product\\\/tegelusvihik-leia-ja-naita-pildid-hariv-toovihik-lastele\\\/#primaryimage\",\"url\":\"https:\\\/\\\/motormind.ee\\\/wp-content\\\/uploads\\\/2025\\\/02\\\/IMG_0608.jpeg\",\"contentUrl\":\"https:\\\/\\\/motormind.ee\\\/wp-content\\\/uploads\\\/2025\\\/02\\\/IMG_0608.jpeg\",\"width\":1536,\"height\":2048},{\"@type\":\"BreadcrumbList\",\"@id\":\"https:\\\/\\\/motormind.ee\\\/product\\\/tegelusvihik-leia-ja-naita-pildid-hariv-toovihik-lastele\\\/#breadcrumb\",\"itemListElement\":[{\"@type\":\"ListItem\",\"position\":1,\"name\":\"\u0413\u043b\u0430\u0432\u043d\u0430\u044f \u0441\u0442\u0440\u0430\u043d\u0438\u0446\u0430\",\"item\":\"https:\\\/\\\/motormind.ee\\\/\"},{\"@type\":\"ListItem\",\"position\":2,\"name\":\"E-pood\",\"item\":\"https:\\\/\\\/motormind.ee\\\/shop\\\/\"},{\"@type\":\"ListItem\",\"position\":3,\"name\":\"Tegelusvihik: Leia ja N\u00e4ita Pildid\"}]},{\"@type\":\"WebSite\",\"@id\":\"https:\\\/\\\/motormind.ee\\\/#website\",\"url\":\"https:\\\/\\\/motormind.ee\\\/\",\"name\":\"Motormind\",\"description\":\"&Otilde;pi r&otilde;&otilde;muga, &otilde;pi m&auml;ngides!\",\"potentialAction\":[{\"@type\":\"SearchAction\",\"target\":{\"@type\":\"EntryPoint\",\"urlTemplate\":\"https:\\\/\\\/motormind.ee\\\/?s={search_term_string}\"},\"query-input\":{\"@type\":\"PropertyValueSpecification\",\"valueRequired\":true,\"valueName\":\"search_term_string\"}}],\"inLanguage\":\"ru-RU\"}]}<\/script>\n<!-- \/ Yoast SEO plugin. -->","yoast_head_json":{"title":"Tegelusvihik: Leia ja N\u00e4ita Pildid - Motormind","robots":{"index":"index","follow":"follow","max-snippet":"max-snippet:-1","max-image-preview":"max-image-preview:large","max-video-preview":"max-video-preview:-1"},"canonical":"https:\/\/motormind.ee\/ru\/product\/tegelusvihik-leia-ja-naita-pildid-hariv-toovihik-lastele\/","og_locale":"ru_RU","og_type":"article","og_title":"Tegelusvihik: Leia ja N\u00e4ita Pildid - Motormind","og_description":"See v\u00e4rvikas ja kaasahaarav tegelusvihik aitab teie lapsel m\u00e4nguliselt t\u00e4iendada oma s\u00f5navara ja \u00f5ppida eesti keelt. See on loodud spetsiaalselt selleks, et arendada klassifitseerimisoskusi, loogilist m\u00f5tlemist ja suhtlemisv\u00f5imet. Mis teeb selle tegelusvihiku eriliseks? \u2705 Lai teemade valik \u2013 geomeetrilised kujundid, jalan\u00f5ud, loomad, aastaajad, putukad, tehnika, tegus\u00f5nad ja palju muud. See aitab lastel \u00f5ppida uusi s\u00f5nu [&hellip;]","og_url":"https:\/\/motormind.ee\/ru\/product\/tegelusvihik-leia-ja-naita-pildid-hariv-toovihik-lastele\/","og_site_name":"Motormind","article_modified_time":"2025-11-10T07:49:10+00:00","og_image":[{"width":1536,"height":2048,"url":"https:\/\/motormind.ee\/wp-content\/uploads\/2025\/02\/IMG_0608.jpeg","type":"image\/jpeg"}],"twitter_card":"summary_large_image","twitter_misc":{"\u041f\u0440\u0438\u043c\u0435\u0440\u043d\u043e\u0435 \u0432\u0440\u0435\u043c\u044f \u0434\u043b\u044f \u0447\u0442\u0435\u043d\u0438\u044f":"1 \u043c\u0438\u043d\u0443\u0442\u0430"},"schema":{"@context":"https:\/\/schema.org","@graph":[{"@type":"WebPage","@id":"https:\/\/motormind.ee\/product\/tegelusvihik-leia-ja-naita-pildid-hariv-toovihik-lastele\/","url":"https:\/\/motormind.ee\/product\/tegelusvihik-leia-ja-naita-pildid-hariv-toovihik-lastele\/","name":"Tegelusvihik: Leia ja N\u00e4ita Pildid - Motormind","isPartOf":{"@id":"https:\/\/motormind.ee\/#website"},"primaryImageOfPage":{"@id":"https:\/\/motormind.ee\/product\/tegelusvihik-leia-ja-naita-pildid-hariv-toovihik-lastele\/#primaryimage"},"image":{"@id":"https:\/\/motormind.ee\/product\/tegelusvihik-leia-ja-naita-pildid-hariv-toovihik-lastele\/#primaryimage"},"thumbnailUrl":"https:\/\/motormind.ee\/wp-content\/uploads\/2025\/02\/IMG_0608.jpeg","datePublished":"2025-02-14T09:49:30+00:00","dateModified":"2025-11-10T07:49:10+00:00","breadcrumb":{"@id":"https:\/\/motormind.ee\/product\/tegelusvihik-leia-ja-naita-pildid-hariv-toovihik-lastele\/#breadcrumb"},"inLanguage":"ru-RU","potentialAction":[{"@type":"ReadAction","target":["https:\/\/motormind.ee\/product\/tegelusvihik-leia-ja-naita-pildid-hariv-toovihik-lastele\/"]}]},{"@type":"ImageObject","inLanguage":"ru-RU","@id":"https:\/\/motormind.ee\/product\/tegelusvihik-leia-ja-naita-pildid-hariv-toovihik-lastele\/#primaryimage","url":"https:\/\/motormind.ee\/wp-content\/uploads\/2025\/02\/IMG_0608.jpeg","contentUrl":"https:\/\/motormind.ee\/wp-content\/uploads\/2025\/02\/IMG_0608.jpeg","width":1536,"height":2048},{"@type":"BreadcrumbList","@id":"https:\/\/motormind.ee\/product\/tegelusvihik-leia-ja-naita-pildid-hariv-toovihik-lastele\/#breadcrumb","itemListElement":[{"@type":"ListItem","position":1,"name":"\u0413\u043b\u0430\u0432\u043d\u0430\u044f \u0441\u0442\u0440\u0430\u043d\u0438\u0446\u0430","item":"https:\/\/motormind.ee\/"},{"@type":"ListItem","position":2,"name":"E-pood","item":"https:\/\/motormind.ee\/shop\/"},{"@type":"ListItem","position":3,"name":"Tegelusvihik: Leia ja N\u00e4ita Pildid"}]},{"@type":"WebSite","@id":"https:\/\/motormind.ee\/#website","url":"https:\/\/motormind.ee\/","name":"Motormind","description":"&Otilde;pi r&otilde;&otilde;muga, &otilde;pi m&auml;ngides!","potentialAction":[{"@type":"SearchAction","target":{"@type":"EntryPoint","urlTemplate":"https:\/\/motormind.ee\/?s={search_term_string}"},"query-input":{"@type":"PropertyValueSpecification","valueRequired":true,"valueName":"search_term_string"}}],"inLanguage":"ru-RU"}]}},"_links":{"self":[{"href":"https:\/\/motormind.ee\/ru\/wp-json\/wp\/v2\/product\/1997","targetHints":{"allow":["GET"]}}],"collection":[{"href":"https:\/\/motormind.ee\/ru\/wp-json\/wp\/v2\/product"}],"about":[{"href":"https:\/\/motormind.ee\/ru\/wp-json\/wp\/v2\/types\/product"}],"replies":[{"embeddable":true,"href":"https:\/\/motormind.ee\/ru\/wp-json\/wp\/v2\/comments?post=1997"}],"version-history":[{"count":3,"href":"https:\/\/motormind.ee\/ru\/wp-json\/wp\/v2\/product\/1997\/revisions"}],"predecessor-version":[{"id":3085,"href":"https:\/\/motormind.ee\/ru\/wp-json\/wp\/v2\/product\/1997\/revisions\/3085"}],"wp:featuredmedia":[{"embeddable":true,"href":"https:\/\/motormind.ee\/ru\/wp-json\/wp\/v2\/media\/1998"}],"wp:attachment":[{"href":"https:\/\/motormind.ee\/ru\/wp-json\/wp\/v2\/media?parent=1997"}],"wp:term":[{"taxonomy":"product_brand","embeddable":true,"href":"https:\/\/motormind.ee\/ru\/wp-json\/wp\/v2\/product_brand?post=1997"},{"taxonomy":"product_cat","embeddable":true,"href":"https:\/\/motormind.ee\/ru\/wp-json\/wp\/v2\/product_cat?post=1997"},{"taxonomy":"product_tag","embeddable":true,"href":"https:\/\/motormind.ee\/ru\/wp-json\/wp\/v2\/product_tag?post=1997"}],"curies":[{"name":"wp","href":"https:\/\/api.w.org\/{rel}","templated":true}]}}