{"id":2026,"date":"2025-02-14T11:40:07","date_gmt":"2025-02-14T11:40:07","guid":{"rendered":"https:\/\/motormind.ee\/?post_type=product&#038;p=2026"},"modified":"2025-11-10T07:48:36","modified_gmt":"2025-11-10T07:48:36","slug":"plastiliinivihik-arendav-loomingualbum","status":"publish","type":"product","link":"https:\/\/motormind.ee\/ru\/product\/plastiliinivihik-arendav-loomingualbum\/","title":{"rendered":"Tegelusvihik: Plastiliinivihik"},"content":{"rendered":"<p>See on ainulaadne lamineeritud vihik plastiliiniga t\u00f6\u00f6tamiseks, mis aitab lapsel arendada<br \/>\npeenmotoorikat, liigutuste koordinatsiooni, kujutlusv\u00f5imet ja k\u00f5net.<br \/>\nMis teeb plastiliinivihiku eriliseks?<\/p>\n<p>\u2705 20 loomingulist \u00fclesannet \u2013 laps saab plastiliiniga luua 20 v\u00e4rvikat pilti.<br \/>\n\u2705 Motoorika areng \u2013 voolimine parandab k\u00e4te koordinatsiooni, tugevdab s\u00f5rmi ja valmistab k\u00e4tt<br \/>\nkirjutamiseks.<br \/>\n\u2705 M\u00e4nguline formaat \u2013 saab v\u00e4lja m\u00f5elda erinevaid m\u00e4nge: sorteerida plastiliini v\u00e4rvide j\u00e4rgi,<br \/>\nvoolida detaile, luua piltide p\u00f5hjal lugusid.<br \/>\n\u2705 Lamineeritud lehed \u2013 neid saab kergesti puhastada ja uuesti kasutada.<br \/>\n\u2705 \u00d5ppimine l\u00e4bi loovuse \u2013 laps mitte ainult ei vooli, vaid \u00f5pib ka v\u00e4rve, kujundeid, loomi ja muid<br \/>\nm\u00f5isteid.<br \/>\nSee on ideaalne kingitus v\u00e4ikestele avastajatele, mis \u00fchendab \u00f5ppimise ja m\u00e4ngu. Looge, kujutage<br \/>\nette ja arenege koos plastiliinivihikuga!<\/p>","protected":false},"excerpt":{"rendered":"<p>See on ainulaadne lamineeritud vihik plastiliiniga t\u00f6\u00f6tamiseks, mis aitab lapsel arendada peenmotoorikat, liigutuste koordinatsiooni, kujutlusv\u00f5imet ja k\u00f5net. Mis teeb plastiliinivihiku eriliseks? \u2705 20 loomingulist \u00fclesannet \u2013 laps saab plastiliiniga luua 20 v\u00e4rvikat pilti. \u2705 Motoorika areng \u2013 voolimine parandab k\u00e4te koordinatsiooni, tugevdab s\u00f5rmi ja valmistab k\u00e4tt kirjutamiseks. \u2705 M\u00e4nguline formaat \u2013 saab v\u00e4lja m\u00f5elda erinevaid [&hellip;]<\/p>\n","protected":false},"featured_media":2028,"comment_status":"open","ping_status":"closed","template":"","meta":[],"product_brand":[],"product_cat":[113],"product_tag":[],"class_list":{"0":"post-2026","1":"product","2":"type-product","3":"status-publish","4":"has-post-thumbnail","6":"product_cat-vihikud","8":"first","9":"instock","10":"shipping-taxable","11":"purchasable","12":"product-type-simple"},"yoast_head":"<!-- This site is optimized with the Yoast SEO plugin v27.4 - https:\/\/yoast.com\/product\/yoast-seo-wordpress\/ -->\n<title>Tegelusvihik: Plastiliinivihik - Motormind<\/title>\n<meta name=\"robots\" content=\"index, follow, max-snippet:-1, max-image-preview:large, max-video-preview:-1\" \/>\n<link rel=\"canonical\" href=\"https:\/\/motormind.ee\/ru\/product\/plastiliinivihik-arendav-loomingualbum\/\" \/>\n<meta property=\"og:locale\" content=\"ru_RU\" \/>\n<meta property=\"og:type\" content=\"article\" \/>\n<meta property=\"og:title\" content=\"Tegelusvihik: Plastiliinivihik - Motormind\" \/>\n<meta property=\"og:description\" content=\"See on ainulaadne lamineeritud vihik plastiliiniga t\u00f6\u00f6tamiseks, mis aitab lapsel arendada peenmotoorikat, liigutuste koordinatsiooni, kujutlusv\u00f5imet ja k\u00f5net. Mis teeb plastiliinivihiku eriliseks? \u2705 20 loomingulist \u00fclesannet \u2013 laps saab plastiliiniga luua 20 v\u00e4rvikat pilti. \u2705 Motoorika areng \u2013 voolimine parandab k\u00e4te koordinatsiooni, tugevdab s\u00f5rmi ja valmistab k\u00e4tt kirjutamiseks. \u2705 M\u00e4nguline formaat \u2013 saab v\u00e4lja m\u00f5elda erinevaid [&hellip;]\" \/>\n<meta property=\"og:url\" content=\"https:\/\/motormind.ee\/ru\/product\/plastiliinivihik-arendav-loomingualbum\/\" \/>\n<meta property=\"og:site_name\" content=\"Motormind\" \/>\n<meta property=\"article:modified_time\" content=\"2025-11-10T07:48:36+00:00\" \/>\n<meta property=\"og:image\" content=\"https:\/\/motormind.ee\/wp-content\/uploads\/2025\/02\/IMG_1193.jpeg\" \/>\n\t<meta property=\"og:image:width\" content=\"1536\" \/>\n\t<meta property=\"og:image:height\" content=\"2048\" \/>\n\t<meta property=\"og:image:type\" content=\"image\/jpeg\" \/>\n<meta name=\"twitter:card\" content=\"summary_large_image\" \/>\n<meta name=\"twitter:label1\" content=\"\u041f\u0440\u0438\u043c\u0435\u0440\u043d\u043e\u0435 \u0432\u0440\u0435\u043c\u044f \u0434\u043b\u044f \u0447\u0442\u0435\u043d\u0438\u044f\" \/>\n\t<meta name=\"twitter:data1\" content=\"1 \u043c\u0438\u043d\u0443\u0442\u0430\" \/>\n<script type=\"application\/ld+json\" class=\"yoast-schema-graph\">{\"@context\":\"https:\\\/\\\/schema.org\",\"@graph\":[{\"@type\":\"WebPage\",\"@id\":\"https:\\\/\\\/motormind.ee\\\/product\\\/plastiliinivihik-arendav-loomingualbum\\\/\",\"url\":\"https:\\\/\\\/motormind.ee\\\/product\\\/plastiliinivihik-arendav-loomingualbum\\\/\",\"name\":\"Tegelusvihik: Plastiliinivihik - Motormind\",\"isPartOf\":{\"@id\":\"https:\\\/\\\/motormind.ee\\\/#website\"},\"primaryImageOfPage\":{\"@id\":\"https:\\\/\\\/motormind.ee\\\/product\\\/plastiliinivihik-arendav-loomingualbum\\\/#primaryimage\"},\"image\":{\"@id\":\"https:\\\/\\\/motormind.ee\\\/product\\\/plastiliinivihik-arendav-loomingualbum\\\/#primaryimage\"},\"thumbnailUrl\":\"https:\\\/\\\/motormind.ee\\\/wp-content\\\/uploads\\\/2025\\\/02\\\/IMG_1193.jpeg\",\"datePublished\":\"2025-02-14T11:40:07+00:00\",\"dateModified\":\"2025-11-10T07:48:36+00:00\",\"breadcrumb\":{\"@id\":\"https:\\\/\\\/motormind.ee\\\/product\\\/plastiliinivihik-arendav-loomingualbum\\\/#breadcrumb\"},\"inLanguage\":\"ru-RU\",\"potentialAction\":[{\"@type\":\"ReadAction\",\"target\":[\"https:\\\/\\\/motormind.ee\\\/product\\\/plastiliinivihik-arendav-loomingualbum\\\/\"]}]},{\"@type\":\"ImageObject\",\"inLanguage\":\"ru-RU\",\"@id\":\"https:\\\/\\\/motormind.ee\\\/product\\\/plastiliinivihik-arendav-loomingualbum\\\/#primaryimage\",\"url\":\"https:\\\/\\\/motormind.ee\\\/wp-content\\\/uploads\\\/2025\\\/02\\\/IMG_1193.jpeg\",\"contentUrl\":\"https:\\\/\\\/motormind.ee\\\/wp-content\\\/uploads\\\/2025\\\/02\\\/IMG_1193.jpeg\",\"width\":1536,\"height\":2048},{\"@type\":\"BreadcrumbList\",\"@id\":\"https:\\\/\\\/motormind.ee\\\/product\\\/plastiliinivihik-arendav-loomingualbum\\\/#breadcrumb\",\"itemListElement\":[{\"@type\":\"ListItem\",\"position\":1,\"name\":\"\u0413\u043b\u0430\u0432\u043d\u0430\u044f \u0441\u0442\u0440\u0430\u043d\u0438\u0446\u0430\",\"item\":\"https:\\\/\\\/motormind.ee\\\/\"},{\"@type\":\"ListItem\",\"position\":2,\"name\":\"E-pood\",\"item\":\"https:\\\/\\\/motormind.ee\\\/shop\\\/\"},{\"@type\":\"ListItem\",\"position\":3,\"name\":\"Tegelusvihik: Plastiliinivihik\"}]},{\"@type\":\"WebSite\",\"@id\":\"https:\\\/\\\/motormind.ee\\\/#website\",\"url\":\"https:\\\/\\\/motormind.ee\\\/\",\"name\":\"Motormind\",\"description\":\"&Otilde;pi r&otilde;&otilde;muga, &otilde;pi m&auml;ngides!\",\"potentialAction\":[{\"@type\":\"SearchAction\",\"target\":{\"@type\":\"EntryPoint\",\"urlTemplate\":\"https:\\\/\\\/motormind.ee\\\/?s={search_term_string}\"},\"query-input\":{\"@type\":\"PropertyValueSpecification\",\"valueRequired\":true,\"valueName\":\"search_term_string\"}}],\"inLanguage\":\"ru-RU\"}]}<\/script>\n<!-- \/ Yoast SEO plugin. -->","yoast_head_json":{"title":"Tegelusvihik: Plastiliinivihik - Motormind","robots":{"index":"index","follow":"follow","max-snippet":"max-snippet:-1","max-image-preview":"max-image-preview:large","max-video-preview":"max-video-preview:-1"},"canonical":"https:\/\/motormind.ee\/ru\/product\/plastiliinivihik-arendav-loomingualbum\/","og_locale":"ru_RU","og_type":"article","og_title":"Tegelusvihik: Plastiliinivihik - Motormind","og_description":"See on ainulaadne lamineeritud vihik plastiliiniga t\u00f6\u00f6tamiseks, mis aitab lapsel arendada peenmotoorikat, liigutuste koordinatsiooni, kujutlusv\u00f5imet ja k\u00f5net. Mis teeb plastiliinivihiku eriliseks? \u2705 20 loomingulist \u00fclesannet \u2013 laps saab plastiliiniga luua 20 v\u00e4rvikat pilti. \u2705 Motoorika areng \u2013 voolimine parandab k\u00e4te koordinatsiooni, tugevdab s\u00f5rmi ja valmistab k\u00e4tt kirjutamiseks. \u2705 M\u00e4nguline formaat \u2013 saab v\u00e4lja m\u00f5elda erinevaid [&hellip;]","og_url":"https:\/\/motormind.ee\/ru\/product\/plastiliinivihik-arendav-loomingualbum\/","og_site_name":"Motormind","article_modified_time":"2025-11-10T07:48:36+00:00","og_image":[{"width":1536,"height":2048,"url":"https:\/\/motormind.ee\/wp-content\/uploads\/2025\/02\/IMG_1193.jpeg","type":"image\/jpeg"}],"twitter_card":"summary_large_image","twitter_misc":{"\u041f\u0440\u0438\u043c\u0435\u0440\u043d\u043e\u0435 \u0432\u0440\u0435\u043c\u044f \u0434\u043b\u044f \u0447\u0442\u0435\u043d\u0438\u044f":"1 \u043c\u0438\u043d\u0443\u0442\u0430"},"schema":{"@context":"https:\/\/schema.org","@graph":[{"@type":"WebPage","@id":"https:\/\/motormind.ee\/product\/plastiliinivihik-arendav-loomingualbum\/","url":"https:\/\/motormind.ee\/product\/plastiliinivihik-arendav-loomingualbum\/","name":"Tegelusvihik: Plastiliinivihik - Motormind","isPartOf":{"@id":"https:\/\/motormind.ee\/#website"},"primaryImageOfPage":{"@id":"https:\/\/motormind.ee\/product\/plastiliinivihik-arendav-loomingualbum\/#primaryimage"},"image":{"@id":"https:\/\/motormind.ee\/product\/plastiliinivihik-arendav-loomingualbum\/#primaryimage"},"thumbnailUrl":"https:\/\/motormind.ee\/wp-content\/uploads\/2025\/02\/IMG_1193.jpeg","datePublished":"2025-02-14T11:40:07+00:00","dateModified":"2025-11-10T07:48:36+00:00","breadcrumb":{"@id":"https:\/\/motormind.ee\/product\/plastiliinivihik-arendav-loomingualbum\/#breadcrumb"},"inLanguage":"ru-RU","potentialAction":[{"@type":"ReadAction","target":["https:\/\/motormind.ee\/product\/plastiliinivihik-arendav-loomingualbum\/"]}]},{"@type":"ImageObject","inLanguage":"ru-RU","@id":"https:\/\/motormind.ee\/product\/plastiliinivihik-arendav-loomingualbum\/#primaryimage","url":"https:\/\/motormind.ee\/wp-content\/uploads\/2025\/02\/IMG_1193.jpeg","contentUrl":"https:\/\/motormind.ee\/wp-content\/uploads\/2025\/02\/IMG_1193.jpeg","width":1536,"height":2048},{"@type":"BreadcrumbList","@id":"https:\/\/motormind.ee\/product\/plastiliinivihik-arendav-loomingualbum\/#breadcrumb","itemListElement":[{"@type":"ListItem","position":1,"name":"\u0413\u043b\u0430\u0432\u043d\u0430\u044f \u0441\u0442\u0440\u0430\u043d\u0438\u0446\u0430","item":"https:\/\/motormind.ee\/"},{"@type":"ListItem","position":2,"name":"E-pood","item":"https:\/\/motormind.ee\/shop\/"},{"@type":"ListItem","position":3,"name":"Tegelusvihik: Plastiliinivihik"}]},{"@type":"WebSite","@id":"https:\/\/motormind.ee\/#website","url":"https:\/\/motormind.ee\/","name":"Motormind","description":"&Otilde;pi r&otilde;&otilde;muga, &otilde;pi m&auml;ngides!","potentialAction":[{"@type":"SearchAction","target":{"@type":"EntryPoint","urlTemplate":"https:\/\/motormind.ee\/?s={search_term_string}"},"query-input":{"@type":"PropertyValueSpecification","valueRequired":true,"valueName":"search_term_string"}}],"inLanguage":"ru-RU"}]}},"_links":{"self":[{"href":"https:\/\/motormind.ee\/ru\/wp-json\/wp\/v2\/product\/2026","targetHints":{"allow":["GET"]}}],"collection":[{"href":"https:\/\/motormind.ee\/ru\/wp-json\/wp\/v2\/product"}],"about":[{"href":"https:\/\/motormind.ee\/ru\/wp-json\/wp\/v2\/types\/product"}],"replies":[{"embeddable":true,"href":"https:\/\/motormind.ee\/ru\/wp-json\/wp\/v2\/comments?post=2026"}],"version-history":[{"count":2,"href":"https:\/\/motormind.ee\/ru\/wp-json\/wp\/v2\/product\/2026\/revisions"}],"predecessor-version":[{"id":3083,"href":"https:\/\/motormind.ee\/ru\/wp-json\/wp\/v2\/product\/2026\/revisions\/3083"}],"wp:featuredmedia":[{"embeddable":true,"href":"https:\/\/motormind.ee\/ru\/wp-json\/wp\/v2\/media\/2028"}],"wp:attachment":[{"href":"https:\/\/motormind.ee\/ru\/wp-json\/wp\/v2\/media?parent=2026"}],"wp:term":[{"taxonomy":"product_brand","embeddable":true,"href":"https:\/\/motormind.ee\/ru\/wp-json\/wp\/v2\/product_brand?post=2026"},{"taxonomy":"product_cat","embeddable":true,"href":"https:\/\/motormind.ee\/ru\/wp-json\/wp\/v2\/product_cat?post=2026"},{"taxonomy":"product_tag","embeddable":true,"href":"https:\/\/motormind.ee\/ru\/wp-json\/wp\/v2\/product_tag?post=2026"}],"curies":[{"name":"wp","href":"https:\/\/api.w.org\/{rel}","templated":true}]}}