{"id":2151,"date":"2025-02-19T09:04:04","date_gmt":"2025-02-19T09:04:04","guid":{"rendered":"https:\/\/motormind.ee\/?post_type=product&#038;p=2151"},"modified":"2026-03-18T11:43:18","modified_gmt":"2026-03-18T11:43:18","slug":"toolehed-lobus-meri","status":"publish","type":"product","link":"https:\/\/motormind.ee\/ru\/product\/toolehed-lobus-meri\/","title":{"rendered":"T\u00f6\u00f6lehed &#8221; L\u00d5BUS MERI&#8221;"},"content":{"rendered":"<p>Pakume r\u00f5\u00f5msat ja p\u00f5nevat mereteemalist faili, mis on loodud spetsiaalselt v\u00e4ikestele! \ud83c\udf0a\ud83d\udc19\ud83d\udc2c<\/p>\n<p>\ud83d\udccc Seest leiate:<br \/>\n\ud83c\udfa8 \u2705 V\u00e4rvimislehed<br \/>\n\ud83c\udfb2 \u2705 M\u00e4ngulised ja motoorikat arendavad harjutused<br \/>\n\ud83d\udd22 \u2705 Esimesed arvutamisoskused (liitmine, lahutamine)<br \/>\n\u270f\ufe0f \u2705 Punktide \u00fchendamine numbrite j\u00e4rgi<br \/>\n\ud83c\udf00 \u2705 Lab\u00fcrindid<br \/>\n\u2702\ufe0f \u2705 Harjutused k\u00e4\u00e4ridega<\/p>\n<p>19 lk<\/p>\n<p>&nbsp;<\/p>\n<p>Tegemist on digitaalse tootega (PDF). P\u00e4rast makset saadetakse allalaadimislink teie e-mailile.<\/p>","protected":false},"excerpt":{"rendered":"<p>Pakume r\u00f5\u00f5msat ja p\u00f5nevat mereteemalist faili, mis on loodud spetsiaalselt v\u00e4ikestele! \ud83c\udf0a\ud83d\udc19\ud83d\udc2c \ud83d\udccc Seest leiate: \ud83c\udfa8 \u2705 V\u00e4rvimislehed \ud83c\udfb2 \u2705 M\u00e4ngulised ja motoorikat arendavad harjutused \ud83d\udd22 \u2705 Esimesed arvutamisoskused (liitmine, lahutamine) \u270f\ufe0f \u2705 Punktide \u00fchendamine numbrite j\u00e4rgi \ud83c\udf00 \u2705 Lab\u00fcrindid \u2702\ufe0f \u2705 Harjutused k\u00e4\u00e4ridega 19 lk &nbsp; Tegemist on digitaalse tootega (PDF). P\u00e4rast makset saadetakse [&hellip;]<\/p>\n","protected":false},"featured_media":2152,"comment_status":"open","ping_status":"closed","template":"","meta":[],"product_brand":[],"product_cat":[22,157],"product_tag":[],"class_list":{"0":"post-2151","1":"product","2":"type-product","3":"status-publish","4":"has-post-thumbnail","6":"product_cat-toolehed","7":"product_cat-temaatilised-ja-hooajalised-toolehed","9":"first","10":"instock","11":"shipping-taxable","12":"purchasable","13":"product-type-variable"},"yoast_head":"<!-- This site is optimized with the Yoast SEO plugin v27.4 - https:\/\/yoast.com\/product\/yoast-seo-wordpress\/ -->\n<title>T\u00f6\u00f6lehed &quot; L\u00d5BUS MERI&quot; - Motormind<\/title>\n<meta name=\"robots\" content=\"index, follow, max-snippet:-1, max-image-preview:large, max-video-preview:-1\" \/>\n<link rel=\"canonical\" href=\"https:\/\/motormind.ee\/ru\/product\/toolehed-lobus-meri\/\" \/>\n<meta property=\"og:locale\" content=\"ru_RU\" \/>\n<meta property=\"og:type\" content=\"article\" \/>\n<meta property=\"og:title\" content=\"T\u00f6\u00f6lehed &quot; L\u00d5BUS MERI&quot; - Motormind\" \/>\n<meta property=\"og:description\" content=\"Pakume r\u00f5\u00f5msat ja p\u00f5nevat mereteemalist faili, mis on loodud spetsiaalselt v\u00e4ikestele! \ud83c\udf0a\ud83d\udc19\ud83d\udc2c \ud83d\udccc Seest leiate: \ud83c\udfa8 \u2705 V\u00e4rvimislehed \ud83c\udfb2 \u2705 M\u00e4ngulised ja motoorikat arendavad harjutused \ud83d\udd22 \u2705 Esimesed arvutamisoskused (liitmine, lahutamine) \u270f\ufe0f \u2705 Punktide \u00fchendamine numbrite j\u00e4rgi \ud83c\udf00 \u2705 Lab\u00fcrindid \u2702\ufe0f \u2705 Harjutused k\u00e4\u00e4ridega 19 lk &nbsp; Tegemist on digitaalse tootega (PDF). P\u00e4rast makset saadetakse [&hellip;]\" \/>\n<meta property=\"og:url\" content=\"https:\/\/motormind.ee\/ru\/product\/toolehed-lobus-meri\/\" \/>\n<meta property=\"og:site_name\" content=\"Motormind\" \/>\n<meta property=\"article:modified_time\" content=\"2026-03-18T11:43:18+00:00\" \/>\n<meta property=\"og:image\" content=\"https:\/\/motormind.ee\/wp-content\/uploads\/2025\/02\/IMG_0277.jpg\" \/>\n\t<meta property=\"og:image:width\" content=\"2048\" \/>\n\t<meta property=\"og:image:height\" content=\"2048\" \/>\n\t<meta property=\"og:image:type\" content=\"image\/jpeg\" \/>\n<meta name=\"twitter:card\" content=\"summary_large_image\" \/>\n<meta name=\"twitter:label1\" content=\"\u041f\u0440\u0438\u043c\u0435\u0440\u043d\u043e\u0435 \u0432\u0440\u0435\u043c\u044f \u0434\u043b\u044f \u0447\u0442\u0435\u043d\u0438\u044f\" \/>\n\t<meta name=\"twitter:data1\" content=\"1 \u043c\u0438\u043d\u0443\u0442\u0430\" \/>\n<script type=\"application\/ld+json\" class=\"yoast-schema-graph\">{\"@context\":\"https:\\\/\\\/schema.org\",\"@graph\":[{\"@type\":\"WebPage\",\"@id\":\"https:\\\/\\\/motormind.ee\\\/product\\\/toolehed-lobus-meri\\\/\",\"url\":\"https:\\\/\\\/motormind.ee\\\/product\\\/toolehed-lobus-meri\\\/\",\"name\":\"T\u00f6\u00f6lehed \\\" L\u00d5BUS MERI\\\" - Motormind\",\"isPartOf\":{\"@id\":\"https:\\\/\\\/motormind.ee\\\/#website\"},\"primaryImageOfPage\":{\"@id\":\"https:\\\/\\\/motormind.ee\\\/product\\\/toolehed-lobus-meri\\\/#primaryimage\"},\"image\":{\"@id\":\"https:\\\/\\\/motormind.ee\\\/product\\\/toolehed-lobus-meri\\\/#primaryimage\"},\"thumbnailUrl\":\"https:\\\/\\\/motormind.ee\\\/wp-content\\\/uploads\\\/2025\\\/02\\\/IMG_0277.jpg\",\"datePublished\":\"2025-02-19T09:04:04+00:00\",\"dateModified\":\"2026-03-18T11:43:18+00:00\",\"breadcrumb\":{\"@id\":\"https:\\\/\\\/motormind.ee\\\/product\\\/toolehed-lobus-meri\\\/#breadcrumb\"},\"inLanguage\":\"ru-RU\",\"potentialAction\":[{\"@type\":\"ReadAction\",\"target\":[\"https:\\\/\\\/motormind.ee\\\/product\\\/toolehed-lobus-meri\\\/\"]}]},{\"@type\":\"ImageObject\",\"inLanguage\":\"ru-RU\",\"@id\":\"https:\\\/\\\/motormind.ee\\\/product\\\/toolehed-lobus-meri\\\/#primaryimage\",\"url\":\"https:\\\/\\\/motormind.ee\\\/wp-content\\\/uploads\\\/2025\\\/02\\\/IMG_0277.jpg\",\"contentUrl\":\"https:\\\/\\\/motormind.ee\\\/wp-content\\\/uploads\\\/2025\\\/02\\\/IMG_0277.jpg\",\"width\":2048,\"height\":2048},{\"@type\":\"BreadcrumbList\",\"@id\":\"https:\\\/\\\/motormind.ee\\\/product\\\/toolehed-lobus-meri\\\/#breadcrumb\",\"itemListElement\":[{\"@type\":\"ListItem\",\"position\":1,\"name\":\"\u0413\u043b\u0430\u0432\u043d\u0430\u044f \u0441\u0442\u0440\u0430\u043d\u0438\u0446\u0430\",\"item\":\"https:\\\/\\\/motormind.ee\\\/\"},{\"@type\":\"ListItem\",\"position\":2,\"name\":\"E-pood\",\"item\":\"https:\\\/\\\/motormind.ee\\\/shop\\\/\"},{\"@type\":\"ListItem\",\"position\":3,\"name\":\"T\u00f6\u00f6lehed &#8221; L\u00d5BUS MERI&#8221;\"}]},{\"@type\":\"WebSite\",\"@id\":\"https:\\\/\\\/motormind.ee\\\/#website\",\"url\":\"https:\\\/\\\/motormind.ee\\\/\",\"name\":\"Motormind\",\"description\":\"&Otilde;pi r&otilde;&otilde;muga, &otilde;pi m&auml;ngides!\",\"potentialAction\":[{\"@type\":\"SearchAction\",\"target\":{\"@type\":\"EntryPoint\",\"urlTemplate\":\"https:\\\/\\\/motormind.ee\\\/?s={search_term_string}\"},\"query-input\":{\"@type\":\"PropertyValueSpecification\",\"valueRequired\":true,\"valueName\":\"search_term_string\"}}],\"inLanguage\":\"ru-RU\"}]}<\/script>\n<!-- \/ Yoast SEO plugin. -->","yoast_head_json":{"title":"T\u00f6\u00f6lehed \" L\u00d5BUS MERI\" - Motormind","robots":{"index":"index","follow":"follow","max-snippet":"max-snippet:-1","max-image-preview":"max-image-preview:large","max-video-preview":"max-video-preview:-1"},"canonical":"https:\/\/motormind.ee\/ru\/product\/toolehed-lobus-meri\/","og_locale":"ru_RU","og_type":"article","og_title":"T\u00f6\u00f6lehed \" L\u00d5BUS MERI\" - Motormind","og_description":"Pakume r\u00f5\u00f5msat ja p\u00f5nevat mereteemalist faili, mis on loodud spetsiaalselt v\u00e4ikestele! \ud83c\udf0a\ud83d\udc19\ud83d\udc2c \ud83d\udccc Seest leiate: \ud83c\udfa8 \u2705 V\u00e4rvimislehed \ud83c\udfb2 \u2705 M\u00e4ngulised ja motoorikat arendavad harjutused \ud83d\udd22 \u2705 Esimesed arvutamisoskused (liitmine, lahutamine) \u270f\ufe0f \u2705 Punktide \u00fchendamine numbrite j\u00e4rgi \ud83c\udf00 \u2705 Lab\u00fcrindid \u2702\ufe0f \u2705 Harjutused k\u00e4\u00e4ridega 19 lk &nbsp; Tegemist on digitaalse tootega (PDF). P\u00e4rast makset saadetakse [&hellip;]","og_url":"https:\/\/motormind.ee\/ru\/product\/toolehed-lobus-meri\/","og_site_name":"Motormind","article_modified_time":"2026-03-18T11:43:18+00:00","og_image":[{"width":2048,"height":2048,"url":"https:\/\/motormind.ee\/wp-content\/uploads\/2025\/02\/IMG_0277.jpg","type":"image\/jpeg"}],"twitter_card":"summary_large_image","twitter_misc":{"\u041f\u0440\u0438\u043c\u0435\u0440\u043d\u043e\u0435 \u0432\u0440\u0435\u043c\u044f \u0434\u043b\u044f \u0447\u0442\u0435\u043d\u0438\u044f":"1 \u043c\u0438\u043d\u0443\u0442\u0430"},"schema":{"@context":"https:\/\/schema.org","@graph":[{"@type":"WebPage","@id":"https:\/\/motormind.ee\/product\/toolehed-lobus-meri\/","url":"https:\/\/motormind.ee\/product\/toolehed-lobus-meri\/","name":"T\u00f6\u00f6lehed \" L\u00d5BUS MERI\" - Motormind","isPartOf":{"@id":"https:\/\/motormind.ee\/#website"},"primaryImageOfPage":{"@id":"https:\/\/motormind.ee\/product\/toolehed-lobus-meri\/#primaryimage"},"image":{"@id":"https:\/\/motormind.ee\/product\/toolehed-lobus-meri\/#primaryimage"},"thumbnailUrl":"https:\/\/motormind.ee\/wp-content\/uploads\/2025\/02\/IMG_0277.jpg","datePublished":"2025-02-19T09:04:04+00:00","dateModified":"2026-03-18T11:43:18+00:00","breadcrumb":{"@id":"https:\/\/motormind.ee\/product\/toolehed-lobus-meri\/#breadcrumb"},"inLanguage":"ru-RU","potentialAction":[{"@type":"ReadAction","target":["https:\/\/motormind.ee\/product\/toolehed-lobus-meri\/"]}]},{"@type":"ImageObject","inLanguage":"ru-RU","@id":"https:\/\/motormind.ee\/product\/toolehed-lobus-meri\/#primaryimage","url":"https:\/\/motormind.ee\/wp-content\/uploads\/2025\/02\/IMG_0277.jpg","contentUrl":"https:\/\/motormind.ee\/wp-content\/uploads\/2025\/02\/IMG_0277.jpg","width":2048,"height":2048},{"@type":"BreadcrumbList","@id":"https:\/\/motormind.ee\/product\/toolehed-lobus-meri\/#breadcrumb","itemListElement":[{"@type":"ListItem","position":1,"name":"\u0413\u043b\u0430\u0432\u043d\u0430\u044f \u0441\u0442\u0440\u0430\u043d\u0438\u0446\u0430","item":"https:\/\/motormind.ee\/"},{"@type":"ListItem","position":2,"name":"E-pood","item":"https:\/\/motormind.ee\/shop\/"},{"@type":"ListItem","position":3,"name":"T\u00f6\u00f6lehed &#8221; L\u00d5BUS MERI&#8221;"}]},{"@type":"WebSite","@id":"https:\/\/motormind.ee\/#website","url":"https:\/\/motormind.ee\/","name":"Motormind","description":"&Otilde;pi r&otilde;&otilde;muga, &otilde;pi m&auml;ngides!","potentialAction":[{"@type":"SearchAction","target":{"@type":"EntryPoint","urlTemplate":"https:\/\/motormind.ee\/?s={search_term_string}"},"query-input":{"@type":"PropertyValueSpecification","valueRequired":true,"valueName":"search_term_string"}}],"inLanguage":"ru-RU"}]}},"_links":{"self":[{"href":"https:\/\/motormind.ee\/ru\/wp-json\/wp\/v2\/product\/2151","targetHints":{"allow":["GET"]}}],"collection":[{"href":"https:\/\/motormind.ee\/ru\/wp-json\/wp\/v2\/product"}],"about":[{"href":"https:\/\/motormind.ee\/ru\/wp-json\/wp\/v2\/types\/product"}],"replies":[{"embeddable":true,"href":"https:\/\/motormind.ee\/ru\/wp-json\/wp\/v2\/comments?post=2151"}],"version-history":[{"count":4,"href":"https:\/\/motormind.ee\/ru\/wp-json\/wp\/v2\/product\/2151\/revisions"}],"predecessor-version":[{"id":4279,"href":"https:\/\/motormind.ee\/ru\/wp-json\/wp\/v2\/product\/2151\/revisions\/4279"}],"wp:featuredmedia":[{"embeddable":true,"href":"https:\/\/motormind.ee\/ru\/wp-json\/wp\/v2\/media\/2152"}],"wp:attachment":[{"href":"https:\/\/motormind.ee\/ru\/wp-json\/wp\/v2\/media?parent=2151"}],"wp:term":[{"taxonomy":"product_brand","embeddable":true,"href":"https:\/\/motormind.ee\/ru\/wp-json\/wp\/v2\/product_brand?post=2151"},{"taxonomy":"product_cat","embeddable":true,"href":"https:\/\/motormind.ee\/ru\/wp-json\/wp\/v2\/product_cat?post=2151"},{"taxonomy":"product_tag","embeddable":true,"href":"https:\/\/motormind.ee\/ru\/wp-json\/wp\/v2\/product_tag?post=2151"}],"curies":[{"name":"wp","href":"https:\/\/api.w.org\/{rel}","templated":true}]}}