{"id":2419,"date":"2025-02-21T11:10:52","date_gmt":"2025-02-21T11:10:52","guid":{"rendered":"https:\/\/motormind.ee\/?post_type=product&#038;p=2419"},"modified":"2025-08-27T07:34:38","modified_gmt":"2025-08-27T07:34:38","slug":"lasten-kalenteri","status":"publish","type":"product","link":"https:\/\/motormind.ee\/ru\/product\/lasten-kalenteri\/","title":{"rendered":"Lasten kalenteri"},"content":{"rendered":"<p>\u201cLasten kalenteri\u201d on interaktiivinen oppimispaketti, joka auttaa lasta oppimaan helposti ja hauskasti p\u00e4iv\u00e4m\u00e4\u00e4r\u00e4n, viikonp\u00e4iv\u00e4n, vuodenajan ja kuukauden m\u00e4\u00e4ritt\u00e4mist\u00e4.<\/p>\n<p>Kalenteri koostuu tarrakiinnityksell\u00e4 varustetuista liikkuvista osista, joita lapsi voi itsen\u00e4isesti vaihtaa merkit\u00e4kseen ajankohtaisen p\u00e4iv\u00e4m\u00e4\u00e4r\u00e4n ja s\u00e4\u00e4olosuhteet. Kirkkaat kuvat ja visuaaliset symbolit tekev\u00e4t oppimisprosessista innostavan ja kehitt\u00e4v\u00e4t lapsen ajantajua, logiikkaa ja tarkkaavaisuutta.<\/p>\n<p>T\u00e4m\u00e4 kalenteri ei ole vain hy\u00f6dyllinen v\u00e4line viikonp\u00e4ivien ja kuukausien oppimiseen, vaan my\u00f6s hauska osa p\u00e4ivitt\u00e4isi\u00e4 leikkej\u00e4. Se on valmistettu kest\u00e4vist\u00e4 ja turvallisista materiaaleista, joten se sopii t\u00e4ydellisesti sek\u00e4 kotiin ett\u00e4 p\u00e4iv\u00e4kotiin.<\/p>","protected":false},"excerpt":{"rendered":"<p>\u201cLasten kalenteri\u201d on interaktiivinen oppimispaketti, joka auttaa lasta oppimaan helposti ja hauskasti p\u00e4iv\u00e4m\u00e4\u00e4r\u00e4n, viikonp\u00e4iv\u00e4n, vuodenajan ja kuukauden m\u00e4\u00e4ritt\u00e4mist\u00e4. Kalenteri koostuu tarrakiinnityksell\u00e4 varustetuista liikkuvista osista, joita lapsi voi itsen\u00e4isesti vaihtaa merkit\u00e4kseen ajankohtaisen p\u00e4iv\u00e4m\u00e4\u00e4r\u00e4n ja s\u00e4\u00e4olosuhteet. Kirkkaat kuvat ja visuaaliset symbolit tekev\u00e4t oppimisprosessista innostavan ja kehitt\u00e4v\u00e4t lapsen ajantajua, logiikkaa ja tarkkaavaisuutta. T\u00e4m\u00e4 kalenteri ei ole vain hy\u00f6dyllinen [&hellip;]<\/p>\n","protected":false},"featured_media":2328,"comment_status":"open","ping_status":"closed","template":"","meta":[],"product_brand":[],"product_cat":[112],"product_tag":[],"class_list":{"0":"post-2419","1":"product","2":"type-product","3":"status-publish","4":"has-post-thumbnail","6":"product_cat-plakatid","8":"first","9":"instock","10":"shipping-taxable","11":"purchasable","12":"product-type-simple"},"yoast_head":"<!-- This site is optimized with the Yoast SEO plugin v27.4 - https:\/\/yoast.com\/product\/yoast-seo-wordpress\/ -->\n<title>Lasten kalenteri - Motormind<\/title>\n<meta name=\"robots\" content=\"index, follow, max-snippet:-1, max-image-preview:large, max-video-preview:-1\" \/>\n<link rel=\"canonical\" href=\"https:\/\/motormind.ee\/ru\/product\/lasten-kalenteri\/\" \/>\n<meta property=\"og:locale\" content=\"ru_RU\" \/>\n<meta property=\"og:type\" content=\"article\" \/>\n<meta property=\"og:title\" content=\"Lasten kalenteri - Motormind\" \/>\n<meta property=\"og:description\" content=\"\u201cLasten kalenteri\u201d on interaktiivinen oppimispaketti, joka auttaa lasta oppimaan helposti ja hauskasti p\u00e4iv\u00e4m\u00e4\u00e4r\u00e4n, viikonp\u00e4iv\u00e4n, vuodenajan ja kuukauden m\u00e4\u00e4ritt\u00e4mist\u00e4. Kalenteri koostuu tarrakiinnityksell\u00e4 varustetuista liikkuvista osista, joita lapsi voi itsen\u00e4isesti vaihtaa merkit\u00e4kseen ajankohtaisen p\u00e4iv\u00e4m\u00e4\u00e4r\u00e4n ja s\u00e4\u00e4olosuhteet. Kirkkaat kuvat ja visuaaliset symbolit tekev\u00e4t oppimisprosessista innostavan ja kehitt\u00e4v\u00e4t lapsen ajantajua, logiikkaa ja tarkkaavaisuutta. T\u00e4m\u00e4 kalenteri ei ole vain hy\u00f6dyllinen [&hellip;]\" \/>\n<meta property=\"og:url\" content=\"https:\/\/motormind.ee\/ru\/product\/lasten-kalenteri\/\" \/>\n<meta property=\"og:site_name\" content=\"Motormind\" \/>\n<meta property=\"article:modified_time\" content=\"2025-08-27T07:34:38+00:00\" \/>\n<meta property=\"og:image\" content=\"https:\/\/motormind.ee\/wp-content\/uploads\/2025\/02\/IMG_7742.jpeg\" \/>\n\t<meta property=\"og:image:width\" content=\"2048\" \/>\n\t<meta property=\"og:image:height\" content=\"1536\" \/>\n\t<meta property=\"og:image:type\" content=\"image\/jpeg\" \/>\n<meta name=\"twitter:card\" content=\"summary_large_image\" \/>\n<meta name=\"twitter:label1\" content=\"\u041f\u0440\u0438\u043c\u0435\u0440\u043d\u043e\u0435 \u0432\u0440\u0435\u043c\u044f \u0434\u043b\u044f \u0447\u0442\u0435\u043d\u0438\u044f\" \/>\n\t<meta name=\"twitter:data1\" content=\"1 \u043c\u0438\u043d\u0443\u0442\u0430\" \/>\n<script type=\"application\/ld+json\" class=\"yoast-schema-graph\">{\"@context\":\"https:\\\/\\\/schema.org\",\"@graph\":[{\"@type\":\"WebPage\",\"@id\":\"https:\\\/\\\/motormind.ee\\\/product\\\/lasten-kalenteri\\\/\",\"url\":\"https:\\\/\\\/motormind.ee\\\/product\\\/lasten-kalenteri\\\/\",\"name\":\"Lasten kalenteri - Motormind\",\"isPartOf\":{\"@id\":\"https:\\\/\\\/motormind.ee\\\/#website\"},\"primaryImageOfPage\":{\"@id\":\"https:\\\/\\\/motormind.ee\\\/product\\\/lasten-kalenteri\\\/#primaryimage\"},\"image\":{\"@id\":\"https:\\\/\\\/motormind.ee\\\/product\\\/lasten-kalenteri\\\/#primaryimage\"},\"thumbnailUrl\":\"https:\\\/\\\/motormind.ee\\\/wp-content\\\/uploads\\\/2025\\\/02\\\/IMG_7742.jpeg\",\"datePublished\":\"2025-02-21T11:10:52+00:00\",\"dateModified\":\"2025-08-27T07:34:38+00:00\",\"breadcrumb\":{\"@id\":\"https:\\\/\\\/motormind.ee\\\/product\\\/lasten-kalenteri\\\/#breadcrumb\"},\"inLanguage\":\"ru-RU\",\"potentialAction\":[{\"@type\":\"ReadAction\",\"target\":[\"https:\\\/\\\/motormind.ee\\\/product\\\/lasten-kalenteri\\\/\"]}]},{\"@type\":\"ImageObject\",\"inLanguage\":\"ru-RU\",\"@id\":\"https:\\\/\\\/motormind.ee\\\/product\\\/lasten-kalenteri\\\/#primaryimage\",\"url\":\"https:\\\/\\\/motormind.ee\\\/wp-content\\\/uploads\\\/2025\\\/02\\\/IMG_7742.jpeg\",\"contentUrl\":\"https:\\\/\\\/motormind.ee\\\/wp-content\\\/uploads\\\/2025\\\/02\\\/IMG_7742.jpeg\",\"width\":2048,\"height\":1536},{\"@type\":\"BreadcrumbList\",\"@id\":\"https:\\\/\\\/motormind.ee\\\/product\\\/lasten-kalenteri\\\/#breadcrumb\",\"itemListElement\":[{\"@type\":\"ListItem\",\"position\":1,\"name\":\"\u0413\u043b\u0430\u0432\u043d\u0430\u044f \u0441\u0442\u0440\u0430\u043d\u0438\u0446\u0430\",\"item\":\"https:\\\/\\\/motormind.ee\\\/\"},{\"@type\":\"ListItem\",\"position\":2,\"name\":\"E-pood\",\"item\":\"https:\\\/\\\/motormind.ee\\\/shop\\\/\"},{\"@type\":\"ListItem\",\"position\":3,\"name\":\"Lasten kalenteri\"}]},{\"@type\":\"WebSite\",\"@id\":\"https:\\\/\\\/motormind.ee\\\/#website\",\"url\":\"https:\\\/\\\/motormind.ee\\\/\",\"name\":\"Motormind\",\"description\":\"&Otilde;pi r&otilde;&otilde;muga, &otilde;pi m&auml;ngides!\",\"potentialAction\":[{\"@type\":\"SearchAction\",\"target\":{\"@type\":\"EntryPoint\",\"urlTemplate\":\"https:\\\/\\\/motormind.ee\\\/?s={search_term_string}\"},\"query-input\":{\"@type\":\"PropertyValueSpecification\",\"valueRequired\":true,\"valueName\":\"search_term_string\"}}],\"inLanguage\":\"ru-RU\"}]}<\/script>\n<!-- \/ Yoast SEO plugin. -->","yoast_head_json":{"title":"Lasten kalenteri - Motormind","robots":{"index":"index","follow":"follow","max-snippet":"max-snippet:-1","max-image-preview":"max-image-preview:large","max-video-preview":"max-video-preview:-1"},"canonical":"https:\/\/motormind.ee\/ru\/product\/lasten-kalenteri\/","og_locale":"ru_RU","og_type":"article","og_title":"Lasten kalenteri - Motormind","og_description":"\u201cLasten kalenteri\u201d on interaktiivinen oppimispaketti, joka auttaa lasta oppimaan helposti ja hauskasti p\u00e4iv\u00e4m\u00e4\u00e4r\u00e4n, viikonp\u00e4iv\u00e4n, vuodenajan ja kuukauden m\u00e4\u00e4ritt\u00e4mist\u00e4. Kalenteri koostuu tarrakiinnityksell\u00e4 varustetuista liikkuvista osista, joita lapsi voi itsen\u00e4isesti vaihtaa merkit\u00e4kseen ajankohtaisen p\u00e4iv\u00e4m\u00e4\u00e4r\u00e4n ja s\u00e4\u00e4olosuhteet. Kirkkaat kuvat ja visuaaliset symbolit tekev\u00e4t oppimisprosessista innostavan ja kehitt\u00e4v\u00e4t lapsen ajantajua, logiikkaa ja tarkkaavaisuutta. T\u00e4m\u00e4 kalenteri ei ole vain hy\u00f6dyllinen [&hellip;]","og_url":"https:\/\/motormind.ee\/ru\/product\/lasten-kalenteri\/","og_site_name":"Motormind","article_modified_time":"2025-08-27T07:34:38+00:00","og_image":[{"width":2048,"height":1536,"url":"https:\/\/motormind.ee\/wp-content\/uploads\/2025\/02\/IMG_7742.jpeg","type":"image\/jpeg"}],"twitter_card":"summary_large_image","twitter_misc":{"\u041f\u0440\u0438\u043c\u0435\u0440\u043d\u043e\u0435 \u0432\u0440\u0435\u043c\u044f \u0434\u043b\u044f \u0447\u0442\u0435\u043d\u0438\u044f":"1 \u043c\u0438\u043d\u0443\u0442\u0430"},"schema":{"@context":"https:\/\/schema.org","@graph":[{"@type":"WebPage","@id":"https:\/\/motormind.ee\/product\/lasten-kalenteri\/","url":"https:\/\/motormind.ee\/product\/lasten-kalenteri\/","name":"Lasten kalenteri - Motormind","isPartOf":{"@id":"https:\/\/motormind.ee\/#website"},"primaryImageOfPage":{"@id":"https:\/\/motormind.ee\/product\/lasten-kalenteri\/#primaryimage"},"image":{"@id":"https:\/\/motormind.ee\/product\/lasten-kalenteri\/#primaryimage"},"thumbnailUrl":"https:\/\/motormind.ee\/wp-content\/uploads\/2025\/02\/IMG_7742.jpeg","datePublished":"2025-02-21T11:10:52+00:00","dateModified":"2025-08-27T07:34:38+00:00","breadcrumb":{"@id":"https:\/\/motormind.ee\/product\/lasten-kalenteri\/#breadcrumb"},"inLanguage":"ru-RU","potentialAction":[{"@type":"ReadAction","target":["https:\/\/motormind.ee\/product\/lasten-kalenteri\/"]}]},{"@type":"ImageObject","inLanguage":"ru-RU","@id":"https:\/\/motormind.ee\/product\/lasten-kalenteri\/#primaryimage","url":"https:\/\/motormind.ee\/wp-content\/uploads\/2025\/02\/IMG_7742.jpeg","contentUrl":"https:\/\/motormind.ee\/wp-content\/uploads\/2025\/02\/IMG_7742.jpeg","width":2048,"height":1536},{"@type":"BreadcrumbList","@id":"https:\/\/motormind.ee\/product\/lasten-kalenteri\/#breadcrumb","itemListElement":[{"@type":"ListItem","position":1,"name":"\u0413\u043b\u0430\u0432\u043d\u0430\u044f \u0441\u0442\u0440\u0430\u043d\u0438\u0446\u0430","item":"https:\/\/motormind.ee\/"},{"@type":"ListItem","position":2,"name":"E-pood","item":"https:\/\/motormind.ee\/shop\/"},{"@type":"ListItem","position":3,"name":"Lasten kalenteri"}]},{"@type":"WebSite","@id":"https:\/\/motormind.ee\/#website","url":"https:\/\/motormind.ee\/","name":"Motormind","description":"&Otilde;pi r&otilde;&otilde;muga, &otilde;pi m&auml;ngides!","potentialAction":[{"@type":"SearchAction","target":{"@type":"EntryPoint","urlTemplate":"https:\/\/motormind.ee\/?s={search_term_string}"},"query-input":{"@type":"PropertyValueSpecification","valueRequired":true,"valueName":"search_term_string"}}],"inLanguage":"ru-RU"}]}},"_links":{"self":[{"href":"https:\/\/motormind.ee\/ru\/wp-json\/wp\/v2\/product\/2419","targetHints":{"allow":["GET"]}}],"collection":[{"href":"https:\/\/motormind.ee\/ru\/wp-json\/wp\/v2\/product"}],"about":[{"href":"https:\/\/motormind.ee\/ru\/wp-json\/wp\/v2\/types\/product"}],"replies":[{"embeddable":true,"href":"https:\/\/motormind.ee\/ru\/wp-json\/wp\/v2\/comments?post=2419"}],"version-history":[{"count":1,"href":"https:\/\/motormind.ee\/ru\/wp-json\/wp\/v2\/product\/2419\/revisions"}],"predecessor-version":[{"id":2420,"href":"https:\/\/motormind.ee\/ru\/wp-json\/wp\/v2\/product\/2419\/revisions\/2420"}],"wp:featuredmedia":[{"embeddable":true,"href":"https:\/\/motormind.ee\/ru\/wp-json\/wp\/v2\/media\/2328"}],"wp:attachment":[{"href":"https:\/\/motormind.ee\/ru\/wp-json\/wp\/v2\/media?parent=2419"}],"wp:term":[{"taxonomy":"product_brand","embeddable":true,"href":"https:\/\/motormind.ee\/ru\/wp-json\/wp\/v2\/product_brand?post=2419"},{"taxonomy":"product_cat","embeddable":true,"href":"https:\/\/motormind.ee\/ru\/wp-json\/wp\/v2\/product_cat?post=2419"},{"taxonomy":"product_tag","embeddable":true,"href":"https:\/\/motormind.ee\/ru\/wp-json\/wp\/v2\/product_tag?post=2419"}],"curies":[{"name":"wp","href":"https:\/\/api.w.org\/{rel}","templated":true}]}}