{"id":2592,"date":"2025-02-26T08:08:27","date_gmt":"2025-02-26T08:08:27","guid":{"rendered":"https:\/\/motormind.ee\/?post_type=product&#038;p=2592"},"modified":"2025-09-01T01:12:19","modified_gmt":"2025-09-01T01:12:19","slug":"taluloomad-ja-linnud","status":"publish","type":"product","link":"https:\/\/motormind.ee\/ru\/product\/taluloomad-ja-linnud\/","title":{"rendered":"\u00d5ppekaardid &#8220;Taluloomad ja Linnud&#8221;"},"content":{"rendered":"<p>See \u00f5ppekaartide komplekt aitab lastel \u00f5ppida uusi s\u00f5nu, laiendada s\u00f5navara ja tutvuda \u00fcmbritseva maailmaga. A7 formaadis kaardid realistlike piltidega ja suurte tr\u00fckit\u00e4htedega sobivad ideaalselt v\u00e4ikestele lastele. Mugav r\u00f5ngaskinnitus v\u00f5imaldab kaarte koos hoida ja kasutada neid kodus, reisil v\u00f5i jalutusk\u00e4ikudel.<\/p>\n<p>Komplekti omadused:<\/p>\n<p>\u2022 Kaartide arv \u00fches komplektis: 15 s\u00f5na.<\/p>\n<p>\u2022 Kaartide suurus: kompaktne A7 formaat, sobib h\u00e4sti laste k\u00e4tele.<\/p>\n<p>\u2022 Kinnitus: metallist r\u00f5ngas kaartide mugavaks hoidmiseks ja kasutamiseks.<\/p>\n<p>\u2022 Pildid: realistlikud illustratsioonid esemetest, loomadest ja n\u00e4htustest.<\/p>\n<p>\u2022 S\u00f5nad: iga kaardi peal on s\u00f5nad suurt\u00e4htedega, et lapsel oleks lihtsam neid lugeda ja meelde j\u00e4tta.<\/p>","protected":false},"excerpt":{"rendered":"<p>See \u00f5ppekaartide komplekt aitab lastel \u00f5ppida uusi s\u00f5nu, laiendada s\u00f5navara ja tutvuda \u00fcmbritseva maailmaga. A7 formaadis kaardid realistlike piltidega ja suurte tr\u00fckit\u00e4htedega sobivad ideaalselt v\u00e4ikestele lastele. Mugav r\u00f5ngaskinnitus v\u00f5imaldab kaarte koos hoida ja kasutada neid kodus, reisil v\u00f5i jalutusk\u00e4ikudel. Komplekti omadused: \u2022 Kaartide arv \u00fches komplektis: 15 s\u00f5na. \u2022 Kaartide suurus: kompaktne A7 formaat, sobib [&hellip;]<\/p>\n","protected":false},"featured_media":2593,"comment_status":"open","ping_status":"closed","template":"","meta":[],"product_brand":[],"product_cat":[111],"product_tag":[],"class_list":{"0":"post-2592","1":"product","2":"type-product","3":"status-publish","4":"has-post-thumbnail","6":"product_cat-oppekaardid","8":"first","9":"instock","10":"shipping-taxable","11":"purchasable","12":"product-type-simple"},"yoast_head":"<!-- This site is optimized with the Yoast SEO plugin v27.4 - https:\/\/yoast.com\/product\/yoast-seo-wordpress\/ -->\n<title>\u00d5ppekaardid &quot;Taluloomad ja Linnud&quot; - Motormind<\/title>\n<meta name=\"robots\" content=\"index, follow, max-snippet:-1, max-image-preview:large, max-video-preview:-1\" \/>\n<link rel=\"canonical\" href=\"https:\/\/motormind.ee\/ru\/product\/taluloomad-ja-linnud\/\" \/>\n<meta property=\"og:locale\" content=\"ru_RU\" \/>\n<meta property=\"og:type\" content=\"article\" \/>\n<meta property=\"og:title\" content=\"\u00d5ppekaardid &quot;Taluloomad ja Linnud&quot; - Motormind\" \/>\n<meta property=\"og:description\" content=\"See \u00f5ppekaartide komplekt aitab lastel \u00f5ppida uusi s\u00f5nu, laiendada s\u00f5navara ja tutvuda \u00fcmbritseva maailmaga. A7 formaadis kaardid realistlike piltidega ja suurte tr\u00fckit\u00e4htedega sobivad ideaalselt v\u00e4ikestele lastele. Mugav r\u00f5ngaskinnitus v\u00f5imaldab kaarte koos hoida ja kasutada neid kodus, reisil v\u00f5i jalutusk\u00e4ikudel. Komplekti omadused: \u2022 Kaartide arv \u00fches komplektis: 15 s\u00f5na. \u2022 Kaartide suurus: kompaktne A7 formaat, sobib [&hellip;]\" \/>\n<meta property=\"og:url\" content=\"https:\/\/motormind.ee\/ru\/product\/taluloomad-ja-linnud\/\" \/>\n<meta property=\"og:site_name\" content=\"Motormind\" \/>\n<meta property=\"article:modified_time\" content=\"2025-09-01T01:12:19+00:00\" \/>\n<meta property=\"og:image\" content=\"https:\/\/motormind.ee\/wp-content\/uploads\/2025\/02\/IMG_0372-1.jpg\" \/>\n\t<meta property=\"og:image:width\" content=\"960\" \/>\n\t<meta property=\"og:image:height\" content=\"1280\" \/>\n\t<meta property=\"og:image:type\" content=\"image\/jpeg\" \/>\n<meta name=\"twitter:card\" content=\"summary_large_image\" \/>\n<meta name=\"twitter:label1\" content=\"\u041f\u0440\u0438\u043c\u0435\u0440\u043d\u043e\u0435 \u0432\u0440\u0435\u043c\u044f \u0434\u043b\u044f \u0447\u0442\u0435\u043d\u0438\u044f\" \/>\n\t<meta name=\"twitter:data1\" content=\"1 \u043c\u0438\u043d\u0443\u0442\u0430\" \/>\n<script type=\"application\/ld+json\" class=\"yoast-schema-graph\">{\"@context\":\"https:\\\/\\\/schema.org\",\"@graph\":[{\"@type\":\"WebPage\",\"@id\":\"https:\\\/\\\/motormind.ee\\\/product\\\/taluloomad-ja-linnud\\\/\",\"url\":\"https:\\\/\\\/motormind.ee\\\/product\\\/taluloomad-ja-linnud\\\/\",\"name\":\"\u00d5ppekaardid \\\"Taluloomad ja Linnud\\\" - Motormind\",\"isPartOf\":{\"@id\":\"https:\\\/\\\/motormind.ee\\\/#website\"},\"primaryImageOfPage\":{\"@id\":\"https:\\\/\\\/motormind.ee\\\/product\\\/taluloomad-ja-linnud\\\/#primaryimage\"},\"image\":{\"@id\":\"https:\\\/\\\/motormind.ee\\\/product\\\/taluloomad-ja-linnud\\\/#primaryimage\"},\"thumbnailUrl\":\"https:\\\/\\\/motormind.ee\\\/wp-content\\\/uploads\\\/2025\\\/02\\\/IMG_0372-1.jpg\",\"datePublished\":\"2025-02-26T08:08:27+00:00\",\"dateModified\":\"2025-09-01T01:12:19+00:00\",\"breadcrumb\":{\"@id\":\"https:\\\/\\\/motormind.ee\\\/product\\\/taluloomad-ja-linnud\\\/#breadcrumb\"},\"inLanguage\":\"ru-RU\",\"potentialAction\":[{\"@type\":\"ReadAction\",\"target\":[\"https:\\\/\\\/motormind.ee\\\/product\\\/taluloomad-ja-linnud\\\/\"]}]},{\"@type\":\"ImageObject\",\"inLanguage\":\"ru-RU\",\"@id\":\"https:\\\/\\\/motormind.ee\\\/product\\\/taluloomad-ja-linnud\\\/#primaryimage\",\"url\":\"https:\\\/\\\/motormind.ee\\\/wp-content\\\/uploads\\\/2025\\\/02\\\/IMG_0372-1.jpg\",\"contentUrl\":\"https:\\\/\\\/motormind.ee\\\/wp-content\\\/uploads\\\/2025\\\/02\\\/IMG_0372-1.jpg\",\"width\":960,\"height\":1280},{\"@type\":\"BreadcrumbList\",\"@id\":\"https:\\\/\\\/motormind.ee\\\/product\\\/taluloomad-ja-linnud\\\/#breadcrumb\",\"itemListElement\":[{\"@type\":\"ListItem\",\"position\":1,\"name\":\"\u0413\u043b\u0430\u0432\u043d\u0430\u044f \u0441\u0442\u0440\u0430\u043d\u0438\u0446\u0430\",\"item\":\"https:\\\/\\\/motormind.ee\\\/\"},{\"@type\":\"ListItem\",\"position\":2,\"name\":\"E-pood\",\"item\":\"https:\\\/\\\/motormind.ee\\\/shop\\\/\"},{\"@type\":\"ListItem\",\"position\":3,\"name\":\"\u00d5ppekaardid &#8220;Taluloomad ja Linnud&#8221;\"}]},{\"@type\":\"WebSite\",\"@id\":\"https:\\\/\\\/motormind.ee\\\/#website\",\"url\":\"https:\\\/\\\/motormind.ee\\\/\",\"name\":\"Motormind\",\"description\":\"&Otilde;pi r&otilde;&otilde;muga, &otilde;pi m&auml;ngides!\",\"potentialAction\":[{\"@type\":\"SearchAction\",\"target\":{\"@type\":\"EntryPoint\",\"urlTemplate\":\"https:\\\/\\\/motormind.ee\\\/?s={search_term_string}\"},\"query-input\":{\"@type\":\"PropertyValueSpecification\",\"valueRequired\":true,\"valueName\":\"search_term_string\"}}],\"inLanguage\":\"ru-RU\"}]}<\/script>\n<!-- \/ Yoast SEO plugin. -->","yoast_head_json":{"title":"\u00d5ppekaardid \"Taluloomad ja Linnud\" - Motormind","robots":{"index":"index","follow":"follow","max-snippet":"max-snippet:-1","max-image-preview":"max-image-preview:large","max-video-preview":"max-video-preview:-1"},"canonical":"https:\/\/motormind.ee\/ru\/product\/taluloomad-ja-linnud\/","og_locale":"ru_RU","og_type":"article","og_title":"\u00d5ppekaardid \"Taluloomad ja Linnud\" - Motormind","og_description":"See \u00f5ppekaartide komplekt aitab lastel \u00f5ppida uusi s\u00f5nu, laiendada s\u00f5navara ja tutvuda \u00fcmbritseva maailmaga. A7 formaadis kaardid realistlike piltidega ja suurte tr\u00fckit\u00e4htedega sobivad ideaalselt v\u00e4ikestele lastele. Mugav r\u00f5ngaskinnitus v\u00f5imaldab kaarte koos hoida ja kasutada neid kodus, reisil v\u00f5i jalutusk\u00e4ikudel. Komplekti omadused: \u2022 Kaartide arv \u00fches komplektis: 15 s\u00f5na. \u2022 Kaartide suurus: kompaktne A7 formaat, sobib [&hellip;]","og_url":"https:\/\/motormind.ee\/ru\/product\/taluloomad-ja-linnud\/","og_site_name":"Motormind","article_modified_time":"2025-09-01T01:12:19+00:00","og_image":[{"width":960,"height":1280,"url":"https:\/\/motormind.ee\/wp-content\/uploads\/2025\/02\/IMG_0372-1.jpg","type":"image\/jpeg"}],"twitter_card":"summary_large_image","twitter_misc":{"\u041f\u0440\u0438\u043c\u0435\u0440\u043d\u043e\u0435 \u0432\u0440\u0435\u043c\u044f \u0434\u043b\u044f \u0447\u0442\u0435\u043d\u0438\u044f":"1 \u043c\u0438\u043d\u0443\u0442\u0430"},"schema":{"@context":"https:\/\/schema.org","@graph":[{"@type":"WebPage","@id":"https:\/\/motormind.ee\/product\/taluloomad-ja-linnud\/","url":"https:\/\/motormind.ee\/product\/taluloomad-ja-linnud\/","name":"\u00d5ppekaardid \"Taluloomad ja Linnud\" - Motormind","isPartOf":{"@id":"https:\/\/motormind.ee\/#website"},"primaryImageOfPage":{"@id":"https:\/\/motormind.ee\/product\/taluloomad-ja-linnud\/#primaryimage"},"image":{"@id":"https:\/\/motormind.ee\/product\/taluloomad-ja-linnud\/#primaryimage"},"thumbnailUrl":"https:\/\/motormind.ee\/wp-content\/uploads\/2025\/02\/IMG_0372-1.jpg","datePublished":"2025-02-26T08:08:27+00:00","dateModified":"2025-09-01T01:12:19+00:00","breadcrumb":{"@id":"https:\/\/motormind.ee\/product\/taluloomad-ja-linnud\/#breadcrumb"},"inLanguage":"ru-RU","potentialAction":[{"@type":"ReadAction","target":["https:\/\/motormind.ee\/product\/taluloomad-ja-linnud\/"]}]},{"@type":"ImageObject","inLanguage":"ru-RU","@id":"https:\/\/motormind.ee\/product\/taluloomad-ja-linnud\/#primaryimage","url":"https:\/\/motormind.ee\/wp-content\/uploads\/2025\/02\/IMG_0372-1.jpg","contentUrl":"https:\/\/motormind.ee\/wp-content\/uploads\/2025\/02\/IMG_0372-1.jpg","width":960,"height":1280},{"@type":"BreadcrumbList","@id":"https:\/\/motormind.ee\/product\/taluloomad-ja-linnud\/#breadcrumb","itemListElement":[{"@type":"ListItem","position":1,"name":"\u0413\u043b\u0430\u0432\u043d\u0430\u044f \u0441\u0442\u0440\u0430\u043d\u0438\u0446\u0430","item":"https:\/\/motormind.ee\/"},{"@type":"ListItem","position":2,"name":"E-pood","item":"https:\/\/motormind.ee\/shop\/"},{"@type":"ListItem","position":3,"name":"\u00d5ppekaardid &#8220;Taluloomad ja Linnud&#8221;"}]},{"@type":"WebSite","@id":"https:\/\/motormind.ee\/#website","url":"https:\/\/motormind.ee\/","name":"Motormind","description":"&Otilde;pi r&otilde;&otilde;muga, &otilde;pi m&auml;ngides!","potentialAction":[{"@type":"SearchAction","target":{"@type":"EntryPoint","urlTemplate":"https:\/\/motormind.ee\/?s={search_term_string}"},"query-input":{"@type":"PropertyValueSpecification","valueRequired":true,"valueName":"search_term_string"}}],"inLanguage":"ru-RU"}]}},"_links":{"self":[{"href":"https:\/\/motormind.ee\/ru\/wp-json\/wp\/v2\/product\/2592","targetHints":{"allow":["GET"]}}],"collection":[{"href":"https:\/\/motormind.ee\/ru\/wp-json\/wp\/v2\/product"}],"about":[{"href":"https:\/\/motormind.ee\/ru\/wp-json\/wp\/v2\/types\/product"}],"replies":[{"embeddable":true,"href":"https:\/\/motormind.ee\/ru\/wp-json\/wp\/v2\/comments?post=2592"}],"version-history":[{"count":2,"href":"https:\/\/motormind.ee\/ru\/wp-json\/wp\/v2\/product\/2592\/revisions"}],"predecessor-version":[{"id":2605,"href":"https:\/\/motormind.ee\/ru\/wp-json\/wp\/v2\/product\/2592\/revisions\/2605"}],"wp:featuredmedia":[{"embeddable":true,"href":"https:\/\/motormind.ee\/ru\/wp-json\/wp\/v2\/media\/2593"}],"wp:attachment":[{"href":"https:\/\/motormind.ee\/ru\/wp-json\/wp\/v2\/media?parent=2592"}],"wp:term":[{"taxonomy":"product_brand","embeddable":true,"href":"https:\/\/motormind.ee\/ru\/wp-json\/wp\/v2\/product_brand?post=2592"},{"taxonomy":"product_cat","embeddable":true,"href":"https:\/\/motormind.ee\/ru\/wp-json\/wp\/v2\/product_cat?post=2592"},{"taxonomy":"product_tag","embeddable":true,"href":"https:\/\/motormind.ee\/ru\/wp-json\/wp\/v2\/product_tag?post=2592"}],"curies":[{"name":"wp","href":"https:\/\/api.w.org\/{rel}","templated":true}]}}