{"id":2740,"date":"2025-03-06T07:18:06","date_gmt":"2025-03-06T07:18:06","guid":{"rendered":"https:\/\/motormind.ee\/?post_type=product&#038;p=2740"},"modified":"2026-03-18T11:34:16","modified_gmt":"2026-03-18T11:34:16","slug":"toolehed-paastjad","status":"publish","type":"product","link":"https:\/\/motormind.ee\/ru\/product\/toolehed-paastjad\/","title":{"rendered":"T\u00f6\u00f6lehed: \u201eP\u00e4\u00e4stjad\u201c"},"content":{"rendered":"<p>See PDF-komplekt sisaldab 15 lehek\u00fclge \u00fclesandeid. Komplektis on v\u00e4rvimislehed, k\u00e4\u00e4rit\u00f6\u00f6 (aplikatsioon), kirjutamisharjutused, loendamine, geomeetrilised kujundid, loogika, t\u00e4helepanu ning s\u00f5navara arendamine. Lisaks on kaasas 18 s\u00f5nakaarti, mis on seotud tulet\u00f5rjuja, politseiniku ja arsti ametitega.<\/p>\n<p>&nbsp;<\/p>\n<p>Tegemist on digitaalse tootega (PDF). P\u00e4rast makset saadetakse allalaadimislink teie e-mailile.<\/p>","protected":false},"excerpt":{"rendered":"<p>See PDF-komplekt sisaldab 15 lehek\u00fclge \u00fclesandeid. Komplektis on v\u00e4rvimislehed, k\u00e4\u00e4rit\u00f6\u00f6 (aplikatsioon), kirjutamisharjutused, loendamine, geomeetrilised kujundid, loogika, t\u00e4helepanu ning s\u00f5navara arendamine. Lisaks on kaasas 18 s\u00f5nakaarti, mis on seotud tulet\u00f5rjuja, politseiniku ja arsti ametitega. &nbsp; Tegemist on digitaalse tootega (PDF). P\u00e4rast makset saadetakse allalaadimislink teie e-mailile.<\/p>","protected":false},"featured_media":2741,"comment_status":"open","ping_status":"closed","template":"","meta":[],"product_brand":[],"product_cat":[158,22],"product_tag":[],"class_list":{"0":"post-2740","1":"product","2":"type-product","3":"status-publish","4":"has-post-thumbnail","6":"product_cat-maailma-avastamine-ja-loodusteadmised","7":"product_cat-toolehed","9":"first","10":"instock","11":"shipping-taxable","12":"purchasable","13":"product-type-variable"},"yoast_head":"<!-- This site is optimized with the Yoast SEO plugin v27.4 - https:\/\/yoast.com\/product\/yoast-seo-wordpress\/ -->\n<title>T\u00f6\u00f6lehed: \u201eP\u00e4\u00e4stjad\u201c - Motormind<\/title>\n<meta name=\"robots\" content=\"index, follow, max-snippet:-1, max-image-preview:large, max-video-preview:-1\" \/>\n<link rel=\"canonical\" href=\"https:\/\/motormind.ee\/ru\/product\/toolehed-paastjad\/\" \/>\n<meta property=\"og:locale\" content=\"ru_RU\" \/>\n<meta property=\"og:type\" content=\"article\" \/>\n<meta property=\"og:title\" content=\"T\u00f6\u00f6lehed: \u201eP\u00e4\u00e4stjad\u201c - Motormind\" \/>\n<meta property=\"og:description\" content=\"See PDF-komplekt sisaldab 15 lehek\u00fclge \u00fclesandeid. Komplektis on v\u00e4rvimislehed, k\u00e4\u00e4rit\u00f6\u00f6 (aplikatsioon), kirjutamisharjutused, loendamine, geomeetrilised kujundid, loogika, t\u00e4helepanu ning s\u00f5navara arendamine. Lisaks on kaasas 18 s\u00f5nakaarti, mis on seotud tulet\u00f5rjuja, politseiniku ja arsti ametitega. &nbsp; Tegemist on digitaalse tootega (PDF). P\u00e4rast makset saadetakse allalaadimislink teie e-mailile.\" \/>\n<meta property=\"og:url\" content=\"https:\/\/motormind.ee\/ru\/product\/toolehed-paastjad\/\" \/>\n<meta property=\"og:site_name\" content=\"Motormind\" \/>\n<meta property=\"article:modified_time\" content=\"2026-03-18T11:34:16+00:00\" \/>\n<meta property=\"og:image\" content=\"https:\/\/motormind.ee\/wp-content\/uploads\/2025\/03\/IMG_0910.jpg\" \/>\n\t<meta property=\"og:image:width\" content=\"2048\" \/>\n\t<meta property=\"og:image:height\" content=\"2048\" \/>\n\t<meta property=\"og:image:type\" content=\"image\/jpeg\" \/>\n<meta name=\"twitter:card\" content=\"summary_large_image\" \/>\n<meta name=\"twitter:label1\" content=\"\u041f\u0440\u0438\u043c\u0435\u0440\u043d\u043e\u0435 \u0432\u0440\u0435\u043c\u044f \u0434\u043b\u044f \u0447\u0442\u0435\u043d\u0438\u044f\" \/>\n\t<meta name=\"twitter:data1\" content=\"1 \u043c\u0438\u043d\u0443\u0442\u0430\" \/>\n<script type=\"application\/ld+json\" class=\"yoast-schema-graph\">{\"@context\":\"https:\\\/\\\/schema.org\",\"@graph\":[{\"@type\":\"WebPage\",\"@id\":\"https:\\\/\\\/motormind.ee\\\/product\\\/toolehed-paastjad\\\/\",\"url\":\"https:\\\/\\\/motormind.ee\\\/product\\\/toolehed-paastjad\\\/\",\"name\":\"T\u00f6\u00f6lehed: \u201eP\u00e4\u00e4stjad\u201c - Motormind\",\"isPartOf\":{\"@id\":\"https:\\\/\\\/motormind.ee\\\/#website\"},\"primaryImageOfPage\":{\"@id\":\"https:\\\/\\\/motormind.ee\\\/product\\\/toolehed-paastjad\\\/#primaryimage\"},\"image\":{\"@id\":\"https:\\\/\\\/motormind.ee\\\/product\\\/toolehed-paastjad\\\/#primaryimage\"},\"thumbnailUrl\":\"https:\\\/\\\/motormind.ee\\\/wp-content\\\/uploads\\\/2025\\\/03\\\/IMG_0910.jpg\",\"datePublished\":\"2025-03-06T07:18:06+00:00\",\"dateModified\":\"2026-03-18T11:34:16+00:00\",\"breadcrumb\":{\"@id\":\"https:\\\/\\\/motormind.ee\\\/product\\\/toolehed-paastjad\\\/#breadcrumb\"},\"inLanguage\":\"ru-RU\",\"potentialAction\":[{\"@type\":\"ReadAction\",\"target\":[\"https:\\\/\\\/motormind.ee\\\/product\\\/toolehed-paastjad\\\/\"]}]},{\"@type\":\"ImageObject\",\"inLanguage\":\"ru-RU\",\"@id\":\"https:\\\/\\\/motormind.ee\\\/product\\\/toolehed-paastjad\\\/#primaryimage\",\"url\":\"https:\\\/\\\/motormind.ee\\\/wp-content\\\/uploads\\\/2025\\\/03\\\/IMG_0910.jpg\",\"contentUrl\":\"https:\\\/\\\/motormind.ee\\\/wp-content\\\/uploads\\\/2025\\\/03\\\/IMG_0910.jpg\",\"width\":2048,\"height\":2048},{\"@type\":\"BreadcrumbList\",\"@id\":\"https:\\\/\\\/motormind.ee\\\/product\\\/toolehed-paastjad\\\/#breadcrumb\",\"itemListElement\":[{\"@type\":\"ListItem\",\"position\":1,\"name\":\"\u0413\u043b\u0430\u0432\u043d\u0430\u044f \u0441\u0442\u0440\u0430\u043d\u0438\u0446\u0430\",\"item\":\"https:\\\/\\\/motormind.ee\\\/\"},{\"@type\":\"ListItem\",\"position\":2,\"name\":\"E-pood\",\"item\":\"https:\\\/\\\/motormind.ee\\\/shop\\\/\"},{\"@type\":\"ListItem\",\"position\":3,\"name\":\"T\u00f6\u00f6lehed: \u201eP\u00e4\u00e4stjad\u201c\"}]},{\"@type\":\"WebSite\",\"@id\":\"https:\\\/\\\/motormind.ee\\\/#website\",\"url\":\"https:\\\/\\\/motormind.ee\\\/\",\"name\":\"Motormind\",\"description\":\"&Otilde;pi r&otilde;&otilde;muga, &otilde;pi m&auml;ngides!\",\"potentialAction\":[{\"@type\":\"SearchAction\",\"target\":{\"@type\":\"EntryPoint\",\"urlTemplate\":\"https:\\\/\\\/motormind.ee\\\/?s={search_term_string}\"},\"query-input\":{\"@type\":\"PropertyValueSpecification\",\"valueRequired\":true,\"valueName\":\"search_term_string\"}}],\"inLanguage\":\"ru-RU\"}]}<\/script>\n<!-- \/ Yoast SEO plugin. -->","yoast_head_json":{"title":"T\u00f6\u00f6lehed: \u201eP\u00e4\u00e4stjad\u201c - Motormind","robots":{"index":"index","follow":"follow","max-snippet":"max-snippet:-1","max-image-preview":"max-image-preview:large","max-video-preview":"max-video-preview:-1"},"canonical":"https:\/\/motormind.ee\/ru\/product\/toolehed-paastjad\/","og_locale":"ru_RU","og_type":"article","og_title":"T\u00f6\u00f6lehed: \u201eP\u00e4\u00e4stjad\u201c - Motormind","og_description":"See PDF-komplekt sisaldab 15 lehek\u00fclge \u00fclesandeid. Komplektis on v\u00e4rvimislehed, k\u00e4\u00e4rit\u00f6\u00f6 (aplikatsioon), kirjutamisharjutused, loendamine, geomeetrilised kujundid, loogika, t\u00e4helepanu ning s\u00f5navara arendamine. Lisaks on kaasas 18 s\u00f5nakaarti, mis on seotud tulet\u00f5rjuja, politseiniku ja arsti ametitega. &nbsp; Tegemist on digitaalse tootega (PDF). P\u00e4rast makset saadetakse allalaadimislink teie e-mailile.","og_url":"https:\/\/motormind.ee\/ru\/product\/toolehed-paastjad\/","og_site_name":"Motormind","article_modified_time":"2026-03-18T11:34:16+00:00","og_image":[{"width":2048,"height":2048,"url":"https:\/\/motormind.ee\/wp-content\/uploads\/2025\/03\/IMG_0910.jpg","type":"image\/jpeg"}],"twitter_card":"summary_large_image","twitter_misc":{"\u041f\u0440\u0438\u043c\u0435\u0440\u043d\u043e\u0435 \u0432\u0440\u0435\u043c\u044f \u0434\u043b\u044f \u0447\u0442\u0435\u043d\u0438\u044f":"1 \u043c\u0438\u043d\u0443\u0442\u0430"},"schema":{"@context":"https:\/\/schema.org","@graph":[{"@type":"WebPage","@id":"https:\/\/motormind.ee\/product\/toolehed-paastjad\/","url":"https:\/\/motormind.ee\/product\/toolehed-paastjad\/","name":"T\u00f6\u00f6lehed: \u201eP\u00e4\u00e4stjad\u201c - Motormind","isPartOf":{"@id":"https:\/\/motormind.ee\/#website"},"primaryImageOfPage":{"@id":"https:\/\/motormind.ee\/product\/toolehed-paastjad\/#primaryimage"},"image":{"@id":"https:\/\/motormind.ee\/product\/toolehed-paastjad\/#primaryimage"},"thumbnailUrl":"https:\/\/motormind.ee\/wp-content\/uploads\/2025\/03\/IMG_0910.jpg","datePublished":"2025-03-06T07:18:06+00:00","dateModified":"2026-03-18T11:34:16+00:00","breadcrumb":{"@id":"https:\/\/motormind.ee\/product\/toolehed-paastjad\/#breadcrumb"},"inLanguage":"ru-RU","potentialAction":[{"@type":"ReadAction","target":["https:\/\/motormind.ee\/product\/toolehed-paastjad\/"]}]},{"@type":"ImageObject","inLanguage":"ru-RU","@id":"https:\/\/motormind.ee\/product\/toolehed-paastjad\/#primaryimage","url":"https:\/\/motormind.ee\/wp-content\/uploads\/2025\/03\/IMG_0910.jpg","contentUrl":"https:\/\/motormind.ee\/wp-content\/uploads\/2025\/03\/IMG_0910.jpg","width":2048,"height":2048},{"@type":"BreadcrumbList","@id":"https:\/\/motormind.ee\/product\/toolehed-paastjad\/#breadcrumb","itemListElement":[{"@type":"ListItem","position":1,"name":"\u0413\u043b\u0430\u0432\u043d\u0430\u044f \u0441\u0442\u0440\u0430\u043d\u0438\u0446\u0430","item":"https:\/\/motormind.ee\/"},{"@type":"ListItem","position":2,"name":"E-pood","item":"https:\/\/motormind.ee\/shop\/"},{"@type":"ListItem","position":3,"name":"T\u00f6\u00f6lehed: \u201eP\u00e4\u00e4stjad\u201c"}]},{"@type":"WebSite","@id":"https:\/\/motormind.ee\/#website","url":"https:\/\/motormind.ee\/","name":"Motormind","description":"&Otilde;pi r&otilde;&otilde;muga, &otilde;pi m&auml;ngides!","potentialAction":[{"@type":"SearchAction","target":{"@type":"EntryPoint","urlTemplate":"https:\/\/motormind.ee\/?s={search_term_string}"},"query-input":{"@type":"PropertyValueSpecification","valueRequired":true,"valueName":"search_term_string"}}],"inLanguage":"ru-RU"}]}},"_links":{"self":[{"href":"https:\/\/motormind.ee\/ru\/wp-json\/wp\/v2\/product\/2740","targetHints":{"allow":["GET"]}}],"collection":[{"href":"https:\/\/motormind.ee\/ru\/wp-json\/wp\/v2\/product"}],"about":[{"href":"https:\/\/motormind.ee\/ru\/wp-json\/wp\/v2\/types\/product"}],"replies":[{"embeddable":true,"href":"https:\/\/motormind.ee\/ru\/wp-json\/wp\/v2\/comments?post=2740"}],"version-history":[{"count":2,"href":"https:\/\/motormind.ee\/ru\/wp-json\/wp\/v2\/product\/2740\/revisions"}],"predecessor-version":[{"id":3330,"href":"https:\/\/motormind.ee\/ru\/wp-json\/wp\/v2\/product\/2740\/revisions\/3330"}],"wp:featuredmedia":[{"embeddable":true,"href":"https:\/\/motormind.ee\/ru\/wp-json\/wp\/v2\/media\/2741"}],"wp:attachment":[{"href":"https:\/\/motormind.ee\/ru\/wp-json\/wp\/v2\/media?parent=2740"}],"wp:term":[{"taxonomy":"product_brand","embeddable":true,"href":"https:\/\/motormind.ee\/ru\/wp-json\/wp\/v2\/product_brand?post=2740"},{"taxonomy":"product_cat","embeddable":true,"href":"https:\/\/motormind.ee\/ru\/wp-json\/wp\/v2\/product_cat?post=2740"},{"taxonomy":"product_tag","embeddable":true,"href":"https:\/\/motormind.ee\/ru\/wp-json\/wp\/v2\/product_tag?post=2740"}],"curies":[{"name":"wp","href":"https:\/\/api.w.org\/{rel}","templated":true}]}}