{"id":2753,"date":"2025-03-07T10:02:42","date_gmt":"2025-03-07T10:02:42","guid":{"rendered":"https:\/\/motormind.ee\/?post_type=product&#038;p=2753"},"modified":"2026-04-15T08:32:15","modified_gmt":"2026-04-15T08:32:15","slug":"toolehed-linnud-mitmekulgne-oppematerjal","status":"publish","type":"product","link":"https:\/\/motormind.ee\/ru\/product\/toolehed-linnud-mitmekulgne-oppematerjal\/","title":{"rendered":"T\u00f6\u00f6lehed: &#8220;Linnud\u201d \u2013 mitmek\u00fclgne \u00f5ppematerjal"},"content":{"rendered":"<p>See PDF-kogumik aitab lastel tutvuda lindude maailmaga ning arendada erinevaid oskusi l\u00e4bi m\u00e4nguliste harjutuste.<\/p>\n<p>\ud83d\udccc Mida leiate kogumikust?<br \/>\n\u2705 S\u00f5navara laiendamine (linnud ja nende osad)<br \/>\n\u2705 Plastiliiniga t\u00f6\u00f6tamine<br \/>\n\u2705 Rists\u00f5nad<br \/>\n\u2705 R\u00e4ndlinnud ja paigalinnud<br \/>\n\u2705 K\u00e4e ettevalmistamine kirjutamiseks (joonistusharjutused)<br \/>\n\u2705 Linnu kehaosad<br \/>\n\u2705 Applikatsioonid ja meisterdamine<br \/>\n\u2705 Linnu eluts\u00fckkel<\/p>\n<p>Kokku 12 lehek\u00fclge p\u00f5nevaid harjutusi!<br \/>\nSee materjal on ideaalne kuni 7-aastastele lastele, et avastada looduse imesid ja arendada peenmotoorikat! \ud83d\udc26\ud83c\udf3f<\/p>\n<p>12 lehek\u00fclge<\/p>\n<p>&nbsp;<\/p>\n<p>Tegemist on digitaalse tootega (PDF). P\u00e4rast makset saadetakse allalaadimislink teie e-mailile.<\/p>","protected":false},"excerpt":{"rendered":"<p>See PDF-kogumik aitab lastel tutvuda lindude maailmaga ning arendada erinevaid oskusi l\u00e4bi m\u00e4nguliste harjutuste. \ud83d\udccc Mida leiate kogumikust? \u2705 S\u00f5navara laiendamine (linnud ja nende osad) \u2705 Plastiliiniga t\u00f6\u00f6tamine \u2705 Rists\u00f5nad \u2705 R\u00e4ndlinnud ja paigalinnud \u2705 K\u00e4e ettevalmistamine kirjutamiseks (joonistusharjutused) \u2705 Linnu kehaosad \u2705 Applikatsioonid ja meisterdamine \u2705 Linnu eluts\u00fckkel Kokku 12 lehek\u00fclge p\u00f5nevaid harjutusi! See [&hellip;]<\/p>\n","protected":false},"featured_media":2754,"comment_status":"open","ping_status":"closed","template":"","meta":[],"product_brand":[],"product_cat":[158,22],"product_tag":[],"class_list":{"0":"post-2753","1":"product","2":"type-product","3":"status-publish","4":"has-post-thumbnail","6":"product_cat-maailma-avastamine-ja-loodusteadmised","7":"product_cat-toolehed","9":"first","10":"instock","11":"shipping-taxable","12":"product-type-simple"},"yoast_head":"<!-- This site is optimized with the Yoast SEO plugin v27.4 - https:\/\/yoast.com\/product\/yoast-seo-wordpress\/ -->\n<title>T\u00f6\u00f6lehed: &quot;Linnud\u201d \u2013 mitmek\u00fclgne \u00f5ppematerjal - Motormind<\/title>\n<meta name=\"robots\" content=\"index, follow, max-snippet:-1, max-image-preview:large, max-video-preview:-1\" \/>\n<link rel=\"canonical\" href=\"https:\/\/motormind.ee\/ru\/product\/toolehed-linnud-mitmekulgne-oppematerjal\/\" \/>\n<meta property=\"og:locale\" content=\"ru_RU\" \/>\n<meta property=\"og:type\" content=\"article\" \/>\n<meta property=\"og:title\" content=\"T\u00f6\u00f6lehed: &quot;Linnud\u201d \u2013 mitmek\u00fclgne \u00f5ppematerjal - Motormind\" \/>\n<meta property=\"og:description\" content=\"See PDF-kogumik aitab lastel tutvuda lindude maailmaga ning arendada erinevaid oskusi l\u00e4bi m\u00e4nguliste harjutuste. \ud83d\udccc Mida leiate kogumikust? \u2705 S\u00f5navara laiendamine (linnud ja nende osad) \u2705 Plastiliiniga t\u00f6\u00f6tamine \u2705 Rists\u00f5nad \u2705 R\u00e4ndlinnud ja paigalinnud \u2705 K\u00e4e ettevalmistamine kirjutamiseks (joonistusharjutused) \u2705 Linnu kehaosad \u2705 Applikatsioonid ja meisterdamine \u2705 Linnu eluts\u00fckkel Kokku 12 lehek\u00fclge p\u00f5nevaid harjutusi! See [&hellip;]\" \/>\n<meta property=\"og:url\" content=\"https:\/\/motormind.ee\/ru\/product\/toolehed-linnud-mitmekulgne-oppematerjal\/\" \/>\n<meta property=\"og:site_name\" content=\"Motormind\" \/>\n<meta property=\"article:modified_time\" content=\"2026-04-15T08:32:15+00:00\" \/>\n<meta property=\"og:image\" content=\"https:\/\/motormind.ee\/wp-content\/uploads\/2025\/03\/IMG_1113.jpg\" \/>\n\t<meta property=\"og:image:width\" content=\"2048\" \/>\n\t<meta property=\"og:image:height\" content=\"2048\" \/>\n\t<meta property=\"og:image:type\" content=\"image\/jpeg\" \/>\n<meta name=\"twitter:card\" content=\"summary_large_image\" \/>\n<meta name=\"twitter:label1\" content=\"\u041f\u0440\u0438\u043c\u0435\u0440\u043d\u043e\u0435 \u0432\u0440\u0435\u043c\u044f \u0434\u043b\u044f \u0447\u0442\u0435\u043d\u0438\u044f\" \/>\n\t<meta name=\"twitter:data1\" content=\"1 \u043c\u0438\u043d\u0443\u0442\u0430\" \/>\n<script type=\"application\/ld+json\" class=\"yoast-schema-graph\">{\"@context\":\"https:\\\/\\\/schema.org\",\"@graph\":[{\"@type\":\"WebPage\",\"@id\":\"https:\\\/\\\/motormind.ee\\\/product\\\/toolehed-linnud-mitmekulgne-oppematerjal\\\/\",\"url\":\"https:\\\/\\\/motormind.ee\\\/product\\\/toolehed-linnud-mitmekulgne-oppematerjal\\\/\",\"name\":\"T\u00f6\u00f6lehed: \\\"Linnud\u201d \u2013 mitmek\u00fclgne \u00f5ppematerjal - Motormind\",\"isPartOf\":{\"@id\":\"https:\\\/\\\/motormind.ee\\\/#website\"},\"primaryImageOfPage\":{\"@id\":\"https:\\\/\\\/motormind.ee\\\/product\\\/toolehed-linnud-mitmekulgne-oppematerjal\\\/#primaryimage\"},\"image\":{\"@id\":\"https:\\\/\\\/motormind.ee\\\/product\\\/toolehed-linnud-mitmekulgne-oppematerjal\\\/#primaryimage\"},\"thumbnailUrl\":\"https:\\\/\\\/motormind.ee\\\/wp-content\\\/uploads\\\/2025\\\/03\\\/IMG_1113.jpg\",\"datePublished\":\"2025-03-07T10:02:42+00:00\",\"dateModified\":\"2026-04-15T08:32:15+00:00\",\"breadcrumb\":{\"@id\":\"https:\\\/\\\/motormind.ee\\\/product\\\/toolehed-linnud-mitmekulgne-oppematerjal\\\/#breadcrumb\"},\"inLanguage\":\"ru-RU\",\"potentialAction\":[{\"@type\":\"ReadAction\",\"target\":[\"https:\\\/\\\/motormind.ee\\\/product\\\/toolehed-linnud-mitmekulgne-oppematerjal\\\/\"]}]},{\"@type\":\"ImageObject\",\"inLanguage\":\"ru-RU\",\"@id\":\"https:\\\/\\\/motormind.ee\\\/product\\\/toolehed-linnud-mitmekulgne-oppematerjal\\\/#primaryimage\",\"url\":\"https:\\\/\\\/motormind.ee\\\/wp-content\\\/uploads\\\/2025\\\/03\\\/IMG_1113.jpg\",\"contentUrl\":\"https:\\\/\\\/motormind.ee\\\/wp-content\\\/uploads\\\/2025\\\/03\\\/IMG_1113.jpg\",\"width\":2048,\"height\":2048},{\"@type\":\"BreadcrumbList\",\"@id\":\"https:\\\/\\\/motormind.ee\\\/product\\\/toolehed-linnud-mitmekulgne-oppematerjal\\\/#breadcrumb\",\"itemListElement\":[{\"@type\":\"ListItem\",\"position\":1,\"name\":\"\u0413\u043b\u0430\u0432\u043d\u0430\u044f \u0441\u0442\u0440\u0430\u043d\u0438\u0446\u0430\",\"item\":\"https:\\\/\\\/motormind.ee\\\/\"},{\"@type\":\"ListItem\",\"position\":2,\"name\":\"E-pood\",\"item\":\"https:\\\/\\\/motormind.ee\\\/shop\\\/\"},{\"@type\":\"ListItem\",\"position\":3,\"name\":\"T\u00f6\u00f6lehed: &#8220;Linnud\u201d \u2013 mitmek\u00fclgne \u00f5ppematerjal\"}]},{\"@type\":\"WebSite\",\"@id\":\"https:\\\/\\\/motormind.ee\\\/#website\",\"url\":\"https:\\\/\\\/motormind.ee\\\/\",\"name\":\"Motormind\",\"description\":\"&Otilde;pi r&otilde;&otilde;muga, &otilde;pi m&auml;ngides!\",\"potentialAction\":[{\"@type\":\"SearchAction\",\"target\":{\"@type\":\"EntryPoint\",\"urlTemplate\":\"https:\\\/\\\/motormind.ee\\\/?s={search_term_string}\"},\"query-input\":{\"@type\":\"PropertyValueSpecification\",\"valueRequired\":true,\"valueName\":\"search_term_string\"}}],\"inLanguage\":\"ru-RU\"}]}<\/script>\n<!-- \/ Yoast SEO plugin. -->","yoast_head_json":{"title":"T\u00f6\u00f6lehed: \"Linnud\u201d \u2013 mitmek\u00fclgne \u00f5ppematerjal - Motormind","robots":{"index":"index","follow":"follow","max-snippet":"max-snippet:-1","max-image-preview":"max-image-preview:large","max-video-preview":"max-video-preview:-1"},"canonical":"https:\/\/motormind.ee\/ru\/product\/toolehed-linnud-mitmekulgne-oppematerjal\/","og_locale":"ru_RU","og_type":"article","og_title":"T\u00f6\u00f6lehed: \"Linnud\u201d \u2013 mitmek\u00fclgne \u00f5ppematerjal - Motormind","og_description":"See PDF-kogumik aitab lastel tutvuda lindude maailmaga ning arendada erinevaid oskusi l\u00e4bi m\u00e4nguliste harjutuste. \ud83d\udccc Mida leiate kogumikust? \u2705 S\u00f5navara laiendamine (linnud ja nende osad) \u2705 Plastiliiniga t\u00f6\u00f6tamine \u2705 Rists\u00f5nad \u2705 R\u00e4ndlinnud ja paigalinnud \u2705 K\u00e4e ettevalmistamine kirjutamiseks (joonistusharjutused) \u2705 Linnu kehaosad \u2705 Applikatsioonid ja meisterdamine \u2705 Linnu eluts\u00fckkel Kokku 12 lehek\u00fclge p\u00f5nevaid harjutusi! See [&hellip;]","og_url":"https:\/\/motormind.ee\/ru\/product\/toolehed-linnud-mitmekulgne-oppematerjal\/","og_site_name":"Motormind","article_modified_time":"2026-04-15T08:32:15+00:00","og_image":[{"width":2048,"height":2048,"url":"https:\/\/motormind.ee\/wp-content\/uploads\/2025\/03\/IMG_1113.jpg","type":"image\/jpeg"}],"twitter_card":"summary_large_image","twitter_misc":{"\u041f\u0440\u0438\u043c\u0435\u0440\u043d\u043e\u0435 \u0432\u0440\u0435\u043c\u044f \u0434\u043b\u044f \u0447\u0442\u0435\u043d\u0438\u044f":"1 \u043c\u0438\u043d\u0443\u0442\u0430"},"schema":{"@context":"https:\/\/schema.org","@graph":[{"@type":"WebPage","@id":"https:\/\/motormind.ee\/product\/toolehed-linnud-mitmekulgne-oppematerjal\/","url":"https:\/\/motormind.ee\/product\/toolehed-linnud-mitmekulgne-oppematerjal\/","name":"T\u00f6\u00f6lehed: \"Linnud\u201d \u2013 mitmek\u00fclgne \u00f5ppematerjal - Motormind","isPartOf":{"@id":"https:\/\/motormind.ee\/#website"},"primaryImageOfPage":{"@id":"https:\/\/motormind.ee\/product\/toolehed-linnud-mitmekulgne-oppematerjal\/#primaryimage"},"image":{"@id":"https:\/\/motormind.ee\/product\/toolehed-linnud-mitmekulgne-oppematerjal\/#primaryimage"},"thumbnailUrl":"https:\/\/motormind.ee\/wp-content\/uploads\/2025\/03\/IMG_1113.jpg","datePublished":"2025-03-07T10:02:42+00:00","dateModified":"2026-04-15T08:32:15+00:00","breadcrumb":{"@id":"https:\/\/motormind.ee\/product\/toolehed-linnud-mitmekulgne-oppematerjal\/#breadcrumb"},"inLanguage":"ru-RU","potentialAction":[{"@type":"ReadAction","target":["https:\/\/motormind.ee\/product\/toolehed-linnud-mitmekulgne-oppematerjal\/"]}]},{"@type":"ImageObject","inLanguage":"ru-RU","@id":"https:\/\/motormind.ee\/product\/toolehed-linnud-mitmekulgne-oppematerjal\/#primaryimage","url":"https:\/\/motormind.ee\/wp-content\/uploads\/2025\/03\/IMG_1113.jpg","contentUrl":"https:\/\/motormind.ee\/wp-content\/uploads\/2025\/03\/IMG_1113.jpg","width":2048,"height":2048},{"@type":"BreadcrumbList","@id":"https:\/\/motormind.ee\/product\/toolehed-linnud-mitmekulgne-oppematerjal\/#breadcrumb","itemListElement":[{"@type":"ListItem","position":1,"name":"\u0413\u043b\u0430\u0432\u043d\u0430\u044f \u0441\u0442\u0440\u0430\u043d\u0438\u0446\u0430","item":"https:\/\/motormind.ee\/"},{"@type":"ListItem","position":2,"name":"E-pood","item":"https:\/\/motormind.ee\/shop\/"},{"@type":"ListItem","position":3,"name":"T\u00f6\u00f6lehed: &#8220;Linnud\u201d \u2013 mitmek\u00fclgne \u00f5ppematerjal"}]},{"@type":"WebSite","@id":"https:\/\/motormind.ee\/#website","url":"https:\/\/motormind.ee\/","name":"Motormind","description":"&Otilde;pi r&otilde;&otilde;muga, &otilde;pi m&auml;ngides!","potentialAction":[{"@type":"SearchAction","target":{"@type":"EntryPoint","urlTemplate":"https:\/\/motormind.ee\/?s={search_term_string}"},"query-input":{"@type":"PropertyValueSpecification","valueRequired":true,"valueName":"search_term_string"}}],"inLanguage":"ru-RU"}]}},"_links":{"self":[{"href":"https:\/\/motormind.ee\/ru\/wp-json\/wp\/v2\/product\/2753","targetHints":{"allow":["GET"]}}],"collection":[{"href":"https:\/\/motormind.ee\/ru\/wp-json\/wp\/v2\/product"}],"about":[{"href":"https:\/\/motormind.ee\/ru\/wp-json\/wp\/v2\/types\/product"}],"replies":[{"embeddable":true,"href":"https:\/\/motormind.ee\/ru\/wp-json\/wp\/v2\/comments?post=2753"}],"version-history":[{"count":3,"href":"https:\/\/motormind.ee\/ru\/wp-json\/wp\/v2\/product\/2753\/revisions"}],"predecessor-version":[{"id":2885,"href":"https:\/\/motormind.ee\/ru\/wp-json\/wp\/v2\/product\/2753\/revisions\/2885"}],"wp:featuredmedia":[{"embeddable":true,"href":"https:\/\/motormind.ee\/ru\/wp-json\/wp\/v2\/media\/2754"}],"wp:attachment":[{"href":"https:\/\/motormind.ee\/ru\/wp-json\/wp\/v2\/media?parent=2753"}],"wp:term":[{"taxonomy":"product_brand","embeddable":true,"href":"https:\/\/motormind.ee\/ru\/wp-json\/wp\/v2\/product_brand?post=2753"},{"taxonomy":"product_cat","embeddable":true,"href":"https:\/\/motormind.ee\/ru\/wp-json\/wp\/v2\/product_cat?post=2753"},{"taxonomy":"product_tag","embeddable":true,"href":"https:\/\/motormind.ee\/ru\/wp-json\/wp\/v2\/product_tag?post=2753"}],"curies":[{"name":"wp","href":"https:\/\/api.w.org\/{rel}","templated":true}]}}