{"id":2761,"date":"2025-03-07T10:09:27","date_gmt":"2025-03-07T10:09:27","guid":{"rendered":"https:\/\/motormind.ee\/?post_type=product&#038;p=2761"},"modified":"2026-04-15T08:34:38","modified_gmt":"2026-04-15T08:34:38","slug":"toolehed-tunnused-ja-kevadtood","status":"publish","type":"product","link":"https:\/\/motormind.ee\/ru\/product\/toolehed-tunnused-ja-kevadtood\/","title":{"rendered":"T\u00f6\u00f6lehed: &#8220;Tunnused ja kevadt\u00f6\u00f6d\u201d"},"content":{"rendered":"<p>See PDF-kogumik aitab lastel avastada kevade tunnuseid, ilma muutusi ning inimeste kevadt\u00f6id, arendades samal ajal olulisi oskusi.<\/p>\n<p>\ud83d\udccc Mida leiate kogumikust?<br \/>\n\u2705 Kevade tunnused (ilm, loodus, loomad, taimed, inimesed)<br \/>\n\u2705 Pildid koos s\u00f5nadega \u2013 s\u00f5navara laiendamine<br \/>\n\u2705 K\u00e4e ettevalmistamine kirjutamiseks<br \/>\n\u2705 Arvutamis\u00fclesanded<br \/>\n\u2705 V\u00e4rvimislehed<br \/>\n\u2705 Suured plakatid kevade tunnustega (nii tekstiga kui ilma)<\/p>\n<p>Sobib suurep\u00e4raselt kuni 7-aastastele lastele, et \u00f5ppida ja uurida kevadist loodust m\u00e4ngulisel viisil!<br \/>\n21 lehek\u00fclge<\/p>\n<p>&nbsp;<\/p>\n<p>Tegemist on digitaalse tootega (PDF). P\u00e4rast makset saadetakse allalaadimislink teie e-mailile.<\/p>","protected":false},"excerpt":{"rendered":"<p>See PDF-kogumik aitab lastel avastada kevade tunnuseid, ilma muutusi ning inimeste kevadt\u00f6id, arendades samal ajal olulisi oskusi. \ud83d\udccc Mida leiate kogumikust? \u2705 Kevade tunnused (ilm, loodus, loomad, taimed, inimesed) \u2705 Pildid koos s\u00f5nadega \u2013 s\u00f5navara laiendamine \u2705 K\u00e4e ettevalmistamine kirjutamiseks \u2705 Arvutamis\u00fclesanded \u2705 V\u00e4rvimislehed \u2705 Suured plakatid kevade tunnustega (nii tekstiga kui ilma) Sobib suurep\u00e4raselt [&hellip;]<\/p>\n","protected":false},"featured_media":2762,"comment_status":"open","ping_status":"closed","template":"","meta":[],"product_brand":[],"product_cat":[22,157],"product_tag":[],"class_list":{"0":"post-2761","1":"product","2":"type-product","3":"status-publish","4":"has-post-thumbnail","6":"product_cat-toolehed","7":"product_cat-temaatilised-ja-hooajalised-toolehed","9":"first","10":"instock","11":"shipping-taxable","12":"product-type-simple"},"yoast_head":"<!-- This site is optimized with the Yoast SEO plugin v27.4 - https:\/\/yoast.com\/product\/yoast-seo-wordpress\/ -->\n<title>T\u00f6\u00f6lehed: &quot;Tunnused ja kevadt\u00f6\u00f6d\u201d - Motormind<\/title>\n<meta name=\"robots\" content=\"index, follow, max-snippet:-1, max-image-preview:large, max-video-preview:-1\" \/>\n<link rel=\"canonical\" href=\"https:\/\/motormind.ee\/ru\/product\/toolehed-tunnused-ja-kevadtood\/\" \/>\n<meta property=\"og:locale\" content=\"ru_RU\" \/>\n<meta property=\"og:type\" content=\"article\" \/>\n<meta property=\"og:title\" content=\"T\u00f6\u00f6lehed: &quot;Tunnused ja kevadt\u00f6\u00f6d\u201d - Motormind\" \/>\n<meta property=\"og:description\" content=\"See PDF-kogumik aitab lastel avastada kevade tunnuseid, ilma muutusi ning inimeste kevadt\u00f6id, arendades samal ajal olulisi oskusi. \ud83d\udccc Mida leiate kogumikust? \u2705 Kevade tunnused (ilm, loodus, loomad, taimed, inimesed) \u2705 Pildid koos s\u00f5nadega \u2013 s\u00f5navara laiendamine \u2705 K\u00e4e ettevalmistamine kirjutamiseks \u2705 Arvutamis\u00fclesanded \u2705 V\u00e4rvimislehed \u2705 Suured plakatid kevade tunnustega (nii tekstiga kui ilma) Sobib suurep\u00e4raselt [&hellip;]\" \/>\n<meta property=\"og:url\" content=\"https:\/\/motormind.ee\/ru\/product\/toolehed-tunnused-ja-kevadtood\/\" \/>\n<meta property=\"og:site_name\" content=\"Motormind\" \/>\n<meta property=\"article:modified_time\" content=\"2026-04-15T08:34:38+00:00\" \/>\n<meta property=\"og:image\" content=\"https:\/\/motormind.ee\/wp-content\/uploads\/2025\/03\/IMG_1115.jpg\" \/>\n\t<meta property=\"og:image:width\" content=\"2048\" \/>\n\t<meta property=\"og:image:height\" content=\"2048\" \/>\n\t<meta property=\"og:image:type\" content=\"image\/jpeg\" \/>\n<meta name=\"twitter:card\" content=\"summary_large_image\" \/>\n<meta name=\"twitter:label1\" content=\"\u041f\u0440\u0438\u043c\u0435\u0440\u043d\u043e\u0435 \u0432\u0440\u0435\u043c\u044f \u0434\u043b\u044f \u0447\u0442\u0435\u043d\u0438\u044f\" \/>\n\t<meta name=\"twitter:data1\" content=\"1 \u043c\u0438\u043d\u0443\u0442\u0430\" \/>\n<script type=\"application\/ld+json\" class=\"yoast-schema-graph\">{\"@context\":\"https:\\\/\\\/schema.org\",\"@graph\":[{\"@type\":\"WebPage\",\"@id\":\"https:\\\/\\\/motormind.ee\\\/product\\\/toolehed-tunnused-ja-kevadtood\\\/\",\"url\":\"https:\\\/\\\/motormind.ee\\\/product\\\/toolehed-tunnused-ja-kevadtood\\\/\",\"name\":\"T\u00f6\u00f6lehed: \\\"Tunnused ja kevadt\u00f6\u00f6d\u201d - Motormind\",\"isPartOf\":{\"@id\":\"https:\\\/\\\/motormind.ee\\\/#website\"},\"primaryImageOfPage\":{\"@id\":\"https:\\\/\\\/motormind.ee\\\/product\\\/toolehed-tunnused-ja-kevadtood\\\/#primaryimage\"},\"image\":{\"@id\":\"https:\\\/\\\/motormind.ee\\\/product\\\/toolehed-tunnused-ja-kevadtood\\\/#primaryimage\"},\"thumbnailUrl\":\"https:\\\/\\\/motormind.ee\\\/wp-content\\\/uploads\\\/2025\\\/03\\\/IMG_1115.jpg\",\"datePublished\":\"2025-03-07T10:09:27+00:00\",\"dateModified\":\"2026-04-15T08:34:38+00:00\",\"breadcrumb\":{\"@id\":\"https:\\\/\\\/motormind.ee\\\/product\\\/toolehed-tunnused-ja-kevadtood\\\/#breadcrumb\"},\"inLanguage\":\"ru-RU\",\"potentialAction\":[{\"@type\":\"ReadAction\",\"target\":[\"https:\\\/\\\/motormind.ee\\\/product\\\/toolehed-tunnused-ja-kevadtood\\\/\"]}]},{\"@type\":\"ImageObject\",\"inLanguage\":\"ru-RU\",\"@id\":\"https:\\\/\\\/motormind.ee\\\/product\\\/toolehed-tunnused-ja-kevadtood\\\/#primaryimage\",\"url\":\"https:\\\/\\\/motormind.ee\\\/wp-content\\\/uploads\\\/2025\\\/03\\\/IMG_1115.jpg\",\"contentUrl\":\"https:\\\/\\\/motormind.ee\\\/wp-content\\\/uploads\\\/2025\\\/03\\\/IMG_1115.jpg\",\"width\":2048,\"height\":2048},{\"@type\":\"BreadcrumbList\",\"@id\":\"https:\\\/\\\/motormind.ee\\\/product\\\/toolehed-tunnused-ja-kevadtood\\\/#breadcrumb\",\"itemListElement\":[{\"@type\":\"ListItem\",\"position\":1,\"name\":\"\u0413\u043b\u0430\u0432\u043d\u0430\u044f \u0441\u0442\u0440\u0430\u043d\u0438\u0446\u0430\",\"item\":\"https:\\\/\\\/motormind.ee\\\/\"},{\"@type\":\"ListItem\",\"position\":2,\"name\":\"E-pood\",\"item\":\"https:\\\/\\\/motormind.ee\\\/shop\\\/\"},{\"@type\":\"ListItem\",\"position\":3,\"name\":\"T\u00f6\u00f6lehed: &#8220;Tunnused ja kevadt\u00f6\u00f6d\u201d\"}]},{\"@type\":\"WebSite\",\"@id\":\"https:\\\/\\\/motormind.ee\\\/#website\",\"url\":\"https:\\\/\\\/motormind.ee\\\/\",\"name\":\"Motormind\",\"description\":\"&Otilde;pi r&otilde;&otilde;muga, &otilde;pi m&auml;ngides!\",\"potentialAction\":[{\"@type\":\"SearchAction\",\"target\":{\"@type\":\"EntryPoint\",\"urlTemplate\":\"https:\\\/\\\/motormind.ee\\\/?s={search_term_string}\"},\"query-input\":{\"@type\":\"PropertyValueSpecification\",\"valueRequired\":true,\"valueName\":\"search_term_string\"}}],\"inLanguage\":\"ru-RU\"}]}<\/script>\n<!-- \/ Yoast SEO plugin. -->","yoast_head_json":{"title":"T\u00f6\u00f6lehed: \"Tunnused ja kevadt\u00f6\u00f6d\u201d - Motormind","robots":{"index":"index","follow":"follow","max-snippet":"max-snippet:-1","max-image-preview":"max-image-preview:large","max-video-preview":"max-video-preview:-1"},"canonical":"https:\/\/motormind.ee\/ru\/product\/toolehed-tunnused-ja-kevadtood\/","og_locale":"ru_RU","og_type":"article","og_title":"T\u00f6\u00f6lehed: \"Tunnused ja kevadt\u00f6\u00f6d\u201d - Motormind","og_description":"See PDF-kogumik aitab lastel avastada kevade tunnuseid, ilma muutusi ning inimeste kevadt\u00f6id, arendades samal ajal olulisi oskusi. \ud83d\udccc Mida leiate kogumikust? \u2705 Kevade tunnused (ilm, loodus, loomad, taimed, inimesed) \u2705 Pildid koos s\u00f5nadega \u2013 s\u00f5navara laiendamine \u2705 K\u00e4e ettevalmistamine kirjutamiseks \u2705 Arvutamis\u00fclesanded \u2705 V\u00e4rvimislehed \u2705 Suured plakatid kevade tunnustega (nii tekstiga kui ilma) Sobib suurep\u00e4raselt [&hellip;]","og_url":"https:\/\/motormind.ee\/ru\/product\/toolehed-tunnused-ja-kevadtood\/","og_site_name":"Motormind","article_modified_time":"2026-04-15T08:34:38+00:00","og_image":[{"width":2048,"height":2048,"url":"https:\/\/motormind.ee\/wp-content\/uploads\/2025\/03\/IMG_1115.jpg","type":"image\/jpeg"}],"twitter_card":"summary_large_image","twitter_misc":{"\u041f\u0440\u0438\u043c\u0435\u0440\u043d\u043e\u0435 \u0432\u0440\u0435\u043c\u044f \u0434\u043b\u044f \u0447\u0442\u0435\u043d\u0438\u044f":"1 \u043c\u0438\u043d\u0443\u0442\u0430"},"schema":{"@context":"https:\/\/schema.org","@graph":[{"@type":"WebPage","@id":"https:\/\/motormind.ee\/product\/toolehed-tunnused-ja-kevadtood\/","url":"https:\/\/motormind.ee\/product\/toolehed-tunnused-ja-kevadtood\/","name":"T\u00f6\u00f6lehed: \"Tunnused ja kevadt\u00f6\u00f6d\u201d - Motormind","isPartOf":{"@id":"https:\/\/motormind.ee\/#website"},"primaryImageOfPage":{"@id":"https:\/\/motormind.ee\/product\/toolehed-tunnused-ja-kevadtood\/#primaryimage"},"image":{"@id":"https:\/\/motormind.ee\/product\/toolehed-tunnused-ja-kevadtood\/#primaryimage"},"thumbnailUrl":"https:\/\/motormind.ee\/wp-content\/uploads\/2025\/03\/IMG_1115.jpg","datePublished":"2025-03-07T10:09:27+00:00","dateModified":"2026-04-15T08:34:38+00:00","breadcrumb":{"@id":"https:\/\/motormind.ee\/product\/toolehed-tunnused-ja-kevadtood\/#breadcrumb"},"inLanguage":"ru-RU","potentialAction":[{"@type":"ReadAction","target":["https:\/\/motormind.ee\/product\/toolehed-tunnused-ja-kevadtood\/"]}]},{"@type":"ImageObject","inLanguage":"ru-RU","@id":"https:\/\/motormind.ee\/product\/toolehed-tunnused-ja-kevadtood\/#primaryimage","url":"https:\/\/motormind.ee\/wp-content\/uploads\/2025\/03\/IMG_1115.jpg","contentUrl":"https:\/\/motormind.ee\/wp-content\/uploads\/2025\/03\/IMG_1115.jpg","width":2048,"height":2048},{"@type":"BreadcrumbList","@id":"https:\/\/motormind.ee\/product\/toolehed-tunnused-ja-kevadtood\/#breadcrumb","itemListElement":[{"@type":"ListItem","position":1,"name":"\u0413\u043b\u0430\u0432\u043d\u0430\u044f \u0441\u0442\u0440\u0430\u043d\u0438\u0446\u0430","item":"https:\/\/motormind.ee\/"},{"@type":"ListItem","position":2,"name":"E-pood","item":"https:\/\/motormind.ee\/shop\/"},{"@type":"ListItem","position":3,"name":"T\u00f6\u00f6lehed: &#8220;Tunnused ja kevadt\u00f6\u00f6d\u201d"}]},{"@type":"WebSite","@id":"https:\/\/motormind.ee\/#website","url":"https:\/\/motormind.ee\/","name":"Motormind","description":"&Otilde;pi r&otilde;&otilde;muga, &otilde;pi m&auml;ngides!","potentialAction":[{"@type":"SearchAction","target":{"@type":"EntryPoint","urlTemplate":"https:\/\/motormind.ee\/?s={search_term_string}"},"query-input":{"@type":"PropertyValueSpecification","valueRequired":true,"valueName":"search_term_string"}}],"inLanguage":"ru-RU"}]}},"_links":{"self":[{"href":"https:\/\/motormind.ee\/ru\/wp-json\/wp\/v2\/product\/2761","targetHints":{"allow":["GET"]}}],"collection":[{"href":"https:\/\/motormind.ee\/ru\/wp-json\/wp\/v2\/product"}],"about":[{"href":"https:\/\/motormind.ee\/ru\/wp-json\/wp\/v2\/types\/product"}],"replies":[{"embeddable":true,"href":"https:\/\/motormind.ee\/ru\/wp-json\/wp\/v2\/comments?post=2761"}],"version-history":[{"count":3,"href":"https:\/\/motormind.ee\/ru\/wp-json\/wp\/v2\/product\/2761\/revisions"}],"predecessor-version":[{"id":3999,"href":"https:\/\/motormind.ee\/ru\/wp-json\/wp\/v2\/product\/2761\/revisions\/3999"}],"wp:featuredmedia":[{"embeddable":true,"href":"https:\/\/motormind.ee\/ru\/wp-json\/wp\/v2\/media\/2762"}],"wp:attachment":[{"href":"https:\/\/motormind.ee\/ru\/wp-json\/wp\/v2\/media?parent=2761"}],"wp:term":[{"taxonomy":"product_brand","embeddable":true,"href":"https:\/\/motormind.ee\/ru\/wp-json\/wp\/v2\/product_brand?post=2761"},{"taxonomy":"product_cat","embeddable":true,"href":"https:\/\/motormind.ee\/ru\/wp-json\/wp\/v2\/product_cat?post=2761"},{"taxonomy":"product_tag","embeddable":true,"href":"https:\/\/motormind.ee\/ru\/wp-json\/wp\/v2\/product_tag?post=2761"}],"curies":[{"name":"wp","href":"https:\/\/api.w.org\/{rel}","templated":true}]}}