{"id":3030,"date":"2025-08-04T06:49:34","date_gmt":"2025-08-04T06:49:34","guid":{"rendered":"https:\/\/motormind.ee\/?post_type=product&#038;p=3030"},"modified":"2026-03-18T10:36:54","modified_gmt":"2026-03-18T10:36:54","slug":"toolehed-%f0%9f%a6%81-loomade-tahestik-lastele","status":"publish","type":"product","link":"https:\/\/motormind.ee\/ru\/product\/toolehed-%f0%9f%a6%81-loomade-tahestik-lastele\/","title":{"rendered":"T\u00f6\u00f6lehed &#8220;\ud83e\udd81 Loomade t\u00e4hestik lastele&#8221;"},"content":{"rendered":"<p>Eriline ja v\u00e4rviline t\u00e4hestik, kus igale t\u00e4hedele on lisatud loomapildid \u2013 l\u00f5bus ja arendav viis t\u00e4htede \u00f5ppimiseks!<\/p>\n<p>Fail sisaldab kogu eesti t\u00e4hestikku koos k\u00f5igi t\u00e4htede ja erim\u00e4rkidega. M\u00f5ne t\u00e4he juures on vahva loom, et \u00f5ppimine oleks veelgi huvitavam.<\/p>\n<p>Sobib kasutamiseks nii kodus kui lasteaias v\u00f5i koolis.<\/p>\n<p>48 lk<\/p>\n<p>Tegemist on digitaalse tootega (PDF). P\u00e4rast makset saadetakse allalaadimislink teie e-mailile.<\/p>","protected":false},"excerpt":{"rendered":"<p>Eriline ja v\u00e4rviline t\u00e4hestik, kus igale t\u00e4hedele on lisatud loomapildid \u2013 l\u00f5bus ja arendav viis t\u00e4htede \u00f5ppimiseks! Fail sisaldab kogu eesti t\u00e4hestikku koos k\u00f5igi t\u00e4htede ja erim\u00e4rkidega. M\u00f5ne t\u00e4he juures on vahva loom, et \u00f5ppimine oleks veelgi huvitavam. Sobib kasutamiseks nii kodus kui lasteaias v\u00f5i koolis. 48 lk Tegemist on digitaalse tootega (PDF). P\u00e4rast makset [&hellip;]<\/p>\n","protected":false},"featured_media":3031,"comment_status":"open","ping_status":"closed","template":"","meta":[],"product_brand":[],"product_cat":[22,156],"product_tag":[],"class_list":{"0":"post-3030","1":"product","2":"type-product","3":"status-publish","4":"has-post-thumbnail","6":"product_cat-toolehed","7":"product_cat-tahed-ja-lugemisoskuse-algus","9":"first","10":"instock","11":"shipping-taxable","12":"purchasable","13":"product-type-variable"},"yoast_head":"<!-- This site is optimized with the Yoast SEO plugin v27.4 - https:\/\/yoast.com\/product\/yoast-seo-wordpress\/ -->\n<title>T\u00f6\u00f6lehed &quot;\ud83e\udd81 Loomade t\u00e4hestik lastele&quot; - Motormind<\/title>\n<meta name=\"robots\" content=\"index, follow, max-snippet:-1, max-image-preview:large, max-video-preview:-1\" \/>\n<link rel=\"canonical\" href=\"https:\/\/motormind.ee\/ru\/product\/toolehed-\ud83e\udd81-loomade-tahestik-lastele\/\" \/>\n<meta property=\"og:locale\" content=\"ru_RU\" \/>\n<meta property=\"og:type\" content=\"article\" \/>\n<meta property=\"og:title\" content=\"T\u00f6\u00f6lehed &quot;\ud83e\udd81 Loomade t\u00e4hestik lastele&quot; - Motormind\" \/>\n<meta property=\"og:description\" content=\"Eriline ja v\u00e4rviline t\u00e4hestik, kus igale t\u00e4hedele on lisatud loomapildid \u2013 l\u00f5bus ja arendav viis t\u00e4htede \u00f5ppimiseks! Fail sisaldab kogu eesti t\u00e4hestikku koos k\u00f5igi t\u00e4htede ja erim\u00e4rkidega. M\u00f5ne t\u00e4he juures on vahva loom, et \u00f5ppimine oleks veelgi huvitavam. Sobib kasutamiseks nii kodus kui lasteaias v\u00f5i koolis. 48 lk Tegemist on digitaalse tootega (PDF). P\u00e4rast makset [&hellip;]\" \/>\n<meta property=\"og:url\" content=\"https:\/\/motormind.ee\/ru\/product\/toolehed-\ud83e\udd81-loomade-tahestik-lastele\/\" \/>\n<meta property=\"og:site_name\" content=\"Motormind\" \/>\n<meta property=\"article:modified_time\" content=\"2026-03-18T10:36:54+00:00\" \/>\n<meta property=\"og:image\" content=\"https:\/\/motormind.ee\/wp-content\/uploads\/2025\/08\/IMG_6979.jpg\" \/>\n\t<meta property=\"og:image:width\" content=\"2048\" \/>\n\t<meta property=\"og:image:height\" content=\"2048\" \/>\n\t<meta property=\"og:image:type\" content=\"image\/jpeg\" \/>\n<meta name=\"twitter:card\" content=\"summary_large_image\" \/>\n<meta name=\"twitter:label1\" content=\"\u041f\u0440\u0438\u043c\u0435\u0440\u043d\u043e\u0435 \u0432\u0440\u0435\u043c\u044f \u0434\u043b\u044f \u0447\u0442\u0435\u043d\u0438\u044f\" \/>\n\t<meta name=\"twitter:data1\" content=\"1 \u043c\u0438\u043d\u0443\u0442\u0430\" \/>\n<script type=\"application\/ld+json\" class=\"yoast-schema-graph\">{\"@context\":\"https:\\\/\\\/schema.org\",\"@graph\":[{\"@type\":\"WebPage\",\"@id\":\"https:\\\/\\\/motormind.ee\\\/product\\\/toolehed-%f0%9f%a6%81-loomade-tahestik-lastele\\\/\",\"url\":\"https:\\\/\\\/motormind.ee\\\/product\\\/toolehed-%f0%9f%a6%81-loomade-tahestik-lastele\\\/\",\"name\":\"T\u00f6\u00f6lehed \\\"\ud83e\udd81 Loomade t\u00e4hestik lastele\\\" - Motormind\",\"isPartOf\":{\"@id\":\"https:\\\/\\\/motormind.ee\\\/#website\"},\"primaryImageOfPage\":{\"@id\":\"https:\\\/\\\/motormind.ee\\\/product\\\/toolehed-%f0%9f%a6%81-loomade-tahestik-lastele\\\/#primaryimage\"},\"image\":{\"@id\":\"https:\\\/\\\/motormind.ee\\\/product\\\/toolehed-%f0%9f%a6%81-loomade-tahestik-lastele\\\/#primaryimage\"},\"thumbnailUrl\":\"https:\\\/\\\/motormind.ee\\\/wp-content\\\/uploads\\\/2025\\\/08\\\/IMG_6979.jpg\",\"datePublished\":\"2025-08-04T06:49:34+00:00\",\"dateModified\":\"2026-03-18T10:36:54+00:00\",\"breadcrumb\":{\"@id\":\"https:\\\/\\\/motormind.ee\\\/product\\\/toolehed-%f0%9f%a6%81-loomade-tahestik-lastele\\\/#breadcrumb\"},\"inLanguage\":\"ru-RU\",\"potentialAction\":[{\"@type\":\"ReadAction\",\"target\":[\"https:\\\/\\\/motormind.ee\\\/product\\\/toolehed-%f0%9f%a6%81-loomade-tahestik-lastele\\\/\"]}]},{\"@type\":\"ImageObject\",\"inLanguage\":\"ru-RU\",\"@id\":\"https:\\\/\\\/motormind.ee\\\/product\\\/toolehed-%f0%9f%a6%81-loomade-tahestik-lastele\\\/#primaryimage\",\"url\":\"https:\\\/\\\/motormind.ee\\\/wp-content\\\/uploads\\\/2025\\\/08\\\/IMG_6979.jpg\",\"contentUrl\":\"https:\\\/\\\/motormind.ee\\\/wp-content\\\/uploads\\\/2025\\\/08\\\/IMG_6979.jpg\",\"width\":2048,\"height\":2048},{\"@type\":\"BreadcrumbList\",\"@id\":\"https:\\\/\\\/motormind.ee\\\/product\\\/toolehed-%f0%9f%a6%81-loomade-tahestik-lastele\\\/#breadcrumb\",\"itemListElement\":[{\"@type\":\"ListItem\",\"position\":1,\"name\":\"\u0413\u043b\u0430\u0432\u043d\u0430\u044f \u0441\u0442\u0440\u0430\u043d\u0438\u0446\u0430\",\"item\":\"https:\\\/\\\/motormind.ee\\\/\"},{\"@type\":\"ListItem\",\"position\":2,\"name\":\"E-pood\",\"item\":\"https:\\\/\\\/motormind.ee\\\/shop\\\/\"},{\"@type\":\"ListItem\",\"position\":3,\"name\":\"T\u00f6\u00f6lehed &#8220;\ud83e\udd81 Loomade t\u00e4hestik lastele&#8221;\"}]},{\"@type\":\"WebSite\",\"@id\":\"https:\\\/\\\/motormind.ee\\\/#website\",\"url\":\"https:\\\/\\\/motormind.ee\\\/\",\"name\":\"Motormind\",\"description\":\"&Otilde;pi r&otilde;&otilde;muga, &otilde;pi m&auml;ngides!\",\"potentialAction\":[{\"@type\":\"SearchAction\",\"target\":{\"@type\":\"EntryPoint\",\"urlTemplate\":\"https:\\\/\\\/motormind.ee\\\/?s={search_term_string}\"},\"query-input\":{\"@type\":\"PropertyValueSpecification\",\"valueRequired\":true,\"valueName\":\"search_term_string\"}}],\"inLanguage\":\"ru-RU\"}]}<\/script>\n<!-- \/ Yoast SEO plugin. -->","yoast_head_json":{"title":"T\u00f6\u00f6lehed \"\ud83e\udd81 Loomade t\u00e4hestik lastele\" - Motormind","robots":{"index":"index","follow":"follow","max-snippet":"max-snippet:-1","max-image-preview":"max-image-preview:large","max-video-preview":"max-video-preview:-1"},"canonical":"https:\/\/motormind.ee\/ru\/product\/toolehed-\ud83e\udd81-loomade-tahestik-lastele\/","og_locale":"ru_RU","og_type":"article","og_title":"T\u00f6\u00f6lehed \"\ud83e\udd81 Loomade t\u00e4hestik lastele\" - Motormind","og_description":"Eriline ja v\u00e4rviline t\u00e4hestik, kus igale t\u00e4hedele on lisatud loomapildid \u2013 l\u00f5bus ja arendav viis t\u00e4htede \u00f5ppimiseks! Fail sisaldab kogu eesti t\u00e4hestikku koos k\u00f5igi t\u00e4htede ja erim\u00e4rkidega. M\u00f5ne t\u00e4he juures on vahva loom, et \u00f5ppimine oleks veelgi huvitavam. Sobib kasutamiseks nii kodus kui lasteaias v\u00f5i koolis. 48 lk Tegemist on digitaalse tootega (PDF). P\u00e4rast makset [&hellip;]","og_url":"https:\/\/motormind.ee\/ru\/product\/toolehed-\ud83e\udd81-loomade-tahestik-lastele\/","og_site_name":"Motormind","article_modified_time":"2026-03-18T10:36:54+00:00","og_image":[{"width":2048,"height":2048,"url":"https:\/\/motormind.ee\/wp-content\/uploads\/2025\/08\/IMG_6979.jpg","type":"image\/jpeg"}],"twitter_card":"summary_large_image","twitter_misc":{"\u041f\u0440\u0438\u043c\u0435\u0440\u043d\u043e\u0435 \u0432\u0440\u0435\u043c\u044f \u0434\u043b\u044f \u0447\u0442\u0435\u043d\u0438\u044f":"1 \u043c\u0438\u043d\u0443\u0442\u0430"},"schema":{"@context":"https:\/\/schema.org","@graph":[{"@type":"WebPage","@id":"https:\/\/motormind.ee\/product\/toolehed-%f0%9f%a6%81-loomade-tahestik-lastele\/","url":"https:\/\/motormind.ee\/product\/toolehed-%f0%9f%a6%81-loomade-tahestik-lastele\/","name":"T\u00f6\u00f6lehed \"\ud83e\udd81 Loomade t\u00e4hestik lastele\" - Motormind","isPartOf":{"@id":"https:\/\/motormind.ee\/#website"},"primaryImageOfPage":{"@id":"https:\/\/motormind.ee\/product\/toolehed-%f0%9f%a6%81-loomade-tahestik-lastele\/#primaryimage"},"image":{"@id":"https:\/\/motormind.ee\/product\/toolehed-%f0%9f%a6%81-loomade-tahestik-lastele\/#primaryimage"},"thumbnailUrl":"https:\/\/motormind.ee\/wp-content\/uploads\/2025\/08\/IMG_6979.jpg","datePublished":"2025-08-04T06:49:34+00:00","dateModified":"2026-03-18T10:36:54+00:00","breadcrumb":{"@id":"https:\/\/motormind.ee\/product\/toolehed-%f0%9f%a6%81-loomade-tahestik-lastele\/#breadcrumb"},"inLanguage":"ru-RU","potentialAction":[{"@type":"ReadAction","target":["https:\/\/motormind.ee\/product\/toolehed-%f0%9f%a6%81-loomade-tahestik-lastele\/"]}]},{"@type":"ImageObject","inLanguage":"ru-RU","@id":"https:\/\/motormind.ee\/product\/toolehed-%f0%9f%a6%81-loomade-tahestik-lastele\/#primaryimage","url":"https:\/\/motormind.ee\/wp-content\/uploads\/2025\/08\/IMG_6979.jpg","contentUrl":"https:\/\/motormind.ee\/wp-content\/uploads\/2025\/08\/IMG_6979.jpg","width":2048,"height":2048},{"@type":"BreadcrumbList","@id":"https:\/\/motormind.ee\/product\/toolehed-%f0%9f%a6%81-loomade-tahestik-lastele\/#breadcrumb","itemListElement":[{"@type":"ListItem","position":1,"name":"\u0413\u043b\u0430\u0432\u043d\u0430\u044f \u0441\u0442\u0440\u0430\u043d\u0438\u0446\u0430","item":"https:\/\/motormind.ee\/"},{"@type":"ListItem","position":2,"name":"E-pood","item":"https:\/\/motormind.ee\/shop\/"},{"@type":"ListItem","position":3,"name":"T\u00f6\u00f6lehed &#8220;\ud83e\udd81 Loomade t\u00e4hestik lastele&#8221;"}]},{"@type":"WebSite","@id":"https:\/\/motormind.ee\/#website","url":"https:\/\/motormind.ee\/","name":"Motormind","description":"&Otilde;pi r&otilde;&otilde;muga, &otilde;pi m&auml;ngides!","potentialAction":[{"@type":"SearchAction","target":{"@type":"EntryPoint","urlTemplate":"https:\/\/motormind.ee\/?s={search_term_string}"},"query-input":{"@type":"PropertyValueSpecification","valueRequired":true,"valueName":"search_term_string"}}],"inLanguage":"ru-RU"}]}},"_links":{"self":[{"href":"https:\/\/motormind.ee\/ru\/wp-json\/wp\/v2\/product\/3030","targetHints":{"allow":["GET"]}}],"collection":[{"href":"https:\/\/motormind.ee\/ru\/wp-json\/wp\/v2\/product"}],"about":[{"href":"https:\/\/motormind.ee\/ru\/wp-json\/wp\/v2\/types\/product"}],"replies":[{"embeddable":true,"href":"https:\/\/motormind.ee\/ru\/wp-json\/wp\/v2\/comments?post=3030"}],"version-history":[{"count":4,"href":"https:\/\/motormind.ee\/ru\/wp-json\/wp\/v2\/product\/3030\/revisions"}],"predecessor-version":[{"id":4254,"href":"https:\/\/motormind.ee\/ru\/wp-json\/wp\/v2\/product\/3030\/revisions\/4254"}],"wp:featuredmedia":[{"embeddable":true,"href":"https:\/\/motormind.ee\/ru\/wp-json\/wp\/v2\/media\/3031"}],"wp:attachment":[{"href":"https:\/\/motormind.ee\/ru\/wp-json\/wp\/v2\/media?parent=3030"}],"wp:term":[{"taxonomy":"product_brand","embeddable":true,"href":"https:\/\/motormind.ee\/ru\/wp-json\/wp\/v2\/product_brand?post=3030"},{"taxonomy":"product_cat","embeddable":true,"href":"https:\/\/motormind.ee\/ru\/wp-json\/wp\/v2\/product_cat?post=3030"},{"taxonomy":"product_tag","embeddable":true,"href":"https:\/\/motormind.ee\/ru\/wp-json\/wp\/v2\/product_tag?post=3030"}],"curies":[{"name":"wp","href":"https:\/\/api.w.org\/{rel}","templated":true}]}}