{"id":3050,"date":"2025-08-06T11:02:56","date_gmt":"2025-08-06T11:02:56","guid":{"rendered":"https:\/\/motormind.ee\/?post_type=product&#038;p=3050"},"modified":"2025-09-29T05:46:04","modified_gmt":"2025-09-29T05:46:04","slug":"talu","status":"publish","type":"product","link":"https:\/\/motormind.ee\/ru\/product\/talu\/","title":{"rendered":"&#8220;Talupakk&#8221;"},"content":{"rendered":"<p>\ud83d\udc04 TALUPAKK \u2013 sinu lapse esimene loov ja arendav taluteemaline m\u00e4ngukomplekt!<\/p>\n<p>See ei ole lihtsalt m\u00e4ng, vaid baaskomplekt, millest saab luua k\u00fcmneid erinevaid tegevusi:<br \/>\n\ud83c\udfa8 Lisa vesi, plastiliin, kruubid, foolium v\u00f5i liiv \u2013 ja igast m\u00e4ngust saab uus seiklus!<\/p>\n<p>\ud83d\udc76 Sobib 1\u20134-aastastele lastele \u2013 raskusastet saab kohandada vastavalt vanusele ja arengule.<\/p>\n<p>\ud83d\udce6 Komplekt sisaldab:<br \/>\n\u2714\ufe0f Eestis ostetud ja klubides aastate jooksul testitud loomakujukesed, mida lapsed armastavad<br \/>\n\u2714\ufe0f Lamineeritud t\u00f6\u00f6lehed kujundite, v\u00e4rvide ja loendamise harjutamiseks<br \/>\n\u2714\ufe0f Mugav ja kerge pakend \u2013 sobib koju, reisile ja vanaema juurde<\/p>\n<p>\ud83e\udde0 Arendab:<br \/>\n\u2022 Kujundite ja v\u00e4rvide \u00e4ratundmist<br \/>\n\u2022 Peenmotoorikat ja keskendumisoskust<br \/>\n\u2022 K\u00f5ne arengut ja loomade h\u00e4\u00e4li<br \/>\n\u2022 Arvutamist ja varajast loogikat<br \/>\n\u2022 Loovust ja vaba m\u00e4ngu<\/p>","protected":false},"excerpt":{"rendered":"<p>\ud83d\udc04 TALUPAKK \u2013 sinu lapse esimene loov ja arendav taluteemaline m\u00e4ngukomplekt! See ei ole lihtsalt m\u00e4ng, vaid baaskomplekt, millest saab luua k\u00fcmneid erinevaid tegevusi: \ud83c\udfa8 Lisa vesi, plastiliin, kruubid, foolium v\u00f5i liiv \u2013 ja igast m\u00e4ngust saab uus seiklus! \ud83d\udc76 Sobib 1\u20134-aastastele lastele \u2013 raskusastet saab kohandada vastavalt vanusele ja arengule. \ud83d\udce6 Komplekt sisaldab: \u2714\ufe0f [&hellip;]<\/p>\n","protected":false},"featured_media":3051,"comment_status":"open","ping_status":"closed","template":"","meta":[],"product_brand":[],"product_cat":[135],"product_tag":[],"class_list":{"0":"post-3050","1":"product","2":"type-product","3":"status-publish","4":"has-post-thumbnail","6":"product_cat-trendyplaybox","8":"first","9":"instock","10":"shipping-taxable","11":"purchasable","12":"product-type-simple"},"yoast_head":"<!-- This site is optimized with the Yoast SEO plugin v27.4 - https:\/\/yoast.com\/product\/yoast-seo-wordpress\/ -->\n<title>&quot;Talupakk&quot; - Motormind<\/title>\n<meta name=\"robots\" content=\"index, follow, max-snippet:-1, max-image-preview:large, max-video-preview:-1\" \/>\n<link rel=\"canonical\" href=\"https:\/\/motormind.ee\/ru\/product\/talu\/\" \/>\n<meta property=\"og:locale\" content=\"ru_RU\" \/>\n<meta property=\"og:type\" content=\"article\" \/>\n<meta property=\"og:title\" content=\"&quot;Talupakk&quot; - Motormind\" \/>\n<meta property=\"og:description\" content=\"\ud83d\udc04 TALUPAKK \u2013 sinu lapse esimene loov ja arendav taluteemaline m\u00e4ngukomplekt! See ei ole lihtsalt m\u00e4ng, vaid baaskomplekt, millest saab luua k\u00fcmneid erinevaid tegevusi: \ud83c\udfa8 Lisa vesi, plastiliin, kruubid, foolium v\u00f5i liiv \u2013 ja igast m\u00e4ngust saab uus seiklus! \ud83d\udc76 Sobib 1\u20134-aastastele lastele \u2013 raskusastet saab kohandada vastavalt vanusele ja arengule. \ud83d\udce6 Komplekt sisaldab: \u2714\ufe0f [&hellip;]\" \/>\n<meta property=\"og:url\" content=\"https:\/\/motormind.ee\/ru\/product\/talu\/\" \/>\n<meta property=\"og:site_name\" content=\"Motormind\" \/>\n<meta property=\"article:modified_time\" content=\"2025-09-29T05:46:04+00:00\" \/>\n<meta property=\"og:image\" content=\"https:\/\/motormind.ee\/wp-content\/uploads\/2025\/08\/IMG_3185.jpg\" \/>\n\t<meta property=\"og:image:width\" content=\"1537\" \/>\n\t<meta property=\"og:image:height\" content=\"2049\" \/>\n\t<meta property=\"og:image:type\" content=\"image\/jpeg\" \/>\n<meta name=\"twitter:card\" content=\"summary_large_image\" \/>\n<meta name=\"twitter:label1\" content=\"\u041f\u0440\u0438\u043c\u0435\u0440\u043d\u043e\u0435 \u0432\u0440\u0435\u043c\u044f \u0434\u043b\u044f \u0447\u0442\u0435\u043d\u0438\u044f\" \/>\n\t<meta name=\"twitter:data1\" content=\"1 \u043c\u0438\u043d\u0443\u0442\u0430\" \/>\n<script type=\"application\/ld+json\" class=\"yoast-schema-graph\">{\"@context\":\"https:\\\/\\\/schema.org\",\"@graph\":[{\"@type\":\"WebPage\",\"@id\":\"https:\\\/\\\/motormind.ee\\\/product\\\/talu\\\/\",\"url\":\"https:\\\/\\\/motormind.ee\\\/product\\\/talu\\\/\",\"name\":\"\\\"Talupakk\\\" - Motormind\",\"isPartOf\":{\"@id\":\"https:\\\/\\\/motormind.ee\\\/#website\"},\"primaryImageOfPage\":{\"@id\":\"https:\\\/\\\/motormind.ee\\\/product\\\/talu\\\/#primaryimage\"},\"image\":{\"@id\":\"https:\\\/\\\/motormind.ee\\\/product\\\/talu\\\/#primaryimage\"},\"thumbnailUrl\":\"https:\\\/\\\/motormind.ee\\\/wp-content\\\/uploads\\\/2025\\\/08\\\/IMG_3185.jpg\",\"datePublished\":\"2025-08-06T11:02:56+00:00\",\"dateModified\":\"2025-09-29T05:46:04+00:00\",\"breadcrumb\":{\"@id\":\"https:\\\/\\\/motormind.ee\\\/product\\\/talu\\\/#breadcrumb\"},\"inLanguage\":\"ru-RU\",\"potentialAction\":[{\"@type\":\"ReadAction\",\"target\":[\"https:\\\/\\\/motormind.ee\\\/product\\\/talu\\\/\"]}]},{\"@type\":\"ImageObject\",\"inLanguage\":\"ru-RU\",\"@id\":\"https:\\\/\\\/motormind.ee\\\/product\\\/talu\\\/#primaryimage\",\"url\":\"https:\\\/\\\/motormind.ee\\\/wp-content\\\/uploads\\\/2025\\\/08\\\/IMG_3185.jpg\",\"contentUrl\":\"https:\\\/\\\/motormind.ee\\\/wp-content\\\/uploads\\\/2025\\\/08\\\/IMG_3185.jpg\",\"width\":1537,\"height\":2049},{\"@type\":\"BreadcrumbList\",\"@id\":\"https:\\\/\\\/motormind.ee\\\/product\\\/talu\\\/#breadcrumb\",\"itemListElement\":[{\"@type\":\"ListItem\",\"position\":1,\"name\":\"\u0413\u043b\u0430\u0432\u043d\u0430\u044f \u0441\u0442\u0440\u0430\u043d\u0438\u0446\u0430\",\"item\":\"https:\\\/\\\/motormind.ee\\\/\"},{\"@type\":\"ListItem\",\"position\":2,\"name\":\"E-pood\",\"item\":\"https:\\\/\\\/motormind.ee\\\/shop\\\/\"},{\"@type\":\"ListItem\",\"position\":3,\"name\":\"&#8220;Talupakk&#8221;\"}]},{\"@type\":\"WebSite\",\"@id\":\"https:\\\/\\\/motormind.ee\\\/#website\",\"url\":\"https:\\\/\\\/motormind.ee\\\/\",\"name\":\"Motormind\",\"description\":\"&Otilde;pi r&otilde;&otilde;muga, &otilde;pi m&auml;ngides!\",\"potentialAction\":[{\"@type\":\"SearchAction\",\"target\":{\"@type\":\"EntryPoint\",\"urlTemplate\":\"https:\\\/\\\/motormind.ee\\\/?s={search_term_string}\"},\"query-input\":{\"@type\":\"PropertyValueSpecification\",\"valueRequired\":true,\"valueName\":\"search_term_string\"}}],\"inLanguage\":\"ru-RU\"}]}<\/script>\n<!-- \/ Yoast SEO plugin. -->","yoast_head_json":{"title":"\"Talupakk\" - Motormind","robots":{"index":"index","follow":"follow","max-snippet":"max-snippet:-1","max-image-preview":"max-image-preview:large","max-video-preview":"max-video-preview:-1"},"canonical":"https:\/\/motormind.ee\/ru\/product\/talu\/","og_locale":"ru_RU","og_type":"article","og_title":"\"Talupakk\" - Motormind","og_description":"\ud83d\udc04 TALUPAKK \u2013 sinu lapse esimene loov ja arendav taluteemaline m\u00e4ngukomplekt! See ei ole lihtsalt m\u00e4ng, vaid baaskomplekt, millest saab luua k\u00fcmneid erinevaid tegevusi: \ud83c\udfa8 Lisa vesi, plastiliin, kruubid, foolium v\u00f5i liiv \u2013 ja igast m\u00e4ngust saab uus seiklus! \ud83d\udc76 Sobib 1\u20134-aastastele lastele \u2013 raskusastet saab kohandada vastavalt vanusele ja arengule. \ud83d\udce6 Komplekt sisaldab: \u2714\ufe0f [&hellip;]","og_url":"https:\/\/motormind.ee\/ru\/product\/talu\/","og_site_name":"Motormind","article_modified_time":"2025-09-29T05:46:04+00:00","og_image":[{"width":1537,"height":2049,"url":"https:\/\/motormind.ee\/wp-content\/uploads\/2025\/08\/IMG_3185.jpg","type":"image\/jpeg"}],"twitter_card":"summary_large_image","twitter_misc":{"\u041f\u0440\u0438\u043c\u0435\u0440\u043d\u043e\u0435 \u0432\u0440\u0435\u043c\u044f \u0434\u043b\u044f \u0447\u0442\u0435\u043d\u0438\u044f":"1 \u043c\u0438\u043d\u0443\u0442\u0430"},"schema":{"@context":"https:\/\/schema.org","@graph":[{"@type":"WebPage","@id":"https:\/\/motormind.ee\/product\/talu\/","url":"https:\/\/motormind.ee\/product\/talu\/","name":"\"Talupakk\" - Motormind","isPartOf":{"@id":"https:\/\/motormind.ee\/#website"},"primaryImageOfPage":{"@id":"https:\/\/motormind.ee\/product\/talu\/#primaryimage"},"image":{"@id":"https:\/\/motormind.ee\/product\/talu\/#primaryimage"},"thumbnailUrl":"https:\/\/motormind.ee\/wp-content\/uploads\/2025\/08\/IMG_3185.jpg","datePublished":"2025-08-06T11:02:56+00:00","dateModified":"2025-09-29T05:46:04+00:00","breadcrumb":{"@id":"https:\/\/motormind.ee\/product\/talu\/#breadcrumb"},"inLanguage":"ru-RU","potentialAction":[{"@type":"ReadAction","target":["https:\/\/motormind.ee\/product\/talu\/"]}]},{"@type":"ImageObject","inLanguage":"ru-RU","@id":"https:\/\/motormind.ee\/product\/talu\/#primaryimage","url":"https:\/\/motormind.ee\/wp-content\/uploads\/2025\/08\/IMG_3185.jpg","contentUrl":"https:\/\/motormind.ee\/wp-content\/uploads\/2025\/08\/IMG_3185.jpg","width":1537,"height":2049},{"@type":"BreadcrumbList","@id":"https:\/\/motormind.ee\/product\/talu\/#breadcrumb","itemListElement":[{"@type":"ListItem","position":1,"name":"\u0413\u043b\u0430\u0432\u043d\u0430\u044f \u0441\u0442\u0440\u0430\u043d\u0438\u0446\u0430","item":"https:\/\/motormind.ee\/"},{"@type":"ListItem","position":2,"name":"E-pood","item":"https:\/\/motormind.ee\/shop\/"},{"@type":"ListItem","position":3,"name":"&#8220;Talupakk&#8221;"}]},{"@type":"WebSite","@id":"https:\/\/motormind.ee\/#website","url":"https:\/\/motormind.ee\/","name":"Motormind","description":"&Otilde;pi r&otilde;&otilde;muga, &otilde;pi m&auml;ngides!","potentialAction":[{"@type":"SearchAction","target":{"@type":"EntryPoint","urlTemplate":"https:\/\/motormind.ee\/?s={search_term_string}"},"query-input":{"@type":"PropertyValueSpecification","valueRequired":true,"valueName":"search_term_string"}}],"inLanguage":"ru-RU"}]}},"_links":{"self":[{"href":"https:\/\/motormind.ee\/ru\/wp-json\/wp\/v2\/product\/3050","targetHints":{"allow":["GET"]}}],"collection":[{"href":"https:\/\/motormind.ee\/ru\/wp-json\/wp\/v2\/product"}],"about":[{"href":"https:\/\/motormind.ee\/ru\/wp-json\/wp\/v2\/types\/product"}],"replies":[{"embeddable":true,"href":"https:\/\/motormind.ee\/ru\/wp-json\/wp\/v2\/comments?post=3050"}],"version-history":[{"count":4,"href":"https:\/\/motormind.ee\/ru\/wp-json\/wp\/v2\/product\/3050\/revisions"}],"predecessor-version":[{"id":3077,"href":"https:\/\/motormind.ee\/ru\/wp-json\/wp\/v2\/product\/3050\/revisions\/3077"}],"wp:featuredmedia":[{"embeddable":true,"href":"https:\/\/motormind.ee\/ru\/wp-json\/wp\/v2\/media\/3051"}],"wp:attachment":[{"href":"https:\/\/motormind.ee\/ru\/wp-json\/wp\/v2\/media?parent=3050"}],"wp:term":[{"taxonomy":"product_brand","embeddable":true,"href":"https:\/\/motormind.ee\/ru\/wp-json\/wp\/v2\/product_brand?post=3050"},{"taxonomy":"product_cat","embeddable":true,"href":"https:\/\/motormind.ee\/ru\/wp-json\/wp\/v2\/product_cat?post=3050"},{"taxonomy":"product_tag","embeddable":true,"href":"https:\/\/motormind.ee\/ru\/wp-json\/wp\/v2\/product_tag?post=3050"}],"curies":[{"name":"wp","href":"https:\/\/api.w.org\/{rel}","templated":true}]}}