{"id":3058,"date":"2025-08-08T07:11:18","date_gmt":"2025-08-08T07:11:18","guid":{"rendered":"https:\/\/motormind.ee\/?post_type=product&#038;p=3058"},"modified":"2026-03-02T05:55:11","modified_gmt":"2026-03-02T05:55:11","slug":"roosa-karp","status":"publish","type":"product","link":"https:\/\/motormind.ee\/ru\/product\/roosa-karp\/","title":{"rendered":"&#8220;Roosa karp&#8221;"},"content":{"rendered":"<p>Roosa karp\u2014 arendavad m\u00e4ngud Reels\u2019ist n\u00fc\u00fcd sinu kodus!<br \/>\nOled neid Instagramis n\u00e4inud. Lapsed armastavad neid.<br \/>\nAga emadel pole aega neid ise teha \u2014 me oleme k\u00f5ik juba valmis pannud!<\/p>\n<p>\u2e3b<\/p>\n<p>Mis on karbis?<br \/>\n\ud83d\udce6 4 trendikat m\u00e4ngu, mis arendavad peenmotoorikat, loogikat, t\u00e4helepanu ja v\u00e4rvitaju<br \/>\n\u2728 V\u00e4rvilised kaardid, pehmed pomponid, minikonteinerid ja 4 musta lusikat<\/p>\n<p>Sobilik vanusele 2-4 aastat<\/p>","protected":false},"excerpt":{"rendered":"<p>Roosa karp\u2014 arendavad m\u00e4ngud Reels\u2019ist n\u00fc\u00fcd sinu kodus! Oled neid Instagramis n\u00e4inud. Lapsed armastavad neid. Aga emadel pole aega neid ise teha \u2014 me oleme k\u00f5ik juba valmis pannud! \u2e3b Mis on karbis? \ud83d\udce6 4 trendikat m\u00e4ngu, mis arendavad peenmotoorikat, loogikat, t\u00e4helepanu ja v\u00e4rvitaju \u2728 V\u00e4rvilised kaardid, pehmed pomponid, minikonteinerid ja 4 musta lusikat Sobilik [&hellip;]<\/p>\n","protected":false},"featured_media":3097,"comment_status":"open","ping_status":"closed","template":"","meta":[],"product_brand":[],"product_cat":[135],"product_tag":[],"class_list":{"0":"post-3058","1":"product","2":"type-product","3":"status-publish","4":"has-post-thumbnail","6":"product_cat-trendyplaybox","8":"first","9":"instock","10":"shipping-taxable","11":"purchasable","12":"product-type-simple"},"yoast_head":"<!-- This site is optimized with the Yoast SEO plugin v27.4 - https:\/\/yoast.com\/product\/yoast-seo-wordpress\/ -->\n<title>&quot;Roosa karp&quot; - Motormind<\/title>\n<meta name=\"robots\" content=\"index, follow, max-snippet:-1, max-image-preview:large, max-video-preview:-1\" \/>\n<link rel=\"canonical\" href=\"https:\/\/motormind.ee\/ru\/product\/roosa-karp\/\" \/>\n<meta property=\"og:locale\" content=\"ru_RU\" \/>\n<meta property=\"og:type\" content=\"article\" \/>\n<meta property=\"og:title\" content=\"&quot;Roosa karp&quot; - Motormind\" \/>\n<meta property=\"og:description\" content=\"Roosa karp\u2014 arendavad m\u00e4ngud Reels\u2019ist n\u00fc\u00fcd sinu kodus! Oled neid Instagramis n\u00e4inud. Lapsed armastavad neid. Aga emadel pole aega neid ise teha \u2014 me oleme k\u00f5ik juba valmis pannud! \u2e3b Mis on karbis? \ud83d\udce6 4 trendikat m\u00e4ngu, mis arendavad peenmotoorikat, loogikat, t\u00e4helepanu ja v\u00e4rvitaju \u2728 V\u00e4rvilised kaardid, pehmed pomponid, minikonteinerid ja 4 musta lusikat Sobilik [&hellip;]\" \/>\n<meta property=\"og:url\" content=\"https:\/\/motormind.ee\/ru\/product\/roosa-karp\/\" \/>\n<meta property=\"og:site_name\" content=\"Motormind\" \/>\n<meta property=\"article:modified_time\" content=\"2026-03-02T05:55:11+00:00\" \/>\n<meta property=\"og:image\" content=\"https:\/\/motormind.ee\/wp-content\/uploads\/2025\/08\/IMG_7202.jpg\" \/>\n\t<meta property=\"og:image:width\" content=\"2048\" \/>\n\t<meta property=\"og:image:height\" content=\"2048\" \/>\n\t<meta property=\"og:image:type\" content=\"image\/jpeg\" \/>\n<meta name=\"twitter:card\" content=\"summary_large_image\" \/>\n<meta name=\"twitter:label1\" content=\"\u041f\u0440\u0438\u043c\u0435\u0440\u043d\u043e\u0435 \u0432\u0440\u0435\u043c\u044f \u0434\u043b\u044f \u0447\u0442\u0435\u043d\u0438\u044f\" \/>\n\t<meta name=\"twitter:data1\" content=\"1 \u043c\u0438\u043d\u0443\u0442\u0430\" \/>\n<script type=\"application\/ld+json\" class=\"yoast-schema-graph\">{\"@context\":\"https:\\\/\\\/schema.org\",\"@graph\":[{\"@type\":\"WebPage\",\"@id\":\"https:\\\/\\\/motormind.ee\\\/product\\\/roosa-karp\\\/\",\"url\":\"https:\\\/\\\/motormind.ee\\\/product\\\/roosa-karp\\\/\",\"name\":\"\\\"Roosa karp\\\" - Motormind\",\"isPartOf\":{\"@id\":\"https:\\\/\\\/motormind.ee\\\/#website\"},\"primaryImageOfPage\":{\"@id\":\"https:\\\/\\\/motormind.ee\\\/product\\\/roosa-karp\\\/#primaryimage\"},\"image\":{\"@id\":\"https:\\\/\\\/motormind.ee\\\/product\\\/roosa-karp\\\/#primaryimage\"},\"thumbnailUrl\":\"https:\\\/\\\/motormind.ee\\\/wp-content\\\/uploads\\\/2025\\\/08\\\/IMG_7202.jpg\",\"datePublished\":\"2025-08-08T07:11:18+00:00\",\"dateModified\":\"2026-03-02T05:55:11+00:00\",\"breadcrumb\":{\"@id\":\"https:\\\/\\\/motormind.ee\\\/product\\\/roosa-karp\\\/#breadcrumb\"},\"inLanguage\":\"ru-RU\",\"potentialAction\":[{\"@type\":\"ReadAction\",\"target\":[\"https:\\\/\\\/motormind.ee\\\/product\\\/roosa-karp\\\/\"]}]},{\"@type\":\"ImageObject\",\"inLanguage\":\"ru-RU\",\"@id\":\"https:\\\/\\\/motormind.ee\\\/product\\\/roosa-karp\\\/#primaryimage\",\"url\":\"https:\\\/\\\/motormind.ee\\\/wp-content\\\/uploads\\\/2025\\\/08\\\/IMG_7202.jpg\",\"contentUrl\":\"https:\\\/\\\/motormind.ee\\\/wp-content\\\/uploads\\\/2025\\\/08\\\/IMG_7202.jpg\",\"width\":2048,\"height\":2048},{\"@type\":\"BreadcrumbList\",\"@id\":\"https:\\\/\\\/motormind.ee\\\/product\\\/roosa-karp\\\/#breadcrumb\",\"itemListElement\":[{\"@type\":\"ListItem\",\"position\":1,\"name\":\"\u0413\u043b\u0430\u0432\u043d\u0430\u044f \u0441\u0442\u0440\u0430\u043d\u0438\u0446\u0430\",\"item\":\"https:\\\/\\\/motormind.ee\\\/\"},{\"@type\":\"ListItem\",\"position\":2,\"name\":\"E-pood\",\"item\":\"https:\\\/\\\/motormind.ee\\\/shop\\\/\"},{\"@type\":\"ListItem\",\"position\":3,\"name\":\"&#8220;Roosa karp&#8221;\"}]},{\"@type\":\"WebSite\",\"@id\":\"https:\\\/\\\/motormind.ee\\\/#website\",\"url\":\"https:\\\/\\\/motormind.ee\\\/\",\"name\":\"Motormind\",\"description\":\"&Otilde;pi r&otilde;&otilde;muga, &otilde;pi m&auml;ngides!\",\"potentialAction\":[{\"@type\":\"SearchAction\",\"target\":{\"@type\":\"EntryPoint\",\"urlTemplate\":\"https:\\\/\\\/motormind.ee\\\/?s={search_term_string}\"},\"query-input\":{\"@type\":\"PropertyValueSpecification\",\"valueRequired\":true,\"valueName\":\"search_term_string\"}}],\"inLanguage\":\"ru-RU\"}]}<\/script>\n<!-- \/ Yoast SEO plugin. -->","yoast_head_json":{"title":"\"Roosa karp\" - Motormind","robots":{"index":"index","follow":"follow","max-snippet":"max-snippet:-1","max-image-preview":"max-image-preview:large","max-video-preview":"max-video-preview:-1"},"canonical":"https:\/\/motormind.ee\/ru\/product\/roosa-karp\/","og_locale":"ru_RU","og_type":"article","og_title":"\"Roosa karp\" - Motormind","og_description":"Roosa karp\u2014 arendavad m\u00e4ngud Reels\u2019ist n\u00fc\u00fcd sinu kodus! Oled neid Instagramis n\u00e4inud. Lapsed armastavad neid. Aga emadel pole aega neid ise teha \u2014 me oleme k\u00f5ik juba valmis pannud! \u2e3b Mis on karbis? \ud83d\udce6 4 trendikat m\u00e4ngu, mis arendavad peenmotoorikat, loogikat, t\u00e4helepanu ja v\u00e4rvitaju \u2728 V\u00e4rvilised kaardid, pehmed pomponid, minikonteinerid ja 4 musta lusikat Sobilik [&hellip;]","og_url":"https:\/\/motormind.ee\/ru\/product\/roosa-karp\/","og_site_name":"Motormind","article_modified_time":"2026-03-02T05:55:11+00:00","og_image":[{"width":2048,"height":2048,"url":"https:\/\/motormind.ee\/wp-content\/uploads\/2025\/08\/IMG_7202.jpg","type":"image\/jpeg"}],"twitter_card":"summary_large_image","twitter_misc":{"\u041f\u0440\u0438\u043c\u0435\u0440\u043d\u043e\u0435 \u0432\u0440\u0435\u043c\u044f \u0434\u043b\u044f \u0447\u0442\u0435\u043d\u0438\u044f":"1 \u043c\u0438\u043d\u0443\u0442\u0430"},"schema":{"@context":"https:\/\/schema.org","@graph":[{"@type":"WebPage","@id":"https:\/\/motormind.ee\/product\/roosa-karp\/","url":"https:\/\/motormind.ee\/product\/roosa-karp\/","name":"\"Roosa karp\" - Motormind","isPartOf":{"@id":"https:\/\/motormind.ee\/#website"},"primaryImageOfPage":{"@id":"https:\/\/motormind.ee\/product\/roosa-karp\/#primaryimage"},"image":{"@id":"https:\/\/motormind.ee\/product\/roosa-karp\/#primaryimage"},"thumbnailUrl":"https:\/\/motormind.ee\/wp-content\/uploads\/2025\/08\/IMG_7202.jpg","datePublished":"2025-08-08T07:11:18+00:00","dateModified":"2026-03-02T05:55:11+00:00","breadcrumb":{"@id":"https:\/\/motormind.ee\/product\/roosa-karp\/#breadcrumb"},"inLanguage":"ru-RU","potentialAction":[{"@type":"ReadAction","target":["https:\/\/motormind.ee\/product\/roosa-karp\/"]}]},{"@type":"ImageObject","inLanguage":"ru-RU","@id":"https:\/\/motormind.ee\/product\/roosa-karp\/#primaryimage","url":"https:\/\/motormind.ee\/wp-content\/uploads\/2025\/08\/IMG_7202.jpg","contentUrl":"https:\/\/motormind.ee\/wp-content\/uploads\/2025\/08\/IMG_7202.jpg","width":2048,"height":2048},{"@type":"BreadcrumbList","@id":"https:\/\/motormind.ee\/product\/roosa-karp\/#breadcrumb","itemListElement":[{"@type":"ListItem","position":1,"name":"\u0413\u043b\u0430\u0432\u043d\u0430\u044f \u0441\u0442\u0440\u0430\u043d\u0438\u0446\u0430","item":"https:\/\/motormind.ee\/"},{"@type":"ListItem","position":2,"name":"E-pood","item":"https:\/\/motormind.ee\/shop\/"},{"@type":"ListItem","position":3,"name":"&#8220;Roosa karp&#8221;"}]},{"@type":"WebSite","@id":"https:\/\/motormind.ee\/#website","url":"https:\/\/motormind.ee\/","name":"Motormind","description":"&Otilde;pi r&otilde;&otilde;muga, &otilde;pi m&auml;ngides!","potentialAction":[{"@type":"SearchAction","target":{"@type":"EntryPoint","urlTemplate":"https:\/\/motormind.ee\/?s={search_term_string}"},"query-input":{"@type":"PropertyValueSpecification","valueRequired":true,"valueName":"search_term_string"}}],"inLanguage":"ru-RU"}]}},"_links":{"self":[{"href":"https:\/\/motormind.ee\/ru\/wp-json\/wp\/v2\/product\/3058","targetHints":{"allow":["GET"]}}],"collection":[{"href":"https:\/\/motormind.ee\/ru\/wp-json\/wp\/v2\/product"}],"about":[{"href":"https:\/\/motormind.ee\/ru\/wp-json\/wp\/v2\/types\/product"}],"replies":[{"embeddable":true,"href":"https:\/\/motormind.ee\/ru\/wp-json\/wp\/v2\/comments?post=3058"}],"version-history":[{"count":2,"href":"https:\/\/motormind.ee\/ru\/wp-json\/wp\/v2\/product\/3058\/revisions"}],"predecessor-version":[{"id":3583,"href":"https:\/\/motormind.ee\/ru\/wp-json\/wp\/v2\/product\/3058\/revisions\/3583"}],"wp:featuredmedia":[{"embeddable":true,"href":"https:\/\/motormind.ee\/ru\/wp-json\/wp\/v2\/media\/3097"}],"wp:attachment":[{"href":"https:\/\/motormind.ee\/ru\/wp-json\/wp\/v2\/media?parent=3058"}],"wp:term":[{"taxonomy":"product_brand","embeddable":true,"href":"https:\/\/motormind.ee\/ru\/wp-json\/wp\/v2\/product_brand?post=3058"},{"taxonomy":"product_cat","embeddable":true,"href":"https:\/\/motormind.ee\/ru\/wp-json\/wp\/v2\/product_cat?post=3058"},{"taxonomy":"product_tag","embeddable":true,"href":"https:\/\/motormind.ee\/ru\/wp-json\/wp\/v2\/product_tag?post=3058"}],"curies":[{"name":"wp","href":"https:\/\/api.w.org\/{rel}","templated":true}]}}