{"id":3105,"date":"2025-08-08T08:11:28","date_gmt":"2025-08-08T08:11:28","guid":{"rendered":"https:\/\/motormind.ee\/?post_type=product&#038;p=3105"},"modified":"2025-10-24T05:12:32","modified_gmt":"2025-10-24T05:12:32","slug":"must-karp","status":"publish","type":"product","link":"https:\/\/motormind.ee\/ru\/product\/must-karp\/","title":{"rendered":"&#8221; Must karp&#8221;"},"content":{"rendered":"<p>See on laste arendav m\u00e4ngukomplekt, mis on loodud loogika, peenmotoorika, liigutuste koordineerimise ja ruumilise m\u00f5tlemise arendamiseks.<\/p>\n<p>Komplektis on:<\/p>\n<p>2 m\u00e4nguv\u00e4lja \u2013 \u00fchel on kujutatud kala, kuhu tuleb pulgad vastavalt v\u00e4rvile ja j\u00e4rjekorrale paigutada, teisel v\u00e4ljal on punktiv\u00f5rk kujundite ehitamiseks.<\/p>\n<p>72 \u00fclesandekaarti \u2013 erineva raskusastmega \u00fclesanded, kus tuleb puidust pulkade abil korrata kaardil n\u00e4idatud kujundit, mustrit v\u00f5i figuuri. Kaardid jagunevad mitut t\u00fc\u00fcpi: geomeetriliste kujundite ehitamine, punktide j\u00e4rgi mustrite kordamine, v\u00e4rviliste skeemide loomine.<\/p>\n<p>13 suurt puidust pulka eri v\u00e4rvides.<\/p>\n<p>21 v\u00e4ikest puidust pulka eri v\u00e4rvides.<\/p>\n<p>M\u00e4ngu eesm\u00e4rk: laps valib \u00fclesandekaardi ja kasutab pulki, et taastada sellel kujutatud muster v\u00f5i kujund vastaval m\u00e4nguv\u00e4ljal.<br \/>\n\u00dclesanded v\u00f5ivad h\u00f5lmata:<\/p>\n<p>v\u00e4rvikombinatsioonide kordamist,<\/p>\n<p>kujundite (t\u00e4ht, maja, kuusepuu jms) ladumist,<\/p>\n<p>punktide \u00fchendamist vastavalt skeemile,<\/p>\n<p>\u201ckalaluustiku\u201d moodustamist n\u00e4idise j\u00e4rgi.<\/p>\n<p>Sobib nii individuaalseks kui ka r\u00fchmat\u00f6\u00f6ks, samuti logopeedilisteks ja eelkooliealisteks arendustegevusteks.<\/p>\n<p>Sobilik vanusele 4-6 aastat<\/p>","protected":false},"excerpt":{"rendered":"<p>See on laste arendav m\u00e4ngukomplekt, mis on loodud loogika, peenmotoorika, liigutuste koordineerimise ja ruumilise m\u00f5tlemise arendamiseks. Komplektis on: 2 m\u00e4nguv\u00e4lja \u2013 \u00fchel on kujutatud kala, kuhu tuleb pulgad vastavalt v\u00e4rvile ja j\u00e4rjekorrale paigutada, teisel v\u00e4ljal on punktiv\u00f5rk kujundite ehitamiseks. 72 \u00fclesandekaarti \u2013 erineva raskusastmega \u00fclesanded, kus tuleb puidust pulkade abil korrata kaardil n\u00e4idatud kujundit, mustrit [&hellip;]<\/p>\n","protected":false},"featured_media":3106,"comment_status":"open","ping_status":"closed","template":"","meta":[],"product_brand":[],"product_cat":[135],"product_tag":[],"class_list":{"0":"post-3105","1":"product","2":"type-product","3":"status-publish","4":"has-post-thumbnail","6":"product_cat-trendyplaybox","8":"first","9":"instock","10":"shipping-taxable","11":"purchasable","12":"product-type-simple"},"yoast_head":"<!-- This site is optimized with the Yoast SEO plugin v27.4 - https:\/\/yoast.com\/product\/yoast-seo-wordpress\/ -->\n<title>&quot; Must karp&quot; - Motormind<\/title>\n<meta name=\"robots\" content=\"index, follow, max-snippet:-1, max-image-preview:large, max-video-preview:-1\" \/>\n<link rel=\"canonical\" href=\"https:\/\/motormind.ee\/ru\/product\/must-karp\/\" \/>\n<meta property=\"og:locale\" content=\"ru_RU\" \/>\n<meta property=\"og:type\" content=\"article\" \/>\n<meta property=\"og:title\" content=\"&quot; Must karp&quot; - Motormind\" \/>\n<meta property=\"og:description\" content=\"See on laste arendav m\u00e4ngukomplekt, mis on loodud loogika, peenmotoorika, liigutuste koordineerimise ja ruumilise m\u00f5tlemise arendamiseks. Komplektis on: 2 m\u00e4nguv\u00e4lja \u2013 \u00fchel on kujutatud kala, kuhu tuleb pulgad vastavalt v\u00e4rvile ja j\u00e4rjekorrale paigutada, teisel v\u00e4ljal on punktiv\u00f5rk kujundite ehitamiseks. 72 \u00fclesandekaarti \u2013 erineva raskusastmega \u00fclesanded, kus tuleb puidust pulkade abil korrata kaardil n\u00e4idatud kujundit, mustrit [&hellip;]\" \/>\n<meta property=\"og:url\" content=\"https:\/\/motormind.ee\/ru\/product\/must-karp\/\" \/>\n<meta property=\"og:site_name\" content=\"Motormind\" \/>\n<meta property=\"article:modified_time\" content=\"2025-10-24T05:12:32+00:00\" \/>\n<meta property=\"og:image\" content=\"https:\/\/motormind.ee\/wp-content\/uploads\/2025\/08\/IMG_7185-scaled.jpg\" \/>\n\t<meta property=\"og:image:width\" content=\"2560\" \/>\n\t<meta property=\"og:image:height\" content=\"1920\" \/>\n\t<meta property=\"og:image:type\" content=\"image\/jpeg\" \/>\n<meta name=\"twitter:card\" content=\"summary_large_image\" \/>\n<meta name=\"twitter:label1\" content=\"\u041f\u0440\u0438\u043c\u0435\u0440\u043d\u043e\u0435 \u0432\u0440\u0435\u043c\u044f \u0434\u043b\u044f \u0447\u0442\u0435\u043d\u0438\u044f\" \/>\n\t<meta name=\"twitter:data1\" content=\"1 \u043c\u0438\u043d\u0443\u0442\u0430\" \/>\n<script type=\"application\/ld+json\" class=\"yoast-schema-graph\">{\"@context\":\"https:\\\/\\\/schema.org\",\"@graph\":[{\"@type\":\"WebPage\",\"@id\":\"https:\\\/\\\/motormind.ee\\\/product\\\/must-karp\\\/\",\"url\":\"https:\\\/\\\/motormind.ee\\\/product\\\/must-karp\\\/\",\"name\":\"\\\" Must karp\\\" - Motormind\",\"isPartOf\":{\"@id\":\"https:\\\/\\\/motormind.ee\\\/#website\"},\"primaryImageOfPage\":{\"@id\":\"https:\\\/\\\/motormind.ee\\\/product\\\/must-karp\\\/#primaryimage\"},\"image\":{\"@id\":\"https:\\\/\\\/motormind.ee\\\/product\\\/must-karp\\\/#primaryimage\"},\"thumbnailUrl\":\"https:\\\/\\\/motormind.ee\\\/wp-content\\\/uploads\\\/2025\\\/08\\\/IMG_7185-scaled.jpg\",\"datePublished\":\"2025-08-08T08:11:28+00:00\",\"dateModified\":\"2025-10-24T05:12:32+00:00\",\"breadcrumb\":{\"@id\":\"https:\\\/\\\/motormind.ee\\\/product\\\/must-karp\\\/#breadcrumb\"},\"inLanguage\":\"ru-RU\",\"potentialAction\":[{\"@type\":\"ReadAction\",\"target\":[\"https:\\\/\\\/motormind.ee\\\/product\\\/must-karp\\\/\"]}]},{\"@type\":\"ImageObject\",\"inLanguage\":\"ru-RU\",\"@id\":\"https:\\\/\\\/motormind.ee\\\/product\\\/must-karp\\\/#primaryimage\",\"url\":\"https:\\\/\\\/motormind.ee\\\/wp-content\\\/uploads\\\/2025\\\/08\\\/IMG_7185-scaled.jpg\",\"contentUrl\":\"https:\\\/\\\/motormind.ee\\\/wp-content\\\/uploads\\\/2025\\\/08\\\/IMG_7185-scaled.jpg\",\"width\":2560,\"height\":1920},{\"@type\":\"BreadcrumbList\",\"@id\":\"https:\\\/\\\/motormind.ee\\\/product\\\/must-karp\\\/#breadcrumb\",\"itemListElement\":[{\"@type\":\"ListItem\",\"position\":1,\"name\":\"\u0413\u043b\u0430\u0432\u043d\u0430\u044f \u0441\u0442\u0440\u0430\u043d\u0438\u0446\u0430\",\"item\":\"https:\\\/\\\/motormind.ee\\\/\"},{\"@type\":\"ListItem\",\"position\":2,\"name\":\"E-pood\",\"item\":\"https:\\\/\\\/motormind.ee\\\/shop\\\/\"},{\"@type\":\"ListItem\",\"position\":3,\"name\":\"&#8221; Must karp&#8221;\"}]},{\"@type\":\"WebSite\",\"@id\":\"https:\\\/\\\/motormind.ee\\\/#website\",\"url\":\"https:\\\/\\\/motormind.ee\\\/\",\"name\":\"Motormind\",\"description\":\"&Otilde;pi r&otilde;&otilde;muga, &otilde;pi m&auml;ngides!\",\"potentialAction\":[{\"@type\":\"SearchAction\",\"target\":{\"@type\":\"EntryPoint\",\"urlTemplate\":\"https:\\\/\\\/motormind.ee\\\/?s={search_term_string}\"},\"query-input\":{\"@type\":\"PropertyValueSpecification\",\"valueRequired\":true,\"valueName\":\"search_term_string\"}}],\"inLanguage\":\"ru-RU\"}]}<\/script>\n<!-- \/ Yoast SEO plugin. -->","yoast_head_json":{"title":"\" Must karp\" - Motormind","robots":{"index":"index","follow":"follow","max-snippet":"max-snippet:-1","max-image-preview":"max-image-preview:large","max-video-preview":"max-video-preview:-1"},"canonical":"https:\/\/motormind.ee\/ru\/product\/must-karp\/","og_locale":"ru_RU","og_type":"article","og_title":"\" Must karp\" - Motormind","og_description":"See on laste arendav m\u00e4ngukomplekt, mis on loodud loogika, peenmotoorika, liigutuste koordineerimise ja ruumilise m\u00f5tlemise arendamiseks. Komplektis on: 2 m\u00e4nguv\u00e4lja \u2013 \u00fchel on kujutatud kala, kuhu tuleb pulgad vastavalt v\u00e4rvile ja j\u00e4rjekorrale paigutada, teisel v\u00e4ljal on punktiv\u00f5rk kujundite ehitamiseks. 72 \u00fclesandekaarti \u2013 erineva raskusastmega \u00fclesanded, kus tuleb puidust pulkade abil korrata kaardil n\u00e4idatud kujundit, mustrit [&hellip;]","og_url":"https:\/\/motormind.ee\/ru\/product\/must-karp\/","og_site_name":"Motormind","article_modified_time":"2025-10-24T05:12:32+00:00","og_image":[{"width":2560,"height":1920,"url":"https:\/\/motormind.ee\/wp-content\/uploads\/2025\/08\/IMG_7185-scaled.jpg","type":"image\/jpeg"}],"twitter_card":"summary_large_image","twitter_misc":{"\u041f\u0440\u0438\u043c\u0435\u0440\u043d\u043e\u0435 \u0432\u0440\u0435\u043c\u044f \u0434\u043b\u044f \u0447\u0442\u0435\u043d\u0438\u044f":"1 \u043c\u0438\u043d\u0443\u0442\u0430"},"schema":{"@context":"https:\/\/schema.org","@graph":[{"@type":"WebPage","@id":"https:\/\/motormind.ee\/product\/must-karp\/","url":"https:\/\/motormind.ee\/product\/must-karp\/","name":"\" Must karp\" - Motormind","isPartOf":{"@id":"https:\/\/motormind.ee\/#website"},"primaryImageOfPage":{"@id":"https:\/\/motormind.ee\/product\/must-karp\/#primaryimage"},"image":{"@id":"https:\/\/motormind.ee\/product\/must-karp\/#primaryimage"},"thumbnailUrl":"https:\/\/motormind.ee\/wp-content\/uploads\/2025\/08\/IMG_7185-scaled.jpg","datePublished":"2025-08-08T08:11:28+00:00","dateModified":"2025-10-24T05:12:32+00:00","breadcrumb":{"@id":"https:\/\/motormind.ee\/product\/must-karp\/#breadcrumb"},"inLanguage":"ru-RU","potentialAction":[{"@type":"ReadAction","target":["https:\/\/motormind.ee\/product\/must-karp\/"]}]},{"@type":"ImageObject","inLanguage":"ru-RU","@id":"https:\/\/motormind.ee\/product\/must-karp\/#primaryimage","url":"https:\/\/motormind.ee\/wp-content\/uploads\/2025\/08\/IMG_7185-scaled.jpg","contentUrl":"https:\/\/motormind.ee\/wp-content\/uploads\/2025\/08\/IMG_7185-scaled.jpg","width":2560,"height":1920},{"@type":"BreadcrumbList","@id":"https:\/\/motormind.ee\/product\/must-karp\/#breadcrumb","itemListElement":[{"@type":"ListItem","position":1,"name":"\u0413\u043b\u0430\u0432\u043d\u0430\u044f \u0441\u0442\u0440\u0430\u043d\u0438\u0446\u0430","item":"https:\/\/motormind.ee\/"},{"@type":"ListItem","position":2,"name":"E-pood","item":"https:\/\/motormind.ee\/shop\/"},{"@type":"ListItem","position":3,"name":"&#8221; Must karp&#8221;"}]},{"@type":"WebSite","@id":"https:\/\/motormind.ee\/#website","url":"https:\/\/motormind.ee\/","name":"Motormind","description":"&Otilde;pi r&otilde;&otilde;muga, &otilde;pi m&auml;ngides!","potentialAction":[{"@type":"SearchAction","target":{"@type":"EntryPoint","urlTemplate":"https:\/\/motormind.ee\/?s={search_term_string}"},"query-input":{"@type":"PropertyValueSpecification","valueRequired":true,"valueName":"search_term_string"}}],"inLanguage":"ru-RU"}]}},"_links":{"self":[{"href":"https:\/\/motormind.ee\/ru\/wp-json\/wp\/v2\/product\/3105","targetHints":{"allow":["GET"]}}],"collection":[{"href":"https:\/\/motormind.ee\/ru\/wp-json\/wp\/v2\/product"}],"about":[{"href":"https:\/\/motormind.ee\/ru\/wp-json\/wp\/v2\/types\/product"}],"replies":[{"embeddable":true,"href":"https:\/\/motormind.ee\/ru\/wp-json\/wp\/v2\/comments?post=3105"}],"version-history":[{"count":4,"href":"https:\/\/motormind.ee\/ru\/wp-json\/wp\/v2\/product\/3105\/revisions"}],"predecessor-version":[{"id":3582,"href":"https:\/\/motormind.ee\/ru\/wp-json\/wp\/v2\/product\/3105\/revisions\/3582"}],"wp:featuredmedia":[{"embeddable":true,"href":"https:\/\/motormind.ee\/ru\/wp-json\/wp\/v2\/media\/3106"}],"wp:attachment":[{"href":"https:\/\/motormind.ee\/ru\/wp-json\/wp\/v2\/media?parent=3105"}],"wp:term":[{"taxonomy":"product_brand","embeddable":true,"href":"https:\/\/motormind.ee\/ru\/wp-json\/wp\/v2\/product_brand?post=3105"},{"taxonomy":"product_cat","embeddable":true,"href":"https:\/\/motormind.ee\/ru\/wp-json\/wp\/v2\/product_cat?post=3105"},{"taxonomy":"product_tag","embeddable":true,"href":"https:\/\/motormind.ee\/ru\/wp-json\/wp\/v2\/product_tag?post=3105"}],"curies":[{"name":"wp","href":"https:\/\/api.w.org\/{rel}","templated":true}]}}