{"id":3125,"date":"2025-08-13T08:51:28","date_gmt":"2025-08-13T08:51:28","guid":{"rendered":"https:\/\/motormind.ee\/?post_type=product&#038;p=3125"},"modified":"2025-10-24T05:34:40","modified_gmt":"2025-10-24T05:34:40","slug":"transport","status":"publish","type":"product","link":"https:\/\/motormind.ee\/ru\/product\/transport\/","title":{"rendered":"&#8220;Transport&#8221;"},"content":{"rendered":"<p>See on laste arendav komplekt, mis sisaldab erinevaid \u00fclesandeid transpordi, v\u00e4rvide, kujundite ja numbrite \u00f5ppimiseks.<br \/>\nM\u00e4ng aitab arendada t\u00e4helepanu, m\u00e4lu, loogikat ja peenmotoorikat.<\/p>\n<p>Komplekti kuulub:<\/p>\n<p>Kaardid transpordipiltidega \u2014 nii v\u00e4rvilised kui ka siluettidena.<\/p>\n<p>M\u00e4nguv\u00e4li taustapildiga \u2014 sellel on kujutatud taevas, meri ja raudtee.<\/p>\n<p>Erinevat v\u00e4rvi kummist transpordifiguurid sorteerimis- ja loovm\u00e4ngudeks.<\/p>\n<p>Suurte numbritega kaardid (1\u20136) numbrite ja loendamise \u00f5ppimiseks.<\/p>\n<p>V\u00e4rviliste geomeetriliste kujunditega kaardid (ring, ruut, ristk\u00fclik, kolmnurk, ovaal) kujundite ja v\u00e4rvide tundma\u00f5ppimiseks.<\/p>\n<p>V\u00e4rviliste ringidega kaardid \u2014 neid saab kasutada esemete v\u00e4rvi j\u00e4rgi sorteerimiseks.<\/p>\n<p>V\u00f5imalikud m\u00e4nguviisid:<\/p>\n<p>1. \u00dchendada transport selle siluetiga.<\/p>\n<p>2. Paigutada figuurid m\u00e4nguv\u00e4ljal vastavalt liikumispaigale (\u00f5hk, vesi, maa).<\/p>\n<p>3. Sorteerida transport v\u00e4rvi, suuruse v\u00f5i t\u00fc\u00fcbi j\u00e4rgi.<\/p>\n<p>4. \u00d5ppida numbreid, lugedes esemeid ja seostades neid kaartidega.<\/p>\n<p>5. \u00d5ppida geomeetrilisi kujundeid ja v\u00e4rve.<\/p>\n<p>&nbsp;<\/p>\n<p>Sobilik vanusele 1,5-3,5 aastat<\/p>","protected":false},"excerpt":{"rendered":"<p>See on laste arendav komplekt, mis sisaldab erinevaid \u00fclesandeid transpordi, v\u00e4rvide, kujundite ja numbrite \u00f5ppimiseks. M\u00e4ng aitab arendada t\u00e4helepanu, m\u00e4lu, loogikat ja peenmotoorikat. Komplekti kuulub: Kaardid transpordipiltidega \u2014 nii v\u00e4rvilised kui ka siluettidena. M\u00e4nguv\u00e4li taustapildiga \u2014 sellel on kujutatud taevas, meri ja raudtee. Erinevat v\u00e4rvi kummist transpordifiguurid sorteerimis- ja loovm\u00e4ngudeks. Suurte numbritega kaardid (1\u20136) numbrite [&hellip;]<\/p>\n","protected":false},"featured_media":3584,"comment_status":"open","ping_status":"closed","template":"","meta":[],"product_brand":[],"product_cat":[135],"product_tag":[],"class_list":{"0":"post-3125","1":"product","2":"type-product","3":"status-publish","4":"has-post-thumbnail","6":"product_cat-trendyplaybox","8":"first","9":"instock","10":"shipping-taxable","11":"purchasable","12":"product-type-simple"},"yoast_head":"<!-- This site is optimized with the Yoast SEO plugin v27.4 - https:\/\/yoast.com\/product\/yoast-seo-wordpress\/ -->\n<title>&quot;Transport&quot; - Motormind<\/title>\n<meta name=\"robots\" content=\"index, follow, max-snippet:-1, max-image-preview:large, max-video-preview:-1\" \/>\n<link rel=\"canonical\" href=\"https:\/\/motormind.ee\/ru\/product\/transport\/\" \/>\n<meta property=\"og:locale\" content=\"ru_RU\" \/>\n<meta property=\"og:type\" content=\"article\" \/>\n<meta property=\"og:title\" content=\"&quot;Transport&quot; - Motormind\" \/>\n<meta property=\"og:description\" content=\"See on laste arendav komplekt, mis sisaldab erinevaid \u00fclesandeid transpordi, v\u00e4rvide, kujundite ja numbrite \u00f5ppimiseks. M\u00e4ng aitab arendada t\u00e4helepanu, m\u00e4lu, loogikat ja peenmotoorikat. Komplekti kuulub: Kaardid transpordipiltidega \u2014 nii v\u00e4rvilised kui ka siluettidena. M\u00e4nguv\u00e4li taustapildiga \u2014 sellel on kujutatud taevas, meri ja raudtee. Erinevat v\u00e4rvi kummist transpordifiguurid sorteerimis- ja loovm\u00e4ngudeks. Suurte numbritega kaardid (1\u20136) numbrite [&hellip;]\" \/>\n<meta property=\"og:url\" content=\"https:\/\/motormind.ee\/ru\/product\/transport\/\" \/>\n<meta property=\"og:site_name\" content=\"Motormind\" \/>\n<meta property=\"article:modified_time\" content=\"2025-10-24T05:34:40+00:00\" \/>\n<meta property=\"og:image\" content=\"https:\/\/motormind.ee\/wp-content\/uploads\/2025\/08\/IMG_9551-scaled.jpg\" \/>\n\t<meta property=\"og:image:width\" content=\"2560\" \/>\n\t<meta property=\"og:image:height\" content=\"1920\" \/>\n\t<meta property=\"og:image:type\" content=\"image\/jpeg\" \/>\n<meta name=\"twitter:card\" content=\"summary_large_image\" \/>\n<meta name=\"twitter:label1\" content=\"\u041f\u0440\u0438\u043c\u0435\u0440\u043d\u043e\u0435 \u0432\u0440\u0435\u043c\u044f \u0434\u043b\u044f \u0447\u0442\u0435\u043d\u0438\u044f\" \/>\n\t<meta name=\"twitter:data1\" content=\"1 \u043c\u0438\u043d\u0443\u0442\u0430\" \/>\n<script type=\"application\/ld+json\" class=\"yoast-schema-graph\">{\"@context\":\"https:\\\/\\\/schema.org\",\"@graph\":[{\"@type\":\"WebPage\",\"@id\":\"https:\\\/\\\/motormind.ee\\\/product\\\/transport\\\/\",\"url\":\"https:\\\/\\\/motormind.ee\\\/product\\\/transport\\\/\",\"name\":\"\\\"Transport\\\" - Motormind\",\"isPartOf\":{\"@id\":\"https:\\\/\\\/motormind.ee\\\/#website\"},\"primaryImageOfPage\":{\"@id\":\"https:\\\/\\\/motormind.ee\\\/product\\\/transport\\\/#primaryimage\"},\"image\":{\"@id\":\"https:\\\/\\\/motormind.ee\\\/product\\\/transport\\\/#primaryimage\"},\"thumbnailUrl\":\"https:\\\/\\\/motormind.ee\\\/wp-content\\\/uploads\\\/2025\\\/08\\\/IMG_9551-scaled.jpg\",\"datePublished\":\"2025-08-13T08:51:28+00:00\",\"dateModified\":\"2025-10-24T05:34:40+00:00\",\"breadcrumb\":{\"@id\":\"https:\\\/\\\/motormind.ee\\\/product\\\/transport\\\/#breadcrumb\"},\"inLanguage\":\"ru-RU\",\"potentialAction\":[{\"@type\":\"ReadAction\",\"target\":[\"https:\\\/\\\/motormind.ee\\\/product\\\/transport\\\/\"]}]},{\"@type\":\"ImageObject\",\"inLanguage\":\"ru-RU\",\"@id\":\"https:\\\/\\\/motormind.ee\\\/product\\\/transport\\\/#primaryimage\",\"url\":\"https:\\\/\\\/motormind.ee\\\/wp-content\\\/uploads\\\/2025\\\/08\\\/IMG_9551-scaled.jpg\",\"contentUrl\":\"https:\\\/\\\/motormind.ee\\\/wp-content\\\/uploads\\\/2025\\\/08\\\/IMG_9551-scaled.jpg\",\"width\":2560,\"height\":1920},{\"@type\":\"BreadcrumbList\",\"@id\":\"https:\\\/\\\/motormind.ee\\\/product\\\/transport\\\/#breadcrumb\",\"itemListElement\":[{\"@type\":\"ListItem\",\"position\":1,\"name\":\"\u0413\u043b\u0430\u0432\u043d\u0430\u044f \u0441\u0442\u0440\u0430\u043d\u0438\u0446\u0430\",\"item\":\"https:\\\/\\\/motormind.ee\\\/\"},{\"@type\":\"ListItem\",\"position\":2,\"name\":\"E-pood\",\"item\":\"https:\\\/\\\/motormind.ee\\\/shop\\\/\"},{\"@type\":\"ListItem\",\"position\":3,\"name\":\"&#8220;Transport&#8221;\"}]},{\"@type\":\"WebSite\",\"@id\":\"https:\\\/\\\/motormind.ee\\\/#website\",\"url\":\"https:\\\/\\\/motormind.ee\\\/\",\"name\":\"Motormind\",\"description\":\"&Otilde;pi r&otilde;&otilde;muga, &otilde;pi m&auml;ngides!\",\"potentialAction\":[{\"@type\":\"SearchAction\",\"target\":{\"@type\":\"EntryPoint\",\"urlTemplate\":\"https:\\\/\\\/motormind.ee\\\/?s={search_term_string}\"},\"query-input\":{\"@type\":\"PropertyValueSpecification\",\"valueRequired\":true,\"valueName\":\"search_term_string\"}}],\"inLanguage\":\"ru-RU\"}]}<\/script>\n<!-- \/ Yoast SEO plugin. -->","yoast_head_json":{"title":"\"Transport\" - Motormind","robots":{"index":"index","follow":"follow","max-snippet":"max-snippet:-1","max-image-preview":"max-image-preview:large","max-video-preview":"max-video-preview:-1"},"canonical":"https:\/\/motormind.ee\/ru\/product\/transport\/","og_locale":"ru_RU","og_type":"article","og_title":"\"Transport\" - Motormind","og_description":"See on laste arendav komplekt, mis sisaldab erinevaid \u00fclesandeid transpordi, v\u00e4rvide, kujundite ja numbrite \u00f5ppimiseks. M\u00e4ng aitab arendada t\u00e4helepanu, m\u00e4lu, loogikat ja peenmotoorikat. Komplekti kuulub: Kaardid transpordipiltidega \u2014 nii v\u00e4rvilised kui ka siluettidena. M\u00e4nguv\u00e4li taustapildiga \u2014 sellel on kujutatud taevas, meri ja raudtee. Erinevat v\u00e4rvi kummist transpordifiguurid sorteerimis- ja loovm\u00e4ngudeks. Suurte numbritega kaardid (1\u20136) numbrite [&hellip;]","og_url":"https:\/\/motormind.ee\/ru\/product\/transport\/","og_site_name":"Motormind","article_modified_time":"2025-10-24T05:34:40+00:00","og_image":[{"width":2560,"height":1920,"url":"https:\/\/motormind.ee\/wp-content\/uploads\/2025\/08\/IMG_9551-scaled.jpg","type":"image\/jpeg"}],"twitter_card":"summary_large_image","twitter_misc":{"\u041f\u0440\u0438\u043c\u0435\u0440\u043d\u043e\u0435 \u0432\u0440\u0435\u043c\u044f \u0434\u043b\u044f \u0447\u0442\u0435\u043d\u0438\u044f":"1 \u043c\u0438\u043d\u0443\u0442\u0430"},"schema":{"@context":"https:\/\/schema.org","@graph":[{"@type":"WebPage","@id":"https:\/\/motormind.ee\/product\/transport\/","url":"https:\/\/motormind.ee\/product\/transport\/","name":"\"Transport\" - Motormind","isPartOf":{"@id":"https:\/\/motormind.ee\/#website"},"primaryImageOfPage":{"@id":"https:\/\/motormind.ee\/product\/transport\/#primaryimage"},"image":{"@id":"https:\/\/motormind.ee\/product\/transport\/#primaryimage"},"thumbnailUrl":"https:\/\/motormind.ee\/wp-content\/uploads\/2025\/08\/IMG_9551-scaled.jpg","datePublished":"2025-08-13T08:51:28+00:00","dateModified":"2025-10-24T05:34:40+00:00","breadcrumb":{"@id":"https:\/\/motormind.ee\/product\/transport\/#breadcrumb"},"inLanguage":"ru-RU","potentialAction":[{"@type":"ReadAction","target":["https:\/\/motormind.ee\/product\/transport\/"]}]},{"@type":"ImageObject","inLanguage":"ru-RU","@id":"https:\/\/motormind.ee\/product\/transport\/#primaryimage","url":"https:\/\/motormind.ee\/wp-content\/uploads\/2025\/08\/IMG_9551-scaled.jpg","contentUrl":"https:\/\/motormind.ee\/wp-content\/uploads\/2025\/08\/IMG_9551-scaled.jpg","width":2560,"height":1920},{"@type":"BreadcrumbList","@id":"https:\/\/motormind.ee\/product\/transport\/#breadcrumb","itemListElement":[{"@type":"ListItem","position":1,"name":"\u0413\u043b\u0430\u0432\u043d\u0430\u044f \u0441\u0442\u0440\u0430\u043d\u0438\u0446\u0430","item":"https:\/\/motormind.ee\/"},{"@type":"ListItem","position":2,"name":"E-pood","item":"https:\/\/motormind.ee\/shop\/"},{"@type":"ListItem","position":3,"name":"&#8220;Transport&#8221;"}]},{"@type":"WebSite","@id":"https:\/\/motormind.ee\/#website","url":"https:\/\/motormind.ee\/","name":"Motormind","description":"&Otilde;pi r&otilde;&otilde;muga, &otilde;pi m&auml;ngides!","potentialAction":[{"@type":"SearchAction","target":{"@type":"EntryPoint","urlTemplate":"https:\/\/motormind.ee\/?s={search_term_string}"},"query-input":{"@type":"PropertyValueSpecification","valueRequired":true,"valueName":"search_term_string"}}],"inLanguage":"ru-RU"}]}},"_links":{"self":[{"href":"https:\/\/motormind.ee\/ru\/wp-json\/wp\/v2\/product\/3125","targetHints":{"allow":["GET"]}}],"collection":[{"href":"https:\/\/motormind.ee\/ru\/wp-json\/wp\/v2\/product"}],"about":[{"href":"https:\/\/motormind.ee\/ru\/wp-json\/wp\/v2\/types\/product"}],"replies":[{"embeddable":true,"href":"https:\/\/motormind.ee\/ru\/wp-json\/wp\/v2\/comments?post=3125"}],"version-history":[{"count":2,"href":"https:\/\/motormind.ee\/ru\/wp-json\/wp\/v2\/product\/3125\/revisions"}],"predecessor-version":[{"id":3581,"href":"https:\/\/motormind.ee\/ru\/wp-json\/wp\/v2\/product\/3125\/revisions\/3581"}],"wp:featuredmedia":[{"embeddable":true,"href":"https:\/\/motormind.ee\/ru\/wp-json\/wp\/v2\/media\/3584"}],"wp:attachment":[{"href":"https:\/\/motormind.ee\/ru\/wp-json\/wp\/v2\/media?parent=3125"}],"wp:term":[{"taxonomy":"product_brand","embeddable":true,"href":"https:\/\/motormind.ee\/ru\/wp-json\/wp\/v2\/product_brand?post=3125"},{"taxonomy":"product_cat","embeddable":true,"href":"https:\/\/motormind.ee\/ru\/wp-json\/wp\/v2\/product_cat?post=3125"},{"taxonomy":"product_tag","embeddable":true,"href":"https:\/\/motormind.ee\/ru\/wp-json\/wp\/v2\/product_tag?post=3125"}],"curies":[{"name":"wp","href":"https:\/\/api.w.org\/{rel}","templated":true}]}}