{"id":3449,"date":"2025-10-06T05:30:49","date_gmt":"2025-10-06T05:30:49","guid":{"rendered":"https:\/\/motormind.ee\/?post_type=product&#038;p=3449"},"modified":"2026-03-18T10:23:24","modified_gmt":"2026-03-18T10:23:24","slug":"toolehed-neuroharjutused-lastele","status":"publish","type":"product","link":"https:\/\/motormind.ee\/ru\/product\/toolehed-neuroharjutused-lastele\/","title":{"rendered":"T\u00f6\u00f6lehed \u201cNeuroharjutused lastele\u201d"},"content":{"rendered":"<p>Komplektis on 10 prinditavat t\u00f6\u00f6lehte, mis arendavad lapse t\u00e4helepanu, m\u00e4lu, taju ja loogilist m\u00f5tlemist.<br \/>\n\u00dclesanded on m\u00e4ngulised ja sobivad ideaalselt keskendumise treenimiseks.<\/p>\n<p>Harjutused sisaldavad:<br \/>\n\u2022 v\u00e4rvide ja kujundite sobitamist<br \/>\n\u2022 s\u00fcmbolite ja noole suundade j\u00e4rgi v\u00e4rvimist<br \/>\n\u2022 joonte ja punktide \u00fchendamist<br \/>\n\u2022 loogilisi seeriaid ja kordusi<\/p>\n<p>Toetab lapse visuaalset ja ruumilist m\u00f5tlemist, arendab peenmotoorikat ning aju koost\u00f6\u00f6d m\u00f5lema ajupoolkera vahel.<\/p>\n<p>\ud83d\udcc4 Fail on PDF-vormingus (10 lehte).<br \/>\nSobib kasutamiseks kodus ja teraapilises t\u00f6\u00f6s.<\/p>\n<p>Tegemist on digitaalse tootega (PDF). P\u00e4rast makset saadetakse allalaadimislink teie e-mailile.<\/p>","protected":false},"excerpt":{"rendered":"<p>Komplektis on 10 prinditavat t\u00f6\u00f6lehte, mis arendavad lapse t\u00e4helepanu, m\u00e4lu, taju ja loogilist m\u00f5tlemist. \u00dclesanded on m\u00e4ngulised ja sobivad ideaalselt keskendumise treenimiseks. Harjutused sisaldavad: \u2022 v\u00e4rvide ja kujundite sobitamist \u2022 s\u00fcmbolite ja noole suundade j\u00e4rgi v\u00e4rvimist \u2022 joonte ja punktide \u00fchendamist \u2022 loogilisi seeriaid ja kordusi Toetab lapse visuaalset ja ruumilist m\u00f5tlemist, arendab peenmotoorikat ning [&hellip;]<\/p>\n","protected":false},"featured_media":3450,"comment_status":"open","ping_status":"closed","template":"","meta":[],"product_brand":[],"product_cat":[154,22],"product_tag":[],"class_list":{"0":"post-3449","1":"product","2":"type-product","3":"status-publish","4":"has-post-thumbnail","6":"product_cat-kognitiivne-areng-ja-motlemisoskused","7":"product_cat-toolehed","9":"first","10":"instock","11":"shipping-taxable","12":"purchasable","13":"product-type-variable"},"yoast_head":"<!-- This site is optimized with the Yoast SEO plugin v27.4 - https:\/\/yoast.com\/product\/yoast-seo-wordpress\/ -->\n<title>T\u00f6\u00f6lehed \u201cNeuroharjutused lastele\u201d - Motormind<\/title>\n<meta name=\"robots\" content=\"index, follow, max-snippet:-1, max-image-preview:large, max-video-preview:-1\" \/>\n<link rel=\"canonical\" href=\"https:\/\/motormind.ee\/ru\/product\/toolehed-neuroharjutused-lastele\/\" \/>\n<meta property=\"og:locale\" content=\"ru_RU\" \/>\n<meta property=\"og:type\" content=\"article\" \/>\n<meta property=\"og:title\" content=\"T\u00f6\u00f6lehed \u201cNeuroharjutused lastele\u201d - Motormind\" \/>\n<meta property=\"og:description\" content=\"Komplektis on 10 prinditavat t\u00f6\u00f6lehte, mis arendavad lapse t\u00e4helepanu, m\u00e4lu, taju ja loogilist m\u00f5tlemist. \u00dclesanded on m\u00e4ngulised ja sobivad ideaalselt keskendumise treenimiseks. Harjutused sisaldavad: \u2022 v\u00e4rvide ja kujundite sobitamist \u2022 s\u00fcmbolite ja noole suundade j\u00e4rgi v\u00e4rvimist \u2022 joonte ja punktide \u00fchendamist \u2022 loogilisi seeriaid ja kordusi Toetab lapse visuaalset ja ruumilist m\u00f5tlemist, arendab peenmotoorikat ning [&hellip;]\" \/>\n<meta property=\"og:url\" content=\"https:\/\/motormind.ee\/ru\/product\/toolehed-neuroharjutused-lastele\/\" \/>\n<meta property=\"og:site_name\" content=\"Motormind\" \/>\n<meta property=\"article:modified_time\" content=\"2026-03-18T10:23:24+00:00\" \/>\n<meta property=\"og:image\" content=\"https:\/\/motormind.ee\/wp-content\/uploads\/2025\/10\/IMG_0384.jpg\" \/>\n\t<meta property=\"og:image:width\" content=\"2048\" \/>\n\t<meta property=\"og:image:height\" content=\"2048\" \/>\n\t<meta property=\"og:image:type\" content=\"image\/jpeg\" \/>\n<meta name=\"twitter:card\" content=\"summary_large_image\" \/>\n<meta name=\"twitter:label1\" content=\"\u041f\u0440\u0438\u043c\u0435\u0440\u043d\u043e\u0435 \u0432\u0440\u0435\u043c\u044f \u0434\u043b\u044f \u0447\u0442\u0435\u043d\u0438\u044f\" \/>\n\t<meta name=\"twitter:data1\" content=\"1 \u043c\u0438\u043d\u0443\u0442\u0430\" \/>\n<script type=\"application\/ld+json\" class=\"yoast-schema-graph\">{\"@context\":\"https:\\\/\\\/schema.org\",\"@graph\":[{\"@type\":\"WebPage\",\"@id\":\"https:\\\/\\\/motormind.ee\\\/product\\\/toolehed-neuroharjutused-lastele\\\/\",\"url\":\"https:\\\/\\\/motormind.ee\\\/product\\\/toolehed-neuroharjutused-lastele\\\/\",\"name\":\"T\u00f6\u00f6lehed \u201cNeuroharjutused lastele\u201d - Motormind\",\"isPartOf\":{\"@id\":\"https:\\\/\\\/motormind.ee\\\/#website\"},\"primaryImageOfPage\":{\"@id\":\"https:\\\/\\\/motormind.ee\\\/product\\\/toolehed-neuroharjutused-lastele\\\/#primaryimage\"},\"image\":{\"@id\":\"https:\\\/\\\/motormind.ee\\\/product\\\/toolehed-neuroharjutused-lastele\\\/#primaryimage\"},\"thumbnailUrl\":\"https:\\\/\\\/motormind.ee\\\/wp-content\\\/uploads\\\/2025\\\/10\\\/IMG_0384.jpg\",\"datePublished\":\"2025-10-06T05:30:49+00:00\",\"dateModified\":\"2026-03-18T10:23:24+00:00\",\"breadcrumb\":{\"@id\":\"https:\\\/\\\/motormind.ee\\\/product\\\/toolehed-neuroharjutused-lastele\\\/#breadcrumb\"},\"inLanguage\":\"ru-RU\",\"potentialAction\":[{\"@type\":\"ReadAction\",\"target\":[\"https:\\\/\\\/motormind.ee\\\/product\\\/toolehed-neuroharjutused-lastele\\\/\"]}]},{\"@type\":\"ImageObject\",\"inLanguage\":\"ru-RU\",\"@id\":\"https:\\\/\\\/motormind.ee\\\/product\\\/toolehed-neuroharjutused-lastele\\\/#primaryimage\",\"url\":\"https:\\\/\\\/motormind.ee\\\/wp-content\\\/uploads\\\/2025\\\/10\\\/IMG_0384.jpg\",\"contentUrl\":\"https:\\\/\\\/motormind.ee\\\/wp-content\\\/uploads\\\/2025\\\/10\\\/IMG_0384.jpg\",\"width\":2048,\"height\":2048},{\"@type\":\"BreadcrumbList\",\"@id\":\"https:\\\/\\\/motormind.ee\\\/product\\\/toolehed-neuroharjutused-lastele\\\/#breadcrumb\",\"itemListElement\":[{\"@type\":\"ListItem\",\"position\":1,\"name\":\"\u0413\u043b\u0430\u0432\u043d\u0430\u044f \u0441\u0442\u0440\u0430\u043d\u0438\u0446\u0430\",\"item\":\"https:\\\/\\\/motormind.ee\\\/\"},{\"@type\":\"ListItem\",\"position\":2,\"name\":\"E-pood\",\"item\":\"https:\\\/\\\/motormind.ee\\\/shop\\\/\"},{\"@type\":\"ListItem\",\"position\":3,\"name\":\"T\u00f6\u00f6lehed \u201cNeuroharjutused lastele\u201d\"}]},{\"@type\":\"WebSite\",\"@id\":\"https:\\\/\\\/motormind.ee\\\/#website\",\"url\":\"https:\\\/\\\/motormind.ee\\\/\",\"name\":\"Motormind\",\"description\":\"&Otilde;pi r&otilde;&otilde;muga, &otilde;pi m&auml;ngides!\",\"potentialAction\":[{\"@type\":\"SearchAction\",\"target\":{\"@type\":\"EntryPoint\",\"urlTemplate\":\"https:\\\/\\\/motormind.ee\\\/?s={search_term_string}\"},\"query-input\":{\"@type\":\"PropertyValueSpecification\",\"valueRequired\":true,\"valueName\":\"search_term_string\"}}],\"inLanguage\":\"ru-RU\"}]}<\/script>\n<!-- \/ Yoast SEO plugin. -->","yoast_head_json":{"title":"T\u00f6\u00f6lehed \u201cNeuroharjutused lastele\u201d - Motormind","robots":{"index":"index","follow":"follow","max-snippet":"max-snippet:-1","max-image-preview":"max-image-preview:large","max-video-preview":"max-video-preview:-1"},"canonical":"https:\/\/motormind.ee\/ru\/product\/toolehed-neuroharjutused-lastele\/","og_locale":"ru_RU","og_type":"article","og_title":"T\u00f6\u00f6lehed \u201cNeuroharjutused lastele\u201d - Motormind","og_description":"Komplektis on 10 prinditavat t\u00f6\u00f6lehte, mis arendavad lapse t\u00e4helepanu, m\u00e4lu, taju ja loogilist m\u00f5tlemist. \u00dclesanded on m\u00e4ngulised ja sobivad ideaalselt keskendumise treenimiseks. Harjutused sisaldavad: \u2022 v\u00e4rvide ja kujundite sobitamist \u2022 s\u00fcmbolite ja noole suundade j\u00e4rgi v\u00e4rvimist \u2022 joonte ja punktide \u00fchendamist \u2022 loogilisi seeriaid ja kordusi Toetab lapse visuaalset ja ruumilist m\u00f5tlemist, arendab peenmotoorikat ning [&hellip;]","og_url":"https:\/\/motormind.ee\/ru\/product\/toolehed-neuroharjutused-lastele\/","og_site_name":"Motormind","article_modified_time":"2026-03-18T10:23:24+00:00","og_image":[{"width":2048,"height":2048,"url":"https:\/\/motormind.ee\/wp-content\/uploads\/2025\/10\/IMG_0384.jpg","type":"image\/jpeg"}],"twitter_card":"summary_large_image","twitter_misc":{"\u041f\u0440\u0438\u043c\u0435\u0440\u043d\u043e\u0435 \u0432\u0440\u0435\u043c\u044f \u0434\u043b\u044f \u0447\u0442\u0435\u043d\u0438\u044f":"1 \u043c\u0438\u043d\u0443\u0442\u0430"},"schema":{"@context":"https:\/\/schema.org","@graph":[{"@type":"WebPage","@id":"https:\/\/motormind.ee\/product\/toolehed-neuroharjutused-lastele\/","url":"https:\/\/motormind.ee\/product\/toolehed-neuroharjutused-lastele\/","name":"T\u00f6\u00f6lehed \u201cNeuroharjutused lastele\u201d - Motormind","isPartOf":{"@id":"https:\/\/motormind.ee\/#website"},"primaryImageOfPage":{"@id":"https:\/\/motormind.ee\/product\/toolehed-neuroharjutused-lastele\/#primaryimage"},"image":{"@id":"https:\/\/motormind.ee\/product\/toolehed-neuroharjutused-lastele\/#primaryimage"},"thumbnailUrl":"https:\/\/motormind.ee\/wp-content\/uploads\/2025\/10\/IMG_0384.jpg","datePublished":"2025-10-06T05:30:49+00:00","dateModified":"2026-03-18T10:23:24+00:00","breadcrumb":{"@id":"https:\/\/motormind.ee\/product\/toolehed-neuroharjutused-lastele\/#breadcrumb"},"inLanguage":"ru-RU","potentialAction":[{"@type":"ReadAction","target":["https:\/\/motormind.ee\/product\/toolehed-neuroharjutused-lastele\/"]}]},{"@type":"ImageObject","inLanguage":"ru-RU","@id":"https:\/\/motormind.ee\/product\/toolehed-neuroharjutused-lastele\/#primaryimage","url":"https:\/\/motormind.ee\/wp-content\/uploads\/2025\/10\/IMG_0384.jpg","contentUrl":"https:\/\/motormind.ee\/wp-content\/uploads\/2025\/10\/IMG_0384.jpg","width":2048,"height":2048},{"@type":"BreadcrumbList","@id":"https:\/\/motormind.ee\/product\/toolehed-neuroharjutused-lastele\/#breadcrumb","itemListElement":[{"@type":"ListItem","position":1,"name":"\u0413\u043b\u0430\u0432\u043d\u0430\u044f \u0441\u0442\u0440\u0430\u043d\u0438\u0446\u0430","item":"https:\/\/motormind.ee\/"},{"@type":"ListItem","position":2,"name":"E-pood","item":"https:\/\/motormind.ee\/shop\/"},{"@type":"ListItem","position":3,"name":"T\u00f6\u00f6lehed \u201cNeuroharjutused lastele\u201d"}]},{"@type":"WebSite","@id":"https:\/\/motormind.ee\/#website","url":"https:\/\/motormind.ee\/","name":"Motormind","description":"&Otilde;pi r&otilde;&otilde;muga, &otilde;pi m&auml;ngides!","potentialAction":[{"@type":"SearchAction","target":{"@type":"EntryPoint","urlTemplate":"https:\/\/motormind.ee\/?s={search_term_string}"},"query-input":{"@type":"PropertyValueSpecification","valueRequired":true,"valueName":"search_term_string"}}],"inLanguage":"ru-RU"}]}},"_links":{"self":[{"href":"https:\/\/motormind.ee\/ru\/wp-json\/wp\/v2\/product\/3449","targetHints":{"allow":["GET"]}}],"collection":[{"href":"https:\/\/motormind.ee\/ru\/wp-json\/wp\/v2\/product"}],"about":[{"href":"https:\/\/motormind.ee\/ru\/wp-json\/wp\/v2\/types\/product"}],"replies":[{"embeddable":true,"href":"https:\/\/motormind.ee\/ru\/wp-json\/wp\/v2\/comments?post=3449"}],"version-history":[{"count":1,"href":"https:\/\/motormind.ee\/ru\/wp-json\/wp\/v2\/product\/3449\/revisions"}],"predecessor-version":[{"id":3452,"href":"https:\/\/motormind.ee\/ru\/wp-json\/wp\/v2\/product\/3449\/revisions\/3452"}],"wp:featuredmedia":[{"embeddable":true,"href":"https:\/\/motormind.ee\/ru\/wp-json\/wp\/v2\/media\/3450"}],"wp:attachment":[{"href":"https:\/\/motormind.ee\/ru\/wp-json\/wp\/v2\/media?parent=3449"}],"wp:term":[{"taxonomy":"product_brand","embeddable":true,"href":"https:\/\/motormind.ee\/ru\/wp-json\/wp\/v2\/product_brand?post=3449"},{"taxonomy":"product_cat","embeddable":true,"href":"https:\/\/motormind.ee\/ru\/wp-json\/wp\/v2\/product_cat?post=3449"},{"taxonomy":"product_tag","embeddable":true,"href":"https:\/\/motormind.ee\/ru\/wp-json\/wp\/v2\/product_tag?post=3449"}],"curies":[{"name":"wp","href":"https:\/\/api.w.org\/{rel}","templated":true}]}}