{"id":3558,"date":"2025-10-16T08:57:54","date_gmt":"2025-10-16T08:57:54","guid":{"rendered":"https:\/\/motormind.ee\/?post_type=product&#038;p=3558"},"modified":"2026-03-18T10:09:40","modified_gmt":"2026-03-18T10:09:40","slug":"toolehed-matemaatikakaardid","status":"publish","type":"product","link":"https:\/\/motormind.ee\/ru\/product\/toolehed-matemaatikakaardid\/","title":{"rendered":"T\u00f6\u00f6lehed: &#8220;Matemaatikakaardid&#8221;"},"content":{"rendered":"<p>Komplektis on 45 prinditavat kaarti:<br \/>\n\u2022 35 kaarti loendamiseks ja liitmiseks<br \/>\n\u2022 10 kaarti tornide ehitamiseks (\u201cEhita torn\u201d)<\/p>\n<p>Laps saab ehitada v\u00e4rvilisi torne, lahendada lihtsaid tehteid ja v\u00f5rrelda koguseid m\u00e4ngulisel viisil.<br \/>\nArendab loogilist m\u00f5tlemist, t\u00e4helepanu ja peenmotoorikat.<br \/>\nSobib kasutamiseks nii kodus kui lasteaias.<\/p>\n<p>\ud83d\udcc4 Fail on PDF-vormingus (ainult kaardid, ilma klotsideta).<\/p>\n<p>11 lk<\/p>\n<p>Tegemist on digitaalse tootega (PDF). P\u00e4rast makset saadetakse allalaadimislink teie e-mailile.<\/p>","protected":false},"excerpt":{"rendered":"<p>Komplektis on 45 prinditavat kaarti: \u2022 35 kaarti loendamiseks ja liitmiseks \u2022 10 kaarti tornide ehitamiseks (\u201cEhita torn\u201d) Laps saab ehitada v\u00e4rvilisi torne, lahendada lihtsaid tehteid ja v\u00f5rrelda koguseid m\u00e4ngulisel viisil. Arendab loogilist m\u00f5tlemist, t\u00e4helepanu ja peenmotoorikat. Sobib kasutamiseks nii kodus kui lasteaias. \ud83d\udcc4 Fail on PDF-vormingus (ainult kaardid, ilma klotsideta). 11 lk Tegemist on [&hellip;]<\/p>\n","protected":false},"featured_media":3559,"comment_status":"open","ping_status":"closed","template":"","meta":[],"product_brand":[],"product_cat":[152,22],"product_tag":[],"class_list":{"0":"post-3558","1":"product","2":"type-product","3":"status-publish","4":"has-post-thumbnail","6":"product_cat-matemaatika-ja-loogika","7":"product_cat-toolehed","9":"first","10":"instock","11":"shipping-taxable","12":"purchasable","13":"product-type-variable"},"yoast_head":"<!-- This site is optimized with the Yoast SEO plugin v27.4 - https:\/\/yoast.com\/product\/yoast-seo-wordpress\/ -->\n<title>T\u00f6\u00f6lehed: &quot;Matemaatikakaardid&quot; - Motormind<\/title>\n<meta name=\"robots\" content=\"index, follow, max-snippet:-1, max-image-preview:large, max-video-preview:-1\" \/>\n<link rel=\"canonical\" href=\"https:\/\/motormind.ee\/ru\/product\/toolehed-matemaatikakaardid\/\" \/>\n<meta property=\"og:locale\" content=\"ru_RU\" \/>\n<meta property=\"og:type\" content=\"article\" \/>\n<meta property=\"og:title\" content=\"T\u00f6\u00f6lehed: &quot;Matemaatikakaardid&quot; - Motormind\" \/>\n<meta property=\"og:description\" content=\"Komplektis on 45 prinditavat kaarti: \u2022 35 kaarti loendamiseks ja liitmiseks \u2022 10 kaarti tornide ehitamiseks (\u201cEhita torn\u201d) Laps saab ehitada v\u00e4rvilisi torne, lahendada lihtsaid tehteid ja v\u00f5rrelda koguseid m\u00e4ngulisel viisil. Arendab loogilist m\u00f5tlemist, t\u00e4helepanu ja peenmotoorikat. Sobib kasutamiseks nii kodus kui lasteaias. \ud83d\udcc4 Fail on PDF-vormingus (ainult kaardid, ilma klotsideta). 11 lk Tegemist on [&hellip;]\" \/>\n<meta property=\"og:url\" content=\"https:\/\/motormind.ee\/ru\/product\/toolehed-matemaatikakaardid\/\" \/>\n<meta property=\"og:site_name\" content=\"Motormind\" \/>\n<meta property=\"article:modified_time\" content=\"2026-03-18T10:09:40+00:00\" \/>\n<meta property=\"og:image\" content=\"https:\/\/motormind.ee\/wp-content\/uploads\/2025\/10\/IMG_0480.jpg\" \/>\n\t<meta property=\"og:image:width\" content=\"2048\" \/>\n\t<meta property=\"og:image:height\" content=\"2048\" \/>\n\t<meta property=\"og:image:type\" content=\"image\/jpeg\" \/>\n<meta name=\"twitter:card\" content=\"summary_large_image\" \/>\n<meta name=\"twitter:label1\" content=\"\u041f\u0440\u0438\u043c\u0435\u0440\u043d\u043e\u0435 \u0432\u0440\u0435\u043c\u044f \u0434\u043b\u044f \u0447\u0442\u0435\u043d\u0438\u044f\" \/>\n\t<meta name=\"twitter:data1\" content=\"1 \u043c\u0438\u043d\u0443\u0442\u0430\" \/>\n<script type=\"application\/ld+json\" class=\"yoast-schema-graph\">{\"@context\":\"https:\\\/\\\/schema.org\",\"@graph\":[{\"@type\":\"WebPage\",\"@id\":\"https:\\\/\\\/motormind.ee\\\/product\\\/toolehed-matemaatikakaardid\\\/\",\"url\":\"https:\\\/\\\/motormind.ee\\\/product\\\/toolehed-matemaatikakaardid\\\/\",\"name\":\"T\u00f6\u00f6lehed: \\\"Matemaatikakaardid\\\" - Motormind\",\"isPartOf\":{\"@id\":\"https:\\\/\\\/motormind.ee\\\/#website\"},\"primaryImageOfPage\":{\"@id\":\"https:\\\/\\\/motormind.ee\\\/product\\\/toolehed-matemaatikakaardid\\\/#primaryimage\"},\"image\":{\"@id\":\"https:\\\/\\\/motormind.ee\\\/product\\\/toolehed-matemaatikakaardid\\\/#primaryimage\"},\"thumbnailUrl\":\"https:\\\/\\\/motormind.ee\\\/wp-content\\\/uploads\\\/2025\\\/10\\\/IMG_0480.jpg\",\"datePublished\":\"2025-10-16T08:57:54+00:00\",\"dateModified\":\"2026-03-18T10:09:40+00:00\",\"breadcrumb\":{\"@id\":\"https:\\\/\\\/motormind.ee\\\/product\\\/toolehed-matemaatikakaardid\\\/#breadcrumb\"},\"inLanguage\":\"ru-RU\",\"potentialAction\":[{\"@type\":\"ReadAction\",\"target\":[\"https:\\\/\\\/motormind.ee\\\/product\\\/toolehed-matemaatikakaardid\\\/\"]}]},{\"@type\":\"ImageObject\",\"inLanguage\":\"ru-RU\",\"@id\":\"https:\\\/\\\/motormind.ee\\\/product\\\/toolehed-matemaatikakaardid\\\/#primaryimage\",\"url\":\"https:\\\/\\\/motormind.ee\\\/wp-content\\\/uploads\\\/2025\\\/10\\\/IMG_0480.jpg\",\"contentUrl\":\"https:\\\/\\\/motormind.ee\\\/wp-content\\\/uploads\\\/2025\\\/10\\\/IMG_0480.jpg\",\"width\":2048,\"height\":2048},{\"@type\":\"BreadcrumbList\",\"@id\":\"https:\\\/\\\/motormind.ee\\\/product\\\/toolehed-matemaatikakaardid\\\/#breadcrumb\",\"itemListElement\":[{\"@type\":\"ListItem\",\"position\":1,\"name\":\"\u0413\u043b\u0430\u0432\u043d\u0430\u044f \u0441\u0442\u0440\u0430\u043d\u0438\u0446\u0430\",\"item\":\"https:\\\/\\\/motormind.ee\\\/\"},{\"@type\":\"ListItem\",\"position\":2,\"name\":\"E-pood\",\"item\":\"https:\\\/\\\/motormind.ee\\\/shop\\\/\"},{\"@type\":\"ListItem\",\"position\":3,\"name\":\"T\u00f6\u00f6lehed: &#8220;Matemaatikakaardid&#8221;\"}]},{\"@type\":\"WebSite\",\"@id\":\"https:\\\/\\\/motormind.ee\\\/#website\",\"url\":\"https:\\\/\\\/motormind.ee\\\/\",\"name\":\"Motormind\",\"description\":\"&Otilde;pi r&otilde;&otilde;muga, &otilde;pi m&auml;ngides!\",\"potentialAction\":[{\"@type\":\"SearchAction\",\"target\":{\"@type\":\"EntryPoint\",\"urlTemplate\":\"https:\\\/\\\/motormind.ee\\\/?s={search_term_string}\"},\"query-input\":{\"@type\":\"PropertyValueSpecification\",\"valueRequired\":true,\"valueName\":\"search_term_string\"}}],\"inLanguage\":\"ru-RU\"}]}<\/script>\n<!-- \/ Yoast SEO plugin. -->","yoast_head_json":{"title":"T\u00f6\u00f6lehed: \"Matemaatikakaardid\" - Motormind","robots":{"index":"index","follow":"follow","max-snippet":"max-snippet:-1","max-image-preview":"max-image-preview:large","max-video-preview":"max-video-preview:-1"},"canonical":"https:\/\/motormind.ee\/ru\/product\/toolehed-matemaatikakaardid\/","og_locale":"ru_RU","og_type":"article","og_title":"T\u00f6\u00f6lehed: \"Matemaatikakaardid\" - Motormind","og_description":"Komplektis on 45 prinditavat kaarti: \u2022 35 kaarti loendamiseks ja liitmiseks \u2022 10 kaarti tornide ehitamiseks (\u201cEhita torn\u201d) Laps saab ehitada v\u00e4rvilisi torne, lahendada lihtsaid tehteid ja v\u00f5rrelda koguseid m\u00e4ngulisel viisil. Arendab loogilist m\u00f5tlemist, t\u00e4helepanu ja peenmotoorikat. Sobib kasutamiseks nii kodus kui lasteaias. \ud83d\udcc4 Fail on PDF-vormingus (ainult kaardid, ilma klotsideta). 11 lk Tegemist on [&hellip;]","og_url":"https:\/\/motormind.ee\/ru\/product\/toolehed-matemaatikakaardid\/","og_site_name":"Motormind","article_modified_time":"2026-03-18T10:09:40+00:00","og_image":[{"width":2048,"height":2048,"url":"https:\/\/motormind.ee\/wp-content\/uploads\/2025\/10\/IMG_0480.jpg","type":"image\/jpeg"}],"twitter_card":"summary_large_image","twitter_misc":{"\u041f\u0440\u0438\u043c\u0435\u0440\u043d\u043e\u0435 \u0432\u0440\u0435\u043c\u044f \u0434\u043b\u044f \u0447\u0442\u0435\u043d\u0438\u044f":"1 \u043c\u0438\u043d\u0443\u0442\u0430"},"schema":{"@context":"https:\/\/schema.org","@graph":[{"@type":"WebPage","@id":"https:\/\/motormind.ee\/product\/toolehed-matemaatikakaardid\/","url":"https:\/\/motormind.ee\/product\/toolehed-matemaatikakaardid\/","name":"T\u00f6\u00f6lehed: \"Matemaatikakaardid\" - Motormind","isPartOf":{"@id":"https:\/\/motormind.ee\/#website"},"primaryImageOfPage":{"@id":"https:\/\/motormind.ee\/product\/toolehed-matemaatikakaardid\/#primaryimage"},"image":{"@id":"https:\/\/motormind.ee\/product\/toolehed-matemaatikakaardid\/#primaryimage"},"thumbnailUrl":"https:\/\/motormind.ee\/wp-content\/uploads\/2025\/10\/IMG_0480.jpg","datePublished":"2025-10-16T08:57:54+00:00","dateModified":"2026-03-18T10:09:40+00:00","breadcrumb":{"@id":"https:\/\/motormind.ee\/product\/toolehed-matemaatikakaardid\/#breadcrumb"},"inLanguage":"ru-RU","potentialAction":[{"@type":"ReadAction","target":["https:\/\/motormind.ee\/product\/toolehed-matemaatikakaardid\/"]}]},{"@type":"ImageObject","inLanguage":"ru-RU","@id":"https:\/\/motormind.ee\/product\/toolehed-matemaatikakaardid\/#primaryimage","url":"https:\/\/motormind.ee\/wp-content\/uploads\/2025\/10\/IMG_0480.jpg","contentUrl":"https:\/\/motormind.ee\/wp-content\/uploads\/2025\/10\/IMG_0480.jpg","width":2048,"height":2048},{"@type":"BreadcrumbList","@id":"https:\/\/motormind.ee\/product\/toolehed-matemaatikakaardid\/#breadcrumb","itemListElement":[{"@type":"ListItem","position":1,"name":"\u0413\u043b\u0430\u0432\u043d\u0430\u044f \u0441\u0442\u0440\u0430\u043d\u0438\u0446\u0430","item":"https:\/\/motormind.ee\/"},{"@type":"ListItem","position":2,"name":"E-pood","item":"https:\/\/motormind.ee\/shop\/"},{"@type":"ListItem","position":3,"name":"T\u00f6\u00f6lehed: &#8220;Matemaatikakaardid&#8221;"}]},{"@type":"WebSite","@id":"https:\/\/motormind.ee\/#website","url":"https:\/\/motormind.ee\/","name":"Motormind","description":"&Otilde;pi r&otilde;&otilde;muga, &otilde;pi m&auml;ngides!","potentialAction":[{"@type":"SearchAction","target":{"@type":"EntryPoint","urlTemplate":"https:\/\/motormind.ee\/?s={search_term_string}"},"query-input":{"@type":"PropertyValueSpecification","valueRequired":true,"valueName":"search_term_string"}}],"inLanguage":"ru-RU"}]}},"_links":{"self":[{"href":"https:\/\/motormind.ee\/ru\/wp-json\/wp\/v2\/product\/3558","targetHints":{"allow":["GET"]}}],"collection":[{"href":"https:\/\/motormind.ee\/ru\/wp-json\/wp\/v2\/product"}],"about":[{"href":"https:\/\/motormind.ee\/ru\/wp-json\/wp\/v2\/types\/product"}],"replies":[{"embeddable":true,"href":"https:\/\/motormind.ee\/ru\/wp-json\/wp\/v2\/comments?post=3558"}],"version-history":[{"count":3,"href":"https:\/\/motormind.ee\/ru\/wp-json\/wp\/v2\/product\/3558\/revisions"}],"predecessor-version":[{"id":4241,"href":"https:\/\/motormind.ee\/ru\/wp-json\/wp\/v2\/product\/3558\/revisions\/4241"}],"wp:featuredmedia":[{"embeddable":true,"href":"https:\/\/motormind.ee\/ru\/wp-json\/wp\/v2\/media\/3559"}],"wp:attachment":[{"href":"https:\/\/motormind.ee\/ru\/wp-json\/wp\/v2\/media?parent=3558"}],"wp:term":[{"taxonomy":"product_brand","embeddable":true,"href":"https:\/\/motormind.ee\/ru\/wp-json\/wp\/v2\/product_brand?post=3558"},{"taxonomy":"product_cat","embeddable":true,"href":"https:\/\/motormind.ee\/ru\/wp-json\/wp\/v2\/product_cat?post=3558"},{"taxonomy":"product_tag","embeddable":true,"href":"https:\/\/motormind.ee\/ru\/wp-json\/wp\/v2\/product_tag?post=3558"}],"curies":[{"name":"wp","href":"https:\/\/api.w.org\/{rel}","templated":true}]}}