{"id":3589,"date":"2025-10-24T05:36:26","date_gmt":"2025-10-24T05:36:26","guid":{"rendered":"https:\/\/motormind.ee\/?post_type=product&#038;p=3589"},"modified":"2025-10-24T05:36:26","modified_gmt":"2025-10-24T05:36:26","slug":"krokodilli-pintsetid-1tk-learning-resources","status":"publish","type":"product","link":"https:\/\/motormind.ee\/ru\/product\/krokodilli-pintsetid-1tk-learning-resources\/","title":{"rendered":"Krokodilli pintsetid 1tk \u2013 Learning Resources"},"content":{"rendered":"<p>V\u00e4rvikirev ja vastupidav pintsettide komplekt, mis muudab peenmotoorika arendamise m\u00e4nguliseks ja l\u00f5busaks!<br \/>\nKomplektis on 12 erinevat v\u00e4rvi \u201ekrokodilli suu\u201c kujulist pintsetti, mis sobivad ideaalselt v\u00e4ikestele k\u00e4tele.<\/p>\n<p>\ud83d\udfe2 Arendab s\u00f5rmede j\u00f5udu, silma-k\u00e4e koordinatsiooni ja haaramisoskust<br \/>\n\ud83d\udfe3 Toetab lapse iseseisvust \u2013 pintsette saab kasutada sorteerimism\u00e4ngudes, loendamisel v\u00f5i sensoorikas<br \/>\n\ud83d\udfe0 Sobib suurep\u00e4raselt liiva, vee, kivikeste v\u00f5i v\u00e4ikeste esemete t\u00f5stmiseks<\/p>\n<p>Ideaalne lisa igasse motoorikakeskkonda, lasteaiar\u00fchma v\u00f5i kodusesse m\u00e4ngukasti.<br \/>\nSoovitatav vanusele 2+.<\/p>","protected":false},"excerpt":{"rendered":"<p>V\u00e4rvikirev ja vastupidav pintsettide komplekt, mis muudab peenmotoorika arendamise m\u00e4nguliseks ja l\u00f5busaks! Komplektis on 12 erinevat v\u00e4rvi \u201ekrokodilli suu\u201c kujulist pintsetti, mis sobivad ideaalselt v\u00e4ikestele k\u00e4tele. \ud83d\udfe2 Arendab s\u00f5rmede j\u00f5udu, silma-k\u00e4e koordinatsiooni ja haaramisoskust \ud83d\udfe3 Toetab lapse iseseisvust \u2013 pintsette saab kasutada sorteerimism\u00e4ngudes, loendamisel v\u00f5i sensoorikas \ud83d\udfe0 Sobib suurep\u00e4raselt liiva, vee, kivikeste v\u00f5i v\u00e4ikeste esemete [&hellip;]<\/p>\n","protected":false},"featured_media":3590,"comment_status":"open","ping_status":"closed","template":"","meta":[],"product_brand":[],"product_cat":[135],"product_tag":[],"class_list":{"0":"post-3589","1":"product","2":"type-product","3":"status-publish","4":"has-post-thumbnail","6":"product_cat-trendyplaybox","8":"first","9":"instock","10":"shipping-taxable","11":"purchasable","12":"product-type-simple"},"yoast_head":"<!-- This site is optimized with the Yoast SEO plugin v27.4 - https:\/\/yoast.com\/product\/yoast-seo-wordpress\/ -->\n<title>Krokodilli pintsetid 1tk \u2013 Learning Resources - Motormind<\/title>\n<meta name=\"robots\" content=\"index, follow, max-snippet:-1, max-image-preview:large, max-video-preview:-1\" \/>\n<link rel=\"canonical\" href=\"https:\/\/motormind.ee\/ru\/product\/krokodilli-pintsetid-1tk-learning-resources\/\" \/>\n<meta property=\"og:locale\" content=\"ru_RU\" \/>\n<meta property=\"og:type\" content=\"article\" \/>\n<meta property=\"og:title\" content=\"Krokodilli pintsetid 1tk \u2013 Learning Resources - Motormind\" \/>\n<meta property=\"og:description\" content=\"V\u00e4rvikirev ja vastupidav pintsettide komplekt, mis muudab peenmotoorika arendamise m\u00e4nguliseks ja l\u00f5busaks! Komplektis on 12 erinevat v\u00e4rvi \u201ekrokodilli suu\u201c kujulist pintsetti, mis sobivad ideaalselt v\u00e4ikestele k\u00e4tele. \ud83d\udfe2 Arendab s\u00f5rmede j\u00f5udu, silma-k\u00e4e koordinatsiooni ja haaramisoskust \ud83d\udfe3 Toetab lapse iseseisvust \u2013 pintsette saab kasutada sorteerimism\u00e4ngudes, loendamisel v\u00f5i sensoorikas \ud83d\udfe0 Sobib suurep\u00e4raselt liiva, vee, kivikeste v\u00f5i v\u00e4ikeste esemete [&hellip;]\" \/>\n<meta property=\"og:url\" content=\"https:\/\/motormind.ee\/ru\/product\/krokodilli-pintsetid-1tk-learning-resources\/\" \/>\n<meta property=\"og:site_name\" content=\"Motormind\" \/>\n<meta property=\"og:image\" content=\"https:\/\/motormind.ee\/wp-content\/uploads\/2025\/10\/photo_2025-10-24_08-28-19.jpg\" \/>\n\t<meta property=\"og:image:width\" content=\"960\" \/>\n\t<meta property=\"og:image:height\" content=\"1280\" \/>\n\t<meta property=\"og:image:type\" content=\"image\/jpeg\" \/>\n<meta name=\"twitter:card\" content=\"summary_large_image\" \/>\n<meta name=\"twitter:label1\" content=\"\u041f\u0440\u0438\u043c\u0435\u0440\u043d\u043e\u0435 \u0432\u0440\u0435\u043c\u044f \u0434\u043b\u044f \u0447\u0442\u0435\u043d\u0438\u044f\" \/>\n\t<meta name=\"twitter:data1\" content=\"1 \u043c\u0438\u043d\u0443\u0442\u0430\" \/>\n<script type=\"application\/ld+json\" class=\"yoast-schema-graph\">{\"@context\":\"https:\\\/\\\/schema.org\",\"@graph\":[{\"@type\":\"WebPage\",\"@id\":\"https:\\\/\\\/motormind.ee\\\/product\\\/krokodilli-pintsetid-1tk-learning-resources\\\/\",\"url\":\"https:\\\/\\\/motormind.ee\\\/product\\\/krokodilli-pintsetid-1tk-learning-resources\\\/\",\"name\":\"Krokodilli pintsetid 1tk \u2013 Learning Resources - Motormind\",\"isPartOf\":{\"@id\":\"https:\\\/\\\/motormind.ee\\\/#website\"},\"primaryImageOfPage\":{\"@id\":\"https:\\\/\\\/motormind.ee\\\/product\\\/krokodilli-pintsetid-1tk-learning-resources\\\/#primaryimage\"},\"image\":{\"@id\":\"https:\\\/\\\/motormind.ee\\\/product\\\/krokodilli-pintsetid-1tk-learning-resources\\\/#primaryimage\"},\"thumbnailUrl\":\"https:\\\/\\\/motormind.ee\\\/wp-content\\\/uploads\\\/2025\\\/10\\\/photo_2025-10-24_08-28-19.jpg\",\"datePublished\":\"2025-10-24T05:36:26+00:00\",\"breadcrumb\":{\"@id\":\"https:\\\/\\\/motormind.ee\\\/product\\\/krokodilli-pintsetid-1tk-learning-resources\\\/#breadcrumb\"},\"inLanguage\":\"ru-RU\",\"potentialAction\":[{\"@type\":\"ReadAction\",\"target\":[\"https:\\\/\\\/motormind.ee\\\/product\\\/krokodilli-pintsetid-1tk-learning-resources\\\/\"]}]},{\"@type\":\"ImageObject\",\"inLanguage\":\"ru-RU\",\"@id\":\"https:\\\/\\\/motormind.ee\\\/product\\\/krokodilli-pintsetid-1tk-learning-resources\\\/#primaryimage\",\"url\":\"https:\\\/\\\/motormind.ee\\\/wp-content\\\/uploads\\\/2025\\\/10\\\/photo_2025-10-24_08-28-19.jpg\",\"contentUrl\":\"https:\\\/\\\/motormind.ee\\\/wp-content\\\/uploads\\\/2025\\\/10\\\/photo_2025-10-24_08-28-19.jpg\",\"width\":960,\"height\":1280},{\"@type\":\"BreadcrumbList\",\"@id\":\"https:\\\/\\\/motormind.ee\\\/product\\\/krokodilli-pintsetid-1tk-learning-resources\\\/#breadcrumb\",\"itemListElement\":[{\"@type\":\"ListItem\",\"position\":1,\"name\":\"\u0413\u043b\u0430\u0432\u043d\u0430\u044f \u0441\u0442\u0440\u0430\u043d\u0438\u0446\u0430\",\"item\":\"https:\\\/\\\/motormind.ee\\\/\"},{\"@type\":\"ListItem\",\"position\":2,\"name\":\"E-pood\",\"item\":\"https:\\\/\\\/motormind.ee\\\/shop\\\/\"},{\"@type\":\"ListItem\",\"position\":3,\"name\":\"Krokodilli pintsetid 1tk \u2013 Learning Resources\"}]},{\"@type\":\"WebSite\",\"@id\":\"https:\\\/\\\/motormind.ee\\\/#website\",\"url\":\"https:\\\/\\\/motormind.ee\\\/\",\"name\":\"Motormind\",\"description\":\"&Otilde;pi r&otilde;&otilde;muga, &otilde;pi m&auml;ngides!\",\"potentialAction\":[{\"@type\":\"SearchAction\",\"target\":{\"@type\":\"EntryPoint\",\"urlTemplate\":\"https:\\\/\\\/motormind.ee\\\/?s={search_term_string}\"},\"query-input\":{\"@type\":\"PropertyValueSpecification\",\"valueRequired\":true,\"valueName\":\"search_term_string\"}}],\"inLanguage\":\"ru-RU\"}]}<\/script>\n<!-- \/ Yoast SEO plugin. -->","yoast_head_json":{"title":"Krokodilli pintsetid 1tk \u2013 Learning Resources - Motormind","robots":{"index":"index","follow":"follow","max-snippet":"max-snippet:-1","max-image-preview":"max-image-preview:large","max-video-preview":"max-video-preview:-1"},"canonical":"https:\/\/motormind.ee\/ru\/product\/krokodilli-pintsetid-1tk-learning-resources\/","og_locale":"ru_RU","og_type":"article","og_title":"Krokodilli pintsetid 1tk \u2013 Learning Resources - Motormind","og_description":"V\u00e4rvikirev ja vastupidav pintsettide komplekt, mis muudab peenmotoorika arendamise m\u00e4nguliseks ja l\u00f5busaks! Komplektis on 12 erinevat v\u00e4rvi \u201ekrokodilli suu\u201c kujulist pintsetti, mis sobivad ideaalselt v\u00e4ikestele k\u00e4tele. \ud83d\udfe2 Arendab s\u00f5rmede j\u00f5udu, silma-k\u00e4e koordinatsiooni ja haaramisoskust \ud83d\udfe3 Toetab lapse iseseisvust \u2013 pintsette saab kasutada sorteerimism\u00e4ngudes, loendamisel v\u00f5i sensoorikas \ud83d\udfe0 Sobib suurep\u00e4raselt liiva, vee, kivikeste v\u00f5i v\u00e4ikeste esemete [&hellip;]","og_url":"https:\/\/motormind.ee\/ru\/product\/krokodilli-pintsetid-1tk-learning-resources\/","og_site_name":"Motormind","og_image":[{"width":960,"height":1280,"url":"https:\/\/motormind.ee\/wp-content\/uploads\/2025\/10\/photo_2025-10-24_08-28-19.jpg","type":"image\/jpeg"}],"twitter_card":"summary_large_image","twitter_misc":{"\u041f\u0440\u0438\u043c\u0435\u0440\u043d\u043e\u0435 \u0432\u0440\u0435\u043c\u044f \u0434\u043b\u044f \u0447\u0442\u0435\u043d\u0438\u044f":"1 \u043c\u0438\u043d\u0443\u0442\u0430"},"schema":{"@context":"https:\/\/schema.org","@graph":[{"@type":"WebPage","@id":"https:\/\/motormind.ee\/product\/krokodilli-pintsetid-1tk-learning-resources\/","url":"https:\/\/motormind.ee\/product\/krokodilli-pintsetid-1tk-learning-resources\/","name":"Krokodilli pintsetid 1tk \u2013 Learning Resources - Motormind","isPartOf":{"@id":"https:\/\/motormind.ee\/#website"},"primaryImageOfPage":{"@id":"https:\/\/motormind.ee\/product\/krokodilli-pintsetid-1tk-learning-resources\/#primaryimage"},"image":{"@id":"https:\/\/motormind.ee\/product\/krokodilli-pintsetid-1tk-learning-resources\/#primaryimage"},"thumbnailUrl":"https:\/\/motormind.ee\/wp-content\/uploads\/2025\/10\/photo_2025-10-24_08-28-19.jpg","datePublished":"2025-10-24T05:36:26+00:00","breadcrumb":{"@id":"https:\/\/motormind.ee\/product\/krokodilli-pintsetid-1tk-learning-resources\/#breadcrumb"},"inLanguage":"ru-RU","potentialAction":[{"@type":"ReadAction","target":["https:\/\/motormind.ee\/product\/krokodilli-pintsetid-1tk-learning-resources\/"]}]},{"@type":"ImageObject","inLanguage":"ru-RU","@id":"https:\/\/motormind.ee\/product\/krokodilli-pintsetid-1tk-learning-resources\/#primaryimage","url":"https:\/\/motormind.ee\/wp-content\/uploads\/2025\/10\/photo_2025-10-24_08-28-19.jpg","contentUrl":"https:\/\/motormind.ee\/wp-content\/uploads\/2025\/10\/photo_2025-10-24_08-28-19.jpg","width":960,"height":1280},{"@type":"BreadcrumbList","@id":"https:\/\/motormind.ee\/product\/krokodilli-pintsetid-1tk-learning-resources\/#breadcrumb","itemListElement":[{"@type":"ListItem","position":1,"name":"\u0413\u043b\u0430\u0432\u043d\u0430\u044f \u0441\u0442\u0440\u0430\u043d\u0438\u0446\u0430","item":"https:\/\/motormind.ee\/"},{"@type":"ListItem","position":2,"name":"E-pood","item":"https:\/\/motormind.ee\/shop\/"},{"@type":"ListItem","position":3,"name":"Krokodilli pintsetid 1tk \u2013 Learning Resources"}]},{"@type":"WebSite","@id":"https:\/\/motormind.ee\/#website","url":"https:\/\/motormind.ee\/","name":"Motormind","description":"&Otilde;pi r&otilde;&otilde;muga, &otilde;pi m&auml;ngides!","potentialAction":[{"@type":"SearchAction","target":{"@type":"EntryPoint","urlTemplate":"https:\/\/motormind.ee\/?s={search_term_string}"},"query-input":{"@type":"PropertyValueSpecification","valueRequired":true,"valueName":"search_term_string"}}],"inLanguage":"ru-RU"}]}},"_links":{"self":[{"href":"https:\/\/motormind.ee\/ru\/wp-json\/wp\/v2\/product\/3589","targetHints":{"allow":["GET"]}}],"collection":[{"href":"https:\/\/motormind.ee\/ru\/wp-json\/wp\/v2\/product"}],"about":[{"href":"https:\/\/motormind.ee\/ru\/wp-json\/wp\/v2\/types\/product"}],"replies":[{"embeddable":true,"href":"https:\/\/motormind.ee\/ru\/wp-json\/wp\/v2\/comments?post=3589"}],"version-history":[{"count":1,"href":"https:\/\/motormind.ee\/ru\/wp-json\/wp\/v2\/product\/3589\/revisions"}],"predecessor-version":[{"id":3591,"href":"https:\/\/motormind.ee\/ru\/wp-json\/wp\/v2\/product\/3589\/revisions\/3591"}],"wp:featuredmedia":[{"embeddable":true,"href":"https:\/\/motormind.ee\/ru\/wp-json\/wp\/v2\/media\/3590"}],"wp:attachment":[{"href":"https:\/\/motormind.ee\/ru\/wp-json\/wp\/v2\/media?parent=3589"}],"wp:term":[{"taxonomy":"product_brand","embeddable":true,"href":"https:\/\/motormind.ee\/ru\/wp-json\/wp\/v2\/product_brand?post=3589"},{"taxonomy":"product_cat","embeddable":true,"href":"https:\/\/motormind.ee\/ru\/wp-json\/wp\/v2\/product_cat?post=3589"},{"taxonomy":"product_tag","embeddable":true,"href":"https:\/\/motormind.ee\/ru\/wp-json\/wp\/v2\/product_tag?post=3589"}],"curies":[{"name":"wp","href":"https:\/\/api.w.org\/{rel}","templated":true}]}}