{"id":3592,"date":"2025-10-24T05:46:39","date_gmt":"2025-10-24T05:46:39","guid":{"rendered":"https:\/\/motormind.ee\/?post_type=product&#038;p=3592"},"modified":"2025-10-24T05:46:39","modified_gmt":"2025-10-24T05:46:39","slug":"jumbo-pintsetid-1-tk-learning-resources","status":"publish","type":"product","link":"https:\/\/motormind.ee\/ru\/product\/jumbo-pintsetid-1-tk-learning-resources\/","title":{"rendered":"Jumbo pintsetid 1 tk \u2013 Learning Resources"},"content":{"rendered":"<p>Suured ja mugavad pintsetid, mis on loodud spetsiaalselt laste v\u00e4ikestele k\u00e4tele.<br \/>\nNendega on lihtne haarata ja t\u00f5sta erinevaid esemeid \u2013 v\u00e4rvilisi kive, helmeid, pompone v\u00f5i muid v\u00e4ikseid objekte.<\/p>\n<p>\ud83d\udfe3 Aitab arendada peenmotoorikat, silma-k\u00e4e koost\u00f6\u00f6d ja s\u00f5rmej\u00f5udu<br \/>\n\ud83d\udfe2 Toetab kirjutamise ja joonistamise eelduste kujunemist<br \/>\n\ud83d\udfe0 Sobib kasutamiseks nii kodus kui ka lasteaias sensoorikas, loendamis- ja sorteerimism\u00e4ngudes<\/p>\n<p>Komplektis on 12 pintsetti kuues v\u00e4rvitoonis (punane, sinine, roheline, oran\u017e, kollane ja lilla) ning tugev plast\u00e4mber hoiustamiseks.<br \/>\nSuurep\u00e4rane t\u00f6\u00f6vahend \u00f5petajatele, logopeedidele ja tegevusterapeutidele.<\/p>\n<p>Soovitatav vanusele alates 3. eluaastast.<\/p>","protected":false},"excerpt":{"rendered":"<p>Suured ja mugavad pintsetid, mis on loodud spetsiaalselt laste v\u00e4ikestele k\u00e4tele. Nendega on lihtne haarata ja t\u00f5sta erinevaid esemeid \u2013 v\u00e4rvilisi kive, helmeid, pompone v\u00f5i muid v\u00e4ikseid objekte. \ud83d\udfe3 Aitab arendada peenmotoorikat, silma-k\u00e4e koost\u00f6\u00f6d ja s\u00f5rmej\u00f5udu \ud83d\udfe2 Toetab kirjutamise ja joonistamise eelduste kujunemist \ud83d\udfe0 Sobib kasutamiseks nii kodus kui ka lasteaias sensoorikas, loendamis- ja sorteerimism\u00e4ngudes [&hellip;]<\/p>\n","protected":false},"featured_media":3593,"comment_status":"open","ping_status":"closed","template":"","meta":[],"product_brand":[],"product_cat":[135],"product_tag":[],"class_list":{"0":"post-3592","1":"product","2":"type-product","3":"status-publish","4":"has-post-thumbnail","6":"product_cat-trendyplaybox","8":"first","9":"instock","10":"shipping-taxable","11":"purchasable","12":"product-type-simple"},"yoast_head":"<!-- This site is optimized with the Yoast SEO plugin v27.4 - https:\/\/yoast.com\/product\/yoast-seo-wordpress\/ -->\n<title>Jumbo pintsetid 1 tk \u2013 Learning Resources - Motormind<\/title>\n<meta name=\"robots\" content=\"index, follow, max-snippet:-1, max-image-preview:large, max-video-preview:-1\" \/>\n<link rel=\"canonical\" href=\"https:\/\/motormind.ee\/ru\/product\/jumbo-pintsetid-1-tk-learning-resources\/\" \/>\n<meta property=\"og:locale\" content=\"ru_RU\" \/>\n<meta property=\"og:type\" content=\"article\" \/>\n<meta property=\"og:title\" content=\"Jumbo pintsetid 1 tk \u2013 Learning Resources - Motormind\" \/>\n<meta property=\"og:description\" content=\"Suured ja mugavad pintsetid, mis on loodud spetsiaalselt laste v\u00e4ikestele k\u00e4tele. Nendega on lihtne haarata ja t\u00f5sta erinevaid esemeid \u2013 v\u00e4rvilisi kive, helmeid, pompone v\u00f5i muid v\u00e4ikseid objekte. \ud83d\udfe3 Aitab arendada peenmotoorikat, silma-k\u00e4e koost\u00f6\u00f6d ja s\u00f5rmej\u00f5udu \ud83d\udfe2 Toetab kirjutamise ja joonistamise eelduste kujunemist \ud83d\udfe0 Sobib kasutamiseks nii kodus kui ka lasteaias sensoorikas, loendamis- ja sorteerimism\u00e4ngudes [&hellip;]\" \/>\n<meta property=\"og:url\" content=\"https:\/\/motormind.ee\/ru\/product\/jumbo-pintsetid-1-tk-learning-resources\/\" \/>\n<meta property=\"og:site_name\" content=\"Motormind\" \/>\n<meta property=\"og:image\" content=\"https:\/\/motormind.ee\/wp-content\/uploads\/2025\/10\/IMG_1518-scaled.jpg\" \/>\n\t<meta property=\"og:image:width\" content=\"1920\" \/>\n\t<meta property=\"og:image:height\" content=\"2560\" \/>\n\t<meta property=\"og:image:type\" content=\"image\/jpeg\" \/>\n<meta name=\"twitter:card\" content=\"summary_large_image\" \/>\n<meta name=\"twitter:label1\" content=\"\u041f\u0440\u0438\u043c\u0435\u0440\u043d\u043e\u0435 \u0432\u0440\u0435\u043c\u044f \u0434\u043b\u044f \u0447\u0442\u0435\u043d\u0438\u044f\" \/>\n\t<meta name=\"twitter:data1\" content=\"1 \u043c\u0438\u043d\u0443\u0442\u0430\" \/>\n<script type=\"application\/ld+json\" class=\"yoast-schema-graph\">{\"@context\":\"https:\\\/\\\/schema.org\",\"@graph\":[{\"@type\":\"WebPage\",\"@id\":\"https:\\\/\\\/motormind.ee\\\/product\\\/jumbo-pintsetid-1-tk-learning-resources\\\/\",\"url\":\"https:\\\/\\\/motormind.ee\\\/product\\\/jumbo-pintsetid-1-tk-learning-resources\\\/\",\"name\":\"Jumbo pintsetid 1 tk \u2013 Learning Resources - Motormind\",\"isPartOf\":{\"@id\":\"https:\\\/\\\/motormind.ee\\\/#website\"},\"primaryImageOfPage\":{\"@id\":\"https:\\\/\\\/motormind.ee\\\/product\\\/jumbo-pintsetid-1-tk-learning-resources\\\/#primaryimage\"},\"image\":{\"@id\":\"https:\\\/\\\/motormind.ee\\\/product\\\/jumbo-pintsetid-1-tk-learning-resources\\\/#primaryimage\"},\"thumbnailUrl\":\"https:\\\/\\\/motormind.ee\\\/wp-content\\\/uploads\\\/2025\\\/10\\\/IMG_1518-scaled.jpg\",\"datePublished\":\"2025-10-24T05:46:39+00:00\",\"breadcrumb\":{\"@id\":\"https:\\\/\\\/motormind.ee\\\/product\\\/jumbo-pintsetid-1-tk-learning-resources\\\/#breadcrumb\"},\"inLanguage\":\"ru-RU\",\"potentialAction\":[{\"@type\":\"ReadAction\",\"target\":[\"https:\\\/\\\/motormind.ee\\\/product\\\/jumbo-pintsetid-1-tk-learning-resources\\\/\"]}]},{\"@type\":\"ImageObject\",\"inLanguage\":\"ru-RU\",\"@id\":\"https:\\\/\\\/motormind.ee\\\/product\\\/jumbo-pintsetid-1-tk-learning-resources\\\/#primaryimage\",\"url\":\"https:\\\/\\\/motormind.ee\\\/wp-content\\\/uploads\\\/2025\\\/10\\\/IMG_1518-scaled.jpg\",\"contentUrl\":\"https:\\\/\\\/motormind.ee\\\/wp-content\\\/uploads\\\/2025\\\/10\\\/IMG_1518-scaled.jpg\",\"width\":1920,\"height\":2560},{\"@type\":\"BreadcrumbList\",\"@id\":\"https:\\\/\\\/motormind.ee\\\/product\\\/jumbo-pintsetid-1-tk-learning-resources\\\/#breadcrumb\",\"itemListElement\":[{\"@type\":\"ListItem\",\"position\":1,\"name\":\"\u0413\u043b\u0430\u0432\u043d\u0430\u044f \u0441\u0442\u0440\u0430\u043d\u0438\u0446\u0430\",\"item\":\"https:\\\/\\\/motormind.ee\\\/\"},{\"@type\":\"ListItem\",\"position\":2,\"name\":\"E-pood\",\"item\":\"https:\\\/\\\/motormind.ee\\\/shop\\\/\"},{\"@type\":\"ListItem\",\"position\":3,\"name\":\"Jumbo pintsetid 1 tk \u2013 Learning Resources\"}]},{\"@type\":\"WebSite\",\"@id\":\"https:\\\/\\\/motormind.ee\\\/#website\",\"url\":\"https:\\\/\\\/motormind.ee\\\/\",\"name\":\"Motormind\",\"description\":\"&Otilde;pi r&otilde;&otilde;muga, &otilde;pi m&auml;ngides!\",\"potentialAction\":[{\"@type\":\"SearchAction\",\"target\":{\"@type\":\"EntryPoint\",\"urlTemplate\":\"https:\\\/\\\/motormind.ee\\\/?s={search_term_string}\"},\"query-input\":{\"@type\":\"PropertyValueSpecification\",\"valueRequired\":true,\"valueName\":\"search_term_string\"}}],\"inLanguage\":\"ru-RU\"}]}<\/script>\n<!-- \/ Yoast SEO plugin. -->","yoast_head_json":{"title":"Jumbo pintsetid 1 tk \u2013 Learning Resources - Motormind","robots":{"index":"index","follow":"follow","max-snippet":"max-snippet:-1","max-image-preview":"max-image-preview:large","max-video-preview":"max-video-preview:-1"},"canonical":"https:\/\/motormind.ee\/ru\/product\/jumbo-pintsetid-1-tk-learning-resources\/","og_locale":"ru_RU","og_type":"article","og_title":"Jumbo pintsetid 1 tk \u2013 Learning Resources - Motormind","og_description":"Suured ja mugavad pintsetid, mis on loodud spetsiaalselt laste v\u00e4ikestele k\u00e4tele. Nendega on lihtne haarata ja t\u00f5sta erinevaid esemeid \u2013 v\u00e4rvilisi kive, helmeid, pompone v\u00f5i muid v\u00e4ikseid objekte. \ud83d\udfe3 Aitab arendada peenmotoorikat, silma-k\u00e4e koost\u00f6\u00f6d ja s\u00f5rmej\u00f5udu \ud83d\udfe2 Toetab kirjutamise ja joonistamise eelduste kujunemist \ud83d\udfe0 Sobib kasutamiseks nii kodus kui ka lasteaias sensoorikas, loendamis- ja sorteerimism\u00e4ngudes [&hellip;]","og_url":"https:\/\/motormind.ee\/ru\/product\/jumbo-pintsetid-1-tk-learning-resources\/","og_site_name":"Motormind","og_image":[{"width":1920,"height":2560,"url":"https:\/\/motormind.ee\/wp-content\/uploads\/2025\/10\/IMG_1518-scaled.jpg","type":"image\/jpeg"}],"twitter_card":"summary_large_image","twitter_misc":{"\u041f\u0440\u0438\u043c\u0435\u0440\u043d\u043e\u0435 \u0432\u0440\u0435\u043c\u044f \u0434\u043b\u044f \u0447\u0442\u0435\u043d\u0438\u044f":"1 \u043c\u0438\u043d\u0443\u0442\u0430"},"schema":{"@context":"https:\/\/schema.org","@graph":[{"@type":"WebPage","@id":"https:\/\/motormind.ee\/product\/jumbo-pintsetid-1-tk-learning-resources\/","url":"https:\/\/motormind.ee\/product\/jumbo-pintsetid-1-tk-learning-resources\/","name":"Jumbo pintsetid 1 tk \u2013 Learning Resources - Motormind","isPartOf":{"@id":"https:\/\/motormind.ee\/#website"},"primaryImageOfPage":{"@id":"https:\/\/motormind.ee\/product\/jumbo-pintsetid-1-tk-learning-resources\/#primaryimage"},"image":{"@id":"https:\/\/motormind.ee\/product\/jumbo-pintsetid-1-tk-learning-resources\/#primaryimage"},"thumbnailUrl":"https:\/\/motormind.ee\/wp-content\/uploads\/2025\/10\/IMG_1518-scaled.jpg","datePublished":"2025-10-24T05:46:39+00:00","breadcrumb":{"@id":"https:\/\/motormind.ee\/product\/jumbo-pintsetid-1-tk-learning-resources\/#breadcrumb"},"inLanguage":"ru-RU","potentialAction":[{"@type":"ReadAction","target":["https:\/\/motormind.ee\/product\/jumbo-pintsetid-1-tk-learning-resources\/"]}]},{"@type":"ImageObject","inLanguage":"ru-RU","@id":"https:\/\/motormind.ee\/product\/jumbo-pintsetid-1-tk-learning-resources\/#primaryimage","url":"https:\/\/motormind.ee\/wp-content\/uploads\/2025\/10\/IMG_1518-scaled.jpg","contentUrl":"https:\/\/motormind.ee\/wp-content\/uploads\/2025\/10\/IMG_1518-scaled.jpg","width":1920,"height":2560},{"@type":"BreadcrumbList","@id":"https:\/\/motormind.ee\/product\/jumbo-pintsetid-1-tk-learning-resources\/#breadcrumb","itemListElement":[{"@type":"ListItem","position":1,"name":"\u0413\u043b\u0430\u0432\u043d\u0430\u044f \u0441\u0442\u0440\u0430\u043d\u0438\u0446\u0430","item":"https:\/\/motormind.ee\/"},{"@type":"ListItem","position":2,"name":"E-pood","item":"https:\/\/motormind.ee\/shop\/"},{"@type":"ListItem","position":3,"name":"Jumbo pintsetid 1 tk \u2013 Learning Resources"}]},{"@type":"WebSite","@id":"https:\/\/motormind.ee\/#website","url":"https:\/\/motormind.ee\/","name":"Motormind","description":"&Otilde;pi r&otilde;&otilde;muga, &otilde;pi m&auml;ngides!","potentialAction":[{"@type":"SearchAction","target":{"@type":"EntryPoint","urlTemplate":"https:\/\/motormind.ee\/?s={search_term_string}"},"query-input":{"@type":"PropertyValueSpecification","valueRequired":true,"valueName":"search_term_string"}}],"inLanguage":"ru-RU"}]}},"_links":{"self":[{"href":"https:\/\/motormind.ee\/ru\/wp-json\/wp\/v2\/product\/3592","targetHints":{"allow":["GET"]}}],"collection":[{"href":"https:\/\/motormind.ee\/ru\/wp-json\/wp\/v2\/product"}],"about":[{"href":"https:\/\/motormind.ee\/ru\/wp-json\/wp\/v2\/types\/product"}],"replies":[{"embeddable":true,"href":"https:\/\/motormind.ee\/ru\/wp-json\/wp\/v2\/comments?post=3592"}],"version-history":[{"count":1,"href":"https:\/\/motormind.ee\/ru\/wp-json\/wp\/v2\/product\/3592\/revisions"}],"predecessor-version":[{"id":3597,"href":"https:\/\/motormind.ee\/ru\/wp-json\/wp\/v2\/product\/3592\/revisions\/3597"}],"wp:featuredmedia":[{"embeddable":true,"href":"https:\/\/motormind.ee\/ru\/wp-json\/wp\/v2\/media\/3593"}],"wp:attachment":[{"href":"https:\/\/motormind.ee\/ru\/wp-json\/wp\/v2\/media?parent=3592"}],"wp:term":[{"taxonomy":"product_brand","embeddable":true,"href":"https:\/\/motormind.ee\/ru\/wp-json\/wp\/v2\/product_brand?post=3592"},{"taxonomy":"product_cat","embeddable":true,"href":"https:\/\/motormind.ee\/ru\/wp-json\/wp\/v2\/product_cat?post=3592"},{"taxonomy":"product_tag","embeddable":true,"href":"https:\/\/motormind.ee\/ru\/wp-json\/wp\/v2\/product_tag?post=3592"}],"curies":[{"name":"wp","href":"https:\/\/api.w.org\/{rel}","templated":true}]}}