{"id":3598,"date":"2025-10-24T05:56:26","date_gmt":"2025-10-24T05:56:26","guid":{"rendered":"https:\/\/motormind.ee\/?post_type=product&#038;p=3598"},"modified":"2025-10-24T05:56:27","modified_gmt":"2025-10-24T05:56:27","slug":"ookeani-loomad-didaktiline-mang","status":"publish","type":"product","link":"https:\/\/motormind.ee\/ru\/product\/ookeani-loomad-didaktiline-mang\/","title":{"rendered":"Ookeani loomad \u2013 didaktiline m\u00e4ng"},"content":{"rendered":"<p>Komplektis:<br \/>\n\u2013 10 miniatuuri merelooma (br\u00e4nd Learning Resources);<br \/>\n\u2013 lamineeritud alus koos nimetustega, kuhu iga loom saab oma koha.<\/p>\n<p>See on mitmeotstarbeline didaktiline materjal, mida saab kasutada k\u00fcmnetes m\u00e4ngudes:<br \/>\n\ud83c\udf0a v\u00f5tta loomad veest ja asetada need tagasi alusele;<br \/>\n\u2728 peita need tera-, liiva- v\u00f5i fooliumikasti;<br \/>\n\ud83d\udd0e m\u00e4ngida otsimise, sorteerimise ja r\u00fchmitamise m\u00e4nge;<br \/>\n\ud83d\udc0b uurida, nimetada, meelde j\u00e4tta ja v\u00f5rrelda loomi.<\/p>\n<p>Lapsed armastavad selliseid tegevusi \u2013 leida \u00f5ige koht, panna loom tagasi ja m\u00e4ngida uuesti.<br \/>\nM\u00e4ng arendab t\u00e4helepanu, m\u00e4lu, k\u00f5net, m\u00f5tlemist ja peenmotoorikat.<\/p>\n<p>Materjal on vastupidav, alus on lamineeritud ja sobib korduvaks kasutamiseks.<\/p>","protected":false},"excerpt":{"rendered":"<p>Komplektis: \u2013 10 miniatuuri merelooma (br\u00e4nd Learning Resources); \u2013 lamineeritud alus koos nimetustega, kuhu iga loom saab oma koha. See on mitmeotstarbeline didaktiline materjal, mida saab kasutada k\u00fcmnetes m\u00e4ngudes: \ud83c\udf0a v\u00f5tta loomad veest ja asetada need tagasi alusele; \u2728 peita need tera-, liiva- v\u00f5i fooliumikasti; \ud83d\udd0e m\u00e4ngida otsimise, sorteerimise ja r\u00fchmitamise m\u00e4nge; \ud83d\udc0b uurida, nimetada, [&hellip;]<\/p>\n","protected":false},"featured_media":3599,"comment_status":"open","ping_status":"closed","template":"","meta":[],"product_brand":[],"product_cat":[135],"product_tag":[],"class_list":{"0":"post-3598","1":"product","2":"type-product","3":"status-publish","4":"has-post-thumbnail","6":"product_cat-trendyplaybox","8":"first","9":"instock","10":"shipping-taxable","11":"purchasable","12":"product-type-simple"},"yoast_head":"<!-- This site is optimized with the Yoast SEO plugin v27.4 - https:\/\/yoast.com\/product\/yoast-seo-wordpress\/ -->\n<title>Ookeani loomad \u2013 didaktiline m\u00e4ng - Motormind<\/title>\n<meta name=\"robots\" content=\"index, follow, max-snippet:-1, max-image-preview:large, max-video-preview:-1\" \/>\n<link rel=\"canonical\" href=\"https:\/\/motormind.ee\/ru\/product\/ookeani-loomad-didaktiline-mang\/\" \/>\n<meta property=\"og:locale\" content=\"ru_RU\" \/>\n<meta property=\"og:type\" content=\"article\" \/>\n<meta property=\"og:title\" content=\"Ookeani loomad \u2013 didaktiline m\u00e4ng - Motormind\" \/>\n<meta property=\"og:description\" content=\"Komplektis: \u2013 10 miniatuuri merelooma (br\u00e4nd Learning Resources); \u2013 lamineeritud alus koos nimetustega, kuhu iga loom saab oma koha. See on mitmeotstarbeline didaktiline materjal, mida saab kasutada k\u00fcmnetes m\u00e4ngudes: \ud83c\udf0a v\u00f5tta loomad veest ja asetada need tagasi alusele; \u2728 peita need tera-, liiva- v\u00f5i fooliumikasti; \ud83d\udd0e m\u00e4ngida otsimise, sorteerimise ja r\u00fchmitamise m\u00e4nge; \ud83d\udc0b uurida, nimetada, [&hellip;]\" \/>\n<meta property=\"og:url\" content=\"https:\/\/motormind.ee\/ru\/product\/ookeani-loomad-didaktiline-mang\/\" \/>\n<meta property=\"og:site_name\" content=\"Motormind\" \/>\n<meta property=\"article:modified_time\" content=\"2025-10-24T05:56:27+00:00\" \/>\n<meta property=\"og:image\" content=\"https:\/\/motormind.ee\/wp-content\/uploads\/2025\/10\/IMG_1541-scaled.jpg\" \/>\n\t<meta property=\"og:image:width\" content=\"1920\" \/>\n\t<meta property=\"og:image:height\" content=\"2560\" \/>\n\t<meta property=\"og:image:type\" content=\"image\/jpeg\" \/>\n<meta name=\"twitter:card\" content=\"summary_large_image\" \/>\n<meta name=\"twitter:label1\" content=\"\u041f\u0440\u0438\u043c\u0435\u0440\u043d\u043e\u0435 \u0432\u0440\u0435\u043c\u044f \u0434\u043b\u044f \u0447\u0442\u0435\u043d\u0438\u044f\" \/>\n\t<meta name=\"twitter:data1\" content=\"1 \u043c\u0438\u043d\u0443\u0442\u0430\" \/>\n<script type=\"application\/ld+json\" class=\"yoast-schema-graph\">{\"@context\":\"https:\\\/\\\/schema.org\",\"@graph\":[{\"@type\":\"WebPage\",\"@id\":\"https:\\\/\\\/motormind.ee\\\/product\\\/ookeani-loomad-didaktiline-mang\\\/\",\"url\":\"https:\\\/\\\/motormind.ee\\\/product\\\/ookeani-loomad-didaktiline-mang\\\/\",\"name\":\"Ookeani loomad \u2013 didaktiline m\u00e4ng - Motormind\",\"isPartOf\":{\"@id\":\"https:\\\/\\\/motormind.ee\\\/#website\"},\"primaryImageOfPage\":{\"@id\":\"https:\\\/\\\/motormind.ee\\\/product\\\/ookeani-loomad-didaktiline-mang\\\/#primaryimage\"},\"image\":{\"@id\":\"https:\\\/\\\/motormind.ee\\\/product\\\/ookeani-loomad-didaktiline-mang\\\/#primaryimage\"},\"thumbnailUrl\":\"https:\\\/\\\/motormind.ee\\\/wp-content\\\/uploads\\\/2025\\\/10\\\/IMG_1541-scaled.jpg\",\"datePublished\":\"2025-10-24T05:56:26+00:00\",\"dateModified\":\"2025-10-24T05:56:27+00:00\",\"breadcrumb\":{\"@id\":\"https:\\\/\\\/motormind.ee\\\/product\\\/ookeani-loomad-didaktiline-mang\\\/#breadcrumb\"},\"inLanguage\":\"ru-RU\",\"potentialAction\":[{\"@type\":\"ReadAction\",\"target\":[\"https:\\\/\\\/motormind.ee\\\/product\\\/ookeani-loomad-didaktiline-mang\\\/\"]}]},{\"@type\":\"ImageObject\",\"inLanguage\":\"ru-RU\",\"@id\":\"https:\\\/\\\/motormind.ee\\\/product\\\/ookeani-loomad-didaktiline-mang\\\/#primaryimage\",\"url\":\"https:\\\/\\\/motormind.ee\\\/wp-content\\\/uploads\\\/2025\\\/10\\\/IMG_1541-scaled.jpg\",\"contentUrl\":\"https:\\\/\\\/motormind.ee\\\/wp-content\\\/uploads\\\/2025\\\/10\\\/IMG_1541-scaled.jpg\",\"width\":1920,\"height\":2560},{\"@type\":\"BreadcrumbList\",\"@id\":\"https:\\\/\\\/motormind.ee\\\/product\\\/ookeani-loomad-didaktiline-mang\\\/#breadcrumb\",\"itemListElement\":[{\"@type\":\"ListItem\",\"position\":1,\"name\":\"\u0413\u043b\u0430\u0432\u043d\u0430\u044f \u0441\u0442\u0440\u0430\u043d\u0438\u0446\u0430\",\"item\":\"https:\\\/\\\/motormind.ee\\\/\"},{\"@type\":\"ListItem\",\"position\":2,\"name\":\"E-pood\",\"item\":\"https:\\\/\\\/motormind.ee\\\/shop\\\/\"},{\"@type\":\"ListItem\",\"position\":3,\"name\":\"Ookeani loomad \u2013 didaktiline m\u00e4ng\"}]},{\"@type\":\"WebSite\",\"@id\":\"https:\\\/\\\/motormind.ee\\\/#website\",\"url\":\"https:\\\/\\\/motormind.ee\\\/\",\"name\":\"Motormind\",\"description\":\"&Otilde;pi r&otilde;&otilde;muga, &otilde;pi m&auml;ngides!\",\"potentialAction\":[{\"@type\":\"SearchAction\",\"target\":{\"@type\":\"EntryPoint\",\"urlTemplate\":\"https:\\\/\\\/motormind.ee\\\/?s={search_term_string}\"},\"query-input\":{\"@type\":\"PropertyValueSpecification\",\"valueRequired\":true,\"valueName\":\"search_term_string\"}}],\"inLanguage\":\"ru-RU\"}]}<\/script>\n<!-- \/ Yoast SEO plugin. -->","yoast_head_json":{"title":"Ookeani loomad \u2013 didaktiline m\u00e4ng - Motormind","robots":{"index":"index","follow":"follow","max-snippet":"max-snippet:-1","max-image-preview":"max-image-preview:large","max-video-preview":"max-video-preview:-1"},"canonical":"https:\/\/motormind.ee\/ru\/product\/ookeani-loomad-didaktiline-mang\/","og_locale":"ru_RU","og_type":"article","og_title":"Ookeani loomad \u2013 didaktiline m\u00e4ng - Motormind","og_description":"Komplektis: \u2013 10 miniatuuri merelooma (br\u00e4nd Learning Resources); \u2013 lamineeritud alus koos nimetustega, kuhu iga loom saab oma koha. See on mitmeotstarbeline didaktiline materjal, mida saab kasutada k\u00fcmnetes m\u00e4ngudes: \ud83c\udf0a v\u00f5tta loomad veest ja asetada need tagasi alusele; \u2728 peita need tera-, liiva- v\u00f5i fooliumikasti; \ud83d\udd0e m\u00e4ngida otsimise, sorteerimise ja r\u00fchmitamise m\u00e4nge; \ud83d\udc0b uurida, nimetada, [&hellip;]","og_url":"https:\/\/motormind.ee\/ru\/product\/ookeani-loomad-didaktiline-mang\/","og_site_name":"Motormind","article_modified_time":"2025-10-24T05:56:27+00:00","og_image":[{"width":1920,"height":2560,"url":"https:\/\/motormind.ee\/wp-content\/uploads\/2025\/10\/IMG_1541-scaled.jpg","type":"image\/jpeg"}],"twitter_card":"summary_large_image","twitter_misc":{"\u041f\u0440\u0438\u043c\u0435\u0440\u043d\u043e\u0435 \u0432\u0440\u0435\u043c\u044f \u0434\u043b\u044f \u0447\u0442\u0435\u043d\u0438\u044f":"1 \u043c\u0438\u043d\u0443\u0442\u0430"},"schema":{"@context":"https:\/\/schema.org","@graph":[{"@type":"WebPage","@id":"https:\/\/motormind.ee\/product\/ookeani-loomad-didaktiline-mang\/","url":"https:\/\/motormind.ee\/product\/ookeani-loomad-didaktiline-mang\/","name":"Ookeani loomad \u2013 didaktiline m\u00e4ng - Motormind","isPartOf":{"@id":"https:\/\/motormind.ee\/#website"},"primaryImageOfPage":{"@id":"https:\/\/motormind.ee\/product\/ookeani-loomad-didaktiline-mang\/#primaryimage"},"image":{"@id":"https:\/\/motormind.ee\/product\/ookeani-loomad-didaktiline-mang\/#primaryimage"},"thumbnailUrl":"https:\/\/motormind.ee\/wp-content\/uploads\/2025\/10\/IMG_1541-scaled.jpg","datePublished":"2025-10-24T05:56:26+00:00","dateModified":"2025-10-24T05:56:27+00:00","breadcrumb":{"@id":"https:\/\/motormind.ee\/product\/ookeani-loomad-didaktiline-mang\/#breadcrumb"},"inLanguage":"ru-RU","potentialAction":[{"@type":"ReadAction","target":["https:\/\/motormind.ee\/product\/ookeani-loomad-didaktiline-mang\/"]}]},{"@type":"ImageObject","inLanguage":"ru-RU","@id":"https:\/\/motormind.ee\/product\/ookeani-loomad-didaktiline-mang\/#primaryimage","url":"https:\/\/motormind.ee\/wp-content\/uploads\/2025\/10\/IMG_1541-scaled.jpg","contentUrl":"https:\/\/motormind.ee\/wp-content\/uploads\/2025\/10\/IMG_1541-scaled.jpg","width":1920,"height":2560},{"@type":"BreadcrumbList","@id":"https:\/\/motormind.ee\/product\/ookeani-loomad-didaktiline-mang\/#breadcrumb","itemListElement":[{"@type":"ListItem","position":1,"name":"\u0413\u043b\u0430\u0432\u043d\u0430\u044f \u0441\u0442\u0440\u0430\u043d\u0438\u0446\u0430","item":"https:\/\/motormind.ee\/"},{"@type":"ListItem","position":2,"name":"E-pood","item":"https:\/\/motormind.ee\/shop\/"},{"@type":"ListItem","position":3,"name":"Ookeani loomad \u2013 didaktiline m\u00e4ng"}]},{"@type":"WebSite","@id":"https:\/\/motormind.ee\/#website","url":"https:\/\/motormind.ee\/","name":"Motormind","description":"&Otilde;pi r&otilde;&otilde;muga, &otilde;pi m&auml;ngides!","potentialAction":[{"@type":"SearchAction","target":{"@type":"EntryPoint","urlTemplate":"https:\/\/motormind.ee\/?s={search_term_string}"},"query-input":{"@type":"PropertyValueSpecification","valueRequired":true,"valueName":"search_term_string"}}],"inLanguage":"ru-RU"}]}},"_links":{"self":[{"href":"https:\/\/motormind.ee\/ru\/wp-json\/wp\/v2\/product\/3598","targetHints":{"allow":["GET"]}}],"collection":[{"href":"https:\/\/motormind.ee\/ru\/wp-json\/wp\/v2\/product"}],"about":[{"href":"https:\/\/motormind.ee\/ru\/wp-json\/wp\/v2\/types\/product"}],"replies":[{"embeddable":true,"href":"https:\/\/motormind.ee\/ru\/wp-json\/wp\/v2\/comments?post=3598"}],"version-history":[{"count":1,"href":"https:\/\/motormind.ee\/ru\/wp-json\/wp\/v2\/product\/3598\/revisions"}],"predecessor-version":[{"id":3604,"href":"https:\/\/motormind.ee\/ru\/wp-json\/wp\/v2\/product\/3598\/revisions\/3604"}],"wp:featuredmedia":[{"embeddable":true,"href":"https:\/\/motormind.ee\/ru\/wp-json\/wp\/v2\/media\/3599"}],"wp:attachment":[{"href":"https:\/\/motormind.ee\/ru\/wp-json\/wp\/v2\/media?parent=3598"}],"wp:term":[{"taxonomy":"product_brand","embeddable":true,"href":"https:\/\/motormind.ee\/ru\/wp-json\/wp\/v2\/product_brand?post=3598"},{"taxonomy":"product_cat","embeddable":true,"href":"https:\/\/motormind.ee\/ru\/wp-json\/wp\/v2\/product_cat?post=3598"},{"taxonomy":"product_tag","embeddable":true,"href":"https:\/\/motormind.ee\/ru\/wp-json\/wp\/v2\/product_tag?post=3598"}],"curies":[{"name":"wp","href":"https:\/\/api.w.org\/{rel}","templated":true}]}}