{"id":3625,"date":"2025-10-28T08:20:07","date_gmt":"2025-10-28T08:20:07","guid":{"rendered":"https:\/\/motormind.ee\/?post_type=product&#038;p=3625"},"modified":"2025-11-03T07:32:58","modified_gmt":"2025-11-03T07:32:58","slug":"lamineritud-tahestiku-tahed","status":"publish","type":"product","link":"https:\/\/motormind.ee\/ru\/product\/lamineritud-tahestiku-tahed\/","title":{"rendered":"Lamineritud t\u00e4hestiku t\u00e4hed"},"content":{"rendered":"<p>Lamineritud t\u00e4hestiku t\u00e4hed (A4 formaat)<\/p>\n<p>Erksad ja vastupidavad t\u00e4hestiku t\u00e4hed, lamineeritud ja kohe kasutamiseks valmis!<br \/>\nSuurep\u00e4rased klassiruumi, lasteaia v\u00f5i lastetoa kaunistamiseks.<\/p>\n<p>\u2705 Iga t\u00e4he suurus \u2014 A4<br \/>\n\u2705 Saab mugavalt seinale riputada<br \/>\n\u2705 V\u00e4rvilised loomapildid aitavad lastel t\u00e4hti kergesti meelde j\u00e4tta<br \/>\n\u2705 Sobib \u00f5petajatele, logopeedidele, kasvatajatele ja lapsevanematele<\/p>","protected":false},"excerpt":{"rendered":"<p>Lamineritud t\u00e4hestiku t\u00e4hed (A4 formaat) Erksad ja vastupidavad t\u00e4hestiku t\u00e4hed, lamineeritud ja kohe kasutamiseks valmis! Suurep\u00e4rased klassiruumi, lasteaia v\u00f5i lastetoa kaunistamiseks. \u2705 Iga t\u00e4he suurus \u2014 A4 \u2705 Saab mugavalt seinale riputada \u2705 V\u00e4rvilised loomapildid aitavad lastel t\u00e4hti kergesti meelde j\u00e4tta \u2705 Sobib \u00f5petajatele, logopeedidele, kasvatajatele ja lapsevanematele<\/p>","protected":false},"featured_media":3626,"comment_status":"open","ping_status":"closed","template":"","meta":[],"product_brand":[],"product_cat":[112],"product_tag":[],"class_list":{"0":"post-3625","1":"product","2":"type-product","3":"status-publish","4":"has-post-thumbnail","6":"product_cat-plakatid","8":"first","9":"instock","10":"shipping-taxable","11":"purchasable","12":"product-type-simple"},"yoast_head":"<!-- This site is optimized with the Yoast SEO plugin v27.4 - https:\/\/yoast.com\/product\/yoast-seo-wordpress\/ -->\n<title>Lamineritud t\u00e4hestiku t\u00e4hed - Motormind<\/title>\n<meta name=\"robots\" content=\"index, follow, max-snippet:-1, max-image-preview:large, max-video-preview:-1\" \/>\n<link rel=\"canonical\" href=\"https:\/\/motormind.ee\/ru\/product\/lamineritud-tahestiku-tahed\/\" \/>\n<meta property=\"og:locale\" content=\"ru_RU\" \/>\n<meta property=\"og:type\" content=\"article\" \/>\n<meta property=\"og:title\" content=\"Lamineritud t\u00e4hestiku t\u00e4hed - Motormind\" \/>\n<meta property=\"og:description\" content=\"Lamineritud t\u00e4hestiku t\u00e4hed (A4 formaat) Erksad ja vastupidavad t\u00e4hestiku t\u00e4hed, lamineeritud ja kohe kasutamiseks valmis! Suurep\u00e4rased klassiruumi, lasteaia v\u00f5i lastetoa kaunistamiseks. \u2705 Iga t\u00e4he suurus \u2014 A4 \u2705 Saab mugavalt seinale riputada \u2705 V\u00e4rvilised loomapildid aitavad lastel t\u00e4hti kergesti meelde j\u00e4tta \u2705 Sobib \u00f5petajatele, logopeedidele, kasvatajatele ja lapsevanematele\" \/>\n<meta property=\"og:url\" content=\"https:\/\/motormind.ee\/ru\/product\/lamineritud-tahestiku-tahed\/\" \/>\n<meta property=\"og:site_name\" content=\"Motormind\" \/>\n<meta property=\"article:modified_time\" content=\"2025-11-03T07:32:58+00:00\" \/>\n<meta property=\"og:image\" content=\"https:\/\/motormind.ee\/wp-content\/uploads\/2025\/10\/IMG_8851-scaled.jpg\" \/>\n\t<meta property=\"og:image:width\" content=\"2189\" \/>\n\t<meta property=\"og:image:height\" content=\"2560\" \/>\n\t<meta property=\"og:image:type\" content=\"image\/jpeg\" \/>\n<meta name=\"twitter:card\" content=\"summary_large_image\" \/>\n<meta name=\"twitter:label1\" content=\"\u041f\u0440\u0438\u043c\u0435\u0440\u043d\u043e\u0435 \u0432\u0440\u0435\u043c\u044f \u0434\u043b\u044f \u0447\u0442\u0435\u043d\u0438\u044f\" \/>\n\t<meta name=\"twitter:data1\" content=\"1 \u043c\u0438\u043d\u0443\u0442\u0430\" \/>\n<script type=\"application\/ld+json\" class=\"yoast-schema-graph\">{\"@context\":\"https:\\\/\\\/schema.org\",\"@graph\":[{\"@type\":\"WebPage\",\"@id\":\"https:\\\/\\\/motormind.ee\\\/product\\\/lamineritud-tahestiku-tahed\\\/\",\"url\":\"https:\\\/\\\/motormind.ee\\\/product\\\/lamineritud-tahestiku-tahed\\\/\",\"name\":\"Lamineritud t\u00e4hestiku t\u00e4hed - Motormind\",\"isPartOf\":{\"@id\":\"https:\\\/\\\/motormind.ee\\\/#website\"},\"primaryImageOfPage\":{\"@id\":\"https:\\\/\\\/motormind.ee\\\/product\\\/lamineritud-tahestiku-tahed\\\/#primaryimage\"},\"image\":{\"@id\":\"https:\\\/\\\/motormind.ee\\\/product\\\/lamineritud-tahestiku-tahed\\\/#primaryimage\"},\"thumbnailUrl\":\"https:\\\/\\\/motormind.ee\\\/wp-content\\\/uploads\\\/2025\\\/10\\\/IMG_8851-scaled.jpg\",\"datePublished\":\"2025-10-28T08:20:07+00:00\",\"dateModified\":\"2025-11-03T07:32:58+00:00\",\"breadcrumb\":{\"@id\":\"https:\\\/\\\/motormind.ee\\\/product\\\/lamineritud-tahestiku-tahed\\\/#breadcrumb\"},\"inLanguage\":\"ru-RU\",\"potentialAction\":[{\"@type\":\"ReadAction\",\"target\":[\"https:\\\/\\\/motormind.ee\\\/product\\\/lamineritud-tahestiku-tahed\\\/\"]}]},{\"@type\":\"ImageObject\",\"inLanguage\":\"ru-RU\",\"@id\":\"https:\\\/\\\/motormind.ee\\\/product\\\/lamineritud-tahestiku-tahed\\\/#primaryimage\",\"url\":\"https:\\\/\\\/motormind.ee\\\/wp-content\\\/uploads\\\/2025\\\/10\\\/IMG_8851-scaled.jpg\",\"contentUrl\":\"https:\\\/\\\/motormind.ee\\\/wp-content\\\/uploads\\\/2025\\\/10\\\/IMG_8851-scaled.jpg\",\"width\":2189,\"height\":2560},{\"@type\":\"BreadcrumbList\",\"@id\":\"https:\\\/\\\/motormind.ee\\\/product\\\/lamineritud-tahestiku-tahed\\\/#breadcrumb\",\"itemListElement\":[{\"@type\":\"ListItem\",\"position\":1,\"name\":\"\u0413\u043b\u0430\u0432\u043d\u0430\u044f \u0441\u0442\u0440\u0430\u043d\u0438\u0446\u0430\",\"item\":\"https:\\\/\\\/motormind.ee\\\/\"},{\"@type\":\"ListItem\",\"position\":2,\"name\":\"E-pood\",\"item\":\"https:\\\/\\\/motormind.ee\\\/shop\\\/\"},{\"@type\":\"ListItem\",\"position\":3,\"name\":\"Lamineritud t\u00e4hestiku t\u00e4hed\"}]},{\"@type\":\"WebSite\",\"@id\":\"https:\\\/\\\/motormind.ee\\\/#website\",\"url\":\"https:\\\/\\\/motormind.ee\\\/\",\"name\":\"Motormind\",\"description\":\"&Otilde;pi r&otilde;&otilde;muga, &otilde;pi m&auml;ngides!\",\"potentialAction\":[{\"@type\":\"SearchAction\",\"target\":{\"@type\":\"EntryPoint\",\"urlTemplate\":\"https:\\\/\\\/motormind.ee\\\/?s={search_term_string}\"},\"query-input\":{\"@type\":\"PropertyValueSpecification\",\"valueRequired\":true,\"valueName\":\"search_term_string\"}}],\"inLanguage\":\"ru-RU\"}]}<\/script>\n<!-- \/ Yoast SEO plugin. -->","yoast_head_json":{"title":"Lamineritud t\u00e4hestiku t\u00e4hed - Motormind","robots":{"index":"index","follow":"follow","max-snippet":"max-snippet:-1","max-image-preview":"max-image-preview:large","max-video-preview":"max-video-preview:-1"},"canonical":"https:\/\/motormind.ee\/ru\/product\/lamineritud-tahestiku-tahed\/","og_locale":"ru_RU","og_type":"article","og_title":"Lamineritud t\u00e4hestiku t\u00e4hed - Motormind","og_description":"Lamineritud t\u00e4hestiku t\u00e4hed (A4 formaat) Erksad ja vastupidavad t\u00e4hestiku t\u00e4hed, lamineeritud ja kohe kasutamiseks valmis! Suurep\u00e4rased klassiruumi, lasteaia v\u00f5i lastetoa kaunistamiseks. \u2705 Iga t\u00e4he suurus \u2014 A4 \u2705 Saab mugavalt seinale riputada \u2705 V\u00e4rvilised loomapildid aitavad lastel t\u00e4hti kergesti meelde j\u00e4tta \u2705 Sobib \u00f5petajatele, logopeedidele, kasvatajatele ja lapsevanematele","og_url":"https:\/\/motormind.ee\/ru\/product\/lamineritud-tahestiku-tahed\/","og_site_name":"Motormind","article_modified_time":"2025-11-03T07:32:58+00:00","og_image":[{"width":2189,"height":2560,"url":"https:\/\/motormind.ee\/wp-content\/uploads\/2025\/10\/IMG_8851-scaled.jpg","type":"image\/jpeg"}],"twitter_card":"summary_large_image","twitter_misc":{"\u041f\u0440\u0438\u043c\u0435\u0440\u043d\u043e\u0435 \u0432\u0440\u0435\u043c\u044f \u0434\u043b\u044f \u0447\u0442\u0435\u043d\u0438\u044f":"1 \u043c\u0438\u043d\u0443\u0442\u0430"},"schema":{"@context":"https:\/\/schema.org","@graph":[{"@type":"WebPage","@id":"https:\/\/motormind.ee\/product\/lamineritud-tahestiku-tahed\/","url":"https:\/\/motormind.ee\/product\/lamineritud-tahestiku-tahed\/","name":"Lamineritud t\u00e4hestiku t\u00e4hed - Motormind","isPartOf":{"@id":"https:\/\/motormind.ee\/#website"},"primaryImageOfPage":{"@id":"https:\/\/motormind.ee\/product\/lamineritud-tahestiku-tahed\/#primaryimage"},"image":{"@id":"https:\/\/motormind.ee\/product\/lamineritud-tahestiku-tahed\/#primaryimage"},"thumbnailUrl":"https:\/\/motormind.ee\/wp-content\/uploads\/2025\/10\/IMG_8851-scaled.jpg","datePublished":"2025-10-28T08:20:07+00:00","dateModified":"2025-11-03T07:32:58+00:00","breadcrumb":{"@id":"https:\/\/motormind.ee\/product\/lamineritud-tahestiku-tahed\/#breadcrumb"},"inLanguage":"ru-RU","potentialAction":[{"@type":"ReadAction","target":["https:\/\/motormind.ee\/product\/lamineritud-tahestiku-tahed\/"]}]},{"@type":"ImageObject","inLanguage":"ru-RU","@id":"https:\/\/motormind.ee\/product\/lamineritud-tahestiku-tahed\/#primaryimage","url":"https:\/\/motormind.ee\/wp-content\/uploads\/2025\/10\/IMG_8851-scaled.jpg","contentUrl":"https:\/\/motormind.ee\/wp-content\/uploads\/2025\/10\/IMG_8851-scaled.jpg","width":2189,"height":2560},{"@type":"BreadcrumbList","@id":"https:\/\/motormind.ee\/product\/lamineritud-tahestiku-tahed\/#breadcrumb","itemListElement":[{"@type":"ListItem","position":1,"name":"\u0413\u043b\u0430\u0432\u043d\u0430\u044f \u0441\u0442\u0440\u0430\u043d\u0438\u0446\u0430","item":"https:\/\/motormind.ee\/"},{"@type":"ListItem","position":2,"name":"E-pood","item":"https:\/\/motormind.ee\/shop\/"},{"@type":"ListItem","position":3,"name":"Lamineritud t\u00e4hestiku t\u00e4hed"}]},{"@type":"WebSite","@id":"https:\/\/motormind.ee\/#website","url":"https:\/\/motormind.ee\/","name":"Motormind","description":"&Otilde;pi r&otilde;&otilde;muga, &otilde;pi m&auml;ngides!","potentialAction":[{"@type":"SearchAction","target":{"@type":"EntryPoint","urlTemplate":"https:\/\/motormind.ee\/?s={search_term_string}"},"query-input":{"@type":"PropertyValueSpecification","valueRequired":true,"valueName":"search_term_string"}}],"inLanguage":"ru-RU"}]}},"_links":{"self":[{"href":"https:\/\/motormind.ee\/ru\/wp-json\/wp\/v2\/product\/3625","targetHints":{"allow":["GET"]}}],"collection":[{"href":"https:\/\/motormind.ee\/ru\/wp-json\/wp\/v2\/product"}],"about":[{"href":"https:\/\/motormind.ee\/ru\/wp-json\/wp\/v2\/types\/product"}],"replies":[{"embeddable":true,"href":"https:\/\/motormind.ee\/ru\/wp-json\/wp\/v2\/comments?post=3625"}],"version-history":[{"count":1,"href":"https:\/\/motormind.ee\/ru\/wp-json\/wp\/v2\/product\/3625\/revisions"}],"predecessor-version":[{"id":3627,"href":"https:\/\/motormind.ee\/ru\/wp-json\/wp\/v2\/product\/3625\/revisions\/3627"}],"wp:featuredmedia":[{"embeddable":true,"href":"https:\/\/motormind.ee\/ru\/wp-json\/wp\/v2\/media\/3626"}],"wp:attachment":[{"href":"https:\/\/motormind.ee\/ru\/wp-json\/wp\/v2\/media?parent=3625"}],"wp:term":[{"taxonomy":"product_brand","embeddable":true,"href":"https:\/\/motormind.ee\/ru\/wp-json\/wp\/v2\/product_brand?post=3625"},{"taxonomy":"product_cat","embeddable":true,"href":"https:\/\/motormind.ee\/ru\/wp-json\/wp\/v2\/product_cat?post=3625"},{"taxonomy":"product_tag","embeddable":true,"href":"https:\/\/motormind.ee\/ru\/wp-json\/wp\/v2\/product_tag?post=3625"}],"curies":[{"name":"wp","href":"https:\/\/api.w.org\/{rel}","templated":true}]}}