{"id":3676,"date":"2025-11-03T07:56:46","date_gmt":"2025-11-03T07:56:46","guid":{"rendered":"https:\/\/motormind.ee\/?post_type=product&#038;p=3676"},"modified":"2025-11-19T09:08:26","modified_gmt":"2025-11-19T09:08:26","slug":"komplekt-leia-ja-naita-pildidloe-ja-uhenda","status":"publish","type":"product","link":"https:\/\/motormind.ee\/ru\/product\/komplekt-leia-ja-naita-pildidloe-ja-uhenda\/","title":{"rendered":"Komplekt: Leia ja N\u00e4ita Pildid+Loe ja \u00dchenda"},"content":{"rendered":"<h1 class=\"product_title entry-title elementor-heading-title elementor-size-default\">Tegelusvihik: Leia ja N\u00e4ita Pildid<\/h1>\n<p>See v\u00e4rvikas ja kaasahaarav tegelusvihik aitab teie lapsel m\u00e4nguliselt t\u00e4iendada oma s\u00f5navara ja<br \/>\n\u00f5ppida eesti keelt. See on loodud spetsiaalselt selleks, et arendada klassifitseerimisoskusi, loogilist<br \/>\nm\u00f5tlemist ja suhtlemisv\u00f5imet.<br \/>\nMis teeb selle tegelusvihiku eriliseks?<\/p>\n<p><img decoding=\"async\" class=\"emoji\" role=\"img\" draggable=\"false\" src=\"https:\/\/s.w.org\/images\/core\/emoji\/16.0.1\/svg\/2705.svg\" alt=\"\u2705\" \/>\u00a0Lai teemade valik \u2013 geomeetrilised kujundid, jalan\u00f5ud, loomad, aastaajad, putukad, tehnika,<br \/>\ntegus\u00f5nad ja palju muud. See aitab lastel \u00f5ppida uusi s\u00f5nu ja m\u00f5ista nende t\u00e4hendust.<br \/>\n<img decoding=\"async\" class=\"emoji\" role=\"img\" draggable=\"false\" src=\"https:\/\/s.w.org\/images\/core\/emoji\/16.0.1\/svg\/2705.svg\" alt=\"\u2705\" \/>\u00a0A4-formaat \u2013 suured pildid ja selged pealkirjad muudavad \u00f5ppimise mugavaks.<br \/>\n<img decoding=\"async\" class=\"emoji\" role=\"img\" draggable=\"false\" src=\"https:\/\/s.w.org\/images\/core\/emoji\/16.0.1\/svg\/2705.svg\" alt=\"\u2705\" \/>\u00a0Lamineeritud lehed \u2013 vastupidav ja mugav kasutada, v\u00f5imalik kirjutada veebaasil markeritega.<br \/>\n<img decoding=\"async\" class=\"emoji\" role=\"img\" draggable=\"false\" src=\"https:\/\/s.w.org\/images\/core\/emoji\/16.0.1\/svg\/2705.svg\" alt=\"\u2705\" \/>\u00a0Ilma takjakinnitusteta \u2013 lihtne ja mugav formaat, sobib kasutamiseks kodus, koolis v\u00f5i<br \/>\nlasteaias.<br \/>\n<img decoding=\"async\" class=\"emoji\" role=\"img\" draggable=\"false\" src=\"https:\/\/s.w.org\/images\/core\/emoji\/16.0.1\/svg\/2705.svg\" alt=\"\u2705\" \/>\u00a0K\u00f5ne ja m\u00f5tlemise arendamine \u2013 saab esitada lapsele k\u00fcsimusi, liigitada esemeid, arutada<br \/>\nneid, luua seoseid ja treenida m\u00e4lu.<br \/>\nSee ei ole lihtsalt tegelusvihik \u2013 see on terviklik komplekt k\u00f5ne, m\u00f5tlemise ja keele\u00f5ppe<br \/>\narendamiseks. Paku oma lapsele v\u00f5imalus \u00f5ppida r\u00f5\u00f5muga ja m\u00e4ngida kasulikult!<\/p>\n<h1 class=\"product_title entry-title elementor-heading-title elementor-size-default\">Tegelusvihik: Loe ja \u00dchenda<\/h1>\n<p>See to\u0308o\u0308vihik \u201cLoe ja U\u0308henda\u201d on mo\u0303eldud lastele lugemisoskuse ja so\u0303nade u\u0308hendamise oskuse arendamiseks. Vihikus on 336 so\u0303na, mis on jaotatud 28 teemasse, aidates lapsel so\u0303navara laiendada ja paremini erinevates kategooriates nagu esemed, ametid, puuviljad ja muud mo\u0303isted orienteeruda. U\u0308lesanded tehakse markeriga: laps u\u0308hendab so\u0303nad piltidega ning seeja\u0308rel saab kirjutatu kustutada ja harjutust uuesti korrata. See vo\u0303imaldab palju kordi harjutada ja materjali kindlalt meelde ja\u0308tta, muutes o\u0303ppimise lo\u0303busaks ja to\u0303husaks.<\/p>","protected":false},"excerpt":{"rendered":"<p>Tegelusvihik: Leia ja N\u00e4ita Pildid See v\u00e4rvikas ja kaasahaarav tegelusvihik aitab teie lapsel m\u00e4nguliselt t\u00e4iendada oma s\u00f5navara ja \u00f5ppida eesti keelt. See on loodud spetsiaalselt selleks, et arendada klassifitseerimisoskusi, loogilist m\u00f5tlemist ja suhtlemisv\u00f5imet. Mis teeb selle tegelusvihiku eriliseks? \u00a0Lai teemade valik \u2013 geomeetrilised kujundid, jalan\u00f5ud, loomad, aastaajad, putukad, tehnika, tegus\u00f5nad ja palju muud. See aitab [&hellip;]<\/p>\n","protected":false},"featured_media":3736,"comment_status":"open","ping_status":"closed","template":"","meta":[],"product_brand":[],"product_cat":[15],"product_tag":[],"class_list":{"0":"post-3676","1":"product","2":"type-product","3":"status-publish","4":"has-post-thumbnail","6":"product_cat-erinevad","8":"first","9":"instock","10":"shipping-taxable","11":"purchasable","12":"product-type-simple"},"yoast_head":"<!-- This site is optimized with the Yoast SEO plugin v27.4 - https:\/\/yoast.com\/product\/yoast-seo-wordpress\/ -->\n<title>Komplekt: Leia ja N\u00e4ita Pildid+Loe ja \u00dchenda - Motormind<\/title>\n<meta name=\"robots\" content=\"index, follow, max-snippet:-1, max-image-preview:large, max-video-preview:-1\" \/>\n<link rel=\"canonical\" href=\"https:\/\/motormind.ee\/ru\/product\/komplekt-leia-ja-naita-pildidloe-ja-uhenda\/\" \/>\n<meta property=\"og:locale\" content=\"ru_RU\" \/>\n<meta property=\"og:type\" content=\"article\" \/>\n<meta property=\"og:title\" content=\"Komplekt: Leia ja N\u00e4ita Pildid+Loe ja \u00dchenda - Motormind\" \/>\n<meta property=\"og:description\" content=\"Tegelusvihik: Leia ja N\u00e4ita Pildid See v\u00e4rvikas ja kaasahaarav tegelusvihik aitab teie lapsel m\u00e4nguliselt t\u00e4iendada oma s\u00f5navara ja \u00f5ppida eesti keelt. See on loodud spetsiaalselt selleks, et arendada klassifitseerimisoskusi, loogilist m\u00f5tlemist ja suhtlemisv\u00f5imet. Mis teeb selle tegelusvihiku eriliseks? \u00a0Lai teemade valik \u2013 geomeetrilised kujundid, jalan\u00f5ud, loomad, aastaajad, putukad, tehnika, tegus\u00f5nad ja palju muud. See aitab [&hellip;]\" \/>\n<meta property=\"og:url\" content=\"https:\/\/motormind.ee\/ru\/product\/komplekt-leia-ja-naita-pildidloe-ja-uhenda\/\" \/>\n<meta property=\"og:site_name\" content=\"Motormind\" \/>\n<meta property=\"article:modified_time\" content=\"2025-11-19T09:08:26+00:00\" \/>\n<meta property=\"og:image\" content=\"https:\/\/motormind.ee\/wp-content\/uploads\/2025\/11\/IMG_3116-scaled.jpg\" \/>\n\t<meta property=\"og:image:width\" content=\"1920\" \/>\n\t<meta property=\"og:image:height\" content=\"2560\" \/>\n\t<meta property=\"og:image:type\" content=\"image\/jpeg\" \/>\n<meta name=\"twitter:card\" content=\"summary_large_image\" \/>\n<meta name=\"twitter:label1\" content=\"\u041f\u0440\u0438\u043c\u0435\u0440\u043d\u043e\u0435 \u0432\u0440\u0435\u043c\u044f \u0434\u043b\u044f \u0447\u0442\u0435\u043d\u0438\u044f\" \/>\n\t<meta name=\"twitter:data1\" content=\"3 \u043c\u0438\u043d\u0443\u0442\u044b\" \/>\n<script type=\"application\/ld+json\" class=\"yoast-schema-graph\">{\"@context\":\"https:\\\/\\\/schema.org\",\"@graph\":[{\"@type\":\"WebPage\",\"@id\":\"https:\\\/\\\/motormind.ee\\\/product\\\/komplekt-leia-ja-naita-pildidloe-ja-uhenda\\\/\",\"url\":\"https:\\\/\\\/motormind.ee\\\/product\\\/komplekt-leia-ja-naita-pildidloe-ja-uhenda\\\/\",\"name\":\"Komplekt: Leia ja N\u00e4ita Pildid+Loe ja \u00dchenda - Motormind\",\"isPartOf\":{\"@id\":\"https:\\\/\\\/motormind.ee\\\/#website\"},\"primaryImageOfPage\":{\"@id\":\"https:\\\/\\\/motormind.ee\\\/product\\\/komplekt-leia-ja-naita-pildidloe-ja-uhenda\\\/#primaryimage\"},\"image\":{\"@id\":\"https:\\\/\\\/motormind.ee\\\/product\\\/komplekt-leia-ja-naita-pildidloe-ja-uhenda\\\/#primaryimage\"},\"thumbnailUrl\":\"https:\\\/\\\/motormind.ee\\\/wp-content\\\/uploads\\\/2025\\\/11\\\/IMG_3116-scaled.jpg\",\"datePublished\":\"2025-11-03T07:56:46+00:00\",\"dateModified\":\"2025-11-19T09:08:26+00:00\",\"breadcrumb\":{\"@id\":\"https:\\\/\\\/motormind.ee\\\/product\\\/komplekt-leia-ja-naita-pildidloe-ja-uhenda\\\/#breadcrumb\"},\"inLanguage\":\"ru-RU\",\"potentialAction\":[{\"@type\":\"ReadAction\",\"target\":[\"https:\\\/\\\/motormind.ee\\\/product\\\/komplekt-leia-ja-naita-pildidloe-ja-uhenda\\\/\"]}]},{\"@type\":\"ImageObject\",\"inLanguage\":\"ru-RU\",\"@id\":\"https:\\\/\\\/motormind.ee\\\/product\\\/komplekt-leia-ja-naita-pildidloe-ja-uhenda\\\/#primaryimage\",\"url\":\"https:\\\/\\\/motormind.ee\\\/wp-content\\\/uploads\\\/2025\\\/11\\\/IMG_3116-scaled.jpg\",\"contentUrl\":\"https:\\\/\\\/motormind.ee\\\/wp-content\\\/uploads\\\/2025\\\/11\\\/IMG_3116-scaled.jpg\",\"width\":1920,\"height\":2560},{\"@type\":\"BreadcrumbList\",\"@id\":\"https:\\\/\\\/motormind.ee\\\/product\\\/komplekt-leia-ja-naita-pildidloe-ja-uhenda\\\/#breadcrumb\",\"itemListElement\":[{\"@type\":\"ListItem\",\"position\":1,\"name\":\"\u0413\u043b\u0430\u0432\u043d\u0430\u044f \u0441\u0442\u0440\u0430\u043d\u0438\u0446\u0430\",\"item\":\"https:\\\/\\\/motormind.ee\\\/\"},{\"@type\":\"ListItem\",\"position\":2,\"name\":\"E-pood\",\"item\":\"https:\\\/\\\/motormind.ee\\\/shop\\\/\"},{\"@type\":\"ListItem\",\"position\":3,\"name\":\"Komplekt: Leia ja N\u00e4ita Pildid+Loe ja \u00dchenda\"}]},{\"@type\":\"WebSite\",\"@id\":\"https:\\\/\\\/motormind.ee\\\/#website\",\"url\":\"https:\\\/\\\/motormind.ee\\\/\",\"name\":\"Motormind\",\"description\":\"&Otilde;pi r&otilde;&otilde;muga, &otilde;pi m&auml;ngides!\",\"potentialAction\":[{\"@type\":\"SearchAction\",\"target\":{\"@type\":\"EntryPoint\",\"urlTemplate\":\"https:\\\/\\\/motormind.ee\\\/?s={search_term_string}\"},\"query-input\":{\"@type\":\"PropertyValueSpecification\",\"valueRequired\":true,\"valueName\":\"search_term_string\"}}],\"inLanguage\":\"ru-RU\"}]}<\/script>\n<!-- \/ Yoast SEO plugin. -->","yoast_head_json":{"title":"Komplekt: Leia ja N\u00e4ita Pildid+Loe ja \u00dchenda - Motormind","robots":{"index":"index","follow":"follow","max-snippet":"max-snippet:-1","max-image-preview":"max-image-preview:large","max-video-preview":"max-video-preview:-1"},"canonical":"https:\/\/motormind.ee\/ru\/product\/komplekt-leia-ja-naita-pildidloe-ja-uhenda\/","og_locale":"ru_RU","og_type":"article","og_title":"Komplekt: Leia ja N\u00e4ita Pildid+Loe ja \u00dchenda - Motormind","og_description":"Tegelusvihik: Leia ja N\u00e4ita Pildid See v\u00e4rvikas ja kaasahaarav tegelusvihik aitab teie lapsel m\u00e4nguliselt t\u00e4iendada oma s\u00f5navara ja \u00f5ppida eesti keelt. See on loodud spetsiaalselt selleks, et arendada klassifitseerimisoskusi, loogilist m\u00f5tlemist ja suhtlemisv\u00f5imet. Mis teeb selle tegelusvihiku eriliseks? \u00a0Lai teemade valik \u2013 geomeetrilised kujundid, jalan\u00f5ud, loomad, aastaajad, putukad, tehnika, tegus\u00f5nad ja palju muud. See aitab [&hellip;]","og_url":"https:\/\/motormind.ee\/ru\/product\/komplekt-leia-ja-naita-pildidloe-ja-uhenda\/","og_site_name":"Motormind","article_modified_time":"2025-11-19T09:08:26+00:00","og_image":[{"width":1920,"height":2560,"url":"https:\/\/motormind.ee\/wp-content\/uploads\/2025\/11\/IMG_3116-scaled.jpg","type":"image\/jpeg"}],"twitter_card":"summary_large_image","twitter_misc":{"\u041f\u0440\u0438\u043c\u0435\u0440\u043d\u043e\u0435 \u0432\u0440\u0435\u043c\u044f \u0434\u043b\u044f \u0447\u0442\u0435\u043d\u0438\u044f":"3 \u043c\u0438\u043d\u0443\u0442\u044b"},"schema":{"@context":"https:\/\/schema.org","@graph":[{"@type":"WebPage","@id":"https:\/\/motormind.ee\/product\/komplekt-leia-ja-naita-pildidloe-ja-uhenda\/","url":"https:\/\/motormind.ee\/product\/komplekt-leia-ja-naita-pildidloe-ja-uhenda\/","name":"Komplekt: Leia ja N\u00e4ita Pildid+Loe ja \u00dchenda - Motormind","isPartOf":{"@id":"https:\/\/motormind.ee\/#website"},"primaryImageOfPage":{"@id":"https:\/\/motormind.ee\/product\/komplekt-leia-ja-naita-pildidloe-ja-uhenda\/#primaryimage"},"image":{"@id":"https:\/\/motormind.ee\/product\/komplekt-leia-ja-naita-pildidloe-ja-uhenda\/#primaryimage"},"thumbnailUrl":"https:\/\/motormind.ee\/wp-content\/uploads\/2025\/11\/IMG_3116-scaled.jpg","datePublished":"2025-11-03T07:56:46+00:00","dateModified":"2025-11-19T09:08:26+00:00","breadcrumb":{"@id":"https:\/\/motormind.ee\/product\/komplekt-leia-ja-naita-pildidloe-ja-uhenda\/#breadcrumb"},"inLanguage":"ru-RU","potentialAction":[{"@type":"ReadAction","target":["https:\/\/motormind.ee\/product\/komplekt-leia-ja-naita-pildidloe-ja-uhenda\/"]}]},{"@type":"ImageObject","inLanguage":"ru-RU","@id":"https:\/\/motormind.ee\/product\/komplekt-leia-ja-naita-pildidloe-ja-uhenda\/#primaryimage","url":"https:\/\/motormind.ee\/wp-content\/uploads\/2025\/11\/IMG_3116-scaled.jpg","contentUrl":"https:\/\/motormind.ee\/wp-content\/uploads\/2025\/11\/IMG_3116-scaled.jpg","width":1920,"height":2560},{"@type":"BreadcrumbList","@id":"https:\/\/motormind.ee\/product\/komplekt-leia-ja-naita-pildidloe-ja-uhenda\/#breadcrumb","itemListElement":[{"@type":"ListItem","position":1,"name":"\u0413\u043b\u0430\u0432\u043d\u0430\u044f \u0441\u0442\u0440\u0430\u043d\u0438\u0446\u0430","item":"https:\/\/motormind.ee\/"},{"@type":"ListItem","position":2,"name":"E-pood","item":"https:\/\/motormind.ee\/shop\/"},{"@type":"ListItem","position":3,"name":"Komplekt: Leia ja N\u00e4ita Pildid+Loe ja \u00dchenda"}]},{"@type":"WebSite","@id":"https:\/\/motormind.ee\/#website","url":"https:\/\/motormind.ee\/","name":"Motormind","description":"&Otilde;pi r&otilde;&otilde;muga, &otilde;pi m&auml;ngides!","potentialAction":[{"@type":"SearchAction","target":{"@type":"EntryPoint","urlTemplate":"https:\/\/motormind.ee\/?s={search_term_string}"},"query-input":{"@type":"PropertyValueSpecification","valueRequired":true,"valueName":"search_term_string"}}],"inLanguage":"ru-RU"}]}},"_links":{"self":[{"href":"https:\/\/motormind.ee\/ru\/wp-json\/wp\/v2\/product\/3676","targetHints":{"allow":["GET"]}}],"collection":[{"href":"https:\/\/motormind.ee\/ru\/wp-json\/wp\/v2\/product"}],"about":[{"href":"https:\/\/motormind.ee\/ru\/wp-json\/wp\/v2\/types\/product"}],"replies":[{"embeddable":true,"href":"https:\/\/motormind.ee\/ru\/wp-json\/wp\/v2\/comments?post=3676"}],"version-history":[{"count":1,"href":"https:\/\/motormind.ee\/ru\/wp-json\/wp\/v2\/product\/3676\/revisions"}],"predecessor-version":[{"id":3685,"href":"https:\/\/motormind.ee\/ru\/wp-json\/wp\/v2\/product\/3676\/revisions\/3685"}],"wp:featuredmedia":[{"embeddable":true,"href":"https:\/\/motormind.ee\/ru\/wp-json\/wp\/v2\/media\/3736"}],"wp:attachment":[{"href":"https:\/\/motormind.ee\/ru\/wp-json\/wp\/v2\/media?parent=3676"}],"wp:term":[{"taxonomy":"product_brand","embeddable":true,"href":"https:\/\/motormind.ee\/ru\/wp-json\/wp\/v2\/product_brand?post=3676"},{"taxonomy":"product_cat","embeddable":true,"href":"https:\/\/motormind.ee\/ru\/wp-json\/wp\/v2\/product_cat?post=3676"},{"taxonomy":"product_tag","embeddable":true,"href":"https:\/\/motormind.ee\/ru\/wp-json\/wp\/v2\/product_tag?post=3676"}],"curies":[{"name":"wp","href":"https:\/\/api.w.org\/{rel}","templated":true}]}}