{"id":3764,"date":"2025-11-25T09:28:49","date_gmt":"2025-11-25T09:28:49","guid":{"rendered":"https:\/\/motormind.ee\/?post_type=product&#038;p=3764"},"modified":"2026-04-15T08:21:39","modified_gmt":"2026-04-15T08:21:39","slug":"toolehed-uusaastakomplekt","status":"publish","type":"product","link":"https:\/\/motormind.ee\/ru\/product\/toolehed-uusaastakomplekt\/","title":{"rendered":"T\u00f6\u00f6lehed:  &#8220;Uusaastakomplekt &#8220;"},"content":{"rendered":"<p>\ud83c\udf84 Uusaastakomplekt (PDF-fail) \ud83c\udf81<\/p>\n<p>Ilus ja lihtne PDF-komplekt, kuhu kuulub:<br \/>\n\u2022 31 j\u00f5ulu- ja talveteemalist \u00fclesannet<br \/>\n\u2022 Kiri J\u00f5uluvanale<br \/>\n\u2022 Prinditav \u00fcmbrik kirjale<\/p>\n<p>Sobib ideaalselt advendikalendrisse v\u00f5i igap\u00e4evasteks v\u00e4ikesteks \u00fcllatusteks.<\/p>\n<p>&nbsp;<\/p>\n<p>6 lk<\/p>\n<p>&nbsp;<\/p>\n<p>Tegemist on digitaalse tootega (PDF). P\u00e4rast makset saadetakse allalaadimislink teie e-mailile.<\/p>","protected":false},"excerpt":{"rendered":"<p>\ud83c\udf84 Uusaastakomplekt (PDF-fail) \ud83c\udf81 Ilus ja lihtne PDF-komplekt, kuhu kuulub: \u2022 31 j\u00f5ulu- ja talveteemalist \u00fclesannet \u2022 Kiri J\u00f5uluvanale \u2022 Prinditav \u00fcmbrik kirjale Sobib ideaalselt advendikalendrisse v\u00f5i igap\u00e4evasteks v\u00e4ikesteks \u00fcllatusteks. &nbsp; 6 lk &nbsp; Tegemist on digitaalse tootega (PDF). P\u00e4rast makset saadetakse allalaadimislink teie e-mailile.<\/p>","protected":false},"featured_media":3765,"comment_status":"open","ping_status":"closed","template":"","meta":[],"product_brand":[],"product_cat":[22,157],"product_tag":[],"class_list":{"0":"post-3764","1":"product","2":"type-product","3":"status-publish","4":"has-post-thumbnail","6":"product_cat-toolehed","7":"product_cat-temaatilised-ja-hooajalised-toolehed","9":"first","10":"instock","11":"shipping-taxable","12":"product-type-simple"},"yoast_head":"<!-- This site is optimized with the Yoast SEO plugin v27.4 - https:\/\/yoast.com\/product\/yoast-seo-wordpress\/ -->\n<title>T\u00f6\u00f6lehed: &quot;Uusaastakomplekt &quot; - Motormind<\/title>\n<meta name=\"robots\" content=\"index, follow, max-snippet:-1, max-image-preview:large, max-video-preview:-1\" \/>\n<link rel=\"canonical\" href=\"https:\/\/motormind.ee\/ru\/product\/toolehed-uusaastakomplekt\/\" \/>\n<meta property=\"og:locale\" content=\"ru_RU\" \/>\n<meta property=\"og:type\" content=\"article\" \/>\n<meta property=\"og:title\" content=\"T\u00f6\u00f6lehed: &quot;Uusaastakomplekt &quot; - Motormind\" \/>\n<meta property=\"og:description\" content=\"\ud83c\udf84 Uusaastakomplekt (PDF-fail) \ud83c\udf81 Ilus ja lihtne PDF-komplekt, kuhu kuulub: \u2022 31 j\u00f5ulu- ja talveteemalist \u00fclesannet \u2022 Kiri J\u00f5uluvanale \u2022 Prinditav \u00fcmbrik kirjale Sobib ideaalselt advendikalendrisse v\u00f5i igap\u00e4evasteks v\u00e4ikesteks \u00fcllatusteks. &nbsp; 6 lk &nbsp; Tegemist on digitaalse tootega (PDF). P\u00e4rast makset saadetakse allalaadimislink teie e-mailile.\" \/>\n<meta property=\"og:url\" content=\"https:\/\/motormind.ee\/ru\/product\/toolehed-uusaastakomplekt\/\" \/>\n<meta property=\"og:site_name\" content=\"Motormind\" \/>\n<meta property=\"article:modified_time\" content=\"2026-04-15T08:21:39+00:00\" \/>\n<meta property=\"og:image\" content=\"https:\/\/motormind.ee\/wp-content\/uploads\/2025\/11\/IMG_3593.jpeg\" \/>\n\t<meta property=\"og:image:width\" content=\"2048\" \/>\n\t<meta property=\"og:image:height\" content=\"2048\" \/>\n\t<meta property=\"og:image:type\" content=\"image\/jpeg\" \/>\n<meta name=\"twitter:card\" content=\"summary_large_image\" \/>\n<meta name=\"twitter:label1\" content=\"\u041f\u0440\u0438\u043c\u0435\u0440\u043d\u043e\u0435 \u0432\u0440\u0435\u043c\u044f \u0434\u043b\u044f \u0447\u0442\u0435\u043d\u0438\u044f\" \/>\n\t<meta name=\"twitter:data1\" content=\"1 \u043c\u0438\u043d\u0443\u0442\u0430\" \/>\n<script type=\"application\/ld+json\" class=\"yoast-schema-graph\">{\"@context\":\"https:\\\/\\\/schema.org\",\"@graph\":[{\"@type\":\"WebPage\",\"@id\":\"https:\\\/\\\/motormind.ee\\\/product\\\/toolehed-uusaastakomplekt\\\/\",\"url\":\"https:\\\/\\\/motormind.ee\\\/product\\\/toolehed-uusaastakomplekt\\\/\",\"name\":\"T\u00f6\u00f6lehed: \\\"Uusaastakomplekt \\\" - Motormind\",\"isPartOf\":{\"@id\":\"https:\\\/\\\/motormind.ee\\\/#website\"},\"primaryImageOfPage\":{\"@id\":\"https:\\\/\\\/motormind.ee\\\/product\\\/toolehed-uusaastakomplekt\\\/#primaryimage\"},\"image\":{\"@id\":\"https:\\\/\\\/motormind.ee\\\/product\\\/toolehed-uusaastakomplekt\\\/#primaryimage\"},\"thumbnailUrl\":\"https:\\\/\\\/motormind.ee\\\/wp-content\\\/uploads\\\/2025\\\/11\\\/IMG_3593.jpeg\",\"datePublished\":\"2025-11-25T09:28:49+00:00\",\"dateModified\":\"2026-04-15T08:21:39+00:00\",\"breadcrumb\":{\"@id\":\"https:\\\/\\\/motormind.ee\\\/product\\\/toolehed-uusaastakomplekt\\\/#breadcrumb\"},\"inLanguage\":\"ru-RU\",\"potentialAction\":[{\"@type\":\"ReadAction\",\"target\":[\"https:\\\/\\\/motormind.ee\\\/product\\\/toolehed-uusaastakomplekt\\\/\"]}]},{\"@type\":\"ImageObject\",\"inLanguage\":\"ru-RU\",\"@id\":\"https:\\\/\\\/motormind.ee\\\/product\\\/toolehed-uusaastakomplekt\\\/#primaryimage\",\"url\":\"https:\\\/\\\/motormind.ee\\\/wp-content\\\/uploads\\\/2025\\\/11\\\/IMG_3593.jpeg\",\"contentUrl\":\"https:\\\/\\\/motormind.ee\\\/wp-content\\\/uploads\\\/2025\\\/11\\\/IMG_3593.jpeg\",\"width\":2048,\"height\":2048},{\"@type\":\"BreadcrumbList\",\"@id\":\"https:\\\/\\\/motormind.ee\\\/product\\\/toolehed-uusaastakomplekt\\\/#breadcrumb\",\"itemListElement\":[{\"@type\":\"ListItem\",\"position\":1,\"name\":\"\u0413\u043b\u0430\u0432\u043d\u0430\u044f \u0441\u0442\u0440\u0430\u043d\u0438\u0446\u0430\",\"item\":\"https:\\\/\\\/motormind.ee\\\/\"},{\"@type\":\"ListItem\",\"position\":2,\"name\":\"E-pood\",\"item\":\"https:\\\/\\\/motormind.ee\\\/shop\\\/\"},{\"@type\":\"ListItem\",\"position\":3,\"name\":\"T\u00f6\u00f6lehed: &#8220;Uusaastakomplekt &#8220;\"}]},{\"@type\":\"WebSite\",\"@id\":\"https:\\\/\\\/motormind.ee\\\/#website\",\"url\":\"https:\\\/\\\/motormind.ee\\\/\",\"name\":\"Motormind\",\"description\":\"&Otilde;pi r&otilde;&otilde;muga, &otilde;pi m&auml;ngides!\",\"potentialAction\":[{\"@type\":\"SearchAction\",\"target\":{\"@type\":\"EntryPoint\",\"urlTemplate\":\"https:\\\/\\\/motormind.ee\\\/?s={search_term_string}\"},\"query-input\":{\"@type\":\"PropertyValueSpecification\",\"valueRequired\":true,\"valueName\":\"search_term_string\"}}],\"inLanguage\":\"ru-RU\"}]}<\/script>\n<!-- \/ Yoast SEO plugin. -->","yoast_head_json":{"title":"T\u00f6\u00f6lehed: \"Uusaastakomplekt \" - Motormind","robots":{"index":"index","follow":"follow","max-snippet":"max-snippet:-1","max-image-preview":"max-image-preview:large","max-video-preview":"max-video-preview:-1"},"canonical":"https:\/\/motormind.ee\/ru\/product\/toolehed-uusaastakomplekt\/","og_locale":"ru_RU","og_type":"article","og_title":"T\u00f6\u00f6lehed: \"Uusaastakomplekt \" - Motormind","og_description":"\ud83c\udf84 Uusaastakomplekt (PDF-fail) \ud83c\udf81 Ilus ja lihtne PDF-komplekt, kuhu kuulub: \u2022 31 j\u00f5ulu- ja talveteemalist \u00fclesannet \u2022 Kiri J\u00f5uluvanale \u2022 Prinditav \u00fcmbrik kirjale Sobib ideaalselt advendikalendrisse v\u00f5i igap\u00e4evasteks v\u00e4ikesteks \u00fcllatusteks. &nbsp; 6 lk &nbsp; Tegemist on digitaalse tootega (PDF). P\u00e4rast makset saadetakse allalaadimislink teie e-mailile.","og_url":"https:\/\/motormind.ee\/ru\/product\/toolehed-uusaastakomplekt\/","og_site_name":"Motormind","article_modified_time":"2026-04-15T08:21:39+00:00","og_image":[{"width":2048,"height":2048,"url":"https:\/\/motormind.ee\/wp-content\/uploads\/2025\/11\/IMG_3593.jpeg","type":"image\/jpeg"}],"twitter_card":"summary_large_image","twitter_misc":{"\u041f\u0440\u0438\u043c\u0435\u0440\u043d\u043e\u0435 \u0432\u0440\u0435\u043c\u044f \u0434\u043b\u044f \u0447\u0442\u0435\u043d\u0438\u044f":"1 \u043c\u0438\u043d\u0443\u0442\u0430"},"schema":{"@context":"https:\/\/schema.org","@graph":[{"@type":"WebPage","@id":"https:\/\/motormind.ee\/product\/toolehed-uusaastakomplekt\/","url":"https:\/\/motormind.ee\/product\/toolehed-uusaastakomplekt\/","name":"T\u00f6\u00f6lehed: \"Uusaastakomplekt \" - Motormind","isPartOf":{"@id":"https:\/\/motormind.ee\/#website"},"primaryImageOfPage":{"@id":"https:\/\/motormind.ee\/product\/toolehed-uusaastakomplekt\/#primaryimage"},"image":{"@id":"https:\/\/motormind.ee\/product\/toolehed-uusaastakomplekt\/#primaryimage"},"thumbnailUrl":"https:\/\/motormind.ee\/wp-content\/uploads\/2025\/11\/IMG_3593.jpeg","datePublished":"2025-11-25T09:28:49+00:00","dateModified":"2026-04-15T08:21:39+00:00","breadcrumb":{"@id":"https:\/\/motormind.ee\/product\/toolehed-uusaastakomplekt\/#breadcrumb"},"inLanguage":"ru-RU","potentialAction":[{"@type":"ReadAction","target":["https:\/\/motormind.ee\/product\/toolehed-uusaastakomplekt\/"]}]},{"@type":"ImageObject","inLanguage":"ru-RU","@id":"https:\/\/motormind.ee\/product\/toolehed-uusaastakomplekt\/#primaryimage","url":"https:\/\/motormind.ee\/wp-content\/uploads\/2025\/11\/IMG_3593.jpeg","contentUrl":"https:\/\/motormind.ee\/wp-content\/uploads\/2025\/11\/IMG_3593.jpeg","width":2048,"height":2048},{"@type":"BreadcrumbList","@id":"https:\/\/motormind.ee\/product\/toolehed-uusaastakomplekt\/#breadcrumb","itemListElement":[{"@type":"ListItem","position":1,"name":"\u0413\u043b\u0430\u0432\u043d\u0430\u044f \u0441\u0442\u0440\u0430\u043d\u0438\u0446\u0430","item":"https:\/\/motormind.ee\/"},{"@type":"ListItem","position":2,"name":"E-pood","item":"https:\/\/motormind.ee\/shop\/"},{"@type":"ListItem","position":3,"name":"T\u00f6\u00f6lehed: &#8220;Uusaastakomplekt &#8220;"}]},{"@type":"WebSite","@id":"https:\/\/motormind.ee\/#website","url":"https:\/\/motormind.ee\/","name":"Motormind","description":"&Otilde;pi r&otilde;&otilde;muga, &otilde;pi m&auml;ngides!","potentialAction":[{"@type":"SearchAction","target":{"@type":"EntryPoint","urlTemplate":"https:\/\/motormind.ee\/?s={search_term_string}"},"query-input":{"@type":"PropertyValueSpecification","valueRequired":true,"valueName":"search_term_string"}}],"inLanguage":"ru-RU"}]}},"_links":{"self":[{"href":"https:\/\/motormind.ee\/ru\/wp-json\/wp\/v2\/product\/3764","targetHints":{"allow":["GET"]}}],"collection":[{"href":"https:\/\/motormind.ee\/ru\/wp-json\/wp\/v2\/product"}],"about":[{"href":"https:\/\/motormind.ee\/ru\/wp-json\/wp\/v2\/types\/product"}],"replies":[{"embeddable":true,"href":"https:\/\/motormind.ee\/ru\/wp-json\/wp\/v2\/comments?post=3764"}],"version-history":[{"count":3,"href":"https:\/\/motormind.ee\/ru\/wp-json\/wp\/v2\/product\/3764\/revisions"}],"predecessor-version":[{"id":4234,"href":"https:\/\/motormind.ee\/ru\/wp-json\/wp\/v2\/product\/3764\/revisions\/4234"}],"wp:featuredmedia":[{"embeddable":true,"href":"https:\/\/motormind.ee\/ru\/wp-json\/wp\/v2\/media\/3765"}],"wp:attachment":[{"href":"https:\/\/motormind.ee\/ru\/wp-json\/wp\/v2\/media?parent=3764"}],"wp:term":[{"taxonomy":"product_brand","embeddable":true,"href":"https:\/\/motormind.ee\/ru\/wp-json\/wp\/v2\/product_brand?post=3764"},{"taxonomy":"product_cat","embeddable":true,"href":"https:\/\/motormind.ee\/ru\/wp-json\/wp\/v2\/product_cat?post=3764"},{"taxonomy":"product_tag","embeddable":true,"href":"https:\/\/motormind.ee\/ru\/wp-json\/wp\/v2\/product_tag?post=3764"}],"curies":[{"name":"wp","href":"https:\/\/api.w.org\/{rel}","templated":true}]}}