{"id":3885,"date":"2026-01-02T10:29:52","date_gmt":"2026-01-02T10:29:52","guid":{"rendered":"https:\/\/motormind.ee\/?post_type=product&#038;p=3885"},"modified":"2026-01-05T11:30:39","modified_gmt":"2026-01-05T11:30:39","slug":"vulkaan","status":"publish","type":"product","link":"https:\/\/motormind.ee\/ru\/product\/vulkaan\/","title":{"rendered":"Vulkaan"},"content":{"rendered":"<p>Kipsist vulkaan ja sellega seotud \u00fclesanded<\/p>\n<p>Hariv ja loov komplekt lastele, mis tutvustab vulkaani ehitust ja purskeid m\u00e4ngulisel ning arendaval viisil. Komplekt sisaldab kipsist vulkaani, v\u00e4rvilisi dinosauruste kujukesi ja \u00f5ppematerjale.<\/p>\n<p>Komplekti abil saavad lapsed:<br \/>\ntutvuda vulkaani ehituse ja loodusn\u00e4htustega;<br \/>\narendada loogilist m\u00f5tlemist, peenmotoorikat ja kujutlusv\u00f5imet;<br \/>\nt\u00e4ita erinevaid \u00fclesandeid (joonistamine, sorteerimine, sobitamine);<br \/>\nm\u00e4ngida rollim\u00e4nge dinosauruste ja eelajaloolise maailmaga.<\/p>\n<p>Sobib kasutamiseks lasteaias, koolis ja kodus. Ideaalne \u00f5ppimiseks l\u00e4bi m\u00e4ngu ning loovaks ajaveetmiseks.<br \/>\nSoovituslik vanus: 3-7<\/p>","protected":false},"excerpt":{"rendered":"<p>Kipsist vulkaan ja sellega seotud \u00fclesanded Hariv ja loov komplekt lastele, mis tutvustab vulkaani ehitust ja purskeid m\u00e4ngulisel ning arendaval viisil. Komplekt sisaldab kipsist vulkaani, v\u00e4rvilisi dinosauruste kujukesi ja \u00f5ppematerjale. Komplekti abil saavad lapsed: tutvuda vulkaani ehituse ja loodusn\u00e4htustega; arendada loogilist m\u00f5tlemist, peenmotoorikat ja kujutlusv\u00f5imet; t\u00e4ita erinevaid \u00fclesandeid (joonistamine, sorteerimine, sobitamine); m\u00e4ngida rollim\u00e4nge dinosauruste ja [&hellip;]<\/p>\n","protected":false},"featured_media":3887,"comment_status":"open","ping_status":"closed","template":"","meta":[],"product_brand":[],"product_cat":[15],"product_tag":[],"class_list":{"0":"post-3885","1":"product","2":"type-product","3":"status-publish","4":"has-post-thumbnail","6":"product_cat-erinevad","8":"first","9":"instock","10":"shipping-taxable","11":"purchasable","12":"product-type-simple"},"yoast_head":"<!-- This site is optimized with the Yoast SEO plugin v27.4 - https:\/\/yoast.com\/product\/yoast-seo-wordpress\/ -->\n<title>Vulkaan - Motormind<\/title>\n<meta name=\"robots\" content=\"index, follow, max-snippet:-1, max-image-preview:large, max-video-preview:-1\" \/>\n<link rel=\"canonical\" href=\"https:\/\/motormind.ee\/ru\/product\/vulkaan\/\" \/>\n<meta property=\"og:locale\" content=\"ru_RU\" \/>\n<meta property=\"og:type\" content=\"article\" \/>\n<meta property=\"og:title\" content=\"Vulkaan - Motormind\" \/>\n<meta property=\"og:description\" content=\"Kipsist vulkaan ja sellega seotud \u00fclesanded Hariv ja loov komplekt lastele, mis tutvustab vulkaani ehitust ja purskeid m\u00e4ngulisel ning arendaval viisil. Komplekt sisaldab kipsist vulkaani, v\u00e4rvilisi dinosauruste kujukesi ja \u00f5ppematerjale. Komplekti abil saavad lapsed: tutvuda vulkaani ehituse ja loodusn\u00e4htustega; arendada loogilist m\u00f5tlemist, peenmotoorikat ja kujutlusv\u00f5imet; t\u00e4ita erinevaid \u00fclesandeid (joonistamine, sorteerimine, sobitamine); m\u00e4ngida rollim\u00e4nge dinosauruste ja [&hellip;]\" \/>\n<meta property=\"og:url\" content=\"https:\/\/motormind.ee\/ru\/product\/vulkaan\/\" \/>\n<meta property=\"og:site_name\" content=\"Motormind\" \/>\n<meta property=\"article:modified_time\" content=\"2026-01-05T11:30:39+00:00\" \/>\n<meta property=\"og:image\" content=\"https:\/\/motormind.ee\/wp-content\/uploads\/2026\/01\/IMG_1552-scaled.jpg\" \/>\n\t<meta property=\"og:image:width\" content=\"2560\" \/>\n\t<meta property=\"og:image:height\" content=\"2209\" \/>\n\t<meta property=\"og:image:type\" content=\"image\/jpeg\" \/>\n<meta name=\"twitter:card\" content=\"summary_large_image\" \/>\n<meta name=\"twitter:label1\" content=\"\u041f\u0440\u0438\u043c\u0435\u0440\u043d\u043e\u0435 \u0432\u0440\u0435\u043c\u044f \u0434\u043b\u044f \u0447\u0442\u0435\u043d\u0438\u044f\" \/>\n\t<meta name=\"twitter:data1\" content=\"1 \u043c\u0438\u043d\u0443\u0442\u0430\" \/>\n<script type=\"application\/ld+json\" class=\"yoast-schema-graph\">{\"@context\":\"https:\\\/\\\/schema.org\",\"@graph\":[{\"@type\":\"WebPage\",\"@id\":\"https:\\\/\\\/motormind.ee\\\/product\\\/vulkaan\\\/\",\"url\":\"https:\\\/\\\/motormind.ee\\\/product\\\/vulkaan\\\/\",\"name\":\"Vulkaan - Motormind\",\"isPartOf\":{\"@id\":\"https:\\\/\\\/motormind.ee\\\/#website\"},\"primaryImageOfPage\":{\"@id\":\"https:\\\/\\\/motormind.ee\\\/product\\\/vulkaan\\\/#primaryimage\"},\"image\":{\"@id\":\"https:\\\/\\\/motormind.ee\\\/product\\\/vulkaan\\\/#primaryimage\"},\"thumbnailUrl\":\"https:\\\/\\\/motormind.ee\\\/wp-content\\\/uploads\\\/2026\\\/01\\\/IMG_1552-scaled.jpg\",\"datePublished\":\"2026-01-02T10:29:52+00:00\",\"dateModified\":\"2026-01-05T11:30:39+00:00\",\"breadcrumb\":{\"@id\":\"https:\\\/\\\/motormind.ee\\\/product\\\/vulkaan\\\/#breadcrumb\"},\"inLanguage\":\"ru-RU\",\"potentialAction\":[{\"@type\":\"ReadAction\",\"target\":[\"https:\\\/\\\/motormind.ee\\\/product\\\/vulkaan\\\/\"]}]},{\"@type\":\"ImageObject\",\"inLanguage\":\"ru-RU\",\"@id\":\"https:\\\/\\\/motormind.ee\\\/product\\\/vulkaan\\\/#primaryimage\",\"url\":\"https:\\\/\\\/motormind.ee\\\/wp-content\\\/uploads\\\/2026\\\/01\\\/IMG_1552-scaled.jpg\",\"contentUrl\":\"https:\\\/\\\/motormind.ee\\\/wp-content\\\/uploads\\\/2026\\\/01\\\/IMG_1552-scaled.jpg\",\"width\":2560,\"height\":2209},{\"@type\":\"BreadcrumbList\",\"@id\":\"https:\\\/\\\/motormind.ee\\\/product\\\/vulkaan\\\/#breadcrumb\",\"itemListElement\":[{\"@type\":\"ListItem\",\"position\":1,\"name\":\"\u0413\u043b\u0430\u0432\u043d\u0430\u044f \u0441\u0442\u0440\u0430\u043d\u0438\u0446\u0430\",\"item\":\"https:\\\/\\\/motormind.ee\\\/\"},{\"@type\":\"ListItem\",\"position\":2,\"name\":\"E-pood\",\"item\":\"https:\\\/\\\/motormind.ee\\\/shop\\\/\"},{\"@type\":\"ListItem\",\"position\":3,\"name\":\"Vulkaan\"}]},{\"@type\":\"WebSite\",\"@id\":\"https:\\\/\\\/motormind.ee\\\/#website\",\"url\":\"https:\\\/\\\/motormind.ee\\\/\",\"name\":\"Motormind\",\"description\":\"&Otilde;pi r&otilde;&otilde;muga, &otilde;pi m&auml;ngides!\",\"potentialAction\":[{\"@type\":\"SearchAction\",\"target\":{\"@type\":\"EntryPoint\",\"urlTemplate\":\"https:\\\/\\\/motormind.ee\\\/?s={search_term_string}\"},\"query-input\":{\"@type\":\"PropertyValueSpecification\",\"valueRequired\":true,\"valueName\":\"search_term_string\"}}],\"inLanguage\":\"ru-RU\"}]}<\/script>\n<!-- \/ Yoast SEO plugin. -->","yoast_head_json":{"title":"Vulkaan - Motormind","robots":{"index":"index","follow":"follow","max-snippet":"max-snippet:-1","max-image-preview":"max-image-preview:large","max-video-preview":"max-video-preview:-1"},"canonical":"https:\/\/motormind.ee\/ru\/product\/vulkaan\/","og_locale":"ru_RU","og_type":"article","og_title":"Vulkaan - Motormind","og_description":"Kipsist vulkaan ja sellega seotud \u00fclesanded Hariv ja loov komplekt lastele, mis tutvustab vulkaani ehitust ja purskeid m\u00e4ngulisel ning arendaval viisil. Komplekt sisaldab kipsist vulkaani, v\u00e4rvilisi dinosauruste kujukesi ja \u00f5ppematerjale. Komplekti abil saavad lapsed: tutvuda vulkaani ehituse ja loodusn\u00e4htustega; arendada loogilist m\u00f5tlemist, peenmotoorikat ja kujutlusv\u00f5imet; t\u00e4ita erinevaid \u00fclesandeid (joonistamine, sorteerimine, sobitamine); m\u00e4ngida rollim\u00e4nge dinosauruste ja [&hellip;]","og_url":"https:\/\/motormind.ee\/ru\/product\/vulkaan\/","og_site_name":"Motormind","article_modified_time":"2026-01-05T11:30:39+00:00","og_image":[{"width":2560,"height":2209,"url":"https:\/\/motormind.ee\/wp-content\/uploads\/2026\/01\/IMG_1552-scaled.jpg","type":"image\/jpeg"}],"twitter_card":"summary_large_image","twitter_misc":{"\u041f\u0440\u0438\u043c\u0435\u0440\u043d\u043e\u0435 \u0432\u0440\u0435\u043c\u044f \u0434\u043b\u044f \u0447\u0442\u0435\u043d\u0438\u044f":"1 \u043c\u0438\u043d\u0443\u0442\u0430"},"schema":{"@context":"https:\/\/schema.org","@graph":[{"@type":"WebPage","@id":"https:\/\/motormind.ee\/product\/vulkaan\/","url":"https:\/\/motormind.ee\/product\/vulkaan\/","name":"Vulkaan - Motormind","isPartOf":{"@id":"https:\/\/motormind.ee\/#website"},"primaryImageOfPage":{"@id":"https:\/\/motormind.ee\/product\/vulkaan\/#primaryimage"},"image":{"@id":"https:\/\/motormind.ee\/product\/vulkaan\/#primaryimage"},"thumbnailUrl":"https:\/\/motormind.ee\/wp-content\/uploads\/2026\/01\/IMG_1552-scaled.jpg","datePublished":"2026-01-02T10:29:52+00:00","dateModified":"2026-01-05T11:30:39+00:00","breadcrumb":{"@id":"https:\/\/motormind.ee\/product\/vulkaan\/#breadcrumb"},"inLanguage":"ru-RU","potentialAction":[{"@type":"ReadAction","target":["https:\/\/motormind.ee\/product\/vulkaan\/"]}]},{"@type":"ImageObject","inLanguage":"ru-RU","@id":"https:\/\/motormind.ee\/product\/vulkaan\/#primaryimage","url":"https:\/\/motormind.ee\/wp-content\/uploads\/2026\/01\/IMG_1552-scaled.jpg","contentUrl":"https:\/\/motormind.ee\/wp-content\/uploads\/2026\/01\/IMG_1552-scaled.jpg","width":2560,"height":2209},{"@type":"BreadcrumbList","@id":"https:\/\/motormind.ee\/product\/vulkaan\/#breadcrumb","itemListElement":[{"@type":"ListItem","position":1,"name":"\u0413\u043b\u0430\u0432\u043d\u0430\u044f \u0441\u0442\u0440\u0430\u043d\u0438\u0446\u0430","item":"https:\/\/motormind.ee\/"},{"@type":"ListItem","position":2,"name":"E-pood","item":"https:\/\/motormind.ee\/shop\/"},{"@type":"ListItem","position":3,"name":"Vulkaan"}]},{"@type":"WebSite","@id":"https:\/\/motormind.ee\/#website","url":"https:\/\/motormind.ee\/","name":"Motormind","description":"&Otilde;pi r&otilde;&otilde;muga, &otilde;pi m&auml;ngides!","potentialAction":[{"@type":"SearchAction","target":{"@type":"EntryPoint","urlTemplate":"https:\/\/motormind.ee\/?s={search_term_string}"},"query-input":{"@type":"PropertyValueSpecification","valueRequired":true,"valueName":"search_term_string"}}],"inLanguage":"ru-RU"}]}},"_links":{"self":[{"href":"https:\/\/motormind.ee\/ru\/wp-json\/wp\/v2\/product\/3885","targetHints":{"allow":["GET"]}}],"collection":[{"href":"https:\/\/motormind.ee\/ru\/wp-json\/wp\/v2\/product"}],"about":[{"href":"https:\/\/motormind.ee\/ru\/wp-json\/wp\/v2\/types\/product"}],"replies":[{"embeddable":true,"href":"https:\/\/motormind.ee\/ru\/wp-json\/wp\/v2\/comments?post=3885"}],"version-history":[{"count":1,"href":"https:\/\/motormind.ee\/ru\/wp-json\/wp\/v2\/product\/3885\/revisions"}],"predecessor-version":[{"id":3889,"href":"https:\/\/motormind.ee\/ru\/wp-json\/wp\/v2\/product\/3885\/revisions\/3889"}],"wp:featuredmedia":[{"embeddable":true,"href":"https:\/\/motormind.ee\/ru\/wp-json\/wp\/v2\/media\/3887"}],"wp:attachment":[{"href":"https:\/\/motormind.ee\/ru\/wp-json\/wp\/v2\/media?parent=3885"}],"wp:term":[{"taxonomy":"product_brand","embeddable":true,"href":"https:\/\/motormind.ee\/ru\/wp-json\/wp\/v2\/product_brand?post=3885"},{"taxonomy":"product_cat","embeddable":true,"href":"https:\/\/motormind.ee\/ru\/wp-json\/wp\/v2\/product_cat?post=3885"},{"taxonomy":"product_tag","embeddable":true,"href":"https:\/\/motormind.ee\/ru\/wp-json\/wp\/v2\/product_tag?post=3885"}],"curies":[{"name":"wp","href":"https:\/\/api.w.org\/{rel}","templated":true}]}}