{"id":3904,"date":"2026-01-15T06:32:04","date_gmt":"2026-01-15T06:32:04","guid":{"rendered":"https:\/\/motormind.ee\/?post_type=product&#038;p=3904"},"modified":"2026-01-19T07:01:02","modified_gmt":"2026-01-19T07:01:02","slug":"varvilised-noobikesed","status":"publish","type":"product","link":"https:\/\/motormind.ee\/ru\/product\/varvilised-noobikesed\/","title":{"rendered":"\u201eV\u00e4rvilised n\u00f6\u00f6bikesed\u201c"},"content":{"rendered":"<p>\u00ab\u0426\u0432\u0435\u0442\u043d\u044b\u0435 \u043f\u0443\u0433\u043e\u0432\u0438\u0447\u043a\u0438\u00bb \u2014 \u044d\u0442\u043e \u0443\u0432\u043b\u0435\u043a\u0430\u0442\u0435\u043b\u044c\u043d\u0430\u044f \u0440\u0430\u0437\u0432\u0438\u0432\u0430\u044e\u0449\u0430\u044f \u0438\u0433\u0440\u0430 \u0434\u043b\u044f \u043c\u0430\u043b\u044b\u0448\u0435\u0439, \u043a\u043e\u0442\u043e\u0440\u0430\u044f<br \/>\n\u043f\u043e\u043c\u043e\u0433\u0430\u0435\u0442 \u0438\u0437\u0443\u0447\u0430\u0442\u044c \u0446\u0432\u0435\u0442\u0430, \u0440\u0430\u0437\u0432\u0438\u0432\u0430\u0442\u044c \u043c\u0435\u043b\u043a\u0443\u044e \u043c\u043e\u0442\u043e\u0440\u0438\u043a\u0443 \u0438 \u043b\u043e\u0433\u0438\u0447\u0435\u0441\u043a\u043e\u0435 \u043c\u044b\u0448\u043b\u0435\u043d\u0438\u0435. \u0412 \u043d\u0430\u0431\u043e\u0440 \u0432\u0445\u043e\u0434\u0438\u0442<br \/>\n\u043c\u0438\u043b\u044b\u0439 \u043c\u0438\u0448\u043a\u0430, \u043a\u043e\u0442\u043e\u0440\u043e\u043c\u0443 \u043d\u0443\u0436\u043d\u043e \u043f\u043e\u0434\u0431\u0438\u0440\u0430\u0442\u044c \u0438 \u043f\u0440\u0438\u043a\u0440\u0435\u043f\u043b\u044f\u0442\u044c \u0440\u0430\u0437\u043d\u043e\u0446\u0432\u0435\u0442\u043d\u044b\u0435 \u043f\u0443\u0433\u043e\u0432\u0438\u0447\u043a\u0438 \u043f\u043e<br \/>\n\u043e\u0431\u0440\u0430\u0437\u0446\u0430\u043c \u043d\u0430 \u043a\u0430\u0440\u0442\u043e\u0447\u043a\u0430\u0445.<\/p>\n<p>\u0418\u0433\u0440\u0430 \u00ab\u0426\u0432\u0435\u0442\u043d\u044b\u0435 \u043f\u0443\u0433\u043e\u0432\u0438\u0447\u043a\u0438\u00bb \u0441\u043f\u043e\u0441\u043e\u0431\u0441\u0442\u0432\u0443\u0435\u0442 \u0440\u0430\u0437\u0432\u0438\u0442\u0438\u044e \u0432\u043d\u0438\u043c\u0430\u043d\u0438\u044f, \u043a\u043e\u043e\u0440\u0434\u0438\u043d\u0430\u0446\u0438\u0438 \u0434\u0432\u0438\u0436\u0435\u043d\u0438\u0439 \u0438<br \/>\n\u0437\u0440\u0438\u0442\u0435\u043b\u044c\u043d\u043e\u0439 \u043f\u0430\u043c\u044f\u0442\u0438, \u043f\u0440\u0435\u0432\u0440\u0430\u0449\u0430\u044f \u043e\u0431\u0443\u0447\u0435\u043d\u0438\u0435 \u0432 \u0432\u0435\u0441\u0435\u043b\u043e\u0435 \u0437\u0430\u043d\u044f\u0442\u0438\u0435. \u041f\u0440\u043e\u0447\u043d\u044b\u0435 \u0438 \u0431\u0435\u0437\u043e\u043f\u0430\u0441\u043d\u044b\u0435<br \/>\n\u043c\u0430\u0442\u0435\u0440\u0438\u0430\u043b\u044b \u0438\u0434\u0435\u0430\u043b\u044c\u043d\u043e \u043f\u043e\u0434\u0445\u043e\u0434\u044f\u0442 \u0434\u043b\u044f \u043c\u0430\u043b\u0435\u043d\u044c\u043a\u0438\u0445 \u0440\u0443\u0447\u0435\u043a, \u0434\u0435\u043b\u0430\u044f \u0438\u0433\u0440\u0443 \u043d\u0435 \u0442\u043e\u043b\u044c\u043a\u043e \u043f\u043e\u043b\u0435\u0437\u043d\u043e\u0439, \u043d\u043e \u0438<br \/>\n\u0431\u0435\u0437\u043e\u043f\u0430\u0441\u043d\u043e\u0439. \u042d\u0442\u043e \u0438\u0434\u0435\u0430\u043b\u044c\u043d\u044b\u0439 \u0441\u043f\u043e\u0441\u043e\u0431 \u043f\u0440\u043e\u0432\u0435\u0441\u0442\u0438 \u0432\u0440\u0435\u043c\u044f \u0441 \u043f\u043e\u043b\u044c\u0437\u043e\u0439, \u0438\u0433\u0440\u0430\u044f \u0438 \u0438\u0437\u0443\u0447\u0430\u044f \u043c\u0438\u0440 \u0446\u0432\u0435\u0442\u043e\u0432<br \/>\n\u0432\u043c\u0435\u0441\u0442\u0435 \u0441 \u0432\u0430\u0448\u0438\u043c \u043c\u0430\u043b\u044b\u0448\u043e\u043c!<\/p>\n<p>\u201eV\u00e4rvilised n\u00f6\u00f6bikesed\u201c on p\u00f5nev arendav m\u00e4ng v\u00e4ikelastele, mis aitab \u00f5ppida v\u00e4rve, arendada<br \/>\npeenmotoorikat ja loogilist m\u00f5tlemist. Komplekt sisaldab armsat karu, kellele tuleb kinnitada<br \/>\nerinevat v\u00e4rvi n\u00f6\u00f6pe vastavalt kaardil olevale n\u00e4idisele.<\/p>\n<p>M\u00e4ng \u201eV\u00e4rvilised n\u00f6\u00f6bikesed\u201c arendab t\u00e4helepanu, liigutuste koordineerimist ja visuaalset m\u00e4lu,<br \/>\nmuutes \u00f5ppimise l\u00f5busaks tegevuseks. Vastupidavad ja ohutud materjalid sobivad ideaalselt<br \/>\nv\u00e4ikestele k\u00e4tele, muutes m\u00e4ngu mitte ainult kasulikuks, vaid ka turvaliseks. See on suurep\u00e4rane<\/p>","protected":false},"excerpt":{"rendered":"<p>\u00ab\u0426\u0432\u0435\u0442\u043d\u044b\u0435 \u043f\u0443\u0433\u043e\u0432\u0438\u0447\u043a\u0438\u00bb \u2014 \u044d\u0442\u043e \u0443\u0432\u043b\u0435\u043a\u0430\u0442\u0435\u043b\u044c\u043d\u0430\u044f \u0440\u0430\u0437\u0432\u0438\u0432\u0430\u044e\u0449\u0430\u044f \u0438\u0433\u0440\u0430 \u0434\u043b\u044f \u043c\u0430\u043b\u044b\u0448\u0435\u0439, \u043a\u043e\u0442\u043e\u0440\u0430\u044f \u043f\u043e\u043c\u043e\u0433\u0430\u0435\u0442 \u0438\u0437\u0443\u0447\u0430\u0442\u044c \u0446\u0432\u0435\u0442\u0430, \u0440\u0430\u0437\u0432\u0438\u0432\u0430\u0442\u044c \u043c\u0435\u043b\u043a\u0443\u044e \u043c\u043e\u0442\u043e\u0440\u0438\u043a\u0443 \u0438 \u043b\u043e\u0433\u0438\u0447\u0435\u0441\u043a\u043e\u0435 \u043c\u044b\u0448\u043b\u0435\u043d\u0438\u0435. \u0412 \u043d\u0430\u0431\u043e\u0440 \u0432\u0445\u043e\u0434\u0438\u0442 \u043c\u0438\u043b\u044b\u0439 \u043c\u0438\u0448\u043a\u0430, \u043a\u043e\u0442\u043e\u0440\u043e\u043c\u0443 \u043d\u0443\u0436\u043d\u043e \u043f\u043e\u0434\u0431\u0438\u0440\u0430\u0442\u044c \u0438 \u043f\u0440\u0438\u043a\u0440\u0435\u043f\u043b\u044f\u0442\u044c \u0440\u0430\u0437\u043d\u043e\u0446\u0432\u0435\u0442\u043d\u044b\u0435 \u043f\u0443\u0433\u043e\u0432\u0438\u0447\u043a\u0438 \u043f\u043e \u043e\u0431\u0440\u0430\u0437\u0446\u0430\u043c \u043d\u0430 \u043a\u0430\u0440\u0442\u043e\u0447\u043a\u0430\u0445. \u0418\u0433\u0440\u0430 \u00ab\u0426\u0432\u0435\u0442\u043d\u044b\u0435 \u043f\u0443\u0433\u043e\u0432\u0438\u0447\u043a\u0438\u00bb \u0441\u043f\u043e\u0441\u043e\u0431\u0441\u0442\u0432\u0443\u0435\u0442 \u0440\u0430\u0437\u0432\u0438\u0442\u0438\u044e \u0432\u043d\u0438\u043c\u0430\u043d\u0438\u044f, \u043a\u043e\u043e\u0440\u0434\u0438\u043d\u0430\u0446\u0438\u0438 \u0434\u0432\u0438\u0436\u0435\u043d\u0438\u0439 \u0438 \u0437\u0440\u0438\u0442\u0435\u043b\u044c\u043d\u043e\u0439 \u043f\u0430\u043c\u044f\u0442\u0438, \u043f\u0440\u0435\u0432\u0440\u0430\u0449\u0430\u044f \u043e\u0431\u0443\u0447\u0435\u043d\u0438\u0435 \u0432 \u0432\u0435\u0441\u0435\u043b\u043e\u0435 \u0437\u0430\u043d\u044f\u0442\u0438\u0435. \u041f\u0440\u043e\u0447\u043d\u044b\u0435 \u0438 \u0431\u0435\u0437\u043e\u043f\u0430\u0441\u043d\u044b\u0435 \u043c\u0430\u0442\u0435\u0440\u0438\u0430\u043b\u044b [&hellip;]<\/p>\n","protected":false},"featured_media":3905,"comment_status":"open","ping_status":"closed","template":"","meta":[],"product_brand":[],"product_cat":[15],"product_tag":[],"class_list":{"0":"post-3904","1":"product","2":"type-product","3":"status-publish","4":"has-post-thumbnail","6":"product_cat-erinevad","8":"first","9":"instock","10":"shipping-taxable","11":"purchasable","12":"product-type-simple"},"yoast_head":"<!-- This site is optimized with the Yoast SEO plugin v27.4 - https:\/\/yoast.com\/product\/yoast-seo-wordpress\/ -->\n<title>\u201eV\u00e4rvilised n\u00f6\u00f6bikesed\u201c - Motormind<\/title>\n<meta name=\"robots\" content=\"index, follow, max-snippet:-1, max-image-preview:large, max-video-preview:-1\" \/>\n<link rel=\"canonical\" href=\"https:\/\/motormind.ee\/ru\/product\/varvilised-noobikesed\/\" \/>\n<meta property=\"og:locale\" content=\"ru_RU\" \/>\n<meta property=\"og:type\" content=\"article\" \/>\n<meta property=\"og:title\" content=\"\u201eV\u00e4rvilised n\u00f6\u00f6bikesed\u201c - Motormind\" \/>\n<meta property=\"og:description\" content=\"\u00ab\u0426\u0432\u0435\u0442\u043d\u044b\u0435 \u043f\u0443\u0433\u043e\u0432\u0438\u0447\u043a\u0438\u00bb \u2014 \u044d\u0442\u043e \u0443\u0432\u043b\u0435\u043a\u0430\u0442\u0435\u043b\u044c\u043d\u0430\u044f \u0440\u0430\u0437\u0432\u0438\u0432\u0430\u044e\u0449\u0430\u044f \u0438\u0433\u0440\u0430 \u0434\u043b\u044f \u043c\u0430\u043b\u044b\u0448\u0435\u0439, \u043a\u043e\u0442\u043e\u0440\u0430\u044f \u043f\u043e\u043c\u043e\u0433\u0430\u0435\u0442 \u0438\u0437\u0443\u0447\u0430\u0442\u044c \u0446\u0432\u0435\u0442\u0430, \u0440\u0430\u0437\u0432\u0438\u0432\u0430\u0442\u044c \u043c\u0435\u043b\u043a\u0443\u044e \u043c\u043e\u0442\u043e\u0440\u0438\u043a\u0443 \u0438 \u043b\u043e\u0433\u0438\u0447\u0435\u0441\u043a\u043e\u0435 \u043c\u044b\u0448\u043b\u0435\u043d\u0438\u0435. \u0412 \u043d\u0430\u0431\u043e\u0440 \u0432\u0445\u043e\u0434\u0438\u0442 \u043c\u0438\u043b\u044b\u0439 \u043c\u0438\u0448\u043a\u0430, \u043a\u043e\u0442\u043e\u0440\u043e\u043c\u0443 \u043d\u0443\u0436\u043d\u043e \u043f\u043e\u0434\u0431\u0438\u0440\u0430\u0442\u044c \u0438 \u043f\u0440\u0438\u043a\u0440\u0435\u043f\u043b\u044f\u0442\u044c \u0440\u0430\u0437\u043d\u043e\u0446\u0432\u0435\u0442\u043d\u044b\u0435 \u043f\u0443\u0433\u043e\u0432\u0438\u0447\u043a\u0438 \u043f\u043e \u043e\u0431\u0440\u0430\u0437\u0446\u0430\u043c \u043d\u0430 \u043a\u0430\u0440\u0442\u043e\u0447\u043a\u0430\u0445. \u0418\u0433\u0440\u0430 \u00ab\u0426\u0432\u0435\u0442\u043d\u044b\u0435 \u043f\u0443\u0433\u043e\u0432\u0438\u0447\u043a\u0438\u00bb \u0441\u043f\u043e\u0441\u043e\u0431\u0441\u0442\u0432\u0443\u0435\u0442 \u0440\u0430\u0437\u0432\u0438\u0442\u0438\u044e \u0432\u043d\u0438\u043c\u0430\u043d\u0438\u044f, \u043a\u043e\u043e\u0440\u0434\u0438\u043d\u0430\u0446\u0438\u0438 \u0434\u0432\u0438\u0436\u0435\u043d\u0438\u0439 \u0438 \u0437\u0440\u0438\u0442\u0435\u043b\u044c\u043d\u043e\u0439 \u043f\u0430\u043c\u044f\u0442\u0438, \u043f\u0440\u0435\u0432\u0440\u0430\u0449\u0430\u044f \u043e\u0431\u0443\u0447\u0435\u043d\u0438\u0435 \u0432 \u0432\u0435\u0441\u0435\u043b\u043e\u0435 \u0437\u0430\u043d\u044f\u0442\u0438\u0435. \u041f\u0440\u043e\u0447\u043d\u044b\u0435 \u0438 \u0431\u0435\u0437\u043e\u043f\u0430\u0441\u043d\u044b\u0435 \u043c\u0430\u0442\u0435\u0440\u0438\u0430\u043b\u044b [&hellip;]\" \/>\n<meta property=\"og:url\" content=\"https:\/\/motormind.ee\/ru\/product\/varvilised-noobikesed\/\" \/>\n<meta property=\"og:site_name\" content=\"Motormind\" \/>\n<meta property=\"article:modified_time\" content=\"2026-01-19T07:01:02+00:00\" \/>\n<meta property=\"og:image\" content=\"https:\/\/motormind.ee\/wp-content\/uploads\/2026\/01\/IMG_0068.jpg\" \/>\n\t<meta property=\"og:image:width\" content=\"2048\" \/>\n\t<meta property=\"og:image:height\" content=\"1536\" \/>\n\t<meta property=\"og:image:type\" content=\"image\/jpeg\" \/>\n<meta name=\"twitter:card\" content=\"summary_large_image\" \/>\n<meta name=\"twitter:label1\" content=\"\u041f\u0440\u0438\u043c\u0435\u0440\u043d\u043e\u0435 \u0432\u0440\u0435\u043c\u044f \u0434\u043b\u044f \u0447\u0442\u0435\u043d\u0438\u044f\" \/>\n\t<meta name=\"twitter:data1\" content=\"1 \u043c\u0438\u043d\u0443\u0442\u0430\" \/>\n<script type=\"application\/ld+json\" class=\"yoast-schema-graph\">{\"@context\":\"https:\\\/\\\/schema.org\",\"@graph\":[{\"@type\":\"WebPage\",\"@id\":\"https:\\\/\\\/motormind.ee\\\/product\\\/varvilised-noobikesed\\\/\",\"url\":\"https:\\\/\\\/motormind.ee\\\/product\\\/varvilised-noobikesed\\\/\",\"name\":\"\u201eV\u00e4rvilised n\u00f6\u00f6bikesed\u201c - Motormind\",\"isPartOf\":{\"@id\":\"https:\\\/\\\/motormind.ee\\\/#website\"},\"primaryImageOfPage\":{\"@id\":\"https:\\\/\\\/motormind.ee\\\/product\\\/varvilised-noobikesed\\\/#primaryimage\"},\"image\":{\"@id\":\"https:\\\/\\\/motormind.ee\\\/product\\\/varvilised-noobikesed\\\/#primaryimage\"},\"thumbnailUrl\":\"https:\\\/\\\/motormind.ee\\\/wp-content\\\/uploads\\\/2026\\\/01\\\/IMG_0068.jpg\",\"datePublished\":\"2026-01-15T06:32:04+00:00\",\"dateModified\":\"2026-01-19T07:01:02+00:00\",\"breadcrumb\":{\"@id\":\"https:\\\/\\\/motormind.ee\\\/product\\\/varvilised-noobikesed\\\/#breadcrumb\"},\"inLanguage\":\"ru-RU\",\"potentialAction\":[{\"@type\":\"ReadAction\",\"target\":[\"https:\\\/\\\/motormind.ee\\\/product\\\/varvilised-noobikesed\\\/\"]}]},{\"@type\":\"ImageObject\",\"inLanguage\":\"ru-RU\",\"@id\":\"https:\\\/\\\/motormind.ee\\\/product\\\/varvilised-noobikesed\\\/#primaryimage\",\"url\":\"https:\\\/\\\/motormind.ee\\\/wp-content\\\/uploads\\\/2026\\\/01\\\/IMG_0068.jpg\",\"contentUrl\":\"https:\\\/\\\/motormind.ee\\\/wp-content\\\/uploads\\\/2026\\\/01\\\/IMG_0068.jpg\",\"width\":2048,\"height\":1536},{\"@type\":\"BreadcrumbList\",\"@id\":\"https:\\\/\\\/motormind.ee\\\/product\\\/varvilised-noobikesed\\\/#breadcrumb\",\"itemListElement\":[{\"@type\":\"ListItem\",\"position\":1,\"name\":\"\u0413\u043b\u0430\u0432\u043d\u0430\u044f \u0441\u0442\u0440\u0430\u043d\u0438\u0446\u0430\",\"item\":\"https:\\\/\\\/motormind.ee\\\/\"},{\"@type\":\"ListItem\",\"position\":2,\"name\":\"E-pood\",\"item\":\"https:\\\/\\\/motormind.ee\\\/shop\\\/\"},{\"@type\":\"ListItem\",\"position\":3,\"name\":\"\u201eV\u00e4rvilised n\u00f6\u00f6bikesed\u201c\"}]},{\"@type\":\"WebSite\",\"@id\":\"https:\\\/\\\/motormind.ee\\\/#website\",\"url\":\"https:\\\/\\\/motormind.ee\\\/\",\"name\":\"Motormind\",\"description\":\"&Otilde;pi r&otilde;&otilde;muga, &otilde;pi m&auml;ngides!\",\"potentialAction\":[{\"@type\":\"SearchAction\",\"target\":{\"@type\":\"EntryPoint\",\"urlTemplate\":\"https:\\\/\\\/motormind.ee\\\/?s={search_term_string}\"},\"query-input\":{\"@type\":\"PropertyValueSpecification\",\"valueRequired\":true,\"valueName\":\"search_term_string\"}}],\"inLanguage\":\"ru-RU\"}]}<\/script>\n<!-- \/ Yoast SEO plugin. -->","yoast_head_json":{"title":"\u201eV\u00e4rvilised n\u00f6\u00f6bikesed\u201c - Motormind","robots":{"index":"index","follow":"follow","max-snippet":"max-snippet:-1","max-image-preview":"max-image-preview:large","max-video-preview":"max-video-preview:-1"},"canonical":"https:\/\/motormind.ee\/ru\/product\/varvilised-noobikesed\/","og_locale":"ru_RU","og_type":"article","og_title":"\u201eV\u00e4rvilised n\u00f6\u00f6bikesed\u201c - Motormind","og_description":"\u00ab\u0426\u0432\u0435\u0442\u043d\u044b\u0435 \u043f\u0443\u0433\u043e\u0432\u0438\u0447\u043a\u0438\u00bb \u2014 \u044d\u0442\u043e \u0443\u0432\u043b\u0435\u043a\u0430\u0442\u0435\u043b\u044c\u043d\u0430\u044f \u0440\u0430\u0437\u0432\u0438\u0432\u0430\u044e\u0449\u0430\u044f \u0438\u0433\u0440\u0430 \u0434\u043b\u044f \u043c\u0430\u043b\u044b\u0448\u0435\u0439, \u043a\u043e\u0442\u043e\u0440\u0430\u044f \u043f\u043e\u043c\u043e\u0433\u0430\u0435\u0442 \u0438\u0437\u0443\u0447\u0430\u0442\u044c \u0446\u0432\u0435\u0442\u0430, \u0440\u0430\u0437\u0432\u0438\u0432\u0430\u0442\u044c \u043c\u0435\u043b\u043a\u0443\u044e \u043c\u043e\u0442\u043e\u0440\u0438\u043a\u0443 \u0438 \u043b\u043e\u0433\u0438\u0447\u0435\u0441\u043a\u043e\u0435 \u043c\u044b\u0448\u043b\u0435\u043d\u0438\u0435. \u0412 \u043d\u0430\u0431\u043e\u0440 \u0432\u0445\u043e\u0434\u0438\u0442 \u043c\u0438\u043b\u044b\u0439 \u043c\u0438\u0448\u043a\u0430, \u043a\u043e\u0442\u043e\u0440\u043e\u043c\u0443 \u043d\u0443\u0436\u043d\u043e \u043f\u043e\u0434\u0431\u0438\u0440\u0430\u0442\u044c \u0438 \u043f\u0440\u0438\u043a\u0440\u0435\u043f\u043b\u044f\u0442\u044c \u0440\u0430\u0437\u043d\u043e\u0446\u0432\u0435\u0442\u043d\u044b\u0435 \u043f\u0443\u0433\u043e\u0432\u0438\u0447\u043a\u0438 \u043f\u043e \u043e\u0431\u0440\u0430\u0437\u0446\u0430\u043c \u043d\u0430 \u043a\u0430\u0440\u0442\u043e\u0447\u043a\u0430\u0445. \u0418\u0433\u0440\u0430 \u00ab\u0426\u0432\u0435\u0442\u043d\u044b\u0435 \u043f\u0443\u0433\u043e\u0432\u0438\u0447\u043a\u0438\u00bb \u0441\u043f\u043e\u0441\u043e\u0431\u0441\u0442\u0432\u0443\u0435\u0442 \u0440\u0430\u0437\u0432\u0438\u0442\u0438\u044e \u0432\u043d\u0438\u043c\u0430\u043d\u0438\u044f, \u043a\u043e\u043e\u0440\u0434\u0438\u043d\u0430\u0446\u0438\u0438 \u0434\u0432\u0438\u0436\u0435\u043d\u0438\u0439 \u0438 \u0437\u0440\u0438\u0442\u0435\u043b\u044c\u043d\u043e\u0439 \u043f\u0430\u043c\u044f\u0442\u0438, \u043f\u0440\u0435\u0432\u0440\u0430\u0449\u0430\u044f \u043e\u0431\u0443\u0447\u0435\u043d\u0438\u0435 \u0432 \u0432\u0435\u0441\u0435\u043b\u043e\u0435 \u0437\u0430\u043d\u044f\u0442\u0438\u0435. \u041f\u0440\u043e\u0447\u043d\u044b\u0435 \u0438 \u0431\u0435\u0437\u043e\u043f\u0430\u0441\u043d\u044b\u0435 \u043c\u0430\u0442\u0435\u0440\u0438\u0430\u043b\u044b [&hellip;]","og_url":"https:\/\/motormind.ee\/ru\/product\/varvilised-noobikesed\/","og_site_name":"Motormind","article_modified_time":"2026-01-19T07:01:02+00:00","og_image":[{"width":2048,"height":1536,"url":"https:\/\/motormind.ee\/wp-content\/uploads\/2026\/01\/IMG_0068.jpg","type":"image\/jpeg"}],"twitter_card":"summary_large_image","twitter_misc":{"\u041f\u0440\u0438\u043c\u0435\u0440\u043d\u043e\u0435 \u0432\u0440\u0435\u043c\u044f \u0434\u043b\u044f \u0447\u0442\u0435\u043d\u0438\u044f":"1 \u043c\u0438\u043d\u0443\u0442\u0430"},"schema":{"@context":"https:\/\/schema.org","@graph":[{"@type":"WebPage","@id":"https:\/\/motormind.ee\/product\/varvilised-noobikesed\/","url":"https:\/\/motormind.ee\/product\/varvilised-noobikesed\/","name":"\u201eV\u00e4rvilised n\u00f6\u00f6bikesed\u201c - Motormind","isPartOf":{"@id":"https:\/\/motormind.ee\/#website"},"primaryImageOfPage":{"@id":"https:\/\/motormind.ee\/product\/varvilised-noobikesed\/#primaryimage"},"image":{"@id":"https:\/\/motormind.ee\/product\/varvilised-noobikesed\/#primaryimage"},"thumbnailUrl":"https:\/\/motormind.ee\/wp-content\/uploads\/2026\/01\/IMG_0068.jpg","datePublished":"2026-01-15T06:32:04+00:00","dateModified":"2026-01-19T07:01:02+00:00","breadcrumb":{"@id":"https:\/\/motormind.ee\/product\/varvilised-noobikesed\/#breadcrumb"},"inLanguage":"ru-RU","potentialAction":[{"@type":"ReadAction","target":["https:\/\/motormind.ee\/product\/varvilised-noobikesed\/"]}]},{"@type":"ImageObject","inLanguage":"ru-RU","@id":"https:\/\/motormind.ee\/product\/varvilised-noobikesed\/#primaryimage","url":"https:\/\/motormind.ee\/wp-content\/uploads\/2026\/01\/IMG_0068.jpg","contentUrl":"https:\/\/motormind.ee\/wp-content\/uploads\/2026\/01\/IMG_0068.jpg","width":2048,"height":1536},{"@type":"BreadcrumbList","@id":"https:\/\/motormind.ee\/product\/varvilised-noobikesed\/#breadcrumb","itemListElement":[{"@type":"ListItem","position":1,"name":"\u0413\u043b\u0430\u0432\u043d\u0430\u044f \u0441\u0442\u0440\u0430\u043d\u0438\u0446\u0430","item":"https:\/\/motormind.ee\/"},{"@type":"ListItem","position":2,"name":"E-pood","item":"https:\/\/motormind.ee\/shop\/"},{"@type":"ListItem","position":3,"name":"\u201eV\u00e4rvilised n\u00f6\u00f6bikesed\u201c"}]},{"@type":"WebSite","@id":"https:\/\/motormind.ee\/#website","url":"https:\/\/motormind.ee\/","name":"Motormind","description":"&Otilde;pi r&otilde;&otilde;muga, &otilde;pi m&auml;ngides!","potentialAction":[{"@type":"SearchAction","target":{"@type":"EntryPoint","urlTemplate":"https:\/\/motormind.ee\/?s={search_term_string}"},"query-input":{"@type":"PropertyValueSpecification","valueRequired":true,"valueName":"search_term_string"}}],"inLanguage":"ru-RU"}]}},"_links":{"self":[{"href":"https:\/\/motormind.ee\/ru\/wp-json\/wp\/v2\/product\/3904","targetHints":{"allow":["GET"]}}],"collection":[{"href":"https:\/\/motormind.ee\/ru\/wp-json\/wp\/v2\/product"}],"about":[{"href":"https:\/\/motormind.ee\/ru\/wp-json\/wp\/v2\/types\/product"}],"replies":[{"embeddable":true,"href":"https:\/\/motormind.ee\/ru\/wp-json\/wp\/v2\/comments?post=3904"}],"version-history":[{"count":2,"href":"https:\/\/motormind.ee\/ru\/wp-json\/wp\/v2\/product\/3904\/revisions"}],"predecessor-version":[{"id":3933,"href":"https:\/\/motormind.ee\/ru\/wp-json\/wp\/v2\/product\/3904\/revisions\/3933"}],"wp:featuredmedia":[{"embeddable":true,"href":"https:\/\/motormind.ee\/ru\/wp-json\/wp\/v2\/media\/3905"}],"wp:attachment":[{"href":"https:\/\/motormind.ee\/ru\/wp-json\/wp\/v2\/media?parent=3904"}],"wp:term":[{"taxonomy":"product_brand","embeddable":true,"href":"https:\/\/motormind.ee\/ru\/wp-json\/wp\/v2\/product_brand?post=3904"},{"taxonomy":"product_cat","embeddable":true,"href":"https:\/\/motormind.ee\/ru\/wp-json\/wp\/v2\/product_cat?post=3904"},{"taxonomy":"product_tag","embeddable":true,"href":"https:\/\/motormind.ee\/ru\/wp-json\/wp\/v2\/product_tag?post=3904"}],"curies":[{"name":"wp","href":"https:\/\/api.w.org\/{rel}","templated":true}]}}