{"id":3907,"date":"2026-01-15T06:35:52","date_gmt":"2026-01-15T06:35:52","guid":{"rendered":"https:\/\/motormind.ee\/?post_type=product&#038;p=3907"},"modified":"2026-01-19T07:03:36","modified_gmt":"2026-01-19T07:03:36","slug":"raamat-leia-ja-naita","status":"publish","type":"product","link":"https:\/\/motormind.ee\/ru\/product\/raamat-leia-ja-naita\/","title":{"rendered":"Raamat \u201cLeia ja N\u00e4ita\u201d"},"content":{"rendered":"<p>Raamat \u201cLeia ja N\u00e4ita\u201d on ideaalne t\u00f6\u00f6riist uute s\u00f5nade \u00f5ppimiseks eesti keeles nii lastele, kes alles hakkavad keelt \u00f5ppima, kui ka neile, kelle jaoks eesti keel on emakeel. \u00dclesanded on loodud<br \/>\nselleks, et laiendada lapse s\u00f5navara ja \u00f5petada teda klassifitseerima esemeid erinevatesse<br \/>\nr\u00fchmadesse, mis on oluline oskus \u00fcldiseks arenguks.<\/p>\n<p>Raamatus on \u00fclesanded takjakinnitustega, kus laps \u00f5pib seostama pilte vastavate nimetustega. K\u00f5ik<br \/>\ns\u00f5nad on kirjutatud SUURTE T\u00c4HTEDEGA, mis lihtsustab \u00f5igekirja meeldej\u00e4tmist ja aitab lugema<br \/>\n\u00f5ppida. See muudab \u00f5ppeprotsessi lastele n\u00e4htavamaks ja arusaadavamaks.<\/p>\n<p>Erksad ja realistlikud pildid, mis on jagatud gruppidesse, aitavad lastel tundma \u00f5ppida v\u00e4rve, marju,<br \/>\nk\u00f6\u00f6givilju, puuvilju, linde ja palju muud. Suured ja mugavad takjakinnitused v\u00f5imaldavad lapsel<br \/>\nh\u00f5lpsalt materjalidega t\u00f6\u00f6tada, arendades peenmotoorikat, t\u00e4helepanu ja loogilist m\u00f5tlemist.<br \/>\nSee raamat pole lihtsalt keele\u00f5ppe vahend, vaid ka kaasahaarav tegevus, mis aitab lapsel \u00f5ppida<br \/>\nobjektide klassifitseerimist, laiendada teadmisi ja saada \u00f5ppimisest r\u00f5\u00f5mu.<\/p>","protected":false},"excerpt":{"rendered":"<p>Raamat \u201cLeia ja N\u00e4ita\u201d on ideaalne t\u00f6\u00f6riist uute s\u00f5nade \u00f5ppimiseks eesti keeles nii lastele, kes alles hakkavad keelt \u00f5ppima, kui ka neile, kelle jaoks eesti keel on emakeel. \u00dclesanded on loodud selleks, et laiendada lapse s\u00f5navara ja \u00f5petada teda klassifitseerima esemeid erinevatesse r\u00fchmadesse, mis on oluline oskus \u00fcldiseks arenguks. Raamatus on \u00fclesanded takjakinnitustega, kus laps [&hellip;]<\/p>\n","protected":false},"featured_media":3908,"comment_status":"open","ping_status":"closed","template":"","meta":[],"product_brand":[],"product_cat":[147],"product_tag":[],"class_list":{"0":"post-3907","1":"product","2":"type-product","3":"status-publish","4":"has-post-thumbnail","6":"product_cat-tegelusraamatud","8":"first","9":"instock","10":"shipping-taxable","11":"purchasable","12":"product-type-simple"},"yoast_head":"<!-- This site is optimized with the Yoast SEO plugin v27.4 - https:\/\/yoast.com\/product\/yoast-seo-wordpress\/ -->\n<title>Raamat \u201cLeia ja N\u00e4ita\u201d - Motormind<\/title>\n<meta name=\"robots\" content=\"index, follow, max-snippet:-1, max-image-preview:large, max-video-preview:-1\" \/>\n<link rel=\"canonical\" href=\"https:\/\/motormind.ee\/ru\/product\/raamat-leia-ja-naita\/\" \/>\n<meta property=\"og:locale\" content=\"ru_RU\" \/>\n<meta property=\"og:type\" content=\"article\" \/>\n<meta property=\"og:title\" content=\"Raamat \u201cLeia ja N\u00e4ita\u201d - Motormind\" \/>\n<meta property=\"og:description\" content=\"Raamat \u201cLeia ja N\u00e4ita\u201d on ideaalne t\u00f6\u00f6riist uute s\u00f5nade \u00f5ppimiseks eesti keeles nii lastele, kes alles hakkavad keelt \u00f5ppima, kui ka neile, kelle jaoks eesti keel on emakeel. \u00dclesanded on loodud selleks, et laiendada lapse s\u00f5navara ja \u00f5petada teda klassifitseerima esemeid erinevatesse r\u00fchmadesse, mis on oluline oskus \u00fcldiseks arenguks. Raamatus on \u00fclesanded takjakinnitustega, kus laps [&hellip;]\" \/>\n<meta property=\"og:url\" content=\"https:\/\/motormind.ee\/ru\/product\/raamat-leia-ja-naita\/\" \/>\n<meta property=\"og:site_name\" content=\"Motormind\" \/>\n<meta property=\"article:modified_time\" content=\"2026-01-19T07:03:36+00:00\" \/>\n<meta property=\"og:image\" content=\"https:\/\/motormind.ee\/wp-content\/uploads\/2026\/01\/IMG_0050.jpg\" \/>\n\t<meta property=\"og:image:width\" content=\"1536\" \/>\n\t<meta property=\"og:image:height\" content=\"2048\" \/>\n\t<meta property=\"og:image:type\" content=\"image\/jpeg\" \/>\n<meta name=\"twitter:card\" content=\"summary_large_image\" \/>\n<meta name=\"twitter:label1\" content=\"\u041f\u0440\u0438\u043c\u0435\u0440\u043d\u043e\u0435 \u0432\u0440\u0435\u043c\u044f \u0434\u043b\u044f \u0447\u0442\u0435\u043d\u0438\u044f\" \/>\n\t<meta name=\"twitter:data1\" content=\"1 \u043c\u0438\u043d\u0443\u0442\u0430\" \/>\n<script type=\"application\/ld+json\" class=\"yoast-schema-graph\">{\"@context\":\"https:\\\/\\\/schema.org\",\"@graph\":[{\"@type\":\"WebPage\",\"@id\":\"https:\\\/\\\/motormind.ee\\\/product\\\/raamat-leia-ja-naita\\\/\",\"url\":\"https:\\\/\\\/motormind.ee\\\/product\\\/raamat-leia-ja-naita\\\/\",\"name\":\"Raamat \u201cLeia ja N\u00e4ita\u201d - Motormind\",\"isPartOf\":{\"@id\":\"https:\\\/\\\/motormind.ee\\\/#website\"},\"primaryImageOfPage\":{\"@id\":\"https:\\\/\\\/motormind.ee\\\/product\\\/raamat-leia-ja-naita\\\/#primaryimage\"},\"image\":{\"@id\":\"https:\\\/\\\/motormind.ee\\\/product\\\/raamat-leia-ja-naita\\\/#primaryimage\"},\"thumbnailUrl\":\"https:\\\/\\\/motormind.ee\\\/wp-content\\\/uploads\\\/2026\\\/01\\\/IMG_0050.jpg\",\"datePublished\":\"2026-01-15T06:35:52+00:00\",\"dateModified\":\"2026-01-19T07:03:36+00:00\",\"breadcrumb\":{\"@id\":\"https:\\\/\\\/motormind.ee\\\/product\\\/raamat-leia-ja-naita\\\/#breadcrumb\"},\"inLanguage\":\"ru-RU\",\"potentialAction\":[{\"@type\":\"ReadAction\",\"target\":[\"https:\\\/\\\/motormind.ee\\\/product\\\/raamat-leia-ja-naita\\\/\"]}]},{\"@type\":\"ImageObject\",\"inLanguage\":\"ru-RU\",\"@id\":\"https:\\\/\\\/motormind.ee\\\/product\\\/raamat-leia-ja-naita\\\/#primaryimage\",\"url\":\"https:\\\/\\\/motormind.ee\\\/wp-content\\\/uploads\\\/2026\\\/01\\\/IMG_0050.jpg\",\"contentUrl\":\"https:\\\/\\\/motormind.ee\\\/wp-content\\\/uploads\\\/2026\\\/01\\\/IMG_0050.jpg\",\"width\":1536,\"height\":2048},{\"@type\":\"BreadcrumbList\",\"@id\":\"https:\\\/\\\/motormind.ee\\\/product\\\/raamat-leia-ja-naita\\\/#breadcrumb\",\"itemListElement\":[{\"@type\":\"ListItem\",\"position\":1,\"name\":\"\u0413\u043b\u0430\u0432\u043d\u0430\u044f \u0441\u0442\u0440\u0430\u043d\u0438\u0446\u0430\",\"item\":\"https:\\\/\\\/motormind.ee\\\/\"},{\"@type\":\"ListItem\",\"position\":2,\"name\":\"E-pood\",\"item\":\"https:\\\/\\\/motormind.ee\\\/shop\\\/\"},{\"@type\":\"ListItem\",\"position\":3,\"name\":\"Raamat \u201cLeia ja N\u00e4ita\u201d\"}]},{\"@type\":\"WebSite\",\"@id\":\"https:\\\/\\\/motormind.ee\\\/#website\",\"url\":\"https:\\\/\\\/motormind.ee\\\/\",\"name\":\"Motormind\",\"description\":\"&Otilde;pi r&otilde;&otilde;muga, &otilde;pi m&auml;ngides!\",\"potentialAction\":[{\"@type\":\"SearchAction\",\"target\":{\"@type\":\"EntryPoint\",\"urlTemplate\":\"https:\\\/\\\/motormind.ee\\\/?s={search_term_string}\"},\"query-input\":{\"@type\":\"PropertyValueSpecification\",\"valueRequired\":true,\"valueName\":\"search_term_string\"}}],\"inLanguage\":\"ru-RU\"}]}<\/script>\n<!-- \/ Yoast SEO plugin. -->","yoast_head_json":{"title":"Raamat \u201cLeia ja N\u00e4ita\u201d - Motormind","robots":{"index":"index","follow":"follow","max-snippet":"max-snippet:-1","max-image-preview":"max-image-preview:large","max-video-preview":"max-video-preview:-1"},"canonical":"https:\/\/motormind.ee\/ru\/product\/raamat-leia-ja-naita\/","og_locale":"ru_RU","og_type":"article","og_title":"Raamat \u201cLeia ja N\u00e4ita\u201d - Motormind","og_description":"Raamat \u201cLeia ja N\u00e4ita\u201d on ideaalne t\u00f6\u00f6riist uute s\u00f5nade \u00f5ppimiseks eesti keeles nii lastele, kes alles hakkavad keelt \u00f5ppima, kui ka neile, kelle jaoks eesti keel on emakeel. \u00dclesanded on loodud selleks, et laiendada lapse s\u00f5navara ja \u00f5petada teda klassifitseerima esemeid erinevatesse r\u00fchmadesse, mis on oluline oskus \u00fcldiseks arenguks. Raamatus on \u00fclesanded takjakinnitustega, kus laps [&hellip;]","og_url":"https:\/\/motormind.ee\/ru\/product\/raamat-leia-ja-naita\/","og_site_name":"Motormind","article_modified_time":"2026-01-19T07:03:36+00:00","og_image":[{"width":1536,"height":2048,"url":"https:\/\/motormind.ee\/wp-content\/uploads\/2026\/01\/IMG_0050.jpg","type":"image\/jpeg"}],"twitter_card":"summary_large_image","twitter_misc":{"\u041f\u0440\u0438\u043c\u0435\u0440\u043d\u043e\u0435 \u0432\u0440\u0435\u043c\u044f \u0434\u043b\u044f \u0447\u0442\u0435\u043d\u0438\u044f":"1 \u043c\u0438\u043d\u0443\u0442\u0430"},"schema":{"@context":"https:\/\/schema.org","@graph":[{"@type":"WebPage","@id":"https:\/\/motormind.ee\/product\/raamat-leia-ja-naita\/","url":"https:\/\/motormind.ee\/product\/raamat-leia-ja-naita\/","name":"Raamat \u201cLeia ja N\u00e4ita\u201d - Motormind","isPartOf":{"@id":"https:\/\/motormind.ee\/#website"},"primaryImageOfPage":{"@id":"https:\/\/motormind.ee\/product\/raamat-leia-ja-naita\/#primaryimage"},"image":{"@id":"https:\/\/motormind.ee\/product\/raamat-leia-ja-naita\/#primaryimage"},"thumbnailUrl":"https:\/\/motormind.ee\/wp-content\/uploads\/2026\/01\/IMG_0050.jpg","datePublished":"2026-01-15T06:35:52+00:00","dateModified":"2026-01-19T07:03:36+00:00","breadcrumb":{"@id":"https:\/\/motormind.ee\/product\/raamat-leia-ja-naita\/#breadcrumb"},"inLanguage":"ru-RU","potentialAction":[{"@type":"ReadAction","target":["https:\/\/motormind.ee\/product\/raamat-leia-ja-naita\/"]}]},{"@type":"ImageObject","inLanguage":"ru-RU","@id":"https:\/\/motormind.ee\/product\/raamat-leia-ja-naita\/#primaryimage","url":"https:\/\/motormind.ee\/wp-content\/uploads\/2026\/01\/IMG_0050.jpg","contentUrl":"https:\/\/motormind.ee\/wp-content\/uploads\/2026\/01\/IMG_0050.jpg","width":1536,"height":2048},{"@type":"BreadcrumbList","@id":"https:\/\/motormind.ee\/product\/raamat-leia-ja-naita\/#breadcrumb","itemListElement":[{"@type":"ListItem","position":1,"name":"\u0413\u043b\u0430\u0432\u043d\u0430\u044f \u0441\u0442\u0440\u0430\u043d\u0438\u0446\u0430","item":"https:\/\/motormind.ee\/"},{"@type":"ListItem","position":2,"name":"E-pood","item":"https:\/\/motormind.ee\/shop\/"},{"@type":"ListItem","position":3,"name":"Raamat \u201cLeia ja N\u00e4ita\u201d"}]},{"@type":"WebSite","@id":"https:\/\/motormind.ee\/#website","url":"https:\/\/motormind.ee\/","name":"Motormind","description":"&Otilde;pi r&otilde;&otilde;muga, &otilde;pi m&auml;ngides!","potentialAction":[{"@type":"SearchAction","target":{"@type":"EntryPoint","urlTemplate":"https:\/\/motormind.ee\/?s={search_term_string}"},"query-input":{"@type":"PropertyValueSpecification","valueRequired":true,"valueName":"search_term_string"}}],"inLanguage":"ru-RU"}]}},"_links":{"self":[{"href":"https:\/\/motormind.ee\/ru\/wp-json\/wp\/v2\/product\/3907","targetHints":{"allow":["GET"]}}],"collection":[{"href":"https:\/\/motormind.ee\/ru\/wp-json\/wp\/v2\/product"}],"about":[{"href":"https:\/\/motormind.ee\/ru\/wp-json\/wp\/v2\/types\/product"}],"replies":[{"embeddable":true,"href":"https:\/\/motormind.ee\/ru\/wp-json\/wp\/v2\/comments?post=3907"}],"version-history":[{"count":3,"href":"https:\/\/motormind.ee\/ru\/wp-json\/wp\/v2\/product\/3907\/revisions"}],"predecessor-version":[{"id":3934,"href":"https:\/\/motormind.ee\/ru\/wp-json\/wp\/v2\/product\/3907\/revisions\/3934"}],"wp:featuredmedia":[{"embeddable":true,"href":"https:\/\/motormind.ee\/ru\/wp-json\/wp\/v2\/media\/3908"}],"wp:attachment":[{"href":"https:\/\/motormind.ee\/ru\/wp-json\/wp\/v2\/media?parent=3907"}],"wp:term":[{"taxonomy":"product_brand","embeddable":true,"href":"https:\/\/motormind.ee\/ru\/wp-json\/wp\/v2\/product_brand?post=3907"},{"taxonomy":"product_cat","embeddable":true,"href":"https:\/\/motormind.ee\/ru\/wp-json\/wp\/v2\/product_cat?post=3907"},{"taxonomy":"product_tag","embeddable":true,"href":"https:\/\/motormind.ee\/ru\/wp-json\/wp\/v2\/product_tag?post=3907"}],"curies":[{"name":"wp","href":"https:\/\/api.w.org\/{rel}","templated":true}]}}