{"id":3935,"date":"2026-01-19T07:12:20","date_gmt":"2026-01-19T07:12:20","guid":{"rendered":"https:\/\/motormind.ee\/?post_type=product&#038;p=3935"},"modified":"2026-01-19T07:12:20","modified_gmt":"2026-01-19T07:12:20","slug":"puzzle-baby-meie-umber-olev-maailm","status":"publish","type":"product","link":"https:\/\/motormind.ee\/ru\/product\/puzzle-baby-meie-umber-olev-maailm\/","title":{"rendered":"Puzzle Baby \u201cMeie \u00fcmber olev maailm\u201d"},"content":{"rendered":"<p>Puzzle Baby \u201cMeie \u00fcmber olev maailm\u201d on loodud spetsiaalselt k\u00f5ige v\u00e4iksematele avastajatele<br \/>\nvanuses kuni 3 aastat. See pusle sobib ideaalselt esimeseks tutvuseks loogika ja koordinatsiooni<br \/>\narendamise m\u00e4ngudega, kuna koosneb lihtsatest piltidest, mis on jagatud kaheks pooleks. Kahe osa<br \/>\n\u00fchendamine on p\u00f5hiline oskus, mida on oluline varases eas arendada, sest see on esimene samm<br \/>\npuslede valdamisel. Komplekt aitab lastel \u00f5ppida vorme ja pilte sobitama, arendada<br \/>\npeenmotoorikat, t\u00e4helepanu ja kannatlikkust. Erksad ja arusaadavad pildid puslel k\u00f6idavad lapse<br \/>\nt\u00e4helepanu, muutes \u00f5ppimise p\u00f5nevaks ja harivaks. Puzzle Baby \u201cMeie \u00fcmber olev maailm\u201d on<br \/>\nideaalne lahendus teie lapse arengu esimeseks tasemeks!<\/p>","protected":false},"excerpt":{"rendered":"<p>Puzzle Baby \u201cMeie \u00fcmber olev maailm\u201d on loodud spetsiaalselt k\u00f5ige v\u00e4iksematele avastajatele vanuses kuni 3 aastat. See pusle sobib ideaalselt esimeseks tutvuseks loogika ja koordinatsiooni arendamise m\u00e4ngudega, kuna koosneb lihtsatest piltidest, mis on jagatud kaheks pooleks. Kahe osa \u00fchendamine on p\u00f5hiline oskus, mida on oluline varases eas arendada, sest see on esimene samm puslede valdamisel. [&hellip;]<\/p>\n","protected":false},"featured_media":396,"comment_status":"open","ping_status":"closed","template":"","meta":[],"product_brand":[],"product_cat":[15],"product_tag":[],"class_list":{"0":"post-3935","1":"product","2":"type-product","3":"status-publish","4":"has-post-thumbnail","6":"product_cat-erinevad","8":"first","9":"instock","10":"shipping-taxable","11":"purchasable","12":"product-type-simple"},"yoast_head":"<!-- This site is optimized with the Yoast SEO plugin v27.4 - https:\/\/yoast.com\/product\/yoast-seo-wordpress\/ -->\n<title>Puzzle Baby \u201cMeie \u00fcmber olev maailm\u201d - Motormind<\/title>\n<meta name=\"robots\" content=\"index, follow, max-snippet:-1, max-image-preview:large, max-video-preview:-1\" \/>\n<link rel=\"canonical\" href=\"https:\/\/motormind.ee\/ru\/product\/puzzle-baby-meie-umber-olev-maailm\/\" \/>\n<meta property=\"og:locale\" content=\"ru_RU\" \/>\n<meta property=\"og:type\" content=\"article\" \/>\n<meta property=\"og:title\" content=\"Puzzle Baby \u201cMeie \u00fcmber olev maailm\u201d - Motormind\" \/>\n<meta property=\"og:description\" content=\"Puzzle Baby \u201cMeie \u00fcmber olev maailm\u201d on loodud spetsiaalselt k\u00f5ige v\u00e4iksematele avastajatele vanuses kuni 3 aastat. See pusle sobib ideaalselt esimeseks tutvuseks loogika ja koordinatsiooni arendamise m\u00e4ngudega, kuna koosneb lihtsatest piltidest, mis on jagatud kaheks pooleks. Kahe osa \u00fchendamine on p\u00f5hiline oskus, mida on oluline varases eas arendada, sest see on esimene samm puslede valdamisel. [&hellip;]\" \/>\n<meta property=\"og:url\" content=\"https:\/\/motormind.ee\/ru\/product\/puzzle-baby-meie-umber-olev-maailm\/\" \/>\n<meta property=\"og:site_name\" content=\"Motormind\" \/>\n<meta property=\"og:image\" content=\"https:\/\/motormind.ee\/wp-content\/uploads\/2024\/09\/Puzzle-Baby-Meie-umber-olev-maailm.jpg\" \/>\n\t<meta property=\"og:image:width\" content=\"1536\" \/>\n\t<meta property=\"og:image:height\" content=\"2048\" \/>\n\t<meta property=\"og:image:type\" content=\"image\/jpeg\" \/>\n<meta name=\"twitter:card\" content=\"summary_large_image\" \/>\n<meta name=\"twitter:label1\" content=\"\u041f\u0440\u0438\u043c\u0435\u0440\u043d\u043e\u0435 \u0432\u0440\u0435\u043c\u044f \u0434\u043b\u044f \u0447\u0442\u0435\u043d\u0438\u044f\" \/>\n\t<meta name=\"twitter:data1\" content=\"1 \u043c\u0438\u043d\u0443\u0442\u0430\" \/>\n<script type=\"application\/ld+json\" class=\"yoast-schema-graph\">{\"@context\":\"https:\\\/\\\/schema.org\",\"@graph\":[{\"@type\":\"WebPage\",\"@id\":\"https:\\\/\\\/motormind.ee\\\/product\\\/puzzle-baby-meie-umber-olev-maailm\\\/\",\"url\":\"https:\\\/\\\/motormind.ee\\\/product\\\/puzzle-baby-meie-umber-olev-maailm\\\/\",\"name\":\"Puzzle Baby \u201cMeie \u00fcmber olev maailm\u201d - Motormind\",\"isPartOf\":{\"@id\":\"https:\\\/\\\/motormind.ee\\\/#website\"},\"primaryImageOfPage\":{\"@id\":\"https:\\\/\\\/motormind.ee\\\/product\\\/puzzle-baby-meie-umber-olev-maailm\\\/#primaryimage\"},\"image\":{\"@id\":\"https:\\\/\\\/motormind.ee\\\/product\\\/puzzle-baby-meie-umber-olev-maailm\\\/#primaryimage\"},\"thumbnailUrl\":\"https:\\\/\\\/motormind.ee\\\/wp-content\\\/uploads\\\/2024\\\/09\\\/Puzzle-Baby-Meie-umber-olev-maailm.jpg\",\"datePublished\":\"2026-01-19T07:12:20+00:00\",\"breadcrumb\":{\"@id\":\"https:\\\/\\\/motormind.ee\\\/product\\\/puzzle-baby-meie-umber-olev-maailm\\\/#breadcrumb\"},\"inLanguage\":\"ru-RU\",\"potentialAction\":[{\"@type\":\"ReadAction\",\"target\":[\"https:\\\/\\\/motormind.ee\\\/product\\\/puzzle-baby-meie-umber-olev-maailm\\\/\"]}]},{\"@type\":\"ImageObject\",\"inLanguage\":\"ru-RU\",\"@id\":\"https:\\\/\\\/motormind.ee\\\/product\\\/puzzle-baby-meie-umber-olev-maailm\\\/#primaryimage\",\"url\":\"https:\\\/\\\/motormind.ee\\\/wp-content\\\/uploads\\\/2024\\\/09\\\/Puzzle-Baby-Meie-umber-olev-maailm.jpg\",\"contentUrl\":\"https:\\\/\\\/motormind.ee\\\/wp-content\\\/uploads\\\/2024\\\/09\\\/Puzzle-Baby-Meie-umber-olev-maailm.jpg\",\"width\":1536,\"height\":2048},{\"@type\":\"BreadcrumbList\",\"@id\":\"https:\\\/\\\/motormind.ee\\\/product\\\/puzzle-baby-meie-umber-olev-maailm\\\/#breadcrumb\",\"itemListElement\":[{\"@type\":\"ListItem\",\"position\":1,\"name\":\"\u0413\u043b\u0430\u0432\u043d\u0430\u044f \u0441\u0442\u0440\u0430\u043d\u0438\u0446\u0430\",\"item\":\"https:\\\/\\\/motormind.ee\\\/\"},{\"@type\":\"ListItem\",\"position\":2,\"name\":\"E-pood\",\"item\":\"https:\\\/\\\/motormind.ee\\\/shop\\\/\"},{\"@type\":\"ListItem\",\"position\":3,\"name\":\"Puzzle Baby \u201cMeie \u00fcmber olev maailm\u201d\"}]},{\"@type\":\"WebSite\",\"@id\":\"https:\\\/\\\/motormind.ee\\\/#website\",\"url\":\"https:\\\/\\\/motormind.ee\\\/\",\"name\":\"Motormind\",\"description\":\"&Otilde;pi r&otilde;&otilde;muga, &otilde;pi m&auml;ngides!\",\"potentialAction\":[{\"@type\":\"SearchAction\",\"target\":{\"@type\":\"EntryPoint\",\"urlTemplate\":\"https:\\\/\\\/motormind.ee\\\/?s={search_term_string}\"},\"query-input\":{\"@type\":\"PropertyValueSpecification\",\"valueRequired\":true,\"valueName\":\"search_term_string\"}}],\"inLanguage\":\"ru-RU\"}]}<\/script>\n<!-- \/ Yoast SEO plugin. -->","yoast_head_json":{"title":"Puzzle Baby \u201cMeie \u00fcmber olev maailm\u201d - Motormind","robots":{"index":"index","follow":"follow","max-snippet":"max-snippet:-1","max-image-preview":"max-image-preview:large","max-video-preview":"max-video-preview:-1"},"canonical":"https:\/\/motormind.ee\/ru\/product\/puzzle-baby-meie-umber-olev-maailm\/","og_locale":"ru_RU","og_type":"article","og_title":"Puzzle Baby \u201cMeie \u00fcmber olev maailm\u201d - Motormind","og_description":"Puzzle Baby \u201cMeie \u00fcmber olev maailm\u201d on loodud spetsiaalselt k\u00f5ige v\u00e4iksematele avastajatele vanuses kuni 3 aastat. See pusle sobib ideaalselt esimeseks tutvuseks loogika ja koordinatsiooni arendamise m\u00e4ngudega, kuna koosneb lihtsatest piltidest, mis on jagatud kaheks pooleks. Kahe osa \u00fchendamine on p\u00f5hiline oskus, mida on oluline varases eas arendada, sest see on esimene samm puslede valdamisel. [&hellip;]","og_url":"https:\/\/motormind.ee\/ru\/product\/puzzle-baby-meie-umber-olev-maailm\/","og_site_name":"Motormind","og_image":[{"width":1536,"height":2048,"url":"https:\/\/motormind.ee\/wp-content\/uploads\/2024\/09\/Puzzle-Baby-Meie-umber-olev-maailm.jpg","type":"image\/jpeg"}],"twitter_card":"summary_large_image","twitter_misc":{"\u041f\u0440\u0438\u043c\u0435\u0440\u043d\u043e\u0435 \u0432\u0440\u0435\u043c\u044f \u0434\u043b\u044f \u0447\u0442\u0435\u043d\u0438\u044f":"1 \u043c\u0438\u043d\u0443\u0442\u0430"},"schema":{"@context":"https:\/\/schema.org","@graph":[{"@type":"WebPage","@id":"https:\/\/motormind.ee\/product\/puzzle-baby-meie-umber-olev-maailm\/","url":"https:\/\/motormind.ee\/product\/puzzle-baby-meie-umber-olev-maailm\/","name":"Puzzle Baby \u201cMeie \u00fcmber olev maailm\u201d - Motormind","isPartOf":{"@id":"https:\/\/motormind.ee\/#website"},"primaryImageOfPage":{"@id":"https:\/\/motormind.ee\/product\/puzzle-baby-meie-umber-olev-maailm\/#primaryimage"},"image":{"@id":"https:\/\/motormind.ee\/product\/puzzle-baby-meie-umber-olev-maailm\/#primaryimage"},"thumbnailUrl":"https:\/\/motormind.ee\/wp-content\/uploads\/2024\/09\/Puzzle-Baby-Meie-umber-olev-maailm.jpg","datePublished":"2026-01-19T07:12:20+00:00","breadcrumb":{"@id":"https:\/\/motormind.ee\/product\/puzzle-baby-meie-umber-olev-maailm\/#breadcrumb"},"inLanguage":"ru-RU","potentialAction":[{"@type":"ReadAction","target":["https:\/\/motormind.ee\/product\/puzzle-baby-meie-umber-olev-maailm\/"]}]},{"@type":"ImageObject","inLanguage":"ru-RU","@id":"https:\/\/motormind.ee\/product\/puzzle-baby-meie-umber-olev-maailm\/#primaryimage","url":"https:\/\/motormind.ee\/wp-content\/uploads\/2024\/09\/Puzzle-Baby-Meie-umber-olev-maailm.jpg","contentUrl":"https:\/\/motormind.ee\/wp-content\/uploads\/2024\/09\/Puzzle-Baby-Meie-umber-olev-maailm.jpg","width":1536,"height":2048},{"@type":"BreadcrumbList","@id":"https:\/\/motormind.ee\/product\/puzzle-baby-meie-umber-olev-maailm\/#breadcrumb","itemListElement":[{"@type":"ListItem","position":1,"name":"\u0413\u043b\u0430\u0432\u043d\u0430\u044f \u0441\u0442\u0440\u0430\u043d\u0438\u0446\u0430","item":"https:\/\/motormind.ee\/"},{"@type":"ListItem","position":2,"name":"E-pood","item":"https:\/\/motormind.ee\/shop\/"},{"@type":"ListItem","position":3,"name":"Puzzle Baby \u201cMeie \u00fcmber olev maailm\u201d"}]},{"@type":"WebSite","@id":"https:\/\/motormind.ee\/#website","url":"https:\/\/motormind.ee\/","name":"Motormind","description":"&Otilde;pi r&otilde;&otilde;muga, &otilde;pi m&auml;ngides!","potentialAction":[{"@type":"SearchAction","target":{"@type":"EntryPoint","urlTemplate":"https:\/\/motormind.ee\/?s={search_term_string}"},"query-input":{"@type":"PropertyValueSpecification","valueRequired":true,"valueName":"search_term_string"}}],"inLanguage":"ru-RU"}]}},"_links":{"self":[{"href":"https:\/\/motormind.ee\/ru\/wp-json\/wp\/v2\/product\/3935","targetHints":{"allow":["GET"]}}],"collection":[{"href":"https:\/\/motormind.ee\/ru\/wp-json\/wp\/v2\/product"}],"about":[{"href":"https:\/\/motormind.ee\/ru\/wp-json\/wp\/v2\/types\/product"}],"replies":[{"embeddable":true,"href":"https:\/\/motormind.ee\/ru\/wp-json\/wp\/v2\/comments?post=3935"}],"version-history":[{"count":1,"href":"https:\/\/motormind.ee\/ru\/wp-json\/wp\/v2\/product\/3935\/revisions"}],"predecessor-version":[{"id":3936,"href":"https:\/\/motormind.ee\/ru\/wp-json\/wp\/v2\/product\/3935\/revisions\/3936"}],"wp:featuredmedia":[{"embeddable":true,"href":"https:\/\/motormind.ee\/ru\/wp-json\/wp\/v2\/media\/396"}],"wp:attachment":[{"href":"https:\/\/motormind.ee\/ru\/wp-json\/wp\/v2\/media?parent=3935"}],"wp:term":[{"taxonomy":"product_brand","embeddable":true,"href":"https:\/\/motormind.ee\/ru\/wp-json\/wp\/v2\/product_brand?post=3935"},{"taxonomy":"product_cat","embeddable":true,"href":"https:\/\/motormind.ee\/ru\/wp-json\/wp\/v2\/product_cat?post=3935"},{"taxonomy":"product_tag","embeddable":true,"href":"https:\/\/motormind.ee\/ru\/wp-json\/wp\/v2\/product_tag?post=3935"}],"curies":[{"name":"wp","href":"https:\/\/api.w.org\/{rel}","templated":true}]}}