{"id":3937,"date":"2026-01-19T07:15:09","date_gmt":"2026-01-19T07:15:09","guid":{"rendered":"https:\/\/motormind.ee\/?post_type=product&#038;p=3937"},"modified":"2026-01-19T07:24:05","modified_gmt":"2026-01-19T07:24:05","slug":"vikerkaare-teekond-kogu-ja-mangi","status":"publish","type":"product","link":"https:\/\/motormind.ee\/ru\/product\/vikerkaare-teekond-kogu-ja-mangi\/","title":{"rendered":"Vikerkaare teekond: Kogu ja m\u00e4ngi"},"content":{"rendered":"<p>See v\u00e4rvikirev ja l\u00f5bus m\u00e4ng on loodud spetsiaalselt 1,7- kuni 4-aastastele lastele. M\u00e4ng sisaldab 10<br \/>\nr\u00f5\u00f5msav\u00e4rvilist pilti l\u00f5busate tegelaste ja esemetega, mida laps peab kokku panema, kattes vastavad<br \/>\nalad v\u00e4ikeste ringikestega. M\u00e4ngu p\u00f5hieesm\u00e4rk on leida ja sobitada v\u00e4rvilised ringid \u00f5igetele<br \/>\nkohtadele, et katta k\u00f5ik t\u00fchjad kohad pildil.<br \/>\nM\u00e4ngides arendab laps mitte ainult peenmotoorikat, loogilist m\u00f5tlemist ja t\u00e4helepanu, vaid \u00f5pib ka<br \/>\ntundma v\u00e4rve. M\u00e4ng aitab arendada sorteerimise ja tegevuste j\u00e4rjestamise oskust, ning l\u00f5busad<br \/>\ntegelased piltidel muudavad protsessi veelgi nauditavamaks.<\/p>","protected":false},"excerpt":{"rendered":"<p>See v\u00e4rvikirev ja l\u00f5bus m\u00e4ng on loodud spetsiaalselt 1,7- kuni 4-aastastele lastele. M\u00e4ng sisaldab 10 r\u00f5\u00f5msav\u00e4rvilist pilti l\u00f5busate tegelaste ja esemetega, mida laps peab kokku panema, kattes vastavad alad v\u00e4ikeste ringikestega. M\u00e4ngu p\u00f5hieesm\u00e4rk on leida ja sobitada v\u00e4rvilised ringid \u00f5igetele kohtadele, et katta k\u00f5ik t\u00fchjad kohad pildil. M\u00e4ngides arendab laps mitte ainult peenmotoorikat, loogilist m\u00f5tlemist [&hellip;]<\/p>\n","protected":false},"featured_media":1194,"comment_status":"open","ping_status":"closed","template":"","meta":[],"product_brand":[],"product_cat":[15],"product_tag":[],"class_list":{"0":"post-3937","1":"product","2":"type-product","3":"status-publish","4":"has-post-thumbnail","6":"product_cat-erinevad","8":"first","9":"instock","10":"shipping-taxable","11":"purchasable","12":"product-type-simple"},"yoast_head":"<!-- This site is optimized with the Yoast SEO plugin v27.4 - https:\/\/yoast.com\/product\/yoast-seo-wordpress\/ -->\n<title>Vikerkaare teekond: Kogu ja m\u00e4ngi - Motormind<\/title>\n<meta name=\"robots\" content=\"index, follow, max-snippet:-1, max-image-preview:large, max-video-preview:-1\" \/>\n<link rel=\"canonical\" href=\"https:\/\/motormind.ee\/ru\/product\/vikerkaare-teekond-kogu-ja-mangi\/\" \/>\n<meta property=\"og:locale\" content=\"ru_RU\" \/>\n<meta property=\"og:type\" content=\"article\" \/>\n<meta property=\"og:title\" content=\"Vikerkaare teekond: Kogu ja m\u00e4ngi - Motormind\" \/>\n<meta property=\"og:description\" content=\"See v\u00e4rvikirev ja l\u00f5bus m\u00e4ng on loodud spetsiaalselt 1,7- kuni 4-aastastele lastele. M\u00e4ng sisaldab 10 r\u00f5\u00f5msav\u00e4rvilist pilti l\u00f5busate tegelaste ja esemetega, mida laps peab kokku panema, kattes vastavad alad v\u00e4ikeste ringikestega. M\u00e4ngu p\u00f5hieesm\u00e4rk on leida ja sobitada v\u00e4rvilised ringid \u00f5igetele kohtadele, et katta k\u00f5ik t\u00fchjad kohad pildil. M\u00e4ngides arendab laps mitte ainult peenmotoorikat, loogilist m\u00f5tlemist [&hellip;]\" \/>\n<meta property=\"og:url\" content=\"https:\/\/motormind.ee\/ru\/product\/vikerkaare-teekond-kogu-ja-mangi\/\" \/>\n<meta property=\"og:site_name\" content=\"Motormind\" \/>\n<meta property=\"article:modified_time\" content=\"2026-01-19T07:24:05+00:00\" \/>\n<meta property=\"og:image\" content=\"https:\/\/motormind.ee\/wp-content\/uploads\/2024\/12\/IMG_7808.jpeg\" \/>\n\t<meta property=\"og:image:width\" content=\"1536\" \/>\n\t<meta property=\"og:image:height\" content=\"2048\" \/>\n\t<meta property=\"og:image:type\" content=\"image\/jpeg\" \/>\n<meta name=\"twitter:card\" content=\"summary_large_image\" \/>\n<meta name=\"twitter:label1\" content=\"\u041f\u0440\u0438\u043c\u0435\u0440\u043d\u043e\u0435 \u0432\u0440\u0435\u043c\u044f \u0434\u043b\u044f \u0447\u0442\u0435\u043d\u0438\u044f\" \/>\n\t<meta name=\"twitter:data1\" content=\"1 \u043c\u0438\u043d\u0443\u0442\u0430\" \/>\n<script type=\"application\/ld+json\" class=\"yoast-schema-graph\">{\"@context\":\"https:\\\/\\\/schema.org\",\"@graph\":[{\"@type\":\"WebPage\",\"@id\":\"https:\\\/\\\/motormind.ee\\\/product\\\/vikerkaare-teekond-kogu-ja-mangi\\\/\",\"url\":\"https:\\\/\\\/motormind.ee\\\/product\\\/vikerkaare-teekond-kogu-ja-mangi\\\/\",\"name\":\"Vikerkaare teekond: Kogu ja m\u00e4ngi - Motormind\",\"isPartOf\":{\"@id\":\"https:\\\/\\\/motormind.ee\\\/#website\"},\"primaryImageOfPage\":{\"@id\":\"https:\\\/\\\/motormind.ee\\\/product\\\/vikerkaare-teekond-kogu-ja-mangi\\\/#primaryimage\"},\"image\":{\"@id\":\"https:\\\/\\\/motormind.ee\\\/product\\\/vikerkaare-teekond-kogu-ja-mangi\\\/#primaryimage\"},\"thumbnailUrl\":\"https:\\\/\\\/motormind.ee\\\/wp-content\\\/uploads\\\/2024\\\/12\\\/IMG_7808.jpeg\",\"datePublished\":\"2026-01-19T07:15:09+00:00\",\"dateModified\":\"2026-01-19T07:24:05+00:00\",\"breadcrumb\":{\"@id\":\"https:\\\/\\\/motormind.ee\\\/product\\\/vikerkaare-teekond-kogu-ja-mangi\\\/#breadcrumb\"},\"inLanguage\":\"ru-RU\",\"potentialAction\":[{\"@type\":\"ReadAction\",\"target\":[\"https:\\\/\\\/motormind.ee\\\/product\\\/vikerkaare-teekond-kogu-ja-mangi\\\/\"]}]},{\"@type\":\"ImageObject\",\"inLanguage\":\"ru-RU\",\"@id\":\"https:\\\/\\\/motormind.ee\\\/product\\\/vikerkaare-teekond-kogu-ja-mangi\\\/#primaryimage\",\"url\":\"https:\\\/\\\/motormind.ee\\\/wp-content\\\/uploads\\\/2024\\\/12\\\/IMG_7808.jpeg\",\"contentUrl\":\"https:\\\/\\\/motormind.ee\\\/wp-content\\\/uploads\\\/2024\\\/12\\\/IMG_7808.jpeg\",\"width\":1536,\"height\":2048},{\"@type\":\"BreadcrumbList\",\"@id\":\"https:\\\/\\\/motormind.ee\\\/product\\\/vikerkaare-teekond-kogu-ja-mangi\\\/#breadcrumb\",\"itemListElement\":[{\"@type\":\"ListItem\",\"position\":1,\"name\":\"\u0413\u043b\u0430\u0432\u043d\u0430\u044f \u0441\u0442\u0440\u0430\u043d\u0438\u0446\u0430\",\"item\":\"https:\\\/\\\/motormind.ee\\\/\"},{\"@type\":\"ListItem\",\"position\":2,\"name\":\"E-pood\",\"item\":\"https:\\\/\\\/motormind.ee\\\/shop\\\/\"},{\"@type\":\"ListItem\",\"position\":3,\"name\":\"Vikerkaare teekond: Kogu ja m\u00e4ngi\"}]},{\"@type\":\"WebSite\",\"@id\":\"https:\\\/\\\/motormind.ee\\\/#website\",\"url\":\"https:\\\/\\\/motormind.ee\\\/\",\"name\":\"Motormind\",\"description\":\"&Otilde;pi r&otilde;&otilde;muga, &otilde;pi m&auml;ngides!\",\"potentialAction\":[{\"@type\":\"SearchAction\",\"target\":{\"@type\":\"EntryPoint\",\"urlTemplate\":\"https:\\\/\\\/motormind.ee\\\/?s={search_term_string}\"},\"query-input\":{\"@type\":\"PropertyValueSpecification\",\"valueRequired\":true,\"valueName\":\"search_term_string\"}}],\"inLanguage\":\"ru-RU\"}]}<\/script>\n<!-- \/ Yoast SEO plugin. -->","yoast_head_json":{"title":"Vikerkaare teekond: Kogu ja m\u00e4ngi - Motormind","robots":{"index":"index","follow":"follow","max-snippet":"max-snippet:-1","max-image-preview":"max-image-preview:large","max-video-preview":"max-video-preview:-1"},"canonical":"https:\/\/motormind.ee\/ru\/product\/vikerkaare-teekond-kogu-ja-mangi\/","og_locale":"ru_RU","og_type":"article","og_title":"Vikerkaare teekond: Kogu ja m\u00e4ngi - Motormind","og_description":"See v\u00e4rvikirev ja l\u00f5bus m\u00e4ng on loodud spetsiaalselt 1,7- kuni 4-aastastele lastele. M\u00e4ng sisaldab 10 r\u00f5\u00f5msav\u00e4rvilist pilti l\u00f5busate tegelaste ja esemetega, mida laps peab kokku panema, kattes vastavad alad v\u00e4ikeste ringikestega. M\u00e4ngu p\u00f5hieesm\u00e4rk on leida ja sobitada v\u00e4rvilised ringid \u00f5igetele kohtadele, et katta k\u00f5ik t\u00fchjad kohad pildil. M\u00e4ngides arendab laps mitte ainult peenmotoorikat, loogilist m\u00f5tlemist [&hellip;]","og_url":"https:\/\/motormind.ee\/ru\/product\/vikerkaare-teekond-kogu-ja-mangi\/","og_site_name":"Motormind","article_modified_time":"2026-01-19T07:24:05+00:00","og_image":[{"width":1536,"height":2048,"url":"https:\/\/motormind.ee\/wp-content\/uploads\/2024\/12\/IMG_7808.jpeg","type":"image\/jpeg"}],"twitter_card":"summary_large_image","twitter_misc":{"\u041f\u0440\u0438\u043c\u0435\u0440\u043d\u043e\u0435 \u0432\u0440\u0435\u043c\u044f \u0434\u043b\u044f \u0447\u0442\u0435\u043d\u0438\u044f":"1 \u043c\u0438\u043d\u0443\u0442\u0430"},"schema":{"@context":"https:\/\/schema.org","@graph":[{"@type":"WebPage","@id":"https:\/\/motormind.ee\/product\/vikerkaare-teekond-kogu-ja-mangi\/","url":"https:\/\/motormind.ee\/product\/vikerkaare-teekond-kogu-ja-mangi\/","name":"Vikerkaare teekond: Kogu ja m\u00e4ngi - Motormind","isPartOf":{"@id":"https:\/\/motormind.ee\/#website"},"primaryImageOfPage":{"@id":"https:\/\/motormind.ee\/product\/vikerkaare-teekond-kogu-ja-mangi\/#primaryimage"},"image":{"@id":"https:\/\/motormind.ee\/product\/vikerkaare-teekond-kogu-ja-mangi\/#primaryimage"},"thumbnailUrl":"https:\/\/motormind.ee\/wp-content\/uploads\/2024\/12\/IMG_7808.jpeg","datePublished":"2026-01-19T07:15:09+00:00","dateModified":"2026-01-19T07:24:05+00:00","breadcrumb":{"@id":"https:\/\/motormind.ee\/product\/vikerkaare-teekond-kogu-ja-mangi\/#breadcrumb"},"inLanguage":"ru-RU","potentialAction":[{"@type":"ReadAction","target":["https:\/\/motormind.ee\/product\/vikerkaare-teekond-kogu-ja-mangi\/"]}]},{"@type":"ImageObject","inLanguage":"ru-RU","@id":"https:\/\/motormind.ee\/product\/vikerkaare-teekond-kogu-ja-mangi\/#primaryimage","url":"https:\/\/motormind.ee\/wp-content\/uploads\/2024\/12\/IMG_7808.jpeg","contentUrl":"https:\/\/motormind.ee\/wp-content\/uploads\/2024\/12\/IMG_7808.jpeg","width":1536,"height":2048},{"@type":"BreadcrumbList","@id":"https:\/\/motormind.ee\/product\/vikerkaare-teekond-kogu-ja-mangi\/#breadcrumb","itemListElement":[{"@type":"ListItem","position":1,"name":"\u0413\u043b\u0430\u0432\u043d\u0430\u044f \u0441\u0442\u0440\u0430\u043d\u0438\u0446\u0430","item":"https:\/\/motormind.ee\/"},{"@type":"ListItem","position":2,"name":"E-pood","item":"https:\/\/motormind.ee\/shop\/"},{"@type":"ListItem","position":3,"name":"Vikerkaare teekond: Kogu ja m\u00e4ngi"}]},{"@type":"WebSite","@id":"https:\/\/motormind.ee\/#website","url":"https:\/\/motormind.ee\/","name":"Motormind","description":"&Otilde;pi r&otilde;&otilde;muga, &otilde;pi m&auml;ngides!","potentialAction":[{"@type":"SearchAction","target":{"@type":"EntryPoint","urlTemplate":"https:\/\/motormind.ee\/?s={search_term_string}"},"query-input":{"@type":"PropertyValueSpecification","valueRequired":true,"valueName":"search_term_string"}}],"inLanguage":"ru-RU"}]}},"_links":{"self":[{"href":"https:\/\/motormind.ee\/ru\/wp-json\/wp\/v2\/product\/3937","targetHints":{"allow":["GET"]}}],"collection":[{"href":"https:\/\/motormind.ee\/ru\/wp-json\/wp\/v2\/product"}],"about":[{"href":"https:\/\/motormind.ee\/ru\/wp-json\/wp\/v2\/types\/product"}],"replies":[{"embeddable":true,"href":"https:\/\/motormind.ee\/ru\/wp-json\/wp\/v2\/comments?post=3937"}],"version-history":[{"count":1,"href":"https:\/\/motormind.ee\/ru\/wp-json\/wp\/v2\/product\/3937\/revisions"}],"predecessor-version":[{"id":3938,"href":"https:\/\/motormind.ee\/ru\/wp-json\/wp\/v2\/product\/3937\/revisions\/3938"}],"wp:featuredmedia":[{"embeddable":true,"href":"https:\/\/motormind.ee\/ru\/wp-json\/wp\/v2\/media\/1194"}],"wp:attachment":[{"href":"https:\/\/motormind.ee\/ru\/wp-json\/wp\/v2\/media?parent=3937"}],"wp:term":[{"taxonomy":"product_brand","embeddable":true,"href":"https:\/\/motormind.ee\/ru\/wp-json\/wp\/v2\/product_brand?post=3937"},{"taxonomy":"product_cat","embeddable":true,"href":"https:\/\/motormind.ee\/ru\/wp-json\/wp\/v2\/product_cat?post=3937"},{"taxonomy":"product_tag","embeddable":true,"href":"https:\/\/motormind.ee\/ru\/wp-json\/wp\/v2\/product_tag?post=3937"}],"curies":[{"name":"wp","href":"https:\/\/api.w.org\/{rel}","templated":true}]}}