{"id":3939,"date":"2026-01-19T07:20:59","date_gmt":"2026-01-19T07:20:59","guid":{"rendered":"https:\/\/motormind.ee\/?post_type=product&#038;p=3939"},"modified":"2026-01-19T07:20:59","modified_gmt":"2026-01-19T07:20:59","slug":"kulinaarne-konstruktor","status":"publish","type":"product","link":"https:\/\/motormind.ee\/ru\/product\/kulinaarne-konstruktor\/","title":{"rendered":"&#8220;Kulinaarne Konstruktor&#8221;"},"content":{"rendered":"<p>\u201cKulinaarne Konstruktor\u201d on p\u00f5nev ja hariv m\u00e4ng lastele, mis aitab arendada t\u00e4helepanu, loogilist<br \/>\nm\u00f5tlemist ja teadmisi puuviljade, k\u00f6\u00f6giviljade ja marjade kohta. Komplekt sisaldab 20 kaarti, millel<br \/>\non pilt l\u00f5igatud toodetest, ja vastavad kaardid tervete kujutistega. Lapse \u00fclesanne on sobitada<br \/>\nl\u00f5igatud pilt terve tootega, asetades \u00f5ige pildi l\u00f5ikelauale.<\/p>\n<p>See m\u00e4ng arendab visuaalset taju, m\u00e4lu ja sobitusoskusi ning aitab lapsel paremini tundma \u00f5ppida<br \/>\nerinevaid tooteid ja nende omadusi. \u201cKulinaarne Konstruktor\u201d pole mitte ainult \u00f5ppimine, vaid ka<br \/>\nl\u00f5bus ajaviide lastele ja nende vanematele!<\/p>","protected":false},"excerpt":{"rendered":"<p>\u201cKulinaarne Konstruktor\u201d on p\u00f5nev ja hariv m\u00e4ng lastele, mis aitab arendada t\u00e4helepanu, loogilist m\u00f5tlemist ja teadmisi puuviljade, k\u00f6\u00f6giviljade ja marjade kohta. Komplekt sisaldab 20 kaarti, millel on pilt l\u00f5igatud toodetest, ja vastavad kaardid tervete kujutistega. Lapse \u00fclesanne on sobitada l\u00f5igatud pilt terve tootega, asetades \u00f5ige pildi l\u00f5ikelauale. See m\u00e4ng arendab visuaalset taju, m\u00e4lu ja sobitusoskusi [&hellip;]<\/p>\n","protected":false},"featured_media":383,"comment_status":"open","ping_status":"closed","template":"","meta":[],"product_brand":[],"product_cat":[15],"product_tag":[],"class_list":{"0":"post-3939","1":"product","2":"type-product","3":"status-publish","4":"has-post-thumbnail","6":"product_cat-erinevad","8":"first","9":"instock","10":"shipping-taxable","11":"purchasable","12":"product-type-simple"},"yoast_head":"<!-- This site is optimized with the Yoast SEO plugin v27.4 - https:\/\/yoast.com\/product\/yoast-seo-wordpress\/ -->\n<title>&quot;Kulinaarne Konstruktor&quot; - Motormind<\/title>\n<meta name=\"robots\" content=\"index, follow, max-snippet:-1, max-image-preview:large, max-video-preview:-1\" \/>\n<link rel=\"canonical\" href=\"https:\/\/motormind.ee\/ru\/product\/kulinaarne-konstruktor\/\" \/>\n<meta property=\"og:locale\" content=\"ru_RU\" \/>\n<meta property=\"og:type\" content=\"article\" \/>\n<meta property=\"og:title\" content=\"&quot;Kulinaarne Konstruktor&quot; - Motormind\" \/>\n<meta property=\"og:description\" content=\"\u201cKulinaarne Konstruktor\u201d on p\u00f5nev ja hariv m\u00e4ng lastele, mis aitab arendada t\u00e4helepanu, loogilist m\u00f5tlemist ja teadmisi puuviljade, k\u00f6\u00f6giviljade ja marjade kohta. Komplekt sisaldab 20 kaarti, millel on pilt l\u00f5igatud toodetest, ja vastavad kaardid tervete kujutistega. Lapse \u00fclesanne on sobitada l\u00f5igatud pilt terve tootega, asetades \u00f5ige pildi l\u00f5ikelauale. See m\u00e4ng arendab visuaalset taju, m\u00e4lu ja sobitusoskusi [&hellip;]\" \/>\n<meta property=\"og:url\" content=\"https:\/\/motormind.ee\/ru\/product\/kulinaarne-konstruktor\/\" \/>\n<meta property=\"og:site_name\" content=\"Motormind\" \/>\n<meta property=\"og:image\" content=\"https:\/\/motormind.ee\/wp-content\/uploads\/2024\/09\/Kulinaarne-Konstruktor.jpg\" \/>\n\t<meta property=\"og:image:width\" content=\"2048\" \/>\n\t<meta property=\"og:image:height\" content=\"1536\" \/>\n\t<meta property=\"og:image:type\" content=\"image\/jpeg\" \/>\n<meta name=\"twitter:card\" content=\"summary_large_image\" \/>\n<meta name=\"twitter:label1\" content=\"\u041f\u0440\u0438\u043c\u0435\u0440\u043d\u043e\u0435 \u0432\u0440\u0435\u043c\u044f \u0434\u043b\u044f \u0447\u0442\u0435\u043d\u0438\u044f\" \/>\n\t<meta name=\"twitter:data1\" content=\"1 \u043c\u0438\u043d\u0443\u0442\u0430\" \/>\n<script type=\"application\/ld+json\" class=\"yoast-schema-graph\">{\"@context\":\"https:\\\/\\\/schema.org\",\"@graph\":[{\"@type\":\"WebPage\",\"@id\":\"https:\\\/\\\/motormind.ee\\\/product\\\/kulinaarne-konstruktor\\\/\",\"url\":\"https:\\\/\\\/motormind.ee\\\/product\\\/kulinaarne-konstruktor\\\/\",\"name\":\"\\\"Kulinaarne Konstruktor\\\" - Motormind\",\"isPartOf\":{\"@id\":\"https:\\\/\\\/motormind.ee\\\/#website\"},\"primaryImageOfPage\":{\"@id\":\"https:\\\/\\\/motormind.ee\\\/product\\\/kulinaarne-konstruktor\\\/#primaryimage\"},\"image\":{\"@id\":\"https:\\\/\\\/motormind.ee\\\/product\\\/kulinaarne-konstruktor\\\/#primaryimage\"},\"thumbnailUrl\":\"https:\\\/\\\/motormind.ee\\\/wp-content\\\/uploads\\\/2024\\\/09\\\/Kulinaarne-Konstruktor.jpg\",\"datePublished\":\"2026-01-19T07:20:59+00:00\",\"breadcrumb\":{\"@id\":\"https:\\\/\\\/motormind.ee\\\/product\\\/kulinaarne-konstruktor\\\/#breadcrumb\"},\"inLanguage\":\"ru-RU\",\"potentialAction\":[{\"@type\":\"ReadAction\",\"target\":[\"https:\\\/\\\/motormind.ee\\\/product\\\/kulinaarne-konstruktor\\\/\"]}]},{\"@type\":\"ImageObject\",\"inLanguage\":\"ru-RU\",\"@id\":\"https:\\\/\\\/motormind.ee\\\/product\\\/kulinaarne-konstruktor\\\/#primaryimage\",\"url\":\"https:\\\/\\\/motormind.ee\\\/wp-content\\\/uploads\\\/2024\\\/09\\\/Kulinaarne-Konstruktor.jpg\",\"contentUrl\":\"https:\\\/\\\/motormind.ee\\\/wp-content\\\/uploads\\\/2024\\\/09\\\/Kulinaarne-Konstruktor.jpg\",\"width\":2048,\"height\":1536},{\"@type\":\"BreadcrumbList\",\"@id\":\"https:\\\/\\\/motormind.ee\\\/product\\\/kulinaarne-konstruktor\\\/#breadcrumb\",\"itemListElement\":[{\"@type\":\"ListItem\",\"position\":1,\"name\":\"\u0413\u043b\u0430\u0432\u043d\u0430\u044f \u0441\u0442\u0440\u0430\u043d\u0438\u0446\u0430\",\"item\":\"https:\\\/\\\/motormind.ee\\\/\"},{\"@type\":\"ListItem\",\"position\":2,\"name\":\"E-pood\",\"item\":\"https:\\\/\\\/motormind.ee\\\/shop\\\/\"},{\"@type\":\"ListItem\",\"position\":3,\"name\":\"&#8220;Kulinaarne Konstruktor&#8221;\"}]},{\"@type\":\"WebSite\",\"@id\":\"https:\\\/\\\/motormind.ee\\\/#website\",\"url\":\"https:\\\/\\\/motormind.ee\\\/\",\"name\":\"Motormind\",\"description\":\"&Otilde;pi r&otilde;&otilde;muga, &otilde;pi m&auml;ngides!\",\"potentialAction\":[{\"@type\":\"SearchAction\",\"target\":{\"@type\":\"EntryPoint\",\"urlTemplate\":\"https:\\\/\\\/motormind.ee\\\/?s={search_term_string}\"},\"query-input\":{\"@type\":\"PropertyValueSpecification\",\"valueRequired\":true,\"valueName\":\"search_term_string\"}}],\"inLanguage\":\"ru-RU\"}]}<\/script>\n<!-- \/ Yoast SEO plugin. -->","yoast_head_json":{"title":"\"Kulinaarne Konstruktor\" - Motormind","robots":{"index":"index","follow":"follow","max-snippet":"max-snippet:-1","max-image-preview":"max-image-preview:large","max-video-preview":"max-video-preview:-1"},"canonical":"https:\/\/motormind.ee\/ru\/product\/kulinaarne-konstruktor\/","og_locale":"ru_RU","og_type":"article","og_title":"\"Kulinaarne Konstruktor\" - Motormind","og_description":"\u201cKulinaarne Konstruktor\u201d on p\u00f5nev ja hariv m\u00e4ng lastele, mis aitab arendada t\u00e4helepanu, loogilist m\u00f5tlemist ja teadmisi puuviljade, k\u00f6\u00f6giviljade ja marjade kohta. Komplekt sisaldab 20 kaarti, millel on pilt l\u00f5igatud toodetest, ja vastavad kaardid tervete kujutistega. Lapse \u00fclesanne on sobitada l\u00f5igatud pilt terve tootega, asetades \u00f5ige pildi l\u00f5ikelauale. See m\u00e4ng arendab visuaalset taju, m\u00e4lu ja sobitusoskusi [&hellip;]","og_url":"https:\/\/motormind.ee\/ru\/product\/kulinaarne-konstruktor\/","og_site_name":"Motormind","og_image":[{"width":2048,"height":1536,"url":"https:\/\/motormind.ee\/wp-content\/uploads\/2024\/09\/Kulinaarne-Konstruktor.jpg","type":"image\/jpeg"}],"twitter_card":"summary_large_image","twitter_misc":{"\u041f\u0440\u0438\u043c\u0435\u0440\u043d\u043e\u0435 \u0432\u0440\u0435\u043c\u044f \u0434\u043b\u044f \u0447\u0442\u0435\u043d\u0438\u044f":"1 \u043c\u0438\u043d\u0443\u0442\u0430"},"schema":{"@context":"https:\/\/schema.org","@graph":[{"@type":"WebPage","@id":"https:\/\/motormind.ee\/product\/kulinaarne-konstruktor\/","url":"https:\/\/motormind.ee\/product\/kulinaarne-konstruktor\/","name":"\"Kulinaarne Konstruktor\" - Motormind","isPartOf":{"@id":"https:\/\/motormind.ee\/#website"},"primaryImageOfPage":{"@id":"https:\/\/motormind.ee\/product\/kulinaarne-konstruktor\/#primaryimage"},"image":{"@id":"https:\/\/motormind.ee\/product\/kulinaarne-konstruktor\/#primaryimage"},"thumbnailUrl":"https:\/\/motormind.ee\/wp-content\/uploads\/2024\/09\/Kulinaarne-Konstruktor.jpg","datePublished":"2026-01-19T07:20:59+00:00","breadcrumb":{"@id":"https:\/\/motormind.ee\/product\/kulinaarne-konstruktor\/#breadcrumb"},"inLanguage":"ru-RU","potentialAction":[{"@type":"ReadAction","target":["https:\/\/motormind.ee\/product\/kulinaarne-konstruktor\/"]}]},{"@type":"ImageObject","inLanguage":"ru-RU","@id":"https:\/\/motormind.ee\/product\/kulinaarne-konstruktor\/#primaryimage","url":"https:\/\/motormind.ee\/wp-content\/uploads\/2024\/09\/Kulinaarne-Konstruktor.jpg","contentUrl":"https:\/\/motormind.ee\/wp-content\/uploads\/2024\/09\/Kulinaarne-Konstruktor.jpg","width":2048,"height":1536},{"@type":"BreadcrumbList","@id":"https:\/\/motormind.ee\/product\/kulinaarne-konstruktor\/#breadcrumb","itemListElement":[{"@type":"ListItem","position":1,"name":"\u0413\u043b\u0430\u0432\u043d\u0430\u044f \u0441\u0442\u0440\u0430\u043d\u0438\u0446\u0430","item":"https:\/\/motormind.ee\/"},{"@type":"ListItem","position":2,"name":"E-pood","item":"https:\/\/motormind.ee\/shop\/"},{"@type":"ListItem","position":3,"name":"&#8220;Kulinaarne Konstruktor&#8221;"}]},{"@type":"WebSite","@id":"https:\/\/motormind.ee\/#website","url":"https:\/\/motormind.ee\/","name":"Motormind","description":"&Otilde;pi r&otilde;&otilde;muga, &otilde;pi m&auml;ngides!","potentialAction":[{"@type":"SearchAction","target":{"@type":"EntryPoint","urlTemplate":"https:\/\/motormind.ee\/?s={search_term_string}"},"query-input":{"@type":"PropertyValueSpecification","valueRequired":true,"valueName":"search_term_string"}}],"inLanguage":"ru-RU"}]}},"_links":{"self":[{"href":"https:\/\/motormind.ee\/ru\/wp-json\/wp\/v2\/product\/3939","targetHints":{"allow":["GET"]}}],"collection":[{"href":"https:\/\/motormind.ee\/ru\/wp-json\/wp\/v2\/product"}],"about":[{"href":"https:\/\/motormind.ee\/ru\/wp-json\/wp\/v2\/types\/product"}],"replies":[{"embeddable":true,"href":"https:\/\/motormind.ee\/ru\/wp-json\/wp\/v2\/comments?post=3939"}],"version-history":[{"count":1,"href":"https:\/\/motormind.ee\/ru\/wp-json\/wp\/v2\/product\/3939\/revisions"}],"predecessor-version":[{"id":3940,"href":"https:\/\/motormind.ee\/ru\/wp-json\/wp\/v2\/product\/3939\/revisions\/3940"}],"wp:featuredmedia":[{"embeddable":true,"href":"https:\/\/motormind.ee\/ru\/wp-json\/wp\/v2\/media\/383"}],"wp:attachment":[{"href":"https:\/\/motormind.ee\/ru\/wp-json\/wp\/v2\/media?parent=3939"}],"wp:term":[{"taxonomy":"product_brand","embeddable":true,"href":"https:\/\/motormind.ee\/ru\/wp-json\/wp\/v2\/product_brand?post=3939"},{"taxonomy":"product_cat","embeddable":true,"href":"https:\/\/motormind.ee\/ru\/wp-json\/wp\/v2\/product_cat?post=3939"},{"taxonomy":"product_tag","embeddable":true,"href":"https:\/\/motormind.ee\/ru\/wp-json\/wp\/v2\/product_tag?post=3939"}],"curies":[{"name":"wp","href":"https:\/\/api.w.org\/{rel}","templated":true}]}}