{"id":3941,"date":"2026-01-19T07:27:25","date_gmt":"2026-01-19T07:27:25","guid":{"rendered":"https:\/\/motormind.ee\/?post_type=product&#038;p=3941"},"modified":"2026-01-19T07:27:25","modified_gmt":"2026-01-19T07:27:25","slug":"lemmikaplikatsioonid","status":"publish","type":"product","link":"https:\/\/motormind.ee\/ru\/product\/lemmikaplikatsioonid\/","title":{"rendered":"\u201eLemmikaplikatsioonid\u201c"},"content":{"rendered":"<p>\u201eLemmikaplikatsioonid\u201c on arendav m\u00e4nguraamat v\u00e4ikestele lastele, mis v\u00f5imaldab luua l\u00f5busaid<br \/>\naplikatsioone armsate tegelastega. Iga lehek\u00fclg sisaldab erksaid pilte erinevate loomadega, kellele<br \/>\ntuleb kinnitada vastavad detailid \u2014 k\u00e4ed, jalad, sabad ja muud elemendid.<br \/>\nT\u00e4nu lihtsatele ja turvalistele takjakinnitustele saab laps kergesti ja iseseisvalt tegelasi kokku panna,<br \/>\narendades samal ajal peenmotoorikat, liigutuste koordineerimist ja loovm\u00f5tlemist. Raamat on<br \/>\nvalmistatud vastupidavatest ja ohututest materjalidest, mis sobivad ideaalselt v\u00e4ikestele k\u00e4tele.<br \/>\n\u201eLemmikaplikatsioonid\u201c on l\u00f5bus ja kasulik viis aega veeta, m\u00e4ngides ja \u00f5ppides \u00fcheaegselt. See<br \/>\nraamat saab teie lapse lemmikm\u00e4nguasjaks, aidates arendada t\u00e4helepanu, loogikat ja fantaasiat!<\/p>","protected":false},"excerpt":{"rendered":"<p>\u201eLemmikaplikatsioonid\u201c on arendav m\u00e4nguraamat v\u00e4ikestele lastele, mis v\u00f5imaldab luua l\u00f5busaid aplikatsioone armsate tegelastega. Iga lehek\u00fclg sisaldab erksaid pilte erinevate loomadega, kellele tuleb kinnitada vastavad detailid \u2014 k\u00e4ed, jalad, sabad ja muud elemendid. T\u00e4nu lihtsatele ja turvalistele takjakinnitustele saab laps kergesti ja iseseisvalt tegelasi kokku panna, arendades samal ajal peenmotoorikat, liigutuste koordineerimist ja loovm\u00f5tlemist. Raamat on [&hellip;]<\/p>\n","protected":false},"featured_media":2330,"comment_status":"open","ping_status":"closed","template":"","meta":[],"product_brand":[],"product_cat":[15],"product_tag":[],"class_list":{"0":"post-3941","1":"product","2":"type-product","3":"status-publish","4":"has-post-thumbnail","6":"product_cat-erinevad","8":"first","9":"instock","10":"shipping-taxable","11":"purchasable","12":"product-type-simple"},"yoast_head":"<!-- This site is optimized with the Yoast SEO plugin v27.4 - https:\/\/yoast.com\/product\/yoast-seo-wordpress\/ -->\n<title>\u201eLemmikaplikatsioonid\u201c - Motormind<\/title>\n<meta name=\"robots\" content=\"index, follow, max-snippet:-1, max-image-preview:large, max-video-preview:-1\" \/>\n<link rel=\"canonical\" href=\"https:\/\/motormind.ee\/ru\/product\/lemmikaplikatsioonid\/\" \/>\n<meta property=\"og:locale\" content=\"ru_RU\" \/>\n<meta property=\"og:type\" content=\"article\" \/>\n<meta property=\"og:title\" content=\"\u201eLemmikaplikatsioonid\u201c - Motormind\" \/>\n<meta property=\"og:description\" content=\"\u201eLemmikaplikatsioonid\u201c on arendav m\u00e4nguraamat v\u00e4ikestele lastele, mis v\u00f5imaldab luua l\u00f5busaid aplikatsioone armsate tegelastega. Iga lehek\u00fclg sisaldab erksaid pilte erinevate loomadega, kellele tuleb kinnitada vastavad detailid \u2014 k\u00e4ed, jalad, sabad ja muud elemendid. T\u00e4nu lihtsatele ja turvalistele takjakinnitustele saab laps kergesti ja iseseisvalt tegelasi kokku panna, arendades samal ajal peenmotoorikat, liigutuste koordineerimist ja loovm\u00f5tlemist. Raamat on [&hellip;]\" \/>\n<meta property=\"og:url\" content=\"https:\/\/motormind.ee\/ru\/product\/lemmikaplikatsioonid\/\" \/>\n<meta property=\"og:site_name\" content=\"Motormind\" \/>\n<meta property=\"og:image\" content=\"https:\/\/motormind.ee\/wp-content\/uploads\/2025\/02\/IMG_0689.jpeg\" \/>\n\t<meta property=\"og:image:width\" content=\"2048\" \/>\n\t<meta property=\"og:image:height\" content=\"1536\" \/>\n\t<meta property=\"og:image:type\" content=\"image\/jpeg\" \/>\n<meta name=\"twitter:card\" content=\"summary_large_image\" \/>\n<meta name=\"twitter:label1\" content=\"\u041f\u0440\u0438\u043c\u0435\u0440\u043d\u043e\u0435 \u0432\u0440\u0435\u043c\u044f \u0434\u043b\u044f \u0447\u0442\u0435\u043d\u0438\u044f\" \/>\n\t<meta name=\"twitter:data1\" content=\"1 \u043c\u0438\u043d\u0443\u0442\u0430\" \/>\n<script type=\"application\/ld+json\" class=\"yoast-schema-graph\">{\"@context\":\"https:\\\/\\\/schema.org\",\"@graph\":[{\"@type\":\"WebPage\",\"@id\":\"https:\\\/\\\/motormind.ee\\\/product\\\/lemmikaplikatsioonid\\\/\",\"url\":\"https:\\\/\\\/motormind.ee\\\/product\\\/lemmikaplikatsioonid\\\/\",\"name\":\"\u201eLemmikaplikatsioonid\u201c - Motormind\",\"isPartOf\":{\"@id\":\"https:\\\/\\\/motormind.ee\\\/#website\"},\"primaryImageOfPage\":{\"@id\":\"https:\\\/\\\/motormind.ee\\\/product\\\/lemmikaplikatsioonid\\\/#primaryimage\"},\"image\":{\"@id\":\"https:\\\/\\\/motormind.ee\\\/product\\\/lemmikaplikatsioonid\\\/#primaryimage\"},\"thumbnailUrl\":\"https:\\\/\\\/motormind.ee\\\/wp-content\\\/uploads\\\/2025\\\/02\\\/IMG_0689.jpeg\",\"datePublished\":\"2026-01-19T07:27:25+00:00\",\"breadcrumb\":{\"@id\":\"https:\\\/\\\/motormind.ee\\\/product\\\/lemmikaplikatsioonid\\\/#breadcrumb\"},\"inLanguage\":\"ru-RU\",\"potentialAction\":[{\"@type\":\"ReadAction\",\"target\":[\"https:\\\/\\\/motormind.ee\\\/product\\\/lemmikaplikatsioonid\\\/\"]}]},{\"@type\":\"ImageObject\",\"inLanguage\":\"ru-RU\",\"@id\":\"https:\\\/\\\/motormind.ee\\\/product\\\/lemmikaplikatsioonid\\\/#primaryimage\",\"url\":\"https:\\\/\\\/motormind.ee\\\/wp-content\\\/uploads\\\/2025\\\/02\\\/IMG_0689.jpeg\",\"contentUrl\":\"https:\\\/\\\/motormind.ee\\\/wp-content\\\/uploads\\\/2025\\\/02\\\/IMG_0689.jpeg\",\"width\":2048,\"height\":1536},{\"@type\":\"BreadcrumbList\",\"@id\":\"https:\\\/\\\/motormind.ee\\\/product\\\/lemmikaplikatsioonid\\\/#breadcrumb\",\"itemListElement\":[{\"@type\":\"ListItem\",\"position\":1,\"name\":\"\u0413\u043b\u0430\u0432\u043d\u0430\u044f \u0441\u0442\u0440\u0430\u043d\u0438\u0446\u0430\",\"item\":\"https:\\\/\\\/motormind.ee\\\/\"},{\"@type\":\"ListItem\",\"position\":2,\"name\":\"E-pood\",\"item\":\"https:\\\/\\\/motormind.ee\\\/shop\\\/\"},{\"@type\":\"ListItem\",\"position\":3,\"name\":\"\u201eLemmikaplikatsioonid\u201c\"}]},{\"@type\":\"WebSite\",\"@id\":\"https:\\\/\\\/motormind.ee\\\/#website\",\"url\":\"https:\\\/\\\/motormind.ee\\\/\",\"name\":\"Motormind\",\"description\":\"&Otilde;pi r&otilde;&otilde;muga, &otilde;pi m&auml;ngides!\",\"potentialAction\":[{\"@type\":\"SearchAction\",\"target\":{\"@type\":\"EntryPoint\",\"urlTemplate\":\"https:\\\/\\\/motormind.ee\\\/?s={search_term_string}\"},\"query-input\":{\"@type\":\"PropertyValueSpecification\",\"valueRequired\":true,\"valueName\":\"search_term_string\"}}],\"inLanguage\":\"ru-RU\"}]}<\/script>\n<!-- \/ Yoast SEO plugin. -->","yoast_head_json":{"title":"\u201eLemmikaplikatsioonid\u201c - Motormind","robots":{"index":"index","follow":"follow","max-snippet":"max-snippet:-1","max-image-preview":"max-image-preview:large","max-video-preview":"max-video-preview:-1"},"canonical":"https:\/\/motormind.ee\/ru\/product\/lemmikaplikatsioonid\/","og_locale":"ru_RU","og_type":"article","og_title":"\u201eLemmikaplikatsioonid\u201c - Motormind","og_description":"\u201eLemmikaplikatsioonid\u201c on arendav m\u00e4nguraamat v\u00e4ikestele lastele, mis v\u00f5imaldab luua l\u00f5busaid aplikatsioone armsate tegelastega. Iga lehek\u00fclg sisaldab erksaid pilte erinevate loomadega, kellele tuleb kinnitada vastavad detailid \u2014 k\u00e4ed, jalad, sabad ja muud elemendid. T\u00e4nu lihtsatele ja turvalistele takjakinnitustele saab laps kergesti ja iseseisvalt tegelasi kokku panna, arendades samal ajal peenmotoorikat, liigutuste koordineerimist ja loovm\u00f5tlemist. Raamat on [&hellip;]","og_url":"https:\/\/motormind.ee\/ru\/product\/lemmikaplikatsioonid\/","og_site_name":"Motormind","og_image":[{"width":2048,"height":1536,"url":"https:\/\/motormind.ee\/wp-content\/uploads\/2025\/02\/IMG_0689.jpeg","type":"image\/jpeg"}],"twitter_card":"summary_large_image","twitter_misc":{"\u041f\u0440\u0438\u043c\u0435\u0440\u043d\u043e\u0435 \u0432\u0440\u0435\u043c\u044f \u0434\u043b\u044f \u0447\u0442\u0435\u043d\u0438\u044f":"1 \u043c\u0438\u043d\u0443\u0442\u0430"},"schema":{"@context":"https:\/\/schema.org","@graph":[{"@type":"WebPage","@id":"https:\/\/motormind.ee\/product\/lemmikaplikatsioonid\/","url":"https:\/\/motormind.ee\/product\/lemmikaplikatsioonid\/","name":"\u201eLemmikaplikatsioonid\u201c - Motormind","isPartOf":{"@id":"https:\/\/motormind.ee\/#website"},"primaryImageOfPage":{"@id":"https:\/\/motormind.ee\/product\/lemmikaplikatsioonid\/#primaryimage"},"image":{"@id":"https:\/\/motormind.ee\/product\/lemmikaplikatsioonid\/#primaryimage"},"thumbnailUrl":"https:\/\/motormind.ee\/wp-content\/uploads\/2025\/02\/IMG_0689.jpeg","datePublished":"2026-01-19T07:27:25+00:00","breadcrumb":{"@id":"https:\/\/motormind.ee\/product\/lemmikaplikatsioonid\/#breadcrumb"},"inLanguage":"ru-RU","potentialAction":[{"@type":"ReadAction","target":["https:\/\/motormind.ee\/product\/lemmikaplikatsioonid\/"]}]},{"@type":"ImageObject","inLanguage":"ru-RU","@id":"https:\/\/motormind.ee\/product\/lemmikaplikatsioonid\/#primaryimage","url":"https:\/\/motormind.ee\/wp-content\/uploads\/2025\/02\/IMG_0689.jpeg","contentUrl":"https:\/\/motormind.ee\/wp-content\/uploads\/2025\/02\/IMG_0689.jpeg","width":2048,"height":1536},{"@type":"BreadcrumbList","@id":"https:\/\/motormind.ee\/product\/lemmikaplikatsioonid\/#breadcrumb","itemListElement":[{"@type":"ListItem","position":1,"name":"\u0413\u043b\u0430\u0432\u043d\u0430\u044f \u0441\u0442\u0440\u0430\u043d\u0438\u0446\u0430","item":"https:\/\/motormind.ee\/"},{"@type":"ListItem","position":2,"name":"E-pood","item":"https:\/\/motormind.ee\/shop\/"},{"@type":"ListItem","position":3,"name":"\u201eLemmikaplikatsioonid\u201c"}]},{"@type":"WebSite","@id":"https:\/\/motormind.ee\/#website","url":"https:\/\/motormind.ee\/","name":"Motormind","description":"&Otilde;pi r&otilde;&otilde;muga, &otilde;pi m&auml;ngides!","potentialAction":[{"@type":"SearchAction","target":{"@type":"EntryPoint","urlTemplate":"https:\/\/motormind.ee\/?s={search_term_string}"},"query-input":{"@type":"PropertyValueSpecification","valueRequired":true,"valueName":"search_term_string"}}],"inLanguage":"ru-RU"}]}},"_links":{"self":[{"href":"https:\/\/motormind.ee\/ru\/wp-json\/wp\/v2\/product\/3941","targetHints":{"allow":["GET"]}}],"collection":[{"href":"https:\/\/motormind.ee\/ru\/wp-json\/wp\/v2\/product"}],"about":[{"href":"https:\/\/motormind.ee\/ru\/wp-json\/wp\/v2\/types\/product"}],"replies":[{"embeddable":true,"href":"https:\/\/motormind.ee\/ru\/wp-json\/wp\/v2\/comments?post=3941"}],"version-history":[{"count":1,"href":"https:\/\/motormind.ee\/ru\/wp-json\/wp\/v2\/product\/3941\/revisions"}],"predecessor-version":[{"id":3942,"href":"https:\/\/motormind.ee\/ru\/wp-json\/wp\/v2\/product\/3941\/revisions\/3942"}],"wp:featuredmedia":[{"embeddable":true,"href":"https:\/\/motormind.ee\/ru\/wp-json\/wp\/v2\/media\/2330"}],"wp:attachment":[{"href":"https:\/\/motormind.ee\/ru\/wp-json\/wp\/v2\/media?parent=3941"}],"wp:term":[{"taxonomy":"product_brand","embeddable":true,"href":"https:\/\/motormind.ee\/ru\/wp-json\/wp\/v2\/product_brand?post=3941"},{"taxonomy":"product_cat","embeddable":true,"href":"https:\/\/motormind.ee\/ru\/wp-json\/wp\/v2\/product_cat?post=3941"},{"taxonomy":"product_tag","embeddable":true,"href":"https:\/\/motormind.ee\/ru\/wp-json\/wp\/v2\/product_tag?post=3941"}],"curies":[{"name":"wp","href":"https:\/\/api.w.org\/{rel}","templated":true}]}}