{"id":3943,"date":"2026-01-19T07:34:44","date_gmt":"2026-01-19T07:34:44","guid":{"rendered":"https:\/\/motormind.ee\/?post_type=product&#038;p=3943"},"modified":"2026-01-19T07:34:44","modified_gmt":"2026-01-19T07:34:44","slug":"loomade-maailm","status":"publish","type":"product","link":"https:\/\/motormind.ee\/ru\/product\/loomade-maailm\/","title":{"rendered":"\u201eLoomade maailm\u201c"},"content":{"rendered":"<p>\u201eLoomade maailm\u201c on hariv ja p\u00f5nev komplekt lastele, mis viib v\u00e4ikesed avastajad loomariigi<br \/>\nmitmekesisesse maailma. Iga lehek\u00fclg tutvustab erinevaid temaatilisi alasid: tihedatest metsadest ja<br \/>\nkuumadest savannidest kuni mere s\u00fcgavuste ja koduste taludeni. Laps saab tutvuda loomadega,<br \/>\nuurida nende omadusi ja arendada olulisi oskusi, pannes kokku loomade figuure ja nende siluette<br \/>\nning \u00f5ppides tundma iga elanikku.<br \/>\nErksad ja detailsed illustratsioonid muudavad \u00f5ppeprotsessi kaasahaaravaks ning vastupidavad ja<br \/>\nturvalised elemendid sobivad ideaalselt v\u00e4ikestele k\u00e4tele. \u201eLoomade maailm\u201c arendab<br \/>\npeenmotoorikat, loogilist m\u00f5tlemist ja m\u00e4lu, muutes \u00f5ppimise l\u00f5busaks m\u00e4nguks. Kingi oma<br \/>\nlapsele v\u00f5imalus tutvuda planeedi loomadega ja sukelduda p\u00f5nevasse looduse maailma!<\/p>","protected":false},"excerpt":{"rendered":"<p>\u201eLoomade maailm\u201c on hariv ja p\u00f5nev komplekt lastele, mis viib v\u00e4ikesed avastajad loomariigi mitmekesisesse maailma. Iga lehek\u00fclg tutvustab erinevaid temaatilisi alasid: tihedatest metsadest ja kuumadest savannidest kuni mere s\u00fcgavuste ja koduste taludeni. Laps saab tutvuda loomadega, uurida nende omadusi ja arendada olulisi oskusi, pannes kokku loomade figuure ja nende siluette ning \u00f5ppides tundma iga elanikku. [&hellip;]<\/p>\n","protected":false},"featured_media":358,"comment_status":"open","ping_status":"closed","template":"","meta":[],"product_brand":[],"product_cat":[147],"product_tag":[],"class_list":{"0":"post-3943","1":"product","2":"type-product","3":"status-publish","4":"has-post-thumbnail","6":"product_cat-tegelusraamatud","8":"first","9":"instock","10":"shipping-taxable","11":"purchasable","12":"product-type-simple"},"yoast_head":"<!-- This site is optimized with the Yoast SEO plugin v27.4 - https:\/\/yoast.com\/product\/yoast-seo-wordpress\/ -->\n<title>\u201eLoomade maailm\u201c - Motormind<\/title>\n<meta name=\"robots\" content=\"index, follow, max-snippet:-1, max-image-preview:large, max-video-preview:-1\" \/>\n<link rel=\"canonical\" href=\"https:\/\/motormind.ee\/ru\/product\/loomade-maailm\/\" \/>\n<meta property=\"og:locale\" content=\"ru_RU\" \/>\n<meta property=\"og:type\" content=\"article\" \/>\n<meta property=\"og:title\" content=\"\u201eLoomade maailm\u201c - Motormind\" \/>\n<meta property=\"og:description\" content=\"\u201eLoomade maailm\u201c on hariv ja p\u00f5nev komplekt lastele, mis viib v\u00e4ikesed avastajad loomariigi mitmekesisesse maailma. Iga lehek\u00fclg tutvustab erinevaid temaatilisi alasid: tihedatest metsadest ja kuumadest savannidest kuni mere s\u00fcgavuste ja koduste taludeni. Laps saab tutvuda loomadega, uurida nende omadusi ja arendada olulisi oskusi, pannes kokku loomade figuure ja nende siluette ning \u00f5ppides tundma iga elanikku. [&hellip;]\" \/>\n<meta property=\"og:url\" content=\"https:\/\/motormind.ee\/ru\/product\/loomade-maailm\/\" \/>\n<meta property=\"og:site_name\" content=\"Motormind\" \/>\n<meta property=\"og:image\" content=\"https:\/\/motormind.ee\/wp-content\/uploads\/2024\/09\/Loomade-maailm.jpg\" \/>\n\t<meta property=\"og:image:width\" content=\"2048\" \/>\n\t<meta property=\"og:image:height\" content=\"1564\" \/>\n\t<meta property=\"og:image:type\" content=\"image\/jpeg\" \/>\n<meta name=\"twitter:card\" content=\"summary_large_image\" \/>\n<meta name=\"twitter:label1\" content=\"\u041f\u0440\u0438\u043c\u0435\u0440\u043d\u043e\u0435 \u0432\u0440\u0435\u043c\u044f \u0434\u043b\u044f \u0447\u0442\u0435\u043d\u0438\u044f\" \/>\n\t<meta name=\"twitter:data1\" content=\"1 \u043c\u0438\u043d\u0443\u0442\u0430\" \/>\n<script type=\"application\/ld+json\" class=\"yoast-schema-graph\">{\"@context\":\"https:\\\/\\\/schema.org\",\"@graph\":[{\"@type\":\"WebPage\",\"@id\":\"https:\\\/\\\/motormind.ee\\\/product\\\/loomade-maailm\\\/\",\"url\":\"https:\\\/\\\/motormind.ee\\\/product\\\/loomade-maailm\\\/\",\"name\":\"\u201eLoomade maailm\u201c - Motormind\",\"isPartOf\":{\"@id\":\"https:\\\/\\\/motormind.ee\\\/#website\"},\"primaryImageOfPage\":{\"@id\":\"https:\\\/\\\/motormind.ee\\\/product\\\/loomade-maailm\\\/#primaryimage\"},\"image\":{\"@id\":\"https:\\\/\\\/motormind.ee\\\/product\\\/loomade-maailm\\\/#primaryimage\"},\"thumbnailUrl\":\"https:\\\/\\\/motormind.ee\\\/wp-content\\\/uploads\\\/2024\\\/09\\\/Loomade-maailm.jpg\",\"datePublished\":\"2026-01-19T07:34:44+00:00\",\"breadcrumb\":{\"@id\":\"https:\\\/\\\/motormind.ee\\\/product\\\/loomade-maailm\\\/#breadcrumb\"},\"inLanguage\":\"ru-RU\",\"potentialAction\":[{\"@type\":\"ReadAction\",\"target\":[\"https:\\\/\\\/motormind.ee\\\/product\\\/loomade-maailm\\\/\"]}]},{\"@type\":\"ImageObject\",\"inLanguage\":\"ru-RU\",\"@id\":\"https:\\\/\\\/motormind.ee\\\/product\\\/loomade-maailm\\\/#primaryimage\",\"url\":\"https:\\\/\\\/motormind.ee\\\/wp-content\\\/uploads\\\/2024\\\/09\\\/Loomade-maailm.jpg\",\"contentUrl\":\"https:\\\/\\\/motormind.ee\\\/wp-content\\\/uploads\\\/2024\\\/09\\\/Loomade-maailm.jpg\",\"width\":2048,\"height\":1564},{\"@type\":\"BreadcrumbList\",\"@id\":\"https:\\\/\\\/motormind.ee\\\/product\\\/loomade-maailm\\\/#breadcrumb\",\"itemListElement\":[{\"@type\":\"ListItem\",\"position\":1,\"name\":\"\u0413\u043b\u0430\u0432\u043d\u0430\u044f \u0441\u0442\u0440\u0430\u043d\u0438\u0446\u0430\",\"item\":\"https:\\\/\\\/motormind.ee\\\/\"},{\"@type\":\"ListItem\",\"position\":2,\"name\":\"E-pood\",\"item\":\"https:\\\/\\\/motormind.ee\\\/shop\\\/\"},{\"@type\":\"ListItem\",\"position\":3,\"name\":\"\u201eLoomade maailm\u201c\"}]},{\"@type\":\"WebSite\",\"@id\":\"https:\\\/\\\/motormind.ee\\\/#website\",\"url\":\"https:\\\/\\\/motormind.ee\\\/\",\"name\":\"Motormind\",\"description\":\"&Otilde;pi r&otilde;&otilde;muga, &otilde;pi m&auml;ngides!\",\"potentialAction\":[{\"@type\":\"SearchAction\",\"target\":{\"@type\":\"EntryPoint\",\"urlTemplate\":\"https:\\\/\\\/motormind.ee\\\/?s={search_term_string}\"},\"query-input\":{\"@type\":\"PropertyValueSpecification\",\"valueRequired\":true,\"valueName\":\"search_term_string\"}}],\"inLanguage\":\"ru-RU\"}]}<\/script>\n<!-- \/ Yoast SEO plugin. -->","yoast_head_json":{"title":"\u201eLoomade maailm\u201c - Motormind","robots":{"index":"index","follow":"follow","max-snippet":"max-snippet:-1","max-image-preview":"max-image-preview:large","max-video-preview":"max-video-preview:-1"},"canonical":"https:\/\/motormind.ee\/ru\/product\/loomade-maailm\/","og_locale":"ru_RU","og_type":"article","og_title":"\u201eLoomade maailm\u201c - Motormind","og_description":"\u201eLoomade maailm\u201c on hariv ja p\u00f5nev komplekt lastele, mis viib v\u00e4ikesed avastajad loomariigi mitmekesisesse maailma. Iga lehek\u00fclg tutvustab erinevaid temaatilisi alasid: tihedatest metsadest ja kuumadest savannidest kuni mere s\u00fcgavuste ja koduste taludeni. Laps saab tutvuda loomadega, uurida nende omadusi ja arendada olulisi oskusi, pannes kokku loomade figuure ja nende siluette ning \u00f5ppides tundma iga elanikku. [&hellip;]","og_url":"https:\/\/motormind.ee\/ru\/product\/loomade-maailm\/","og_site_name":"Motormind","og_image":[{"width":2048,"height":1564,"url":"https:\/\/motormind.ee\/wp-content\/uploads\/2024\/09\/Loomade-maailm.jpg","type":"image\/jpeg"}],"twitter_card":"summary_large_image","twitter_misc":{"\u041f\u0440\u0438\u043c\u0435\u0440\u043d\u043e\u0435 \u0432\u0440\u0435\u043c\u044f \u0434\u043b\u044f \u0447\u0442\u0435\u043d\u0438\u044f":"1 \u043c\u0438\u043d\u0443\u0442\u0430"},"schema":{"@context":"https:\/\/schema.org","@graph":[{"@type":"WebPage","@id":"https:\/\/motormind.ee\/product\/loomade-maailm\/","url":"https:\/\/motormind.ee\/product\/loomade-maailm\/","name":"\u201eLoomade maailm\u201c - Motormind","isPartOf":{"@id":"https:\/\/motormind.ee\/#website"},"primaryImageOfPage":{"@id":"https:\/\/motormind.ee\/product\/loomade-maailm\/#primaryimage"},"image":{"@id":"https:\/\/motormind.ee\/product\/loomade-maailm\/#primaryimage"},"thumbnailUrl":"https:\/\/motormind.ee\/wp-content\/uploads\/2024\/09\/Loomade-maailm.jpg","datePublished":"2026-01-19T07:34:44+00:00","breadcrumb":{"@id":"https:\/\/motormind.ee\/product\/loomade-maailm\/#breadcrumb"},"inLanguage":"ru-RU","potentialAction":[{"@type":"ReadAction","target":["https:\/\/motormind.ee\/product\/loomade-maailm\/"]}]},{"@type":"ImageObject","inLanguage":"ru-RU","@id":"https:\/\/motormind.ee\/product\/loomade-maailm\/#primaryimage","url":"https:\/\/motormind.ee\/wp-content\/uploads\/2024\/09\/Loomade-maailm.jpg","contentUrl":"https:\/\/motormind.ee\/wp-content\/uploads\/2024\/09\/Loomade-maailm.jpg","width":2048,"height":1564},{"@type":"BreadcrumbList","@id":"https:\/\/motormind.ee\/product\/loomade-maailm\/#breadcrumb","itemListElement":[{"@type":"ListItem","position":1,"name":"\u0413\u043b\u0430\u0432\u043d\u0430\u044f \u0441\u0442\u0440\u0430\u043d\u0438\u0446\u0430","item":"https:\/\/motormind.ee\/"},{"@type":"ListItem","position":2,"name":"E-pood","item":"https:\/\/motormind.ee\/shop\/"},{"@type":"ListItem","position":3,"name":"\u201eLoomade maailm\u201c"}]},{"@type":"WebSite","@id":"https:\/\/motormind.ee\/#website","url":"https:\/\/motormind.ee\/","name":"Motormind","description":"&Otilde;pi r&otilde;&otilde;muga, &otilde;pi m&auml;ngides!","potentialAction":[{"@type":"SearchAction","target":{"@type":"EntryPoint","urlTemplate":"https:\/\/motormind.ee\/?s={search_term_string}"},"query-input":{"@type":"PropertyValueSpecification","valueRequired":true,"valueName":"search_term_string"}}],"inLanguage":"ru-RU"}]}},"_links":{"self":[{"href":"https:\/\/motormind.ee\/ru\/wp-json\/wp\/v2\/product\/3943","targetHints":{"allow":["GET"]}}],"collection":[{"href":"https:\/\/motormind.ee\/ru\/wp-json\/wp\/v2\/product"}],"about":[{"href":"https:\/\/motormind.ee\/ru\/wp-json\/wp\/v2\/types\/product"}],"replies":[{"embeddable":true,"href":"https:\/\/motormind.ee\/ru\/wp-json\/wp\/v2\/comments?post=3943"}],"version-history":[{"count":1,"href":"https:\/\/motormind.ee\/ru\/wp-json\/wp\/v2\/product\/3943\/revisions"}],"predecessor-version":[{"id":3944,"href":"https:\/\/motormind.ee\/ru\/wp-json\/wp\/v2\/product\/3943\/revisions\/3944"}],"wp:featuredmedia":[{"embeddable":true,"href":"https:\/\/motormind.ee\/ru\/wp-json\/wp\/v2\/media\/358"}],"wp:attachment":[{"href":"https:\/\/motormind.ee\/ru\/wp-json\/wp\/v2\/media?parent=3943"}],"wp:term":[{"taxonomy":"product_brand","embeddable":true,"href":"https:\/\/motormind.ee\/ru\/wp-json\/wp\/v2\/product_brand?post=3943"},{"taxonomy":"product_cat","embeddable":true,"href":"https:\/\/motormind.ee\/ru\/wp-json\/wp\/v2\/product_cat?post=3943"},{"taxonomy":"product_tag","embeddable":true,"href":"https:\/\/motormind.ee\/ru\/wp-json\/wp\/v2\/product_tag?post=3943"}],"curies":[{"name":"wp","href":"https:\/\/api.w.org\/{rel}","templated":true}]}}