{"id":3945,"date":"2026-01-19T07:37:56","date_gmt":"2026-01-19T07:37:56","guid":{"rendered":"https:\/\/motormind.ee\/?post_type=product&#038;p=3945"},"modified":"2026-01-19T07:37:57","modified_gmt":"2026-01-19T07:37:57","slug":"loo-pilt","status":"publish","type":"product","link":"https:\/\/motormind.ee\/ru\/product\/loo-pilt\/","title":{"rendered":"\u201eLoo pilt\u201c"},"content":{"rendered":"<p>\u201eLoo pilt\u201c on p\u00f5nev arendav raamat k\u00f5ige v\u00e4iksematele, m\u00f5eldud kuni 3-aastastele lastele.<br \/>\nRaamatu peamine \u00fclesanne on aidata lapsel \u00f5ppida lihtsate piltide kokkupanekut, asetades sobivad<br \/>\nelemendid takjakinnituste abil \u00f5igetesse kohtadesse, et luua valmis pilt. K\u00f5ik detailid on suured,<br \/>\nmis muudab m\u00e4ngimise mugavaks ja ohutuks v\u00e4ikelastele.<\/p>\n<p>Igal lehek\u00fcljel on v\u00e4rvikad \u00fclesanded, mis aitavad arendada motoorikat, koordinatsiooni ja loogilist<br \/>\nm\u00f5tlemist. Laps saab lisada puuvilju, k\u00f6\u00f6givilju, marju ja muid elemente, muutes tavalised pildid<br \/>\nelavateks kunstiteosteks. Iga lehek\u00fclje tagak\u00fcljel on plastiliiniga \u201eplaastrid\u201c, mis kutsuvad lapsi<br \/>\nlooma pilte plastiliinist, arendades t\u00e4iendavalt taktiilseid oskusi ja kujutlusv\u00f5imet.<\/p>\n<p>\u201eLoo pilt\u201c on ideaalne viis tutvustada lapsele \u00fcmbritsevat maailma l\u00e4bi m\u00e4ngu ja loovuse. See<br \/>\nraamat saab teie lapse lemmiktegevuseks, \u00f5petades talle v\u00e4rvide, kujundite ja loogika aluseid<br \/>\nl\u00f5busas ja ligip\u00e4\u00e4setavas vormis!<\/p>","protected":false},"excerpt":{"rendered":"<p>\u201eLoo pilt\u201c on p\u00f5nev arendav raamat k\u00f5ige v\u00e4iksematele, m\u00f5eldud kuni 3-aastastele lastele. Raamatu peamine \u00fclesanne on aidata lapsel \u00f5ppida lihtsate piltide kokkupanekut, asetades sobivad elemendid takjakinnituste abil \u00f5igetesse kohtadesse, et luua valmis pilt. K\u00f5ik detailid on suured, mis muudab m\u00e4ngimise mugavaks ja ohutuks v\u00e4ikelastele. Igal lehek\u00fcljel on v\u00e4rvikad \u00fclesanded, mis aitavad arendada motoorikat, koordinatsiooni ja [&hellip;]<\/p>\n","protected":false},"featured_media":2268,"comment_status":"open","ping_status":"closed","template":"","meta":[],"product_brand":[],"product_cat":[147],"product_tag":[],"class_list":{"0":"post-3945","1":"product","2":"type-product","3":"status-publish","4":"has-post-thumbnail","6":"product_cat-tegelusraamatud","8":"first","9":"instock","10":"shipping-taxable","11":"purchasable","12":"product-type-simple"},"yoast_head":"<!-- This site is optimized with the Yoast SEO plugin v27.4 - https:\/\/yoast.com\/product\/yoast-seo-wordpress\/ -->\n<title>\u201eLoo pilt\u201c - Motormind<\/title>\n<meta name=\"robots\" content=\"index, follow, max-snippet:-1, max-image-preview:large, max-video-preview:-1\" \/>\n<link rel=\"canonical\" href=\"https:\/\/motormind.ee\/ru\/product\/loo-pilt\/\" \/>\n<meta property=\"og:locale\" content=\"ru_RU\" \/>\n<meta property=\"og:type\" content=\"article\" \/>\n<meta property=\"og:title\" content=\"\u201eLoo pilt\u201c - Motormind\" \/>\n<meta property=\"og:description\" content=\"\u201eLoo pilt\u201c on p\u00f5nev arendav raamat k\u00f5ige v\u00e4iksematele, m\u00f5eldud kuni 3-aastastele lastele. Raamatu peamine \u00fclesanne on aidata lapsel \u00f5ppida lihtsate piltide kokkupanekut, asetades sobivad elemendid takjakinnituste abil \u00f5igetesse kohtadesse, et luua valmis pilt. K\u00f5ik detailid on suured, mis muudab m\u00e4ngimise mugavaks ja ohutuks v\u00e4ikelastele. Igal lehek\u00fcljel on v\u00e4rvikad \u00fclesanded, mis aitavad arendada motoorikat, koordinatsiooni ja [&hellip;]\" \/>\n<meta property=\"og:url\" content=\"https:\/\/motormind.ee\/ru\/product\/loo-pilt\/\" \/>\n<meta property=\"og:site_name\" content=\"Motormind\" \/>\n<meta property=\"article:modified_time\" content=\"2026-01-19T07:37:57+00:00\" \/>\n<meta property=\"og:image\" content=\"https:\/\/motormind.ee\/wp-content\/uploads\/2025\/02\/IMG_7685.jpeg\" \/>\n\t<meta property=\"og:image:width\" content=\"1536\" \/>\n\t<meta property=\"og:image:height\" content=\"2048\" \/>\n\t<meta property=\"og:image:type\" content=\"image\/jpeg\" \/>\n<meta name=\"twitter:card\" content=\"summary_large_image\" \/>\n<meta name=\"twitter:label1\" content=\"\u041f\u0440\u0438\u043c\u0435\u0440\u043d\u043e\u0435 \u0432\u0440\u0435\u043c\u044f \u0434\u043b\u044f \u0447\u0442\u0435\u043d\u0438\u044f\" \/>\n\t<meta name=\"twitter:data1\" content=\"1 \u043c\u0438\u043d\u0443\u0442\u0430\" \/>\n<script type=\"application\/ld+json\" class=\"yoast-schema-graph\">{\"@context\":\"https:\\\/\\\/schema.org\",\"@graph\":[{\"@type\":\"WebPage\",\"@id\":\"https:\\\/\\\/motormind.ee\\\/product\\\/loo-pilt\\\/\",\"url\":\"https:\\\/\\\/motormind.ee\\\/product\\\/loo-pilt\\\/\",\"name\":\"\u201eLoo pilt\u201c - Motormind\",\"isPartOf\":{\"@id\":\"https:\\\/\\\/motormind.ee\\\/#website\"},\"primaryImageOfPage\":{\"@id\":\"https:\\\/\\\/motormind.ee\\\/product\\\/loo-pilt\\\/#primaryimage\"},\"image\":{\"@id\":\"https:\\\/\\\/motormind.ee\\\/product\\\/loo-pilt\\\/#primaryimage\"},\"thumbnailUrl\":\"https:\\\/\\\/motormind.ee\\\/wp-content\\\/uploads\\\/2025\\\/02\\\/IMG_7685.jpeg\",\"datePublished\":\"2026-01-19T07:37:56+00:00\",\"dateModified\":\"2026-01-19T07:37:57+00:00\",\"breadcrumb\":{\"@id\":\"https:\\\/\\\/motormind.ee\\\/product\\\/loo-pilt\\\/#breadcrumb\"},\"inLanguage\":\"ru-RU\",\"potentialAction\":[{\"@type\":\"ReadAction\",\"target\":[\"https:\\\/\\\/motormind.ee\\\/product\\\/loo-pilt\\\/\"]}]},{\"@type\":\"ImageObject\",\"inLanguage\":\"ru-RU\",\"@id\":\"https:\\\/\\\/motormind.ee\\\/product\\\/loo-pilt\\\/#primaryimage\",\"url\":\"https:\\\/\\\/motormind.ee\\\/wp-content\\\/uploads\\\/2025\\\/02\\\/IMG_7685.jpeg\",\"contentUrl\":\"https:\\\/\\\/motormind.ee\\\/wp-content\\\/uploads\\\/2025\\\/02\\\/IMG_7685.jpeg\",\"width\":1536,\"height\":2048},{\"@type\":\"BreadcrumbList\",\"@id\":\"https:\\\/\\\/motormind.ee\\\/product\\\/loo-pilt\\\/#breadcrumb\",\"itemListElement\":[{\"@type\":\"ListItem\",\"position\":1,\"name\":\"\u0413\u043b\u0430\u0432\u043d\u0430\u044f \u0441\u0442\u0440\u0430\u043d\u0438\u0446\u0430\",\"item\":\"https:\\\/\\\/motormind.ee\\\/\"},{\"@type\":\"ListItem\",\"position\":2,\"name\":\"E-pood\",\"item\":\"https:\\\/\\\/motormind.ee\\\/shop\\\/\"},{\"@type\":\"ListItem\",\"position\":3,\"name\":\"\u201eLoo pilt\u201c\"}]},{\"@type\":\"WebSite\",\"@id\":\"https:\\\/\\\/motormind.ee\\\/#website\",\"url\":\"https:\\\/\\\/motormind.ee\\\/\",\"name\":\"Motormind\",\"description\":\"&Otilde;pi r&otilde;&otilde;muga, &otilde;pi m&auml;ngides!\",\"potentialAction\":[{\"@type\":\"SearchAction\",\"target\":{\"@type\":\"EntryPoint\",\"urlTemplate\":\"https:\\\/\\\/motormind.ee\\\/?s={search_term_string}\"},\"query-input\":{\"@type\":\"PropertyValueSpecification\",\"valueRequired\":true,\"valueName\":\"search_term_string\"}}],\"inLanguage\":\"ru-RU\"}]}<\/script>\n<!-- \/ Yoast SEO plugin. -->","yoast_head_json":{"title":"\u201eLoo pilt\u201c - Motormind","robots":{"index":"index","follow":"follow","max-snippet":"max-snippet:-1","max-image-preview":"max-image-preview:large","max-video-preview":"max-video-preview:-1"},"canonical":"https:\/\/motormind.ee\/ru\/product\/loo-pilt\/","og_locale":"ru_RU","og_type":"article","og_title":"\u201eLoo pilt\u201c - Motormind","og_description":"\u201eLoo pilt\u201c on p\u00f5nev arendav raamat k\u00f5ige v\u00e4iksematele, m\u00f5eldud kuni 3-aastastele lastele. Raamatu peamine \u00fclesanne on aidata lapsel \u00f5ppida lihtsate piltide kokkupanekut, asetades sobivad elemendid takjakinnituste abil \u00f5igetesse kohtadesse, et luua valmis pilt. K\u00f5ik detailid on suured, mis muudab m\u00e4ngimise mugavaks ja ohutuks v\u00e4ikelastele. Igal lehek\u00fcljel on v\u00e4rvikad \u00fclesanded, mis aitavad arendada motoorikat, koordinatsiooni ja [&hellip;]","og_url":"https:\/\/motormind.ee\/ru\/product\/loo-pilt\/","og_site_name":"Motormind","article_modified_time":"2026-01-19T07:37:57+00:00","og_image":[{"width":1536,"height":2048,"url":"https:\/\/motormind.ee\/wp-content\/uploads\/2025\/02\/IMG_7685.jpeg","type":"image\/jpeg"}],"twitter_card":"summary_large_image","twitter_misc":{"\u041f\u0440\u0438\u043c\u0435\u0440\u043d\u043e\u0435 \u0432\u0440\u0435\u043c\u044f \u0434\u043b\u044f \u0447\u0442\u0435\u043d\u0438\u044f":"1 \u043c\u0438\u043d\u0443\u0442\u0430"},"schema":{"@context":"https:\/\/schema.org","@graph":[{"@type":"WebPage","@id":"https:\/\/motormind.ee\/product\/loo-pilt\/","url":"https:\/\/motormind.ee\/product\/loo-pilt\/","name":"\u201eLoo pilt\u201c - Motormind","isPartOf":{"@id":"https:\/\/motormind.ee\/#website"},"primaryImageOfPage":{"@id":"https:\/\/motormind.ee\/product\/loo-pilt\/#primaryimage"},"image":{"@id":"https:\/\/motormind.ee\/product\/loo-pilt\/#primaryimage"},"thumbnailUrl":"https:\/\/motormind.ee\/wp-content\/uploads\/2025\/02\/IMG_7685.jpeg","datePublished":"2026-01-19T07:37:56+00:00","dateModified":"2026-01-19T07:37:57+00:00","breadcrumb":{"@id":"https:\/\/motormind.ee\/product\/loo-pilt\/#breadcrumb"},"inLanguage":"ru-RU","potentialAction":[{"@type":"ReadAction","target":["https:\/\/motormind.ee\/product\/loo-pilt\/"]}]},{"@type":"ImageObject","inLanguage":"ru-RU","@id":"https:\/\/motormind.ee\/product\/loo-pilt\/#primaryimage","url":"https:\/\/motormind.ee\/wp-content\/uploads\/2025\/02\/IMG_7685.jpeg","contentUrl":"https:\/\/motormind.ee\/wp-content\/uploads\/2025\/02\/IMG_7685.jpeg","width":1536,"height":2048},{"@type":"BreadcrumbList","@id":"https:\/\/motormind.ee\/product\/loo-pilt\/#breadcrumb","itemListElement":[{"@type":"ListItem","position":1,"name":"\u0413\u043b\u0430\u0432\u043d\u0430\u044f \u0441\u0442\u0440\u0430\u043d\u0438\u0446\u0430","item":"https:\/\/motormind.ee\/"},{"@type":"ListItem","position":2,"name":"E-pood","item":"https:\/\/motormind.ee\/shop\/"},{"@type":"ListItem","position":3,"name":"\u201eLoo pilt\u201c"}]},{"@type":"WebSite","@id":"https:\/\/motormind.ee\/#website","url":"https:\/\/motormind.ee\/","name":"Motormind","description":"&Otilde;pi r&otilde;&otilde;muga, &otilde;pi m&auml;ngides!","potentialAction":[{"@type":"SearchAction","target":{"@type":"EntryPoint","urlTemplate":"https:\/\/motormind.ee\/?s={search_term_string}"},"query-input":{"@type":"PropertyValueSpecification","valueRequired":true,"valueName":"search_term_string"}}],"inLanguage":"ru-RU"}]}},"_links":{"self":[{"href":"https:\/\/motormind.ee\/ru\/wp-json\/wp\/v2\/product\/3945","targetHints":{"allow":["GET"]}}],"collection":[{"href":"https:\/\/motormind.ee\/ru\/wp-json\/wp\/v2\/product"}],"about":[{"href":"https:\/\/motormind.ee\/ru\/wp-json\/wp\/v2\/types\/product"}],"replies":[{"embeddable":true,"href":"https:\/\/motormind.ee\/ru\/wp-json\/wp\/v2\/comments?post=3945"}],"version-history":[{"count":1,"href":"https:\/\/motormind.ee\/ru\/wp-json\/wp\/v2\/product\/3945\/revisions"}],"predecessor-version":[{"id":3946,"href":"https:\/\/motormind.ee\/ru\/wp-json\/wp\/v2\/product\/3945\/revisions\/3946"}],"wp:featuredmedia":[{"embeddable":true,"href":"https:\/\/motormind.ee\/ru\/wp-json\/wp\/v2\/media\/2268"}],"wp:attachment":[{"href":"https:\/\/motormind.ee\/ru\/wp-json\/wp\/v2\/media?parent=3945"}],"wp:term":[{"taxonomy":"product_brand","embeddable":true,"href":"https:\/\/motormind.ee\/ru\/wp-json\/wp\/v2\/product_brand?post=3945"},{"taxonomy":"product_cat","embeddable":true,"href":"https:\/\/motormind.ee\/ru\/wp-json\/wp\/v2\/product_cat?post=3945"},{"taxonomy":"product_tag","embeddable":true,"href":"https:\/\/motormind.ee\/ru\/wp-json\/wp\/v2\/product_tag?post=3945"}],"curies":[{"name":"wp","href":"https:\/\/api.w.org\/{rel}","templated":true}]}}