{"id":4119,"date":"2026-03-09T10:53:56","date_gmt":"2026-03-09T10:53:56","guid":{"rendered":"https:\/\/motormind.ee\/?post_type=product&#038;p=4119"},"modified":"2026-03-18T08:33:01","modified_gmt":"2026-03-18T08:33:01","slug":"toolehed-transpordi-maailm","status":"publish","type":"product","link":"https:\/\/motormind.ee\/ru\/product\/toolehed-transpordi-maailm\/","title":{"rendered":"T\u00f6\u00f6lehed: \u201eTranspordi maailm\u201c"},"content":{"rendered":"<p>\u201eTranspordi maailm\u201c<br \/>\nT\u00f6\u00f6lehed sisaldavad mitmekesiseid ja l\u00f5busaid \u00fclesandeid, mis arendavad lapse m\u00f5tlemist ja t\u00e4helepanu.<\/p>\n<p>\u00dclesannete hulgas on n\u00e4iteks:<br \/>\n\u2022 loogika\u00fclesanded<br \/>\n\u2022 t\u00e4helepanu ja v\u00f5rdlemise harjutused<br \/>\n\u2022 loendamine ja lihtsad matemaatika\u00fclesanded<br \/>\n\u2022 kirjutamise ja j\u00e4lgimise harjutused<br \/>\n\u2022 lab\u00fcrindid ja pildi\u00fclesanded<\/p>\n<p>Materjal aitab arendada:<br \/>\n\u2022 loogilist m\u00f5tlemist<br \/>\n\u2022 keskendumist ja t\u00e4helepanu<br \/>\n\u2022 matemaatilisi oskusi<br \/>\n\u2022 kirjutamise eeloskusi<\/p>\n<p>Sobib 4\u20137-aastastele lastele.<\/p>\n<p>Materjal on PDF-formaadis, mille saab alla laadida ja printida.<br \/>\nSoovi korral v\u00f5ib t\u00f6\u00f6lehed lamineerida, et kasutada neid korduvalt.<\/p>\n<p>23lk<\/p>\n<p>&nbsp;<\/p>\n<p>Tegemist on digitaalse tootega (PDF). P\u00e4rast makset saadetakse allalaadimislink teie e-mailile.<\/p>","protected":false},"excerpt":{"rendered":"<p>\u201eTranspordi maailm\u201c T\u00f6\u00f6lehed sisaldavad mitmekesiseid ja l\u00f5busaid \u00fclesandeid, mis arendavad lapse m\u00f5tlemist ja t\u00e4helepanu. \u00dclesannete hulgas on n\u00e4iteks: \u2022 loogika\u00fclesanded \u2022 t\u00e4helepanu ja v\u00f5rdlemise harjutused \u2022 loendamine ja lihtsad matemaatika\u00fclesanded \u2022 kirjutamise ja j\u00e4lgimise harjutused \u2022 lab\u00fcrindid ja pildi\u00fclesanded Materjal aitab arendada: \u2022 loogilist m\u00f5tlemist \u2022 keskendumist ja t\u00e4helepanu \u2022 matemaatilisi oskusi \u2022 kirjutamise eeloskusi [&hellip;]<\/p>\n","protected":false},"featured_media":4120,"comment_status":"open","ping_status":"closed","template":"","meta":[],"product_brand":[],"product_cat":[22,157],"product_tag":[],"class_list":{"0":"post-4119","1":"product","2":"type-product","3":"status-publish","4":"has-post-thumbnail","6":"product_cat-toolehed","7":"product_cat-temaatilised-ja-hooajalised-toolehed","9":"first","10":"instock","11":"shipping-taxable","12":"purchasable","13":"product-type-variable"},"yoast_head":"<!-- This site is optimized with the Yoast SEO plugin v27.3 - https:\/\/yoast.com\/product\/yoast-seo-wordpress\/ -->\n<title>T\u00f6\u00f6lehed: \u201eTranspordi maailm\u201c - Motormind<\/title>\n<meta name=\"robots\" content=\"index, follow, max-snippet:-1, max-image-preview:large, max-video-preview:-1\" \/>\n<link rel=\"canonical\" href=\"https:\/\/motormind.ee\/ru\/product\/toolehed-transpordi-maailm\/\" \/>\n<meta property=\"og:locale\" content=\"ru_RU\" \/>\n<meta property=\"og:type\" content=\"article\" \/>\n<meta property=\"og:title\" content=\"T\u00f6\u00f6lehed: \u201eTranspordi maailm\u201c - Motormind\" \/>\n<meta property=\"og:description\" content=\"\u201eTranspordi maailm\u201c T\u00f6\u00f6lehed sisaldavad mitmekesiseid ja l\u00f5busaid \u00fclesandeid, mis arendavad lapse m\u00f5tlemist ja t\u00e4helepanu. \u00dclesannete hulgas on n\u00e4iteks: \u2022 loogika\u00fclesanded \u2022 t\u00e4helepanu ja v\u00f5rdlemise harjutused \u2022 loendamine ja lihtsad matemaatika\u00fclesanded \u2022 kirjutamise ja j\u00e4lgimise harjutused \u2022 lab\u00fcrindid ja pildi\u00fclesanded Materjal aitab arendada: \u2022 loogilist m\u00f5tlemist \u2022 keskendumist ja t\u00e4helepanu \u2022 matemaatilisi oskusi \u2022 kirjutamise eeloskusi [&hellip;]\" \/>\n<meta property=\"og:url\" content=\"https:\/\/motormind.ee\/ru\/product\/toolehed-transpordi-maailm\/\" \/>\n<meta property=\"og:site_name\" content=\"Motormind\" \/>\n<meta property=\"article:modified_time\" content=\"2026-03-18T08:33:01+00:00\" \/>\n<meta property=\"og:image\" content=\"https:\/\/motormind.ee\/wp-content\/uploads\/2026\/03\/IMG_6178.jpg\" \/>\n\t<meta property=\"og:image:width\" content=\"2048\" \/>\n\t<meta property=\"og:image:height\" content=\"2048\" \/>\n\t<meta property=\"og:image:type\" content=\"image\/jpeg\" \/>\n<meta name=\"twitter:card\" content=\"summary_large_image\" \/>\n<meta name=\"twitter:label1\" content=\"\u041f\u0440\u0438\u043c\u0435\u0440\u043d\u043e\u0435 \u0432\u0440\u0435\u043c\u044f \u0434\u043b\u044f \u0447\u0442\u0435\u043d\u0438\u044f\" \/>\n\t<meta name=\"twitter:data1\" content=\"1 \u043c\u0438\u043d\u0443\u0442\u0430\" \/>\n<script type=\"application\/ld+json\" class=\"yoast-schema-graph\">{\"@context\":\"https:\\\/\\\/schema.org\",\"@graph\":[{\"@type\":\"WebPage\",\"@id\":\"https:\\\/\\\/motormind.ee\\\/product\\\/toolehed-transpordi-maailm\\\/\",\"url\":\"https:\\\/\\\/motormind.ee\\\/product\\\/toolehed-transpordi-maailm\\\/\",\"name\":\"T\u00f6\u00f6lehed: \u201eTranspordi maailm\u201c - Motormind\",\"isPartOf\":{\"@id\":\"https:\\\/\\\/motormind.ee\\\/#website\"},\"primaryImageOfPage\":{\"@id\":\"https:\\\/\\\/motormind.ee\\\/product\\\/toolehed-transpordi-maailm\\\/#primaryimage\"},\"image\":{\"@id\":\"https:\\\/\\\/motormind.ee\\\/product\\\/toolehed-transpordi-maailm\\\/#primaryimage\"},\"thumbnailUrl\":\"https:\\\/\\\/motormind.ee\\\/wp-content\\\/uploads\\\/2026\\\/03\\\/IMG_6178.jpg\",\"datePublished\":\"2026-03-09T10:53:56+00:00\",\"dateModified\":\"2026-03-18T08:33:01+00:00\",\"breadcrumb\":{\"@id\":\"https:\\\/\\\/motormind.ee\\\/product\\\/toolehed-transpordi-maailm\\\/#breadcrumb\"},\"inLanguage\":\"ru-RU\",\"potentialAction\":[{\"@type\":\"ReadAction\",\"target\":[\"https:\\\/\\\/motormind.ee\\\/product\\\/toolehed-transpordi-maailm\\\/\"]}]},{\"@type\":\"ImageObject\",\"inLanguage\":\"ru-RU\",\"@id\":\"https:\\\/\\\/motormind.ee\\\/product\\\/toolehed-transpordi-maailm\\\/#primaryimage\",\"url\":\"https:\\\/\\\/motormind.ee\\\/wp-content\\\/uploads\\\/2026\\\/03\\\/IMG_6178.jpg\",\"contentUrl\":\"https:\\\/\\\/motormind.ee\\\/wp-content\\\/uploads\\\/2026\\\/03\\\/IMG_6178.jpg\",\"width\":2048,\"height\":2048},{\"@type\":\"BreadcrumbList\",\"@id\":\"https:\\\/\\\/motormind.ee\\\/product\\\/toolehed-transpordi-maailm\\\/#breadcrumb\",\"itemListElement\":[{\"@type\":\"ListItem\",\"position\":1,\"name\":\"\u0413\u043b\u0430\u0432\u043d\u0430\u044f \u0441\u0442\u0440\u0430\u043d\u0438\u0446\u0430\",\"item\":\"https:\\\/\\\/motormind.ee\\\/\"},{\"@type\":\"ListItem\",\"position\":2,\"name\":\"E-pood\",\"item\":\"https:\\\/\\\/motormind.ee\\\/shop\\\/\"},{\"@type\":\"ListItem\",\"position\":3,\"name\":\"T\u00f6\u00f6lehed: \u201eTranspordi maailm\u201c\"}]},{\"@type\":\"WebSite\",\"@id\":\"https:\\\/\\\/motormind.ee\\\/#website\",\"url\":\"https:\\\/\\\/motormind.ee\\\/\",\"name\":\"Motormind\",\"description\":\"&Otilde;pi r&otilde;&otilde;muga, &otilde;pi m&auml;ngides!\",\"potentialAction\":[{\"@type\":\"SearchAction\",\"target\":{\"@type\":\"EntryPoint\",\"urlTemplate\":\"https:\\\/\\\/motormind.ee\\\/?s={search_term_string}\"},\"query-input\":{\"@type\":\"PropertyValueSpecification\",\"valueRequired\":true,\"valueName\":\"search_term_string\"}}],\"inLanguage\":\"ru-RU\"}]}<\/script>\n<!-- \/ Yoast SEO plugin. -->","yoast_head_json":{"title":"T\u00f6\u00f6lehed: \u201eTranspordi maailm\u201c - Motormind","robots":{"index":"index","follow":"follow","max-snippet":"max-snippet:-1","max-image-preview":"max-image-preview:large","max-video-preview":"max-video-preview:-1"},"canonical":"https:\/\/motormind.ee\/ru\/product\/toolehed-transpordi-maailm\/","og_locale":"ru_RU","og_type":"article","og_title":"T\u00f6\u00f6lehed: \u201eTranspordi maailm\u201c - Motormind","og_description":"\u201eTranspordi maailm\u201c T\u00f6\u00f6lehed sisaldavad mitmekesiseid ja l\u00f5busaid \u00fclesandeid, mis arendavad lapse m\u00f5tlemist ja t\u00e4helepanu. \u00dclesannete hulgas on n\u00e4iteks: \u2022 loogika\u00fclesanded \u2022 t\u00e4helepanu ja v\u00f5rdlemise harjutused \u2022 loendamine ja lihtsad matemaatika\u00fclesanded \u2022 kirjutamise ja j\u00e4lgimise harjutused \u2022 lab\u00fcrindid ja pildi\u00fclesanded Materjal aitab arendada: \u2022 loogilist m\u00f5tlemist \u2022 keskendumist ja t\u00e4helepanu \u2022 matemaatilisi oskusi \u2022 kirjutamise eeloskusi [&hellip;]","og_url":"https:\/\/motormind.ee\/ru\/product\/toolehed-transpordi-maailm\/","og_site_name":"Motormind","article_modified_time":"2026-03-18T08:33:01+00:00","og_image":[{"width":2048,"height":2048,"url":"https:\/\/motormind.ee\/wp-content\/uploads\/2026\/03\/IMG_6178.jpg","type":"image\/jpeg"}],"twitter_card":"summary_large_image","twitter_misc":{"\u041f\u0440\u0438\u043c\u0435\u0440\u043d\u043e\u0435 \u0432\u0440\u0435\u043c\u044f \u0434\u043b\u044f \u0447\u0442\u0435\u043d\u0438\u044f":"1 \u043c\u0438\u043d\u0443\u0442\u0430"},"schema":{"@context":"https:\/\/schema.org","@graph":[{"@type":"WebPage","@id":"https:\/\/motormind.ee\/product\/toolehed-transpordi-maailm\/","url":"https:\/\/motormind.ee\/product\/toolehed-transpordi-maailm\/","name":"T\u00f6\u00f6lehed: \u201eTranspordi maailm\u201c - Motormind","isPartOf":{"@id":"https:\/\/motormind.ee\/#website"},"primaryImageOfPage":{"@id":"https:\/\/motormind.ee\/product\/toolehed-transpordi-maailm\/#primaryimage"},"image":{"@id":"https:\/\/motormind.ee\/product\/toolehed-transpordi-maailm\/#primaryimage"},"thumbnailUrl":"https:\/\/motormind.ee\/wp-content\/uploads\/2026\/03\/IMG_6178.jpg","datePublished":"2026-03-09T10:53:56+00:00","dateModified":"2026-03-18T08:33:01+00:00","breadcrumb":{"@id":"https:\/\/motormind.ee\/product\/toolehed-transpordi-maailm\/#breadcrumb"},"inLanguage":"ru-RU","potentialAction":[{"@type":"ReadAction","target":["https:\/\/motormind.ee\/product\/toolehed-transpordi-maailm\/"]}]},{"@type":"ImageObject","inLanguage":"ru-RU","@id":"https:\/\/motormind.ee\/product\/toolehed-transpordi-maailm\/#primaryimage","url":"https:\/\/motormind.ee\/wp-content\/uploads\/2026\/03\/IMG_6178.jpg","contentUrl":"https:\/\/motormind.ee\/wp-content\/uploads\/2026\/03\/IMG_6178.jpg","width":2048,"height":2048},{"@type":"BreadcrumbList","@id":"https:\/\/motormind.ee\/product\/toolehed-transpordi-maailm\/#breadcrumb","itemListElement":[{"@type":"ListItem","position":1,"name":"\u0413\u043b\u0430\u0432\u043d\u0430\u044f \u0441\u0442\u0440\u0430\u043d\u0438\u0446\u0430","item":"https:\/\/motormind.ee\/"},{"@type":"ListItem","position":2,"name":"E-pood","item":"https:\/\/motormind.ee\/shop\/"},{"@type":"ListItem","position":3,"name":"T\u00f6\u00f6lehed: \u201eTranspordi maailm\u201c"}]},{"@type":"WebSite","@id":"https:\/\/motormind.ee\/#website","url":"https:\/\/motormind.ee\/","name":"Motormind","description":"&Otilde;pi r&otilde;&otilde;muga, &otilde;pi m&auml;ngides!","potentialAction":[{"@type":"SearchAction","target":{"@type":"EntryPoint","urlTemplate":"https:\/\/motormind.ee\/?s={search_term_string}"},"query-input":{"@type":"PropertyValueSpecification","valueRequired":true,"valueName":"search_term_string"}}],"inLanguage":"ru-RU"}]}},"_links":{"self":[{"href":"https:\/\/motormind.ee\/ru\/wp-json\/wp\/v2\/product\/4119","targetHints":{"allow":["GET"]}}],"collection":[{"href":"https:\/\/motormind.ee\/ru\/wp-json\/wp\/v2\/product"}],"about":[{"href":"https:\/\/motormind.ee\/ru\/wp-json\/wp\/v2\/types\/product"}],"replies":[{"embeddable":true,"href":"https:\/\/motormind.ee\/ru\/wp-json\/wp\/v2\/comments?post=4119"}],"version-history":[{"count":3,"href":"https:\/\/motormind.ee\/ru\/wp-json\/wp\/v2\/product\/4119\/revisions"}],"predecessor-version":[{"id":4193,"href":"https:\/\/motormind.ee\/ru\/wp-json\/wp\/v2\/product\/4119\/revisions\/4193"}],"wp:featuredmedia":[{"embeddable":true,"href":"https:\/\/motormind.ee\/ru\/wp-json\/wp\/v2\/media\/4120"}],"wp:attachment":[{"href":"https:\/\/motormind.ee\/ru\/wp-json\/wp\/v2\/media?parent=4119"}],"wp:term":[{"taxonomy":"product_brand","embeddable":true,"href":"https:\/\/motormind.ee\/ru\/wp-json\/wp\/v2\/product_brand?post=4119"},{"taxonomy":"product_cat","embeddable":true,"href":"https:\/\/motormind.ee\/ru\/wp-json\/wp\/v2\/product_cat?post=4119"},{"taxonomy":"product_tag","embeddable":true,"href":"https:\/\/motormind.ee\/ru\/wp-json\/wp\/v2\/product_tag?post=4119"}],"curies":[{"name":"wp","href":"https:\/\/api.w.org\/{rel}","templated":true}]}}