{"id":4123,"date":"2026-03-09T11:10:52","date_gmt":"2026-03-09T11:10:52","guid":{"rendered":"https:\/\/motormind.ee\/?post_type=product&#038;p=4123"},"modified":"2026-03-09T11:10:53","modified_gmt":"2026-03-09T11:10:53","slug":"toolehed-oppekaardid-lastele","status":"publish","type":"product","link":"https:\/\/motormind.ee\/ru\/product\/toolehed-oppekaardid-lastele\/","title":{"rendered":"T\u00f6\u00f6lehed : &#8220;\u00d5ppekaardid lastele&#8221;"},"content":{"rendered":"<p>\u00d5ppekaardid lastele \u2013 PDF materjal<\/p>\n<p>See on \u00f5ppekaartide komplekt PDF-formaadis, mida saab v\u00e4lja printida ja kasutada kodus, lasteaias v\u00f5i \u00f5ppet\u00f6\u00f6s.<\/p>\n<p>Kaardid sobivad suurep\u00e4raselt:<br \/>\n\u2022 s\u00f5navara arendamiseks<br \/>\n\u2022 eesti keele \u00f5ppimiseks<br \/>\n\u2022 loogika ja m\u00f5tlemise arendamiseks<br \/>\n\u2022 sorteerimiseks ja m\u00e4nguliseks \u00f5ppimiseks<\/p>\n<p>Igal teemal on 16 kaarti, millel on pilt ja s\u00f5na.<\/p>\n<p>Komplektis on j\u00e4rgmised teemad:<br \/>\n\u2022 numbrid<br \/>\n\u2022 t\u00e4hed<br \/>\n\u2022 aastaajad ja kuud<br \/>\n\u2022 kalad<br \/>\n\u2022 seened<br \/>\n\u2022 puud ja taimed<br \/>\n\u2022 tegus\u00f5nad (tegevused)<br \/>\n\u2022 kujundid<br \/>\n\u2022 omaduss\u00f5nad<\/p>\n<p>NB! M\u00f5nes teemas on kaartide arv vastavuses p\u00e4ris maailmaga \u2013 n\u00e4iteks t\u00e4htede, numbrite v\u00f5i kuude puhul on neid t\u00e4pselt nii palju, kui neid tegelikult on.<\/p>\n<p>&nbsp;<\/p>\n<p>Tegemist on digitaalse tootega (PDF). P\u00e4rast makset saadetakse allalaadimislink teie e-mailile.<\/p>","protected":false},"excerpt":{"rendered":"<p>\u00d5ppekaardid lastele \u2013 PDF materjal See on \u00f5ppekaartide komplekt PDF-formaadis, mida saab v\u00e4lja printida ja kasutada kodus, lasteaias v\u00f5i \u00f5ppet\u00f6\u00f6s. Kaardid sobivad suurep\u00e4raselt: \u2022 s\u00f5navara arendamiseks \u2022 eesti keele \u00f5ppimiseks \u2022 loogika ja m\u00f5tlemise arendamiseks \u2022 sorteerimiseks ja m\u00e4nguliseks \u00f5ppimiseks Igal teemal on 16 kaarti, millel on pilt ja s\u00f5na. Komplektis on j\u00e4rgmised teemad: \u2022 [&hellip;]<\/p>\n","protected":false},"featured_media":4124,"comment_status":"open","ping_status":"closed","template":"","meta":[],"product_brand":[],"product_cat":[22,156],"product_tag":[],"class_list":{"0":"post-4123","1":"product","2":"type-product","3":"status-publish","4":"has-post-thumbnail","6":"product_cat-toolehed","7":"product_cat-tahed-ja-lugemisoskuse-algus","9":"first","10":"instock","11":"downloadable","12":"virtual","13":"purchasable","14":"product-type-simple"},"yoast_head":"<!-- This site is optimized with the Yoast SEO plugin v27.5 - https:\/\/yoast.com\/product\/yoast-seo-wordpress\/ -->\n<title>T\u00f6\u00f6lehed : &quot;\u00d5ppekaardid lastele&quot; - Motormind<\/title>\n<meta name=\"robots\" content=\"index, follow, max-snippet:-1, max-image-preview:large, max-video-preview:-1\" \/>\n<link rel=\"canonical\" href=\"https:\/\/motormind.ee\/ru\/product\/toolehed-oppekaardid-lastele\/\" \/>\n<meta property=\"og:locale\" content=\"ru_RU\" \/>\n<meta property=\"og:type\" content=\"article\" \/>\n<meta property=\"og:title\" content=\"T\u00f6\u00f6lehed : &quot;\u00d5ppekaardid lastele&quot; - Motormind\" \/>\n<meta property=\"og:description\" content=\"\u00d5ppekaardid lastele \u2013 PDF materjal See on \u00f5ppekaartide komplekt PDF-formaadis, mida saab v\u00e4lja printida ja kasutada kodus, lasteaias v\u00f5i \u00f5ppet\u00f6\u00f6s. Kaardid sobivad suurep\u00e4raselt: \u2022 s\u00f5navara arendamiseks \u2022 eesti keele \u00f5ppimiseks \u2022 loogika ja m\u00f5tlemise arendamiseks \u2022 sorteerimiseks ja m\u00e4nguliseks \u00f5ppimiseks Igal teemal on 16 kaarti, millel on pilt ja s\u00f5na. Komplektis on j\u00e4rgmised teemad: \u2022 [&hellip;]\" \/>\n<meta property=\"og:url\" content=\"https:\/\/motormind.ee\/ru\/product\/toolehed-oppekaardid-lastele\/\" \/>\n<meta property=\"og:site_name\" content=\"Motormind\" \/>\n<meta property=\"article:modified_time\" content=\"2026-03-09T11:10:53+00:00\" \/>\n<meta property=\"og:image\" content=\"https:\/\/motormind.ee\/wp-content\/uploads\/2026\/03\/428349977_877494927726400_1989935336731118489_n.jpg\" \/>\n\t<meta property=\"og:image:width\" content=\"2048\" \/>\n\t<meta property=\"og:image:height\" content=\"2048\" \/>\n\t<meta property=\"og:image:type\" content=\"image\/jpeg\" \/>\n<meta name=\"twitter:card\" content=\"summary_large_image\" \/>\n<meta name=\"twitter:label1\" content=\"\u041f\u0440\u0438\u043c\u0435\u0440\u043d\u043e\u0435 \u0432\u0440\u0435\u043c\u044f \u0434\u043b\u044f \u0447\u0442\u0435\u043d\u0438\u044f\" \/>\n\t<meta name=\"twitter:data1\" content=\"1 \u043c\u0438\u043d\u0443\u0442\u0430\" \/>\n<script type=\"application\/ld+json\" class=\"yoast-schema-graph\">{\"@context\":\"https:\\\/\\\/schema.org\",\"@graph\":[{\"@type\":\"WebPage\",\"@id\":\"https:\\\/\\\/motormind.ee\\\/product\\\/toolehed-oppekaardid-lastele\\\/\",\"url\":\"https:\\\/\\\/motormind.ee\\\/product\\\/toolehed-oppekaardid-lastele\\\/\",\"name\":\"T\u00f6\u00f6lehed : \\\"\u00d5ppekaardid lastele\\\" - Motormind\",\"isPartOf\":{\"@id\":\"https:\\\/\\\/motormind.ee\\\/#website\"},\"primaryImageOfPage\":{\"@id\":\"https:\\\/\\\/motormind.ee\\\/product\\\/toolehed-oppekaardid-lastele\\\/#primaryimage\"},\"image\":{\"@id\":\"https:\\\/\\\/motormind.ee\\\/product\\\/toolehed-oppekaardid-lastele\\\/#primaryimage\"},\"thumbnailUrl\":\"https:\\\/\\\/motormind.ee\\\/wp-content\\\/uploads\\\/2026\\\/03\\\/428349977_877494927726400_1989935336731118489_n.jpg\",\"datePublished\":\"2026-03-09T11:10:52+00:00\",\"dateModified\":\"2026-03-09T11:10:53+00:00\",\"breadcrumb\":{\"@id\":\"https:\\\/\\\/motormind.ee\\\/product\\\/toolehed-oppekaardid-lastele\\\/#breadcrumb\"},\"inLanguage\":\"ru-RU\",\"potentialAction\":[{\"@type\":\"ReadAction\",\"target\":[\"https:\\\/\\\/motormind.ee\\\/product\\\/toolehed-oppekaardid-lastele\\\/\"]}]},{\"@type\":\"ImageObject\",\"inLanguage\":\"ru-RU\",\"@id\":\"https:\\\/\\\/motormind.ee\\\/product\\\/toolehed-oppekaardid-lastele\\\/#primaryimage\",\"url\":\"https:\\\/\\\/motormind.ee\\\/wp-content\\\/uploads\\\/2026\\\/03\\\/428349977_877494927726400_1989935336731118489_n.jpg\",\"contentUrl\":\"https:\\\/\\\/motormind.ee\\\/wp-content\\\/uploads\\\/2026\\\/03\\\/428349977_877494927726400_1989935336731118489_n.jpg\",\"width\":2048,\"height\":2048},{\"@type\":\"BreadcrumbList\",\"@id\":\"https:\\\/\\\/motormind.ee\\\/product\\\/toolehed-oppekaardid-lastele\\\/#breadcrumb\",\"itemListElement\":[{\"@type\":\"ListItem\",\"position\":1,\"name\":\"\u0413\u043b\u0430\u0432\u043d\u0430\u044f \u0441\u0442\u0440\u0430\u043d\u0438\u0446\u0430\",\"item\":\"https:\\\/\\\/motormind.ee\\\/\"},{\"@type\":\"ListItem\",\"position\":2,\"name\":\"E-pood\",\"item\":\"https:\\\/\\\/motormind.ee\\\/shop\\\/\"},{\"@type\":\"ListItem\",\"position\":3,\"name\":\"T\u00f6\u00f6lehed : &#8220;\u00d5ppekaardid lastele&#8221;\"}]},{\"@type\":\"WebSite\",\"@id\":\"https:\\\/\\\/motormind.ee\\\/#website\",\"url\":\"https:\\\/\\\/motormind.ee\\\/\",\"name\":\"Motormind\",\"description\":\"&Otilde;pi r&otilde;&otilde;muga, &otilde;pi m&auml;ngides!\",\"potentialAction\":[{\"@type\":\"SearchAction\",\"target\":{\"@type\":\"EntryPoint\",\"urlTemplate\":\"https:\\\/\\\/motormind.ee\\\/?s={search_term_string}\"},\"query-input\":{\"@type\":\"PropertyValueSpecification\",\"valueRequired\":true,\"valueName\":\"search_term_string\"}}],\"inLanguage\":\"ru-RU\"}]}<\/script>\n<!-- \/ Yoast SEO plugin. -->","yoast_head_json":{"title":"T\u00f6\u00f6lehed : \"\u00d5ppekaardid lastele\" - Motormind","robots":{"index":"index","follow":"follow","max-snippet":"max-snippet:-1","max-image-preview":"max-image-preview:large","max-video-preview":"max-video-preview:-1"},"canonical":"https:\/\/motormind.ee\/ru\/product\/toolehed-oppekaardid-lastele\/","og_locale":"ru_RU","og_type":"article","og_title":"T\u00f6\u00f6lehed : \"\u00d5ppekaardid lastele\" - Motormind","og_description":"\u00d5ppekaardid lastele \u2013 PDF materjal See on \u00f5ppekaartide komplekt PDF-formaadis, mida saab v\u00e4lja printida ja kasutada kodus, lasteaias v\u00f5i \u00f5ppet\u00f6\u00f6s. Kaardid sobivad suurep\u00e4raselt: \u2022 s\u00f5navara arendamiseks \u2022 eesti keele \u00f5ppimiseks \u2022 loogika ja m\u00f5tlemise arendamiseks \u2022 sorteerimiseks ja m\u00e4nguliseks \u00f5ppimiseks Igal teemal on 16 kaarti, millel on pilt ja s\u00f5na. Komplektis on j\u00e4rgmised teemad: \u2022 [&hellip;]","og_url":"https:\/\/motormind.ee\/ru\/product\/toolehed-oppekaardid-lastele\/","og_site_name":"Motormind","article_modified_time":"2026-03-09T11:10:53+00:00","og_image":[{"width":2048,"height":2048,"url":"https:\/\/motormind.ee\/wp-content\/uploads\/2026\/03\/428349977_877494927726400_1989935336731118489_n.jpg","type":"image\/jpeg"}],"twitter_card":"summary_large_image","twitter_misc":{"\u041f\u0440\u0438\u043c\u0435\u0440\u043d\u043e\u0435 \u0432\u0440\u0435\u043c\u044f \u0434\u043b\u044f \u0447\u0442\u0435\u043d\u0438\u044f":"1 \u043c\u0438\u043d\u0443\u0442\u0430"},"schema":{"@context":"https:\/\/schema.org","@graph":[{"@type":"WebPage","@id":"https:\/\/motormind.ee\/product\/toolehed-oppekaardid-lastele\/","url":"https:\/\/motormind.ee\/product\/toolehed-oppekaardid-lastele\/","name":"T\u00f6\u00f6lehed : \"\u00d5ppekaardid lastele\" - Motormind","isPartOf":{"@id":"https:\/\/motormind.ee\/#website"},"primaryImageOfPage":{"@id":"https:\/\/motormind.ee\/product\/toolehed-oppekaardid-lastele\/#primaryimage"},"image":{"@id":"https:\/\/motormind.ee\/product\/toolehed-oppekaardid-lastele\/#primaryimage"},"thumbnailUrl":"https:\/\/motormind.ee\/wp-content\/uploads\/2026\/03\/428349977_877494927726400_1989935336731118489_n.jpg","datePublished":"2026-03-09T11:10:52+00:00","dateModified":"2026-03-09T11:10:53+00:00","breadcrumb":{"@id":"https:\/\/motormind.ee\/product\/toolehed-oppekaardid-lastele\/#breadcrumb"},"inLanguage":"ru-RU","potentialAction":[{"@type":"ReadAction","target":["https:\/\/motormind.ee\/product\/toolehed-oppekaardid-lastele\/"]}]},{"@type":"ImageObject","inLanguage":"ru-RU","@id":"https:\/\/motormind.ee\/product\/toolehed-oppekaardid-lastele\/#primaryimage","url":"https:\/\/motormind.ee\/wp-content\/uploads\/2026\/03\/428349977_877494927726400_1989935336731118489_n.jpg","contentUrl":"https:\/\/motormind.ee\/wp-content\/uploads\/2026\/03\/428349977_877494927726400_1989935336731118489_n.jpg","width":2048,"height":2048},{"@type":"BreadcrumbList","@id":"https:\/\/motormind.ee\/product\/toolehed-oppekaardid-lastele\/#breadcrumb","itemListElement":[{"@type":"ListItem","position":1,"name":"\u0413\u043b\u0430\u0432\u043d\u0430\u044f \u0441\u0442\u0440\u0430\u043d\u0438\u0446\u0430","item":"https:\/\/motormind.ee\/"},{"@type":"ListItem","position":2,"name":"E-pood","item":"https:\/\/motormind.ee\/shop\/"},{"@type":"ListItem","position":3,"name":"T\u00f6\u00f6lehed : &#8220;\u00d5ppekaardid lastele&#8221;"}]},{"@type":"WebSite","@id":"https:\/\/motormind.ee\/#website","url":"https:\/\/motormind.ee\/","name":"Motormind","description":"&Otilde;pi r&otilde;&otilde;muga, &otilde;pi m&auml;ngides!","potentialAction":[{"@type":"SearchAction","target":{"@type":"EntryPoint","urlTemplate":"https:\/\/motormind.ee\/?s={search_term_string}"},"query-input":{"@type":"PropertyValueSpecification","valueRequired":true,"valueName":"search_term_string"}}],"inLanguage":"ru-RU"}]}},"_links":{"self":[{"href":"https:\/\/motormind.ee\/ru\/wp-json\/wp\/v2\/product\/4123","targetHints":{"allow":["GET"]}}],"collection":[{"href":"https:\/\/motormind.ee\/ru\/wp-json\/wp\/v2\/product"}],"about":[{"href":"https:\/\/motormind.ee\/ru\/wp-json\/wp\/v2\/types\/product"}],"replies":[{"embeddable":true,"href":"https:\/\/motormind.ee\/ru\/wp-json\/wp\/v2\/comments?post=4123"}],"version-history":[{"count":2,"href":"https:\/\/motormind.ee\/ru\/wp-json\/wp\/v2\/product\/4123\/revisions"}],"predecessor-version":[{"id":4128,"href":"https:\/\/motormind.ee\/ru\/wp-json\/wp\/v2\/product\/4123\/revisions\/4128"}],"wp:featuredmedia":[{"embeddable":true,"href":"https:\/\/motormind.ee\/ru\/wp-json\/wp\/v2\/media\/4124"}],"wp:attachment":[{"href":"https:\/\/motormind.ee\/ru\/wp-json\/wp\/v2\/media?parent=4123"}],"wp:term":[{"taxonomy":"product_brand","embeddable":true,"href":"https:\/\/motormind.ee\/ru\/wp-json\/wp\/v2\/product_brand?post=4123"},{"taxonomy":"product_cat","embeddable":true,"href":"https:\/\/motormind.ee\/ru\/wp-json\/wp\/v2\/product_cat?post=4123"},{"taxonomy":"product_tag","embeddable":true,"href":"https:\/\/motormind.ee\/ru\/wp-json\/wp\/v2\/product_tag?post=4123"}],"curies":[{"name":"wp","href":"https:\/\/api.w.org\/{rel}","templated":true}]}}