{"id":4144,"date":"2026-03-10T06:25:48","date_gmt":"2026-03-10T06:25:48","guid":{"rendered":"https:\/\/motormind.ee\/?post_type=product&#038;p=4144"},"modified":"2026-03-18T08:16:38","modified_gmt":"2026-03-18T08:16:38","slug":"toolehed-%d0%b2%d0%b8%d0%b7%d1%83%d0%b0%d0%bb%d1%8c%d0%bd%d1%8b%d0%b9-%d0%ba%d0%be%d0%bd%d1%81%d1%82%d1%80%d1%83%d0%ba%d1%82%d0%be%d1%80-%d0%bf%d1%80%d0%b5%d0%b4%d0%bb%d0%be%d0%b6%d0%b5%d0%bd%d0%b8","status":"publish","type":"product","link":"https:\/\/motormind.ee\/ru\/product\/toolehed-%d0%b2%d0%b8%d0%b7%d1%83%d0%b0%d0%bb%d1%8c%d0%bd%d1%8b%d0%b9-%d0%ba%d0%be%d0%bd%d1%81%d1%82%d1%80%d1%83%d0%ba%d1%82%d0%be%d1%80-%d0%bf%d1%80%d0%b5%d0%b4%d0%bb%d0%be%d0%b6%d0%b5%d0%bd%d0%b8\/","title":{"rendered":"T\u00f6\u00f6lehed: &#8220;\u0412\u0438\u0437\u0443\u0430\u043b\u044c\u043d\u044b\u0439 \u043a\u043e\u043d\u0441\u0442\u0440\u0443\u043a\u0442\u043e\u0440 \u043f\u0440\u0435\u0434\u043b\u043e\u0436\u0435\u043d\u0438\u0439 \u0434\u043b\u044f \u0438\u0437\u0443\u0447\u0435\u043d\u0438\u044f \u044d\u0441\u0442\u043e\u043d\u0441\u043a\u043e\u0433\u043e \u044f\u0437\u044b\u043a\u0430&#8221;"},"content":{"rendered":"<p>\u0412\u0438\u0437\u0443\u0430\u043b\u044c\u043d\u044b\u0439 \u043a\u043e\u043d\u0441\u0442\u0440\u0443\u043a\u0442\u043e\u0440 \u043f\u0440\u0435\u0434\u043b\u043e\u0436\u0435\u043d\u0438\u0439 \u0434\u043b\u044f \u0438\u0437\u0443\u0447\u0435\u043d\u0438\u044f \u044d\u0441\u0442\u043e\u043d\u0441\u043a\u043e\u0433\u043e \u044f\u0437\u044b\u043a\u0430<\/p>\n<p>\u042d\u0442\u043e\u0442 PDF-\u043c\u0430\u0442\u0435\u0440\u0438\u0430\u043b \u043f\u043e\u043c\u043e\u0433\u0430\u0435\u0442 \u0440\u0435\u0431\u0451\u043d\u043a\u0443 \u043d\u0430\u0443\u0447\u0438\u0442\u044c\u0441\u044f \u0441\u043e\u0441\u0442\u0430\u0432\u043b\u044f\u0442\u044c \u043f\u0440\u0435\u0434\u043b\u043e\u0436\u0435\u043d\u0438\u044f \u043d\u0430 \u044d\u0441\u0442\u043e\u043d\u0441\u043a\u043e\u043c \u044f\u0437\u044b\u043a\u0435 \u0447\u0435\u0440\u0435\u0437 \u043d\u0430\u0433\u043b\u044f\u0434\u043d\u0443\u044e \u0438 \u0438\u0433\u0440\u043e\u0432\u0443\u044e \u0434\u0435\u044f\u0442\u0435\u043b\u044c\u043d\u043e\u0441\u0442\u044c.<\/p>\n<p>\u0420\u0435\u0431\u0451\u043d\u043e\u043a \u043d\u0435 \u0437\u0430\u043f\u043e\u043b\u043d\u044f\u0435\u0442 \u0433\u043e\u0442\u043e\u0432\u044b\u0435 \u0443\u043f\u0440\u0430\u0436\u043d\u0435\u043d\u0438\u044f, \u0430 \u0441\u0430\u043c \u0441\u0442\u0440\u043e\u0438\u0442 \u043f\u0440\u0435\u0434\u043b\u043e\u0436\u0435\u043d\u0438\u044f, \u0438\u0441\u043f\u043e\u043b\u044c\u0437\u0443\u044f \u043a\u0430\u0440\u0442\u043e\u0447\u043a\u0438 \u0441 \u0438\u0437\u043e\u0431\u0440\u0430\u0436\u0435\u043d\u0438\u044f\u043c\u0438.<\/p>\n<p>\u041c\u0430\u0442\u0435\u0440\u0438\u0430\u043b \u043e\u0441\u043d\u043e\u0432\u0430\u043d \u043d\u0430 \u043f\u0440\u043e\u0441\u0442\u043e\u0439 \u0441\u0442\u0440\u0443\u043a\u0442\u0443\u0440\u0435 \u043f\u0440\u0435\u0434\u043b\u043e\u0436\u0435\u043d\u0438\u044f:<\/p>\n<p>\u041a\u0442\u043e? \u2014 \u0427\u0442\u043e \u0434\u0435\u043b\u0430\u0435\u0442? \u2014 \u0427\u0442\u043e? \u2014 \u0413\u0434\u0435?<\/p>\n<p>\u041d\u0430\u043f\u0440\u0438\u043c\u0435\u0440:<br \/>\nPoiss s\u00f6\u00f6b punast \u00f5una koolis.<\/p>\n<p>\u041c\u0430\u0442\u0435\u0440\u0438\u0430\u043b \u043f\u043e\u043c\u043e\u0433\u0430\u0435\u0442 \u0440\u0435\u0431\u0451\u043d\u043a\u0443:<\/p>\n<p>\u2022 \u043f\u043e\u043d\u044f\u0442\u044c \u0441\u0442\u0440\u0443\u043a\u0442\u0443\u0440\u0443 \u043f\u0440\u0435\u0434\u043b\u043e\u0436\u0435\u043d\u0438\u044f<br \/>\n\u2022 \u043e\u0441\u0432\u043e\u0438\u0442\u044c \u043f\u043e\u0440\u044f\u0434\u043e\u043a \u0441\u043b\u043e\u0432 \u0432 \u043f\u0440\u0435\u0434\u043b\u043e\u0436\u0435\u043d\u0438\u0438<br \/>\n\u2022 \u0440\u0430\u0437\u0432\u0438\u0432\u0430\u0442\u044c \u0443\u0441\u0442\u043d\u0443\u044e \u0440\u0435\u0447\u044c<br \/>\n\u2022 \u0430\u043a\u0442\u0438\u0432\u043d\u043e \u0438\u0441\u043f\u043e\u043b\u044c\u0437\u043e\u0432\u0430\u0442\u044c \u043d\u043e\u0432\u044b\u0435 \u0441\u043b\u043e\u0432\u0430<\/p>\n<p>\u0412 \u043a\u043e\u043c\u043f\u043b\u0435\u043a\u0442 \u0432\u0445\u043e\u0434\u0438\u0442:<\/p>\n<p>\u2022 80 \u043a\u0430\u0440\u0442\u043e\u0447\u0435\u043a<br \/>\n\u2022 \u0438\u0433\u0440\u043e\u0432\u043e\u0435 \u043f\u043e\u043b\u0435 \u0434\u043b\u044f \u0441\u043e\u0441\u0442\u0430\u0432\u043b\u0435\u043d\u0438\u044f \u043f\u0440\u0435\u0434\u043b\u043e\u0436\u0435\u043d\u0438\u0439<br \/>\n\u2022 \u0442\u0430\u0431\u043b\u0438\u0446\u0430 \u0434\u043e\u0441\u0442\u0438\u0436\u0435\u043d\u0438\u0439<\/p>\n<p>\u041f\u043e\u0434\u0445\u043e\u0434\u0438\u0442 \u0434\u0435\u0442\u044f\u043c \u043e\u0442 3 \u0434\u043e 10 \u043b\u0435\u0442.<\/p>","protected":false},"excerpt":{"rendered":"<p>\u0412\u0438\u0437\u0443\u0430\u043b\u044c\u043d\u044b\u0439 \u043a\u043e\u043d\u0441\u0442\u0440\u0443\u043a\u0442\u043e\u0440 \u043f\u0440\u0435\u0434\u043b\u043e\u0436\u0435\u043d\u0438\u0439 \u0434\u043b\u044f \u0438\u0437\u0443\u0447\u0435\u043d\u0438\u044f \u044d\u0441\u0442\u043e\u043d\u0441\u043a\u043e\u0433\u043e \u044f\u0437\u044b\u043a\u0430 \u042d\u0442\u043e\u0442 PDF-\u043c\u0430\u0442\u0435\u0440\u0438\u0430\u043b \u043f\u043e\u043c\u043e\u0433\u0430\u0435\u0442 \u0440\u0435\u0431\u0451\u043d\u043a\u0443 \u043d\u0430\u0443\u0447\u0438\u0442\u044c\u0441\u044f \u0441\u043e\u0441\u0442\u0430\u0432\u043b\u044f\u0442\u044c \u043f\u0440\u0435\u0434\u043b\u043e\u0436\u0435\u043d\u0438\u044f \u043d\u0430 \u044d\u0441\u0442\u043e\u043d\u0441\u043a\u043e\u043c \u044f\u0437\u044b\u043a\u0435 \u0447\u0435\u0440\u0435\u0437 \u043d\u0430\u0433\u043b\u044f\u0434\u043d\u0443\u044e \u0438 \u0438\u0433\u0440\u043e\u0432\u0443\u044e \u0434\u0435\u044f\u0442\u0435\u043b\u044c\u043d\u043e\u0441\u0442\u044c. \u0420\u0435\u0431\u0451\u043d\u043e\u043a \u043d\u0435 \u0437\u0430\u043f\u043e\u043b\u043d\u044f\u0435\u0442 \u0433\u043e\u0442\u043e\u0432\u044b\u0435 \u0443\u043f\u0440\u0430\u0436\u043d\u0435\u043d\u0438\u044f, \u0430 \u0441\u0430\u043c \u0441\u0442\u0440\u043e\u0438\u0442 \u043f\u0440\u0435\u0434\u043b\u043e\u0436\u0435\u043d\u0438\u044f, \u0438\u0441\u043f\u043e\u043b\u044c\u0437\u0443\u044f \u043a\u0430\u0440\u0442\u043e\u0447\u043a\u0438 \u0441 \u0438\u0437\u043e\u0431\u0440\u0430\u0436\u0435\u043d\u0438\u044f\u043c\u0438. \u041c\u0430\u0442\u0435\u0440\u0438\u0430\u043b \u043e\u0441\u043d\u043e\u0432\u0430\u043d \u043d\u0430 \u043f\u0440\u043e\u0441\u0442\u043e\u0439 \u0441\u0442\u0440\u0443\u043a\u0442\u0443\u0440\u0435 \u043f\u0440\u0435\u0434\u043b\u043e\u0436\u0435\u043d\u0438\u044f: \u041a\u0442\u043e? \u2014 \u0427\u0442\u043e \u0434\u0435\u043b\u0430\u0435\u0442? \u2014 \u0427\u0442\u043e? \u2014 \u0413\u0434\u0435? \u041d\u0430\u043f\u0440\u0438\u043c\u0435\u0440: Poiss s\u00f6\u00f6b punast \u00f5una koolis. [&hellip;]<\/p>\n","protected":false},"featured_media":4135,"comment_status":"open","ping_status":"closed","template":"","meta":[],"product_brand":[],"product_cat":[155,22],"product_tag":[],"class_list":{"0":"post-4144","1":"product","2":"type-product","3":"status-publish","4":"has-post-thumbnail","6":"product_cat-kone-ja-sonavara-areng","7":"product_cat-toolehed","9":"first","10":"instock","11":"shipping-taxable","12":"purchasable","13":"product-type-variable"},"yoast_head":"<!-- This site is optimized with the Yoast SEO plugin v27.5 - https:\/\/yoast.com\/product\/yoast-seo-wordpress\/ -->\n<title>T\u00f6\u00f6lehed: &quot;\u0412\u0438\u0437\u0443\u0430\u043b\u044c\u043d\u044b\u0439 \u043a\u043e\u043d\u0441\u0442\u0440\u0443\u043a\u0442\u043e\u0440 \u043f\u0440\u0435\u0434\u043b\u043e\u0436\u0435\u043d\u0438\u0439 \u0434\u043b\u044f \u0438\u0437\u0443\u0447\u0435\u043d\u0438\u044f \u044d\u0441\u0442\u043e\u043d\u0441\u043a\u043e\u0433\u043e \u044f\u0437\u044b\u043a\u0430&quot; - Motormind<\/title>\n<meta name=\"robots\" content=\"index, follow, max-snippet:-1, max-image-preview:large, max-video-preview:-1\" \/>\n<link rel=\"canonical\" href=\"https:\/\/motormind.ee\/ru\/product\/toolehed-\u0432\u0438\u0437\u0443\u0430\u043b\u044c\u043d\u044b\u0439-\u043a\u043e\u043d\u0441\u0442\u0440\u0443\u043a\u0442\u043e\u0440-\u043f\u0440\u0435\u0434\u043b\u043e\u0436\u0435\u043d\u0438\/\" \/>\n<meta property=\"og:locale\" content=\"ru_RU\" \/>\n<meta property=\"og:type\" content=\"article\" \/>\n<meta property=\"og:title\" content=\"T\u00f6\u00f6lehed: &quot;\u0412\u0438\u0437\u0443\u0430\u043b\u044c\u043d\u044b\u0439 \u043a\u043e\u043d\u0441\u0442\u0440\u0443\u043a\u0442\u043e\u0440 \u043f\u0440\u0435\u0434\u043b\u043e\u0436\u0435\u043d\u0438\u0439 \u0434\u043b\u044f \u0438\u0437\u0443\u0447\u0435\u043d\u0438\u044f \u044d\u0441\u0442\u043e\u043d\u0441\u043a\u043e\u0433\u043e \u044f\u0437\u044b\u043a\u0430&quot; - Motormind\" \/>\n<meta property=\"og:description\" content=\"\u0412\u0438\u0437\u0443\u0430\u043b\u044c\u043d\u044b\u0439 \u043a\u043e\u043d\u0441\u0442\u0440\u0443\u043a\u0442\u043e\u0440 \u043f\u0440\u0435\u0434\u043b\u043e\u0436\u0435\u043d\u0438\u0439 \u0434\u043b\u044f \u0438\u0437\u0443\u0447\u0435\u043d\u0438\u044f \u044d\u0441\u0442\u043e\u043d\u0441\u043a\u043e\u0433\u043e \u044f\u0437\u044b\u043a\u0430 \u042d\u0442\u043e\u0442 PDF-\u043c\u0430\u0442\u0435\u0440\u0438\u0430\u043b \u043f\u043e\u043c\u043e\u0433\u0430\u0435\u0442 \u0440\u0435\u0431\u0451\u043d\u043a\u0443 \u043d\u0430\u0443\u0447\u0438\u0442\u044c\u0441\u044f \u0441\u043e\u0441\u0442\u0430\u0432\u043b\u044f\u0442\u044c \u043f\u0440\u0435\u0434\u043b\u043e\u0436\u0435\u043d\u0438\u044f \u043d\u0430 \u044d\u0441\u0442\u043e\u043d\u0441\u043a\u043e\u043c \u044f\u0437\u044b\u043a\u0435 \u0447\u0435\u0440\u0435\u0437 \u043d\u0430\u0433\u043b\u044f\u0434\u043d\u0443\u044e \u0438 \u0438\u0433\u0440\u043e\u0432\u0443\u044e \u0434\u0435\u044f\u0442\u0435\u043b\u044c\u043d\u043e\u0441\u0442\u044c. \u0420\u0435\u0431\u0451\u043d\u043e\u043a \u043d\u0435 \u0437\u0430\u043f\u043e\u043b\u043d\u044f\u0435\u0442 \u0433\u043e\u0442\u043e\u0432\u044b\u0435 \u0443\u043f\u0440\u0430\u0436\u043d\u0435\u043d\u0438\u044f, \u0430 \u0441\u0430\u043c \u0441\u0442\u0440\u043e\u0438\u0442 \u043f\u0440\u0435\u0434\u043b\u043e\u0436\u0435\u043d\u0438\u044f, \u0438\u0441\u043f\u043e\u043b\u044c\u0437\u0443\u044f \u043a\u0430\u0440\u0442\u043e\u0447\u043a\u0438 \u0441 \u0438\u0437\u043e\u0431\u0440\u0430\u0436\u0435\u043d\u0438\u044f\u043c\u0438. \u041c\u0430\u0442\u0435\u0440\u0438\u0430\u043b \u043e\u0441\u043d\u043e\u0432\u0430\u043d \u043d\u0430 \u043f\u0440\u043e\u0441\u0442\u043e\u0439 \u0441\u0442\u0440\u0443\u043a\u0442\u0443\u0440\u0435 \u043f\u0440\u0435\u0434\u043b\u043e\u0436\u0435\u043d\u0438\u044f: \u041a\u0442\u043e? \u2014 \u0427\u0442\u043e \u0434\u0435\u043b\u0430\u0435\u0442? \u2014 \u0427\u0442\u043e? \u2014 \u0413\u0434\u0435? \u041d\u0430\u043f\u0440\u0438\u043c\u0435\u0440: Poiss s\u00f6\u00f6b punast \u00f5una koolis. [&hellip;]\" \/>\n<meta property=\"og:url\" content=\"https:\/\/motormind.ee\/ru\/product\/toolehed-\u0432\u0438\u0437\u0443\u0430\u043b\u044c\u043d\u044b\u0439-\u043a\u043e\u043d\u0441\u0442\u0440\u0443\u043a\u0442\u043e\u0440-\u043f\u0440\u0435\u0434\u043b\u043e\u0436\u0435\u043d\u0438\/\" \/>\n<meta property=\"og:site_name\" content=\"Motormind\" \/>\n<meta property=\"article:modified_time\" content=\"2026-03-18T08:16:38+00:00\" \/>\n<meta property=\"og:image\" content=\"https:\/\/motormind.ee\/wp-content\/uploads\/2026\/03\/Bazaart_60D3AF56-5F4E-40B3-80D6-31E4A59231DD.jpeg\" \/>\n\t<meta property=\"og:image:width\" content=\"2048\" \/>\n\t<meta property=\"og:image:height\" content=\"2048\" \/>\n\t<meta property=\"og:image:type\" content=\"image\/jpeg\" \/>\n<meta name=\"twitter:card\" content=\"summary_large_image\" \/>\n<meta name=\"twitter:label1\" content=\"\u041f\u0440\u0438\u043c\u0435\u0440\u043d\u043e\u0435 \u0432\u0440\u0435\u043c\u044f \u0434\u043b\u044f \u0447\u0442\u0435\u043d\u0438\u044f\" \/>\n\t<meta name=\"twitter:data1\" content=\"1 \u043c\u0438\u043d\u0443\u0442\u0430\" \/>\n<script type=\"application\/ld+json\" class=\"yoast-schema-graph\">{\"@context\":\"https:\\\/\\\/schema.org\",\"@graph\":[{\"@type\":\"WebPage\",\"@id\":\"https:\\\/\\\/motormind.ee\\\/product\\\/toolehed-%d0%b2%d0%b8%d0%b7%d1%83%d0%b0%d0%bb%d1%8c%d0%bd%d1%8b%d0%b9-%d0%ba%d0%be%d0%bd%d1%81%d1%82%d1%80%d1%83%d0%ba%d1%82%d0%be%d1%80-%d0%bf%d1%80%d0%b5%d0%b4%d0%bb%d0%be%d0%b6%d0%b5%d0%bd%d0%b8\\\/\",\"url\":\"https:\\\/\\\/motormind.ee\\\/product\\\/toolehed-%d0%b2%d0%b8%d0%b7%d1%83%d0%b0%d0%bb%d1%8c%d0%bd%d1%8b%d0%b9-%d0%ba%d0%be%d0%bd%d1%81%d1%82%d1%80%d1%83%d0%ba%d1%82%d0%be%d1%80-%d0%bf%d1%80%d0%b5%d0%b4%d0%bb%d0%be%d0%b6%d0%b5%d0%bd%d0%b8\\\/\",\"name\":\"T\u00f6\u00f6lehed: \\\"\u0412\u0438\u0437\u0443\u0430\u043b\u044c\u043d\u044b\u0439 \u043a\u043e\u043d\u0441\u0442\u0440\u0443\u043a\u0442\u043e\u0440 \u043f\u0440\u0435\u0434\u043b\u043e\u0436\u0435\u043d\u0438\u0439 \u0434\u043b\u044f \u0438\u0437\u0443\u0447\u0435\u043d\u0438\u044f \u044d\u0441\u0442\u043e\u043d\u0441\u043a\u043e\u0433\u043e \u044f\u0437\u044b\u043a\u0430\\\" - Motormind\",\"isPartOf\":{\"@id\":\"https:\\\/\\\/motormind.ee\\\/#website\"},\"primaryImageOfPage\":{\"@id\":\"https:\\\/\\\/motormind.ee\\\/product\\\/toolehed-%d0%b2%d0%b8%d0%b7%d1%83%d0%b0%d0%bb%d1%8c%d0%bd%d1%8b%d0%b9-%d0%ba%d0%be%d0%bd%d1%81%d1%82%d1%80%d1%83%d0%ba%d1%82%d0%be%d1%80-%d0%bf%d1%80%d0%b5%d0%b4%d0%bb%d0%be%d0%b6%d0%b5%d0%bd%d0%b8\\\/#primaryimage\"},\"image\":{\"@id\":\"https:\\\/\\\/motormind.ee\\\/product\\\/toolehed-%d0%b2%d0%b8%d0%b7%d1%83%d0%b0%d0%bb%d1%8c%d0%bd%d1%8b%d0%b9-%d0%ba%d0%be%d0%bd%d1%81%d1%82%d1%80%d1%83%d0%ba%d1%82%d0%be%d1%80-%d0%bf%d1%80%d0%b5%d0%b4%d0%bb%d0%be%d0%b6%d0%b5%d0%bd%d0%b8\\\/#primaryimage\"},\"thumbnailUrl\":\"https:\\\/\\\/motormind.ee\\\/wp-content\\\/uploads\\\/2026\\\/03\\\/Bazaart_60D3AF56-5F4E-40B3-80D6-31E4A59231DD.jpeg\",\"datePublished\":\"2026-03-10T06:25:48+00:00\",\"dateModified\":\"2026-03-18T08:16:38+00:00\",\"breadcrumb\":{\"@id\":\"https:\\\/\\\/motormind.ee\\\/product\\\/toolehed-%d0%b2%d0%b8%d0%b7%d1%83%d0%b0%d0%bb%d1%8c%d0%bd%d1%8b%d0%b9-%d0%ba%d0%be%d0%bd%d1%81%d1%82%d1%80%d1%83%d0%ba%d1%82%d0%be%d1%80-%d0%bf%d1%80%d0%b5%d0%b4%d0%bb%d0%be%d0%b6%d0%b5%d0%bd%d0%b8\\\/#breadcrumb\"},\"inLanguage\":\"ru-RU\",\"potentialAction\":[{\"@type\":\"ReadAction\",\"target\":[\"https:\\\/\\\/motormind.ee\\\/product\\\/toolehed-%d0%b2%d0%b8%d0%b7%d1%83%d0%b0%d0%bb%d1%8c%d0%bd%d1%8b%d0%b9-%d0%ba%d0%be%d0%bd%d1%81%d1%82%d1%80%d1%83%d0%ba%d1%82%d0%be%d1%80-%d0%bf%d1%80%d0%b5%d0%b4%d0%bb%d0%be%d0%b6%d0%b5%d0%bd%d0%b8\\\/\"]}]},{\"@type\":\"ImageObject\",\"inLanguage\":\"ru-RU\",\"@id\":\"https:\\\/\\\/motormind.ee\\\/product\\\/toolehed-%d0%b2%d0%b8%d0%b7%d1%83%d0%b0%d0%bb%d1%8c%d0%bd%d1%8b%d0%b9-%d0%ba%d0%be%d0%bd%d1%81%d1%82%d1%80%d1%83%d0%ba%d1%82%d0%be%d1%80-%d0%bf%d1%80%d0%b5%d0%b4%d0%bb%d0%be%d0%b6%d0%b5%d0%bd%d0%b8\\\/#primaryimage\",\"url\":\"https:\\\/\\\/motormind.ee\\\/wp-content\\\/uploads\\\/2026\\\/03\\\/Bazaart_60D3AF56-5F4E-40B3-80D6-31E4A59231DD.jpeg\",\"contentUrl\":\"https:\\\/\\\/motormind.ee\\\/wp-content\\\/uploads\\\/2026\\\/03\\\/Bazaart_60D3AF56-5F4E-40B3-80D6-31E4A59231DD.jpeg\",\"width\":2048,\"height\":2048},{\"@type\":\"BreadcrumbList\",\"@id\":\"https:\\\/\\\/motormind.ee\\\/product\\\/toolehed-%d0%b2%d0%b8%d0%b7%d1%83%d0%b0%d0%bb%d1%8c%d0%bd%d1%8b%d0%b9-%d0%ba%d0%be%d0%bd%d1%81%d1%82%d1%80%d1%83%d0%ba%d1%82%d0%be%d1%80-%d0%bf%d1%80%d0%b5%d0%b4%d0%bb%d0%be%d0%b6%d0%b5%d0%bd%d0%b8\\\/#breadcrumb\",\"itemListElement\":[{\"@type\":\"ListItem\",\"position\":1,\"name\":\"\u0413\u043b\u0430\u0432\u043d\u0430\u044f \u0441\u0442\u0440\u0430\u043d\u0438\u0446\u0430\",\"item\":\"https:\\\/\\\/motormind.ee\\\/\"},{\"@type\":\"ListItem\",\"position\":2,\"name\":\"E-pood\",\"item\":\"https:\\\/\\\/motormind.ee\\\/shop\\\/\"},{\"@type\":\"ListItem\",\"position\":3,\"name\":\"T\u00f6\u00f6lehed: &#8220;\u0412\u0438\u0437\u0443\u0430\u043b\u044c\u043d\u044b\u0439 \u043a\u043e\u043d\u0441\u0442\u0440\u0443\u043a\u0442\u043e\u0440 \u043f\u0440\u0435\u0434\u043b\u043e\u0436\u0435\u043d\u0438\u0439 \u0434\u043b\u044f \u0438\u0437\u0443\u0447\u0435\u043d\u0438\u044f \u044d\u0441\u0442\u043e\u043d\u0441\u043a\u043e\u0433\u043e \u044f\u0437\u044b\u043a\u0430&#8221;\"}]},{\"@type\":\"WebSite\",\"@id\":\"https:\\\/\\\/motormind.ee\\\/#website\",\"url\":\"https:\\\/\\\/motormind.ee\\\/\",\"name\":\"Motormind\",\"description\":\"&Otilde;pi r&otilde;&otilde;muga, &otilde;pi m&auml;ngides!\",\"potentialAction\":[{\"@type\":\"SearchAction\",\"target\":{\"@type\":\"EntryPoint\",\"urlTemplate\":\"https:\\\/\\\/motormind.ee\\\/?s={search_term_string}\"},\"query-input\":{\"@type\":\"PropertyValueSpecification\",\"valueRequired\":true,\"valueName\":\"search_term_string\"}}],\"inLanguage\":\"ru-RU\"}]}<\/script>\n<!-- \/ Yoast SEO plugin. -->","yoast_head_json":{"title":"T\u00f6\u00f6lehed: \"\u0412\u0438\u0437\u0443\u0430\u043b\u044c\u043d\u044b\u0439 \u043a\u043e\u043d\u0441\u0442\u0440\u0443\u043a\u0442\u043e\u0440 \u043f\u0440\u0435\u0434\u043b\u043e\u0436\u0435\u043d\u0438\u0439 \u0434\u043b\u044f \u0438\u0437\u0443\u0447\u0435\u043d\u0438\u044f \u044d\u0441\u0442\u043e\u043d\u0441\u043a\u043e\u0433\u043e \u044f\u0437\u044b\u043a\u0430\" - Motormind","robots":{"index":"index","follow":"follow","max-snippet":"max-snippet:-1","max-image-preview":"max-image-preview:large","max-video-preview":"max-video-preview:-1"},"canonical":"https:\/\/motormind.ee\/ru\/product\/toolehed-\u0432\u0438\u0437\u0443\u0430\u043b\u044c\u043d\u044b\u0439-\u043a\u043e\u043d\u0441\u0442\u0440\u0443\u043a\u0442\u043e\u0440-\u043f\u0440\u0435\u0434\u043b\u043e\u0436\u0435\u043d\u0438\/","og_locale":"ru_RU","og_type":"article","og_title":"T\u00f6\u00f6lehed: \"\u0412\u0438\u0437\u0443\u0430\u043b\u044c\u043d\u044b\u0439 \u043a\u043e\u043d\u0441\u0442\u0440\u0443\u043a\u0442\u043e\u0440 \u043f\u0440\u0435\u0434\u043b\u043e\u0436\u0435\u043d\u0438\u0439 \u0434\u043b\u044f \u0438\u0437\u0443\u0447\u0435\u043d\u0438\u044f \u044d\u0441\u0442\u043e\u043d\u0441\u043a\u043e\u0433\u043e \u044f\u0437\u044b\u043a\u0430\" - Motormind","og_description":"\u0412\u0438\u0437\u0443\u0430\u043b\u044c\u043d\u044b\u0439 \u043a\u043e\u043d\u0441\u0442\u0440\u0443\u043a\u0442\u043e\u0440 \u043f\u0440\u0435\u0434\u043b\u043e\u0436\u0435\u043d\u0438\u0439 \u0434\u043b\u044f \u0438\u0437\u0443\u0447\u0435\u043d\u0438\u044f \u044d\u0441\u0442\u043e\u043d\u0441\u043a\u043e\u0433\u043e \u044f\u0437\u044b\u043a\u0430 \u042d\u0442\u043e\u0442 PDF-\u043c\u0430\u0442\u0435\u0440\u0438\u0430\u043b \u043f\u043e\u043c\u043e\u0433\u0430\u0435\u0442 \u0440\u0435\u0431\u0451\u043d\u043a\u0443 \u043d\u0430\u0443\u0447\u0438\u0442\u044c\u0441\u044f \u0441\u043e\u0441\u0442\u0430\u0432\u043b\u044f\u0442\u044c \u043f\u0440\u0435\u0434\u043b\u043e\u0436\u0435\u043d\u0438\u044f \u043d\u0430 \u044d\u0441\u0442\u043e\u043d\u0441\u043a\u043e\u043c \u044f\u0437\u044b\u043a\u0435 \u0447\u0435\u0440\u0435\u0437 \u043d\u0430\u0433\u043b\u044f\u0434\u043d\u0443\u044e \u0438 \u0438\u0433\u0440\u043e\u0432\u0443\u044e \u0434\u0435\u044f\u0442\u0435\u043b\u044c\u043d\u043e\u0441\u0442\u044c. \u0420\u0435\u0431\u0451\u043d\u043e\u043a \u043d\u0435 \u0437\u0430\u043f\u043e\u043b\u043d\u044f\u0435\u0442 \u0433\u043e\u0442\u043e\u0432\u044b\u0435 \u0443\u043f\u0440\u0430\u0436\u043d\u0435\u043d\u0438\u044f, \u0430 \u0441\u0430\u043c \u0441\u0442\u0440\u043e\u0438\u0442 \u043f\u0440\u0435\u0434\u043b\u043e\u0436\u0435\u043d\u0438\u044f, \u0438\u0441\u043f\u043e\u043b\u044c\u0437\u0443\u044f \u043a\u0430\u0440\u0442\u043e\u0447\u043a\u0438 \u0441 \u0438\u0437\u043e\u0431\u0440\u0430\u0436\u0435\u043d\u0438\u044f\u043c\u0438. \u041c\u0430\u0442\u0435\u0440\u0438\u0430\u043b \u043e\u0441\u043d\u043e\u0432\u0430\u043d \u043d\u0430 \u043f\u0440\u043e\u0441\u0442\u043e\u0439 \u0441\u0442\u0440\u0443\u043a\u0442\u0443\u0440\u0435 \u043f\u0440\u0435\u0434\u043b\u043e\u0436\u0435\u043d\u0438\u044f: \u041a\u0442\u043e? \u2014 \u0427\u0442\u043e \u0434\u0435\u043b\u0430\u0435\u0442? \u2014 \u0427\u0442\u043e? \u2014 \u0413\u0434\u0435? \u041d\u0430\u043f\u0440\u0438\u043c\u0435\u0440: Poiss s\u00f6\u00f6b punast \u00f5una koolis. [&hellip;]","og_url":"https:\/\/motormind.ee\/ru\/product\/toolehed-\u0432\u0438\u0437\u0443\u0430\u043b\u044c\u043d\u044b\u0439-\u043a\u043e\u043d\u0441\u0442\u0440\u0443\u043a\u0442\u043e\u0440-\u043f\u0440\u0435\u0434\u043b\u043e\u0436\u0435\u043d\u0438\/","og_site_name":"Motormind","article_modified_time":"2026-03-18T08:16:38+00:00","og_image":[{"width":2048,"height":2048,"url":"https:\/\/motormind.ee\/wp-content\/uploads\/2026\/03\/Bazaart_60D3AF56-5F4E-40B3-80D6-31E4A59231DD.jpeg","type":"image\/jpeg"}],"twitter_card":"summary_large_image","twitter_misc":{"\u041f\u0440\u0438\u043c\u0435\u0440\u043d\u043e\u0435 \u0432\u0440\u0435\u043c\u044f \u0434\u043b\u044f \u0447\u0442\u0435\u043d\u0438\u044f":"1 \u043c\u0438\u043d\u0443\u0442\u0430"},"schema":{"@context":"https:\/\/schema.org","@graph":[{"@type":"WebPage","@id":"https:\/\/motormind.ee\/product\/toolehed-%d0%b2%d0%b8%d0%b7%d1%83%d0%b0%d0%bb%d1%8c%d0%bd%d1%8b%d0%b9-%d0%ba%d0%be%d0%bd%d1%81%d1%82%d1%80%d1%83%d0%ba%d1%82%d0%be%d1%80-%d0%bf%d1%80%d0%b5%d0%b4%d0%bb%d0%be%d0%b6%d0%b5%d0%bd%d0%b8\/","url":"https:\/\/motormind.ee\/product\/toolehed-%d0%b2%d0%b8%d0%b7%d1%83%d0%b0%d0%bb%d1%8c%d0%bd%d1%8b%d0%b9-%d0%ba%d0%be%d0%bd%d1%81%d1%82%d1%80%d1%83%d0%ba%d1%82%d0%be%d1%80-%d0%bf%d1%80%d0%b5%d0%b4%d0%bb%d0%be%d0%b6%d0%b5%d0%bd%d0%b8\/","name":"T\u00f6\u00f6lehed: \"\u0412\u0438\u0437\u0443\u0430\u043b\u044c\u043d\u044b\u0439 \u043a\u043e\u043d\u0441\u0442\u0440\u0443\u043a\u0442\u043e\u0440 \u043f\u0440\u0435\u0434\u043b\u043e\u0436\u0435\u043d\u0438\u0439 \u0434\u043b\u044f \u0438\u0437\u0443\u0447\u0435\u043d\u0438\u044f \u044d\u0441\u0442\u043e\u043d\u0441\u043a\u043e\u0433\u043e \u044f\u0437\u044b\u043a\u0430\" - Motormind","isPartOf":{"@id":"https:\/\/motormind.ee\/#website"},"primaryImageOfPage":{"@id":"https:\/\/motormind.ee\/product\/toolehed-%d0%b2%d0%b8%d0%b7%d1%83%d0%b0%d0%bb%d1%8c%d0%bd%d1%8b%d0%b9-%d0%ba%d0%be%d0%bd%d1%81%d1%82%d1%80%d1%83%d0%ba%d1%82%d0%be%d1%80-%d0%bf%d1%80%d0%b5%d0%b4%d0%bb%d0%be%d0%b6%d0%b5%d0%bd%d0%b8\/#primaryimage"},"image":{"@id":"https:\/\/motormind.ee\/product\/toolehed-%d0%b2%d0%b8%d0%b7%d1%83%d0%b0%d0%bb%d1%8c%d0%bd%d1%8b%d0%b9-%d0%ba%d0%be%d0%bd%d1%81%d1%82%d1%80%d1%83%d0%ba%d1%82%d0%be%d1%80-%d0%bf%d1%80%d0%b5%d0%b4%d0%bb%d0%be%d0%b6%d0%b5%d0%bd%d0%b8\/#primaryimage"},"thumbnailUrl":"https:\/\/motormind.ee\/wp-content\/uploads\/2026\/03\/Bazaart_60D3AF56-5F4E-40B3-80D6-31E4A59231DD.jpeg","datePublished":"2026-03-10T06:25:48+00:00","dateModified":"2026-03-18T08:16:38+00:00","breadcrumb":{"@id":"https:\/\/motormind.ee\/product\/toolehed-%d0%b2%d0%b8%d0%b7%d1%83%d0%b0%d0%bb%d1%8c%d0%bd%d1%8b%d0%b9-%d0%ba%d0%be%d0%bd%d1%81%d1%82%d1%80%d1%83%d0%ba%d1%82%d0%be%d1%80-%d0%bf%d1%80%d0%b5%d0%b4%d0%bb%d0%be%d0%b6%d0%b5%d0%bd%d0%b8\/#breadcrumb"},"inLanguage":"ru-RU","potentialAction":[{"@type":"ReadAction","target":["https:\/\/motormind.ee\/product\/toolehed-%d0%b2%d0%b8%d0%b7%d1%83%d0%b0%d0%bb%d1%8c%d0%bd%d1%8b%d0%b9-%d0%ba%d0%be%d0%bd%d1%81%d1%82%d1%80%d1%83%d0%ba%d1%82%d0%be%d1%80-%d0%bf%d1%80%d0%b5%d0%b4%d0%bb%d0%be%d0%b6%d0%b5%d0%bd%d0%b8\/"]}]},{"@type":"ImageObject","inLanguage":"ru-RU","@id":"https:\/\/motormind.ee\/product\/toolehed-%d0%b2%d0%b8%d0%b7%d1%83%d0%b0%d0%bb%d1%8c%d0%bd%d1%8b%d0%b9-%d0%ba%d0%be%d0%bd%d1%81%d1%82%d1%80%d1%83%d0%ba%d1%82%d0%be%d1%80-%d0%bf%d1%80%d0%b5%d0%b4%d0%bb%d0%be%d0%b6%d0%b5%d0%bd%d0%b8\/#primaryimage","url":"https:\/\/motormind.ee\/wp-content\/uploads\/2026\/03\/Bazaart_60D3AF56-5F4E-40B3-80D6-31E4A59231DD.jpeg","contentUrl":"https:\/\/motormind.ee\/wp-content\/uploads\/2026\/03\/Bazaart_60D3AF56-5F4E-40B3-80D6-31E4A59231DD.jpeg","width":2048,"height":2048},{"@type":"BreadcrumbList","@id":"https:\/\/motormind.ee\/product\/toolehed-%d0%b2%d0%b8%d0%b7%d1%83%d0%b0%d0%bb%d1%8c%d0%bd%d1%8b%d0%b9-%d0%ba%d0%be%d0%bd%d1%81%d1%82%d1%80%d1%83%d0%ba%d1%82%d0%be%d1%80-%d0%bf%d1%80%d0%b5%d0%b4%d0%bb%d0%be%d0%b6%d0%b5%d0%bd%d0%b8\/#breadcrumb","itemListElement":[{"@type":"ListItem","position":1,"name":"\u0413\u043b\u0430\u0432\u043d\u0430\u044f \u0441\u0442\u0440\u0430\u043d\u0438\u0446\u0430","item":"https:\/\/motormind.ee\/"},{"@type":"ListItem","position":2,"name":"E-pood","item":"https:\/\/motormind.ee\/shop\/"},{"@type":"ListItem","position":3,"name":"T\u00f6\u00f6lehed: &#8220;\u0412\u0438\u0437\u0443\u0430\u043b\u044c\u043d\u044b\u0439 \u043a\u043e\u043d\u0441\u0442\u0440\u0443\u043a\u0442\u043e\u0440 \u043f\u0440\u0435\u0434\u043b\u043e\u0436\u0435\u043d\u0438\u0439 \u0434\u043b\u044f \u0438\u0437\u0443\u0447\u0435\u043d\u0438\u044f \u044d\u0441\u0442\u043e\u043d\u0441\u043a\u043e\u0433\u043e \u044f\u0437\u044b\u043a\u0430&#8221;"}]},{"@type":"WebSite","@id":"https:\/\/motormind.ee\/#website","url":"https:\/\/motormind.ee\/","name":"Motormind","description":"&Otilde;pi r&otilde;&otilde;muga, &otilde;pi m&auml;ngides!","potentialAction":[{"@type":"SearchAction","target":{"@type":"EntryPoint","urlTemplate":"https:\/\/motormind.ee\/?s={search_term_string}"},"query-input":{"@type":"PropertyValueSpecification","valueRequired":true,"valueName":"search_term_string"}}],"inLanguage":"ru-RU"}]}},"_links":{"self":[{"href":"https:\/\/motormind.ee\/ru\/wp-json\/wp\/v2\/product\/4144","targetHints":{"allow":["GET"]}}],"collection":[{"href":"https:\/\/motormind.ee\/ru\/wp-json\/wp\/v2\/product"}],"about":[{"href":"https:\/\/motormind.ee\/ru\/wp-json\/wp\/v2\/types\/product"}],"replies":[{"embeddable":true,"href":"https:\/\/motormind.ee\/ru\/wp-json\/wp\/v2\/comments?post=4144"}],"version-history":[{"count":1,"href":"https:\/\/motormind.ee\/ru\/wp-json\/wp\/v2\/product\/4144\/revisions"}],"predecessor-version":[{"id":4148,"href":"https:\/\/motormind.ee\/ru\/wp-json\/wp\/v2\/product\/4144\/revisions\/4148"}],"wp:featuredmedia":[{"embeddable":true,"href":"https:\/\/motormind.ee\/ru\/wp-json\/wp\/v2\/media\/4135"}],"wp:attachment":[{"href":"https:\/\/motormind.ee\/ru\/wp-json\/wp\/v2\/media?parent=4144"}],"wp:term":[{"taxonomy":"product_brand","embeddable":true,"href":"https:\/\/motormind.ee\/ru\/wp-json\/wp\/v2\/product_brand?post=4144"},{"taxonomy":"product_cat","embeddable":true,"href":"https:\/\/motormind.ee\/ru\/wp-json\/wp\/v2\/product_cat?post=4144"},{"taxonomy":"product_tag","embeddable":true,"href":"https:\/\/motormind.ee\/ru\/wp-json\/wp\/v2\/product_tag?post=4144"}],"curies":[{"name":"wp","href":"https:\/\/api.w.org\/{rel}","templated":true}]}}