{"id":4169,"date":"2026-03-16T06:40:34","date_gmt":"2026-03-16T06:40:34","guid":{"rendered":"https:\/\/motormind.ee\/?post_type=product&#038;p=4169"},"modified":"2026-03-16T06:40:34","modified_gmt":"2026-03-16T06:40:34","slug":"sorteerimine-a5-2","status":"publish","type":"product","link":"https:\/\/motormind.ee\/ru\/product\/sorteerimine-a5-2\/","title":{"rendered":"&#8220;Sorteerimine&#8221; A5"},"content":{"rendered":"<p>\ud83e\udde0 Arendav m\u00e4ng \u201eSorteerimine\u201c<\/p>\n<p>V\u00e4rvikas \u00f5ppem\u00e4ng lastele, mis aitab arendada loogikat, t\u00e4helepanu ja m\u00f5tlemist.<br \/>\nLaps peab jagama pildid \u00f5igesti kategooriatesse.<\/p>\n<p>M\u00e4ng aitab:<\/p>\n<p>\u2022 arendada loogilist m\u00f5tlemist<br \/>\n\u2022 treenida t\u00e4helepanu ja peenmotoorikat<\/p>\n<p>Sobib m\u00e4ngimiseks kodus, lasteaias ja logopeedi juures.<\/p>","protected":false},"excerpt":{"rendered":"<p>\ud83e\udde0 Arendav m\u00e4ng \u201eSorteerimine\u201c V\u00e4rvikas \u00f5ppem\u00e4ng lastele, mis aitab arendada loogikat, t\u00e4helepanu ja m\u00f5tlemist. Laps peab jagama pildid \u00f5igesti kategooriatesse. M\u00e4ng aitab: \u2022 arendada loogilist m\u00f5tlemist \u2022 treenida t\u00e4helepanu ja peenmotoorikat Sobib m\u00e4ngimiseks kodus, lasteaias ja logopeedi juures.<\/p>","protected":false},"featured_media":4170,"comment_status":"open","ping_status":"closed","template":"","meta":[],"product_brand":[],"product_cat":[147],"product_tag":[],"class_list":{"0":"post-4169","1":"product","2":"type-product","3":"status-publish","4":"has-post-thumbnail","6":"product_cat-tegelusraamatud","8":"first","9":"instock","10":"shipping-taxable","11":"purchasable","12":"product-type-simple"},"yoast_head":"<!-- This site is optimized with the Yoast SEO plugin v27.3 - https:\/\/yoast.com\/product\/yoast-seo-wordpress\/ -->\n<title>&quot;Sorteerimine&quot; A5 - Motormind<\/title>\n<meta name=\"robots\" content=\"index, follow, max-snippet:-1, max-image-preview:large, max-video-preview:-1\" \/>\n<link rel=\"canonical\" href=\"https:\/\/motormind.ee\/ru\/product\/sorteerimine-a5-2\/\" \/>\n<meta property=\"og:locale\" content=\"ru_RU\" \/>\n<meta property=\"og:type\" content=\"article\" \/>\n<meta property=\"og:title\" content=\"&quot;Sorteerimine&quot; A5 - Motormind\" \/>\n<meta property=\"og:description\" content=\"\ud83e\udde0 Arendav m\u00e4ng \u201eSorteerimine\u201c V\u00e4rvikas \u00f5ppem\u00e4ng lastele, mis aitab arendada loogikat, t\u00e4helepanu ja m\u00f5tlemist. Laps peab jagama pildid \u00f5igesti kategooriatesse. M\u00e4ng aitab: \u2022 arendada loogilist m\u00f5tlemist \u2022 treenida t\u00e4helepanu ja peenmotoorikat Sobib m\u00e4ngimiseks kodus, lasteaias ja logopeedi juures.\" \/>\n<meta property=\"og:url\" content=\"https:\/\/motormind.ee\/ru\/product\/sorteerimine-a5-2\/\" \/>\n<meta property=\"og:site_name\" content=\"Motormind\" \/>\n<meta property=\"og:image\" content=\"https:\/\/motormind.ee\/wp-content\/uploads\/2026\/03\/IMG_0702.jpg\" \/>\n\t<meta property=\"og:image:width\" content=\"1536\" \/>\n\t<meta property=\"og:image:height\" content=\"2048\" \/>\n\t<meta property=\"og:image:type\" content=\"image\/jpeg\" \/>\n<meta name=\"twitter:card\" content=\"summary_large_image\" \/>\n<meta name=\"twitter:label1\" content=\"\u041f\u0440\u0438\u043c\u0435\u0440\u043d\u043e\u0435 \u0432\u0440\u0435\u043c\u044f \u0434\u043b\u044f \u0447\u0442\u0435\u043d\u0438\u044f\" \/>\n\t<meta name=\"twitter:data1\" content=\"1 \u043c\u0438\u043d\u0443\u0442\u0430\" \/>\n<script type=\"application\/ld+json\" class=\"yoast-schema-graph\">{\"@context\":\"https:\\\/\\\/schema.org\",\"@graph\":[{\"@type\":\"WebPage\",\"@id\":\"https:\\\/\\\/motormind.ee\\\/product\\\/sorteerimine-a5-2\\\/\",\"url\":\"https:\\\/\\\/motormind.ee\\\/product\\\/sorteerimine-a5-2\\\/\",\"name\":\"\\\"Sorteerimine\\\" A5 - Motormind\",\"isPartOf\":{\"@id\":\"https:\\\/\\\/motormind.ee\\\/#website\"},\"primaryImageOfPage\":{\"@id\":\"https:\\\/\\\/motormind.ee\\\/product\\\/sorteerimine-a5-2\\\/#primaryimage\"},\"image\":{\"@id\":\"https:\\\/\\\/motormind.ee\\\/product\\\/sorteerimine-a5-2\\\/#primaryimage\"},\"thumbnailUrl\":\"https:\\\/\\\/motormind.ee\\\/wp-content\\\/uploads\\\/2026\\\/03\\\/IMG_0702.jpg\",\"datePublished\":\"2026-03-16T06:40:34+00:00\",\"breadcrumb\":{\"@id\":\"https:\\\/\\\/motormind.ee\\\/product\\\/sorteerimine-a5-2\\\/#breadcrumb\"},\"inLanguage\":\"ru-RU\",\"potentialAction\":[{\"@type\":\"ReadAction\",\"target\":[\"https:\\\/\\\/motormind.ee\\\/product\\\/sorteerimine-a5-2\\\/\"]}]},{\"@type\":\"ImageObject\",\"inLanguage\":\"ru-RU\",\"@id\":\"https:\\\/\\\/motormind.ee\\\/product\\\/sorteerimine-a5-2\\\/#primaryimage\",\"url\":\"https:\\\/\\\/motormind.ee\\\/wp-content\\\/uploads\\\/2026\\\/03\\\/IMG_0702.jpg\",\"contentUrl\":\"https:\\\/\\\/motormind.ee\\\/wp-content\\\/uploads\\\/2026\\\/03\\\/IMG_0702.jpg\",\"width\":1536,\"height\":2048},{\"@type\":\"BreadcrumbList\",\"@id\":\"https:\\\/\\\/motormind.ee\\\/product\\\/sorteerimine-a5-2\\\/#breadcrumb\",\"itemListElement\":[{\"@type\":\"ListItem\",\"position\":1,\"name\":\"\u0413\u043b\u0430\u0432\u043d\u0430\u044f \u0441\u0442\u0440\u0430\u043d\u0438\u0446\u0430\",\"item\":\"https:\\\/\\\/motormind.ee\\\/\"},{\"@type\":\"ListItem\",\"position\":2,\"name\":\"E-pood\",\"item\":\"https:\\\/\\\/motormind.ee\\\/shop\\\/\"},{\"@type\":\"ListItem\",\"position\":3,\"name\":\"&#8220;Sorteerimine&#8221; A5\"}]},{\"@type\":\"WebSite\",\"@id\":\"https:\\\/\\\/motormind.ee\\\/#website\",\"url\":\"https:\\\/\\\/motormind.ee\\\/\",\"name\":\"Motormind\",\"description\":\"&Otilde;pi r&otilde;&otilde;muga, &otilde;pi m&auml;ngides!\",\"potentialAction\":[{\"@type\":\"SearchAction\",\"target\":{\"@type\":\"EntryPoint\",\"urlTemplate\":\"https:\\\/\\\/motormind.ee\\\/?s={search_term_string}\"},\"query-input\":{\"@type\":\"PropertyValueSpecification\",\"valueRequired\":true,\"valueName\":\"search_term_string\"}}],\"inLanguage\":\"ru-RU\"}]}<\/script>\n<!-- \/ Yoast SEO plugin. -->","yoast_head_json":{"title":"\"Sorteerimine\" A5 - Motormind","robots":{"index":"index","follow":"follow","max-snippet":"max-snippet:-1","max-image-preview":"max-image-preview:large","max-video-preview":"max-video-preview:-1"},"canonical":"https:\/\/motormind.ee\/ru\/product\/sorteerimine-a5-2\/","og_locale":"ru_RU","og_type":"article","og_title":"\"Sorteerimine\" A5 - Motormind","og_description":"\ud83e\udde0 Arendav m\u00e4ng \u201eSorteerimine\u201c V\u00e4rvikas \u00f5ppem\u00e4ng lastele, mis aitab arendada loogikat, t\u00e4helepanu ja m\u00f5tlemist. Laps peab jagama pildid \u00f5igesti kategooriatesse. M\u00e4ng aitab: \u2022 arendada loogilist m\u00f5tlemist \u2022 treenida t\u00e4helepanu ja peenmotoorikat Sobib m\u00e4ngimiseks kodus, lasteaias ja logopeedi juures.","og_url":"https:\/\/motormind.ee\/ru\/product\/sorteerimine-a5-2\/","og_site_name":"Motormind","og_image":[{"width":1536,"height":2048,"url":"https:\/\/motormind.ee\/wp-content\/uploads\/2026\/03\/IMG_0702.jpg","type":"image\/jpeg"}],"twitter_card":"summary_large_image","twitter_misc":{"\u041f\u0440\u0438\u043c\u0435\u0440\u043d\u043e\u0435 \u0432\u0440\u0435\u043c\u044f \u0434\u043b\u044f \u0447\u0442\u0435\u043d\u0438\u044f":"1 \u043c\u0438\u043d\u0443\u0442\u0430"},"schema":{"@context":"https:\/\/schema.org","@graph":[{"@type":"WebPage","@id":"https:\/\/motormind.ee\/product\/sorteerimine-a5-2\/","url":"https:\/\/motormind.ee\/product\/sorteerimine-a5-2\/","name":"\"Sorteerimine\" A5 - Motormind","isPartOf":{"@id":"https:\/\/motormind.ee\/#website"},"primaryImageOfPage":{"@id":"https:\/\/motormind.ee\/product\/sorteerimine-a5-2\/#primaryimage"},"image":{"@id":"https:\/\/motormind.ee\/product\/sorteerimine-a5-2\/#primaryimage"},"thumbnailUrl":"https:\/\/motormind.ee\/wp-content\/uploads\/2026\/03\/IMG_0702.jpg","datePublished":"2026-03-16T06:40:34+00:00","breadcrumb":{"@id":"https:\/\/motormind.ee\/product\/sorteerimine-a5-2\/#breadcrumb"},"inLanguage":"ru-RU","potentialAction":[{"@type":"ReadAction","target":["https:\/\/motormind.ee\/product\/sorteerimine-a5-2\/"]}]},{"@type":"ImageObject","inLanguage":"ru-RU","@id":"https:\/\/motormind.ee\/product\/sorteerimine-a5-2\/#primaryimage","url":"https:\/\/motormind.ee\/wp-content\/uploads\/2026\/03\/IMG_0702.jpg","contentUrl":"https:\/\/motormind.ee\/wp-content\/uploads\/2026\/03\/IMG_0702.jpg","width":1536,"height":2048},{"@type":"BreadcrumbList","@id":"https:\/\/motormind.ee\/product\/sorteerimine-a5-2\/#breadcrumb","itemListElement":[{"@type":"ListItem","position":1,"name":"\u0413\u043b\u0430\u0432\u043d\u0430\u044f \u0441\u0442\u0440\u0430\u043d\u0438\u0446\u0430","item":"https:\/\/motormind.ee\/"},{"@type":"ListItem","position":2,"name":"E-pood","item":"https:\/\/motormind.ee\/shop\/"},{"@type":"ListItem","position":3,"name":"&#8220;Sorteerimine&#8221; A5"}]},{"@type":"WebSite","@id":"https:\/\/motormind.ee\/#website","url":"https:\/\/motormind.ee\/","name":"Motormind","description":"&Otilde;pi r&otilde;&otilde;muga, &otilde;pi m&auml;ngides!","potentialAction":[{"@type":"SearchAction","target":{"@type":"EntryPoint","urlTemplate":"https:\/\/motormind.ee\/?s={search_term_string}"},"query-input":{"@type":"PropertyValueSpecification","valueRequired":true,"valueName":"search_term_string"}}],"inLanguage":"ru-RU"}]}},"_links":{"self":[{"href":"https:\/\/motormind.ee\/ru\/wp-json\/wp\/v2\/product\/4169","targetHints":{"allow":["GET"]}}],"collection":[{"href":"https:\/\/motormind.ee\/ru\/wp-json\/wp\/v2\/product"}],"about":[{"href":"https:\/\/motormind.ee\/ru\/wp-json\/wp\/v2\/types\/product"}],"replies":[{"embeddable":true,"href":"https:\/\/motormind.ee\/ru\/wp-json\/wp\/v2\/comments?post=4169"}],"version-history":[{"count":2,"href":"https:\/\/motormind.ee\/ru\/wp-json\/wp\/v2\/product\/4169\/revisions"}],"predecessor-version":[{"id":4183,"href":"https:\/\/motormind.ee\/ru\/wp-json\/wp\/v2\/product\/4169\/revisions\/4183"}],"wp:featuredmedia":[{"embeddable":true,"href":"https:\/\/motormind.ee\/ru\/wp-json\/wp\/v2\/media\/4170"}],"wp:attachment":[{"href":"https:\/\/motormind.ee\/ru\/wp-json\/wp\/v2\/media?parent=4169"}],"wp:term":[{"taxonomy":"product_brand","embeddable":true,"href":"https:\/\/motormind.ee\/ru\/wp-json\/wp\/v2\/product_brand?post=4169"},{"taxonomy":"product_cat","embeddable":true,"href":"https:\/\/motormind.ee\/ru\/wp-json\/wp\/v2\/product_cat?post=4169"},{"taxonomy":"product_tag","embeddable":true,"href":"https:\/\/motormind.ee\/ru\/wp-json\/wp\/v2\/product_tag?post=4169"}],"curies":[{"name":"wp","href":"https:\/\/api.w.org\/{rel}","templated":true}]}}