{"id":4307,"date":"2026-03-23T06:31:33","date_gmt":"2026-03-23T06:31:33","guid":{"rendered":"https:\/\/motormind.ee\/?post_type=product&#038;p=4307"},"modified":"2026-03-23T10:52:16","modified_gmt":"2026-03-23T10:52:16","slug":"toolehed-opime-aastaaegu-ja-kuid","status":"publish","type":"product","link":"https:\/\/motormind.ee\/ru\/product\/toolehed-opime-aastaaegu-ja-kuid\/","title":{"rendered":"T\u00f6\u00f6lehed: &#8220;\u00d5pime aastaaegu ja kuid&#8221;"},"content":{"rendered":"<p>\u00d5pime aastaaegu ja kuid<\/p>\n<p>Aastaaegade \u00f5ppimise materjal. Komplektis on t\u00f6\u00f6lehed, mis aitavad lapsel m\u00f5ista aastaaegade j\u00e4rjekorda ja nende tunnuseid. Laps \u00f5pib seostama pilte \u00f5ige aastaajaga ning nimetama kuid.<\/p>\n<p>Komplektis on nii terved t\u00f6\u00f6lehed kui ka eraldi kaardid, mida saab v\u00e4lja l\u00f5igata ja \u00f5igesse kohta paigutada. Laps saab t\u00e4ita t\u00fchjad v\u00e4ljad, panna pildid \u00f5igesse aastaaega ja korrata kuude nimetusi.<\/p>\n<p>7lk<\/p>\n<p>Tegemist on digitaalse tootega (PDF). P\u00e4rast makset saadetakse allalaadimislink teie e-mailile.<\/p>","protected":false},"excerpt":{"rendered":"<p>\u00d5pime aastaaegu ja kuid Aastaaegade \u00f5ppimise materjal. Komplektis on t\u00f6\u00f6lehed, mis aitavad lapsel m\u00f5ista aastaaegade j\u00e4rjekorda ja nende tunnuseid. Laps \u00f5pib seostama pilte \u00f5ige aastaajaga ning nimetama kuid. Komplektis on nii terved t\u00f6\u00f6lehed kui ka eraldi kaardid, mida saab v\u00e4lja l\u00f5igata ja \u00f5igesse kohta paigutada. Laps saab t\u00e4ita t\u00fchjad v\u00e4ljad, panna pildid \u00f5igesse aastaaega ja [&hellip;]<\/p>\n","protected":false},"featured_media":4308,"comment_status":"open","ping_status":"closed","template":"","meta":[],"product_brand":[],"product_cat":[155,22],"product_tag":[],"class_list":{"0":"post-4307","1":"product","2":"type-product","3":"status-publish","4":"has-post-thumbnail","6":"product_cat-kone-ja-sonavara-areng","7":"product_cat-toolehed","9":"first","10":"instock","11":"shipping-taxable","12":"purchasable","13":"product-type-variable"},"yoast_head":"<!-- This site is optimized with the Yoast SEO plugin v27.3 - https:\/\/yoast.com\/product\/yoast-seo-wordpress\/ -->\n<title>T\u00f6\u00f6lehed: &quot;\u00d5pime aastaaegu ja kuid&quot; - Motormind<\/title>\n<meta name=\"robots\" content=\"index, follow, max-snippet:-1, max-image-preview:large, max-video-preview:-1\" \/>\n<link rel=\"canonical\" href=\"https:\/\/motormind.ee\/ru\/product\/toolehed-opime-aastaaegu-ja-kuid\/\" \/>\n<meta property=\"og:locale\" content=\"ru_RU\" \/>\n<meta property=\"og:type\" content=\"article\" \/>\n<meta property=\"og:title\" content=\"T\u00f6\u00f6lehed: &quot;\u00d5pime aastaaegu ja kuid&quot; - Motormind\" \/>\n<meta property=\"og:description\" content=\"\u00d5pime aastaaegu ja kuid Aastaaegade \u00f5ppimise materjal. Komplektis on t\u00f6\u00f6lehed, mis aitavad lapsel m\u00f5ista aastaaegade j\u00e4rjekorda ja nende tunnuseid. Laps \u00f5pib seostama pilte \u00f5ige aastaajaga ning nimetama kuid. Komplektis on nii terved t\u00f6\u00f6lehed kui ka eraldi kaardid, mida saab v\u00e4lja l\u00f5igata ja \u00f5igesse kohta paigutada. Laps saab t\u00e4ita t\u00fchjad v\u00e4ljad, panna pildid \u00f5igesse aastaaega ja [&hellip;]\" \/>\n<meta property=\"og:url\" content=\"https:\/\/motormind.ee\/ru\/product\/toolehed-opime-aastaaegu-ja-kuid\/\" \/>\n<meta property=\"og:site_name\" content=\"Motormind\" \/>\n<meta property=\"article:modified_time\" content=\"2026-03-23T10:52:16+00:00\" \/>\n<meta property=\"og:image\" content=\"https:\/\/motormind.ee\/wp-content\/uploads\/2026\/03\/photo_2026-03-23_08-23-32.jpg\" \/>\n\t<meta property=\"og:image:width\" content=\"1280\" \/>\n\t<meta property=\"og:image:height\" content=\"1280\" \/>\n\t<meta property=\"og:image:type\" content=\"image\/jpeg\" \/>\n<meta name=\"twitter:card\" content=\"summary_large_image\" \/>\n<meta name=\"twitter:label1\" content=\"\u041f\u0440\u0438\u043c\u0435\u0440\u043d\u043e\u0435 \u0432\u0440\u0435\u043c\u044f \u0434\u043b\u044f \u0447\u0442\u0435\u043d\u0438\u044f\" \/>\n\t<meta name=\"twitter:data1\" content=\"1 \u043c\u0438\u043d\u0443\u0442\u0430\" \/>\n<script type=\"application\/ld+json\" class=\"yoast-schema-graph\">{\"@context\":\"https:\\\/\\\/schema.org\",\"@graph\":[{\"@type\":\"WebPage\",\"@id\":\"https:\\\/\\\/motormind.ee\\\/product\\\/toolehed-opime-aastaaegu-ja-kuid\\\/\",\"url\":\"https:\\\/\\\/motormind.ee\\\/product\\\/toolehed-opime-aastaaegu-ja-kuid\\\/\",\"name\":\"T\u00f6\u00f6lehed: \\\"\u00d5pime aastaaegu ja kuid\\\" - Motormind\",\"isPartOf\":{\"@id\":\"https:\\\/\\\/motormind.ee\\\/#website\"},\"primaryImageOfPage\":{\"@id\":\"https:\\\/\\\/motormind.ee\\\/product\\\/toolehed-opime-aastaaegu-ja-kuid\\\/#primaryimage\"},\"image\":{\"@id\":\"https:\\\/\\\/motormind.ee\\\/product\\\/toolehed-opime-aastaaegu-ja-kuid\\\/#primaryimage\"},\"thumbnailUrl\":\"https:\\\/\\\/motormind.ee\\\/wp-content\\\/uploads\\\/2026\\\/03\\\/photo_2026-03-23_08-23-32.jpg\",\"datePublished\":\"2026-03-23T06:31:33+00:00\",\"dateModified\":\"2026-03-23T10:52:16+00:00\",\"breadcrumb\":{\"@id\":\"https:\\\/\\\/motormind.ee\\\/product\\\/toolehed-opime-aastaaegu-ja-kuid\\\/#breadcrumb\"},\"inLanguage\":\"ru-RU\",\"potentialAction\":[{\"@type\":\"ReadAction\",\"target\":[\"https:\\\/\\\/motormind.ee\\\/product\\\/toolehed-opime-aastaaegu-ja-kuid\\\/\"]}]},{\"@type\":\"ImageObject\",\"inLanguage\":\"ru-RU\",\"@id\":\"https:\\\/\\\/motormind.ee\\\/product\\\/toolehed-opime-aastaaegu-ja-kuid\\\/#primaryimage\",\"url\":\"https:\\\/\\\/motormind.ee\\\/wp-content\\\/uploads\\\/2026\\\/03\\\/photo_2026-03-23_08-23-32.jpg\",\"contentUrl\":\"https:\\\/\\\/motormind.ee\\\/wp-content\\\/uploads\\\/2026\\\/03\\\/photo_2026-03-23_08-23-32.jpg\",\"width\":1280,\"height\":1280},{\"@type\":\"BreadcrumbList\",\"@id\":\"https:\\\/\\\/motormind.ee\\\/product\\\/toolehed-opime-aastaaegu-ja-kuid\\\/#breadcrumb\",\"itemListElement\":[{\"@type\":\"ListItem\",\"position\":1,\"name\":\"\u0413\u043b\u0430\u0432\u043d\u0430\u044f \u0441\u0442\u0440\u0430\u043d\u0438\u0446\u0430\",\"item\":\"https:\\\/\\\/motormind.ee\\\/\"},{\"@type\":\"ListItem\",\"position\":2,\"name\":\"E-pood\",\"item\":\"https:\\\/\\\/motormind.ee\\\/shop\\\/\"},{\"@type\":\"ListItem\",\"position\":3,\"name\":\"T\u00f6\u00f6lehed: &#8220;\u00d5pime aastaaegu ja kuid&#8221;\"}]},{\"@type\":\"WebSite\",\"@id\":\"https:\\\/\\\/motormind.ee\\\/#website\",\"url\":\"https:\\\/\\\/motormind.ee\\\/\",\"name\":\"Motormind\",\"description\":\"&Otilde;pi r&otilde;&otilde;muga, &otilde;pi m&auml;ngides!\",\"potentialAction\":[{\"@type\":\"SearchAction\",\"target\":{\"@type\":\"EntryPoint\",\"urlTemplate\":\"https:\\\/\\\/motormind.ee\\\/?s={search_term_string}\"},\"query-input\":{\"@type\":\"PropertyValueSpecification\",\"valueRequired\":true,\"valueName\":\"search_term_string\"}}],\"inLanguage\":\"ru-RU\"}]}<\/script>\n<!-- \/ Yoast SEO plugin. -->","yoast_head_json":{"title":"T\u00f6\u00f6lehed: \"\u00d5pime aastaaegu ja kuid\" - Motormind","robots":{"index":"index","follow":"follow","max-snippet":"max-snippet:-1","max-image-preview":"max-image-preview:large","max-video-preview":"max-video-preview:-1"},"canonical":"https:\/\/motormind.ee\/ru\/product\/toolehed-opime-aastaaegu-ja-kuid\/","og_locale":"ru_RU","og_type":"article","og_title":"T\u00f6\u00f6lehed: \"\u00d5pime aastaaegu ja kuid\" - Motormind","og_description":"\u00d5pime aastaaegu ja kuid Aastaaegade \u00f5ppimise materjal. Komplektis on t\u00f6\u00f6lehed, mis aitavad lapsel m\u00f5ista aastaaegade j\u00e4rjekorda ja nende tunnuseid. Laps \u00f5pib seostama pilte \u00f5ige aastaajaga ning nimetama kuid. Komplektis on nii terved t\u00f6\u00f6lehed kui ka eraldi kaardid, mida saab v\u00e4lja l\u00f5igata ja \u00f5igesse kohta paigutada. Laps saab t\u00e4ita t\u00fchjad v\u00e4ljad, panna pildid \u00f5igesse aastaaega ja [&hellip;]","og_url":"https:\/\/motormind.ee\/ru\/product\/toolehed-opime-aastaaegu-ja-kuid\/","og_site_name":"Motormind","article_modified_time":"2026-03-23T10:52:16+00:00","og_image":[{"width":1280,"height":1280,"url":"https:\/\/motormind.ee\/wp-content\/uploads\/2026\/03\/photo_2026-03-23_08-23-32.jpg","type":"image\/jpeg"}],"twitter_card":"summary_large_image","twitter_misc":{"\u041f\u0440\u0438\u043c\u0435\u0440\u043d\u043e\u0435 \u0432\u0440\u0435\u043c\u044f \u0434\u043b\u044f \u0447\u0442\u0435\u043d\u0438\u044f":"1 \u043c\u0438\u043d\u0443\u0442\u0430"},"schema":{"@context":"https:\/\/schema.org","@graph":[{"@type":"WebPage","@id":"https:\/\/motormind.ee\/product\/toolehed-opime-aastaaegu-ja-kuid\/","url":"https:\/\/motormind.ee\/product\/toolehed-opime-aastaaegu-ja-kuid\/","name":"T\u00f6\u00f6lehed: \"\u00d5pime aastaaegu ja kuid\" - Motormind","isPartOf":{"@id":"https:\/\/motormind.ee\/#website"},"primaryImageOfPage":{"@id":"https:\/\/motormind.ee\/product\/toolehed-opime-aastaaegu-ja-kuid\/#primaryimage"},"image":{"@id":"https:\/\/motormind.ee\/product\/toolehed-opime-aastaaegu-ja-kuid\/#primaryimage"},"thumbnailUrl":"https:\/\/motormind.ee\/wp-content\/uploads\/2026\/03\/photo_2026-03-23_08-23-32.jpg","datePublished":"2026-03-23T06:31:33+00:00","dateModified":"2026-03-23T10:52:16+00:00","breadcrumb":{"@id":"https:\/\/motormind.ee\/product\/toolehed-opime-aastaaegu-ja-kuid\/#breadcrumb"},"inLanguage":"ru-RU","potentialAction":[{"@type":"ReadAction","target":["https:\/\/motormind.ee\/product\/toolehed-opime-aastaaegu-ja-kuid\/"]}]},{"@type":"ImageObject","inLanguage":"ru-RU","@id":"https:\/\/motormind.ee\/product\/toolehed-opime-aastaaegu-ja-kuid\/#primaryimage","url":"https:\/\/motormind.ee\/wp-content\/uploads\/2026\/03\/photo_2026-03-23_08-23-32.jpg","contentUrl":"https:\/\/motormind.ee\/wp-content\/uploads\/2026\/03\/photo_2026-03-23_08-23-32.jpg","width":1280,"height":1280},{"@type":"BreadcrumbList","@id":"https:\/\/motormind.ee\/product\/toolehed-opime-aastaaegu-ja-kuid\/#breadcrumb","itemListElement":[{"@type":"ListItem","position":1,"name":"\u0413\u043b\u0430\u0432\u043d\u0430\u044f \u0441\u0442\u0440\u0430\u043d\u0438\u0446\u0430","item":"https:\/\/motormind.ee\/"},{"@type":"ListItem","position":2,"name":"E-pood","item":"https:\/\/motormind.ee\/shop\/"},{"@type":"ListItem","position":3,"name":"T\u00f6\u00f6lehed: &#8220;\u00d5pime aastaaegu ja kuid&#8221;"}]},{"@type":"WebSite","@id":"https:\/\/motormind.ee\/#website","url":"https:\/\/motormind.ee\/","name":"Motormind","description":"&Otilde;pi r&otilde;&otilde;muga, &otilde;pi m&auml;ngides!","potentialAction":[{"@type":"SearchAction","target":{"@type":"EntryPoint","urlTemplate":"https:\/\/motormind.ee\/?s={search_term_string}"},"query-input":{"@type":"PropertyValueSpecification","valueRequired":true,"valueName":"search_term_string"}}],"inLanguage":"ru-RU"}]}},"_links":{"self":[{"href":"https:\/\/motormind.ee\/ru\/wp-json\/wp\/v2\/product\/4307","targetHints":{"allow":["GET"]}}],"collection":[{"href":"https:\/\/motormind.ee\/ru\/wp-json\/wp\/v2\/product"}],"about":[{"href":"https:\/\/motormind.ee\/ru\/wp-json\/wp\/v2\/types\/product"}],"replies":[{"embeddable":true,"href":"https:\/\/motormind.ee\/ru\/wp-json\/wp\/v2\/comments?post=4307"}],"version-history":[{"count":1,"href":"https:\/\/motormind.ee\/ru\/wp-json\/wp\/v2\/product\/4307\/revisions"}],"predecessor-version":[{"id":4312,"href":"https:\/\/motormind.ee\/ru\/wp-json\/wp\/v2\/product\/4307\/revisions\/4312"}],"wp:featuredmedia":[{"embeddable":true,"href":"https:\/\/motormind.ee\/ru\/wp-json\/wp\/v2\/media\/4308"}],"wp:attachment":[{"href":"https:\/\/motormind.ee\/ru\/wp-json\/wp\/v2\/media?parent=4307"}],"wp:term":[{"taxonomy":"product_brand","embeddable":true,"href":"https:\/\/motormind.ee\/ru\/wp-json\/wp\/v2\/product_brand?post=4307"},{"taxonomy":"product_cat","embeddable":true,"href":"https:\/\/motormind.ee\/ru\/wp-json\/wp\/v2\/product_cat?post=4307"},{"taxonomy":"product_tag","embeddable":true,"href":"https:\/\/motormind.ee\/ru\/wp-json\/wp\/v2\/product_tag?post=4307"}],"curies":[{"name":"wp","href":"https:\/\/api.w.org\/{rel}","templated":true}]}}