{"id":4392,"date":"2026-04-07T05:46:58","date_gmt":"2026-04-07T05:46:58","guid":{"rendered":"https:\/\/motormind.ee\/?post_type=product&#038;p=4392"},"modified":"2026-04-07T05:46:58","modified_gmt":"2026-04-07T05:46:58","slug":"a4-keskkonnakaardid","status":"publish","type":"product","link":"https:\/\/motormind.ee\/ru\/product\/a4-keskkonnakaardid\/","title":{"rendered":"A4 keskkonnakaardid"},"content":{"rendered":"<p>A4 keskkonnakaardid<\/p>\n<p>Need kvaliteetsed A4 formaadis keskkonnakaardid on valmistatud paksule paberile ja lamineeritud, et tagada vastupidavus ja mugav kasutamine igap\u00e4evases m\u00e4ngus.<\/p>\n<p>Komplekt sisaldab erinevaid keskkondi:<br \/>\n\ud83c\udf3e farm<br \/>\n\ud83c\udf0a vesi<br \/>\n\ud83c\udf31 rohi<br \/>\n\u2601\ufe0f taevas<br \/>\n\ud83c\udfdc\ufe0f kuumad maad<\/p>\n<p>Kaardid on loodud selleks, et laps saaks m\u00e4ngida loomade ja kujukestega, paigutades need sobivasse keskkonda.<\/p>\n<p>Mida see arendab?<br \/>\n\u2022 klassifitseerimisoskus (kus loom elab?)<br \/>\n\u2022 loogiline m\u00f5tlemine<br \/>\n\u2022 s\u00f5navara ja k\u00f5ne areng<br \/>\n\u2022 teadmised maailmast ja keskkondadest<br \/>\n\u2022 rollim\u00e4ng ja kujutlusv\u00f5ime<br \/>\n\u2022 t\u00e4helepanu ja keskendumine<\/p>\n<p>Sobib ideaalselt nii iseseisvaks m\u00e4nguks kui ka t\u00e4iskasvanu juhendamisel.<\/p>\n<p>\ud83d\udca1 V\u00e4ga hea vahend mitmeastmelisteks m\u00e4ngudeks ja \u00f5ppetegevusteks \u2013 laps mitte ainult ei vaata, vaid tegutseb, m\u00f5tleb ja loob seoseid.<\/p>","protected":false},"excerpt":{"rendered":"<p>A4 keskkonnakaardid Need kvaliteetsed A4 formaadis keskkonnakaardid on valmistatud paksule paberile ja lamineeritud, et tagada vastupidavus ja mugav kasutamine igap\u00e4evases m\u00e4ngus. Komplekt sisaldab erinevaid keskkondi: \ud83c\udf3e farm \ud83c\udf0a vesi \ud83c\udf31 rohi \u2601\ufe0f taevas \ud83c\udfdc\ufe0f kuumad maad Kaardid on loodud selleks, et laps saaks m\u00e4ngida loomade ja kujukestega, paigutades need sobivasse keskkonda. Mida see arendab? \u2022 [&hellip;]<\/p>\n","protected":false},"featured_media":4393,"comment_status":"open","ping_status":"closed","template":"","meta":[],"product_brand":[],"product_cat":[112],"product_tag":[],"class_list":{"0":"post-4392","1":"product","2":"type-product","3":"status-publish","4":"has-post-thumbnail","6":"product_cat-plakatid","8":"first","9":"instock","10":"shipping-taxable","11":"purchasable","12":"product-type-simple"},"yoast_head":"<!-- This site is optimized with the Yoast SEO plugin v27.3 - https:\/\/yoast.com\/product\/yoast-seo-wordpress\/ -->\n<title>A4 keskkonnakaardid - Motormind<\/title>\n<meta name=\"robots\" content=\"index, follow, max-snippet:-1, max-image-preview:large, max-video-preview:-1\" \/>\n<link rel=\"canonical\" href=\"https:\/\/motormind.ee\/ru\/product\/a4-keskkonnakaardid\/\" \/>\n<meta property=\"og:locale\" content=\"ru_RU\" \/>\n<meta property=\"og:type\" content=\"article\" \/>\n<meta property=\"og:title\" content=\"A4 keskkonnakaardid - Motormind\" \/>\n<meta property=\"og:description\" content=\"A4 keskkonnakaardid Need kvaliteetsed A4 formaadis keskkonnakaardid on valmistatud paksule paberile ja lamineeritud, et tagada vastupidavus ja mugav kasutamine igap\u00e4evases m\u00e4ngus. Komplekt sisaldab erinevaid keskkondi: \ud83c\udf3e farm \ud83c\udf0a vesi \ud83c\udf31 rohi \u2601\ufe0f taevas \ud83c\udfdc\ufe0f kuumad maad Kaardid on loodud selleks, et laps saaks m\u00e4ngida loomade ja kujukestega, paigutades need sobivasse keskkonda. Mida see arendab? \u2022 [&hellip;]\" \/>\n<meta property=\"og:url\" content=\"https:\/\/motormind.ee\/ru\/product\/a4-keskkonnakaardid\/\" \/>\n<meta property=\"og:site_name\" content=\"Motormind\" \/>\n<meta property=\"og:image\" content=\"https:\/\/motormind.ee\/wp-content\/uploads\/2026\/04\/IMG_7066-scaled.jpg\" \/>\n\t<meta property=\"og:image:width\" content=\"1920\" \/>\n\t<meta property=\"og:image:height\" content=\"2560\" \/>\n\t<meta property=\"og:image:type\" content=\"image\/jpeg\" \/>\n<meta name=\"twitter:card\" content=\"summary_large_image\" \/>\n<meta name=\"twitter:label1\" content=\"\u041f\u0440\u0438\u043c\u0435\u0440\u043d\u043e\u0435 \u0432\u0440\u0435\u043c\u044f \u0434\u043b\u044f \u0447\u0442\u0435\u043d\u0438\u044f\" \/>\n\t<meta name=\"twitter:data1\" content=\"1 \u043c\u0438\u043d\u0443\u0442\u0430\" \/>\n<script type=\"application\/ld+json\" class=\"yoast-schema-graph\">{\"@context\":\"https:\\\/\\\/schema.org\",\"@graph\":[{\"@type\":\"WebPage\",\"@id\":\"https:\\\/\\\/motormind.ee\\\/product\\\/a4-keskkonnakaardid\\\/\",\"url\":\"https:\\\/\\\/motormind.ee\\\/product\\\/a4-keskkonnakaardid\\\/\",\"name\":\"A4 keskkonnakaardid - Motormind\",\"isPartOf\":{\"@id\":\"https:\\\/\\\/motormind.ee\\\/#website\"},\"primaryImageOfPage\":{\"@id\":\"https:\\\/\\\/motormind.ee\\\/product\\\/a4-keskkonnakaardid\\\/#primaryimage\"},\"image\":{\"@id\":\"https:\\\/\\\/motormind.ee\\\/product\\\/a4-keskkonnakaardid\\\/#primaryimage\"},\"thumbnailUrl\":\"https:\\\/\\\/motormind.ee\\\/wp-content\\\/uploads\\\/2026\\\/04\\\/IMG_7066-scaled.jpg\",\"datePublished\":\"2026-04-07T05:46:58+00:00\",\"breadcrumb\":{\"@id\":\"https:\\\/\\\/motormind.ee\\\/product\\\/a4-keskkonnakaardid\\\/#breadcrumb\"},\"inLanguage\":\"ru-RU\",\"potentialAction\":[{\"@type\":\"ReadAction\",\"target\":[\"https:\\\/\\\/motormind.ee\\\/product\\\/a4-keskkonnakaardid\\\/\"]}]},{\"@type\":\"ImageObject\",\"inLanguage\":\"ru-RU\",\"@id\":\"https:\\\/\\\/motormind.ee\\\/product\\\/a4-keskkonnakaardid\\\/#primaryimage\",\"url\":\"https:\\\/\\\/motormind.ee\\\/wp-content\\\/uploads\\\/2026\\\/04\\\/IMG_7066-scaled.jpg\",\"contentUrl\":\"https:\\\/\\\/motormind.ee\\\/wp-content\\\/uploads\\\/2026\\\/04\\\/IMG_7066-scaled.jpg\",\"width\":1920,\"height\":2560},{\"@type\":\"BreadcrumbList\",\"@id\":\"https:\\\/\\\/motormind.ee\\\/product\\\/a4-keskkonnakaardid\\\/#breadcrumb\",\"itemListElement\":[{\"@type\":\"ListItem\",\"position\":1,\"name\":\"\u0413\u043b\u0430\u0432\u043d\u0430\u044f \u0441\u0442\u0440\u0430\u043d\u0438\u0446\u0430\",\"item\":\"https:\\\/\\\/motormind.ee\\\/\"},{\"@type\":\"ListItem\",\"position\":2,\"name\":\"E-pood\",\"item\":\"https:\\\/\\\/motormind.ee\\\/shop\\\/\"},{\"@type\":\"ListItem\",\"position\":3,\"name\":\"A4 keskkonnakaardid\"}]},{\"@type\":\"WebSite\",\"@id\":\"https:\\\/\\\/motormind.ee\\\/#website\",\"url\":\"https:\\\/\\\/motormind.ee\\\/\",\"name\":\"Motormind\",\"description\":\"&Otilde;pi r&otilde;&otilde;muga, &otilde;pi m&auml;ngides!\",\"potentialAction\":[{\"@type\":\"SearchAction\",\"target\":{\"@type\":\"EntryPoint\",\"urlTemplate\":\"https:\\\/\\\/motormind.ee\\\/?s={search_term_string}\"},\"query-input\":{\"@type\":\"PropertyValueSpecification\",\"valueRequired\":true,\"valueName\":\"search_term_string\"}}],\"inLanguage\":\"ru-RU\"}]}<\/script>\n<!-- \/ Yoast SEO plugin. -->","yoast_head_json":{"title":"A4 keskkonnakaardid - Motormind","robots":{"index":"index","follow":"follow","max-snippet":"max-snippet:-1","max-image-preview":"max-image-preview:large","max-video-preview":"max-video-preview:-1"},"canonical":"https:\/\/motormind.ee\/ru\/product\/a4-keskkonnakaardid\/","og_locale":"ru_RU","og_type":"article","og_title":"A4 keskkonnakaardid - Motormind","og_description":"A4 keskkonnakaardid Need kvaliteetsed A4 formaadis keskkonnakaardid on valmistatud paksule paberile ja lamineeritud, et tagada vastupidavus ja mugav kasutamine igap\u00e4evases m\u00e4ngus. Komplekt sisaldab erinevaid keskkondi: \ud83c\udf3e farm \ud83c\udf0a vesi \ud83c\udf31 rohi \u2601\ufe0f taevas \ud83c\udfdc\ufe0f kuumad maad Kaardid on loodud selleks, et laps saaks m\u00e4ngida loomade ja kujukestega, paigutades need sobivasse keskkonda. Mida see arendab? \u2022 [&hellip;]","og_url":"https:\/\/motormind.ee\/ru\/product\/a4-keskkonnakaardid\/","og_site_name":"Motormind","og_image":[{"width":1920,"height":2560,"url":"https:\/\/motormind.ee\/wp-content\/uploads\/2026\/04\/IMG_7066-scaled.jpg","type":"image\/jpeg"}],"twitter_card":"summary_large_image","twitter_misc":{"\u041f\u0440\u0438\u043c\u0435\u0440\u043d\u043e\u0435 \u0432\u0440\u0435\u043c\u044f \u0434\u043b\u044f \u0447\u0442\u0435\u043d\u0438\u044f":"1 \u043c\u0438\u043d\u0443\u0442\u0430"},"schema":{"@context":"https:\/\/schema.org","@graph":[{"@type":"WebPage","@id":"https:\/\/motormind.ee\/product\/a4-keskkonnakaardid\/","url":"https:\/\/motormind.ee\/product\/a4-keskkonnakaardid\/","name":"A4 keskkonnakaardid - Motormind","isPartOf":{"@id":"https:\/\/motormind.ee\/#website"},"primaryImageOfPage":{"@id":"https:\/\/motormind.ee\/product\/a4-keskkonnakaardid\/#primaryimage"},"image":{"@id":"https:\/\/motormind.ee\/product\/a4-keskkonnakaardid\/#primaryimage"},"thumbnailUrl":"https:\/\/motormind.ee\/wp-content\/uploads\/2026\/04\/IMG_7066-scaled.jpg","datePublished":"2026-04-07T05:46:58+00:00","breadcrumb":{"@id":"https:\/\/motormind.ee\/product\/a4-keskkonnakaardid\/#breadcrumb"},"inLanguage":"ru-RU","potentialAction":[{"@type":"ReadAction","target":["https:\/\/motormind.ee\/product\/a4-keskkonnakaardid\/"]}]},{"@type":"ImageObject","inLanguage":"ru-RU","@id":"https:\/\/motormind.ee\/product\/a4-keskkonnakaardid\/#primaryimage","url":"https:\/\/motormind.ee\/wp-content\/uploads\/2026\/04\/IMG_7066-scaled.jpg","contentUrl":"https:\/\/motormind.ee\/wp-content\/uploads\/2026\/04\/IMG_7066-scaled.jpg","width":1920,"height":2560},{"@type":"BreadcrumbList","@id":"https:\/\/motormind.ee\/product\/a4-keskkonnakaardid\/#breadcrumb","itemListElement":[{"@type":"ListItem","position":1,"name":"\u0413\u043b\u0430\u0432\u043d\u0430\u044f \u0441\u0442\u0440\u0430\u043d\u0438\u0446\u0430","item":"https:\/\/motormind.ee\/"},{"@type":"ListItem","position":2,"name":"E-pood","item":"https:\/\/motormind.ee\/shop\/"},{"@type":"ListItem","position":3,"name":"A4 keskkonnakaardid"}]},{"@type":"WebSite","@id":"https:\/\/motormind.ee\/#website","url":"https:\/\/motormind.ee\/","name":"Motormind","description":"&Otilde;pi r&otilde;&otilde;muga, &otilde;pi m&auml;ngides!","potentialAction":[{"@type":"SearchAction","target":{"@type":"EntryPoint","urlTemplate":"https:\/\/motormind.ee\/?s={search_term_string}"},"query-input":{"@type":"PropertyValueSpecification","valueRequired":true,"valueName":"search_term_string"}}],"inLanguage":"ru-RU"}]}},"_links":{"self":[{"href":"https:\/\/motormind.ee\/ru\/wp-json\/wp\/v2\/product\/4392","targetHints":{"allow":["GET"]}}],"collection":[{"href":"https:\/\/motormind.ee\/ru\/wp-json\/wp\/v2\/product"}],"about":[{"href":"https:\/\/motormind.ee\/ru\/wp-json\/wp\/v2\/types\/product"}],"replies":[{"embeddable":true,"href":"https:\/\/motormind.ee\/ru\/wp-json\/wp\/v2\/comments?post=4392"}],"version-history":[{"count":1,"href":"https:\/\/motormind.ee\/ru\/wp-json\/wp\/v2\/product\/4392\/revisions"}],"predecessor-version":[{"id":4401,"href":"https:\/\/motormind.ee\/ru\/wp-json\/wp\/v2\/product\/4392\/revisions\/4401"}],"wp:featuredmedia":[{"embeddable":true,"href":"https:\/\/motormind.ee\/ru\/wp-json\/wp\/v2\/media\/4393"}],"wp:attachment":[{"href":"https:\/\/motormind.ee\/ru\/wp-json\/wp\/v2\/media?parent=4392"}],"wp:term":[{"taxonomy":"product_brand","embeddable":true,"href":"https:\/\/motormind.ee\/ru\/wp-json\/wp\/v2\/product_brand?post=4392"},{"taxonomy":"product_cat","embeddable":true,"href":"https:\/\/motormind.ee\/ru\/wp-json\/wp\/v2\/product_cat?post=4392"},{"taxonomy":"product_tag","embeddable":true,"href":"https:\/\/motormind.ee\/ru\/wp-json\/wp\/v2\/product_tag?post=4392"}],"curies":[{"name":"wp","href":"https:\/\/api.w.org\/{rel}","templated":true}]}}