{"id":452,"date":"2024-09-29T09:54:35","date_gmt":"2024-09-29T09:54:35","guid":{"rendered":"https:\/\/motormind.ee\/?post_type=product&#038;p=452"},"modified":"2025-08-27T07:35:24","modified_gmt":"2025-08-27T07:35:24","slug":"laste-kalender","status":"publish","type":"product","link":"https:\/\/motormind.ee\/ru\/product\/laste-kalender\/","title":{"rendered":"\u00abLaste kalender\u00bb"},"content":{"rendered":"<p>\u201eLaste kalender\u201c on interaktiivne \u00f5ppekomplekt, mis aitab lapsel lihtsalt ja l\u00f5busalt \u00f5ppida<br \/>\nm\u00e4\u00e4rama kuup\u00e4eva, n\u00e4dalap\u00e4eva, aastaaega ja kuud. Kalender koosneb takjakinnitusega<br \/>\nliigutatavatest elementidest, mida laps saab iseseisvalt vahetada, m\u00e4rkides \u00e4ra jooksva kuup\u00e4eva ja<br \/>\nilmastikutingimused. Erksad pildid ja visuaalsed s\u00fcmbolid muudavad \u00f5ppimisprotsessi p\u00f5nevaks,<br \/>\narendades lapse aja tajumist, loogikat ja t\u00e4helepanu.<br \/>\nSee kalender ei ole mitte ainult kasulik vahend n\u00e4dalap\u00e4evade ja kuude \u00f5ppimiseks, vaid ka l\u00f5bus<br \/>\nosa igap\u00e4evastest m\u00e4ngudest. Valmistatud vastupidavatest ja ohututest materjalidest, sobib see<br \/>\nideaalselt kasutamiseks nii kodus kui ka lasteaias.<\/p>","protected":false},"excerpt":{"rendered":"<p>\u201eLaste kalender\u201c on interaktiivne \u00f5ppekomplekt, mis aitab lapsel lihtsalt ja l\u00f5busalt \u00f5ppida m\u00e4\u00e4rama kuup\u00e4eva, n\u00e4dalap\u00e4eva, aastaaega ja kuud. Kalender koosneb takjakinnitusega liigutatavatest elementidest, mida laps saab iseseisvalt vahetada, m\u00e4rkides \u00e4ra jooksva kuup\u00e4eva ja ilmastikutingimused. Erksad pildid ja visuaalsed s\u00fcmbolid muudavad \u00f5ppimisprotsessi p\u00f5nevaks, arendades lapse aja tajumist, loogikat ja t\u00e4helepanu. See kalender ei ole mitte ainult [&hellip;]<\/p>\n","protected":false},"featured_media":337,"comment_status":"open","ping_status":"closed","template":"","meta":[],"product_brand":[],"product_cat":[112],"product_tag":[],"class_list":{"0":"post-452","1":"product","2":"type-product","3":"status-publish","4":"has-post-thumbnail","6":"product_cat-plakatid","8":"first","9":"instock","10":"shipping-taxable","11":"purchasable","12":"product-type-simple"},"yoast_head":"<!-- This site is optimized with the Yoast SEO plugin v27.4 - https:\/\/yoast.com\/product\/yoast-seo-wordpress\/ -->\n<title>\u00abLaste kalender\u00bb - Motormind<\/title>\n<meta name=\"robots\" content=\"index, follow, max-snippet:-1, max-image-preview:large, max-video-preview:-1\" \/>\n<link rel=\"canonical\" href=\"https:\/\/motormind.ee\/ru\/product\/laste-kalender\/\" \/>\n<meta property=\"og:locale\" content=\"ru_RU\" \/>\n<meta property=\"og:type\" content=\"article\" \/>\n<meta property=\"og:title\" content=\"\u00abLaste kalender\u00bb - Motormind\" \/>\n<meta property=\"og:description\" content=\"\u201eLaste kalender\u201c on interaktiivne \u00f5ppekomplekt, mis aitab lapsel lihtsalt ja l\u00f5busalt \u00f5ppida m\u00e4\u00e4rama kuup\u00e4eva, n\u00e4dalap\u00e4eva, aastaaega ja kuud. Kalender koosneb takjakinnitusega liigutatavatest elementidest, mida laps saab iseseisvalt vahetada, m\u00e4rkides \u00e4ra jooksva kuup\u00e4eva ja ilmastikutingimused. Erksad pildid ja visuaalsed s\u00fcmbolid muudavad \u00f5ppimisprotsessi p\u00f5nevaks, arendades lapse aja tajumist, loogikat ja t\u00e4helepanu. See kalender ei ole mitte ainult [&hellip;]\" \/>\n<meta property=\"og:url\" content=\"https:\/\/motormind.ee\/ru\/product\/laste-kalender\/\" \/>\n<meta property=\"og:site_name\" content=\"Motormind\" \/>\n<meta property=\"article:modified_time\" content=\"2025-08-27T07:35:24+00:00\" \/>\n<meta property=\"og:image\" content=\"https:\/\/motormind.ee\/wp-content\/uploads\/2024\/09\/\u201eLaste-kalender-3.jpg\" \/>\n\t<meta property=\"og:image:width\" content=\"2048\" \/>\n\t<meta property=\"og:image:height\" content=\"1536\" \/>\n\t<meta property=\"og:image:type\" content=\"image\/jpeg\" \/>\n<meta name=\"twitter:card\" content=\"summary_large_image\" \/>\n<meta name=\"twitter:label1\" content=\"\u041f\u0440\u0438\u043c\u0435\u0440\u043d\u043e\u0435 \u0432\u0440\u0435\u043c\u044f \u0434\u043b\u044f \u0447\u0442\u0435\u043d\u0438\u044f\" \/>\n\t<meta name=\"twitter:data1\" content=\"1 \u043c\u0438\u043d\u0443\u0442\u0430\" \/>\n<script type=\"application\/ld+json\" class=\"yoast-schema-graph\">{\"@context\":\"https:\\\/\\\/schema.org\",\"@graph\":[{\"@type\":\"WebPage\",\"@id\":\"https:\\\/\\\/motormind.ee\\\/product\\\/laste-kalender\\\/\",\"url\":\"https:\\\/\\\/motormind.ee\\\/product\\\/laste-kalender\\\/\",\"name\":\"\u00abLaste kalender\u00bb - Motormind\",\"isPartOf\":{\"@id\":\"https:\\\/\\\/motormind.ee\\\/#website\"},\"primaryImageOfPage\":{\"@id\":\"https:\\\/\\\/motormind.ee\\\/product\\\/laste-kalender\\\/#primaryimage\"},\"image\":{\"@id\":\"https:\\\/\\\/motormind.ee\\\/product\\\/laste-kalender\\\/#primaryimage\"},\"thumbnailUrl\":\"https:\\\/\\\/motormind.ee\\\/wp-content\\\/uploads\\\/2024\\\/09\\\/\u201eLaste-kalender-3.jpg\",\"datePublished\":\"2024-09-29T09:54:35+00:00\",\"dateModified\":\"2025-08-27T07:35:24+00:00\",\"breadcrumb\":{\"@id\":\"https:\\\/\\\/motormind.ee\\\/product\\\/laste-kalender\\\/#breadcrumb\"},\"inLanguage\":\"ru-RU\",\"potentialAction\":[{\"@type\":\"ReadAction\",\"target\":[\"https:\\\/\\\/motormind.ee\\\/product\\\/laste-kalender\\\/\"]}]},{\"@type\":\"ImageObject\",\"inLanguage\":\"ru-RU\",\"@id\":\"https:\\\/\\\/motormind.ee\\\/product\\\/laste-kalender\\\/#primaryimage\",\"url\":\"https:\\\/\\\/motormind.ee\\\/wp-content\\\/uploads\\\/2024\\\/09\\\/\u201eLaste-kalender-3.jpg\",\"contentUrl\":\"https:\\\/\\\/motormind.ee\\\/wp-content\\\/uploads\\\/2024\\\/09\\\/\u201eLaste-kalender-3.jpg\",\"width\":2048,\"height\":1536},{\"@type\":\"BreadcrumbList\",\"@id\":\"https:\\\/\\\/motormind.ee\\\/product\\\/laste-kalender\\\/#breadcrumb\",\"itemListElement\":[{\"@type\":\"ListItem\",\"position\":1,\"name\":\"\u0413\u043b\u0430\u0432\u043d\u0430\u044f \u0441\u0442\u0440\u0430\u043d\u0438\u0446\u0430\",\"item\":\"https:\\\/\\\/motormind.ee\\\/\"},{\"@type\":\"ListItem\",\"position\":2,\"name\":\"E-pood\",\"item\":\"https:\\\/\\\/motormind.ee\\\/shop\\\/\"},{\"@type\":\"ListItem\",\"position\":3,\"name\":\"\u00abLaste kalender\u00bb\"}]},{\"@type\":\"WebSite\",\"@id\":\"https:\\\/\\\/motormind.ee\\\/#website\",\"url\":\"https:\\\/\\\/motormind.ee\\\/\",\"name\":\"Motormind\",\"description\":\"&Otilde;pi r&otilde;&otilde;muga, &otilde;pi m&auml;ngides!\",\"potentialAction\":[{\"@type\":\"SearchAction\",\"target\":{\"@type\":\"EntryPoint\",\"urlTemplate\":\"https:\\\/\\\/motormind.ee\\\/?s={search_term_string}\"},\"query-input\":{\"@type\":\"PropertyValueSpecification\",\"valueRequired\":true,\"valueName\":\"search_term_string\"}}],\"inLanguage\":\"ru-RU\"}]}<\/script>\n<!-- \/ Yoast SEO plugin. -->","yoast_head_json":{"title":"\u00abLaste kalender\u00bb - Motormind","robots":{"index":"index","follow":"follow","max-snippet":"max-snippet:-1","max-image-preview":"max-image-preview:large","max-video-preview":"max-video-preview:-1"},"canonical":"https:\/\/motormind.ee\/ru\/product\/laste-kalender\/","og_locale":"ru_RU","og_type":"article","og_title":"\u00abLaste kalender\u00bb - Motormind","og_description":"\u201eLaste kalender\u201c on interaktiivne \u00f5ppekomplekt, mis aitab lapsel lihtsalt ja l\u00f5busalt \u00f5ppida m\u00e4\u00e4rama kuup\u00e4eva, n\u00e4dalap\u00e4eva, aastaaega ja kuud. Kalender koosneb takjakinnitusega liigutatavatest elementidest, mida laps saab iseseisvalt vahetada, m\u00e4rkides \u00e4ra jooksva kuup\u00e4eva ja ilmastikutingimused. Erksad pildid ja visuaalsed s\u00fcmbolid muudavad \u00f5ppimisprotsessi p\u00f5nevaks, arendades lapse aja tajumist, loogikat ja t\u00e4helepanu. See kalender ei ole mitte ainult [&hellip;]","og_url":"https:\/\/motormind.ee\/ru\/product\/laste-kalender\/","og_site_name":"Motormind","article_modified_time":"2025-08-27T07:35:24+00:00","og_image":[{"width":2048,"height":1536,"url":"https:\/\/motormind.ee\/wp-content\/uploads\/2024\/09\/\u201eLaste-kalender-3.jpg","type":"image\/jpeg"}],"twitter_card":"summary_large_image","twitter_misc":{"\u041f\u0440\u0438\u043c\u0435\u0440\u043d\u043e\u0435 \u0432\u0440\u0435\u043c\u044f \u0434\u043b\u044f \u0447\u0442\u0435\u043d\u0438\u044f":"1 \u043c\u0438\u043d\u0443\u0442\u0430"},"schema":{"@context":"https:\/\/schema.org","@graph":[{"@type":"WebPage","@id":"https:\/\/motormind.ee\/product\/laste-kalender\/","url":"https:\/\/motormind.ee\/product\/laste-kalender\/","name":"\u00abLaste kalender\u00bb - Motormind","isPartOf":{"@id":"https:\/\/motormind.ee\/#website"},"primaryImageOfPage":{"@id":"https:\/\/motormind.ee\/product\/laste-kalender\/#primaryimage"},"image":{"@id":"https:\/\/motormind.ee\/product\/laste-kalender\/#primaryimage"},"thumbnailUrl":"https:\/\/motormind.ee\/wp-content\/uploads\/2024\/09\/\u201eLaste-kalender-3.jpg","datePublished":"2024-09-29T09:54:35+00:00","dateModified":"2025-08-27T07:35:24+00:00","breadcrumb":{"@id":"https:\/\/motormind.ee\/product\/laste-kalender\/#breadcrumb"},"inLanguage":"ru-RU","potentialAction":[{"@type":"ReadAction","target":["https:\/\/motormind.ee\/product\/laste-kalender\/"]}]},{"@type":"ImageObject","inLanguage":"ru-RU","@id":"https:\/\/motormind.ee\/product\/laste-kalender\/#primaryimage","url":"https:\/\/motormind.ee\/wp-content\/uploads\/2024\/09\/\u201eLaste-kalender-3.jpg","contentUrl":"https:\/\/motormind.ee\/wp-content\/uploads\/2024\/09\/\u201eLaste-kalender-3.jpg","width":2048,"height":1536},{"@type":"BreadcrumbList","@id":"https:\/\/motormind.ee\/product\/laste-kalender\/#breadcrumb","itemListElement":[{"@type":"ListItem","position":1,"name":"\u0413\u043b\u0430\u0432\u043d\u0430\u044f \u0441\u0442\u0440\u0430\u043d\u0438\u0446\u0430","item":"https:\/\/motormind.ee\/"},{"@type":"ListItem","position":2,"name":"E-pood","item":"https:\/\/motormind.ee\/shop\/"},{"@type":"ListItem","position":3,"name":"\u00abLaste kalender\u00bb"}]},{"@type":"WebSite","@id":"https:\/\/motormind.ee\/#website","url":"https:\/\/motormind.ee\/","name":"Motormind","description":"&Otilde;pi r&otilde;&otilde;muga, &otilde;pi m&auml;ngides!","potentialAction":[{"@type":"SearchAction","target":{"@type":"EntryPoint","urlTemplate":"https:\/\/motormind.ee\/?s={search_term_string}"},"query-input":{"@type":"PropertyValueSpecification","valueRequired":true,"valueName":"search_term_string"}}],"inLanguage":"ru-RU"}]}},"_links":{"self":[{"href":"https:\/\/motormind.ee\/ru\/wp-json\/wp\/v2\/product\/452","targetHints":{"allow":["GET"]}}],"collection":[{"href":"https:\/\/motormind.ee\/ru\/wp-json\/wp\/v2\/product"}],"about":[{"href":"https:\/\/motormind.ee\/ru\/wp-json\/wp\/v2\/types\/product"}],"replies":[{"embeddable":true,"href":"https:\/\/motormind.ee\/ru\/wp-json\/wp\/v2\/comments?post=452"}],"version-history":[{"count":1,"href":"https:\/\/motormind.ee\/ru\/wp-json\/wp\/v2\/product\/452\/revisions"}],"predecessor-version":[{"id":474,"href":"https:\/\/motormind.ee\/ru\/wp-json\/wp\/v2\/product\/452\/revisions\/474"}],"wp:featuredmedia":[{"embeddable":true,"href":"https:\/\/motormind.ee\/ru\/wp-json\/wp\/v2\/media\/337"}],"wp:attachment":[{"href":"https:\/\/motormind.ee\/ru\/wp-json\/wp\/v2\/media?parent=452"}],"wp:term":[{"taxonomy":"product_brand","embeddable":true,"href":"https:\/\/motormind.ee\/ru\/wp-json\/wp\/v2\/product_brand?post=452"},{"taxonomy":"product_cat","embeddable":true,"href":"https:\/\/motormind.ee\/ru\/wp-json\/wp\/v2\/product_cat?post=452"},{"taxonomy":"product_tag","embeddable":true,"href":"https:\/\/motormind.ee\/ru\/wp-json\/wp\/v2\/product_tag?post=452"}],"curies":[{"name":"wp","href":"https:\/\/api.w.org\/{rel}","templated":true}]}}