{"id":657,"date":"2024-10-16T13:01:25","date_gmt":"2024-10-16T13:01:25","guid":{"rendered":"https:\/\/motormind.ee\/?post_type=product&#038;p=657"},"modified":"2026-03-23T11:57:07","modified_gmt":"2026-03-23T11:57:07","slug":"elukutsed-11-lk","status":"publish","type":"product","link":"https:\/\/motormind.ee\/ru\/product\/elukutsed-11-lk\/","title":{"rendered":"T\u00f6\u00f6lehed: &#8220;Elukutsed(11 lk)&#8221;"},"content":{"rendered":"<p>Tegemist on digitaalse tootega (PDF). P\u00e4rast makset saadetakse allalaadimislink teie e-mailile.<\/p>","protected":false},"excerpt":{"rendered":"<p>Selles PDF-failis on esitatud \u00f5ppe\u00fclesanne, kus tutvustatakse 7 erinevat ametit. Iga ametiga on seotud eririietus, mille saab tegelastele selga panna, ning iga tegelase juurde kuuluvad 3 ametiga seotud eset. See \u00fclesanne aitab lastel \u00f5ppida ametite nimetusi ja sobitada neid vastava riietuse ja t\u00f6\u00f6riistadega. \u00dclesannet saab kasutada kollaa\u017eina v\u00f5i muuta takjapaeltega m\u00e4nguks.<\/p>\n<p>&nbsp;<\/p>","protected":false},"featured_media":658,"comment_status":"open","ping_status":"closed","template":"","meta":[],"product_brand":[],"product_cat":[158,22],"product_tag":[],"class_list":{"0":"post-657","1":"product","2":"type-product","3":"status-publish","4":"has-post-thumbnail","6":"product_cat-maailma-avastamine-ja-loodusteadmised","7":"product_cat-toolehed","9":"first","10":"instock","11":"shipping-taxable","12":"purchasable","13":"product-type-variable"},"yoast_head":"<!-- This site is optimized with the Yoast SEO plugin v27.4 - https:\/\/yoast.com\/product\/yoast-seo-wordpress\/ -->\n<title>T\u00f6\u00f6lehed: &quot;Elukutsed(11 lk)&quot; - Motormind<\/title>\n<meta name=\"description\" content=\"L\u00f5bus ja hariv \u00f5ppe\u00fclesanne \u00abElukutsed\u00bb tutvustab lastele 7 erinevat ametit l\u00e4bi m\u00e4nguliste tegevuste. Sobib suurep\u00e4raselt kodus v\u00f5i koolis kasutamiseks. Lae alla PDF-fail ja valmista ise \u00f5petlik kollaa\u017e!\" \/>\n<meta name=\"robots\" content=\"index, follow, max-snippet:-1, max-image-preview:large, max-video-preview:-1\" \/>\n<link rel=\"canonical\" href=\"https:\/\/motormind.ee\/ru\/product\/elukutsed-11-lk\/\" \/>\n<meta property=\"og:locale\" content=\"ru_RU\" \/>\n<meta property=\"og:type\" content=\"article\" \/>\n<meta property=\"og:title\" content=\"T\u00f6\u00f6lehed: &quot;Elukutsed(11 lk)&quot; - Motormind\" \/>\n<meta property=\"og:description\" content=\"L\u00f5bus ja hariv \u00f5ppe\u00fclesanne \u00abElukutsed\u00bb tutvustab lastele 7 erinevat ametit l\u00e4bi m\u00e4nguliste tegevuste. Sobib suurep\u00e4raselt kodus v\u00f5i koolis kasutamiseks. Lae alla PDF-fail ja valmista ise \u00f5petlik kollaa\u017e!\" \/>\n<meta property=\"og:url\" content=\"https:\/\/motormind.ee\/ru\/product\/elukutsed-11-lk\/\" \/>\n<meta property=\"og:site_name\" content=\"Motormind\" \/>\n<meta property=\"article:modified_time\" content=\"2026-03-23T11:57:07+00:00\" \/>\n<meta property=\"og:image\" content=\"https:\/\/motormind.ee\/wp-content\/uploads\/2024\/10\/elukutsedd.jpg\" \/>\n\t<meta property=\"og:image:width\" content=\"2048\" \/>\n\t<meta property=\"og:image:height\" content=\"2048\" \/>\n\t<meta property=\"og:image:type\" content=\"image\/jpeg\" \/>\n<meta name=\"twitter:card\" content=\"summary_large_image\" \/>\n<meta name=\"twitter:label1\" content=\"\u041f\u0440\u0438\u043c\u0435\u0440\u043d\u043e\u0435 \u0432\u0440\u0435\u043c\u044f \u0434\u043b\u044f \u0447\u0442\u0435\u043d\u0438\u044f\" \/>\n\t<meta name=\"twitter:data1\" content=\"1 \u043c\u0438\u043d\u0443\u0442\u0430\" \/>\n<script type=\"application\/ld+json\" class=\"yoast-schema-graph\">{\"@context\":\"https:\\\/\\\/schema.org\",\"@graph\":[{\"@type\":\"WebPage\",\"@id\":\"https:\\\/\\\/motormind.ee\\\/product\\\/elukutsed-11-lk\\\/\",\"url\":\"https:\\\/\\\/motormind.ee\\\/product\\\/elukutsed-11-lk\\\/\",\"name\":\"T\u00f6\u00f6lehed: \\\"Elukutsed(11 lk)\\\" - Motormind\",\"isPartOf\":{\"@id\":\"https:\\\/\\\/motormind.ee\\\/#website\"},\"primaryImageOfPage\":{\"@id\":\"https:\\\/\\\/motormind.ee\\\/product\\\/elukutsed-11-lk\\\/#primaryimage\"},\"image\":{\"@id\":\"https:\\\/\\\/motormind.ee\\\/product\\\/elukutsed-11-lk\\\/#primaryimage\"},\"thumbnailUrl\":\"https:\\\/\\\/motormind.ee\\\/wp-content\\\/uploads\\\/2024\\\/10\\\/elukutsedd.jpg\",\"datePublished\":\"2024-10-16T13:01:25+00:00\",\"dateModified\":\"2026-03-23T11:57:07+00:00\",\"description\":\"L\u00f5bus ja hariv \u00f5ppe\u00fclesanne \u00abElukutsed\u00bb tutvustab lastele 7 erinevat ametit l\u00e4bi m\u00e4nguliste tegevuste. Sobib suurep\u00e4raselt kodus v\u00f5i koolis kasutamiseks. Lae alla PDF-fail ja valmista ise \u00f5petlik kollaa\u017e!\",\"breadcrumb\":{\"@id\":\"https:\\\/\\\/motormind.ee\\\/product\\\/elukutsed-11-lk\\\/#breadcrumb\"},\"inLanguage\":\"ru-RU\",\"potentialAction\":[{\"@type\":\"ReadAction\",\"target\":[\"https:\\\/\\\/motormind.ee\\\/product\\\/elukutsed-11-lk\\\/\"]}]},{\"@type\":\"ImageObject\",\"inLanguage\":\"ru-RU\",\"@id\":\"https:\\\/\\\/motormind.ee\\\/product\\\/elukutsed-11-lk\\\/#primaryimage\",\"url\":\"https:\\\/\\\/motormind.ee\\\/wp-content\\\/uploads\\\/2024\\\/10\\\/elukutsedd.jpg\",\"contentUrl\":\"https:\\\/\\\/motormind.ee\\\/wp-content\\\/uploads\\\/2024\\\/10\\\/elukutsedd.jpg\",\"width\":2048,\"height\":2048},{\"@type\":\"BreadcrumbList\",\"@id\":\"https:\\\/\\\/motormind.ee\\\/product\\\/elukutsed-11-lk\\\/#breadcrumb\",\"itemListElement\":[{\"@type\":\"ListItem\",\"position\":1,\"name\":\"\u0413\u043b\u0430\u0432\u043d\u0430\u044f \u0441\u0442\u0440\u0430\u043d\u0438\u0446\u0430\",\"item\":\"https:\\\/\\\/motormind.ee\\\/\"},{\"@type\":\"ListItem\",\"position\":2,\"name\":\"E-pood\",\"item\":\"https:\\\/\\\/motormind.ee\\\/shop\\\/\"},{\"@type\":\"ListItem\",\"position\":3,\"name\":\"T\u00f6\u00f6lehed: &#8220;Elukutsed(11 lk)&#8221;\"}]},{\"@type\":\"WebSite\",\"@id\":\"https:\\\/\\\/motormind.ee\\\/#website\",\"url\":\"https:\\\/\\\/motormind.ee\\\/\",\"name\":\"Motormind\",\"description\":\"&Otilde;pi r&otilde;&otilde;muga, &otilde;pi m&auml;ngides!\",\"potentialAction\":[{\"@type\":\"SearchAction\",\"target\":{\"@type\":\"EntryPoint\",\"urlTemplate\":\"https:\\\/\\\/motormind.ee\\\/?s={search_term_string}\"},\"query-input\":{\"@type\":\"PropertyValueSpecification\",\"valueRequired\":true,\"valueName\":\"search_term_string\"}}],\"inLanguage\":\"ru-RU\"}]}<\/script>\n<!-- \/ Yoast SEO plugin. -->","yoast_head_json":{"title":"T\u00f6\u00f6lehed: \"Elukutsed(11 lk)\" - Motormind","description":"L\u00f5bus ja hariv \u00f5ppe\u00fclesanne \u00abElukutsed\u00bb tutvustab lastele 7 erinevat ametit l\u00e4bi m\u00e4nguliste tegevuste. Sobib suurep\u00e4raselt kodus v\u00f5i koolis kasutamiseks. Lae alla PDF-fail ja valmista ise \u00f5petlik kollaa\u017e!","robots":{"index":"index","follow":"follow","max-snippet":"max-snippet:-1","max-image-preview":"max-image-preview:large","max-video-preview":"max-video-preview:-1"},"canonical":"https:\/\/motormind.ee\/ru\/product\/elukutsed-11-lk\/","og_locale":"ru_RU","og_type":"article","og_title":"T\u00f6\u00f6lehed: \"Elukutsed(11 lk)\" - Motormind","og_description":"L\u00f5bus ja hariv \u00f5ppe\u00fclesanne \u00abElukutsed\u00bb tutvustab lastele 7 erinevat ametit l\u00e4bi m\u00e4nguliste tegevuste. Sobib suurep\u00e4raselt kodus v\u00f5i koolis kasutamiseks. Lae alla PDF-fail ja valmista ise \u00f5petlik kollaa\u017e!","og_url":"https:\/\/motormind.ee\/ru\/product\/elukutsed-11-lk\/","og_site_name":"Motormind","article_modified_time":"2026-03-23T11:57:07+00:00","og_image":[{"width":2048,"height":2048,"url":"https:\/\/motormind.ee\/wp-content\/uploads\/2024\/10\/elukutsedd.jpg","type":"image\/jpeg"}],"twitter_card":"summary_large_image","twitter_misc":{"\u041f\u0440\u0438\u043c\u0435\u0440\u043d\u043e\u0435 \u0432\u0440\u0435\u043c\u044f \u0434\u043b\u044f \u0447\u0442\u0435\u043d\u0438\u044f":"1 \u043c\u0438\u043d\u0443\u0442\u0430"},"schema":{"@context":"https:\/\/schema.org","@graph":[{"@type":"WebPage","@id":"https:\/\/motormind.ee\/product\/elukutsed-11-lk\/","url":"https:\/\/motormind.ee\/product\/elukutsed-11-lk\/","name":"T\u00f6\u00f6lehed: \"Elukutsed(11 lk)\" - Motormind","isPartOf":{"@id":"https:\/\/motormind.ee\/#website"},"primaryImageOfPage":{"@id":"https:\/\/motormind.ee\/product\/elukutsed-11-lk\/#primaryimage"},"image":{"@id":"https:\/\/motormind.ee\/product\/elukutsed-11-lk\/#primaryimage"},"thumbnailUrl":"https:\/\/motormind.ee\/wp-content\/uploads\/2024\/10\/elukutsedd.jpg","datePublished":"2024-10-16T13:01:25+00:00","dateModified":"2026-03-23T11:57:07+00:00","description":"L\u00f5bus ja hariv \u00f5ppe\u00fclesanne \u00abElukutsed\u00bb tutvustab lastele 7 erinevat ametit l\u00e4bi m\u00e4nguliste tegevuste. Sobib suurep\u00e4raselt kodus v\u00f5i koolis kasutamiseks. Lae alla PDF-fail ja valmista ise \u00f5petlik kollaa\u017e!","breadcrumb":{"@id":"https:\/\/motormind.ee\/product\/elukutsed-11-lk\/#breadcrumb"},"inLanguage":"ru-RU","potentialAction":[{"@type":"ReadAction","target":["https:\/\/motormind.ee\/product\/elukutsed-11-lk\/"]}]},{"@type":"ImageObject","inLanguage":"ru-RU","@id":"https:\/\/motormind.ee\/product\/elukutsed-11-lk\/#primaryimage","url":"https:\/\/motormind.ee\/wp-content\/uploads\/2024\/10\/elukutsedd.jpg","contentUrl":"https:\/\/motormind.ee\/wp-content\/uploads\/2024\/10\/elukutsedd.jpg","width":2048,"height":2048},{"@type":"BreadcrumbList","@id":"https:\/\/motormind.ee\/product\/elukutsed-11-lk\/#breadcrumb","itemListElement":[{"@type":"ListItem","position":1,"name":"\u0413\u043b\u0430\u0432\u043d\u0430\u044f \u0441\u0442\u0440\u0430\u043d\u0438\u0446\u0430","item":"https:\/\/motormind.ee\/"},{"@type":"ListItem","position":2,"name":"E-pood","item":"https:\/\/motormind.ee\/shop\/"},{"@type":"ListItem","position":3,"name":"T\u00f6\u00f6lehed: &#8220;Elukutsed(11 lk)&#8221;"}]},{"@type":"WebSite","@id":"https:\/\/motormind.ee\/#website","url":"https:\/\/motormind.ee\/","name":"Motormind","description":"&Otilde;pi r&otilde;&otilde;muga, &otilde;pi m&auml;ngides!","potentialAction":[{"@type":"SearchAction","target":{"@type":"EntryPoint","urlTemplate":"https:\/\/motormind.ee\/?s={search_term_string}"},"query-input":{"@type":"PropertyValueSpecification","valueRequired":true,"valueName":"search_term_string"}}],"inLanguage":"ru-RU"}]}},"_links":{"self":[{"href":"https:\/\/motormind.ee\/ru\/wp-json\/wp\/v2\/product\/657","targetHints":{"allow":["GET"]}}],"collection":[{"href":"https:\/\/motormind.ee\/ru\/wp-json\/wp\/v2\/product"}],"about":[{"href":"https:\/\/motormind.ee\/ru\/wp-json\/wp\/v2\/types\/product"}],"replies":[{"embeddable":true,"href":"https:\/\/motormind.ee\/ru\/wp-json\/wp\/v2\/comments?post=657"}],"version-history":[{"count":5,"href":"https:\/\/motormind.ee\/ru\/wp-json\/wp\/v2\/product\/657\/revisions"}],"predecessor-version":[{"id":4089,"href":"https:\/\/motormind.ee\/ru\/wp-json\/wp\/v2\/product\/657\/revisions\/4089"}],"wp:featuredmedia":[{"embeddable":true,"href":"https:\/\/motormind.ee\/ru\/wp-json\/wp\/v2\/media\/658"}],"wp:attachment":[{"href":"https:\/\/motormind.ee\/ru\/wp-json\/wp\/v2\/media?parent=657"}],"wp:term":[{"taxonomy":"product_brand","embeddable":true,"href":"https:\/\/motormind.ee\/ru\/wp-json\/wp\/v2\/product_brand?post=657"},{"taxonomy":"product_cat","embeddable":true,"href":"https:\/\/motormind.ee\/ru\/wp-json\/wp\/v2\/product_cat?post=657"},{"taxonomy":"product_tag","embeddable":true,"href":"https:\/\/motormind.ee\/ru\/wp-json\/wp\/v2\/product_tag?post=657"}],"curies":[{"name":"wp","href":"https:\/\/api.w.org\/{rel}","templated":true}]}}