{"id":683,"date":"2024-10-16T13:14:37","date_gmt":"2024-10-16T13:14:37","guid":{"rendered":"https:\/\/motormind.ee\/?post_type=product&#038;p=683"},"modified":"2026-04-15T08:36:41","modified_gmt":"2026-04-15T08:36:41","slug":"ilusad-ristsonad-4-lk","status":"publish","type":"product","link":"https:\/\/motormind.ee\/ru\/product\/ilusad-ristsonad-4-lk\/","title":{"rendered":"T\u00f6\u00f6lehed: &#8220;Ilusad rists\u00f5nad (4 lk)&#8221;"},"content":{"rendered":"<p>Tegemist on digitaalse tootega (PDF). P\u00e4rast makset saadetakse allalaadimislink teie e-mailile.<\/p>","protected":false},"excerpt":{"rendered":"<p>See fail sisaldab laste rists\u00f5nu erinevatel teemadel: putukad, puuviljad, linnud ja s\u00f5idukid. Iga rists\u00f5na sisaldab pilte, mis aitavad lastel t\u00e4ita lahtrid \u00f5igete s\u00f5nadega, arendades nende t\u00e4helepanu ja s\u00f5navara. Need \u00fclesanded sobivad suurep\u00e4raselt uute s\u00f5nade \u00f5ppimiseks ja l\u00f5busaks \u00f5ppimiseks m\u00e4ngulisel viisil.<\/p>\n<p>&nbsp;<\/p>","protected":false},"featured_media":684,"comment_status":"open","ping_status":"closed","template":"","meta":[],"product_brand":[],"product_cat":[22,156],"product_tag":[],"class_list":{"0":"post-683","1":"product","2":"type-product","3":"status-publish","4":"has-post-thumbnail","6":"product_cat-toolehed","7":"product_cat-tahed-ja-lugemisoskuse-algus","9":"first","10":"instock","11":"shipping-taxable","12":"product-type-simple"},"yoast_head":"<!-- This site is optimized with the Yoast SEO plugin v27.4 - https:\/\/yoast.com\/product\/yoast-seo-wordpress\/ -->\n<title>T\u00f6\u00f6lehed: &quot;Ilusad rists\u00f5nad (4 lk)&quot; lastele - Motormind<\/title>\n<meta name=\"robots\" content=\"index, follow, max-snippet:-1, max-image-preview:large, max-video-preview:-1\" \/>\n<link rel=\"canonical\" href=\"https:\/\/motormind.ee\/ru\/product\/ilusad-ristsonad-4-lk\/\" \/>\n<meta property=\"og:locale\" content=\"ru_RU\" \/>\n<meta property=\"og:type\" content=\"article\" \/>\n<meta property=\"og:title\" content=\"T\u00f6\u00f6lehed: &quot;Ilusad rists\u00f5nad (4 lk)&quot; lastele - Motormind\" \/>\n<meta property=\"og:description\" content=\"See fail sisaldab laste rists\u00f5nu erinevatel teemadel: putukad, puuviljad, linnud ja s\u00f5idukid. Iga rists\u00f5na sisaldab pilte, mis aitavad lastel t\u00e4ita lahtrid \u00f5igete s\u00f5nadega, arendades nende t\u00e4helepanu ja s\u00f5navara. Need \u00fclesanded sobivad suurep\u00e4raselt uute s\u00f5nade \u00f5ppimiseks ja l\u00f5busaks \u00f5ppimiseks m\u00e4ngulisel viisil.  &nbsp;\" \/>\n<meta property=\"og:url\" content=\"https:\/\/motormind.ee\/ru\/product\/ilusad-ristsonad-4-lk\/\" \/>\n<meta property=\"og:site_name\" content=\"Motormind\" \/>\n<meta property=\"article:modified_time\" content=\"2026-04-15T08:36:41+00:00\" \/>\n<meta property=\"og:image\" content=\"https:\/\/motormind.ee\/wp-content\/uploads\/2024\/10\/Ilusad_ristsonad.jpg\" \/>\n\t<meta property=\"og:image:width\" content=\"2048\" \/>\n\t<meta property=\"og:image:height\" content=\"2048\" \/>\n\t<meta property=\"og:image:type\" content=\"image\/jpeg\" \/>\n<meta name=\"twitter:card\" content=\"summary_large_image\" \/>\n<meta name=\"twitter:label1\" content=\"\u041f\u0440\u0438\u043c\u0435\u0440\u043d\u043e\u0435 \u0432\u0440\u0435\u043c\u044f \u0434\u043b\u044f \u0447\u0442\u0435\u043d\u0438\u044f\" \/>\n\t<meta name=\"twitter:data1\" content=\"1 \u043c\u0438\u043d\u0443\u0442\u0430\" \/>\n<script type=\"application\/ld+json\" class=\"yoast-schema-graph\">{\"@context\":\"https:\\\/\\\/schema.org\",\"@graph\":[{\"@type\":\"WebPage\",\"@id\":\"https:\\\/\\\/motormind.ee\\\/product\\\/ilusad-ristsonad-4-lk\\\/\",\"url\":\"https:\\\/\\\/motormind.ee\\\/product\\\/ilusad-ristsonad-4-lk\\\/\",\"name\":\"T\u00f6\u00f6lehed: \\\"Ilusad rists\u00f5nad (4 lk)\\\" lastele - Motormind\",\"isPartOf\":{\"@id\":\"https:\\\/\\\/motormind.ee\\\/#website\"},\"primaryImageOfPage\":{\"@id\":\"https:\\\/\\\/motormind.ee\\\/product\\\/ilusad-ristsonad-4-lk\\\/#primaryimage\"},\"image\":{\"@id\":\"https:\\\/\\\/motormind.ee\\\/product\\\/ilusad-ristsonad-4-lk\\\/#primaryimage\"},\"thumbnailUrl\":\"https:\\\/\\\/motormind.ee\\\/wp-content\\\/uploads\\\/2024\\\/10\\\/Ilusad_ristsonad.jpg\",\"datePublished\":\"2024-10-16T13:14:37+00:00\",\"dateModified\":\"2026-04-15T08:36:41+00:00\",\"breadcrumb\":{\"@id\":\"https:\\\/\\\/motormind.ee\\\/product\\\/ilusad-ristsonad-4-lk\\\/#breadcrumb\"},\"inLanguage\":\"ru-RU\",\"potentialAction\":[{\"@type\":\"ReadAction\",\"target\":[\"https:\\\/\\\/motormind.ee\\\/product\\\/ilusad-ristsonad-4-lk\\\/\"]}]},{\"@type\":\"ImageObject\",\"inLanguage\":\"ru-RU\",\"@id\":\"https:\\\/\\\/motormind.ee\\\/product\\\/ilusad-ristsonad-4-lk\\\/#primaryimage\",\"url\":\"https:\\\/\\\/motormind.ee\\\/wp-content\\\/uploads\\\/2024\\\/10\\\/Ilusad_ristsonad.jpg\",\"contentUrl\":\"https:\\\/\\\/motormind.ee\\\/wp-content\\\/uploads\\\/2024\\\/10\\\/Ilusad_ristsonad.jpg\",\"width\":2048,\"height\":2048},{\"@type\":\"BreadcrumbList\",\"@id\":\"https:\\\/\\\/motormind.ee\\\/product\\\/ilusad-ristsonad-4-lk\\\/#breadcrumb\",\"itemListElement\":[{\"@type\":\"ListItem\",\"position\":1,\"name\":\"\u0413\u043b\u0430\u0432\u043d\u0430\u044f \u0441\u0442\u0440\u0430\u043d\u0438\u0446\u0430\",\"item\":\"https:\\\/\\\/motormind.ee\\\/\"},{\"@type\":\"ListItem\",\"position\":2,\"name\":\"E-pood\",\"item\":\"https:\\\/\\\/motormind.ee\\\/shop\\\/\"},{\"@type\":\"ListItem\",\"position\":3,\"name\":\"T\u00f6\u00f6lehed: &#8220;Ilusad rists\u00f5nad (4 lk)&#8221;\"}]},{\"@type\":\"WebSite\",\"@id\":\"https:\\\/\\\/motormind.ee\\\/#website\",\"url\":\"https:\\\/\\\/motormind.ee\\\/\",\"name\":\"Motormind\",\"description\":\"&Otilde;pi r&otilde;&otilde;muga, &otilde;pi m&auml;ngides!\",\"potentialAction\":[{\"@type\":\"SearchAction\",\"target\":{\"@type\":\"EntryPoint\",\"urlTemplate\":\"https:\\\/\\\/motormind.ee\\\/?s={search_term_string}\"},\"query-input\":{\"@type\":\"PropertyValueSpecification\",\"valueRequired\":true,\"valueName\":\"search_term_string\"}}],\"inLanguage\":\"ru-RU\"}]}<\/script>\n<!-- \/ Yoast SEO plugin. -->","yoast_head_json":{"title":"T\u00f6\u00f6lehed: \"Ilusad rists\u00f5nad (4 lk)\" lastele - Motormind","robots":{"index":"index","follow":"follow","max-snippet":"max-snippet:-1","max-image-preview":"max-image-preview:large","max-video-preview":"max-video-preview:-1"},"canonical":"https:\/\/motormind.ee\/ru\/product\/ilusad-ristsonad-4-lk\/","og_locale":"ru_RU","og_type":"article","og_title":"T\u00f6\u00f6lehed: \"Ilusad rists\u00f5nad (4 lk)\" lastele - Motormind","og_description":"See fail sisaldab laste rists\u00f5nu erinevatel teemadel: putukad, puuviljad, linnud ja s\u00f5idukid. Iga rists\u00f5na sisaldab pilte, mis aitavad lastel t\u00e4ita lahtrid \u00f5igete s\u00f5nadega, arendades nende t\u00e4helepanu ja s\u00f5navara. Need \u00fclesanded sobivad suurep\u00e4raselt uute s\u00f5nade \u00f5ppimiseks ja l\u00f5busaks \u00f5ppimiseks m\u00e4ngulisel viisil.  &nbsp;","og_url":"https:\/\/motormind.ee\/ru\/product\/ilusad-ristsonad-4-lk\/","og_site_name":"Motormind","article_modified_time":"2026-04-15T08:36:41+00:00","og_image":[{"width":2048,"height":2048,"url":"https:\/\/motormind.ee\/wp-content\/uploads\/2024\/10\/Ilusad_ristsonad.jpg","type":"image\/jpeg"}],"twitter_card":"summary_large_image","twitter_misc":{"\u041f\u0440\u0438\u043c\u0435\u0440\u043d\u043e\u0435 \u0432\u0440\u0435\u043c\u044f \u0434\u043b\u044f \u0447\u0442\u0435\u043d\u0438\u044f":"1 \u043c\u0438\u043d\u0443\u0442\u0430"},"schema":{"@context":"https:\/\/schema.org","@graph":[{"@type":"WebPage","@id":"https:\/\/motormind.ee\/product\/ilusad-ristsonad-4-lk\/","url":"https:\/\/motormind.ee\/product\/ilusad-ristsonad-4-lk\/","name":"T\u00f6\u00f6lehed: \"Ilusad rists\u00f5nad (4 lk)\" lastele - Motormind","isPartOf":{"@id":"https:\/\/motormind.ee\/#website"},"primaryImageOfPage":{"@id":"https:\/\/motormind.ee\/product\/ilusad-ristsonad-4-lk\/#primaryimage"},"image":{"@id":"https:\/\/motormind.ee\/product\/ilusad-ristsonad-4-lk\/#primaryimage"},"thumbnailUrl":"https:\/\/motormind.ee\/wp-content\/uploads\/2024\/10\/Ilusad_ristsonad.jpg","datePublished":"2024-10-16T13:14:37+00:00","dateModified":"2026-04-15T08:36:41+00:00","breadcrumb":{"@id":"https:\/\/motormind.ee\/product\/ilusad-ristsonad-4-lk\/#breadcrumb"},"inLanguage":"ru-RU","potentialAction":[{"@type":"ReadAction","target":["https:\/\/motormind.ee\/product\/ilusad-ristsonad-4-lk\/"]}]},{"@type":"ImageObject","inLanguage":"ru-RU","@id":"https:\/\/motormind.ee\/product\/ilusad-ristsonad-4-lk\/#primaryimage","url":"https:\/\/motormind.ee\/wp-content\/uploads\/2024\/10\/Ilusad_ristsonad.jpg","contentUrl":"https:\/\/motormind.ee\/wp-content\/uploads\/2024\/10\/Ilusad_ristsonad.jpg","width":2048,"height":2048},{"@type":"BreadcrumbList","@id":"https:\/\/motormind.ee\/product\/ilusad-ristsonad-4-lk\/#breadcrumb","itemListElement":[{"@type":"ListItem","position":1,"name":"\u0413\u043b\u0430\u0432\u043d\u0430\u044f \u0441\u0442\u0440\u0430\u043d\u0438\u0446\u0430","item":"https:\/\/motormind.ee\/"},{"@type":"ListItem","position":2,"name":"E-pood","item":"https:\/\/motormind.ee\/shop\/"},{"@type":"ListItem","position":3,"name":"T\u00f6\u00f6lehed: &#8220;Ilusad rists\u00f5nad (4 lk)&#8221;"}]},{"@type":"WebSite","@id":"https:\/\/motormind.ee\/#website","url":"https:\/\/motormind.ee\/","name":"Motormind","description":"&Otilde;pi r&otilde;&otilde;muga, &otilde;pi m&auml;ngides!","potentialAction":[{"@type":"SearchAction","target":{"@type":"EntryPoint","urlTemplate":"https:\/\/motormind.ee\/?s={search_term_string}"},"query-input":{"@type":"PropertyValueSpecification","valueRequired":true,"valueName":"search_term_string"}}],"inLanguage":"ru-RU"}]}},"_links":{"self":[{"href":"https:\/\/motormind.ee\/ru\/wp-json\/wp\/v2\/product\/683","targetHints":{"allow":["GET"]}}],"collection":[{"href":"https:\/\/motormind.ee\/ru\/wp-json\/wp\/v2\/product"}],"about":[{"href":"https:\/\/motormind.ee\/ru\/wp-json\/wp\/v2\/types\/product"}],"replies":[{"embeddable":true,"href":"https:\/\/motormind.ee\/ru\/wp-json\/wp\/v2\/comments?post=683"}],"version-history":[{"count":4,"href":"https:\/\/motormind.ee\/ru\/wp-json\/wp\/v2\/product\/683\/revisions"}],"predecessor-version":[{"id":4084,"href":"https:\/\/motormind.ee\/ru\/wp-json\/wp\/v2\/product\/683\/revisions\/4084"}],"wp:featuredmedia":[{"embeddable":true,"href":"https:\/\/motormind.ee\/ru\/wp-json\/wp\/v2\/media\/684"}],"wp:attachment":[{"href":"https:\/\/motormind.ee\/ru\/wp-json\/wp\/v2\/media?parent=683"}],"wp:term":[{"taxonomy":"product_brand","embeddable":true,"href":"https:\/\/motormind.ee\/ru\/wp-json\/wp\/v2\/product_brand?post=683"},{"taxonomy":"product_cat","embeddable":true,"href":"https:\/\/motormind.ee\/ru\/wp-json\/wp\/v2\/product_cat?post=683"},{"taxonomy":"product_tag","embeddable":true,"href":"https:\/\/motormind.ee\/ru\/wp-json\/wp\/v2\/product_tag?post=683"}],"curies":[{"name":"wp","href":"https:\/\/api.w.org\/{rel}","templated":true}]}}