{"id":691,"date":"2024-10-16T13:18:55","date_gmt":"2024-10-16T13:18:55","guid":{"rendered":"https:\/\/motormind.ee\/?post_type=product&#038;p=691"},"modified":"2026-03-23T11:48:32","modified_gmt":"2026-03-23T11:48:32","slug":"reis-labi-paikesesusteemi-29-lk","status":"publish","type":"product","link":"https:\/\/motormind.ee\/ru\/product\/reis-labi-paikesesusteemi-29-lk\/","title":{"rendered":"T\u00f6\u00f6lehed: &#8220;Reis l\u00e4bi p\u00e4ikeses\u00fcsteemi (29 lk)&#8221;"},"content":{"rendered":"<p>Tegemist on digitaalse tootega (PDF). P\u00e4rast makset saadetakse allalaadimislink teie e-mailile.<\/p>","protected":false},"excerpt":{"rendered":"<p>Kaasas on harjutusi planeetide \u00f5ppimiseks, arvutamiseks, erinevuste leidmiseks, v\u00e4rvimiseks, punktide \u00fchendamiseks, samuti lugemis- ja \u00f5igekirja\u00fclesandeid kosmosega seotud s\u00f5nadega. See materjal aitab lastel laiendada teadmisi kosmosest ja p\u00e4ikeses\u00fcsteemist, arendades samal ajal lugemis-, arvutus- ja vaatlusoskusi.<\/p>","protected":false},"featured_media":692,"comment_status":"open","ping_status":"closed","template":"","meta":[],"product_brand":[],"product_cat":[158,22],"product_tag":[],"class_list":{"0":"post-691","1":"product","2":"type-product","3":"status-publish","4":"has-post-thumbnail","6":"product_cat-maailma-avastamine-ja-loodusteadmised","7":"product_cat-toolehed","9":"first","10":"instock","11":"shipping-taxable","12":"purchasable","13":"product-type-variable"},"yoast_head":"<!-- This site is optimized with the Yoast SEO plugin v27.4 - https:\/\/yoast.com\/product\/yoast-seo-wordpress\/ -->\n<title>T\u00f6\u00f6leht T\u00f6\u00f6lehed: &quot;Reis l\u00e4bi p\u00e4ikeses\u00fcsteemi (29 lk)&quot; - Motormind<\/title>\n<meta name=\"description\" content=\"\u00abReis l\u00e4bi p\u00e4ikeses\u00fcsteemi\u00bb on hariv ja l\u00f5bus \u00fclesannete komplekt, mis aitab lastel \u00f5ppida tundma kosmost, arendada lugemis- ja arvutusoskusi. Lae alla 29-lehek\u00fcljeline PDF ja alusta kosmoseteemalist seiklust!\" \/>\n<meta name=\"robots\" content=\"index, follow, max-snippet:-1, max-image-preview:large, max-video-preview:-1\" \/>\n<link rel=\"canonical\" href=\"https:\/\/motormind.ee\/ru\/product\/reis-labi-paikesesusteemi-29-lk\/\" \/>\n<meta property=\"og:locale\" content=\"ru_RU\" \/>\n<meta property=\"og:type\" content=\"article\" \/>\n<meta property=\"og:title\" content=\"T\u00f6\u00f6leht T\u00f6\u00f6lehed: &quot;Reis l\u00e4bi p\u00e4ikeses\u00fcsteemi (29 lk)&quot; - Motormind\" \/>\n<meta property=\"og:description\" content=\"\u00abReis l\u00e4bi p\u00e4ikeses\u00fcsteemi\u00bb on hariv ja l\u00f5bus \u00fclesannete komplekt, mis aitab lastel \u00f5ppida tundma kosmost, arendada lugemis- ja arvutusoskusi. Lae alla 29-lehek\u00fcljeline PDF ja alusta kosmoseteemalist seiklust!\" \/>\n<meta property=\"og:url\" content=\"https:\/\/motormind.ee\/ru\/product\/reis-labi-paikesesusteemi-29-lk\/\" \/>\n<meta property=\"og:site_name\" content=\"Motormind\" \/>\n<meta property=\"article:modified_time\" content=\"2026-03-23T11:48:32+00:00\" \/>\n<meta property=\"og:image\" content=\"https:\/\/motormind.ee\/wp-content\/uploads\/2024\/10\/Kosmos.jpg\" \/>\n\t<meta property=\"og:image:width\" content=\"2048\" \/>\n\t<meta property=\"og:image:height\" content=\"2048\" \/>\n\t<meta property=\"og:image:type\" content=\"image\/jpeg\" \/>\n<meta name=\"twitter:card\" content=\"summary_large_image\" \/>\n<meta name=\"twitter:label1\" content=\"\u041f\u0440\u0438\u043c\u0435\u0440\u043d\u043e\u0435 \u0432\u0440\u0435\u043c\u044f \u0434\u043b\u044f \u0447\u0442\u0435\u043d\u0438\u044f\" \/>\n\t<meta name=\"twitter:data1\" content=\"1 \u043c\u0438\u043d\u0443\u0442\u0430\" \/>\n<script type=\"application\/ld+json\" class=\"yoast-schema-graph\">{\"@context\":\"https:\\\/\\\/schema.org\",\"@graph\":[{\"@type\":\"WebPage\",\"@id\":\"https:\\\/\\\/motormind.ee\\\/product\\\/reis-labi-paikesesusteemi-29-lk\\\/\",\"url\":\"https:\\\/\\\/motormind.ee\\\/product\\\/reis-labi-paikesesusteemi-29-lk\\\/\",\"name\":\"T\u00f6\u00f6leht T\u00f6\u00f6lehed: \\\"Reis l\u00e4bi p\u00e4ikeses\u00fcsteemi (29 lk)\\\" - Motormind\",\"isPartOf\":{\"@id\":\"https:\\\/\\\/motormind.ee\\\/#website\"},\"primaryImageOfPage\":{\"@id\":\"https:\\\/\\\/motormind.ee\\\/product\\\/reis-labi-paikesesusteemi-29-lk\\\/#primaryimage\"},\"image\":{\"@id\":\"https:\\\/\\\/motormind.ee\\\/product\\\/reis-labi-paikesesusteemi-29-lk\\\/#primaryimage\"},\"thumbnailUrl\":\"https:\\\/\\\/motormind.ee\\\/wp-content\\\/uploads\\\/2024\\\/10\\\/Kosmos.jpg\",\"datePublished\":\"2024-10-16T13:18:55+00:00\",\"dateModified\":\"2026-03-23T11:48:32+00:00\",\"description\":\"\u00abReis l\u00e4bi p\u00e4ikeses\u00fcsteemi\u00bb on hariv ja l\u00f5bus \u00fclesannete komplekt, mis aitab lastel \u00f5ppida tundma kosmost, arendada lugemis- ja arvutusoskusi. Lae alla 29-lehek\u00fcljeline PDF ja alusta kosmoseteemalist seiklust!\",\"breadcrumb\":{\"@id\":\"https:\\\/\\\/motormind.ee\\\/product\\\/reis-labi-paikesesusteemi-29-lk\\\/#breadcrumb\"},\"inLanguage\":\"ru-RU\",\"potentialAction\":[{\"@type\":\"ReadAction\",\"target\":[\"https:\\\/\\\/motormind.ee\\\/product\\\/reis-labi-paikesesusteemi-29-lk\\\/\"]}]},{\"@type\":\"ImageObject\",\"inLanguage\":\"ru-RU\",\"@id\":\"https:\\\/\\\/motormind.ee\\\/product\\\/reis-labi-paikesesusteemi-29-lk\\\/#primaryimage\",\"url\":\"https:\\\/\\\/motormind.ee\\\/wp-content\\\/uploads\\\/2024\\\/10\\\/Kosmos.jpg\",\"contentUrl\":\"https:\\\/\\\/motormind.ee\\\/wp-content\\\/uploads\\\/2024\\\/10\\\/Kosmos.jpg\",\"width\":2048,\"height\":2048},{\"@type\":\"BreadcrumbList\",\"@id\":\"https:\\\/\\\/motormind.ee\\\/product\\\/reis-labi-paikesesusteemi-29-lk\\\/#breadcrumb\",\"itemListElement\":[{\"@type\":\"ListItem\",\"position\":1,\"name\":\"\u0413\u043b\u0430\u0432\u043d\u0430\u044f \u0441\u0442\u0440\u0430\u043d\u0438\u0446\u0430\",\"item\":\"https:\\\/\\\/motormind.ee\\\/\"},{\"@type\":\"ListItem\",\"position\":2,\"name\":\"E-pood\",\"item\":\"https:\\\/\\\/motormind.ee\\\/shop\\\/\"},{\"@type\":\"ListItem\",\"position\":3,\"name\":\"T\u00f6\u00f6lehed: &#8220;Reis l\u00e4bi p\u00e4ikeses\u00fcsteemi (29 lk)&#8221;\"}]},{\"@type\":\"WebSite\",\"@id\":\"https:\\\/\\\/motormind.ee\\\/#website\",\"url\":\"https:\\\/\\\/motormind.ee\\\/\",\"name\":\"Motormind\",\"description\":\"&Otilde;pi r&otilde;&otilde;muga, &otilde;pi m&auml;ngides!\",\"potentialAction\":[{\"@type\":\"SearchAction\",\"target\":{\"@type\":\"EntryPoint\",\"urlTemplate\":\"https:\\\/\\\/motormind.ee\\\/?s={search_term_string}\"},\"query-input\":{\"@type\":\"PropertyValueSpecification\",\"valueRequired\":true,\"valueName\":\"search_term_string\"}}],\"inLanguage\":\"ru-RU\"}]}<\/script>\n<!-- \/ Yoast SEO plugin. -->","yoast_head_json":{"title":"T\u00f6\u00f6leht T\u00f6\u00f6lehed: \"Reis l\u00e4bi p\u00e4ikeses\u00fcsteemi (29 lk)\" - Motormind","description":"\u00abReis l\u00e4bi p\u00e4ikeses\u00fcsteemi\u00bb on hariv ja l\u00f5bus \u00fclesannete komplekt, mis aitab lastel \u00f5ppida tundma kosmost, arendada lugemis- ja arvutusoskusi. Lae alla 29-lehek\u00fcljeline PDF ja alusta kosmoseteemalist seiklust!","robots":{"index":"index","follow":"follow","max-snippet":"max-snippet:-1","max-image-preview":"max-image-preview:large","max-video-preview":"max-video-preview:-1"},"canonical":"https:\/\/motormind.ee\/ru\/product\/reis-labi-paikesesusteemi-29-lk\/","og_locale":"ru_RU","og_type":"article","og_title":"T\u00f6\u00f6leht T\u00f6\u00f6lehed: \"Reis l\u00e4bi p\u00e4ikeses\u00fcsteemi (29 lk)\" - Motormind","og_description":"\u00abReis l\u00e4bi p\u00e4ikeses\u00fcsteemi\u00bb on hariv ja l\u00f5bus \u00fclesannete komplekt, mis aitab lastel \u00f5ppida tundma kosmost, arendada lugemis- ja arvutusoskusi. Lae alla 29-lehek\u00fcljeline PDF ja alusta kosmoseteemalist seiklust!","og_url":"https:\/\/motormind.ee\/ru\/product\/reis-labi-paikesesusteemi-29-lk\/","og_site_name":"Motormind","article_modified_time":"2026-03-23T11:48:32+00:00","og_image":[{"width":2048,"height":2048,"url":"https:\/\/motormind.ee\/wp-content\/uploads\/2024\/10\/Kosmos.jpg","type":"image\/jpeg"}],"twitter_card":"summary_large_image","twitter_misc":{"\u041f\u0440\u0438\u043c\u0435\u0440\u043d\u043e\u0435 \u0432\u0440\u0435\u043c\u044f \u0434\u043b\u044f \u0447\u0442\u0435\u043d\u0438\u044f":"1 \u043c\u0438\u043d\u0443\u0442\u0430"},"schema":{"@context":"https:\/\/schema.org","@graph":[{"@type":"WebPage","@id":"https:\/\/motormind.ee\/product\/reis-labi-paikesesusteemi-29-lk\/","url":"https:\/\/motormind.ee\/product\/reis-labi-paikesesusteemi-29-lk\/","name":"T\u00f6\u00f6leht T\u00f6\u00f6lehed: \"Reis l\u00e4bi p\u00e4ikeses\u00fcsteemi (29 lk)\" - Motormind","isPartOf":{"@id":"https:\/\/motormind.ee\/#website"},"primaryImageOfPage":{"@id":"https:\/\/motormind.ee\/product\/reis-labi-paikesesusteemi-29-lk\/#primaryimage"},"image":{"@id":"https:\/\/motormind.ee\/product\/reis-labi-paikesesusteemi-29-lk\/#primaryimage"},"thumbnailUrl":"https:\/\/motormind.ee\/wp-content\/uploads\/2024\/10\/Kosmos.jpg","datePublished":"2024-10-16T13:18:55+00:00","dateModified":"2026-03-23T11:48:32+00:00","description":"\u00abReis l\u00e4bi p\u00e4ikeses\u00fcsteemi\u00bb on hariv ja l\u00f5bus \u00fclesannete komplekt, mis aitab lastel \u00f5ppida tundma kosmost, arendada lugemis- ja arvutusoskusi. Lae alla 29-lehek\u00fcljeline PDF ja alusta kosmoseteemalist seiklust!","breadcrumb":{"@id":"https:\/\/motormind.ee\/product\/reis-labi-paikesesusteemi-29-lk\/#breadcrumb"},"inLanguage":"ru-RU","potentialAction":[{"@type":"ReadAction","target":["https:\/\/motormind.ee\/product\/reis-labi-paikesesusteemi-29-lk\/"]}]},{"@type":"ImageObject","inLanguage":"ru-RU","@id":"https:\/\/motormind.ee\/product\/reis-labi-paikesesusteemi-29-lk\/#primaryimage","url":"https:\/\/motormind.ee\/wp-content\/uploads\/2024\/10\/Kosmos.jpg","contentUrl":"https:\/\/motormind.ee\/wp-content\/uploads\/2024\/10\/Kosmos.jpg","width":2048,"height":2048},{"@type":"BreadcrumbList","@id":"https:\/\/motormind.ee\/product\/reis-labi-paikesesusteemi-29-lk\/#breadcrumb","itemListElement":[{"@type":"ListItem","position":1,"name":"\u0413\u043b\u0430\u0432\u043d\u0430\u044f \u0441\u0442\u0440\u0430\u043d\u0438\u0446\u0430","item":"https:\/\/motormind.ee\/"},{"@type":"ListItem","position":2,"name":"E-pood","item":"https:\/\/motormind.ee\/shop\/"},{"@type":"ListItem","position":3,"name":"T\u00f6\u00f6lehed: &#8220;Reis l\u00e4bi p\u00e4ikeses\u00fcsteemi (29 lk)&#8221;"}]},{"@type":"WebSite","@id":"https:\/\/motormind.ee\/#website","url":"https:\/\/motormind.ee\/","name":"Motormind","description":"&Otilde;pi r&otilde;&otilde;muga, &otilde;pi m&auml;ngides!","potentialAction":[{"@type":"SearchAction","target":{"@type":"EntryPoint","urlTemplate":"https:\/\/motormind.ee\/?s={search_term_string}"},"query-input":{"@type":"PropertyValueSpecification","valueRequired":true,"valueName":"search_term_string"}}],"inLanguage":"ru-RU"}]}},"_links":{"self":[{"href":"https:\/\/motormind.ee\/ru\/wp-json\/wp\/v2\/product\/691","targetHints":{"allow":["GET"]}}],"collection":[{"href":"https:\/\/motormind.ee\/ru\/wp-json\/wp\/v2\/product"}],"about":[{"href":"https:\/\/motormind.ee\/ru\/wp-json\/wp\/v2\/types\/product"}],"replies":[{"embeddable":true,"href":"https:\/\/motormind.ee\/ru\/wp-json\/wp\/v2\/comments?post=691"}],"version-history":[{"count":5,"href":"https:\/\/motormind.ee\/ru\/wp-json\/wp\/v2\/product\/691\/revisions"}],"predecessor-version":[{"id":4359,"href":"https:\/\/motormind.ee\/ru\/wp-json\/wp\/v2\/product\/691\/revisions\/4359"}],"wp:featuredmedia":[{"embeddable":true,"href":"https:\/\/motormind.ee\/ru\/wp-json\/wp\/v2\/media\/692"}],"wp:attachment":[{"href":"https:\/\/motormind.ee\/ru\/wp-json\/wp\/v2\/media?parent=691"}],"wp:term":[{"taxonomy":"product_brand","embeddable":true,"href":"https:\/\/motormind.ee\/ru\/wp-json\/wp\/v2\/product_brand?post=691"},{"taxonomy":"product_cat","embeddable":true,"href":"https:\/\/motormind.ee\/ru\/wp-json\/wp\/v2\/product_cat?post=691"},{"taxonomy":"product_tag","embeddable":true,"href":"https:\/\/motormind.ee\/ru\/wp-json\/wp\/v2\/product_tag?post=691"}],"curies":[{"name":"wp","href":"https:\/\/api.w.org\/{rel}","templated":true}]}}